{"id":15461,"date":"2021-11-26T09:13:20","date_gmt":"2021-11-25T10:18:01","guid":{"rendered":"https:\/\/idecesos.com\/seguros\/companias\/cofidis\/telefono\/"},"modified":"2022-04-07T12:59:27","modified_gmt":"2022-04-07T12:59:27","slug":"telefono","status":"publish","type":"page","link":"https:\/\/idecesos.com\/seguros\/companias\/cofidis\/telefono\/","title":{"rendered":"Atenci\u00f3n al cliente Cofidis: telefono gratuito, e-mail"},"content":{"rendered":"<div id=\"ez-toc-container\" class=\"ez-toc-v2_0_82_2 ez-toc-wrap-center counter-hierarchy ez-toc-counter ez-toc-custom ez-toc-container-direction\">\n<div class=\"ez-toc-title-container\">\n<p class=\"ez-toc-title\" style=\"cursor:inherit\">Tabla de Contenido<\/p>\n<span class=\"ez-toc-title-toggle\"><a href=\"#\" class=\"ez-toc-pull-right ez-toc-btn ez-toc-btn-xs ez-toc-btn-default ez-toc-toggle\" aria-label=\"Alternar tabla de contenidos\"><span class=\"ez-toc-js-icon-con\"><span class=\"\"><span class=\"eztoc-hide\" style=\"display:none;\">Toggle<\/span><span class=\"ez-toc-icon-toggle-span\"><svg style=\"fill: #db6415;color:#db6415\" xmlns=\"http:\/\/www.w3.org\/2000\/svg\" class=\"list-377408\" width=\"20px\" height=\"20px\" viewBox=\"0 0 24 24\" fill=\"none\"><path d=\"M6 6H4v2h2V6zm14 0H8v2h12V6zM4 11h2v2H4v-2zm16 0H8v2h12v-2zM4 16h2v2H4v-2zm16 0H8v2h12v-2z\" fill=\"currentColor\"><\/path><\/svg><svg style=\"fill: #db6415;color:#db6415\" class=\"arrow-unsorted-368013\" xmlns=\"http:\/\/www.w3.org\/2000\/svg\" width=\"10px\" height=\"10px\" viewBox=\"0 0 24 24\" version=\"1.2\" baseProfile=\"tiny\"><path d=\"M18.2 9.3l-6.2-6.3-6.2 6.3c-.2.2-.3.4-.3.7s.1.5.3.7c.2.2.4.3.7.3h11c.3 0 .5-.1.7-.3.2-.2.3-.5.3-.7s-.1-.5-.3-.7zM5.8 14.7l6.2 6.3 6.2-6.3c.2-.2.3-.5.3-.7s-.1-.5-.3-.7c-.2-.2-.4-.3-.7-.3h-11c-.3 0-.5.1-.7.3-.2.2-.3.5-.3.7s.1.5.3.7z\"\/><\/svg><\/span><\/span><\/span><\/a><\/span><\/div>\n<nav><ul class='ez-toc-list ez-toc-list-level-1 ' ><ul class='ez-toc-list-level-4' ><li class='ez-toc-heading-level-4'><ul class='ez-toc-list-level-4' ><li class='ez-toc-heading-level-4'><a class=\"ez-toc-link ez-toc-heading-1\" href=\"https:\/\/idecesos.com\/seguros\/companias\/cofidis\/telefono\/#Telefono_Contrataciones_951_127_403\" >Tel\u00e9fono Contrataciones \n951 127 403<\/a><\/li><\/ul><\/li><\/ul><\/li><li class='ez-toc-page-1 ez-toc-heading-level-2'><a class=\"ez-toc-link ez-toc-heading-2\" href=\"https:\/\/idecesos.com\/seguros\/companias\/cofidis\/telefono\/#%C2%BFComo_contactar_con_Cofidis\" >\u00bfC\u00f3mo contactar con Cofidis?<\/a><ul class='ez-toc-list-level-3' ><li class='ez-toc-heading-level-3'><a class=\"ez-toc-link ez-toc-heading-3\" href=\"https:\/\/idecesos.com\/seguros\/companias\/cofidis\/telefono\/#Telefono_gratuito_de_Cofidis\" >Tel\u00e9fono gratuito de Cofidis<\/a><\/li><li class='ez-toc-page-1 ez-toc-heading-level-3'><a class=\"ez-toc-link ez-toc-heading-4\" href=\"https:\/\/idecesos.com\/seguros\/companias\/cofidis\/telefono\/#Horario_de_atencion_al_cliente_de_Cofidis\" >Horario de atenci\u00f3n al cliente de Cofidis<\/a><\/li><li class='ez-toc-page-1 ez-toc-heading-level-3'><a class=\"ez-toc-link ez-toc-heading-5\" href=\"https:\/\/idecesos.com\/seguros\/companias\/cofidis\/telefono\/#Correo_electronico_de_Cofidis\" >Correo electr\u00f3nico de Cofidis<\/a><\/li><li class='ez-toc-page-1 ez-toc-heading-level-3'><a class=\"ez-toc-link ez-toc-heading-6\" href=\"https:\/\/idecesos.com\/seguros\/companias\/cofidis\/telefono\/#Formulario_en_el_sitio_Web_de_Cofidis\" >Formulario en el sitio Web de Cofidis<\/a><\/li><li class='ez-toc-page-1 ez-toc-heading-level-3'><a class=\"ez-toc-link ez-toc-heading-7\" href=\"https:\/\/idecesos.com\/seguros\/companias\/cofidis\/telefono\/#Redes_sociales_de_Cofidis\" >Redes sociales de Cofidis<\/a><\/li><li class='ez-toc-page-1 ez-toc-heading-level-3'><a class=\"ez-toc-link ez-toc-heading-8\" href=\"https:\/\/idecesos.com\/seguros\/companias\/cofidis\/telefono\/#Paginas_relacionadas\" >P\u00e1ginas relacionadas<\/a><\/li><\/ul><\/li><\/ul><\/nav><\/div>\n\n<div class=\"caja\">\n<div class=\"cajaIcono2 \"  ><div class=\"cuadro\" style=\"box-shadow: inset 0 0 0 3px #ff790e\"><div class=\"iconoCircular\" style=\"border: 3px solid #ff790e\">\t\t\n\t\t\t\t\t<div class=\"iconoCirculo\">\n\t\t\t\t\t  <i class=\"fas fa-phone-volume\"><\/i>\n\t\t\t\t\t<\/div>\n\t\t\t\t<\/div><div class=\"\">\n<h4 style=\"text-align: center;\"><span class=\"ez-toc-section\" id=\"Telefono_Contrataciones_951_127_403\"><\/span><strong>Tel\u00e9fono Contrataciones<br \/>\n951 127 403<\/strong><span class=\"ez-toc-section-end\"><\/span><\/h4>\n<p><\/div><\/div><\/div><br \/>\nPara ponerse en contacto con Cofidis, \u00e9sta le ofrece muchas opciones a fin de facilitar al usuario el contacto directo y poder contestar a todas sus preguntas sobre los seguros de decesos. Tras haber elegido el procedimiento apropiado para usted, un asesor especialista en el tema le va a ayudar en todo lo que necesite. Temas como el los gastos del ata\u00fad, tanatorio, coronas floral, necrol\u00f3gica, atenci\u00f3n psicol\u00f3gica&#8230; todo lo relacionado con las coberturas de su seguro de decesos. Se tendr\u00e1 presente la situaci\u00f3n por la que est\u00e1 pasando la familia facilitandoles todos y cada uno de los tr\u00e1mites sobre la p\u00e9rdida de su ser querido a fin de que no haya ninguna complicaci\u00f3n y puedan estar tranquilos.<br \/>\n<\/div><\/p>\n<div class=\"colorf \"  ><div class=\"container clearfix\"><div class=\"col-md-7\"><\/p>\n<h2><span class=\"ez-toc-section\" id=\"%C2%BFComo_contactar_con_Cofidis\"><\/span>\u00bfC\u00f3mo contactar con Cofidis?<span class=\"ez-toc-section-end\"><\/span><\/h2>\n<p>A fin de que Cofidis pueda contactar con , le recordamos que tiene a su predisposici\u00f3n un n\u00famero de tel\u00e9fono gratis libre las 24 horas del d\u00eda, un correo electr\u00f3nico, el formulario que puede rellenar en su p\u00e1gina web y sus diferentes perfiles en las redes sociales.<br \/>\n<\/div><\/div><\/div>\n<h3><span class=\"ez-toc-section\" id=\"Telefono_gratuito_de_Cofidis\"><\/span>Tel\u00e9fono gratuito de Cofidis<span class=\"ez-toc-section-end\"><\/span><\/h3>\n<p>El usuario debe tener la facilidad de poder sostener una charla directa con la compa\u00f1\u00eda y, es por ello que, se le facilita el siguiente tel\u00e9fono de contacto, totalmente gratis, <strong>900 670 670<\/strong>. Es muy importante poder solventar las dudas y necesidades en torno a sus caracter\u00edsticas sobre su seguro de decesos y, es tan f\u00e1cil como efectuar una llamada. La llamada que realice a la compa\u00f1\u00eda va a ser totalmente gratuita, siendo indiferente el tiempo que transcurra. Es por ello que, resulta el m\u00e9todo m\u00e1s provechoso y sencillo por el contacto directo que se establece con el consultor.<br \/>\n<div class=\"colorf\"><div class=\"container clearfix\"><div class=\"col-md-7\"><\/p>\n<div class=\"cabecera_tabla_ajustada \"  style=\"width:80%\" ><div class=\"row\"><\/div>\n<p><div class=\"fila_tabla4 \"  ><div class=\"row\"><div class=\"col-8 nosepara izq\"><p><strong>Tel\u00e9fono para contrataciones<\/strong><\/p><\/div><div class=\"col-4 nosepara centro\">951 127 403<\/div><\/div><\/div><div class=\"fila_tabla4 \"  ><div class=\"row\"><div class=\"col-8 nosepara izq\"><p><strong>Tel\u00e9fono para asegurados<\/strong><\/p><\/div><div class=\"col-4 nosepara centro\">902 308 030<\/div><\/div><\/div><\/p>\n<div class=\"pie_tabla \"  ><div class=\"row\"><div class=\"col-12 \"><\/div><\/div><\/div><\/div>\n<\/div><\/div><\/div>\n<h3><span class=\"ez-toc-section\" id=\"Horario_de_atencion_al_cliente_de_Cofidis\"><\/span>Horario de atenci\u00f3n al cliente de Cofidis<span class=\"ez-toc-section-end\"><\/span><\/h3>\n<p>Cofidis tiene un horario muy flexible de atenci\u00f3n al cliente para que llames cuando pueda. De esta forma, va a tener m\u00e1s posibilidad de poder realizar la llamada durante el d\u00eda. El agente que le atender\u00e1 le charlar\u00e1 de forma clara y sencilla para que haya un comprensi\u00f3n mutuo. Si la llamada lo precisa, ser\u00e1 desviado a uno de los asesores expertos de la compa\u00f1\u00eda. Este va a poder resolverle sus dudas y preguntas que desee saber sobre su seguro de decesos. Finalizada la llamada, tendr\u00e1 respuesta a todas sus preguntas y va a estar contento con el trato recibido por la parte del personal.<br \/>\n<div class=\"colorf\"><div class=\"container clearfix\"><div class=\"col-md-7\"><\/p>\n<h3><span class=\"ez-toc-section\" id=\"Correo_electronico_de_Cofidis\"><\/span>Correo electr\u00f3nico de Cofidis<span class=\"ez-toc-section-end\"><\/span><\/h3>\n<p>Las digitalizaci\u00f3n es m\u00e1s que un hecho y la poblaci\u00f3n se ha acomodado a los servicios que esta le ofrece. Gmail y Hotmail han sido una gran revoluci\u00f3n en la red. Estas plataformas han facilitado el env\u00edo y recibo de informaci\u00f3n de todo tipo, sin tener la necesidad de desplazarse a ning\u00fan lado. Cofidis ha tenido en cuenta esta evoluci\u00f3n de la sociedad por lo que ofrece a sus usuarios un e mail para poder contactar con ellos <strong>sac@cofidis.es<\/strong>. Una opci\u00f3n con la que va a poder enviar cualquier inconveniente, duda o cuesti\u00f3n a Cofidis para que te ayude en ello. La respuesta que le den los agentes habr\u00e1 sido estudiada y preparada por los expertos de Cofidis.<br \/>\n<\/div><\/div><\/div><\/p>\n<h3><span class=\"ez-toc-section\" id=\"Formulario_en_el_sitio_Web_de_Cofidis\"><\/span>Formulario en el sitio Web de Cofidis<span class=\"ez-toc-section-end\"><\/span><\/h3>\n<p>La plataforma m\u00e1s codiciada, a d\u00eda de hoy, son los buscadores de Internet y la poblaci\u00f3n tiene f\u00e1cil acceso a ellos. Todas las respuestas a sus preguntas las hallar\u00e1 tecleando una simple palabra. Cofidis dispone de su propia web, en la que vas a poder encontrar todo tipo de informaci\u00f3n gratis sobre su seguro de decesos: recomendaciones, servicios, ventajas, precios, etc\u00e9teraDe esta forma, va a recoger amplias notas para un asesoramiento de cara al futuro. La informaci\u00f3n libre que encontrar\u00e1 es general, en dependencia de sus necesidades o bien peculiaridades, se le ajustar\u00e1 a su medida las mejores garant\u00edas. El sitio web es la pr\u00f3xima <strong>www.cofidis.es\/<\/strong>.<br \/>\n<div class=\"colorf\"><div class=\"container clearfix\"><div class=\"col-md-7\"><\/p>\n<h3><span class=\"ez-toc-section\" id=\"Redes_sociales_de_Cofidis\"><\/span>Redes sociales de Cofidis<span class=\"ez-toc-section-end\"><\/span><\/h3>\n<p>Twitter, Facebook, Instagram\u2026 son parte de las redes sociales con m\u00e1s difusi\u00f3n y tambi\u00e9n importancia y, de las que forman parte miles de personas del mundo entero. Cofidis es consciente de este gran impacto y, es por este motivo, que dispone de un perfil en distintas plataformas. Acceder a \u00e9l es muy sencillo, solo deber\u00e1 buscar el nombre de Cofidis en tales aplicaciones. Informaci\u00f3n esencial sobre su seguro de decesos como peculiaridades, ofertas o link a p\u00e1gina es lo que encontrar\u00e1 en el perfil de Cofidis. Este servicio le va a ser de mucha ayuda para sostener contacto con la compa\u00f1\u00eda si de este modo lo desea.<br \/>\n<\/div><\/div><\/div><\/p>\n<\/div>\n<p><div class=\"oficinas\"> <h3><span class=\"ez-toc-section\" id=\"Paginas_relacionadas\"><\/span>P\u00e1ginas relacionadas<span class=\"ez-toc-section-end\"><\/span><\/h3><div class=\"enlazado\"><ul> <li><a href=\"https:\/\/idecesos.com\/seguros\/companias\/cofidis\/opiniones\/\">Opiniones Cofidis<\/a><\/li> <li><a href=\"https:\/\/idecesos.com\/seguros\/companias\/cofidis\/precio\/\">Precio seguro Cofidis<\/a><\/li> <li><a href=\"https:\/\/idecesos.com\/seguros\/companias\/cofidis\/prima-natural\/\">Cofidis Prima Natural<\/a><\/li> <li><a href=\"https:\/\/idecesos.com\/seguros\/companias\/cofidis\/prima-nivelada\/\">Cofidis Prima Nivelada<\/a><\/li> <li><a href=\"https:\/\/idecesos.com\/seguros\/companias\/cofidis\/prima-unica\/\">Cofidis Prima \u00danica<\/a><\/li> <li><a href=\"https:\/\/idecesos.com\/seguros\/companias\/cofidis\/repatriacion\/\">Cofidis Repatriaci\u00f3n<\/a><\/li> <li><a href=\"https:\/\/idecesos.com\/seguros\/companias\/cofidis\/telefono\/\">Tel\u00e9fono Gratuito Cofidis<\/a><\/li><\/ul><\/div> <\/div><\/p>\n","protected":false},"excerpt":{"rendered":"<p>Para ponerse en contacto con Cofidis, \u00e9sta le ofrece muchas opciones a fin de facilitar al usuario el contacto directo y poder contestar a todas sus preguntas sobre los seguros de decesos. Tras haber elegido el procedimiento apropiado para usted, un asesor especialista en el tema le va a ayudar en todo lo que necesite.&hellip; <\/p>\n","protected":false},"author":1,"featured_media":0,"parent":13735,"menu_order":0,"comment_status":"closed","ping_status":"closed","template":"single.php","meta":{"footnotes":""},"class_list":["post-15461","page","type-page","status-publish","hentry"],"yoast_head":"<!-- This site is optimized with the Yoast SEO plugin v27.5 - https:\/\/yoast.com\/product\/yoast-seo-wordpress\/ -->\n<title>Tel\u00e9fono Gratuito Cofidis \u25b7Atenci\u00f3n Cliente, Email, RRSS, Web<\/title>\n<meta name=\"description\" content=\"Busca aqu\u00ed\u3010Cofidis seguros tel\u00e9fono gratuito\u3011Cofidis Decesos tel\u00e9fono gratis: atenci\u00f3n al cliente y contrataciones \u2611\ufe0fVerificado en 2026\" \/>\n<meta name=\"robots\" content=\"index, follow, max-snippet:-1, max-image-preview:large, max-video-preview:-1\" \/>\n<link rel=\"canonical\" href=\"https:\/\/idecesos.com\/seguros\/companias\/cofidis\/telefono\/\" \/>\n<meta property=\"og:locale\" content=\"es_ES\" \/>\n<meta property=\"og:type\" content=\"article\" \/>\n<meta property=\"og:title\" content=\"Tel\u00e9fono Gratuito Cofidis \u25b7Atenci\u00f3n Cliente, Email, RRSS, Web\" \/>\n<meta property=\"og:description\" content=\"Busca aqu\u00ed\u3010Cofidis seguros tel\u00e9fono gratuito\u3011Cofidis Decesos tel\u00e9fono gratis: atenci\u00f3n al cliente y contrataciones \u2611\ufe0fVerificado en 2026\" \/>\n<meta property=\"og:url\" content=\"https:\/\/idecesos.com\/seguros\/companias\/cofidis\/telefono\/\" \/>\n<meta property=\"article:modified_time\" content=\"2022-04-07T12:59:27+00:00\" \/>\n<meta name=\"twitter:card\" content=\"summary_large_image\" \/>\n<meta name=\"twitter:label1\" content=\"Tiempo de lectura\" \/>\n\t<meta name=\"twitter:data1\" content=\"4 minutos\" \/>\n<script type=\"application\/ld+json\" class=\"yoast-schema-graph\">{\"@context\":\"https:\\\/\\\/schema.org\",\"@graph\":[{\"@type\":\"WebPage\",\"@id\":\"https:\\\/\\\/idecesos.com\\\/seguros\\\/companias\\\/cofidis\\\/telefono\\\/\",\"url\":\"https:\\\/\\\/idecesos.com\\\/seguros\\\/companias\\\/cofidis\\\/telefono\\\/\",\"name\":\"Tel\u00e9fono Gratuito Cofidis \u25b7Atenci\u00f3n Cliente, Email, RRSS, Web\",\"isPartOf\":{\"@id\":\"https:\\\/\\\/idecesos.com\\\/seguros\\\/#website\"},\"datePublished\":\"2021-11-25T10:18:01+00:00\",\"dateModified\":\"2022-04-07T12:59:27+00:00\",\"description\":\"Busca aqu\u00ed\u3010Cofidis seguros tel\u00e9fono gratuito\u3011Cofidis Decesos tel\u00e9fono gratis: atenci\u00f3n al cliente y contrataciones \u2611\ufe0fVerificado en 2026\",\"breadcrumb\":{\"@id\":\"https:\\\/\\\/idecesos.com\\\/seguros\\\/companias\\\/cofidis\\\/telefono\\\/#breadcrumb\"},\"inLanguage\":\"es\",\"potentialAction\":[{\"@type\":\"ReadAction\",\"target\":[\"https:\\\/\\\/idecesos.com\\\/seguros\\\/companias\\\/cofidis\\\/telefono\\\/\"]}]},{\"@type\":\"BreadcrumbList\",\"@id\":\"https:\\\/\\\/idecesos.com\\\/seguros\\\/companias\\\/cofidis\\\/telefono\\\/#breadcrumb\",\"itemListElement\":[{\"@type\":\"ListItem\",\"position\":1,\"name\":\"Portada\",\"item\":\"https:\\\/\\\/idecesos.com\\\/seguros\\\/\"},{\"@type\":\"ListItem\",\"position\":2,\"name\":\"Compa\u00f1\u00edas de Seguros de Decesos en Espa\u00f1a\",\"item\":\"https:\\\/\\\/idecesos.com\\\/seguros\\\/companias\\\/\"},{\"@type\":\"ListItem\",\"position\":3,\"name\":\"Seguro de decesos Cofidis\",\"item\":\"https:\\\/\\\/idecesos.com\\\/seguros\\\/companias\\\/cofidis\\\/\"},{\"@type\":\"ListItem\",\"position\":4,\"name\":\"Atenci\u00f3n al cliente Cofidis: telefono gratuito, e-mail\"}]},{\"@type\":\"WebSite\",\"@id\":\"https:\\\/\\\/idecesos.com\\\/seguros\\\/#website\",\"url\":\"https:\\\/\\\/idecesos.com\\\/seguros\\\/\",\"name\":\"\",\"description\":\"\",\"potentialAction\":[{\"@type\":\"SearchAction\",\"target\":{\"@type\":\"EntryPoint\",\"urlTemplate\":\"https:\\\/\\\/idecesos.com\\\/seguros\\\/?s={search_term_string}\"},\"query-input\":{\"@type\":\"PropertyValueSpecification\",\"valueRequired\":true,\"valueName\":\"search_term_string\"}}],\"inLanguage\":\"es\"}]}<\/script>\n<!-- \/ Yoast SEO plugin. -->","yoast_head_json":{"title":"Tel\u00e9fono Gratuito Cofidis \u25b7Atenci\u00f3n Cliente, Email, RRSS, Web","description":"Busca aqu\u00ed\u3010Cofidis seguros tel\u00e9fono gratuito\u3011Cofidis Decesos tel\u00e9fono gratis: atenci\u00f3n al cliente y contrataciones \u2611\ufe0fVerificado en 2026","robots":{"index":"index","follow":"follow","max-snippet":"max-snippet:-1","max-image-preview":"max-image-preview:large","max-video-preview":"max-video-preview:-1"},"canonical":"https:\/\/idecesos.com\/seguros\/companias\/cofidis\/telefono\/","og_locale":"es_ES","og_type":"article","og_title":"Tel\u00e9fono Gratuito Cofidis \u25b7Atenci\u00f3n Cliente, Email, RRSS, Web","og_description":"Busca aqu\u00ed\u3010Cofidis seguros tel\u00e9fono gratuito\u3011Cofidis Decesos tel\u00e9fono gratis: atenci\u00f3n al cliente y contrataciones \u2611\ufe0fVerificado en 2026","og_url":"https:\/\/idecesos.com\/seguros\/companias\/cofidis\/telefono\/","article_modified_time":"2022-04-07T12:59:27+00:00","twitter_card":"summary_large_image","twitter_misc":{"Tiempo de lectura":"4 minutos"},"schema":{"@context":"https:\/\/schema.org","@graph":[{"@type":"WebPage","@id":"https:\/\/idecesos.com\/seguros\/companias\/cofidis\/telefono\/","url":"https:\/\/idecesos.com\/seguros\/companias\/cofidis\/telefono\/","name":"Tel\u00e9fono Gratuito Cofidis \u25b7Atenci\u00f3n Cliente, Email, RRSS, Web","isPartOf":{"@id":"https:\/\/idecesos.com\/seguros\/#website"},"datePublished":"2021-11-25T10:18:01+00:00","dateModified":"2022-04-07T12:59:27+00:00","description":"Busca aqu\u00ed\u3010Cofidis seguros tel\u00e9fono gratuito\u3011Cofidis Decesos tel\u00e9fono gratis: atenci\u00f3n al cliente y contrataciones \u2611\ufe0fVerificado en 2026","breadcrumb":{"@id":"https:\/\/idecesos.com\/seguros\/companias\/cofidis\/telefono\/#breadcrumb"},"inLanguage":"es","potentialAction":[{"@type":"ReadAction","target":["https:\/\/idecesos.com\/seguros\/companias\/cofidis\/telefono\/"]}]},{"@type":"BreadcrumbList","@id":"https:\/\/idecesos.com\/seguros\/companias\/cofidis\/telefono\/#breadcrumb","itemListElement":[{"@type":"ListItem","position":1,"name":"Portada","item":"https:\/\/idecesos.com\/seguros\/"},{"@type":"ListItem","position":2,"name":"Compa\u00f1\u00edas de Seguros de Decesos en Espa\u00f1a","item":"https:\/\/idecesos.com\/seguros\/companias\/"},{"@type":"ListItem","position":3,"name":"Seguro de decesos Cofidis","item":"https:\/\/idecesos.com\/seguros\/companias\/cofidis\/"},{"@type":"ListItem","position":4,"name":"Atenci\u00f3n al cliente Cofidis: telefono gratuito, e-mail"}]},{"@type":"WebSite","@id":"https:\/\/idecesos.com\/seguros\/#website","url":"https:\/\/idecesos.com\/seguros\/","name":"","description":"","potentialAction":[{"@type":"SearchAction","target":{"@type":"EntryPoint","urlTemplate":"https:\/\/idecesos.com\/seguros\/?s={search_term_string}"},"query-input":{"@type":"PropertyValueSpecification","valueRequired":true,"valueName":"search_term_string"}}],"inLanguage":"es"}]}},"_links":{"self":[{"href":"https:\/\/idecesos.com\/seguros\/wp-json\/wp\/v2\/pages\/15461","targetHints":{"allow":["GET"]}}],"collection":[{"href":"https:\/\/idecesos.com\/seguros\/wp-json\/wp\/v2\/pages"}],"about":[{"href":"https:\/\/idecesos.com\/seguros\/wp-json\/wp\/v2\/types\/page"}],"author":[{"embeddable":true,"href":"https:\/\/idecesos.com\/seguros\/wp-json\/wp\/v2\/users\/1"}],"replies":[{"embeddable":true,"href":"https:\/\/idecesos.com\/seguros\/wp-json\/wp\/v2\/comments?post=15461"}],"version-history":[{"count":8,"href":"https:\/\/idecesos.com\/seguros\/wp-json\/wp\/v2\/pages\/15461\/revisions"}],"predecessor-version":[{"id":21082,"href":"https:\/\/idecesos.com\/seguros\/wp-json\/wp\/v2\/pages\/15461\/revisions\/21082"}],"up":[{"embeddable":true,"href":"https:\/\/idecesos.com\/seguros\/wp-json\/wp\/v2\/pages\/13735"}],"wp:attachment":[{"href":"https:\/\/idecesos.com\/seguros\/wp-json\/wp\/v2\/media?parent=15461"}],"curies":[{"name":"wp","href":"https:\/\/api.w.org\/{rel}","templated":true}]}}