{"id":15462,"date":"2021-11-26T09:13:20","date_gmt":"2021-11-25T10:18:02","guid":{"rendered":"https:\/\/idecesos.com\/seguros\/companias\/vivaz\/telefono\/"},"modified":"2022-04-07T12:56:11","modified_gmt":"2022-04-07T12:56:11","slug":"telefono","status":"publish","type":"page","link":"https:\/\/idecesos.com\/seguros\/companias\/vivaz\/telefono\/","title":{"rendered":"Atenci\u00f3n al cliente Vivaz: telefono gratuito, e-mail"},"content":{"rendered":"<div id=\"ez-toc-container\" class=\"ez-toc-v2_0_82_2 ez-toc-wrap-center counter-hierarchy ez-toc-counter ez-toc-custom ez-toc-container-direction\">\n<div class=\"ez-toc-title-container\">\n<p class=\"ez-toc-title\" style=\"cursor:inherit\">Tabla de Contenido<\/p>\n<span class=\"ez-toc-title-toggle\"><a href=\"#\" class=\"ez-toc-pull-right ez-toc-btn ez-toc-btn-xs ez-toc-btn-default ez-toc-toggle\" aria-label=\"Alternar tabla de contenidos\"><span class=\"ez-toc-js-icon-con\"><span class=\"\"><span class=\"eztoc-hide\" style=\"display:none;\">Toggle<\/span><span class=\"ez-toc-icon-toggle-span\"><svg style=\"fill: #db6415;color:#db6415\" xmlns=\"http:\/\/www.w3.org\/2000\/svg\" class=\"list-377408\" width=\"20px\" height=\"20px\" viewBox=\"0 0 24 24\" fill=\"none\"><path d=\"M6 6H4v2h2V6zm14 0H8v2h12V6zM4 11h2v2H4v-2zm16 0H8v2h12v-2zM4 16h2v2H4v-2zm16 0H8v2h12v-2z\" fill=\"currentColor\"><\/path><\/svg><svg style=\"fill: #db6415;color:#db6415\" class=\"arrow-unsorted-368013\" xmlns=\"http:\/\/www.w3.org\/2000\/svg\" width=\"10px\" height=\"10px\" viewBox=\"0 0 24 24\" version=\"1.2\" baseProfile=\"tiny\"><path d=\"M18.2 9.3l-6.2-6.3-6.2 6.3c-.2.2-.3.4-.3.7s.1.5.3.7c.2.2.4.3.7.3h11c.3 0 .5-.1.7-.3.2-.2.3-.5.3-.7s-.1-.5-.3-.7zM5.8 14.7l6.2 6.3 6.2-6.3c.2-.2.3-.5.3-.7s-.1-.5-.3-.7c-.2-.2-.4-.3-.7-.3h-11c-.3 0-.5.1-.7.3-.2.2-.3.5-.3.7s.1.5.3.7z\"\/><\/svg><\/span><\/span><\/span><\/a><\/span><\/div>\n<nav><ul class='ez-toc-list ez-toc-list-level-1 ' ><ul class='ez-toc-list-level-4' ><li class='ez-toc-heading-level-4'><ul class='ez-toc-list-level-4' ><li class='ez-toc-heading-level-4'><a class=\"ez-toc-link ez-toc-heading-1\" href=\"https:\/\/idecesos.com\/seguros\/companias\/vivaz\/telefono\/#Telefono_Contrataciones_951_127_403\" >Tel\u00e9fono Contrataciones \n951 127 403<\/a><\/li><\/ul><\/li><\/ul><\/li><li class='ez-toc-page-1 ez-toc-heading-level-2'><a class=\"ez-toc-link ez-toc-heading-2\" href=\"https:\/\/idecesos.com\/seguros\/companias\/vivaz\/telefono\/#%C2%BFComo_contactar_con_Vivaz\" >\u00bfC\u00f3mo contactar con Vivaz?<\/a><ul class='ez-toc-list-level-3' ><li class='ez-toc-heading-level-3'><a class=\"ez-toc-link ez-toc-heading-3\" href=\"https:\/\/idecesos.com\/seguros\/companias\/vivaz\/telefono\/#Telefono_gratuito_de_Vivaz\" >Tel\u00e9fono gratuito de Vivaz<\/a><\/li><li class='ez-toc-page-1 ez-toc-heading-level-3'><a class=\"ez-toc-link ez-toc-heading-4\" href=\"https:\/\/idecesos.com\/seguros\/companias\/vivaz\/telefono\/#Horario_de_atencion_al_cliente_de_Vivaz\" >Horario de atenci\u00f3n al cliente de Vivaz<\/a><\/li><li class='ez-toc-page-1 ez-toc-heading-level-3'><a class=\"ez-toc-link ez-toc-heading-5\" href=\"https:\/\/idecesos.com\/seguros\/companias\/vivaz\/telefono\/#Correo_electronico_de_Vivaz\" >Correo electr\u00f3nico de Vivaz<\/a><\/li><li class='ez-toc-page-1 ez-toc-heading-level-3'><a class=\"ez-toc-link ez-toc-heading-6\" href=\"https:\/\/idecesos.com\/seguros\/companias\/vivaz\/telefono\/#Formulario_en_el_sitio_Web_de_Vivaz\" >Formulario en el sitio Web de Vivaz<\/a><\/li><li class='ez-toc-page-1 ez-toc-heading-level-3'><a class=\"ez-toc-link ez-toc-heading-7\" href=\"https:\/\/idecesos.com\/seguros\/companias\/vivaz\/telefono\/#Redes_sociales_de_Vivaz\" >Redes sociales de Vivaz<\/a><\/li><li class='ez-toc-page-1 ez-toc-heading-level-3'><a class=\"ez-toc-link ez-toc-heading-8\" href=\"https:\/\/idecesos.com\/seguros\/companias\/vivaz\/telefono\/#Paginas_relacionadas\" >P\u00e1ginas relacionadas<\/a><\/li><\/ul><\/li><\/ul><\/nav><\/div>\n\n<div class=\"caja\">\n<div class=\"cajaIcono2 \"  ><div class=\"cuadro\" style=\"box-shadow: inset 0 0 0 3px #ff790e\"><div class=\"iconoCircular\" style=\"border: 3px solid #ff790e\">\t\t\n\t\t\t\t\t<div class=\"iconoCirculo\">\n\t\t\t\t\t  <i class=\"fas fa-phone-volume\"><\/i>\n\t\t\t\t\t<\/div>\n\t\t\t\t<\/div><div class=\"\">\n<h4 style=\"text-align: center;\"><span class=\"ez-toc-section\" id=\"Telefono_Contrataciones_951_127_403\"><\/span><strong>Tel\u00e9fono Contrataciones<br \/>\n951 127 403<\/strong><span class=\"ez-toc-section-end\"><\/span><\/h4>\n<p><\/div><\/div><\/div><br \/>\nVivaz dispone de un abanico de posibilidades a fin de que pueda conseguir informaci\u00f3n gratis, f\u00e1cil y sencilla, alcanzable para todo el mundo. Si desea saber o bien ser informado sobre los aspectos y prestaciones que ofrece de su seguro de decesos, como por poner un ejemplo la asistencia en viaje y\/o despu\u00e9s de la hospitalizaci\u00f3n, el coste de la urna o ata\u00fad, el camposanto escogido, y otros m\u00e1s, va a ser a trav\u00e9s del servicio de atenci\u00f3n al cliente. As\u00ed, cuando llegue el instante tan complicado y duro, como es la p\u00e9rdida de un ser querido, no deber\u00e1 preocuparse por ninguna administraci\u00f3n y tr\u00e1mite, puesto que todo estar\u00e1 cubierto. Los especialistas le van a apoyar en todos y cada paso y resoluci\u00f3n que tome.<br \/>\n<\/div><\/p>\n<div class=\"colorf \"  ><div class=\"container clearfix\"><div class=\"col-md-7\"><\/p>\n<h2><span class=\"ez-toc-section\" id=\"%C2%BFComo_contactar_con_Vivaz\"><\/span>\u00bfC\u00f3mo contactar con Vivaz?<span class=\"ez-toc-section-end\"><\/span><\/h2>\n<p>La forma gratuita de contactar con Vivaz es a trav\u00e9s de su tel\u00e9fono de contacto gratis, perfil en redes sociales, p\u00e1gina web y direcci\u00f3n de e mail.<br \/>\n<\/div><\/div><\/div>\n<h3><span class=\"ez-toc-section\" id=\"Telefono_gratuito_de_Vivaz\"><\/span>Tel\u00e9fono gratuito de Vivaz<span class=\"ez-toc-section-end\"><\/span><\/h3>\n<p>Su tel\u00e9fono de contacto es completamente gratuito. Las llamadas a Vivaz le saldr\u00e1n plenamente sin coste, llame o le llame un agente, independientemente del tiempo que dure la conversaci\u00f3n. Este m\u00e9todo es f\u00e1cil y f\u00e1cil de usar. En nuestros d\u00edas todo el planeta dispone de un tel\u00e9fono m\u00f3vil que te va a dar la sencillez de no tener que ir a ninguna oficina de Vivaz pudiendo hacer todos los tr\u00e1mites sobre su seguro de decesos desde su sof\u00e1. El personal responsable de coger su llamada es un especialista en seguro de decesos que te va a ayudar a solventar sus preguntas y dudas quedando absolutamente satisfecho con su servicio. El n\u00famero es el: <strong>919 156 156.<\/strong><br \/>\n<div class=\"colorf\"><div class=\"container clearfix\"><div class=\"col-md-7\"><\/p>\n<div class=\"cabecera_tabla_ajustada \"  style=\"width:80%\" ><div class=\"row\"><\/div>\n<p><div class=\"fila_tabla4 \"  ><div class=\"row\"><div class=\"col-8 nosepara izq\"><p><strong>Tel\u00e9fono para contrataciones<\/strong><\/p><\/div><div class=\"col-4 nosepara centro\">951 127 403<\/div><\/div><\/div><div class=\"fila_tabla4 \"  ><div class=\"row\"><div class=\"col-8 nosepara izq\"><p><strong>Tel\u00e9fono Urgencias<\/strong><\/p><\/div><div class=\"col-4 nosepara centro\">919 188 288<\/div><\/div><\/div><\/p>\n<div class=\"pie_tabla \"  ><div class=\"row\"><div class=\"col-12 \"><\/div><\/div><\/div><\/div>\n<\/div><\/div><\/div>\n<h3><span class=\"ez-toc-section\" id=\"Horario_de_atencion_al_cliente_de_Vivaz\"><\/span>Horario de atenci\u00f3n al cliente de Vivaz<span class=\"ez-toc-section-end\"><\/span><\/h3>\n<p>Vivaz tiene disponible un horario de atenci\u00f3n al usuario para poder responder de forma r\u00e1pida. Una persona va a estar del otro lado del tel\u00e9fono siempre y cuando realice una llamada, para de este modo poder ofrecerle la informaci\u00f3n que necesite o concertar cita con los expertos. Lo m\u00e1s esencial es que quede complacido con los datos proporcionados y el trato ofrecido por la compa\u00f1\u00eda, puesto que en todo momento se le resolver\u00e1n pl\u00e1cidamente las cuestiones que desee saber sobre su seguro de decesos. El pr\u00f3ximo horario <strong>horario Vivaz<\/strong> est\u00e1 pensado a fin de que la persona que quiera establecer una charla con la compa\u00f1\u00eda pueda hacerlo durante el d\u00eda.<br \/>\n<div class=\"colorf\"><div class=\"container clearfix\"><div class=\"col-md-7\"><\/p>\n<h3><span class=\"ez-toc-section\" id=\"Correo_electronico_de_Vivaz\"><\/span>Correo electr\u00f3nico de Vivaz<span class=\"ez-toc-section-end\"><\/span><\/h3>\n<p>Plataformas como Hotmail y Gmail forman parte del mundo de Internet y, en consecuencia, la poblaci\u00f3n dispone de perfiles en estas. para poder realizar diferentes tr\u00e1mites, env\u00edos de archivos, consultas. Por lo tanto, es uno de los instrumentos m\u00e1s sencillos y \u00fatiles para el recibo de datos sobre su seguro de decesos. El mail de Vivaz es <strong>atencioncliente@vivaz.com<\/strong> y tendr\u00e1 la posibilidad de mandarle un mensaje con la cuesti\u00f3n que desee saber sobre, por poner un ejemplo, su p\u00f3liza. Conseguir la mejor respuesta para aclarar lo que quieras saber es tan f\u00e1cil como, mandar un e mail y, aparte de conseguir las mejores respuestas, llegar\u00e1 a un buen comprensi\u00f3n.<br \/>\n<\/div><\/div><\/div><\/p>\n<h3><span class=\"ez-toc-section\" id=\"Formulario_en_el_sitio_Web_de_Vivaz\"><\/span>Formulario en el sitio Web de Vivaz<span class=\"ez-toc-section-end\"><\/span><\/h3>\n<p>Un buscador de Internet va a tener la sencillez de hacerle saber lo que desee en ese instante. Por ese hecho, es la plataforma m\u00e1s esencial a la que la mayor parte de las personas del planeta tienen acceso. Vivaz no iba a ser menos, tiene disponible una p\u00e1gina web propia <strong>www.vivaz.com\/<\/strong>. En la p\u00e1gina web, tendr\u00e1 la opci\u00f3n de completar un formulario con sus datos (nombre, primer y segundo apellido, m\u00f3vil de contacto, direcci\u00f3n de correo electr\u00f3nico\u2026)Seguidamente, un especialista en el tema se va a poner en contacto para poder facilitarle informaci\u00f3n o bien ofrecerle la ayuda que necesite.<br \/>\n<div class=\"colorf\"><div class=\"container clearfix\"><div class=\"col-md-7\"><\/p>\n<h3><span class=\"ez-toc-section\" id=\"Redes_sociales_de_Vivaz\"><\/span>Redes sociales de Vivaz<span class=\"ez-toc-section-end\"><\/span><\/h3>\n<p>Las redes sociales, Instagram, Twitter o bien Facebook, establecen una enorme conexi\u00f3n con la poblaci\u00f3n y pertenecen a las herramientas con m\u00e1s difusi\u00f3n y alcance. Vivaz no se queda atr\u00e1s. Saber qui\u00e9nes forman parte de la compa\u00f1\u00eda, contactar o bien encontrar informaci\u00f3n va a poder hacerlo a trav\u00e9s de sus plataformas libres. Buscando su nombre, hallar\u00e1 el perfil y acceder\u00e1 a la informaci\u00f3n. En \u00e9l podr\u00e1 ver im\u00e1genes, la ubicaci\u00f3n de la sede oficial, el link de la web pertinente, si hay alguna oferta disponible e, incluso, puede ponerse en contacto mediante dicha plataforma, sin precisar llamar o bien enviar un e mail en ese mismo momento si no le es posible.<br \/>\n<\/div><\/div><\/div><\/p>\n<\/div>\n<p><div class=\"oficinas\"> <h3><span class=\"ez-toc-section\" id=\"Paginas_relacionadas\"><\/span>P\u00e1ginas relacionadas<span class=\"ez-toc-section-end\"><\/span><\/h3><div class=\"enlazado\"><ul> <li><a href=\"https:\/\/idecesos.com\/seguros\/companias\/vivaz\/opiniones\/\">Opiniones Vivaz<\/a><\/li> <li><a href=\"https:\/\/idecesos.com\/seguros\/companias\/vivaz\/precio\/\">Precio seguro Vivaz<\/a><\/li> <li><a href=\"https:\/\/idecesos.com\/seguros\/companias\/vivaz\/prima-mixta\/\">Vivaz Prima Mixta<\/a><\/li> <li><a href=\"https:\/\/idecesos.com\/seguros\/companias\/vivaz\/prima-natural\/\">Vivaz Prima Natural<\/a><\/li> <li><a href=\"https:\/\/idecesos.com\/seguros\/companias\/vivaz\/prima-nivelada\/\">Vivaz Prima Nivelada<\/a><\/li> <li><a href=\"https:\/\/idecesos.com\/seguros\/companias\/vivaz\/prima-unica\/\">Vivaz Prima \u00danica<\/a><\/li> <li><a href=\"https:\/\/idecesos.com\/seguros\/companias\/vivaz\/repatriacion\/\">Vivaz Repatriaci\u00f3n<\/a><\/li> <li><a href=\"https:\/\/idecesos.com\/seguros\/companias\/vivaz\/telefono\/\">Tel\u00e9fono Gratuito Vivaz<\/a><\/li>                                                                                                                                                                                                                                                                                                                                                                                                                                                                                                                                                                                                                                                                                                                                                                                                                                                                                                                                                                                                                                                                                                                                                                                                                                                                                                                                                                                                                                                                                                                                                                                                                                                                                                                                                                                                                                                                                                                                                                                                                                                                                                                                                                                                                                                                                                                                                                                                                                                                                                                                                                                                                                                                                                                                                                                                                                                                                                                                                                                                                                                                                                                              <\/ul><\/div> <\/div><\/p>\n","protected":false},"excerpt":{"rendered":"<p>Vivaz dispone de un abanico de posibilidades a fin de que pueda conseguir informaci\u00f3n gratis, f\u00e1cil y sencilla, alcanzable para todo el mundo. Si desea saber o bien ser informado sobre los aspectos y prestaciones que ofrece de su seguro de decesos, como por poner un ejemplo la asistencia en viaje y\/o despu\u00e9s de la&hellip; <\/p>\n","protected":false},"author":1,"featured_media":0,"parent":15257,"menu_order":0,"comment_status":"closed","ping_status":"closed","template":"single.php","meta":{"footnotes":""},"class_list":["post-15462","page","type-page","status-publish","hentry"],"yoast_head":"<!-- This site is optimized with the Yoast SEO plugin v27.5 - https:\/\/yoast.com\/product\/yoast-seo-wordpress\/ -->\n<title>Tel\u00e9fono Gratuito Vivaz \u25b7Atenci\u00f3n Cliente, Email, RRSS, Web<\/title>\n<meta name=\"description\" content=\"Busca aqu\u00ed\u3010Vivaz seguros tel\u00e9fono gratuito\u3011Vivaz Decesos tel\u00e9fono gratis: atenci\u00f3n al cliente y contrataciones \u2611\ufe0fVerificado en 2026\" \/>\n<meta name=\"robots\" content=\"index, follow, max-snippet:-1, max-image-preview:large, max-video-preview:-1\" \/>\n<link rel=\"canonical\" href=\"https:\/\/idecesos.com\/seguros\/companias\/vivaz\/telefono\/\" \/>\n<meta property=\"og:locale\" content=\"es_ES\" \/>\n<meta property=\"og:type\" content=\"article\" \/>\n<meta property=\"og:title\" content=\"Tel\u00e9fono Gratuito Vivaz \u25b7Atenci\u00f3n Cliente, Email, RRSS, Web\" \/>\n<meta property=\"og:description\" content=\"Busca aqu\u00ed\u3010Vivaz seguros tel\u00e9fono gratuito\u3011Vivaz Decesos tel\u00e9fono gratis: atenci\u00f3n al cliente y contrataciones \u2611\ufe0fVerificado en 2026\" \/>\n<meta property=\"og:url\" content=\"https:\/\/idecesos.com\/seguros\/companias\/vivaz\/telefono\/\" \/>\n<meta property=\"article:modified_time\" content=\"2022-04-07T12:56:11+00:00\" \/>\n<meta name=\"twitter:card\" content=\"summary_large_image\" \/>\n<meta name=\"twitter:label1\" content=\"Tiempo de lectura\" \/>\n\t<meta name=\"twitter:data1\" content=\"4 minutos\" \/>\n<script type=\"application\/ld+json\" class=\"yoast-schema-graph\">{\"@context\":\"https:\\\/\\\/schema.org\",\"@graph\":[{\"@type\":\"WebPage\",\"@id\":\"https:\\\/\\\/idecesos.com\\\/seguros\\\/companias\\\/vivaz\\\/telefono\\\/\",\"url\":\"https:\\\/\\\/idecesos.com\\\/seguros\\\/companias\\\/vivaz\\\/telefono\\\/\",\"name\":\"Tel\u00e9fono Gratuito Vivaz \u25b7Atenci\u00f3n Cliente, Email, RRSS, Web\",\"isPartOf\":{\"@id\":\"https:\\\/\\\/idecesos.com\\\/seguros\\\/#website\"},\"datePublished\":\"2021-11-25T10:18:02+00:00\",\"dateModified\":\"2022-04-07T12:56:11+00:00\",\"description\":\"Busca aqu\u00ed\u3010Vivaz seguros tel\u00e9fono gratuito\u3011Vivaz Decesos tel\u00e9fono gratis: atenci\u00f3n al cliente y contrataciones \u2611\ufe0fVerificado en 2026\",\"breadcrumb\":{\"@id\":\"https:\\\/\\\/idecesos.com\\\/seguros\\\/companias\\\/vivaz\\\/telefono\\\/#breadcrumb\"},\"inLanguage\":\"es\",\"potentialAction\":[{\"@type\":\"ReadAction\",\"target\":[\"https:\\\/\\\/idecesos.com\\\/seguros\\\/companias\\\/vivaz\\\/telefono\\\/\"]}]},{\"@type\":\"BreadcrumbList\",\"@id\":\"https:\\\/\\\/idecesos.com\\\/seguros\\\/companias\\\/vivaz\\\/telefono\\\/#breadcrumb\",\"itemListElement\":[{\"@type\":\"ListItem\",\"position\":1,\"name\":\"Portada\",\"item\":\"https:\\\/\\\/idecesos.com\\\/seguros\\\/\"},{\"@type\":\"ListItem\",\"position\":2,\"name\":\"Compa\u00f1\u00edas de Seguros de Decesos en Espa\u00f1a\",\"item\":\"https:\\\/\\\/idecesos.com\\\/seguros\\\/companias\\\/\"},{\"@type\":\"ListItem\",\"position\":3,\"name\":\"Seguro de decesos Vivaz\",\"item\":\"https:\\\/\\\/idecesos.com\\\/seguros\\\/companias\\\/vivaz\\\/\"},{\"@type\":\"ListItem\",\"position\":4,\"name\":\"Atenci\u00f3n al cliente Vivaz: telefono gratuito, e-mail\"}]},{\"@type\":\"WebSite\",\"@id\":\"https:\\\/\\\/idecesos.com\\\/seguros\\\/#website\",\"url\":\"https:\\\/\\\/idecesos.com\\\/seguros\\\/\",\"name\":\"\",\"description\":\"\",\"potentialAction\":[{\"@type\":\"SearchAction\",\"target\":{\"@type\":\"EntryPoint\",\"urlTemplate\":\"https:\\\/\\\/idecesos.com\\\/seguros\\\/?s={search_term_string}\"},\"query-input\":{\"@type\":\"PropertyValueSpecification\",\"valueRequired\":true,\"valueName\":\"search_term_string\"}}],\"inLanguage\":\"es\"}]}<\/script>\n<!-- \/ Yoast SEO plugin. -->","yoast_head_json":{"title":"Tel\u00e9fono Gratuito Vivaz \u25b7Atenci\u00f3n Cliente, Email, RRSS, Web","description":"Busca aqu\u00ed\u3010Vivaz seguros tel\u00e9fono gratuito\u3011Vivaz Decesos tel\u00e9fono gratis: atenci\u00f3n al cliente y contrataciones \u2611\ufe0fVerificado en 2026","robots":{"index":"index","follow":"follow","max-snippet":"max-snippet:-1","max-image-preview":"max-image-preview:large","max-video-preview":"max-video-preview:-1"},"canonical":"https:\/\/idecesos.com\/seguros\/companias\/vivaz\/telefono\/","og_locale":"es_ES","og_type":"article","og_title":"Tel\u00e9fono Gratuito Vivaz \u25b7Atenci\u00f3n Cliente, Email, RRSS, Web","og_description":"Busca aqu\u00ed\u3010Vivaz seguros tel\u00e9fono gratuito\u3011Vivaz Decesos tel\u00e9fono gratis: atenci\u00f3n al cliente y contrataciones \u2611\ufe0fVerificado en 2026","og_url":"https:\/\/idecesos.com\/seguros\/companias\/vivaz\/telefono\/","article_modified_time":"2022-04-07T12:56:11+00:00","twitter_card":"summary_large_image","twitter_misc":{"Tiempo de lectura":"4 minutos"},"schema":{"@context":"https:\/\/schema.org","@graph":[{"@type":"WebPage","@id":"https:\/\/idecesos.com\/seguros\/companias\/vivaz\/telefono\/","url":"https:\/\/idecesos.com\/seguros\/companias\/vivaz\/telefono\/","name":"Tel\u00e9fono Gratuito Vivaz \u25b7Atenci\u00f3n Cliente, Email, RRSS, Web","isPartOf":{"@id":"https:\/\/idecesos.com\/seguros\/#website"},"datePublished":"2021-11-25T10:18:02+00:00","dateModified":"2022-04-07T12:56:11+00:00","description":"Busca aqu\u00ed\u3010Vivaz seguros tel\u00e9fono gratuito\u3011Vivaz Decesos tel\u00e9fono gratis: atenci\u00f3n al cliente y contrataciones \u2611\ufe0fVerificado en 2026","breadcrumb":{"@id":"https:\/\/idecesos.com\/seguros\/companias\/vivaz\/telefono\/#breadcrumb"},"inLanguage":"es","potentialAction":[{"@type":"ReadAction","target":["https:\/\/idecesos.com\/seguros\/companias\/vivaz\/telefono\/"]}]},{"@type":"BreadcrumbList","@id":"https:\/\/idecesos.com\/seguros\/companias\/vivaz\/telefono\/#breadcrumb","itemListElement":[{"@type":"ListItem","position":1,"name":"Portada","item":"https:\/\/idecesos.com\/seguros\/"},{"@type":"ListItem","position":2,"name":"Compa\u00f1\u00edas de Seguros de Decesos en Espa\u00f1a","item":"https:\/\/idecesos.com\/seguros\/companias\/"},{"@type":"ListItem","position":3,"name":"Seguro de decesos Vivaz","item":"https:\/\/idecesos.com\/seguros\/companias\/vivaz\/"},{"@type":"ListItem","position":4,"name":"Atenci\u00f3n al cliente Vivaz: telefono gratuito, e-mail"}]},{"@type":"WebSite","@id":"https:\/\/idecesos.com\/seguros\/#website","url":"https:\/\/idecesos.com\/seguros\/","name":"","description":"","potentialAction":[{"@type":"SearchAction","target":{"@type":"EntryPoint","urlTemplate":"https:\/\/idecesos.com\/seguros\/?s={search_term_string}"},"query-input":{"@type":"PropertyValueSpecification","valueRequired":true,"valueName":"search_term_string"}}],"inLanguage":"es"}]}},"_links":{"self":[{"href":"https:\/\/idecesos.com\/seguros\/wp-json\/wp\/v2\/pages\/15462","targetHints":{"allow":["GET"]}}],"collection":[{"href":"https:\/\/idecesos.com\/seguros\/wp-json\/wp\/v2\/pages"}],"about":[{"href":"https:\/\/idecesos.com\/seguros\/wp-json\/wp\/v2\/types\/page"}],"author":[{"embeddable":true,"href":"https:\/\/idecesos.com\/seguros\/wp-json\/wp\/v2\/users\/1"}],"replies":[{"embeddable":true,"href":"https:\/\/idecesos.com\/seguros\/wp-json\/wp\/v2\/comments?post=15462"}],"version-history":[{"count":8,"href":"https:\/\/idecesos.com\/seguros\/wp-json\/wp\/v2\/pages\/15462\/revisions"}],"predecessor-version":[{"id":21080,"href":"https:\/\/idecesos.com\/seguros\/wp-json\/wp\/v2\/pages\/15462\/revisions\/21080"}],"up":[{"embeddable":true,"href":"https:\/\/idecesos.com\/seguros\/wp-json\/wp\/v2\/pages\/15257"}],"wp:attachment":[{"href":"https:\/\/idecesos.com\/seguros\/wp-json\/wp\/v2\/media?parent=15462"}],"curies":[{"name":"wp","href":"https:\/\/api.w.org\/{rel}","templated":true}]}}