{"id":16153,"date":"2021-11-27T18:52:58","date_gmt":"2021-11-27T18:52:58","guid":{"rendered":"https:\/\/idecesos.com\/seguros\/companias\/aegon\/la-coruna\/"},"modified":"2021-11-27T18:52:58","modified_gmt":"2021-11-27T18:52:58","slug":"la-coruna","status":"publish","type":"page","link":"https:\/\/idecesos.com\/seguros\/companias\/aegon\/la-coruna\/","title":{"rendered":"Oficinas seguros de decesos Aeg\u00f3n Seguros en La coru\u00f1a"},"content":{"rendered":"<div id=\"ez-toc-container\" class=\"ez-toc-v2_0_82_2 ez-toc-wrap-center counter-hierarchy ez-toc-counter ez-toc-custom ez-toc-container-direction\">\n<div class=\"ez-toc-title-container\">\n<p class=\"ez-toc-title\" style=\"cursor:inherit\">Tabla de Contenido<\/p>\n<span class=\"ez-toc-title-toggle\"><a href=\"#\" class=\"ez-toc-pull-right ez-toc-btn ez-toc-btn-xs ez-toc-btn-default ez-toc-toggle\" aria-label=\"Alternar tabla de contenidos\"><span class=\"ez-toc-js-icon-con\"><span class=\"\"><span class=\"eztoc-hide\" style=\"display:none;\">Toggle<\/span><span class=\"ez-toc-icon-toggle-span\"><svg style=\"fill: #db6415;color:#db6415\" xmlns=\"http:\/\/www.w3.org\/2000\/svg\" class=\"list-377408\" width=\"20px\" height=\"20px\" viewBox=\"0 0 24 24\" fill=\"none\"><path d=\"M6 6H4v2h2V6zm14 0H8v2h12V6zM4 11h2v2H4v-2zm16 0H8v2h12v-2zM4 16h2v2H4v-2zm16 0H8v2h12v-2z\" fill=\"currentColor\"><\/path><\/svg><svg style=\"fill: #db6415;color:#db6415\" class=\"arrow-unsorted-368013\" xmlns=\"http:\/\/www.w3.org\/2000\/svg\" width=\"10px\" height=\"10px\" viewBox=\"0 0 24 24\" version=\"1.2\" baseProfile=\"tiny\"><path d=\"M18.2 9.3l-6.2-6.3-6.2 6.3c-.2.2-.3.4-.3.7s.1.5.3.7c.2.2.4.3.7.3h11c.3 0 .5-.1.7-.3.2-.2.3-.5.3-.7s-.1-.5-.3-.7zM5.8 14.7l6.2 6.3 6.2-6.3c.2-.2.3-.5.3-.7s-.1-.5-.3-.7c-.2-.2-.4-.3-.7-.3h-11c-.3 0-.5.1-.7.3-.2.2-.3.5-.3.7s.1.5.3.7z\"\/><\/svg><\/span><\/span><\/span><\/a><\/span><\/div>\n<nav><ul class='ez-toc-list ez-toc-list-level-1 ' ><li class='ez-toc-page-1 ez-toc-heading-level-2'><a class=\"ez-toc-link ez-toc-heading-1\" href=\"https:\/\/idecesos.com\/seguros\/companias\/aegon\/la-coruna\/#Seguro_de_decesos_Aegon_Seguros_en_La_coruna\" >Seguro de decesos Aeg\u00f3n Seguros en La coru\u00f1a<\/a><\/li><li class='ez-toc-page-1 ez-toc-heading-level-2'><a class=\"ez-toc-link ez-toc-heading-2\" href=\"https:\/\/idecesos.com\/seguros\/companias\/aegon\/la-coruna\/#Mapa_de_sucursales_de_seguros_Aegon_Seguros_en_La_coruna\" >Mapa de sucursales de seguros Aeg\u00f3n Seguros en La coru\u00f1a<\/a><\/li><li class='ez-toc-page-1 ez-toc-heading-level-2'><a class=\"ez-toc-link ez-toc-heading-3\" href=\"https:\/\/idecesos.com\/seguros\/companias\/aegon\/la-coruna\/#Listado_de_oficinas_Aegon_Seguros_en_La_coruna\" >Listado de oficinas Aeg\u00f3n Seguros en La coru\u00f1a<\/a><\/li><li class='ez-toc-page-1 ez-toc-heading-level-2'><a class=\"ez-toc-link ez-toc-heading-4\" href=\"https:\/\/idecesos.com\/seguros\/companias\/aegon\/la-coruna\/#Agencias_de_seguros_de_decesos_en_La_coruna\" >Agencias de seguros de decesos en La coru\u00f1a<\/a><ul class='ez-toc-list-level-3' ><li class='ez-toc-heading-level-3'><a class=\"ez-toc-link ez-toc-heading-5\" href=\"https:\/\/idecesos.com\/seguros\/companias\/aegon\/la-coruna\/#Listado_de_oficinas_Aegon_Seguros_en_Espana\" >Listado de oficinas Aeg\u00f3n Seguros en Espa\u00f1a<\/a><\/li><li class='ez-toc-page-1 ez-toc-heading-level-3'><a class=\"ez-toc-link ez-toc-heading-6\" href=\"https:\/\/idecesos.com\/seguros\/companias\/aegon\/la-coruna\/#Paginas_relacionadas\" >P\u00e1ginas relacionadas<\/a><\/li><\/ul><\/li><\/ul><\/nav><\/div>\n<p><br \/>\n<a href=\"https:\/\/idecesos.com\/seguros\/companias\/aegon\/\"><img decoding=\"async\" class=\" alignleft\" src=\"https:\/\/idecesos.com\/seguros\/wp-content\/uploads\/2021\/11\/logo-Aegon.png\" alt=\"Seguro de decesos Aeg\u00f3n Seguros\" width=\"336\" height=\"103\" \/><\/a>Las sucursales de Aeg\u00f3n Seguros est\u00e1n ubicadas en distintos lugares, ponemos a tu <strong>disposici\u00f3n de Aeg\u00f3n Seguros en La coru\u00f1a<\/strong> donde las posibilidades son de las m\u00e1s convenientes y pertinentes para la administraci\u00f3n. En cual vas a recibir una atenci\u00f3n personalizada, que cuenta con una experiencia de muchos a\u00f1os en el sector. Te damos accedo a nuestros servicio de manera veloz y c\u00f3moda. En tu localizaci\u00f3n encontraras las diferentes sucursales de Aeg\u00f3n Seguros en La coru\u00f1a , donde aseguramos que llegues al final de tu trayectoria. <\/p>\n<p>En tu ratio podr\u00e1 existir solo el 90 por cien de compa\u00f1\u00edas aseguradoras pr\u00f3ximas a ti. Te resultara tan c\u00f3modo o bien eficiente saber exactamente en qu\u00e9 sitio se hallan las diferentes oficinas de cada Aeg\u00f3n Seguros. Siendo uno de los motivos que nos solventaran cualquier problema que pueda surgir.<br \/>\nAhora localiza las diferentes <strong>oficinas de Aeg\u00f3n Seguros en cada La coru\u00f1a<\/strong> con las peculiaridades m\u00e1s necesarias, donde te garantizan un proceso seguro para dar con tu oficina referente y de confianza. <\/p>\n<p>Visita nuestra p\u00e1gina de <a href=\"https:\/\/idecesos.com\/seguros\/companias\/aegon\/\">seguros de decesos Aeg\u00f3n Seguros<\/a> para m\u00e1s informaci\u00f3n.<\/p>\n<div class=\"colorf \"  ><div class=\"container clearfix\"><div class=\"col-md-7\">\n<h2><span class=\"ez-toc-section\" id=\"Seguro_de_decesos_Aegon_Seguros_en_La_coruna\"><\/span>Seguro de decesos Aeg\u00f3n Seguros en La coru\u00f1a<span class=\"ez-toc-section-end\"><\/span><\/h2>\n<p>Destacamos como una ventaja, que es la cual evitamos fallos en cualquier administraci\u00f3n que pueda suceder durante la administraci\u00f3n administrativa. Adapt\u00e1ndose a ti y a tus necesidades o circunstancias.\u00bfCu\u00e1l es el fin de contar con un servicio de oficinas de Aeg\u00f3n Seguros en La coru\u00f1a? sin ir m\u00e1s lejos est\u00e1 pensado para que puedan solucionar los problemas de manera presencial y que quede resuelto en el instante. Quedara cubierto todas y cada una de las dudas que tenga y quedado solventado sus problemas de manera m\u00e1s sencilla. <\/p>\n<p><strong>Ver m\u00e1s:<\/strong> <a href=\"https:\/\/idecesos.com\/seguros\/ciudades\/la-coruna\/\">Seguros de decesos en La coru\u00f1a<\/a><\/p>\n<p>Contando con nuestro servicio en diferentes localizaciones de oficinas de Aeg\u00f3n Seguros en La coru\u00f1a te obsequiamos el poder conocer tu <strong>presupuesto al segundo<\/strong>. Asegur\u00e1ndote que es todo lo que estas buscando y con las peculiaridades fundamentales. \u00a0Rellenar nuestro formulario, ser\u00e1s de lo m\u00e1s f\u00e1ciles en tanto que no requiere de muchos procesos, pero lograr\u00e1s todos los datos necesarios. \u00bfBuscar? Eso ya no se lleva, te lo ponemos f\u00e1cil. <\/p>\n<p><\/div><\/div><\/div>\n\t\t<hr class=\"separador\">\n\t\t<div class=\"bloque-accion\">\n\t\t<p class=\"txt-accion\">Calcula el precio de tu seguro de decesos en menos de 1 minuto<\/p>\n\t\t<a class=\"btn-accion\" href=\"https:\/\/idecesos.com\/\">CALCULAR<\/a>\n\t\t<\/div>\n\t\t<hr class=\"separador\">\n\t\t<\/p>\n<h2><span class=\"ez-toc-section\" id=\"Mapa_de_sucursales_de_seguros_Aegon_Seguros_en_La_coruna\"><\/span>Mapa de sucursales de seguros Aeg\u00f3n Seguros en La coru\u00f1a<span class=\"ez-toc-section-end\"><\/span><\/h2>\n<p>Localizador de oficinas de Aeg\u00f3n Seguros en La coru\u00f1a nos da la gran oportunidad de conocer donde podemos saber en qu\u00e9 sitios se encuentran, asimismo es esencial contar con un mapa por La coru\u00f1a de las oficinas de Aeg\u00f3n Seguros te aseguramos que tengas la informaci\u00f3n que se ajuste a ti en todo instante. Es tan segura como fiable, aport\u00e1ndote informaci\u00f3n de cada uno de ellos de ellas. \u00a0<\/p>\n<p><iframe class=\"page-generator-pro-map\" width=\"100%\" height=\"400\" frameborder=\"0\" style=\"border:0\" src=\"https:\/\/www.google.com\/maps\/embed\/v1\/place?q=La+Coru%C3%B1a%2C+Espa%C3%B1a&#038;zoom=14&#038;maptype=roadmap&#038;key=AIzaSyCNTEOso0tZG6YMSJFoaJEY5Th1stEWrJI\" allowfullscreen><\/iframe><\/p>\n<div class=\"colorf\"><div class=\"container clearfix\"><div class=\"col-md-7\"><div class=\"empresas\">\n<h2><span class=\"ez-toc-section\" id=\"Listado_de_oficinas_Aegon_Seguros_en_La_coruna\"><\/span>Listado de oficinas Aeg\u00f3n Seguros en La coru\u00f1a<span class=\"ez-toc-section-end\"><\/span><\/h2>\n<ul>\n<li><strong>Compa\u00f1\u00eda de seguros Espa\u00f1a:<\/strong> 15004<\/li>\n<\/ul>\n<\/div><\/div><\/div><\/div>\n<h2><span class=\"ez-toc-section\" id=\"Agencias_de_seguros_de_decesos_en_La_coruna\"><\/span>Agencias de seguros de decesos en La coru\u00f1a<span class=\"ez-toc-section-end\"><\/span><\/h2>\n<p>Con solo un paso te mostramos el listado de aseguradoras de decesos en La coru\u00f1a, encontraras toda la informaci\u00f3n relevante a la que necesites. Donde lo tramitaras de forma m\u00e1s eficaz. M\u00e1s veloz y sencillo danto un resultado a unos datos de m\u00e1xima importancia que resolver\u00e1 todas tus cuestiones. Para cuando m\u00e1s falta te haga, lo vas a tener libre en cualquier tipo de circunstancias, sin necesidad de dudar tanto. Asegur\u00e1ndote unos resultados de un cien por ciento en tu busca y haci\u00e9ndolo m\u00e1s \u00fatilConocer\u00e1s las distintas compa\u00f1\u00edas que se ubiquen en tu zona. <\/p>\n<div class=\"colorf\"><div class=\"container clearfix\"><div class=\"col-md-7\"><div class=\"empresas\">\n<h3><span class=\"ez-toc-section\" id=\"Listado_de_oficinas_Aegon_Seguros_en_Espana\"><\/span>Listado de oficinas Aeg\u00f3n Seguros en Espa\u00f1a<span class=\"ez-toc-section-end\"><\/span><\/h3>\n<p><!-- Shortcode [aegon-oficinas] does not exist --><\/div><\/div><\/div><\/div><\/p>\n<p><div class=\"oficinas\"><br \/>\n<h3><span class=\"ez-toc-section\" id=\"Paginas_relacionadas\"><\/span>P\u00e1ginas relacionadas<span class=\"ez-toc-section-end\"><\/span><\/h3><div class=\"enlazado\"><ul> <li><a href=\"https:\/\/idecesos.com\/seguros\/companias\/aegon\/opiniones\/\">Opiniones AEGON<\/a><\/li> <li><a href=\"https:\/\/idecesos.com\/seguros\/companias\/aegon\/precio\/\">Precio seguro Aegon<\/a><\/li> <li><a href=\"https:\/\/idecesos.com\/seguros\/companias\/aegon\/prima-mixta\/\">Aegon Prima Mixta<\/a><\/li> <li><a href=\"https:\/\/idecesos.com\/seguros\/companias\/aegon\/prima-natural\/\">Aegon Prima Natural<\/a><\/li> <li><a href=\"https:\/\/idecesos.com\/seguros\/companias\/aegon\/prima-nivelada\/\">Aegon Prima Nivelada<\/a><\/li> <li><a href=\"https:\/\/idecesos.com\/seguros\/companias\/aegon\/prima-unica\/\">Aegon Prima \u00danica<\/a><\/li> <li><a href=\"https:\/\/idecesos.com\/seguros\/companias\/aegon\/repatriacion\/\">Aegon Repatriaci\u00f3n<\/a><\/li> <li><a href=\"https:\/\/idecesos.com\/seguros\/companias\/aegon\/telefono\/\">Tel\u00e9fono Gratuito Aegon<\/a><\/li><\/ul><\/div><br \/>\n<\/div><\/p>\n","protected":false},"excerpt":{"rendered":"<p>Las sucursales de Aeg\u00f3n Seguros est\u00e1n ubicadas en distintos lugares, ponemos a tu disposici\u00f3n de Aeg\u00f3n Seguros en La coru\u00f1a donde las posibilidades son de las m\u00e1s convenientes y pertinentes para la administraci\u00f3n. En cual vas a recibir una atenci\u00f3n personalizada, que cuenta con una experiencia de muchos a\u00f1os en el sector. Te damos accedo&hellip; <\/p>\n","protected":false},"author":0,"featured_media":0,"parent":9512,"menu_order":0,"comment_status":"closed","ping_status":"closed","template":"page-templates\/companies.php","meta":{"footnotes":""},"class_list":["post-16153","page","type-page","status-publish","hentry"],"yoast_head":"<!-- This site is optimized with the Yoast SEO plugin v27.3 - https:\/\/yoast.com\/product\/yoast-seo-wordpress\/ -->\n<title>Oficinas Aeg\u00f3n Seguros en La coru\u00f1a \u25b7Tel\u00e9fonos, Horarios, Direcci\u00f3n<\/title>\n<meta name=\"description\" content=\"Lista completa de Oficinas Aeg\u00f3n Seguros en La coru\u00f1a Horarios, \u2706 tel\u00e9fonos y direcciones actualizados en 2026 \u2611\ufe0f Verificado por iDecesos.\" \/>\n<meta name=\"robots\" content=\"index, follow, max-snippet:-1, max-image-preview:large, max-video-preview:-1\" \/>\n<link rel=\"canonical\" href=\"https:\/\/idecesos.com\/seguros\/companias\/aegon\/la-coruna\/\" \/>\n<meta property=\"og:locale\" content=\"es_ES\" \/>\n<meta property=\"og:type\" content=\"article\" \/>\n<meta property=\"og:title\" content=\"Oficinas Aeg\u00f3n Seguros en La coru\u00f1a \u25b7Tel\u00e9fonos, Horarios, Direcci\u00f3n\" \/>\n<meta property=\"og:description\" content=\"Lista completa de Oficinas Aeg\u00f3n Seguros en La coru\u00f1a Horarios, \u2706 tel\u00e9fonos y direcciones actualizados en 2026 \u2611\ufe0f Verificado por iDecesos.\" \/>\n<meta property=\"og:url\" content=\"https:\/\/idecesos.com\/seguros\/companias\/aegon\/la-coruna\/\" \/>\n<meta property=\"og:image\" content=\"https:\/\/idecesos.com\/seguros\/wp-content\/uploads\/2021\/11\/logo-Aegon.png\" \/>\n<meta name=\"twitter:card\" content=\"summary_large_image\" \/>\n<meta name=\"twitter:label1\" content=\"Tiempo de lectura\" \/>\n\t<meta name=\"twitter:data1\" content=\"39 minutos\" \/>\n<script type=\"application\/ld+json\" class=\"yoast-schema-graph\">{\"@context\":\"https:\\\/\\\/schema.org\",\"@graph\":[{\"@type\":\"WebPage\",\"@id\":\"https:\\\/\\\/idecesos.com\\\/seguros\\\/companias\\\/aegon\\\/la-coruna\\\/\",\"url\":\"https:\\\/\\\/idecesos.com\\\/seguros\\\/companias\\\/aegon\\\/la-coruna\\\/\",\"name\":\"Oficinas Aeg\u00f3n Seguros en La coru\u00f1a \u25b7Tel\u00e9fonos, Horarios, Direcci\u00f3n\",\"isPartOf\":{\"@id\":\"https:\\\/\\\/idecesos.com\\\/seguros\\\/#website\"},\"primaryImageOfPage\":{\"@id\":\"https:\\\/\\\/idecesos.com\\\/seguros\\\/companias\\\/aegon\\\/la-coruna\\\/#primaryimage\"},\"image\":{\"@id\":\"https:\\\/\\\/idecesos.com\\\/seguros\\\/companias\\\/aegon\\\/la-coruna\\\/#primaryimage\"},\"thumbnailUrl\":\"https:\\\/\\\/idecesos.com\\\/seguros\\\/wp-content\\\/uploads\\\/2021\\\/11\\\/logo-Aegon.png\",\"datePublished\":\"2021-11-27T18:52:58+00:00\",\"description\":\"Lista completa de Oficinas Aeg\u00f3n Seguros en La coru\u00f1a Horarios, \u2706 tel\u00e9fonos y direcciones actualizados en 2026 \u2611\ufe0f Verificado por iDecesos.\",\"breadcrumb\":{\"@id\":\"https:\\\/\\\/idecesos.com\\\/seguros\\\/companias\\\/aegon\\\/la-coruna\\\/#breadcrumb\"},\"inLanguage\":\"es\",\"potentialAction\":[{\"@type\":\"ReadAction\",\"target\":[\"https:\\\/\\\/idecesos.com\\\/seguros\\\/companias\\\/aegon\\\/la-coruna\\\/\"]}]},{\"@type\":\"ImageObject\",\"inLanguage\":\"es\",\"@id\":\"https:\\\/\\\/idecesos.com\\\/seguros\\\/companias\\\/aegon\\\/la-coruna\\\/#primaryimage\",\"url\":\"https:\\\/\\\/idecesos.com\\\/seguros\\\/wp-content\\\/uploads\\\/2021\\\/11\\\/logo-Aegon.png\",\"contentUrl\":\"https:\\\/\\\/idecesos.com\\\/seguros\\\/wp-content\\\/uploads\\\/2021\\\/11\\\/logo-Aegon.png\",\"width\":245,\"height\":98},{\"@type\":\"BreadcrumbList\",\"@id\":\"https:\\\/\\\/idecesos.com\\\/seguros\\\/companias\\\/aegon\\\/la-coruna\\\/#breadcrumb\",\"itemListElement\":[{\"@type\":\"ListItem\",\"position\":1,\"name\":\"Portada\",\"item\":\"https:\\\/\\\/idecesos.com\\\/seguros\\\/\"},{\"@type\":\"ListItem\",\"position\":2,\"name\":\"Compa\u00f1\u00edas de Seguros de Decesos en Espa\u00f1a\",\"item\":\"https:\\\/\\\/idecesos.com\\\/seguros\\\/companias\\\/\"},{\"@type\":\"ListItem\",\"position\":3,\"name\":\"Seguro de decesos AEGON\",\"item\":\"https:\\\/\\\/idecesos.com\\\/seguros\\\/companias\\\/aegon\\\/\"},{\"@type\":\"ListItem\",\"position\":4,\"name\":\"Oficinas seguros de decesos Aeg\u00f3n Seguros en La coru\u00f1a\"}]},{\"@type\":\"WebSite\",\"@id\":\"https:\\\/\\\/idecesos.com\\\/seguros\\\/#website\",\"url\":\"https:\\\/\\\/idecesos.com\\\/seguros\\\/\",\"name\":\"\",\"description\":\"\",\"potentialAction\":[{\"@type\":\"SearchAction\",\"target\":{\"@type\":\"EntryPoint\",\"urlTemplate\":\"https:\\\/\\\/idecesos.com\\\/seguros\\\/?s={search_term_string}\"},\"query-input\":{\"@type\":\"PropertyValueSpecification\",\"valueRequired\":true,\"valueName\":\"search_term_string\"}}],\"inLanguage\":\"es\"}]}<\/script>\n<!-- \/ Yoast SEO plugin. -->","yoast_head_json":{"title":"Oficinas Aeg\u00f3n Seguros en La coru\u00f1a \u25b7Tel\u00e9fonos, Horarios, Direcci\u00f3n","description":"Lista completa de Oficinas Aeg\u00f3n Seguros en La coru\u00f1a Horarios, \u2706 tel\u00e9fonos y direcciones actualizados en 2026 \u2611\ufe0f Verificado por iDecesos.","robots":{"index":"index","follow":"follow","max-snippet":"max-snippet:-1","max-image-preview":"max-image-preview:large","max-video-preview":"max-video-preview:-1"},"canonical":"https:\/\/idecesos.com\/seguros\/companias\/aegon\/la-coruna\/","og_locale":"es_ES","og_type":"article","og_title":"Oficinas Aeg\u00f3n Seguros en La coru\u00f1a \u25b7Tel\u00e9fonos, Horarios, Direcci\u00f3n","og_description":"Lista completa de Oficinas Aeg\u00f3n Seguros en La coru\u00f1a Horarios, \u2706 tel\u00e9fonos y direcciones actualizados en 2026 \u2611\ufe0f Verificado por iDecesos.","og_url":"https:\/\/idecesos.com\/seguros\/companias\/aegon\/la-coruna\/","og_image":[{"url":"https:\/\/idecesos.com\/seguros\/wp-content\/uploads\/2021\/11\/logo-Aegon.png","type":"","width":"","height":""}],"twitter_card":"summary_large_image","twitter_misc":{"Tiempo de lectura":"39 minutos"},"schema":{"@context":"https:\/\/schema.org","@graph":[{"@type":"WebPage","@id":"https:\/\/idecesos.com\/seguros\/companias\/aegon\/la-coruna\/","url":"https:\/\/idecesos.com\/seguros\/companias\/aegon\/la-coruna\/","name":"Oficinas Aeg\u00f3n Seguros en La coru\u00f1a \u25b7Tel\u00e9fonos, Horarios, Direcci\u00f3n","isPartOf":{"@id":"https:\/\/idecesos.com\/seguros\/#website"},"primaryImageOfPage":{"@id":"https:\/\/idecesos.com\/seguros\/companias\/aegon\/la-coruna\/#primaryimage"},"image":{"@id":"https:\/\/idecesos.com\/seguros\/companias\/aegon\/la-coruna\/#primaryimage"},"thumbnailUrl":"https:\/\/idecesos.com\/seguros\/wp-content\/uploads\/2021\/11\/logo-Aegon.png","datePublished":"2021-11-27T18:52:58+00:00","description":"Lista completa de Oficinas Aeg\u00f3n Seguros en La coru\u00f1a Horarios, \u2706 tel\u00e9fonos y direcciones actualizados en 2026 \u2611\ufe0f Verificado por iDecesos.","breadcrumb":{"@id":"https:\/\/idecesos.com\/seguros\/companias\/aegon\/la-coruna\/#breadcrumb"},"inLanguage":"es","potentialAction":[{"@type":"ReadAction","target":["https:\/\/idecesos.com\/seguros\/companias\/aegon\/la-coruna\/"]}]},{"@type":"ImageObject","inLanguage":"es","@id":"https:\/\/idecesos.com\/seguros\/companias\/aegon\/la-coruna\/#primaryimage","url":"https:\/\/idecesos.com\/seguros\/wp-content\/uploads\/2021\/11\/logo-Aegon.png","contentUrl":"https:\/\/idecesos.com\/seguros\/wp-content\/uploads\/2021\/11\/logo-Aegon.png","width":245,"height":98},{"@type":"BreadcrumbList","@id":"https:\/\/idecesos.com\/seguros\/companias\/aegon\/la-coruna\/#breadcrumb","itemListElement":[{"@type":"ListItem","position":1,"name":"Portada","item":"https:\/\/idecesos.com\/seguros\/"},{"@type":"ListItem","position":2,"name":"Compa\u00f1\u00edas de Seguros de Decesos en Espa\u00f1a","item":"https:\/\/idecesos.com\/seguros\/companias\/"},{"@type":"ListItem","position":3,"name":"Seguro de decesos AEGON","item":"https:\/\/idecesos.com\/seguros\/companias\/aegon\/"},{"@type":"ListItem","position":4,"name":"Oficinas seguros de decesos Aeg\u00f3n Seguros en La coru\u00f1a"}]},{"@type":"WebSite","@id":"https:\/\/idecesos.com\/seguros\/#website","url":"https:\/\/idecesos.com\/seguros\/","name":"","description":"","potentialAction":[{"@type":"SearchAction","target":{"@type":"EntryPoint","urlTemplate":"https:\/\/idecesos.com\/seguros\/?s={search_term_string}"},"query-input":{"@type":"PropertyValueSpecification","valueRequired":true,"valueName":"search_term_string"}}],"inLanguage":"es"}]}},"_links":{"self":[{"href":"https:\/\/idecesos.com\/seguros\/wp-json\/wp\/v2\/pages\/16153","targetHints":{"allow":["GET"]}}],"collection":[{"href":"https:\/\/idecesos.com\/seguros\/wp-json\/wp\/v2\/pages"}],"about":[{"href":"https:\/\/idecesos.com\/seguros\/wp-json\/wp\/v2\/types\/page"}],"replies":[{"embeddable":true,"href":"https:\/\/idecesos.com\/seguros\/wp-json\/wp\/v2\/comments?post=16153"}],"version-history":[{"count":0,"href":"https:\/\/idecesos.com\/seguros\/wp-json\/wp\/v2\/pages\/16153\/revisions"}],"up":[{"embeddable":true,"href":"https:\/\/idecesos.com\/seguros\/wp-json\/wp\/v2\/pages\/9512"}],"wp:attachment":[{"href":"https:\/\/idecesos.com\/seguros\/wp-json\/wp\/v2\/media?parent=16153"}],"curies":[{"name":"wp","href":"https:\/\/api.w.org\/{rel}","templated":true}]}}