{"id":16154,"date":"2021-11-27T18:52:59","date_gmt":"2021-11-27T18:52:59","guid":{"rendered":"https:\/\/idecesos.com\/seguros\/companias\/aegon\/almeria\/"},"modified":"2024-12-02T10:08:35","modified_gmt":"2024-12-02T09:08:35","slug":"almeria","status":"publish","type":"page","link":"https:\/\/idecesos.com\/seguros\/companias\/aegon\/almeria\/","title":{"rendered":"Oficinas seguros de decesos Aeg\u00f3n Seguros en Almer\u00eda"},"content":{"rendered":"<div id=\"ez-toc-container\" class=\"ez-toc-v2_0_82_2 ez-toc-wrap-center counter-hierarchy ez-toc-counter ez-toc-custom ez-toc-container-direction\">\n<div class=\"ez-toc-title-container\">\n<p class=\"ez-toc-title\" style=\"cursor:inherit\">Tabla de Contenido<\/p>\n<span class=\"ez-toc-title-toggle\"><a href=\"#\" class=\"ez-toc-pull-right ez-toc-btn ez-toc-btn-xs ez-toc-btn-default ez-toc-toggle\" aria-label=\"Alternar tabla de contenidos\"><span class=\"ez-toc-js-icon-con\"><span class=\"\"><span class=\"eztoc-hide\" style=\"display:none;\">Toggle<\/span><span class=\"ez-toc-icon-toggle-span\"><svg style=\"fill: #db6415;color:#db6415\" xmlns=\"http:\/\/www.w3.org\/2000\/svg\" class=\"list-377408\" width=\"20px\" height=\"20px\" viewBox=\"0 0 24 24\" fill=\"none\"><path d=\"M6 6H4v2h2V6zm14 0H8v2h12V6zM4 11h2v2H4v-2zm16 0H8v2h12v-2zM4 16h2v2H4v-2zm16 0H8v2h12v-2z\" fill=\"currentColor\"><\/path><\/svg><svg style=\"fill: #db6415;color:#db6415\" class=\"arrow-unsorted-368013\" xmlns=\"http:\/\/www.w3.org\/2000\/svg\" width=\"10px\" height=\"10px\" viewBox=\"0 0 24 24\" version=\"1.2\" baseProfile=\"tiny\"><path d=\"M18.2 9.3l-6.2-6.3-6.2 6.3c-.2.2-.3.4-.3.7s.1.5.3.7c.2.2.4.3.7.3h11c.3 0 .5-.1.7-.3.2-.2.3-.5.3-.7s-.1-.5-.3-.7zM5.8 14.7l6.2 6.3 6.2-6.3c.2-.2.3-.5.3-.7s-.1-.5-.3-.7c-.2-.2-.4-.3-.7-.3h-11c-.3 0-.5.1-.7.3-.2.2-.3.5-.3.7s.1.5.3.7z\"\/><\/svg><\/span><\/span><\/span><\/a><\/span><\/div>\n<nav><ul class='ez-toc-list ez-toc-list-level-1 ' ><li class='ez-toc-page-1 ez-toc-heading-level-2'><a class=\"ez-toc-link ez-toc-heading-1\" href=\"https:\/\/idecesos.com\/seguros\/companias\/aegon\/almeria\/#Seguro_de_decesos_Aegon_Seguros_en_Almeria\" >Seguro de decesos Aeg\u00f3n Seguros en Almer\u00eda<\/a><\/li><li class='ez-toc-page-1 ez-toc-heading-level-2'><a class=\"ez-toc-link ez-toc-heading-2\" href=\"https:\/\/idecesos.com\/seguros\/companias\/aegon\/almeria\/#Mapa_de_sucursales_de_seguros_Aegon_Seguros_en_Almeria\" >Mapa de sucursales de seguros Aeg\u00f3n Seguros en Almer\u00eda<\/a><\/li><li class='ez-toc-page-1 ez-toc-heading-level-2'><a class=\"ez-toc-link ez-toc-heading-3\" href=\"https:\/\/idecesos.com\/seguros\/companias\/aegon\/almeria\/#Listado_de_agencias_Aegon_Seguros_en_Almeria\" >Listado de agencias Aeg\u00f3n Seguros en Almer\u00eda<\/a><\/li><li class='ez-toc-page-1 ez-toc-heading-level-2'><a class=\"ez-toc-link ez-toc-heading-4\" href=\"https:\/\/idecesos.com\/seguros\/companias\/aegon\/almeria\/#Agencias_de_seguros_de_decesos_en_Almeria\" >Agencias de seguros de decesos en Almer\u00eda<\/a><ul class='ez-toc-list-level-3' ><li class='ez-toc-heading-level-3'><a class=\"ez-toc-link ez-toc-heading-5\" href=\"https:\/\/idecesos.com\/seguros\/companias\/aegon\/almeria\/#Listado_de_oficinas_Aegon_Seguros_en_Espana\" >Listado de oficinas Aeg\u00f3n Seguros en Espa\u00f1a<\/a><\/li><li class='ez-toc-page-1 ez-toc-heading-level-3'><a class=\"ez-toc-link ez-toc-heading-6\" href=\"https:\/\/idecesos.com\/seguros\/companias\/aegon\/almeria\/#Paginas_relacionadas\" >P\u00e1ginas relacionadas<\/a><\/li><\/ul><\/li><\/ul><\/nav><\/div>\n<p><br \/>\n<a href=\"https:\/\/idecesos.com\/seguros\/companias\/aegon\/\"><img decoding=\"async\" class=\" alignleft\" src=\"https:\/\/idecesos.com\/seguros\/wp-content\/uploads\/2021\/11\/logo-Aegon.png\" alt=\"Seguro de decesos Aeg\u00f3n Seguros\" width=\"336\" height=\"103\" \/><\/a>Cuentas con diferentes sucursales de Aeg\u00f3n Seguros en Almer\u00eda recibiendo en todo instante un asesoramiento detallado con una atenci\u00f3n personal. En cual vas a poder asistir en sus horarios marcados.<br \/>\nEn momentos importantes nos resultara \u00fatil poder conocer donde se hallan las diferentes oficinas de Aeg\u00f3n Seguros a nuestro alcance en Almer\u00eda. Te solventaran todos y cada uno de los fallos de una forma m\u00e1s f\u00e1cil.<\/p>\n<p>\u00bfSabes que puede haber a tu alrededor m\u00e1s de 1. 000 aseguradoras?Por este motivo te <strong>resultara m\u00e1s f\u00e1cil conocer las diferentes oficinas de cada Almer\u00eda<\/strong>, garantiz\u00e1ndote en todo momento que la experiencia sea la correcta y la que precises en esos instantes. \u00a0Desde estos instantes podr\u00e1s obtener las distintas oficinas de Aeg\u00f3n Seguros en Almer\u00eda donde vas a poder elegir a las necesidades que tienes, y te dan la fiabilidad de resolverte el problema hasta el final del proceso.<\/p>\n<p>Visita nuestra p\u00e1gina de <a href=\"https:\/\/idecesos.com\/seguros\/companias\/aegon\/\">seguros de decesos Aeg\u00f3n Seguros<\/a> para m\u00e1s informaci\u00f3n.<\/p>\n<div class=\"colorf \"  ><div class=\"container clearfix\"><div class=\"col-md-7\">\n<h2><span class=\"ez-toc-section\" id=\"Seguro_de_decesos_Aegon_Seguros_en_Almeria\"><\/span>Seguro de decesos Aeg\u00f3n Seguros en Almer\u00eda<span class=\"ez-toc-section-end\"><\/span><\/h2>\n<p>\u00bfQuieres conseguir en menos de 1 minuto tu presupuesto? te damos la ventaja que lo puedes tener al momento, al ser una de las l\u00edderes en el sector como empresa aseguradora de decesos dispones de sucursales de Aeg\u00f3n Seguros en Almer\u00eda. Nos gusta obsequiar comodidad y calma, por esta raz\u00f3n te damos la ventaja de obtener de forma inmediata tu presupuesto de seguro, evit\u00e1ndote todos y cada uno de los inconvenientes. No precisa de muchos pasos, en menos de 1 minuto tendr\u00e1s toda la informaci\u00f3n precisa y separada para que lo gestiones y lo valores de una manera eficaz.<\/p>\n<p><strong>Ver m\u00e1s:<\/strong> <a href=\"https:\/\/idecesos.com\/seguros\/ciudades\/almeria\/\">Seguros de decesos en Almer\u00eda<\/a><\/p>\n<p>En Almer\u00eda queremos cubrirte como empresa aseguradora lo mejor para ti y tu familia donde cuentes con servicio de \u00edndole, amoldado para ti en todo momento. Deseamos que cuentes en todo instante con el poder ayudarte con tus problemas, pudiendo as\u00ed solicitar tu cita previa en menos de 1 segundo. \u00bfDudas de Aeg\u00f3n Seguros? te la resolvemos al instante. Si en alg\u00fan momento te lo has cuestionado, te damos las respuestas a todo de manera m\u00e1s sencilla. <strong>M\u00e1s simple no te lo hemos podido poner<\/strong>, con este formulario conseguir\u00e1s tu cita o presupuesto, seg\u00fan lo que necesites. Sin necesidad de muchos tramites, darte la soluci\u00f3n no nos cuesta nada.<\/p>\n<p><\/div><\/div><\/div>\n\t\t<hr class=\"separador\">\n\t\t<div class=\"bloque-accion\">\n\t\t<p class=\"txt-accion\">Calcula el precio de tu seguro de decesos en menos de 1 minuto<\/p>\n\t\t<a class=\"btn-accion\" href=\"https:\/\/idecesos.com\/\">CALCULAR<\/a>\n\t\t<\/div>\n\t\t<hr class=\"separador\">\n\t\t<\/p>\n<h2><span class=\"ez-toc-section\" id=\"Mapa_de_sucursales_de_seguros_Aegon_Seguros_en_Almeria\"><\/span>Mapa de sucursales de seguros Aeg\u00f3n Seguros en Almer\u00eda<span class=\"ez-toc-section-end\"><\/span><\/h2>\n<p>Veras que dispones de un <strong>localizador de oficinas en Aeg\u00f3n Seguros<\/strong> en Almer\u00eda donde obtendr\u00e1s todo lo que precises, teniendo as\u00ed un mapa por cada Aeg\u00f3n Seguros en Almer\u00eda. Sabemos lo importante que es poder contar en todo momento con buenos resultados, por este motivo en cada b\u00fasqueda quedara cubierto por calidad. En un caso as\u00ed lo obtendr\u00e1s al instante. Nos gusta facilitarte la vida por eso pensamos en las mejores opciones para que puedas solventar tus dudas.<\/p>\n<p><iframe class=\"page-generator-pro-map\" style=\"border: 0;\" src=\"https:\/\/www.google.com\/maps\/embed\/v1\/place?q=Almer%C3%ADa%2C+Espa%C3%B1a&amp;zoom=14&amp;maptype=roadmap&amp;key=AIzaSyCNTEOso0tZG6YMSJFoaJEY5Th1stEWrJI\" width=\"100%\" height=\"400\" frameborder=\"0\" allowfullscreen=\"allowfullscreen\"><\/iframe><\/p>\n<div class=\"colorf\"><div class=\"container clearfix\"><div class=\"col-md-7\"><div class=\"empresas\">\n<h2><span class=\"ez-toc-section\" id=\"Listado_de_agencias_Aegon_Seguros_en_Almeria\"><\/span>Listado de agencias Aeg\u00f3n Seguros en Almer\u00eda<span class=\"ez-toc-section-end\"><\/span><\/h2>\n<ul>\n<li><strong>Compa\u00f1\u00eda de seguros m\u00e9dicos Espa\u00f1a:<\/strong> 04001<\/li>\n<\/ul>\n<\/div><\/div><\/div><\/div>\n<h2><span class=\"ez-toc-section\" id=\"Agencias_de_seguros_de_decesos_en_Almeria\"><\/span>Agencias de seguros de decesos en Almer\u00eda<span class=\"ez-toc-section-end\"><\/span><\/h2>\n<p>Te damos la soluci\u00f3n a tu rompederos de cabeza, te facilitamos un gran listado de seguros de decesos en Almer\u00eda, accediendo a el de manera r\u00e1pida y sencilla. No solo cuentas con eso, asimismo vas a tener la informaci\u00f3n referente a cada uno de ellos de ellos. Todo que precisas saber en cuesti\u00f3n de un clic, resuelve todos tus inconvenientes de inmediato. Te facilitamos como absolutamente nadie m\u00e1s lo hace en el mercado.<\/p>\n<div class=\"colorf\"><div class=\"container clearfix\"><div class=\"col-md-7\"><div class=\"empresas\">\n<h3><span class=\"ez-toc-section\" id=\"Listado_de_oficinas_Aegon_Seguros_en_Espana\"><\/span>Listado de oficinas Aeg\u00f3n Seguros en Espa\u00f1a<span class=\"ez-toc-section-end\"><\/span><\/h3>\n<p><!-- Shortcode [aegon-oficinas] does not exist --><\/div><\/div><\/div><\/div><\/p>\n<p><div class=\"oficinas\"><br \/>\n<h3><span class=\"ez-toc-section\" id=\"Paginas_relacionadas\"><\/span>P\u00e1ginas relacionadas<span class=\"ez-toc-section-end\"><\/span><\/h3><div class=\"enlazado\"><ul> <li><a href=\"https:\/\/idecesos.com\/seguros\/companias\/aegon\/opiniones\/\">Opiniones AEGON<\/a><\/li> <li><a href=\"https:\/\/idecesos.com\/seguros\/companias\/aegon\/precio\/\">Precio seguro Aegon<\/a><\/li> <li><a href=\"https:\/\/idecesos.com\/seguros\/companias\/aegon\/prima-mixta\/\">Aegon Prima Mixta<\/a><\/li> <li><a href=\"https:\/\/idecesos.com\/seguros\/companias\/aegon\/prima-natural\/\">Aegon Prima Natural<\/a><\/li> <li><a href=\"https:\/\/idecesos.com\/seguros\/companias\/aegon\/prima-nivelada\/\">Aegon Prima Nivelada<\/a><\/li> <li><a href=\"https:\/\/idecesos.com\/seguros\/companias\/aegon\/prima-unica\/\">Aegon Prima \u00danica<\/a><\/li> <li><a href=\"https:\/\/idecesos.com\/seguros\/companias\/aegon\/repatriacion\/\">Aegon Repatriaci\u00f3n<\/a><\/li> <li><a href=\"https:\/\/idecesos.com\/seguros\/companias\/aegon\/telefono\/\">Tel\u00e9fono Gratuito Aegon<\/a><\/li><\/ul><\/div><br \/>\n<\/div><\/p>\n","protected":false},"excerpt":{"rendered":"<p>Cuentas con diferentes sucursales de Aeg\u00f3n Seguros en Almer\u00eda recibiendo en todo instante un asesoramiento detallado con una atenci\u00f3n personal. En cual vas a poder asistir en sus horarios marcados. En momentos importantes nos resultara \u00fatil poder conocer donde se hallan las diferentes oficinas de Aeg\u00f3n Seguros a nuestro alcance en Almer\u00eda. Te solventaran todos&hellip; <\/p>\n","protected":false},"author":1,"featured_media":0,"parent":9512,"menu_order":0,"comment_status":"closed","ping_status":"closed","template":"","meta":{"footnotes":""},"class_list":["post-16154","page","type-page","status-publish","hentry"],"yoast_head":"<!-- This site is optimized with the Yoast SEO plugin v27.5 - https:\/\/yoast.com\/product\/yoast-seo-wordpress\/ -->\n<title>Oficinas Aeg\u00f3n Seguros en Almer\u00eda \u25b7Tel\u00e9fonos, Horarios, Direcci\u00f3n<\/title>\n<meta name=\"description\" content=\"Lista completa de Oficinas Aeg\u00f3n Seguros en Almer\u00eda Horarios, \u2706 tel\u00e9fonos y direcciones actualizados en 2026 \u2611\ufe0f Verificado por iDecesos.\" \/>\n<meta name=\"robots\" content=\"index, follow, max-snippet:-1, max-image-preview:large, max-video-preview:-1\" \/>\n<link rel=\"canonical\" href=\"https:\/\/idecesos.com\/seguros\/companias\/aegon\/almeria\/\" \/>\n<meta property=\"og:locale\" content=\"es_ES\" \/>\n<meta property=\"og:type\" content=\"article\" \/>\n<meta property=\"og:title\" content=\"Oficinas Aeg\u00f3n Seguros en Almer\u00eda \u25b7Tel\u00e9fonos, Horarios, Direcci\u00f3n\" \/>\n<meta property=\"og:description\" content=\"Lista completa de Oficinas Aeg\u00f3n Seguros en Almer\u00eda Horarios, \u2706 tel\u00e9fonos y direcciones actualizados en 2026 \u2611\ufe0f Verificado por iDecesos.\" \/>\n<meta property=\"og:url\" content=\"https:\/\/idecesos.com\/seguros\/companias\/aegon\/almeria\/\" \/>\n<meta property=\"article:modified_time\" content=\"2024-12-02T09:08:35+00:00\" \/>\n<meta property=\"og:image\" content=\"https:\/\/idecesos.com\/seguros\/wp-content\/uploads\/2021\/11\/logo-Aegon.png\" \/>\n<meta name=\"twitter:card\" content=\"summary_large_image\" \/>\n<meta name=\"twitter:label1\" content=\"Tiempo de lectura\" \/>\n\t<meta name=\"twitter:data1\" content=\"3 minutos\" \/>\n<script type=\"application\/ld+json\" class=\"yoast-schema-graph\">{\"@context\":\"https:\\\/\\\/schema.org\",\"@graph\":[{\"@type\":\"WebPage\",\"@id\":\"https:\\\/\\\/idecesos.com\\\/seguros\\\/companias\\\/aegon\\\/almeria\\\/\",\"url\":\"https:\\\/\\\/idecesos.com\\\/seguros\\\/companias\\\/aegon\\\/almeria\\\/\",\"name\":\"Oficinas Aeg\u00f3n Seguros en Almer\u00eda \u25b7Tel\u00e9fonos, Horarios, Direcci\u00f3n\",\"isPartOf\":{\"@id\":\"https:\\\/\\\/idecesos.com\\\/seguros\\\/#website\"},\"primaryImageOfPage\":{\"@id\":\"https:\\\/\\\/idecesos.com\\\/seguros\\\/companias\\\/aegon\\\/almeria\\\/#primaryimage\"},\"image\":{\"@id\":\"https:\\\/\\\/idecesos.com\\\/seguros\\\/companias\\\/aegon\\\/almeria\\\/#primaryimage\"},\"thumbnailUrl\":\"https:\\\/\\\/idecesos.com\\\/seguros\\\/wp-content\\\/uploads\\\/2021\\\/11\\\/logo-Aegon.png\",\"datePublished\":\"2021-11-27T18:52:59+00:00\",\"dateModified\":\"2024-12-02T09:08:35+00:00\",\"description\":\"Lista completa de Oficinas Aeg\u00f3n Seguros en Almer\u00eda Horarios, \u2706 tel\u00e9fonos y direcciones actualizados en 2026 \u2611\ufe0f Verificado por iDecesos.\",\"breadcrumb\":{\"@id\":\"https:\\\/\\\/idecesos.com\\\/seguros\\\/companias\\\/aegon\\\/almeria\\\/#breadcrumb\"},\"inLanguage\":\"es\",\"potentialAction\":[{\"@type\":\"ReadAction\",\"target\":[\"https:\\\/\\\/idecesos.com\\\/seguros\\\/companias\\\/aegon\\\/almeria\\\/\"]}]},{\"@type\":\"ImageObject\",\"inLanguage\":\"es\",\"@id\":\"https:\\\/\\\/idecesos.com\\\/seguros\\\/companias\\\/aegon\\\/almeria\\\/#primaryimage\",\"url\":\"https:\\\/\\\/idecesos.com\\\/seguros\\\/wp-content\\\/uploads\\\/2021\\\/11\\\/logo-Aegon.png\",\"contentUrl\":\"https:\\\/\\\/idecesos.com\\\/seguros\\\/wp-content\\\/uploads\\\/2021\\\/11\\\/logo-Aegon.png\",\"width\":245,\"height\":98},{\"@type\":\"BreadcrumbList\",\"@id\":\"https:\\\/\\\/idecesos.com\\\/seguros\\\/companias\\\/aegon\\\/almeria\\\/#breadcrumb\",\"itemListElement\":[{\"@type\":\"ListItem\",\"position\":1,\"name\":\"Portada\",\"item\":\"https:\\\/\\\/idecesos.com\\\/seguros\\\/\"},{\"@type\":\"ListItem\",\"position\":2,\"name\":\"Compa\u00f1\u00edas de Seguros de Decesos en Espa\u00f1a\",\"item\":\"https:\\\/\\\/idecesos.com\\\/seguros\\\/companias\\\/\"},{\"@type\":\"ListItem\",\"position\":3,\"name\":\"Seguro de decesos AEGON\",\"item\":\"https:\\\/\\\/idecesos.com\\\/seguros\\\/companias\\\/aegon\\\/\"},{\"@type\":\"ListItem\",\"position\":4,\"name\":\"Oficinas seguros de decesos Aeg\u00f3n Seguros en Almer\u00eda\"}]},{\"@type\":\"WebSite\",\"@id\":\"https:\\\/\\\/idecesos.com\\\/seguros\\\/#website\",\"url\":\"https:\\\/\\\/idecesos.com\\\/seguros\\\/\",\"name\":\"\",\"description\":\"\",\"potentialAction\":[{\"@type\":\"SearchAction\",\"target\":{\"@type\":\"EntryPoint\",\"urlTemplate\":\"https:\\\/\\\/idecesos.com\\\/seguros\\\/?s={search_term_string}\"},\"query-input\":{\"@type\":\"PropertyValueSpecification\",\"valueRequired\":true,\"valueName\":\"search_term_string\"}}],\"inLanguage\":\"es\"}]}<\/script>\n<!-- \/ Yoast SEO plugin. -->","yoast_head_json":{"title":"Oficinas Aeg\u00f3n Seguros en Almer\u00eda \u25b7Tel\u00e9fonos, Horarios, Direcci\u00f3n","description":"Lista completa de Oficinas Aeg\u00f3n Seguros en Almer\u00eda Horarios, \u2706 tel\u00e9fonos y direcciones actualizados en 2026 \u2611\ufe0f Verificado por iDecesos.","robots":{"index":"index","follow":"follow","max-snippet":"max-snippet:-1","max-image-preview":"max-image-preview:large","max-video-preview":"max-video-preview:-1"},"canonical":"https:\/\/idecesos.com\/seguros\/companias\/aegon\/almeria\/","og_locale":"es_ES","og_type":"article","og_title":"Oficinas Aeg\u00f3n Seguros en Almer\u00eda \u25b7Tel\u00e9fonos, Horarios, Direcci\u00f3n","og_description":"Lista completa de Oficinas Aeg\u00f3n Seguros en Almer\u00eda Horarios, \u2706 tel\u00e9fonos y direcciones actualizados en 2026 \u2611\ufe0f Verificado por iDecesos.","og_url":"https:\/\/idecesos.com\/seguros\/companias\/aegon\/almeria\/","article_modified_time":"2024-12-02T09:08:35+00:00","og_image":[{"url":"https:\/\/idecesos.com\/seguros\/wp-content\/uploads\/2021\/11\/logo-Aegon.png","type":"","width":"","height":""}],"twitter_card":"summary_large_image","twitter_misc":{"Tiempo de lectura":"3 minutos"},"schema":{"@context":"https:\/\/schema.org","@graph":[{"@type":"WebPage","@id":"https:\/\/idecesos.com\/seguros\/companias\/aegon\/almeria\/","url":"https:\/\/idecesos.com\/seguros\/companias\/aegon\/almeria\/","name":"Oficinas Aeg\u00f3n Seguros en Almer\u00eda \u25b7Tel\u00e9fonos, Horarios, Direcci\u00f3n","isPartOf":{"@id":"https:\/\/idecesos.com\/seguros\/#website"},"primaryImageOfPage":{"@id":"https:\/\/idecesos.com\/seguros\/companias\/aegon\/almeria\/#primaryimage"},"image":{"@id":"https:\/\/idecesos.com\/seguros\/companias\/aegon\/almeria\/#primaryimage"},"thumbnailUrl":"https:\/\/idecesos.com\/seguros\/wp-content\/uploads\/2021\/11\/logo-Aegon.png","datePublished":"2021-11-27T18:52:59+00:00","dateModified":"2024-12-02T09:08:35+00:00","description":"Lista completa de Oficinas Aeg\u00f3n Seguros en Almer\u00eda Horarios, \u2706 tel\u00e9fonos y direcciones actualizados en 2026 \u2611\ufe0f Verificado por iDecesos.","breadcrumb":{"@id":"https:\/\/idecesos.com\/seguros\/companias\/aegon\/almeria\/#breadcrumb"},"inLanguage":"es","potentialAction":[{"@type":"ReadAction","target":["https:\/\/idecesos.com\/seguros\/companias\/aegon\/almeria\/"]}]},{"@type":"ImageObject","inLanguage":"es","@id":"https:\/\/idecesos.com\/seguros\/companias\/aegon\/almeria\/#primaryimage","url":"https:\/\/idecesos.com\/seguros\/wp-content\/uploads\/2021\/11\/logo-Aegon.png","contentUrl":"https:\/\/idecesos.com\/seguros\/wp-content\/uploads\/2021\/11\/logo-Aegon.png","width":245,"height":98},{"@type":"BreadcrumbList","@id":"https:\/\/idecesos.com\/seguros\/companias\/aegon\/almeria\/#breadcrumb","itemListElement":[{"@type":"ListItem","position":1,"name":"Portada","item":"https:\/\/idecesos.com\/seguros\/"},{"@type":"ListItem","position":2,"name":"Compa\u00f1\u00edas de Seguros de Decesos en Espa\u00f1a","item":"https:\/\/idecesos.com\/seguros\/companias\/"},{"@type":"ListItem","position":3,"name":"Seguro de decesos AEGON","item":"https:\/\/idecesos.com\/seguros\/companias\/aegon\/"},{"@type":"ListItem","position":4,"name":"Oficinas seguros de decesos Aeg\u00f3n Seguros en Almer\u00eda"}]},{"@type":"WebSite","@id":"https:\/\/idecesos.com\/seguros\/#website","url":"https:\/\/idecesos.com\/seguros\/","name":"","description":"","potentialAction":[{"@type":"SearchAction","target":{"@type":"EntryPoint","urlTemplate":"https:\/\/idecesos.com\/seguros\/?s={search_term_string}"},"query-input":{"@type":"PropertyValueSpecification","valueRequired":true,"valueName":"search_term_string"}}],"inLanguage":"es"}]}},"_links":{"self":[{"href":"https:\/\/idecesos.com\/seguros\/wp-json\/wp\/v2\/pages\/16154","targetHints":{"allow":["GET"]}}],"collection":[{"href":"https:\/\/idecesos.com\/seguros\/wp-json\/wp\/v2\/pages"}],"about":[{"href":"https:\/\/idecesos.com\/seguros\/wp-json\/wp\/v2\/types\/page"}],"author":[{"embeddable":true,"href":"https:\/\/idecesos.com\/seguros\/wp-json\/wp\/v2\/users\/1"}],"replies":[{"embeddable":true,"href":"https:\/\/idecesos.com\/seguros\/wp-json\/wp\/v2\/comments?post=16154"}],"version-history":[{"count":4,"href":"https:\/\/idecesos.com\/seguros\/wp-json\/wp\/v2\/pages\/16154\/revisions"}],"predecessor-version":[{"id":22065,"href":"https:\/\/idecesos.com\/seguros\/wp-json\/wp\/v2\/pages\/16154\/revisions\/22065"}],"up":[{"embeddable":true,"href":"https:\/\/idecesos.com\/seguros\/wp-json\/wp\/v2\/pages\/9512"}],"wp:attachment":[{"href":"https:\/\/idecesos.com\/seguros\/wp-json\/wp\/v2\/media?parent=16154"}],"curies":[{"name":"wp","href":"https:\/\/api.w.org\/{rel}","templated":true}]}}