{"id":16157,"date":"2021-11-27T18:53:02","date_gmt":"2021-11-27T18:53:02","guid":{"rendered":"https:\/\/idecesos.com\/seguros\/companias\/aegon\/cordoba\/"},"modified":"2021-11-27T18:53:02","modified_gmt":"2021-11-27T18:53:02","slug":"cordoba","status":"publish","type":"page","link":"https:\/\/idecesos.com\/seguros\/companias\/aegon\/cordoba\/","title":{"rendered":"Oficinas seguros de decesos Aeg\u00f3n Seguros en C\u00f3rdoba"},"content":{"rendered":"<div id=\"ez-toc-container\" class=\"ez-toc-v2_0_82_2 ez-toc-wrap-center counter-hierarchy ez-toc-counter ez-toc-custom ez-toc-container-direction\">\n<div class=\"ez-toc-title-container\">\n<p class=\"ez-toc-title\" style=\"cursor:inherit\">Tabla de Contenido<\/p>\n<span class=\"ez-toc-title-toggle\"><a href=\"#\" class=\"ez-toc-pull-right ez-toc-btn ez-toc-btn-xs ez-toc-btn-default ez-toc-toggle\" aria-label=\"Alternar tabla de contenidos\"><span class=\"ez-toc-js-icon-con\"><span class=\"\"><span class=\"eztoc-hide\" style=\"display:none;\">Toggle<\/span><span class=\"ez-toc-icon-toggle-span\"><svg style=\"fill: #db6415;color:#db6415\" xmlns=\"http:\/\/www.w3.org\/2000\/svg\" class=\"list-377408\" width=\"20px\" height=\"20px\" viewBox=\"0 0 24 24\" fill=\"none\"><path d=\"M6 6H4v2h2V6zm14 0H8v2h12V6zM4 11h2v2H4v-2zm16 0H8v2h12v-2zM4 16h2v2H4v-2zm16 0H8v2h12v-2z\" fill=\"currentColor\"><\/path><\/svg><svg style=\"fill: #db6415;color:#db6415\" class=\"arrow-unsorted-368013\" xmlns=\"http:\/\/www.w3.org\/2000\/svg\" width=\"10px\" height=\"10px\" viewBox=\"0 0 24 24\" version=\"1.2\" baseProfile=\"tiny\"><path d=\"M18.2 9.3l-6.2-6.3-6.2 6.3c-.2.2-.3.4-.3.7s.1.5.3.7c.2.2.4.3.7.3h11c.3 0 .5-.1.7-.3.2-.2.3-.5.3-.7s-.1-.5-.3-.7zM5.8 14.7l6.2 6.3 6.2-6.3c.2-.2.3-.5.3-.7s-.1-.5-.3-.7c-.2-.2-.4-.3-.7-.3h-11c-.3 0-.5.1-.7.3-.2.2-.3.5-.3.7s.1.5.3.7z\"\/><\/svg><\/span><\/span><\/span><\/a><\/span><\/div>\n<nav><ul class='ez-toc-list ez-toc-list-level-1 ' ><li class='ez-toc-page-1 ez-toc-heading-level-2'><a class=\"ez-toc-link ez-toc-heading-1\" href=\"https:\/\/idecesos.com\/seguros\/companias\/aegon\/cordoba\/#Seguro_de_decesos_Aegon_Seguros_en_Cordoba\" >Seguro de decesos Aeg\u00f3n Seguros en C\u00f3rdoba<\/a><\/li><li class='ez-toc-page-1 ez-toc-heading-level-2'><a class=\"ez-toc-link ez-toc-heading-2\" href=\"https:\/\/idecesos.com\/seguros\/companias\/aegon\/cordoba\/#Mapa_de_oficinas_de_seguros_Aegon_Seguros_en_Cordoba\" >Mapa de oficinas de seguros Aeg\u00f3n Seguros en C\u00f3rdoba<\/a><\/li><li class='ez-toc-page-1 ez-toc-heading-level-2'><a class=\"ez-toc-link ez-toc-heading-3\" href=\"https:\/\/idecesos.com\/seguros\/companias\/aegon\/cordoba\/#Listado_de_sucursales_Aegon_Seguros_en_Cordoba\" >Listado de sucursales Aeg\u00f3n Seguros en C\u00f3rdoba<\/a><\/li><li class='ez-toc-page-1 ez-toc-heading-level-2'><a class=\"ez-toc-link ez-toc-heading-4\" href=\"https:\/\/idecesos.com\/seguros\/companias\/aegon\/cordoba\/#Agencias_de_seguros_de_decesos_en_Cordoba\" >Agencias de seguros de decesos en C\u00f3rdoba<\/a><ul class='ez-toc-list-level-3' ><li class='ez-toc-heading-level-3'><a class=\"ez-toc-link ez-toc-heading-5\" href=\"https:\/\/idecesos.com\/seguros\/companias\/aegon\/cordoba\/#Listado_de_oficinas_Aegon_Seguros_en_Espana\" >Listado de oficinas Aeg\u00f3n Seguros en Espa\u00f1a<\/a><\/li><li class='ez-toc-page-1 ez-toc-heading-level-3'><a class=\"ez-toc-link ez-toc-heading-6\" href=\"https:\/\/idecesos.com\/seguros\/companias\/aegon\/cordoba\/#Paginas_relacionadas\" >P\u00e1ginas relacionadas<\/a><\/li><\/ul><\/li><\/ul><\/nav><\/div>\n<p><br \/>\n<a href=\"https:\/\/idecesos.com\/seguros\/companias\/aegon\/\"><img decoding=\"async\" class=\" alignleft\" src=\"https:\/\/idecesos.com\/seguros\/wp-content\/uploads\/2021\/11\/logo-Aegon.png\" alt=\"Seguro de decesos Aeg\u00f3n Seguros\" width=\"336\" height=\"103\" \/><\/a>Las sucursales de Aeg\u00f3n Seguros est\u00e1n ubicadas en distintos lugares, ponemos a tu <strong>disposici\u00f3n de Aeg\u00f3n Seguros en C\u00f3rdoba<\/strong> donde las posibilidades son de las m\u00e1s adecuadas y pertinentes para la administraci\u00f3n. En cual vas a recibir una atenci\u00f3n adaptada, que cuenta con una experiencia de muchos a\u00f1os en el \u00e1mbito. Te damos accedo a nuestros servicio de forma r\u00e1pida y c\u00f3moda. Cada sucursal de Aeg\u00f3n Seguros en C\u00f3rdoba podr\u00e1s saber si est\u00e1 en tu misma localizaci\u00f3n, para asesorarte en todo instante. <\/p>\n<p>Para facilitarte la localizaci\u00f3n de las oficinas de Aeg\u00f3n Seguros en C\u00f3rdoba y asegurarte la disponibilidad con un servicio de calidad, lo m\u00e1s resaltable que no tendr\u00e1s problemas por encontrar uno en tu zona. Gestionan tus cuestiones de forma instant\u00e1nea, con su p\u00f3liza le aseguran un servicio cualificado y especializado. Las <strong>sucursales de Aeg\u00f3n Seguros en C\u00f3rdoba<\/strong> resaltan por el desarrollo importante que tienen a fin de cuentas durante el proceso. <\/p>\n<p>Visita nuestra p\u00e1gina de <a href=\"https:\/\/idecesos.com\/seguros\/companias\/aegon\/\">seguros de decesos Aeg\u00f3n Seguros<\/a> para m\u00e1s informaci\u00f3n.<\/p>\n<div class=\"colorf \"  ><div class=\"container clearfix\"><div class=\"col-md-7\">\n<h2><span class=\"ez-toc-section\" id=\"Seguro_de_decesos_Aegon_Seguros_en_Cordoba\"><\/span>Seguro de decesos Aeg\u00f3n Seguros en C\u00f3rdoba<span class=\"ez-toc-section-end\"><\/span><\/h2>\n<p>Te obsequiamos la informaci\u00f3n de poder conocer de d\u00f3nde dispones de cada oficina de <strong>Aeg\u00f3n Seguros en C\u00f3rdoba<\/strong> result\u00e1ndote m\u00e1s c\u00f3modo, lideramos las listas de compa\u00f1\u00edas de seguros de decesos. Ahora es el instante de poder lograr tu presupuesto de seguro con una manera inmediata, no vaciles m\u00e1s y pon soluci\u00f3n a tus problemas con las herramientas que te facilitamos. \u00bfDe qu\u00e9 forma ahorrar tiempo? Tan f\u00e1cil como conseguir la informaci\u00f3n que precises en menos de un 1 minuto, para que lo gestiones de una forma m\u00e1s f\u00e1cil. <\/p>\n<p><strong>Ver m\u00e1s:<\/strong> <a href=\"https:\/\/idecesos.com\/seguros\/ciudades\/cordoba\/\">Seguros de decesos en C\u00f3rdoba<\/a><\/p>\n<p>Adem\u00e1s de asegurarte y cubrir tus servicios m\u00e1s esenciales,<strong> te facilitamos que en C\u00f3rdoba<\/strong> se amolden a ti, d\u00e1ndote la mejor calidad. Deseamos que cuentes en todo instante con el poder ayudarte con tus problemas, pudiendo de esta forma pedir tu cita anterior en menos de 1 segundo. Solucionar tus dudas de Aeg\u00f3n Seguros nunca hab\u00eda sido tan f\u00e1cil. Si en alg\u00fan momento te lo has cuestionado, te damos las respuestas a todo de forma m\u00e1s sencilla. <strong>M\u00e1s f\u00e1cil no te lo hemos podido poner<\/strong>, con este formulario conseguir\u00e1s tu cita o presupuesto, seg\u00fan lo que necesites. Te lo ponemos poco a poco m\u00e1s simple, evit\u00e1ndote cualquier problema que pueda surgir. <\/p>\n<p><\/div><\/div><\/div>\n\t\t<hr class=\"separador\">\n\t\t<div class=\"bloque-accion\">\n\t\t<p class=\"txt-accion\">Calcula el precio de tu seguro de decesos en menos de 1 minuto<\/p>\n\t\t<a class=\"btn-accion\" href=\"https:\/\/idecesos.com\/\">CALCULAR<\/a>\n\t\t<\/div>\n\t\t<hr class=\"separador\">\n\t\t<\/p>\n<h2><span class=\"ez-toc-section\" id=\"Mapa_de_oficinas_de_seguros_Aegon_Seguros_en_Cordoba\"><\/span>Mapa de oficinas de seguros Aeg\u00f3n Seguros en C\u00f3rdoba<span class=\"ez-toc-section-end\"><\/span><\/h2>\n<p>Con nuestro localizador de sucursales de Aeg\u00f3n Seguros en C\u00f3rdoba junto con el mapa por Aeg\u00f3n Seguros en C\u00f3rdoba te resultara m\u00e1s eficaz y considerablemente m\u00e1s veloz. Tramit\u00e1ndolo de manera que lo tengas a tu alcance. Con el objetivo de que en el proceso dure lo menos posible, ahorr\u00e1ndote tiempo y asegur\u00e1ndote que tu tiempo quede invertido. Te ahorramos perder el tiempo, haci\u00e9ndolo m\u00e1s polivalente. Merced al localizar te ahorra inconvenientes a la hora de la busca. <\/p>\n<p><iframe class=\"page-generator-pro-map\" width=\"100%\" height=\"400\" frameborder=\"0\" style=\"border:0\" src=\"https:\/\/www.google.com\/maps\/embed\/v1\/place?q=C%C3%B3rdoba%2C+Espa%C3%B1a&#038;zoom=14&#038;maptype=roadmap&#038;key=AIzaSyCNTEOso0tZG6YMSJFoaJEY5Th1stEWrJI\" allowfullscreen><\/iframe><\/p>\n<div class=\"colorf\"><div class=\"container clearfix\"><div class=\"col-md-7\"><div class=\"empresas\">\n<h2><span class=\"ez-toc-section\" id=\"Listado_de_sucursales_Aegon_Seguros_en_Cordoba\"><\/span>Listado de sucursales Aeg\u00f3n Seguros en C\u00f3rdoba<span class=\"ez-toc-section-end\"><\/span><\/h2>\n<ul>\n<li><strong>Compa\u00f1\u00eda de seguros Espa\u00f1a:<\/strong> 14008<\/li>\n<\/ul>\n<\/div><\/div><\/div><\/div>\n<h2><span class=\"ez-toc-section\" id=\"Agencias_de_seguros_de_decesos_en_Cordoba\"><\/span>Agencias de seguros de decesos en C\u00f3rdoba<span class=\"ez-toc-section-end\"><\/span><\/h2>\n<p>De una manera m\u00e1s simple podr\u00e1s tener a tu alcance el <strong>listado de compa\u00f1\u00eda aseguradora de defunci\u00f3n en C\u00f3rdoba<\/strong> en el encontrases toda la informaci\u00f3n oportuna, para una mejora administraci\u00f3n del mismo. Te resultara tan \u00fatil que no podr\u00e1s cre\u00e9rtelo, y lo funcional que resulta, donde vas a ver toda la informaci\u00f3n valiosa a este respecto. Para cuando m\u00e1s falta te haga, lo tendr\u00e1s libre en cualquier tipo de circunstancias, sin necesidad de dudar tanto. Siempre pensando en hacerte la b\u00fasqueda m\u00e1s simple. Vas a conocer las diferentes compa\u00f1\u00edas que se sit\u00faen en tu zona. <\/p>\n<div class=\"colorf\"><div class=\"container clearfix\"><div class=\"col-md-7\"><div class=\"empresas\">\n<h3><span class=\"ez-toc-section\" id=\"Listado_de_oficinas_Aegon_Seguros_en_Espana\"><\/span>Listado de oficinas Aeg\u00f3n Seguros en Espa\u00f1a<span class=\"ez-toc-section-end\"><\/span><\/h3>\n<p><!-- Shortcode [aegon-oficinas] does not exist --><\/div><\/div><\/div><\/div><\/p>\n<p><div class=\"oficinas\"><br \/>\n<h3><span class=\"ez-toc-section\" id=\"Paginas_relacionadas\"><\/span>P\u00e1ginas relacionadas<span class=\"ez-toc-section-end\"><\/span><\/h3><div class=\"enlazado\"><ul> <li><a href=\"https:\/\/idecesos.com\/seguros\/companias\/aegon\/opiniones\/\">Opiniones AEGON<\/a><\/li> <li><a href=\"https:\/\/idecesos.com\/seguros\/companias\/aegon\/precio\/\">Precio seguro Aegon<\/a><\/li> <li><a href=\"https:\/\/idecesos.com\/seguros\/companias\/aegon\/prima-mixta\/\">Aegon Prima Mixta<\/a><\/li> <li><a href=\"https:\/\/idecesos.com\/seguros\/companias\/aegon\/prima-natural\/\">Aegon Prima Natural<\/a><\/li> <li><a href=\"https:\/\/idecesos.com\/seguros\/companias\/aegon\/prima-nivelada\/\">Aegon Prima Nivelada<\/a><\/li> <li><a href=\"https:\/\/idecesos.com\/seguros\/companias\/aegon\/prima-unica\/\">Aegon Prima \u00danica<\/a><\/li> <li><a href=\"https:\/\/idecesos.com\/seguros\/companias\/aegon\/repatriacion\/\">Aegon Repatriaci\u00f3n<\/a><\/li> <li><a href=\"https:\/\/idecesos.com\/seguros\/companias\/aegon\/telefono\/\">Tel\u00e9fono Gratuito Aegon<\/a><\/li><\/ul><\/div><br \/>\n<\/div><\/p>\n","protected":false},"excerpt":{"rendered":"<p>Las sucursales de Aeg\u00f3n Seguros est\u00e1n ubicadas en distintos lugares, ponemos a tu disposici\u00f3n de Aeg\u00f3n Seguros en C\u00f3rdoba donde las posibilidades son de las m\u00e1s adecuadas y pertinentes para la administraci\u00f3n. En cual vas a recibir una atenci\u00f3n adaptada, que cuenta con una experiencia de muchos a\u00f1os en el \u00e1mbito. Te damos accedo a&hellip; <\/p>\n","protected":false},"author":0,"featured_media":0,"parent":9512,"menu_order":0,"comment_status":"closed","ping_status":"closed","template":"page-templates\/companies.php","meta":{"footnotes":""},"class_list":["post-16157","page","type-page","status-publish","hentry"],"yoast_head":"<!-- This site is optimized with the Yoast SEO plugin v27.5 - https:\/\/yoast.com\/product\/yoast-seo-wordpress\/ -->\n<title>Oficinas Aeg\u00f3n Seguros en C\u00f3rdoba \u25b7Tel\u00e9fonos, Horarios, Direcci\u00f3n<\/title>\n<meta name=\"description\" content=\"Lista completa de Oficinas Aeg\u00f3n Seguros en C\u00f3rdoba Horarios, \u2706 tel\u00e9fonos y direcciones actualizados en 2026 \u2611\ufe0f Verificado por iDecesos.\" \/>\n<meta name=\"robots\" content=\"index, follow, max-snippet:-1, max-image-preview:large, max-video-preview:-1\" \/>\n<link rel=\"canonical\" href=\"https:\/\/idecesos.com\/seguros\/companias\/aegon\/cordoba\/\" \/>\n<meta property=\"og:locale\" content=\"es_ES\" \/>\n<meta property=\"og:type\" content=\"article\" \/>\n<meta property=\"og:title\" content=\"Oficinas Aeg\u00f3n Seguros en C\u00f3rdoba \u25b7Tel\u00e9fonos, Horarios, Direcci\u00f3n\" \/>\n<meta property=\"og:description\" content=\"Lista completa de Oficinas Aeg\u00f3n Seguros en C\u00f3rdoba Horarios, \u2706 tel\u00e9fonos y direcciones actualizados en 2026 \u2611\ufe0f Verificado por iDecesos.\" \/>\n<meta property=\"og:url\" content=\"https:\/\/idecesos.com\/seguros\/companias\/aegon\/cordoba\/\" \/>\n<meta property=\"og:image\" content=\"https:\/\/idecesos.com\/seguros\/wp-content\/uploads\/2021\/11\/logo-Aegon.png\" \/>\n<meta name=\"twitter:card\" content=\"summary_large_image\" \/>\n<meta name=\"twitter:label1\" content=\"Tiempo de lectura\" \/>\n\t<meta name=\"twitter:data1\" content=\"39 minutos\" \/>\n<script type=\"application\/ld+json\" class=\"yoast-schema-graph\">{\"@context\":\"https:\\\/\\\/schema.org\",\"@graph\":[{\"@type\":\"WebPage\",\"@id\":\"https:\\\/\\\/idecesos.com\\\/seguros\\\/companias\\\/aegon\\\/cordoba\\\/\",\"url\":\"https:\\\/\\\/idecesos.com\\\/seguros\\\/companias\\\/aegon\\\/cordoba\\\/\",\"name\":\"Oficinas Aeg\u00f3n Seguros en C\u00f3rdoba \u25b7Tel\u00e9fonos, Horarios, Direcci\u00f3n\",\"isPartOf\":{\"@id\":\"https:\\\/\\\/idecesos.com\\\/seguros\\\/#website\"},\"primaryImageOfPage\":{\"@id\":\"https:\\\/\\\/idecesos.com\\\/seguros\\\/companias\\\/aegon\\\/cordoba\\\/#primaryimage\"},\"image\":{\"@id\":\"https:\\\/\\\/idecesos.com\\\/seguros\\\/companias\\\/aegon\\\/cordoba\\\/#primaryimage\"},\"thumbnailUrl\":\"https:\\\/\\\/idecesos.com\\\/seguros\\\/wp-content\\\/uploads\\\/2021\\\/11\\\/logo-Aegon.png\",\"datePublished\":\"2021-11-27T18:53:02+00:00\",\"description\":\"Lista completa de Oficinas Aeg\u00f3n Seguros en C\u00f3rdoba Horarios, \u2706 tel\u00e9fonos y direcciones actualizados en 2026 \u2611\ufe0f Verificado por iDecesos.\",\"breadcrumb\":{\"@id\":\"https:\\\/\\\/idecesos.com\\\/seguros\\\/companias\\\/aegon\\\/cordoba\\\/#breadcrumb\"},\"inLanguage\":\"es\",\"potentialAction\":[{\"@type\":\"ReadAction\",\"target\":[\"https:\\\/\\\/idecesos.com\\\/seguros\\\/companias\\\/aegon\\\/cordoba\\\/\"]}]},{\"@type\":\"ImageObject\",\"inLanguage\":\"es\",\"@id\":\"https:\\\/\\\/idecesos.com\\\/seguros\\\/companias\\\/aegon\\\/cordoba\\\/#primaryimage\",\"url\":\"https:\\\/\\\/idecesos.com\\\/seguros\\\/wp-content\\\/uploads\\\/2021\\\/11\\\/logo-Aegon.png\",\"contentUrl\":\"https:\\\/\\\/idecesos.com\\\/seguros\\\/wp-content\\\/uploads\\\/2021\\\/11\\\/logo-Aegon.png\",\"width\":245,\"height\":98},{\"@type\":\"BreadcrumbList\",\"@id\":\"https:\\\/\\\/idecesos.com\\\/seguros\\\/companias\\\/aegon\\\/cordoba\\\/#breadcrumb\",\"itemListElement\":[{\"@type\":\"ListItem\",\"position\":1,\"name\":\"Portada\",\"item\":\"https:\\\/\\\/idecesos.com\\\/seguros\\\/\"},{\"@type\":\"ListItem\",\"position\":2,\"name\":\"Compa\u00f1\u00edas de Seguros de Decesos en Espa\u00f1a\",\"item\":\"https:\\\/\\\/idecesos.com\\\/seguros\\\/companias\\\/\"},{\"@type\":\"ListItem\",\"position\":3,\"name\":\"Seguro de decesos AEGON\",\"item\":\"https:\\\/\\\/idecesos.com\\\/seguros\\\/companias\\\/aegon\\\/\"},{\"@type\":\"ListItem\",\"position\":4,\"name\":\"Oficinas seguros de decesos Aeg\u00f3n Seguros en C\u00f3rdoba\"}]},{\"@type\":\"WebSite\",\"@id\":\"https:\\\/\\\/idecesos.com\\\/seguros\\\/#website\",\"url\":\"https:\\\/\\\/idecesos.com\\\/seguros\\\/\",\"name\":\"\",\"description\":\"\",\"potentialAction\":[{\"@type\":\"SearchAction\",\"target\":{\"@type\":\"EntryPoint\",\"urlTemplate\":\"https:\\\/\\\/idecesos.com\\\/seguros\\\/?s={search_term_string}\"},\"query-input\":{\"@type\":\"PropertyValueSpecification\",\"valueRequired\":true,\"valueName\":\"search_term_string\"}}],\"inLanguage\":\"es\"}]}<\/script>\n<!-- \/ Yoast SEO plugin. -->","yoast_head_json":{"title":"Oficinas Aeg\u00f3n Seguros en C\u00f3rdoba \u25b7Tel\u00e9fonos, Horarios, Direcci\u00f3n","description":"Lista completa de Oficinas Aeg\u00f3n Seguros en C\u00f3rdoba Horarios, \u2706 tel\u00e9fonos y direcciones actualizados en 2026 \u2611\ufe0f Verificado por iDecesos.","robots":{"index":"index","follow":"follow","max-snippet":"max-snippet:-1","max-image-preview":"max-image-preview:large","max-video-preview":"max-video-preview:-1"},"canonical":"https:\/\/idecesos.com\/seguros\/companias\/aegon\/cordoba\/","og_locale":"es_ES","og_type":"article","og_title":"Oficinas Aeg\u00f3n Seguros en C\u00f3rdoba \u25b7Tel\u00e9fonos, Horarios, Direcci\u00f3n","og_description":"Lista completa de Oficinas Aeg\u00f3n Seguros en C\u00f3rdoba Horarios, \u2706 tel\u00e9fonos y direcciones actualizados en 2026 \u2611\ufe0f Verificado por iDecesos.","og_url":"https:\/\/idecesos.com\/seguros\/companias\/aegon\/cordoba\/","og_image":[{"url":"https:\/\/idecesos.com\/seguros\/wp-content\/uploads\/2021\/11\/logo-Aegon.png","type":"","width":"","height":""}],"twitter_card":"summary_large_image","twitter_misc":{"Tiempo de lectura":"39 minutos"},"schema":{"@context":"https:\/\/schema.org","@graph":[{"@type":"WebPage","@id":"https:\/\/idecesos.com\/seguros\/companias\/aegon\/cordoba\/","url":"https:\/\/idecesos.com\/seguros\/companias\/aegon\/cordoba\/","name":"Oficinas Aeg\u00f3n Seguros en C\u00f3rdoba \u25b7Tel\u00e9fonos, Horarios, Direcci\u00f3n","isPartOf":{"@id":"https:\/\/idecesos.com\/seguros\/#website"},"primaryImageOfPage":{"@id":"https:\/\/idecesos.com\/seguros\/companias\/aegon\/cordoba\/#primaryimage"},"image":{"@id":"https:\/\/idecesos.com\/seguros\/companias\/aegon\/cordoba\/#primaryimage"},"thumbnailUrl":"https:\/\/idecesos.com\/seguros\/wp-content\/uploads\/2021\/11\/logo-Aegon.png","datePublished":"2021-11-27T18:53:02+00:00","description":"Lista completa de Oficinas Aeg\u00f3n Seguros en C\u00f3rdoba Horarios, \u2706 tel\u00e9fonos y direcciones actualizados en 2026 \u2611\ufe0f Verificado por iDecesos.","breadcrumb":{"@id":"https:\/\/idecesos.com\/seguros\/companias\/aegon\/cordoba\/#breadcrumb"},"inLanguage":"es","potentialAction":[{"@type":"ReadAction","target":["https:\/\/idecesos.com\/seguros\/companias\/aegon\/cordoba\/"]}]},{"@type":"ImageObject","inLanguage":"es","@id":"https:\/\/idecesos.com\/seguros\/companias\/aegon\/cordoba\/#primaryimage","url":"https:\/\/idecesos.com\/seguros\/wp-content\/uploads\/2021\/11\/logo-Aegon.png","contentUrl":"https:\/\/idecesos.com\/seguros\/wp-content\/uploads\/2021\/11\/logo-Aegon.png","width":245,"height":98},{"@type":"BreadcrumbList","@id":"https:\/\/idecesos.com\/seguros\/companias\/aegon\/cordoba\/#breadcrumb","itemListElement":[{"@type":"ListItem","position":1,"name":"Portada","item":"https:\/\/idecesos.com\/seguros\/"},{"@type":"ListItem","position":2,"name":"Compa\u00f1\u00edas de Seguros de Decesos en Espa\u00f1a","item":"https:\/\/idecesos.com\/seguros\/companias\/"},{"@type":"ListItem","position":3,"name":"Seguro de decesos AEGON","item":"https:\/\/idecesos.com\/seguros\/companias\/aegon\/"},{"@type":"ListItem","position":4,"name":"Oficinas seguros de decesos Aeg\u00f3n Seguros en C\u00f3rdoba"}]},{"@type":"WebSite","@id":"https:\/\/idecesos.com\/seguros\/#website","url":"https:\/\/idecesos.com\/seguros\/","name":"","description":"","potentialAction":[{"@type":"SearchAction","target":{"@type":"EntryPoint","urlTemplate":"https:\/\/idecesos.com\/seguros\/?s={search_term_string}"},"query-input":{"@type":"PropertyValueSpecification","valueRequired":true,"valueName":"search_term_string"}}],"inLanguage":"es"}]}},"_links":{"self":[{"href":"https:\/\/idecesos.com\/seguros\/wp-json\/wp\/v2\/pages\/16157","targetHints":{"allow":["GET"]}}],"collection":[{"href":"https:\/\/idecesos.com\/seguros\/wp-json\/wp\/v2\/pages"}],"about":[{"href":"https:\/\/idecesos.com\/seguros\/wp-json\/wp\/v2\/types\/page"}],"replies":[{"embeddable":true,"href":"https:\/\/idecesos.com\/seguros\/wp-json\/wp\/v2\/comments?post=16157"}],"version-history":[{"count":0,"href":"https:\/\/idecesos.com\/seguros\/wp-json\/wp\/v2\/pages\/16157\/revisions"}],"up":[{"embeddable":true,"href":"https:\/\/idecesos.com\/seguros\/wp-json\/wp\/v2\/pages\/9512"}],"wp:attachment":[{"href":"https:\/\/idecesos.com\/seguros\/wp-json\/wp\/v2\/media?parent=16157"}],"curies":[{"name":"wp","href":"https:\/\/api.w.org\/{rel}","templated":true}]}}