{"id":16164,"date":"2021-11-27T18:53:07","date_gmt":"2021-11-27T18:53:07","guid":{"rendered":"https:\/\/idecesos.com\/seguros\/companias\/aegon\/lugo\/"},"modified":"2021-11-27T18:53:07","modified_gmt":"2021-11-27T18:53:07","slug":"lugo","status":"publish","type":"page","link":"https:\/\/idecesos.com\/seguros\/companias\/aegon\/lugo\/","title":{"rendered":"Oficinas seguros de decesos Aeg\u00f3n Seguros en Lugo"},"content":{"rendered":"<div id=\"ez-toc-container\" class=\"ez-toc-v2_0_82_2 ez-toc-wrap-center counter-hierarchy ez-toc-counter ez-toc-custom ez-toc-container-direction\">\n<div class=\"ez-toc-title-container\">\n<p class=\"ez-toc-title\" style=\"cursor:inherit\">Tabla de Contenido<\/p>\n<span class=\"ez-toc-title-toggle\"><a href=\"#\" class=\"ez-toc-pull-right ez-toc-btn ez-toc-btn-xs ez-toc-btn-default ez-toc-toggle\" aria-label=\"Alternar tabla de contenidos\"><span class=\"ez-toc-js-icon-con\"><span class=\"\"><span class=\"eztoc-hide\" style=\"display:none;\">Toggle<\/span><span class=\"ez-toc-icon-toggle-span\"><svg style=\"fill: #db6415;color:#db6415\" xmlns=\"http:\/\/www.w3.org\/2000\/svg\" class=\"list-377408\" width=\"20px\" height=\"20px\" viewBox=\"0 0 24 24\" fill=\"none\"><path d=\"M6 6H4v2h2V6zm14 0H8v2h12V6zM4 11h2v2H4v-2zm16 0H8v2h12v-2zM4 16h2v2H4v-2zm16 0H8v2h12v-2z\" fill=\"currentColor\"><\/path><\/svg><svg style=\"fill: #db6415;color:#db6415\" class=\"arrow-unsorted-368013\" xmlns=\"http:\/\/www.w3.org\/2000\/svg\" width=\"10px\" height=\"10px\" viewBox=\"0 0 24 24\" version=\"1.2\" baseProfile=\"tiny\"><path d=\"M18.2 9.3l-6.2-6.3-6.2 6.3c-.2.2-.3.4-.3.7s.1.5.3.7c.2.2.4.3.7.3h11c.3 0 .5-.1.7-.3.2-.2.3-.5.3-.7s-.1-.5-.3-.7zM5.8 14.7l6.2 6.3 6.2-6.3c.2-.2.3-.5.3-.7s-.1-.5-.3-.7c-.2-.2-.4-.3-.7-.3h-11c-.3 0-.5.1-.7.3-.2.2-.3.5-.3.7s.1.5.3.7z\"\/><\/svg><\/span><\/span><\/span><\/a><\/span><\/div>\n<nav><ul class='ez-toc-list ez-toc-list-level-1 ' ><li class='ez-toc-page-1 ez-toc-heading-level-2'><a class=\"ez-toc-link ez-toc-heading-1\" href=\"https:\/\/idecesos.com\/seguros\/companias\/aegon\/lugo\/#Seguro_de_decesos_Aegon_Seguros_en_Lugo\" >Seguro de decesos Aeg\u00f3n Seguros en Lugo<\/a><\/li><li class='ez-toc-page-1 ez-toc-heading-level-2'><a class=\"ez-toc-link ez-toc-heading-2\" href=\"https:\/\/idecesos.com\/seguros\/companias\/aegon\/lugo\/#Mapa_de_sucursales_de_seguros_Aegon_Seguros_en_Lugo\" >Mapa de sucursales de seguros Aeg\u00f3n Seguros en Lugo<\/a><\/li><li class='ez-toc-page-1 ez-toc-heading-level-2'><a class=\"ez-toc-link ez-toc-heading-3\" href=\"https:\/\/idecesos.com\/seguros\/companias\/aegon\/lugo\/#Listado_de_sucursales_Aegon_Seguros_en_Lugo\" >Listado de sucursales Aeg\u00f3n Seguros en Lugo<\/a><\/li><li class='ez-toc-page-1 ez-toc-heading-level-2'><a class=\"ez-toc-link ez-toc-heading-4\" href=\"https:\/\/idecesos.com\/seguros\/companias\/aegon\/lugo\/#Sucursales_de_seguros_de_decesos_en_Lugo\" >Sucursales de seguros de decesos en Lugo<\/a><ul class='ez-toc-list-level-3' ><li class='ez-toc-heading-level-3'><a class=\"ez-toc-link ez-toc-heading-5\" href=\"https:\/\/idecesos.com\/seguros\/companias\/aegon\/lugo\/#Listado_de_oficinas_Aegon_Seguros_en_Espana\" >Listado de oficinas Aeg\u00f3n Seguros en Espa\u00f1a<\/a><\/li><li class='ez-toc-page-1 ez-toc-heading-level-3'><a class=\"ez-toc-link ez-toc-heading-6\" href=\"https:\/\/idecesos.com\/seguros\/companias\/aegon\/lugo\/#Paginas_relacionadas\" >P\u00e1ginas relacionadas<\/a><\/li><\/ul><\/li><\/ul><\/nav><\/div>\n<p><br \/>\n<a href=\"https:\/\/idecesos.com\/seguros\/companias\/aegon\/\"><img decoding=\"async\" class=\" alignleft\" src=\"https:\/\/idecesos.com\/seguros\/wp-content\/uploads\/2021\/11\/logo-Aegon.png\" alt=\"Seguro de decesos Aeg\u00f3n Seguros\" width=\"336\" height=\"103\" \/><\/a><strong>La ciudad de Lugo tiene varias oficinas de Aeg\u00f3n Seguros<\/strong> en la que van a poder atenderle para cualquier necesidad o sugerencia dentro de su horario, en todo momento contaras con la ayuda de una persona cualificada en el campo, cada oficina cuenta con trabajadores con a\u00f1os experiencia, para darte la mejor calidad posible. Solucionar de una manera m\u00e1s r\u00e1pida los problemas es siempre y en todo momento acudiendo presencialmente a oficina, en tanto que a la distancia es m\u00e1s dif\u00edcil solventar el inconveniente. Resulta que es necesario poder contar con una oficina f\u00edsica de empresas de seguros de decesos. <\/p>\n<p>\u00bfHas pensando alguna vez las que dispones a tu alrededor?Por ello te <strong>resultara m\u00e1s f\u00e1cil conocer las diferentes oficinas de cada Lugo<\/strong>, garantiz\u00e1ndote en todo instante que la experiencia sea la adecuada y la que necesites en esos momentos. \u00a0<br \/>\nAhora encuentra las distintas <strong>oficinas de Aeg\u00f3n Seguros en cada Lugo<\/strong> con las caracter\u00edsticas m\u00e1s precisas, donde te garantizan un proceso seguro para dar con tu oficina referente y de confianza. <\/p>\n<p>Visita nuestra p\u00e1gina de <a href=\"https:\/\/idecesos.com\/seguros\/companias\/aegon\/\">seguros de decesos Aeg\u00f3n Seguros<\/a> para m\u00e1s informaci\u00f3n.<\/p>\n<div class=\"colorf \"  ><div class=\"container clearfix\"><div class=\"col-md-7\">\n<h2><span class=\"ez-toc-section\" id=\"Seguro_de_decesos_Aegon_Seguros_en_Lugo\"><\/span>Seguro de decesos Aeg\u00f3n Seguros en Lugo<span class=\"ez-toc-section-end\"><\/span><\/h2>\n<p>Resaltamos que la calidad que te ofrecemos es m\u00e1s del cien por ciento respecto a diferentes compa\u00f1\u00edas por el servicio que prestamos como empresa de seguros, que tiene <strong>oficinas en cada Lugo<\/strong> en la que te asesoramos nuestros conocimientos en todos y cada campo que respecta, de los mejores en el \u00e1mbito, obt\u00e9n sin costo tu presupuesto. Tienes en tus manos la ocasi\u00f3n de poder tener un presupuesto de manera sin coste y encima de todo eso, r\u00e1pido \u00bfQu\u00e9 m\u00e1s podr\u00e1s necesitas?. Descartando en todo instante realizar procedimientos de m\u00e1s. <\/p>\n<p><strong>Ver m\u00e1s:<\/strong> <a href=\"https:\/\/idecesos.com\/seguros\/ciudades\/lugo\/\">Seguros de decesos en Lugo<\/a><\/p>\n<p><strong>No es solo un formulario<\/strong>, es lo que solventara todos tus problemas a la hora de obtener un presupuesto. En tan solo un momento. No solo te ayudase a saber lo que vas a liquidar, aprender\u00e1s a conocer los datos que vienen desglosado en el momento de abonar. De esta manera podr\u00edas adelantarte a conocer cuando llegar\u00edas a pagar en un futuro y previni\u00e9ndote para cuando llegue ese momento.<br \/>\nSin precisar abonar nada, tan simple. haz clic en presupuesto y obt\u00e9n el tuyo sin necesidades de registros. No solo queremos darte tranquilidad, queremos que recibas toda la informaci\u00f3n adecuada y aut\u00e9ntica. <\/p>\n<p><\/div><\/div><\/div>\n\t\t<hr class=\"separador\">\n\t\t<div class=\"bloque-accion\">\n\t\t<p class=\"txt-accion\">Calcula el precio de tu seguro de decesos en menos de 1 minuto<\/p>\n\t\t<a class=\"btn-accion\" href=\"https:\/\/idecesos.com\/\">CALCULAR<\/a>\n\t\t<\/div>\n\t\t<hr class=\"separador\">\n\t\t<\/p>\n<h2><span class=\"ez-toc-section\" id=\"Mapa_de_sucursales_de_seguros_Aegon_Seguros_en_Lugo\"><\/span>Mapa de sucursales de seguros Aeg\u00f3n Seguros en Lugo<span class=\"ez-toc-section-end\"><\/span><\/h2>\n<p>Ahora tienes a tu disposici\u00f3n un mapa por cada Aeg\u00f3n Seguros en Lugo como de esta manera te incluimos el que puedas contar con el <strong>localizador de oficinas de Aeg\u00f3n Seguros<\/strong> en Lugo. Hemos querido facilitarte este proceso de buscar, sabemos que resulta una perdida de tiempo buscar y no encontrar lo que se busca. Por un instante conseguir\u00e1s tenerlo en tus propias manos. Nos gusta facilitarte la vida de ah\u00ed que pensamos en las opciones mejores a fin de que puedas solventar tus dudas. <\/p>\n<p><iframe class=\"page-generator-pro-map\" width=\"100%\" height=\"400\" frameborder=\"0\" style=\"border:0\" src=\"https:\/\/www.google.com\/maps\/embed\/v1\/place?q=Monforte+de+Lemos%2C+Espa%C3%B1a&#038;zoom=14&#038;maptype=roadmap&#038;key=AIzaSyCNTEOso0tZG6YMSJFoaJEY5Th1stEWrJI\" allowfullscreen><\/iframe><\/p>\n<div class=\"colorf\"><div class=\"container clearfix\"><div class=\"col-md-7\"><div class=\"empresas\">\n<h2><span class=\"ez-toc-section\" id=\"Listado_de_sucursales_Aegon_Seguros_en_Lugo\"><\/span>Listado de sucursales Aeg\u00f3n Seguros en Lugo<span class=\"ez-toc-section-end\"><\/span><\/h2>\n<ul>\n<li><strong>Compa\u00f1\u00eda de seguros Espa\u00f1a:<\/strong> 27400<\/li>\n<\/ul>\n<\/div><\/div><\/div><\/div>\n<h2><span class=\"ez-toc-section\" id=\"Sucursales_de_seguros_de_decesos_en_Lugo\"><\/span>Sucursales de seguros de decesos en Lugo<span class=\"ez-toc-section-end\"><\/span><\/h2>\n<p>Queremos mostrarte con un sencillo paso el <strong>cat\u00e1logo de aseguradoras de decesos en Lugo<\/strong> donde encontrases toda la informaci\u00f3n necesaria, donde lo vas a poder gestionar de manera m\u00e1s sencilla. Sera bastante dif\u00edcil de asumir lo \u00fatil que es y del que encima conseguir\u00e1s todos los datos de suma importancia para ti. Para cuando m\u00e1s falta te haga, lo vas a tener libre en cualquier tipo de circunstancias, sin precisar dudar tanto. Resolviendo tu b\u00fasqueda de manera m\u00e1s eficiente y con resultados. Vas a conocer las diferentes compa\u00f1\u00edas que se sit\u00faen en tu zona. <\/p>\n<div class=\"colorf\"><div class=\"container clearfix\"><div class=\"col-md-7\"><div class=\"empresas\">\n<h3><span class=\"ez-toc-section\" id=\"Listado_de_oficinas_Aegon_Seguros_en_Espana\"><\/span>Listado de oficinas Aeg\u00f3n Seguros en Espa\u00f1a<span class=\"ez-toc-section-end\"><\/span><\/h3>\n<p><!-- Shortcode [aegon-oficinas] does not exist --><\/div><\/div><\/div><\/div><\/p>\n<p><div class=\"oficinas\"><br \/>\n<h3><span class=\"ez-toc-section\" id=\"Paginas_relacionadas\"><\/span>P\u00e1ginas relacionadas<span class=\"ez-toc-section-end\"><\/span><\/h3><div class=\"enlazado\"><ul> <li><a href=\"https:\/\/idecesos.com\/seguros\/companias\/aegon\/opiniones\/\">Opiniones AEGON<\/a><\/li> <li><a href=\"https:\/\/idecesos.com\/seguros\/companias\/aegon\/precio\/\">Precio seguro Aegon<\/a><\/li> <li><a href=\"https:\/\/idecesos.com\/seguros\/companias\/aegon\/prima-mixta\/\">Aegon Prima Mixta<\/a><\/li> <li><a href=\"https:\/\/idecesos.com\/seguros\/companias\/aegon\/prima-natural\/\">Aegon Prima Natural<\/a><\/li> <li><a href=\"https:\/\/idecesos.com\/seguros\/companias\/aegon\/prima-nivelada\/\">Aegon Prima Nivelada<\/a><\/li> <li><a href=\"https:\/\/idecesos.com\/seguros\/companias\/aegon\/prima-unica\/\">Aegon Prima \u00danica<\/a><\/li> <li><a href=\"https:\/\/idecesos.com\/seguros\/companias\/aegon\/repatriacion\/\">Aegon Repatriaci\u00f3n<\/a><\/li> <li><a href=\"https:\/\/idecesos.com\/seguros\/companias\/aegon\/telefono\/\">Tel\u00e9fono Gratuito Aegon<\/a><\/li><\/ul><\/div><br \/>\n<\/div><\/p>\n","protected":false},"excerpt":{"rendered":"<p>La ciudad de Lugo tiene varias oficinas de Aeg\u00f3n Seguros en la que van a poder atenderle para cualquier necesidad o sugerencia dentro de su horario, en todo momento contaras con la ayuda de una persona cualificada en el campo, cada oficina cuenta con trabajadores con a\u00f1os experiencia, para darte la mejor calidad posible. Solucionar&hellip; <\/p>\n","protected":false},"author":0,"featured_media":0,"parent":9512,"menu_order":0,"comment_status":"closed","ping_status":"closed","template":"page-templates\/companies.php","meta":{"footnotes":""},"class_list":["post-16164","page","type-page","status-publish","hentry"],"yoast_head":"<!-- This site is optimized with the Yoast SEO plugin v27.3 - https:\/\/yoast.com\/product\/yoast-seo-wordpress\/ -->\n<title>Oficinas Aeg\u00f3n Seguros en Lugo \u25b7Tel\u00e9fonos, Horarios, Direcci\u00f3n<\/title>\n<meta name=\"description\" content=\"Lista completa de Oficinas Aeg\u00f3n Seguros en Lugo Horarios, \u2706 tel\u00e9fonos y direcciones actualizados en 2026 \u2611\ufe0f Verificado por iDecesos.\" \/>\n<meta name=\"robots\" content=\"index, follow, max-snippet:-1, max-image-preview:large, max-video-preview:-1\" \/>\n<link rel=\"canonical\" href=\"https:\/\/idecesos.com\/seguros\/companias\/aegon\/lugo\/\" \/>\n<meta property=\"og:locale\" content=\"es_ES\" \/>\n<meta property=\"og:type\" content=\"article\" \/>\n<meta property=\"og:title\" content=\"Oficinas Aeg\u00f3n Seguros en Lugo \u25b7Tel\u00e9fonos, Horarios, Direcci\u00f3n\" \/>\n<meta property=\"og:description\" content=\"Lista completa de Oficinas Aeg\u00f3n Seguros en Lugo Horarios, \u2706 tel\u00e9fonos y direcciones actualizados en 2026 \u2611\ufe0f Verificado por iDecesos.\" \/>\n<meta property=\"og:url\" content=\"https:\/\/idecesos.com\/seguros\/companias\/aegon\/lugo\/\" \/>\n<meta property=\"og:image\" content=\"https:\/\/idecesos.com\/seguros\/wp-content\/uploads\/2021\/11\/logo-Aegon.png\" \/>\n<meta name=\"twitter:card\" content=\"summary_large_image\" \/>\n<meta name=\"twitter:label1\" content=\"Tiempo de lectura\" \/>\n\t<meta name=\"twitter:data1\" content=\"39 minutos\" \/>\n<script type=\"application\/ld+json\" class=\"yoast-schema-graph\">{\"@context\":\"https:\\\/\\\/schema.org\",\"@graph\":[{\"@type\":\"WebPage\",\"@id\":\"https:\\\/\\\/idecesos.com\\\/seguros\\\/companias\\\/aegon\\\/lugo\\\/\",\"url\":\"https:\\\/\\\/idecesos.com\\\/seguros\\\/companias\\\/aegon\\\/lugo\\\/\",\"name\":\"Oficinas Aeg\u00f3n Seguros en Lugo \u25b7Tel\u00e9fonos, Horarios, Direcci\u00f3n\",\"isPartOf\":{\"@id\":\"https:\\\/\\\/idecesos.com\\\/seguros\\\/#website\"},\"primaryImageOfPage\":{\"@id\":\"https:\\\/\\\/idecesos.com\\\/seguros\\\/companias\\\/aegon\\\/lugo\\\/#primaryimage\"},\"image\":{\"@id\":\"https:\\\/\\\/idecesos.com\\\/seguros\\\/companias\\\/aegon\\\/lugo\\\/#primaryimage\"},\"thumbnailUrl\":\"https:\\\/\\\/idecesos.com\\\/seguros\\\/wp-content\\\/uploads\\\/2021\\\/11\\\/logo-Aegon.png\",\"datePublished\":\"2021-11-27T18:53:07+00:00\",\"description\":\"Lista completa de Oficinas Aeg\u00f3n Seguros en Lugo Horarios, \u2706 tel\u00e9fonos y direcciones actualizados en 2026 \u2611\ufe0f Verificado por iDecesos.\",\"breadcrumb\":{\"@id\":\"https:\\\/\\\/idecesos.com\\\/seguros\\\/companias\\\/aegon\\\/lugo\\\/#breadcrumb\"},\"inLanguage\":\"es\",\"potentialAction\":[{\"@type\":\"ReadAction\",\"target\":[\"https:\\\/\\\/idecesos.com\\\/seguros\\\/companias\\\/aegon\\\/lugo\\\/\"]}]},{\"@type\":\"ImageObject\",\"inLanguage\":\"es\",\"@id\":\"https:\\\/\\\/idecesos.com\\\/seguros\\\/companias\\\/aegon\\\/lugo\\\/#primaryimage\",\"url\":\"https:\\\/\\\/idecesos.com\\\/seguros\\\/wp-content\\\/uploads\\\/2021\\\/11\\\/logo-Aegon.png\",\"contentUrl\":\"https:\\\/\\\/idecesos.com\\\/seguros\\\/wp-content\\\/uploads\\\/2021\\\/11\\\/logo-Aegon.png\",\"width\":245,\"height\":98},{\"@type\":\"BreadcrumbList\",\"@id\":\"https:\\\/\\\/idecesos.com\\\/seguros\\\/companias\\\/aegon\\\/lugo\\\/#breadcrumb\",\"itemListElement\":[{\"@type\":\"ListItem\",\"position\":1,\"name\":\"Portada\",\"item\":\"https:\\\/\\\/idecesos.com\\\/seguros\\\/\"},{\"@type\":\"ListItem\",\"position\":2,\"name\":\"Compa\u00f1\u00edas de Seguros de Decesos en Espa\u00f1a\",\"item\":\"https:\\\/\\\/idecesos.com\\\/seguros\\\/companias\\\/\"},{\"@type\":\"ListItem\",\"position\":3,\"name\":\"Seguro de decesos AEGON\",\"item\":\"https:\\\/\\\/idecesos.com\\\/seguros\\\/companias\\\/aegon\\\/\"},{\"@type\":\"ListItem\",\"position\":4,\"name\":\"Oficinas seguros de decesos Aeg\u00f3n Seguros en Lugo\"}]},{\"@type\":\"WebSite\",\"@id\":\"https:\\\/\\\/idecesos.com\\\/seguros\\\/#website\",\"url\":\"https:\\\/\\\/idecesos.com\\\/seguros\\\/\",\"name\":\"\",\"description\":\"\",\"potentialAction\":[{\"@type\":\"SearchAction\",\"target\":{\"@type\":\"EntryPoint\",\"urlTemplate\":\"https:\\\/\\\/idecesos.com\\\/seguros\\\/?s={search_term_string}\"},\"query-input\":{\"@type\":\"PropertyValueSpecification\",\"valueRequired\":true,\"valueName\":\"search_term_string\"}}],\"inLanguage\":\"es\"}]}<\/script>\n<!-- \/ Yoast SEO plugin. -->","yoast_head_json":{"title":"Oficinas Aeg\u00f3n Seguros en Lugo \u25b7Tel\u00e9fonos, Horarios, Direcci\u00f3n","description":"Lista completa de Oficinas Aeg\u00f3n Seguros en Lugo Horarios, \u2706 tel\u00e9fonos y direcciones actualizados en 2026 \u2611\ufe0f Verificado por iDecesos.","robots":{"index":"index","follow":"follow","max-snippet":"max-snippet:-1","max-image-preview":"max-image-preview:large","max-video-preview":"max-video-preview:-1"},"canonical":"https:\/\/idecesos.com\/seguros\/companias\/aegon\/lugo\/","og_locale":"es_ES","og_type":"article","og_title":"Oficinas Aeg\u00f3n Seguros en Lugo \u25b7Tel\u00e9fonos, Horarios, Direcci\u00f3n","og_description":"Lista completa de Oficinas Aeg\u00f3n Seguros en Lugo Horarios, \u2706 tel\u00e9fonos y direcciones actualizados en 2026 \u2611\ufe0f Verificado por iDecesos.","og_url":"https:\/\/idecesos.com\/seguros\/companias\/aegon\/lugo\/","og_image":[{"url":"https:\/\/idecesos.com\/seguros\/wp-content\/uploads\/2021\/11\/logo-Aegon.png","type":"","width":"","height":""}],"twitter_card":"summary_large_image","twitter_misc":{"Tiempo de lectura":"39 minutos"},"schema":{"@context":"https:\/\/schema.org","@graph":[{"@type":"WebPage","@id":"https:\/\/idecesos.com\/seguros\/companias\/aegon\/lugo\/","url":"https:\/\/idecesos.com\/seguros\/companias\/aegon\/lugo\/","name":"Oficinas Aeg\u00f3n Seguros en Lugo \u25b7Tel\u00e9fonos, Horarios, Direcci\u00f3n","isPartOf":{"@id":"https:\/\/idecesos.com\/seguros\/#website"},"primaryImageOfPage":{"@id":"https:\/\/idecesos.com\/seguros\/companias\/aegon\/lugo\/#primaryimage"},"image":{"@id":"https:\/\/idecesos.com\/seguros\/companias\/aegon\/lugo\/#primaryimage"},"thumbnailUrl":"https:\/\/idecesos.com\/seguros\/wp-content\/uploads\/2021\/11\/logo-Aegon.png","datePublished":"2021-11-27T18:53:07+00:00","description":"Lista completa de Oficinas Aeg\u00f3n Seguros en Lugo Horarios, \u2706 tel\u00e9fonos y direcciones actualizados en 2026 \u2611\ufe0f Verificado por iDecesos.","breadcrumb":{"@id":"https:\/\/idecesos.com\/seguros\/companias\/aegon\/lugo\/#breadcrumb"},"inLanguage":"es","potentialAction":[{"@type":"ReadAction","target":["https:\/\/idecesos.com\/seguros\/companias\/aegon\/lugo\/"]}]},{"@type":"ImageObject","inLanguage":"es","@id":"https:\/\/idecesos.com\/seguros\/companias\/aegon\/lugo\/#primaryimage","url":"https:\/\/idecesos.com\/seguros\/wp-content\/uploads\/2021\/11\/logo-Aegon.png","contentUrl":"https:\/\/idecesos.com\/seguros\/wp-content\/uploads\/2021\/11\/logo-Aegon.png","width":245,"height":98},{"@type":"BreadcrumbList","@id":"https:\/\/idecesos.com\/seguros\/companias\/aegon\/lugo\/#breadcrumb","itemListElement":[{"@type":"ListItem","position":1,"name":"Portada","item":"https:\/\/idecesos.com\/seguros\/"},{"@type":"ListItem","position":2,"name":"Compa\u00f1\u00edas de Seguros de Decesos en Espa\u00f1a","item":"https:\/\/idecesos.com\/seguros\/companias\/"},{"@type":"ListItem","position":3,"name":"Seguro de decesos AEGON","item":"https:\/\/idecesos.com\/seguros\/companias\/aegon\/"},{"@type":"ListItem","position":4,"name":"Oficinas seguros de decesos Aeg\u00f3n Seguros en Lugo"}]},{"@type":"WebSite","@id":"https:\/\/idecesos.com\/seguros\/#website","url":"https:\/\/idecesos.com\/seguros\/","name":"","description":"","potentialAction":[{"@type":"SearchAction","target":{"@type":"EntryPoint","urlTemplate":"https:\/\/idecesos.com\/seguros\/?s={search_term_string}"},"query-input":{"@type":"PropertyValueSpecification","valueRequired":true,"valueName":"search_term_string"}}],"inLanguage":"es"}]}},"_links":{"self":[{"href":"https:\/\/idecesos.com\/seguros\/wp-json\/wp\/v2\/pages\/16164","targetHints":{"allow":["GET"]}}],"collection":[{"href":"https:\/\/idecesos.com\/seguros\/wp-json\/wp\/v2\/pages"}],"about":[{"href":"https:\/\/idecesos.com\/seguros\/wp-json\/wp\/v2\/types\/page"}],"replies":[{"embeddable":true,"href":"https:\/\/idecesos.com\/seguros\/wp-json\/wp\/v2\/comments?post=16164"}],"version-history":[{"count":0,"href":"https:\/\/idecesos.com\/seguros\/wp-json\/wp\/v2\/pages\/16164\/revisions"}],"up":[{"embeddable":true,"href":"https:\/\/idecesos.com\/seguros\/wp-json\/wp\/v2\/pages\/9512"}],"wp:attachment":[{"href":"https:\/\/idecesos.com\/seguros\/wp-json\/wp\/v2\/media?parent=16164"}],"curies":[{"name":"wp","href":"https:\/\/api.w.org\/{rel}","templated":true}]}}