{"id":16167,"date":"2021-11-27T18:53:09","date_gmt":"2021-11-27T18:53:09","guid":{"rendered":"https:\/\/idecesos.com\/seguros\/companias\/aegon\/pontevedra\/"},"modified":"2021-11-27T18:53:09","modified_gmt":"2021-11-27T18:53:09","slug":"pontevedra","status":"publish","type":"page","link":"https:\/\/idecesos.com\/seguros\/companias\/aegon\/pontevedra\/","title":{"rendered":"Oficinas seguros de decesos Aeg\u00f3n Seguros en Pontevedra"},"content":{"rendered":"<div id=\"ez-toc-container\" class=\"ez-toc-v2_0_82_2 ez-toc-wrap-center counter-hierarchy ez-toc-counter ez-toc-custom ez-toc-container-direction\">\n<div class=\"ez-toc-title-container\">\n<p class=\"ez-toc-title\" style=\"cursor:inherit\">Tabla de Contenido<\/p>\n<span class=\"ez-toc-title-toggle\"><a href=\"#\" class=\"ez-toc-pull-right ez-toc-btn ez-toc-btn-xs ez-toc-btn-default ez-toc-toggle\" aria-label=\"Alternar tabla de contenidos\"><span class=\"ez-toc-js-icon-con\"><span class=\"\"><span class=\"eztoc-hide\" style=\"display:none;\">Toggle<\/span><span class=\"ez-toc-icon-toggle-span\"><svg style=\"fill: #db6415;color:#db6415\" xmlns=\"http:\/\/www.w3.org\/2000\/svg\" class=\"list-377408\" width=\"20px\" height=\"20px\" viewBox=\"0 0 24 24\" fill=\"none\"><path d=\"M6 6H4v2h2V6zm14 0H8v2h12V6zM4 11h2v2H4v-2zm16 0H8v2h12v-2zM4 16h2v2H4v-2zm16 0H8v2h12v-2z\" fill=\"currentColor\"><\/path><\/svg><svg style=\"fill: #db6415;color:#db6415\" class=\"arrow-unsorted-368013\" xmlns=\"http:\/\/www.w3.org\/2000\/svg\" width=\"10px\" height=\"10px\" viewBox=\"0 0 24 24\" version=\"1.2\" baseProfile=\"tiny\"><path d=\"M18.2 9.3l-6.2-6.3-6.2 6.3c-.2.2-.3.4-.3.7s.1.5.3.7c.2.2.4.3.7.3h11c.3 0 .5-.1.7-.3.2-.2.3-.5.3-.7s-.1-.5-.3-.7zM5.8 14.7l6.2 6.3 6.2-6.3c.2-.2.3-.5.3-.7s-.1-.5-.3-.7c-.2-.2-.4-.3-.7-.3h-11c-.3 0-.5.1-.7.3-.2.2-.3.5-.3.7s.1.5.3.7z\"\/><\/svg><\/span><\/span><\/span><\/a><\/span><\/div>\n<nav><ul class='ez-toc-list ez-toc-list-level-1 ' ><li class='ez-toc-page-1 ez-toc-heading-level-2'><a class=\"ez-toc-link ez-toc-heading-1\" href=\"https:\/\/idecesos.com\/seguros\/companias\/aegon\/pontevedra\/#Seguro_de_decesos_Aegon_Seguros_en_Pontevedra\" >Seguro de decesos Aeg\u00f3n Seguros en Pontevedra<\/a><\/li><li class='ez-toc-page-1 ez-toc-heading-level-2'><a class=\"ez-toc-link ez-toc-heading-2\" href=\"https:\/\/idecesos.com\/seguros\/companias\/aegon\/pontevedra\/#Mapa_de_sucursales_de_seguros_Aegon_Seguros_en_Pontevedra\" >Mapa de sucursales de seguros Aeg\u00f3n Seguros en Pontevedra<\/a><\/li><li class='ez-toc-page-1 ez-toc-heading-level-2'><a class=\"ez-toc-link ez-toc-heading-3\" href=\"https:\/\/idecesos.com\/seguros\/companias\/aegon\/pontevedra\/#Listado_de_agencias_Aegon_Seguros_en_Pontevedra\" >Listado de agencias Aeg\u00f3n Seguros en Pontevedra<\/a><\/li><li class='ez-toc-page-1 ez-toc-heading-level-2'><a class=\"ez-toc-link ez-toc-heading-4\" href=\"https:\/\/idecesos.com\/seguros\/companias\/aegon\/pontevedra\/#Agencias_de_seguros_de_decesos_en_Pontevedra\" >Agencias de seguros de decesos en Pontevedra<\/a><ul class='ez-toc-list-level-3' ><li class='ez-toc-heading-level-3'><a class=\"ez-toc-link ez-toc-heading-5\" href=\"https:\/\/idecesos.com\/seguros\/companias\/aegon\/pontevedra\/#Listado_de_oficinas_Aegon_Seguros_en_Espana\" >Listado de oficinas Aeg\u00f3n Seguros en Espa\u00f1a<\/a><\/li><li class='ez-toc-page-1 ez-toc-heading-level-3'><a class=\"ez-toc-link ez-toc-heading-6\" href=\"https:\/\/idecesos.com\/seguros\/companias\/aegon\/pontevedra\/#Paginas_relacionadas\" >P\u00e1ginas relacionadas<\/a><\/li><\/ul><\/li><\/ul><\/nav><\/div>\n<p><br \/>\n<a href=\"https:\/\/idecesos.com\/seguros\/companias\/aegon\/\"><img decoding=\"async\" class=\" alignleft\" src=\"https:\/\/idecesos.com\/seguros\/wp-content\/uploads\/2021\/11\/logo-Aegon.png\" alt=\"Seguro de decesos Aeg\u00f3n Seguros\" width=\"336\" height=\"103\" \/><\/a>\u00bfSab\u00edas que Pontevedra tiene a predisposici\u00f3n diferentes delegaciones de Aeg\u00f3n Seguros? En cual ser\u00e1 atendido por una persona con una trayectoria importante para darle el mejor servicio. Quedando respaldado en todo instante, donde solventar\u00e1n sus inconvenientes a este respecto. \u00bfEs mejor asistir a una oficina presencialmente? En cuesti\u00f3n es m\u00e1s solvente que a la distancia ya que resolver\u00e1n su inconveniente en el momento. Resulta que es preciso poder contar con una oficina f\u00edsica de compa\u00f1\u00edas aseguradoras de decesos. <\/p>\n<p>Es complicado algunas veces dar con las sucursales de Aeg\u00f3n Seguros en Pontevedra que hallen cerca de ti, y que en el momento administraci\u00f3n cualquier g\u00e9nero de error, quedando solventado todas y cada una de las gestiones que puedan llegar acontecer. En el caso de que se necesite asesoramiento, va a tener en su posesi\u00f3n del servicio puedan acudir a su compa\u00f1\u00eda aseguradora m\u00e1s pr\u00f3ximo para la administraci\u00f3n del mismo. <\/p>\n<p>Visita nuestra p\u00e1gina de <a href=\"https:\/\/idecesos.com\/seguros\/companias\/aegon\/\">seguros de decesos Aeg\u00f3n Seguros<\/a> para m\u00e1s informaci\u00f3n.<\/p>\n<div class=\"colorf \"  ><div class=\"container clearfix\"><div class=\"col-md-7\">\n<h2><span class=\"ez-toc-section\" id=\"Seguro_de_decesos_Aegon_Seguros_en_Pontevedra\"><\/span>Seguro de decesos Aeg\u00f3n Seguros en Pontevedra<span class=\"ez-toc-section-end\"><\/span><\/h2>\n<p>Siendo una de las lideres en el mercado como empresa aseguradora de decesos, pondremos a tu predisposici\u00f3n oficinas de Aeg\u00f3n Seguros en Pontevedra te resultara tan f\u00e1cil que podr\u00e1s conseguir tu presupuesto en el instante. Hemos querido que puedas conseguir de forma sencilla y de manera c\u00f3moda, el presupuesto de tu seguro de manera flash, siendo esto tan f\u00e1cil, para que no tengas ning\u00fan inconveniente a la hora de obtenerlo. \u00bfEs posible conseguirlo en menos de 1 minuto? Como es l\u00f3gico adem\u00e1s con todo el contenido para su mejor proceso de entendimiento donde vas a poder valorar de una forma m\u00e1s sustancial. <\/p>\n<p><strong>Ver m\u00e1s:<\/strong> <a href=\"https:\/\/idecesos.com\/seguros\/ciudades\/pontevedra\/\">Seguros de decesos en Pontevedra<\/a><\/p>\n<p>La calidad que prestamos siempre es de las mas esenciales, teniendo presente nuestras oficinas de Aeg\u00f3n Seguros en Pontevedra, por ello hemos querido premiar a nuestros clientes del servicio con la obtenci\u00f3n de presupuesto en el momento. Garant\u00eda en el momento de la b\u00fasqueda, con todo cuanto buscas. No vas a necesitar ver un tutorial para rellenar el formulario, es m\u00e1s f\u00e1cil, que ir de compras. Obteniendo as\u00ed la informaci\u00f3n correspondiente. No es preciso que sigas buscando. <\/p>\n<p><\/div><\/div><\/div>\n\t\t<hr class=\"separador\">\n\t\t<div class=\"bloque-accion\">\n\t\t<p class=\"txt-accion\">Calcula el precio de tu seguro de decesos en menos de 1 minuto<\/p>\n\t\t<a class=\"btn-accion\" href=\"https:\/\/idecesos.com\/\">CALCULAR<\/a>\n\t\t<\/div>\n\t\t<hr class=\"separador\">\n\t\t<\/p>\n<h2><span class=\"ez-toc-section\" id=\"Mapa_de_sucursales_de_seguros_Aegon_Seguros_en_Pontevedra\"><\/span>Mapa de sucursales de seguros Aeg\u00f3n Seguros en Pontevedra<span class=\"ez-toc-section-end\"><\/span><\/h2>\n<p>\u00bf<strong>Mapa de oficinas de la Aeg\u00f3n Seguros en Pontevedra<\/strong>? sirve para localizarlo de forma r\u00e1pida, ahorr\u00e1ndote tiempo. De manera de que el d\u00eda que nos haga falta, nos ahorremos el tiempo de estar realizando buscas lar gas y tambi\u00e9n in\u00fatiles como innecesarias. Obteniendo d\u00e9 forma m\u00e1s polivalente posible. Te damos garant\u00eda como calidad a la hora de tu busca. <\/p>\n<p><iframe class=\"page-generator-pro-map\" width=\"100%\" height=\"400\" frameborder=\"0\" style=\"border:0\" src=\"https:\/\/www.google.com\/maps\/embed\/v1\/place?q=Vigo%2C+Espa%C3%B1a&#038;zoom=14&#038;maptype=roadmap&#038;key=AIzaSyCNTEOso0tZG6YMSJFoaJEY5Th1stEWrJI\" allowfullscreen><\/iframe><\/p>\n<div class=\"colorf\"><div class=\"container clearfix\"><div class=\"col-md-7\"><div class=\"empresas\">\n<h2><span class=\"ez-toc-section\" id=\"Listado_de_agencias_Aegon_Seguros_en_Pontevedra\"><\/span>Listado de agencias Aeg\u00f3n Seguros en Pontevedra<span class=\"ez-toc-section-end\"><\/span><\/h2>\n<ul>\n<li><strong>Compa\u00f1\u00eda de seguros Espa\u00f1a:<\/strong> 36202<\/li>\n<\/ul>\n<\/div><\/div><\/div><\/div>\n<h2><span class=\"ez-toc-section\" id=\"Agencias_de_seguros_de_decesos_en_Pontevedra\"><\/span>Agencias de seguros de decesos en Pontevedra<span class=\"ez-toc-section-end\"><\/span><\/h2>\n<p>Contaras en todo momento con nuestra confianza eficaz, comprometidos contigo en todo instante. \u00bf<strong>Empresas aseguradoras de decesos en Pontevedra<\/strong>? Te damos este gran cat\u00e1logo a fin de que sepas las distintas aseguradoras que hay. Con solo meterte a nuestro enlace encontrases las informaci\u00f3n relevante y filtrado de mejor forma para ti. <\/p>\n<div class=\"colorf\"><div class=\"container clearfix\"><div class=\"col-md-7\"><div class=\"empresas\">\n<h3><span class=\"ez-toc-section\" id=\"Listado_de_oficinas_Aegon_Seguros_en_Espana\"><\/span>Listado de oficinas Aeg\u00f3n Seguros en Espa\u00f1a<span class=\"ez-toc-section-end\"><\/span><\/h3>\n<p><!-- Shortcode [aegon-oficinas] does not exist --><\/div><\/div><\/div><\/div><\/p>\n<p><div class=\"oficinas\"><br \/>\n<h3><span class=\"ez-toc-section\" id=\"Paginas_relacionadas\"><\/span>P\u00e1ginas relacionadas<span class=\"ez-toc-section-end\"><\/span><\/h3><div class=\"enlazado\"><ul> <li><a href=\"https:\/\/idecesos.com\/seguros\/companias\/aegon\/opiniones\/\">Opiniones AEGON<\/a><\/li> <li><a href=\"https:\/\/idecesos.com\/seguros\/companias\/aegon\/precio\/\">Precio seguro Aegon<\/a><\/li> <li><a href=\"https:\/\/idecesos.com\/seguros\/companias\/aegon\/prima-mixta\/\">Aegon Prima Mixta<\/a><\/li> <li><a href=\"https:\/\/idecesos.com\/seguros\/companias\/aegon\/prima-natural\/\">Aegon Prima Natural<\/a><\/li> <li><a href=\"https:\/\/idecesos.com\/seguros\/companias\/aegon\/prima-nivelada\/\">Aegon Prima Nivelada<\/a><\/li> <li><a href=\"https:\/\/idecesos.com\/seguros\/companias\/aegon\/prima-unica\/\">Aegon Prima \u00danica<\/a><\/li> <li><a href=\"https:\/\/idecesos.com\/seguros\/companias\/aegon\/repatriacion\/\">Aegon Repatriaci\u00f3n<\/a><\/li> <li><a href=\"https:\/\/idecesos.com\/seguros\/companias\/aegon\/telefono\/\">Tel\u00e9fono Gratuito Aegon<\/a><\/li><\/ul><\/div><br \/>\n<\/div><\/p>\n","protected":false},"excerpt":{"rendered":"<p>\u00bfSab\u00edas que Pontevedra tiene a predisposici\u00f3n diferentes delegaciones de Aeg\u00f3n Seguros? En cual ser\u00e1 atendido por una persona con una trayectoria importante para darle el mejor servicio. Quedando respaldado en todo instante, donde solventar\u00e1n sus inconvenientes a este respecto. \u00bfEs mejor asistir a una oficina presencialmente? En cuesti\u00f3n es m\u00e1s solvente que a la distancia&hellip; <\/p>\n","protected":false},"author":0,"featured_media":0,"parent":9512,"menu_order":0,"comment_status":"closed","ping_status":"closed","template":"page-templates\/companies.php","meta":{"footnotes":""},"class_list":["post-16167","page","type-page","status-publish","hentry"],"yoast_head":"<!-- This site is optimized with the Yoast SEO plugin v27.5 - https:\/\/yoast.com\/product\/yoast-seo-wordpress\/ -->\n<title>Oficinas Aeg\u00f3n Seguros en Pontevedra \u25b7Tel\u00e9fonos, Horarios, Direcci\u00f3n<\/title>\n<meta name=\"description\" content=\"Lista completa de Oficinas Aeg\u00f3n Seguros en Pontevedra Horarios, \u2706 tel\u00e9fonos y direcciones actualizados en 2026 \u2611\ufe0f Verificado por iDecesos.\" \/>\n<meta name=\"robots\" content=\"index, follow, max-snippet:-1, max-image-preview:large, max-video-preview:-1\" \/>\n<link rel=\"canonical\" href=\"https:\/\/idecesos.com\/seguros\/companias\/aegon\/pontevedra\/\" \/>\n<meta property=\"og:locale\" content=\"es_ES\" \/>\n<meta property=\"og:type\" content=\"article\" \/>\n<meta property=\"og:title\" content=\"Oficinas Aeg\u00f3n Seguros en Pontevedra \u25b7Tel\u00e9fonos, Horarios, Direcci\u00f3n\" \/>\n<meta property=\"og:description\" content=\"Lista completa de Oficinas Aeg\u00f3n Seguros en Pontevedra Horarios, \u2706 tel\u00e9fonos y direcciones actualizados en 2026 \u2611\ufe0f Verificado por iDecesos.\" \/>\n<meta property=\"og:url\" content=\"https:\/\/idecesos.com\/seguros\/companias\/aegon\/pontevedra\/\" \/>\n<meta property=\"og:image\" content=\"https:\/\/idecesos.com\/seguros\/wp-content\/uploads\/2021\/11\/logo-Aegon.png\" \/>\n<meta name=\"twitter:card\" content=\"summary_large_image\" \/>\n<meta name=\"twitter:label1\" content=\"Tiempo de lectura\" \/>\n\t<meta name=\"twitter:data1\" content=\"39 minutos\" \/>\n<script type=\"application\/ld+json\" class=\"yoast-schema-graph\">{\"@context\":\"https:\\\/\\\/schema.org\",\"@graph\":[{\"@type\":\"WebPage\",\"@id\":\"https:\\\/\\\/idecesos.com\\\/seguros\\\/companias\\\/aegon\\\/pontevedra\\\/\",\"url\":\"https:\\\/\\\/idecesos.com\\\/seguros\\\/companias\\\/aegon\\\/pontevedra\\\/\",\"name\":\"Oficinas Aeg\u00f3n Seguros en Pontevedra \u25b7Tel\u00e9fonos, Horarios, Direcci\u00f3n\",\"isPartOf\":{\"@id\":\"https:\\\/\\\/idecesos.com\\\/seguros\\\/#website\"},\"primaryImageOfPage\":{\"@id\":\"https:\\\/\\\/idecesos.com\\\/seguros\\\/companias\\\/aegon\\\/pontevedra\\\/#primaryimage\"},\"image\":{\"@id\":\"https:\\\/\\\/idecesos.com\\\/seguros\\\/companias\\\/aegon\\\/pontevedra\\\/#primaryimage\"},\"thumbnailUrl\":\"https:\\\/\\\/idecesos.com\\\/seguros\\\/wp-content\\\/uploads\\\/2021\\\/11\\\/logo-Aegon.png\",\"datePublished\":\"2021-11-27T18:53:09+00:00\",\"description\":\"Lista completa de Oficinas Aeg\u00f3n Seguros en Pontevedra Horarios, \u2706 tel\u00e9fonos y direcciones actualizados en 2026 \u2611\ufe0f Verificado por iDecesos.\",\"breadcrumb\":{\"@id\":\"https:\\\/\\\/idecesos.com\\\/seguros\\\/companias\\\/aegon\\\/pontevedra\\\/#breadcrumb\"},\"inLanguage\":\"es\",\"potentialAction\":[{\"@type\":\"ReadAction\",\"target\":[\"https:\\\/\\\/idecesos.com\\\/seguros\\\/companias\\\/aegon\\\/pontevedra\\\/\"]}]},{\"@type\":\"ImageObject\",\"inLanguage\":\"es\",\"@id\":\"https:\\\/\\\/idecesos.com\\\/seguros\\\/companias\\\/aegon\\\/pontevedra\\\/#primaryimage\",\"url\":\"https:\\\/\\\/idecesos.com\\\/seguros\\\/wp-content\\\/uploads\\\/2021\\\/11\\\/logo-Aegon.png\",\"contentUrl\":\"https:\\\/\\\/idecesos.com\\\/seguros\\\/wp-content\\\/uploads\\\/2021\\\/11\\\/logo-Aegon.png\",\"width\":245,\"height\":98},{\"@type\":\"BreadcrumbList\",\"@id\":\"https:\\\/\\\/idecesos.com\\\/seguros\\\/companias\\\/aegon\\\/pontevedra\\\/#breadcrumb\",\"itemListElement\":[{\"@type\":\"ListItem\",\"position\":1,\"name\":\"Portada\",\"item\":\"https:\\\/\\\/idecesos.com\\\/seguros\\\/\"},{\"@type\":\"ListItem\",\"position\":2,\"name\":\"Compa\u00f1\u00edas de Seguros de Decesos en Espa\u00f1a\",\"item\":\"https:\\\/\\\/idecesos.com\\\/seguros\\\/companias\\\/\"},{\"@type\":\"ListItem\",\"position\":3,\"name\":\"Seguro de decesos AEGON\",\"item\":\"https:\\\/\\\/idecesos.com\\\/seguros\\\/companias\\\/aegon\\\/\"},{\"@type\":\"ListItem\",\"position\":4,\"name\":\"Oficinas seguros de decesos Aeg\u00f3n Seguros en Pontevedra\"}]},{\"@type\":\"WebSite\",\"@id\":\"https:\\\/\\\/idecesos.com\\\/seguros\\\/#website\",\"url\":\"https:\\\/\\\/idecesos.com\\\/seguros\\\/\",\"name\":\"\",\"description\":\"\",\"potentialAction\":[{\"@type\":\"SearchAction\",\"target\":{\"@type\":\"EntryPoint\",\"urlTemplate\":\"https:\\\/\\\/idecesos.com\\\/seguros\\\/?s={search_term_string}\"},\"query-input\":{\"@type\":\"PropertyValueSpecification\",\"valueRequired\":true,\"valueName\":\"search_term_string\"}}],\"inLanguage\":\"es\"}]}<\/script>\n<!-- \/ Yoast SEO plugin. -->","yoast_head_json":{"title":"Oficinas Aeg\u00f3n Seguros en Pontevedra \u25b7Tel\u00e9fonos, Horarios, Direcci\u00f3n","description":"Lista completa de Oficinas Aeg\u00f3n Seguros en Pontevedra Horarios, \u2706 tel\u00e9fonos y direcciones actualizados en 2026 \u2611\ufe0f Verificado por iDecesos.","robots":{"index":"index","follow":"follow","max-snippet":"max-snippet:-1","max-image-preview":"max-image-preview:large","max-video-preview":"max-video-preview:-1"},"canonical":"https:\/\/idecesos.com\/seguros\/companias\/aegon\/pontevedra\/","og_locale":"es_ES","og_type":"article","og_title":"Oficinas Aeg\u00f3n Seguros en Pontevedra \u25b7Tel\u00e9fonos, Horarios, Direcci\u00f3n","og_description":"Lista completa de Oficinas Aeg\u00f3n Seguros en Pontevedra Horarios, \u2706 tel\u00e9fonos y direcciones actualizados en 2026 \u2611\ufe0f Verificado por iDecesos.","og_url":"https:\/\/idecesos.com\/seguros\/companias\/aegon\/pontevedra\/","og_image":[{"url":"https:\/\/idecesos.com\/seguros\/wp-content\/uploads\/2021\/11\/logo-Aegon.png","type":"","width":"","height":""}],"twitter_card":"summary_large_image","twitter_misc":{"Tiempo de lectura":"39 minutos"},"schema":{"@context":"https:\/\/schema.org","@graph":[{"@type":"WebPage","@id":"https:\/\/idecesos.com\/seguros\/companias\/aegon\/pontevedra\/","url":"https:\/\/idecesos.com\/seguros\/companias\/aegon\/pontevedra\/","name":"Oficinas Aeg\u00f3n Seguros en Pontevedra \u25b7Tel\u00e9fonos, Horarios, Direcci\u00f3n","isPartOf":{"@id":"https:\/\/idecesos.com\/seguros\/#website"},"primaryImageOfPage":{"@id":"https:\/\/idecesos.com\/seguros\/companias\/aegon\/pontevedra\/#primaryimage"},"image":{"@id":"https:\/\/idecesos.com\/seguros\/companias\/aegon\/pontevedra\/#primaryimage"},"thumbnailUrl":"https:\/\/idecesos.com\/seguros\/wp-content\/uploads\/2021\/11\/logo-Aegon.png","datePublished":"2021-11-27T18:53:09+00:00","description":"Lista completa de Oficinas Aeg\u00f3n Seguros en Pontevedra Horarios, \u2706 tel\u00e9fonos y direcciones actualizados en 2026 \u2611\ufe0f Verificado por iDecesos.","breadcrumb":{"@id":"https:\/\/idecesos.com\/seguros\/companias\/aegon\/pontevedra\/#breadcrumb"},"inLanguage":"es","potentialAction":[{"@type":"ReadAction","target":["https:\/\/idecesos.com\/seguros\/companias\/aegon\/pontevedra\/"]}]},{"@type":"ImageObject","inLanguage":"es","@id":"https:\/\/idecesos.com\/seguros\/companias\/aegon\/pontevedra\/#primaryimage","url":"https:\/\/idecesos.com\/seguros\/wp-content\/uploads\/2021\/11\/logo-Aegon.png","contentUrl":"https:\/\/idecesos.com\/seguros\/wp-content\/uploads\/2021\/11\/logo-Aegon.png","width":245,"height":98},{"@type":"BreadcrumbList","@id":"https:\/\/idecesos.com\/seguros\/companias\/aegon\/pontevedra\/#breadcrumb","itemListElement":[{"@type":"ListItem","position":1,"name":"Portada","item":"https:\/\/idecesos.com\/seguros\/"},{"@type":"ListItem","position":2,"name":"Compa\u00f1\u00edas de Seguros de Decesos en Espa\u00f1a","item":"https:\/\/idecesos.com\/seguros\/companias\/"},{"@type":"ListItem","position":3,"name":"Seguro de decesos AEGON","item":"https:\/\/idecesos.com\/seguros\/companias\/aegon\/"},{"@type":"ListItem","position":4,"name":"Oficinas seguros de decesos Aeg\u00f3n Seguros en Pontevedra"}]},{"@type":"WebSite","@id":"https:\/\/idecesos.com\/seguros\/#website","url":"https:\/\/idecesos.com\/seguros\/","name":"","description":"","potentialAction":[{"@type":"SearchAction","target":{"@type":"EntryPoint","urlTemplate":"https:\/\/idecesos.com\/seguros\/?s={search_term_string}"},"query-input":{"@type":"PropertyValueSpecification","valueRequired":true,"valueName":"search_term_string"}}],"inLanguage":"es"}]}},"_links":{"self":[{"href":"https:\/\/idecesos.com\/seguros\/wp-json\/wp\/v2\/pages\/16167","targetHints":{"allow":["GET"]}}],"collection":[{"href":"https:\/\/idecesos.com\/seguros\/wp-json\/wp\/v2\/pages"}],"about":[{"href":"https:\/\/idecesos.com\/seguros\/wp-json\/wp\/v2\/types\/page"}],"replies":[{"embeddable":true,"href":"https:\/\/idecesos.com\/seguros\/wp-json\/wp\/v2\/comments?post=16167"}],"version-history":[{"count":0,"href":"https:\/\/idecesos.com\/seguros\/wp-json\/wp\/v2\/pages\/16167\/revisions"}],"up":[{"embeddable":true,"href":"https:\/\/idecesos.com\/seguros\/wp-json\/wp\/v2\/pages\/9512"}],"wp:attachment":[{"href":"https:\/\/idecesos.com\/seguros\/wp-json\/wp\/v2\/media?parent=16167"}],"curies":[{"name":"wp","href":"https:\/\/api.w.org\/{rel}","templated":true}]}}