{"id":16191,"date":"2021-11-27T18:55:42","date_gmt":"2021-11-27T18:55:42","guid":{"rendered":"https:\/\/idecesos.com\/seguros\/companias\/alianza-espanola\/huesca\/"},"modified":"2021-11-27T18:55:42","modified_gmt":"2021-11-27T18:55:42","slug":"huesca","status":"publish","type":"page","link":"https:\/\/idecesos.com\/seguros\/companias\/alianza-espanola\/huesca\/","title":{"rendered":"Oficinas seguros de decesos Alianza Espa\u00f1ola Seguros en Huesca"},"content":{"rendered":"<div id=\"ez-toc-container\" class=\"ez-toc-v2_0_83 ez-toc-wrap-center counter-hierarchy ez-toc-counter ez-toc-custom ez-toc-container-direction\">\n<div class=\"ez-toc-title-container\">\n<p class=\"ez-toc-title\" style=\"cursor:inherit\">Tabla de Contenido<\/p>\n<span class=\"ez-toc-title-toggle\"><a href=\"#\" class=\"ez-toc-pull-right ez-toc-btn ez-toc-btn-xs ez-toc-btn-default ez-toc-toggle\" aria-label=\"Alternar tabla de contenidos\"><span class=\"ez-toc-js-icon-con\"><span class=\"\"><span class=\"eztoc-hide\" style=\"display:none;\">Toggle<\/span><span class=\"ez-toc-icon-toggle-span\"><svg style=\"fill: #db6415;color:#db6415\" xmlns=\"http:\/\/www.w3.org\/2000\/svg\" class=\"list-377408\" width=\"20px\" height=\"20px\" viewBox=\"0 0 24 24\" fill=\"none\"><path d=\"M6 6H4v2h2V6zm14 0H8v2h12V6zM4 11h2v2H4v-2zm16 0H8v2h12v-2zM4 16h2v2H4v-2zm16 0H8v2h12v-2z\" fill=\"currentColor\"><\/path><\/svg><svg style=\"fill: #db6415;color:#db6415\" class=\"arrow-unsorted-368013\" xmlns=\"http:\/\/www.w3.org\/2000\/svg\" width=\"10px\" height=\"10px\" viewBox=\"0 0 24 24\" version=\"1.2\" baseProfile=\"tiny\"><path d=\"M18.2 9.3l-6.2-6.3-6.2 6.3c-.2.2-.3.4-.3.7s.1.5.3.7c.2.2.4.3.7.3h11c.3 0 .5-.1.7-.3.2-.2.3-.5.3-.7s-.1-.5-.3-.7zM5.8 14.7l6.2 6.3 6.2-6.3c.2-.2.3-.5.3-.7s-.1-.5-.3-.7c-.2-.2-.4-.3-.7-.3h-11c-.3 0-.5.1-.7.3-.2.2-.3.5-.3.7s.1.5.3.7z\"\/><\/svg><\/span><\/span><\/span><\/a><\/span><\/div>\n<nav><ul class='ez-toc-list ez-toc-list-level-1 ' ><li class='ez-toc-page-1 ez-toc-heading-level-2'><a class=\"ez-toc-link ez-toc-heading-1\" href=\"https:\/\/idecesos.com\/seguros\/companias\/alianza-espanola\/huesca\/#Seguro_de_decesos_Alianza_Espanola_Seguros_en_Huesca\" >Seguro de decesos Alianza Espa\u00f1ola Seguros en Huesca<\/a><\/li><li class='ez-toc-page-1 ez-toc-heading-level-2'><a class=\"ez-toc-link ez-toc-heading-2\" href=\"https:\/\/idecesos.com\/seguros\/companias\/alianza-espanola\/huesca\/#Mapa_de_sucursales_de_seguros_Alianza_Espanola_Seguros_en_Huesca\" >Mapa de sucursales de seguros Alianza Espa\u00f1ola Seguros en Huesca<\/a><\/li><li class='ez-toc-page-1 ez-toc-heading-level-2'><a class=\"ez-toc-link ez-toc-heading-3\" href=\"https:\/\/idecesos.com\/seguros\/companias\/alianza-espanola\/huesca\/#Listado_de_sucursales_Alianza_Espanola_Seguros_en_Huesca\" >Listado de sucursales Alianza Espa\u00f1ola Seguros en Huesca<\/a><\/li><li class='ez-toc-page-1 ez-toc-heading-level-2'><a class=\"ez-toc-link ez-toc-heading-4\" href=\"https:\/\/idecesos.com\/seguros\/companias\/alianza-espanola\/huesca\/#Oficinas_de_seguros_de_decesos_en_Huesca\" >Oficinas de seguros de decesos en Huesca<\/a><ul class='ez-toc-list-level-3' ><li class='ez-toc-heading-level-3'><a class=\"ez-toc-link ez-toc-heading-5\" href=\"https:\/\/idecesos.com\/seguros\/companias\/alianza-espanola\/huesca\/#Listado_de_oficinas_Alianza_Espanola_Seguros_en_Espana\" >Listado de oficinas Alianza Espa\u00f1ola Seguros en Espa\u00f1a<\/a><\/li><\/ul><\/li><\/ul><\/nav><\/div>\n<p><br \/>\n<a href=\"https:\/\/idecesos.com\/seguros\/companias\/alianza-espanola\/\"><img decoding=\"async\" class=\" alignleft\" src=\"https:\/\/idecesos.com\/seguros\/wp-content\/uploads\/2021\/11\/Alianza-Espanola-logo.jpg\" alt=\"Seguro de decesos Alianza Espa\u00f1ola Seguros\" width=\"336\" height=\"103\" \/><\/a>Cuentas con diferentes sucursales de Alianza Espa\u00f1ola Seguros en Huesca recibiendo en todo instante un asesoramiento detallado con una atenci\u00f3n personal. En cual vas a poder asistir en sus horarios marcados. Siempre puede suceder algo inesperado por ello es de bien saber d\u00f3nde se pueden localizar las distintas sucursales de Alianza Espa\u00f1ola Seguros <strong>cerca de nosotros en Huesca. <\/strong>Te solventaran todos los errores de una manera m\u00e1s f\u00e1cil. <\/p>\n<p>Resulta complicado conocer en qu\u00e9 sitio se encuentra ciertas oficinas de Alianza Espa\u00f1ola Seguros en Huesca hemos querido facilitarte eso, donde te ayudaran a administrar todos y cada uno de los erros que han pasado o bien evitando que sucedan, de forma m\u00e1s veloz, evitando cualquier inconveniente con tu compa\u00f1\u00eda de seguros. Cuando se requiere de este servicio tan cerca el desarrollo de cada empresa es asesarte en el proceso de la perdida de un familiar, acudiendo a tu oficina m\u00e1s cerca jam\u00e1s tendr\u00e1s problemas cuando se gestione alg\u00fan tramite sobre la p\u00f3liza. \u00a0<\/p>\n<p>Visita nuestra p\u00e1gina de <a href=\"https:\/\/idecesos.com\/seguros\/companias\/alianza-espanola\/\">seguros de decesos Alianza Espa\u00f1ola Seguros<\/a> para m\u00e1s informaci\u00f3n.<\/p>\n<div class=\"colorf \"  ><div class=\"container clearfix\"><div class=\"col-md-7\">\n<h2><span class=\"ez-toc-section\" id=\"Seguro_de_decesos_Alianza_Espanola_Seguros_en_Huesca\"><\/span>Seguro de decesos Alianza Espa\u00f1ola Seguros en Huesca<span class=\"ez-toc-section-end\"><\/span><\/h2>\n<p>Se podr\u00eda decir que una de las cosas que m\u00e1s nos tienen presente, es por la calidad ofrecida, en contraste a otras aseguradoras y donde nos<strong> hallamos en todos y cada Huesca<\/strong> para darte la atenci\u00f3n que precises de manera m\u00e1s presencial y resolutiva. Ten sin coste tu presupuesto de forma inmediata. \u00bfVas a perder la ocasi\u00f3n de tener tu presupuesto sin costo? siendo una de nuestros regalos, no debes perder esa gran oportunidad. Eludiendo cualquier administraci\u00f3n administrativa para conseguirlo. <\/p>\n<p><strong>Ver m\u00e1s:<\/strong> <a href=\"https:\/\/idecesos.com\/seguros\/ciudades\/huesca\/\">Seguros de decesos en Huesca<\/a><\/p>\n<p>Contando con nuestro servicio en diferentes localizaciones de oficinas de Alianza Espa\u00f1ola Seguros en Huesca te regalamos el poder conocer tu <strong>presupuesto al segundo<\/strong>. Garant\u00eda en el momento de la busca, con todo cuanto buscas. No vas a precisar ver un tutorial para rellenar el formulario, es m\u00e1s sencillo, que ir de compras. Obteniendo de esta forma la informaci\u00f3n correspondiente. M\u00e1s solvente que proseguir buscando. <\/p>\n<p><\/div><\/div><\/div>\n\t\t<hr class=\"separador\">\n\t\t<div class=\"bloque-accion\">\n\t\t<p class=\"txt-accion\">Calcula el precio de tu seguro de decesos en menos de 1 minuto<\/p>\n\t\t<a class=\"btn-accion\" href=\"https:\/\/idecesos.com\/\">CALCULAR<\/a>\n\t\t<\/div>\n\t\t<hr class=\"separador\">\n\t\t<\/p>\n<h2><span class=\"ez-toc-section\" id=\"Mapa_de_sucursales_de_seguros_Alianza_Espanola_Seguros_en_Huesca\"><\/span>Mapa de sucursales de seguros Alianza Espa\u00f1ola Seguros en Huesca<span class=\"ez-toc-section-end\"><\/span><\/h2>\n<p>Como puedes observar cuentas con un localizador de sucursales de Alianza Espa\u00f1ola Seguros en Huesca con toda la informaci\u00f3n precisa , incluyendo as\u00ed un mapa por cada Alianza Espa\u00f1ola Seguros en Huesca. Nos agrada solventar inconvenientes eficazmente, danto en todo momento resultado en tu busca. haciendo m\u00e1s ameno el desarrollo de buscar. En este caso lo conseguir\u00e1s al instante. Nos gusta facilitarte la vida por eso pensamos en las opciones mejores para que puedas solventar tus dudas. <\/p>\n<p><iframe class=\"page-generator-pro-map\" width=\"100%\" height=\"400\" frameborder=\"0\" style=\"border:0\" src=\"https:\/\/www.google.com\/maps\/embed\/v1\/place?q=Huesca%2C+Espa%C3%B1a&#038;zoom=14&#038;maptype=roadmap&#038;key=AIzaSyCNTEOso0tZG6YMSJFoaJEY5Th1stEWrJI\" allowfullscreen><\/iframe><\/p>\n<div class=\"colorf\"><div class=\"container clearfix\"><div class=\"col-md-7\"><div class=\"empresas\">\n<h2><span class=\"ez-toc-section\" id=\"Listado_de_sucursales_Alianza_Espanola_Seguros_en_Huesca\"><\/span>Listado de sucursales Alianza Espa\u00f1ola Seguros en Huesca<span class=\"ez-toc-section-end\"><\/span><\/h2>\n<ul>\n<li><strong>Compa\u00f1\u00eda de seguros Espa\u00f1a:<\/strong> 22004<\/li>\n<\/ul>\n<\/div><\/div><\/div><\/div>\n<h2><span class=\"ez-toc-section\" id=\"Oficinas_de_seguros_de_decesos_en_Huesca\"><\/span>Oficinas de seguros de decesos en Huesca<span class=\"ez-toc-section-end\"><\/span><\/h2>\n<p>Con este cat\u00e1logo vas a poder observar las diferentes opciones alternativas de aseguradoras de <strong>decesos que encontraras en Huesca<\/strong> obteniendo todos y cada uno de los datos necesarios a tu necesidad. Llev\u00e1ndolo acabo de una manera m\u00e1s \u00fatil. Te resultara tan \u00fatil que no podr\u00e1s cre\u00e9rtelo, y lo funcional que resulta, donde vas a ver toda la informaci\u00f3n valiosa a este respecto. Para cuando m\u00e1s falta te haga, lo vas a tener disponible en cualquier tipo de circunstancias, sin precisar dudar tanto. Resolviendo tu busca de manera m\u00e1s eficiente y con resultados. Vas a poder conocer las diferentes asegurados que se hallen en tus cuidad. <\/p>\n<div class=\"colorf\"><div class=\"container clearfix\"><div class=\"col-md-7\"><div class=\"empresas\">\n<h3><span class=\"ez-toc-section\" id=\"Listado_de_oficinas_Alianza_Espanola_Seguros_en_Espana\"><\/span>Listado de oficinas Alianza Espa\u00f1ola Seguros en Espa\u00f1a<span class=\"ez-toc-section-end\"><\/span><\/h3>\n<p><!-- Shortcode [alianza-espanola-oficinas] does not exist --><\/div><\/div><\/div><\/div><\/p>\n<p><div class=\"oficinas\"><br \/>\n<h3>P\u00e1ginas relacionadas<\/h3><div class=\"enlazado\"><ul> <li><a href=\"https:\/\/idecesos.com\/seguros\/companias\/alianza-espanola\/opiniones\/\">Opiniones Alianza Espa\u00f1ola<\/a><\/li> <li><a href=\"https:\/\/idecesos.com\/seguros\/companias\/alianza-espanola\/precio\/\">Precio seguro Alianza Espa\u00f1ola<\/a><\/li> <li><a href=\"https:\/\/idecesos.com\/seguros\/companias\/alianza-espanola\/prima-mixta\/\">Alianza Espa\u00f1ola Prima Mixta<\/a><\/li> <li><a href=\"https:\/\/idecesos.com\/seguros\/companias\/alianza-espanola\/prima-natural\/\">Alianza Espa\u00f1ola Prima Natural<\/a><\/li> <li><a href=\"https:\/\/idecesos.com\/seguros\/companias\/alianza-espanola\/prima-nivelada\/\">Alianza Espa\u00f1ola Prima Nivelada<\/a><\/li> <li><a href=\"https:\/\/idecesos.com\/seguros\/companias\/alianza-espanola\/prima-unica\/\">Alianza Espa\u00f1ola Prima \u00danica<\/a><\/li> <li><a href=\"https:\/\/idecesos.com\/seguros\/companias\/alianza-espanola\/repatriacion\/\">Alianza Espa\u00f1ola Repatriaci\u00f3n<\/a><\/li> <li><a href=\"https:\/\/idecesos.com\/seguros\/companias\/alianza-espanola\/telefono\/\">Tel\u00e9fono Gratuito Alianza Espa\u00f1ola<\/a><\/li><\/ul><\/div><br \/>\n<\/div><\/p>\n","protected":false},"excerpt":{"rendered":"<p>Cuentas con diferentes sucursales de Alianza Espa\u00f1ola Seguros en Huesca recibiendo en todo instante un asesoramiento detallado con una atenci\u00f3n personal. En cual vas a poder asistir en sus horarios marcados. Siempre puede suceder algo inesperado por ello es de bien saber d\u00f3nde se pueden localizar las distintas sucursales de Alianza Espa\u00f1ola Seguros cerca de&hellip; <\/p>\n","protected":false},"author":0,"featured_media":0,"parent":6008,"menu_order":0,"comment_status":"closed","ping_status":"closed","template":"page-templates\/companies.php","meta":{"footnotes":""},"class_list":["post-16191","page","type-page","status-publish","hentry"],"yoast_head":"<!-- This site is optimized with the Yoast SEO plugin v27.5 - https:\/\/yoast.com\/product\/yoast-seo-wordpress\/ -->\n<title>Oficinas Alianza Espa\u00f1ola Seguros en Huesca \u25b7Tel\u00e9fonos, Horarios, Direcci\u00f3n<\/title>\n<meta name=\"description\" content=\"Lista completa de Oficinas Alianza Espa\u00f1ola Seguros en Huesca Horarios, \u2706 tel\u00e9fonos y direcciones actualizados en 2026 \u2611\ufe0f Verificado por iDecesos.\" \/>\n<meta name=\"robots\" content=\"index, follow, max-snippet:-1, max-image-preview:large, max-video-preview:-1\" \/>\n<link rel=\"canonical\" href=\"https:\/\/idecesos.com\/seguros\/companias\/alianza-espanola\/huesca\/\" \/>\n<meta property=\"og:locale\" content=\"es_ES\" \/>\n<meta property=\"og:type\" content=\"article\" \/>\n<meta property=\"og:title\" content=\"Oficinas Alianza Espa\u00f1ola Seguros en Huesca \u25b7Tel\u00e9fonos, Horarios, Direcci\u00f3n\" \/>\n<meta property=\"og:description\" content=\"Lista completa de Oficinas Alianza Espa\u00f1ola Seguros en Huesca Horarios, \u2706 tel\u00e9fonos y direcciones actualizados en 2026 \u2611\ufe0f Verificado por iDecesos.\" \/>\n<meta property=\"og:url\" content=\"https:\/\/idecesos.com\/seguros\/companias\/alianza-espanola\/huesca\/\" \/>\n<meta property=\"og:image\" content=\"https:\/\/idecesos.com\/seguros\/wp-content\/uploads\/2021\/11\/Alianza-Espanola-logo.jpg\" \/>\n<meta name=\"twitter:card\" content=\"summary_large_image\" \/>\n<meta name=\"twitter:label1\" content=\"Tiempo de lectura\" \/>\n\t<meta name=\"twitter:data1\" content=\"39 minutos\" \/>\n<script type=\"application\/ld+json\" class=\"yoast-schema-graph\">{\"@context\":\"https:\\\/\\\/schema.org\",\"@graph\":[{\"@type\":\"WebPage\",\"@id\":\"https:\\\/\\\/idecesos.com\\\/seguros\\\/companias\\\/alianza-espanola\\\/huesca\\\/\",\"url\":\"https:\\\/\\\/idecesos.com\\\/seguros\\\/companias\\\/alianza-espanola\\\/huesca\\\/\",\"name\":\"Oficinas Alianza Espa\u00f1ola Seguros en Huesca \u25b7Tel\u00e9fonos, Horarios, Direcci\u00f3n\",\"isPartOf\":{\"@id\":\"https:\\\/\\\/idecesos.com\\\/seguros\\\/#website\"},\"primaryImageOfPage\":{\"@id\":\"https:\\\/\\\/idecesos.com\\\/seguros\\\/companias\\\/alianza-espanola\\\/huesca\\\/#primaryimage\"},\"image\":{\"@id\":\"https:\\\/\\\/idecesos.com\\\/seguros\\\/companias\\\/alianza-espanola\\\/huesca\\\/#primaryimage\"},\"thumbnailUrl\":\"https:\\\/\\\/idecesos.com\\\/seguros\\\/wp-content\\\/uploads\\\/2021\\\/11\\\/Alianza-Espanola-logo.jpg\",\"datePublished\":\"2021-11-27T18:55:42+00:00\",\"description\":\"Lista completa de Oficinas Alianza Espa\u00f1ola Seguros en Huesca Horarios, \u2706 tel\u00e9fonos y direcciones actualizados en 2026 \u2611\ufe0f Verificado por iDecesos.\",\"breadcrumb\":{\"@id\":\"https:\\\/\\\/idecesos.com\\\/seguros\\\/companias\\\/alianza-espanola\\\/huesca\\\/#breadcrumb\"},\"inLanguage\":\"es\",\"potentialAction\":[{\"@type\":\"ReadAction\",\"target\":[\"https:\\\/\\\/idecesos.com\\\/seguros\\\/companias\\\/alianza-espanola\\\/huesca\\\/\"]}]},{\"@type\":\"ImageObject\",\"inLanguage\":\"es\",\"@id\":\"https:\\\/\\\/idecesos.com\\\/seguros\\\/companias\\\/alianza-espanola\\\/huesca\\\/#primaryimage\",\"url\":\"https:\\\/\\\/idecesos.com\\\/seguros\\\/wp-content\\\/uploads\\\/2021\\\/11\\\/Alianza-Espanola-logo.jpg\",\"contentUrl\":\"https:\\\/\\\/idecesos.com\\\/seguros\\\/wp-content\\\/uploads\\\/2021\\\/11\\\/Alianza-Espanola-logo.jpg\",\"width\":392,\"height\":116},{\"@type\":\"BreadcrumbList\",\"@id\":\"https:\\\/\\\/idecesos.com\\\/seguros\\\/companias\\\/alianza-espanola\\\/huesca\\\/#breadcrumb\",\"itemListElement\":[{\"@type\":\"ListItem\",\"position\":1,\"name\":\"Portada\",\"item\":\"https:\\\/\\\/idecesos.com\\\/seguros\\\/\"},{\"@type\":\"ListItem\",\"position\":2,\"name\":\"Compa\u00f1\u00edas de Seguros de Decesos en Espa\u00f1a\",\"item\":\"https:\\\/\\\/idecesos.com\\\/seguros\\\/companias\\\/\"},{\"@type\":\"ListItem\",\"position\":3,\"name\":\"Seguro de decesos Alianza Espa\u00f1ola\",\"item\":\"https:\\\/\\\/idecesos.com\\\/seguros\\\/companias\\\/alianza-espanola\\\/\"},{\"@type\":\"ListItem\",\"position\":4,\"name\":\"Oficinas seguros de decesos Alianza Espa\u00f1ola Seguros en Huesca\"}]},{\"@type\":\"WebSite\",\"@id\":\"https:\\\/\\\/idecesos.com\\\/seguros\\\/#website\",\"url\":\"https:\\\/\\\/idecesos.com\\\/seguros\\\/\",\"name\":\"\",\"description\":\"\",\"potentialAction\":[{\"@type\":\"SearchAction\",\"target\":{\"@type\":\"EntryPoint\",\"urlTemplate\":\"https:\\\/\\\/idecesos.com\\\/seguros\\\/?s={search_term_string}\"},\"query-input\":{\"@type\":\"PropertyValueSpecification\",\"valueRequired\":true,\"valueName\":\"search_term_string\"}}],\"inLanguage\":\"es\"}]}<\/script>\n<!-- \/ Yoast SEO plugin. -->","yoast_head_json":{"title":"Oficinas Alianza Espa\u00f1ola Seguros en Huesca \u25b7Tel\u00e9fonos, Horarios, Direcci\u00f3n","description":"Lista completa de Oficinas Alianza Espa\u00f1ola Seguros en Huesca Horarios, \u2706 tel\u00e9fonos y direcciones actualizados en 2026 \u2611\ufe0f Verificado por iDecesos.","robots":{"index":"index","follow":"follow","max-snippet":"max-snippet:-1","max-image-preview":"max-image-preview:large","max-video-preview":"max-video-preview:-1"},"canonical":"https:\/\/idecesos.com\/seguros\/companias\/alianza-espanola\/huesca\/","og_locale":"es_ES","og_type":"article","og_title":"Oficinas Alianza Espa\u00f1ola Seguros en Huesca \u25b7Tel\u00e9fonos, Horarios, Direcci\u00f3n","og_description":"Lista completa de Oficinas Alianza Espa\u00f1ola Seguros en Huesca Horarios, \u2706 tel\u00e9fonos y direcciones actualizados en 2026 \u2611\ufe0f Verificado por iDecesos.","og_url":"https:\/\/idecesos.com\/seguros\/companias\/alianza-espanola\/huesca\/","og_image":[{"url":"https:\/\/idecesos.com\/seguros\/wp-content\/uploads\/2021\/11\/Alianza-Espanola-logo.jpg","type":"","width":"","height":""}],"twitter_card":"summary_large_image","twitter_misc":{"Tiempo de lectura":"39 minutos"},"schema":{"@context":"https:\/\/schema.org","@graph":[{"@type":"WebPage","@id":"https:\/\/idecesos.com\/seguros\/companias\/alianza-espanola\/huesca\/","url":"https:\/\/idecesos.com\/seguros\/companias\/alianza-espanola\/huesca\/","name":"Oficinas Alianza Espa\u00f1ola Seguros en Huesca \u25b7Tel\u00e9fonos, Horarios, Direcci\u00f3n","isPartOf":{"@id":"https:\/\/idecesos.com\/seguros\/#website"},"primaryImageOfPage":{"@id":"https:\/\/idecesos.com\/seguros\/companias\/alianza-espanola\/huesca\/#primaryimage"},"image":{"@id":"https:\/\/idecesos.com\/seguros\/companias\/alianza-espanola\/huesca\/#primaryimage"},"thumbnailUrl":"https:\/\/idecesos.com\/seguros\/wp-content\/uploads\/2021\/11\/Alianza-Espanola-logo.jpg","datePublished":"2021-11-27T18:55:42+00:00","description":"Lista completa de Oficinas Alianza Espa\u00f1ola Seguros en Huesca Horarios, \u2706 tel\u00e9fonos y direcciones actualizados en 2026 \u2611\ufe0f Verificado por iDecesos.","breadcrumb":{"@id":"https:\/\/idecesos.com\/seguros\/companias\/alianza-espanola\/huesca\/#breadcrumb"},"inLanguage":"es","potentialAction":[{"@type":"ReadAction","target":["https:\/\/idecesos.com\/seguros\/companias\/alianza-espanola\/huesca\/"]}]},{"@type":"ImageObject","inLanguage":"es","@id":"https:\/\/idecesos.com\/seguros\/companias\/alianza-espanola\/huesca\/#primaryimage","url":"https:\/\/idecesos.com\/seguros\/wp-content\/uploads\/2021\/11\/Alianza-Espanola-logo.jpg","contentUrl":"https:\/\/idecesos.com\/seguros\/wp-content\/uploads\/2021\/11\/Alianza-Espanola-logo.jpg","width":392,"height":116},{"@type":"BreadcrumbList","@id":"https:\/\/idecesos.com\/seguros\/companias\/alianza-espanola\/huesca\/#breadcrumb","itemListElement":[{"@type":"ListItem","position":1,"name":"Portada","item":"https:\/\/idecesos.com\/seguros\/"},{"@type":"ListItem","position":2,"name":"Compa\u00f1\u00edas de Seguros de Decesos en Espa\u00f1a","item":"https:\/\/idecesos.com\/seguros\/companias\/"},{"@type":"ListItem","position":3,"name":"Seguro de decesos Alianza Espa\u00f1ola","item":"https:\/\/idecesos.com\/seguros\/companias\/alianza-espanola\/"},{"@type":"ListItem","position":4,"name":"Oficinas seguros de decesos Alianza Espa\u00f1ola Seguros en Huesca"}]},{"@type":"WebSite","@id":"https:\/\/idecesos.com\/seguros\/#website","url":"https:\/\/idecesos.com\/seguros\/","name":"","description":"","potentialAction":[{"@type":"SearchAction","target":{"@type":"EntryPoint","urlTemplate":"https:\/\/idecesos.com\/seguros\/?s={search_term_string}"},"query-input":{"@type":"PropertyValueSpecification","valueRequired":true,"valueName":"search_term_string"}}],"inLanguage":"es"}]}},"_links":{"self":[{"href":"https:\/\/idecesos.com\/seguros\/wp-json\/wp\/v2\/pages\/16191","targetHints":{"allow":["GET"]}}],"collection":[{"href":"https:\/\/idecesos.com\/seguros\/wp-json\/wp\/v2\/pages"}],"about":[{"href":"https:\/\/idecesos.com\/seguros\/wp-json\/wp\/v2\/types\/page"}],"replies":[{"embeddable":true,"href":"https:\/\/idecesos.com\/seguros\/wp-json\/wp\/v2\/comments?post=16191"}],"version-history":[{"count":0,"href":"https:\/\/idecesos.com\/seguros\/wp-json\/wp\/v2\/pages\/16191\/revisions"}],"up":[{"embeddable":true,"href":"https:\/\/idecesos.com\/seguros\/wp-json\/wp\/v2\/pages\/6008"}],"wp:attachment":[{"href":"https:\/\/idecesos.com\/seguros\/wp-json\/wp\/v2\/media?parent=16191"}],"curies":[{"name":"wp","href":"https:\/\/api.w.org\/{rel}","templated":true}]}}