{"id":16194,"date":"2021-11-27T18:55:44","date_gmt":"2021-11-27T18:55:44","guid":{"rendered":"https:\/\/idecesos.com\/seguros\/companias\/alianza-espanola\/las-palmas\/"},"modified":"2021-11-27T18:55:44","modified_gmt":"2021-11-27T18:55:44","slug":"las-palmas","status":"publish","type":"page","link":"https:\/\/idecesos.com\/seguros\/companias\/alianza-espanola\/las-palmas\/","title":{"rendered":"Oficinas seguros de decesos Alianza Espa\u00f1ola Seguros en Las palmas"},"content":{"rendered":"<div id=\"ez-toc-container\" class=\"ez-toc-v2_0_82_2 ez-toc-wrap-center counter-hierarchy ez-toc-counter ez-toc-custom ez-toc-container-direction\">\n<div class=\"ez-toc-title-container\">\n<p class=\"ez-toc-title\" style=\"cursor:inherit\">Tabla de Contenido<\/p>\n<span class=\"ez-toc-title-toggle\"><a href=\"#\" class=\"ez-toc-pull-right ez-toc-btn ez-toc-btn-xs ez-toc-btn-default ez-toc-toggle\" aria-label=\"Alternar tabla de contenidos\"><span class=\"ez-toc-js-icon-con\"><span class=\"\"><span class=\"eztoc-hide\" style=\"display:none;\">Toggle<\/span><span class=\"ez-toc-icon-toggle-span\"><svg style=\"fill: #db6415;color:#db6415\" xmlns=\"http:\/\/www.w3.org\/2000\/svg\" class=\"list-377408\" width=\"20px\" height=\"20px\" viewBox=\"0 0 24 24\" fill=\"none\"><path d=\"M6 6H4v2h2V6zm14 0H8v2h12V6zM4 11h2v2H4v-2zm16 0H8v2h12v-2zM4 16h2v2H4v-2zm16 0H8v2h12v-2z\" fill=\"currentColor\"><\/path><\/svg><svg style=\"fill: #db6415;color:#db6415\" class=\"arrow-unsorted-368013\" xmlns=\"http:\/\/www.w3.org\/2000\/svg\" width=\"10px\" height=\"10px\" viewBox=\"0 0 24 24\" version=\"1.2\" baseProfile=\"tiny\"><path d=\"M18.2 9.3l-6.2-6.3-6.2 6.3c-.2.2-.3.4-.3.7s.1.5.3.7c.2.2.4.3.7.3h11c.3 0 .5-.1.7-.3.2-.2.3-.5.3-.7s-.1-.5-.3-.7zM5.8 14.7l6.2 6.3 6.2-6.3c.2-.2.3-.5.3-.7s-.1-.5-.3-.7c-.2-.2-.4-.3-.7-.3h-11c-.3 0-.5.1-.7.3-.2.2-.3.5-.3.7s.1.5.3.7z\"\/><\/svg><\/span><\/span><\/span><\/a><\/span><\/div>\n<nav><ul class='ez-toc-list ez-toc-list-level-1 ' ><li class='ez-toc-page-1 ez-toc-heading-level-2'><a class=\"ez-toc-link ez-toc-heading-1\" href=\"https:\/\/idecesos.com\/seguros\/companias\/alianza-espanola\/las-palmas\/#Seguro_de_decesos_Alianza_Espanola_Seguros_en_Las_palmas\" >Seguro de decesos Alianza Espa\u00f1ola Seguros en Las palmas<\/a><\/li><li class='ez-toc-page-1 ez-toc-heading-level-2'><a class=\"ez-toc-link ez-toc-heading-2\" href=\"https:\/\/idecesos.com\/seguros\/companias\/alianza-espanola\/las-palmas\/#Mapa_de_oficinas_de_seguros_Alianza_Espanola_Seguros_en_Las_palmas\" >Mapa de oficinas de seguros Alianza Espa\u00f1ola Seguros en Las palmas<\/a><\/li><li class='ez-toc-page-1 ez-toc-heading-level-2'><a class=\"ez-toc-link ez-toc-heading-3\" href=\"https:\/\/idecesos.com\/seguros\/companias\/alianza-espanola\/las-palmas\/#Listado_de_oficinas_Alianza_Espanola_Seguros_en_Las_palmas\" >Listado de oficinas Alianza Espa\u00f1ola Seguros en Las palmas<\/a><\/li><li class='ez-toc-page-1 ez-toc-heading-level-2'><a class=\"ez-toc-link ez-toc-heading-4\" href=\"https:\/\/idecesos.com\/seguros\/companias\/alianza-espanola\/las-palmas\/#Agencias_de_seguros_de_decesos_en_Las_palmas\" >Agencias de seguros de decesos en Las palmas<\/a><ul class='ez-toc-list-level-3' ><li class='ez-toc-heading-level-3'><a class=\"ez-toc-link ez-toc-heading-5\" href=\"https:\/\/idecesos.com\/seguros\/companias\/alianza-espanola\/las-palmas\/#Listado_de_oficinas_Alianza_Espanola_Seguros_en_Espana\" >Listado de oficinas Alianza Espa\u00f1ola Seguros en Espa\u00f1a<\/a><\/li><li class='ez-toc-page-1 ez-toc-heading-level-3'><a class=\"ez-toc-link ez-toc-heading-6\" href=\"https:\/\/idecesos.com\/seguros\/companias\/alianza-espanola\/las-palmas\/#Paginas_relacionadas\" >P\u00e1ginas relacionadas<\/a><\/li><\/ul><\/li><\/ul><\/nav><\/div>\n<p><br \/>\n<a href=\"https:\/\/idecesos.com\/seguros\/companias\/alianza-espanola\/\"><img decoding=\"async\" class=\" alignleft\" src=\"https:\/\/idecesos.com\/seguros\/wp-content\/uploads\/2021\/11\/Alianza-Espanola-logo.jpg\" alt=\"Seguro de decesos Alianza Espa\u00f1ola Seguros\" width=\"336\" height=\"103\" \/><\/a>Gracias a nosotros conocer\u00e1s la enorme pluralidad de locales de Alianza Espa\u00f1ola Seguros en Las palmas, donde solventaran cualquier error que pueda surgir o bien diferentes dudas a la hora de la tramitaci\u00f3n de tu p\u00f3liza. Adapt\u00e1ndote a los horarios marcador por cada uno de ellos de ellos. Dentro de cada compa\u00f1\u00eda aseguradora es esencial que cuente con una atenci\u00f3n de persona dedicada, y que administraci\u00f3n cualquier fallo cometido en distintas circunstancias. <\/p>\n<p>EMPRESA nos proporciona un servicio de calidad con car\u00e1cter m\u00e1s cercano, con un nivel de comunicaci\u00f3n excepcional, gracias a contar con su oficina. Es necesario saber d\u00f3nde localizarlo. Respecto a sus servicios ser\u00e1n puesto en marcha en cualquier situaci\u00f3n. Conseguir un presupuesto de forma flash, contando con un personal con un recorrido excepcional. Donde quedara satisfecho. <\/p>\n<p>Visita nuestra p\u00e1gina de <a href=\"https:\/\/idecesos.com\/seguros\/companias\/alianza-espanola\/\">seguros de decesos Alianza Espa\u00f1ola Seguros<\/a> para m\u00e1s informaci\u00f3n.<\/p>\n<div class=\"colorf \"  ><div class=\"container clearfix\"><div class=\"col-md-7\">\n<h2><span class=\"ez-toc-section\" id=\"Seguro_de_decesos_Alianza_Espanola_Seguros_en_Las_palmas\"><\/span>Seguro de decesos Alianza Espa\u00f1ola Seguros en Las palmas<span class=\"ez-toc-section-end\"><\/span><\/h2>\n<p>Te obsequiamos la informaci\u00f3n de poder conocer de d\u00f3nde dispones de cada oficina de <strong>Alianza Espa\u00f1ola Seguros en Las palmas<\/strong> result\u00e1ndote m\u00e1s c\u00f3modo, lideramos las listas de aseguradoras de decesos. Hemos querido que puedas obtener de manera sencilla y c\u00f3modamente, el presupuesto de tu seguro de forma flash, siendo esto tan simple, a fin de que no tengas ning\u00fan problema a la hora de obtenerlo. Evit\u00e1ndote pasos superfluos, en tan solo un segundo conseguir\u00e1s <strong>todos los datos importantes y que precises.<\/strong> <\/p>\n<p><strong>Ver m\u00e1s:<\/strong> <a href=\"https:\/\/idecesos.com\/seguros\/ciudades\/las-palmas\/\">Seguros de decesos en Las palmas<\/a><\/p>\n<p>Nuestro servicio de diferentes sucursales de Alianza Espa\u00f1ola Seguros en Las palmas permitir\u00e1 a nuestros clientes primordiales lograr un presupuesto al momento. Te damos la calidad que quieres, con los fundamentos necesarios. Rellenar nuestro formulario, ser\u00e1s de lo m\u00e1s f\u00e1ciles en tanto que no precisa de muchos procesos, pero lograr\u00e1s todos y cada uno de los datos necesarios. \u00bfBuscar? Eso ya no se lleva, te lo ponemos simple. <\/p>\n<p><\/div><\/div><\/div>\n\t\t<hr class=\"separador\">\n\t\t<div class=\"bloque-accion\">\n\t\t<p class=\"txt-accion\">Calcula el precio de tu seguro de decesos en menos de 1 minuto<\/p>\n\t\t<a class=\"btn-accion\" href=\"https:\/\/idecesos.com\/\">CALCULAR<\/a>\n\t\t<\/div>\n\t\t<hr class=\"separador\">\n\t\t<\/p>\n<h2><span class=\"ez-toc-section\" id=\"Mapa_de_oficinas_de_seguros_Alianza_Espanola_Seguros_en_Las_palmas\"><\/span>Mapa de oficinas de seguros Alianza Espa\u00f1ola Seguros en Las palmas<span class=\"ez-toc-section-end\"><\/span><\/h2>\n<p>Aparte de contar con localizador de sucursales de Alianza Espa\u00f1ola Seguros en Las palmas asimismo dispones de un mapa por cada Alianza Espa\u00f1ola Seguros en Las palmas. Hemos querido facilitarte este proceso de buscar, sabemos que resulta una perdida de tiempo buscar y no encontrar lo que se busca. En esta oportunidad contaras que lo tendr\u00e1s al instante. Poner soluciones de forma r\u00e1pida es nuestro trabajo, por esta raz\u00f3n quedara todo solucionado en el instante. <\/p>\n<p><iframe class=\"page-generator-pro-map\" width=\"100%\" height=\"400\" frameborder=\"0\" style=\"border:0\" src=\"https:\/\/www.google.com\/maps\/embed\/v1\/place?q=Arrecife%2C+Espa%C3%B1a&#038;zoom=14&#038;maptype=roadmap&#038;key=AIzaSyCNTEOso0tZG6YMSJFoaJEY5Th1stEWrJI\" allowfullscreen><\/iframe><\/p>\n<div class=\"colorf\"><div class=\"container clearfix\"><div class=\"col-md-7\"><div class=\"empresas\">\n<h2><span class=\"ez-toc-section\" id=\"Listado_de_oficinas_Alianza_Espanola_Seguros_en_Las_palmas\"><\/span>Listado de oficinas Alianza Espa\u00f1ola Seguros en Las palmas<span class=\"ez-toc-section-end\"><\/span><\/h2>\n<ul>\n<li><strong>Compa\u00f1\u00eda de seguros Espa\u00f1a:<\/strong> 35500<\/li>\n<\/ul>\n<\/div><\/div><\/div><\/div>\n<h2><span class=\"ez-toc-section\" id=\"Agencias_de_seguros_de_decesos_en_Las_palmas\"><\/span>Agencias de seguros de decesos en Las palmas<span class=\"ez-toc-section-end\"><\/span><\/h2>\n<p>Te traemos la soluci\u00f3n para aquellos que necesitan conocer <strong>seguros de defunci\u00f3n en Las palmas<\/strong>, ahorr\u00e1ndote pasos de registros, te damos el listado a fin de que lo tengas a tu completa disposici\u00f3n pudiendo acceder en cualquier instante, quedara siempre actualizado. Toda la informaci\u00f3n aportada es para quede resuelto todas y cada una de las dudas que te puedan surgir a lo largo del proceso. <\/p>\n<div class=\"colorf\"><div class=\"container clearfix\"><div class=\"col-md-7\"><div class=\"empresas\">\n<h3><span class=\"ez-toc-section\" id=\"Listado_de_oficinas_Alianza_Espanola_Seguros_en_Espana\"><\/span>Listado de oficinas Alianza Espa\u00f1ola Seguros en Espa\u00f1a<span class=\"ez-toc-section-end\"><\/span><\/h3>\n<p><!-- Shortcode [alianza-espanola-oficinas] does not exist --><\/div><\/div><\/div><\/div><\/p>\n<p><div class=\"oficinas\"><br \/>\n<h3><span class=\"ez-toc-section\" id=\"Paginas_relacionadas\"><\/span>P\u00e1ginas relacionadas<span class=\"ez-toc-section-end\"><\/span><\/h3><div class=\"enlazado\"><ul> <li><a href=\"https:\/\/idecesos.com\/seguros\/companias\/alianza-espanola\/opiniones\/\">Opiniones Alianza Espa\u00f1ola<\/a><\/li> <li><a href=\"https:\/\/idecesos.com\/seguros\/companias\/alianza-espanola\/precio\/\">Precio seguro Alianza Espa\u00f1ola<\/a><\/li> <li><a href=\"https:\/\/idecesos.com\/seguros\/companias\/alianza-espanola\/prima-mixta\/\">Alianza Espa\u00f1ola Prima Mixta<\/a><\/li> <li><a href=\"https:\/\/idecesos.com\/seguros\/companias\/alianza-espanola\/prima-natural\/\">Alianza Espa\u00f1ola Prima Natural<\/a><\/li> <li><a href=\"https:\/\/idecesos.com\/seguros\/companias\/alianza-espanola\/prima-nivelada\/\">Alianza Espa\u00f1ola Prima Nivelada<\/a><\/li> <li><a href=\"https:\/\/idecesos.com\/seguros\/companias\/alianza-espanola\/prima-unica\/\">Alianza Espa\u00f1ola Prima \u00danica<\/a><\/li> <li><a href=\"https:\/\/idecesos.com\/seguros\/companias\/alianza-espanola\/repatriacion\/\">Alianza Espa\u00f1ola Repatriaci\u00f3n<\/a><\/li> <li><a href=\"https:\/\/idecesos.com\/seguros\/companias\/alianza-espanola\/telefono\/\">Tel\u00e9fono Gratuito Alianza Espa\u00f1ola<\/a><\/li><\/ul><\/div><br \/>\n<\/div><\/p>\n","protected":false},"excerpt":{"rendered":"<p>Gracias a nosotros conocer\u00e1s la enorme pluralidad de locales de Alianza Espa\u00f1ola Seguros en Las palmas, donde solventaran cualquier error que pueda surgir o bien diferentes dudas a la hora de la tramitaci\u00f3n de tu p\u00f3liza. Adapt\u00e1ndote a los horarios marcador por cada uno de ellos de ellos. Dentro de cada compa\u00f1\u00eda aseguradora es esencial&hellip; <\/p>\n","protected":false},"author":0,"featured_media":0,"parent":6008,"menu_order":0,"comment_status":"closed","ping_status":"closed","template":"page-templates\/companies.php","meta":{"footnotes":""},"class_list":["post-16194","page","type-page","status-publish","hentry"],"yoast_head":"<!-- This site is optimized with the Yoast SEO plugin v27.5 - https:\/\/yoast.com\/product\/yoast-seo-wordpress\/ -->\n<title>Oficinas Alianza Espa\u00f1ola Seguros en Las palmas \u25b7Tel\u00e9fonos, Horarios, Direcci\u00f3n<\/title>\n<meta name=\"description\" content=\"Lista completa de Oficinas Alianza Espa\u00f1ola Seguros en Las palmas Horarios, \u2706 tel\u00e9fonos y direcciones actualizados en 2026 \u2611\ufe0f Verificado por iDecesos.\" \/>\n<meta name=\"robots\" content=\"index, follow, max-snippet:-1, max-image-preview:large, max-video-preview:-1\" \/>\n<link rel=\"canonical\" href=\"https:\/\/idecesos.com\/seguros\/companias\/alianza-espanola\/las-palmas\/\" \/>\n<meta property=\"og:locale\" content=\"es_ES\" \/>\n<meta property=\"og:type\" content=\"article\" \/>\n<meta property=\"og:title\" content=\"Oficinas Alianza Espa\u00f1ola Seguros en Las palmas \u25b7Tel\u00e9fonos, Horarios, Direcci\u00f3n\" \/>\n<meta property=\"og:description\" content=\"Lista completa de Oficinas Alianza Espa\u00f1ola Seguros en Las palmas Horarios, \u2706 tel\u00e9fonos y direcciones actualizados en 2026 \u2611\ufe0f Verificado por iDecesos.\" \/>\n<meta property=\"og:url\" content=\"https:\/\/idecesos.com\/seguros\/companias\/alianza-espanola\/las-palmas\/\" \/>\n<meta property=\"og:image\" content=\"https:\/\/idecesos.com\/seguros\/wp-content\/uploads\/2021\/11\/Alianza-Espanola-logo.jpg\" \/>\n<meta name=\"twitter:card\" content=\"summary_large_image\" \/>\n<meta name=\"twitter:label1\" content=\"Tiempo de lectura\" \/>\n\t<meta name=\"twitter:data1\" content=\"39 minutos\" \/>\n<script type=\"application\/ld+json\" class=\"yoast-schema-graph\">{\"@context\":\"https:\\\/\\\/schema.org\",\"@graph\":[{\"@type\":\"WebPage\",\"@id\":\"https:\\\/\\\/idecesos.com\\\/seguros\\\/companias\\\/alianza-espanola\\\/las-palmas\\\/\",\"url\":\"https:\\\/\\\/idecesos.com\\\/seguros\\\/companias\\\/alianza-espanola\\\/las-palmas\\\/\",\"name\":\"Oficinas Alianza Espa\u00f1ola Seguros en Las palmas \u25b7Tel\u00e9fonos, Horarios, Direcci\u00f3n\",\"isPartOf\":{\"@id\":\"https:\\\/\\\/idecesos.com\\\/seguros\\\/#website\"},\"primaryImageOfPage\":{\"@id\":\"https:\\\/\\\/idecesos.com\\\/seguros\\\/companias\\\/alianza-espanola\\\/las-palmas\\\/#primaryimage\"},\"image\":{\"@id\":\"https:\\\/\\\/idecesos.com\\\/seguros\\\/companias\\\/alianza-espanola\\\/las-palmas\\\/#primaryimage\"},\"thumbnailUrl\":\"https:\\\/\\\/idecesos.com\\\/seguros\\\/wp-content\\\/uploads\\\/2021\\\/11\\\/Alianza-Espanola-logo.jpg\",\"datePublished\":\"2021-11-27T18:55:44+00:00\",\"description\":\"Lista completa de Oficinas Alianza Espa\u00f1ola Seguros en Las palmas Horarios, \u2706 tel\u00e9fonos y direcciones actualizados en 2026 \u2611\ufe0f Verificado por iDecesos.\",\"breadcrumb\":{\"@id\":\"https:\\\/\\\/idecesos.com\\\/seguros\\\/companias\\\/alianza-espanola\\\/las-palmas\\\/#breadcrumb\"},\"inLanguage\":\"es\",\"potentialAction\":[{\"@type\":\"ReadAction\",\"target\":[\"https:\\\/\\\/idecesos.com\\\/seguros\\\/companias\\\/alianza-espanola\\\/las-palmas\\\/\"]}]},{\"@type\":\"ImageObject\",\"inLanguage\":\"es\",\"@id\":\"https:\\\/\\\/idecesos.com\\\/seguros\\\/companias\\\/alianza-espanola\\\/las-palmas\\\/#primaryimage\",\"url\":\"https:\\\/\\\/idecesos.com\\\/seguros\\\/wp-content\\\/uploads\\\/2021\\\/11\\\/Alianza-Espanola-logo.jpg\",\"contentUrl\":\"https:\\\/\\\/idecesos.com\\\/seguros\\\/wp-content\\\/uploads\\\/2021\\\/11\\\/Alianza-Espanola-logo.jpg\",\"width\":392,\"height\":116},{\"@type\":\"BreadcrumbList\",\"@id\":\"https:\\\/\\\/idecesos.com\\\/seguros\\\/companias\\\/alianza-espanola\\\/las-palmas\\\/#breadcrumb\",\"itemListElement\":[{\"@type\":\"ListItem\",\"position\":1,\"name\":\"Portada\",\"item\":\"https:\\\/\\\/idecesos.com\\\/seguros\\\/\"},{\"@type\":\"ListItem\",\"position\":2,\"name\":\"Compa\u00f1\u00edas de Seguros de Decesos en Espa\u00f1a\",\"item\":\"https:\\\/\\\/idecesos.com\\\/seguros\\\/companias\\\/\"},{\"@type\":\"ListItem\",\"position\":3,\"name\":\"Seguro de decesos Alianza Espa\u00f1ola\",\"item\":\"https:\\\/\\\/idecesos.com\\\/seguros\\\/companias\\\/alianza-espanola\\\/\"},{\"@type\":\"ListItem\",\"position\":4,\"name\":\"Oficinas seguros de decesos Alianza Espa\u00f1ola Seguros en Las palmas\"}]},{\"@type\":\"WebSite\",\"@id\":\"https:\\\/\\\/idecesos.com\\\/seguros\\\/#website\",\"url\":\"https:\\\/\\\/idecesos.com\\\/seguros\\\/\",\"name\":\"\",\"description\":\"\",\"potentialAction\":[{\"@type\":\"SearchAction\",\"target\":{\"@type\":\"EntryPoint\",\"urlTemplate\":\"https:\\\/\\\/idecesos.com\\\/seguros\\\/?s={search_term_string}\"},\"query-input\":{\"@type\":\"PropertyValueSpecification\",\"valueRequired\":true,\"valueName\":\"search_term_string\"}}],\"inLanguage\":\"es\"}]}<\/script>\n<!-- \/ Yoast SEO plugin. -->","yoast_head_json":{"title":"Oficinas Alianza Espa\u00f1ola Seguros en Las palmas \u25b7Tel\u00e9fonos, Horarios, Direcci\u00f3n","description":"Lista completa de Oficinas Alianza Espa\u00f1ola Seguros en Las palmas Horarios, \u2706 tel\u00e9fonos y direcciones actualizados en 2026 \u2611\ufe0f Verificado por iDecesos.","robots":{"index":"index","follow":"follow","max-snippet":"max-snippet:-1","max-image-preview":"max-image-preview:large","max-video-preview":"max-video-preview:-1"},"canonical":"https:\/\/idecesos.com\/seguros\/companias\/alianza-espanola\/las-palmas\/","og_locale":"es_ES","og_type":"article","og_title":"Oficinas Alianza Espa\u00f1ola Seguros en Las palmas \u25b7Tel\u00e9fonos, Horarios, Direcci\u00f3n","og_description":"Lista completa de Oficinas Alianza Espa\u00f1ola Seguros en Las palmas Horarios, \u2706 tel\u00e9fonos y direcciones actualizados en 2026 \u2611\ufe0f Verificado por iDecesos.","og_url":"https:\/\/idecesos.com\/seguros\/companias\/alianza-espanola\/las-palmas\/","og_image":[{"url":"https:\/\/idecesos.com\/seguros\/wp-content\/uploads\/2021\/11\/Alianza-Espanola-logo.jpg","type":"","width":"","height":""}],"twitter_card":"summary_large_image","twitter_misc":{"Tiempo de lectura":"39 minutos"},"schema":{"@context":"https:\/\/schema.org","@graph":[{"@type":"WebPage","@id":"https:\/\/idecesos.com\/seguros\/companias\/alianza-espanola\/las-palmas\/","url":"https:\/\/idecesos.com\/seguros\/companias\/alianza-espanola\/las-palmas\/","name":"Oficinas Alianza Espa\u00f1ola Seguros en Las palmas \u25b7Tel\u00e9fonos, Horarios, Direcci\u00f3n","isPartOf":{"@id":"https:\/\/idecesos.com\/seguros\/#website"},"primaryImageOfPage":{"@id":"https:\/\/idecesos.com\/seguros\/companias\/alianza-espanola\/las-palmas\/#primaryimage"},"image":{"@id":"https:\/\/idecesos.com\/seguros\/companias\/alianza-espanola\/las-palmas\/#primaryimage"},"thumbnailUrl":"https:\/\/idecesos.com\/seguros\/wp-content\/uploads\/2021\/11\/Alianza-Espanola-logo.jpg","datePublished":"2021-11-27T18:55:44+00:00","description":"Lista completa de Oficinas Alianza Espa\u00f1ola Seguros en Las palmas Horarios, \u2706 tel\u00e9fonos y direcciones actualizados en 2026 \u2611\ufe0f Verificado por iDecesos.","breadcrumb":{"@id":"https:\/\/idecesos.com\/seguros\/companias\/alianza-espanola\/las-palmas\/#breadcrumb"},"inLanguage":"es","potentialAction":[{"@type":"ReadAction","target":["https:\/\/idecesos.com\/seguros\/companias\/alianza-espanola\/las-palmas\/"]}]},{"@type":"ImageObject","inLanguage":"es","@id":"https:\/\/idecesos.com\/seguros\/companias\/alianza-espanola\/las-palmas\/#primaryimage","url":"https:\/\/idecesos.com\/seguros\/wp-content\/uploads\/2021\/11\/Alianza-Espanola-logo.jpg","contentUrl":"https:\/\/idecesos.com\/seguros\/wp-content\/uploads\/2021\/11\/Alianza-Espanola-logo.jpg","width":392,"height":116},{"@type":"BreadcrumbList","@id":"https:\/\/idecesos.com\/seguros\/companias\/alianza-espanola\/las-palmas\/#breadcrumb","itemListElement":[{"@type":"ListItem","position":1,"name":"Portada","item":"https:\/\/idecesos.com\/seguros\/"},{"@type":"ListItem","position":2,"name":"Compa\u00f1\u00edas de Seguros de Decesos en Espa\u00f1a","item":"https:\/\/idecesos.com\/seguros\/companias\/"},{"@type":"ListItem","position":3,"name":"Seguro de decesos Alianza Espa\u00f1ola","item":"https:\/\/idecesos.com\/seguros\/companias\/alianza-espanola\/"},{"@type":"ListItem","position":4,"name":"Oficinas seguros de decesos Alianza Espa\u00f1ola Seguros en Las palmas"}]},{"@type":"WebSite","@id":"https:\/\/idecesos.com\/seguros\/#website","url":"https:\/\/idecesos.com\/seguros\/","name":"","description":"","potentialAction":[{"@type":"SearchAction","target":{"@type":"EntryPoint","urlTemplate":"https:\/\/idecesos.com\/seguros\/?s={search_term_string}"},"query-input":{"@type":"PropertyValueSpecification","valueRequired":true,"valueName":"search_term_string"}}],"inLanguage":"es"}]}},"_links":{"self":[{"href":"https:\/\/idecesos.com\/seguros\/wp-json\/wp\/v2\/pages\/16194","targetHints":{"allow":["GET"]}}],"collection":[{"href":"https:\/\/idecesos.com\/seguros\/wp-json\/wp\/v2\/pages"}],"about":[{"href":"https:\/\/idecesos.com\/seguros\/wp-json\/wp\/v2\/types\/page"}],"replies":[{"embeddable":true,"href":"https:\/\/idecesos.com\/seguros\/wp-json\/wp\/v2\/comments?post=16194"}],"version-history":[{"count":0,"href":"https:\/\/idecesos.com\/seguros\/wp-json\/wp\/v2\/pages\/16194\/revisions"}],"up":[{"embeddable":true,"href":"https:\/\/idecesos.com\/seguros\/wp-json\/wp\/v2\/pages\/6008"}],"wp:attachment":[{"href":"https:\/\/idecesos.com\/seguros\/wp-json\/wp\/v2\/media?parent=16194"}],"curies":[{"name":"wp","href":"https:\/\/api.w.org\/{rel}","templated":true}]}}