{"id":16200,"date":"2021-11-27T18:55:48","date_gmt":"2021-11-27T18:55:48","guid":{"rendered":"https:\/\/idecesos.com\/seguros\/companias\/alianza-espanola\/pontevedra\/"},"modified":"2021-11-27T18:55:48","modified_gmt":"2021-11-27T18:55:48","slug":"pontevedra","status":"publish","type":"page","link":"https:\/\/idecesos.com\/seguros\/companias\/alianza-espanola\/pontevedra\/","title":{"rendered":"Oficinas seguros de decesos Alianza Espa\u00f1ola Seguros en Pontevedra"},"content":{"rendered":"<div id=\"ez-toc-container\" class=\"ez-toc-v2_0_83 ez-toc-wrap-center counter-hierarchy ez-toc-counter ez-toc-custom ez-toc-container-direction\">\n<div class=\"ez-toc-title-container\">\n<p class=\"ez-toc-title\" style=\"cursor:inherit\">Tabla de Contenido<\/p>\n<span class=\"ez-toc-title-toggle\"><a href=\"#\" class=\"ez-toc-pull-right ez-toc-btn ez-toc-btn-xs ez-toc-btn-default ez-toc-toggle\" aria-label=\"Alternar tabla de contenidos\"><span class=\"ez-toc-js-icon-con\"><span class=\"\"><span class=\"eztoc-hide\" style=\"display:none;\">Toggle<\/span><span class=\"ez-toc-icon-toggle-span\"><svg style=\"fill: #db6415;color:#db6415\" xmlns=\"http:\/\/www.w3.org\/2000\/svg\" class=\"list-377408\" width=\"20px\" height=\"20px\" viewBox=\"0 0 24 24\" fill=\"none\"><path d=\"M6 6H4v2h2V6zm14 0H8v2h12V6zM4 11h2v2H4v-2zm16 0H8v2h12v-2zM4 16h2v2H4v-2zm16 0H8v2h12v-2z\" fill=\"currentColor\"><\/path><\/svg><svg style=\"fill: #db6415;color:#db6415\" class=\"arrow-unsorted-368013\" xmlns=\"http:\/\/www.w3.org\/2000\/svg\" width=\"10px\" height=\"10px\" viewBox=\"0 0 24 24\" version=\"1.2\" baseProfile=\"tiny\"><path d=\"M18.2 9.3l-6.2-6.3-6.2 6.3c-.2.2-.3.4-.3.7s.1.5.3.7c.2.2.4.3.7.3h11c.3 0 .5-.1.7-.3.2-.2.3-.5.3-.7s-.1-.5-.3-.7zM5.8 14.7l6.2 6.3 6.2-6.3c.2-.2.3-.5.3-.7s-.1-.5-.3-.7c-.2-.2-.4-.3-.7-.3h-11c-.3 0-.5.1-.7.3-.2.2-.3.5-.3.7s.1.5.3.7z\"\/><\/svg><\/span><\/span><\/span><\/a><\/span><\/div>\n<nav><ul class='ez-toc-list ez-toc-list-level-1 ' ><li class='ez-toc-page-1 ez-toc-heading-level-2'><a class=\"ez-toc-link ez-toc-heading-1\" href=\"https:\/\/idecesos.com\/seguros\/companias\/alianza-espanola\/pontevedra\/#Seguro_de_decesos_Alianza_Espanola_Seguros_en_Pontevedra\" >Seguro de decesos Alianza Espa\u00f1ola Seguros en Pontevedra<\/a><\/li><li class='ez-toc-page-1 ez-toc-heading-level-2'><a class=\"ez-toc-link ez-toc-heading-2\" href=\"https:\/\/idecesos.com\/seguros\/companias\/alianza-espanola\/pontevedra\/#Mapa_de_oficinas_de_seguros_Alianza_Espanola_Seguros_en_Pontevedra\" >Mapa de oficinas de seguros Alianza Espa\u00f1ola Seguros en Pontevedra<\/a><\/li><li class='ez-toc-page-1 ez-toc-heading-level-2'><a class=\"ez-toc-link ez-toc-heading-3\" href=\"https:\/\/idecesos.com\/seguros\/companias\/alianza-espanola\/pontevedra\/#Listado_de_oficinas_Alianza_Espanola_Seguros_en_Pontevedra\" >Listado de oficinas Alianza Espa\u00f1ola Seguros en Pontevedra<\/a><\/li><li class='ez-toc-page-1 ez-toc-heading-level-2'><a class=\"ez-toc-link ez-toc-heading-4\" href=\"https:\/\/idecesos.com\/seguros\/companias\/alianza-espanola\/pontevedra\/#Agencias_de_seguros_de_decesos_en_Pontevedra\" >Agencias de seguros de decesos en Pontevedra<\/a><ul class='ez-toc-list-level-3' ><li class='ez-toc-heading-level-3'><a class=\"ez-toc-link ez-toc-heading-5\" href=\"https:\/\/idecesos.com\/seguros\/companias\/alianza-espanola\/pontevedra\/#Listado_de_oficinas_Alianza_Espanola_Seguros_en_Espana\" >Listado de oficinas Alianza Espa\u00f1ola Seguros en Espa\u00f1a<\/a><\/li><\/ul><\/li><\/ul><\/nav><\/div>\n<p><br \/>\n<a href=\"https:\/\/idecesos.com\/seguros\/companias\/alianza-espanola\/\"><img decoding=\"async\" class=\" alignleft\" src=\"https:\/\/idecesos.com\/seguros\/wp-content\/uploads\/2021\/11\/Alianza-Espanola-logo.jpg\" alt=\"Seguro de decesos Alianza Espa\u00f1ola Seguros\" width=\"336\" height=\"103\" \/><\/a>\u00bfSabes que cuentas con diferentes sucursales de Alianza Espa\u00f1ola Seguros en Pontevedra? puesto que te contamos que dispones de diferentes, donde gestionaran tus inconvenientes o dudas que tengas sobre tu p\u00f3liza. Cada sucursal tiene un horario diferente. Cada delegaci\u00f3n de compa\u00f1\u00eda de seguros, cumplir\u00e1 con diferentes tratos, siempre y en toda circunstancia siendo el m\u00e1s \u00fatil con un trato m\u00e1s cercano, y en ello solventen los fallos que pueden ocasionar. <\/p>\n<p>Resulta complicado conocer en qu\u00e9 sitio se halla ciertas oficinas de Alianza Espa\u00f1ola Seguros en Pontevedra hemos querido facilitarte eso, donde te ayudaran a gestionar todos y cada uno de los erros que han pasado o evitando que sucedan, de manera m\u00e1s veloz, eludiendo cualquier problema con tu compa\u00f1\u00eda de seguros. Cuando se precisa de este servicio tan cerca el desarrollo de cada empresa es asesarte en el proceso de la perdida de un familiar, acudiendo a tu oficina m\u00e1s cerca jam\u00e1s vas a tener problemas cuando se gestione alg\u00fan tramite sobre la p\u00f3liza. \u00a0<\/p>\n<p>Visita nuestra p\u00e1gina de <a href=\"https:\/\/idecesos.com\/seguros\/companias\/alianza-espanola\/\">seguros de decesos Alianza Espa\u00f1ola Seguros<\/a> para m\u00e1s informaci\u00f3n.<\/p>\n<div class=\"colorf \"  ><div class=\"container clearfix\"><div class=\"col-md-7\">\n<h2><span class=\"ez-toc-section\" id=\"Seguro_de_decesos_Alianza_Espanola_Seguros_en_Pontevedra\"><\/span>Seguro de decesos Alianza Espa\u00f1ola Seguros en Pontevedra<span class=\"ez-toc-section-end\"><\/span><\/h2>\n<p>Cuentas con <strong>diferentes empresas aseguradoras en Pontevedra<\/strong> representamos una de los mejores servicios, donde notoriamente vas a percibir la calidad exclusiva que damos a cada uno de ellos. Sabemos que es complicado obtener un presupuesto, donde cuesta comprender toda la informaci\u00f3n, nosotros te obsequiamos la ocasi\u00f3n de poder acceder de inmediato a pedir tu presupuesto de Alianza Espa\u00f1ola Seguros en Pontevedra, vas a recibir la informaci\u00f3n pedida en el instante ahorr\u00e1ndote tiempo en todo instante. <\/p>\n<p><strong>Ver m\u00e1s:<\/strong> <a href=\"https:\/\/idecesos.com\/seguros\/ciudades\/pontevedra\/\">Seguros de decesos en Pontevedra<\/a><\/p>\n<p>Hemos querido facilitarte el proceso de buscar, por eso te damos este formulario donde vas a recibir toda la informaci\u00f3n precisa que necesite. Asimismo cuenta con el beneficio de pedir cita previa, para que pueda asistir a su sucursal de <strong>confianza de Alianza Espa\u00f1ola Seguros en Pontevedra.<\/strong> Cuenta con la seguridad de que solo va a recibir la informaci\u00f3n que hayas requerido. El formulario esta desarrollado a fin de que tenga la informaci\u00f3n precisa y sin problema en el momento de adquirir su cita previa. Asegurando la seguridad de la administraci\u00f3n de sus datos. <\/p>\n<p><\/div><\/div><\/div>\n\t\t<hr class=\"separador\">\n\t\t<div class=\"bloque-accion\">\n\t\t<p class=\"txt-accion\">Calcula el precio de tu seguro de decesos en menos de 1 minuto<\/p>\n\t\t<a class=\"btn-accion\" href=\"https:\/\/idecesos.com\/\">CALCULAR<\/a>\n\t\t<\/div>\n\t\t<hr class=\"separador\">\n\t\t<\/p>\n<h2><span class=\"ez-toc-section\" id=\"Mapa_de_oficinas_de_seguros_Alianza_Espanola_Seguros_en_Pontevedra\"><\/span>Mapa de oficinas de seguros Alianza Espa\u00f1ola Seguros en Pontevedra<span class=\"ez-toc-section-end\"><\/span><\/h2>\n<p>Como puedes observar cuentas con un localizador de sucursales de Alianza Espa\u00f1ola Seguros en Pontevedra con toda la informaci\u00f3n precisa , incluyendo de este modo un mapa por cada Alianza Espa\u00f1ola Seguros en Pontevedra. Sabemos lo esencial que es poder contar en todo instante con buenos resultados, por este motivo en cada busca quedase cubierto por calidad. En menos de momento lo vas a tener a tu disposici\u00f3n. Poner soluciones de forma r\u00e1pida es nuestro trabajo, por esta raz\u00f3n quedara todo solucionado en el instante. <\/p>\n<p><iframe class=\"page-generator-pro-map\" width=\"100%\" height=\"400\" frameborder=\"0\" style=\"border:0\" src=\"https:\/\/www.google.com\/maps\/embed\/v1\/place?q=Vigo%2C+Espa%C3%B1a&#038;zoom=14&#038;maptype=roadmap&#038;key=AIzaSyCNTEOso0tZG6YMSJFoaJEY5Th1stEWrJI\" allowfullscreen><\/iframe><\/p>\n<div class=\"colorf\"><div class=\"container clearfix\"><div class=\"col-md-7\"><div class=\"empresas\">\n<h2><span class=\"ez-toc-section\" id=\"Listado_de_oficinas_Alianza_Espanola_Seguros_en_Pontevedra\"><\/span>Listado de oficinas Alianza Espa\u00f1ola Seguros en Pontevedra<span class=\"ez-toc-section-end\"><\/span><\/h2>\n<ul>\n<li><strong>Compa\u00f1\u00eda de seguros Espa\u00f1a:<\/strong> 36202<\/li>\n<\/ul>\n<\/div><\/div><\/div><\/div>\n<h2><span class=\"ez-toc-section\" id=\"Agencias_de_seguros_de_decesos_en_Pontevedra\"><\/span>Agencias de seguros de decesos en Pontevedra<span class=\"ez-toc-section-end\"><\/span><\/h2>\n<p>No te registres para obtener la informaci\u00f3n de las <strong>compa\u00f1\u00edas de seguros de decesos en Pontevedra<\/strong> te damos esa ventaja y esa sencillez de poder acceder en todo momento, que quedase siempre actualizada todos y cada uno de los d\u00edas. Toda la informaci\u00f3n aportada es para quede resuelto todas y cada una de las dudas que te puedan surgir a lo largo del proceso. <\/p>\n<div class=\"colorf\"><div class=\"container clearfix\"><div class=\"col-md-7\"><div class=\"empresas\">\n<h3><span class=\"ez-toc-section\" id=\"Listado_de_oficinas_Alianza_Espanola_Seguros_en_Espana\"><\/span>Listado de oficinas Alianza Espa\u00f1ola Seguros en Espa\u00f1a<span class=\"ez-toc-section-end\"><\/span><\/h3>\n<p><!-- Shortcode [alianza-espanola-oficinas] does not exist --><\/div><\/div><\/div><\/div><\/p>\n<p><div class=\"oficinas\"><br \/>\n<h3>P\u00e1ginas relacionadas<\/h3><div class=\"enlazado\"><ul> <li><a href=\"https:\/\/idecesos.com\/seguros\/companias\/alianza-espanola\/opiniones\/\">Opiniones Alianza Espa\u00f1ola<\/a><\/li> <li><a href=\"https:\/\/idecesos.com\/seguros\/companias\/alianza-espanola\/precio\/\">Precio seguro Alianza Espa\u00f1ola<\/a><\/li> <li><a href=\"https:\/\/idecesos.com\/seguros\/companias\/alianza-espanola\/prima-mixta\/\">Alianza Espa\u00f1ola Prima Mixta<\/a><\/li> <li><a href=\"https:\/\/idecesos.com\/seguros\/companias\/alianza-espanola\/prima-natural\/\">Alianza Espa\u00f1ola Prima Natural<\/a><\/li> <li><a href=\"https:\/\/idecesos.com\/seguros\/companias\/alianza-espanola\/prima-nivelada\/\">Alianza Espa\u00f1ola Prima Nivelada<\/a><\/li> <li><a href=\"https:\/\/idecesos.com\/seguros\/companias\/alianza-espanola\/prima-unica\/\">Alianza Espa\u00f1ola Prima \u00danica<\/a><\/li> <li><a href=\"https:\/\/idecesos.com\/seguros\/companias\/alianza-espanola\/repatriacion\/\">Alianza Espa\u00f1ola Repatriaci\u00f3n<\/a><\/li> <li><a href=\"https:\/\/idecesos.com\/seguros\/companias\/alianza-espanola\/telefono\/\">Tel\u00e9fono Gratuito Alianza Espa\u00f1ola<\/a><\/li><\/ul><\/div><br \/>\n<\/div><\/p>\n","protected":false},"excerpt":{"rendered":"<p>\u00bfSabes que cuentas con diferentes sucursales de Alianza Espa\u00f1ola Seguros en Pontevedra? puesto que te contamos que dispones de diferentes, donde gestionaran tus inconvenientes o dudas que tengas sobre tu p\u00f3liza. Cada sucursal tiene un horario diferente. Cada delegaci\u00f3n de compa\u00f1\u00eda de seguros, cumplir\u00e1 con diferentes tratos, siempre y en toda circunstancia siendo el m\u00e1s&hellip; <\/p>\n","protected":false},"author":0,"featured_media":0,"parent":6008,"menu_order":0,"comment_status":"closed","ping_status":"closed","template":"page-templates\/companies.php","meta":{"footnotes":""},"class_list":["post-16200","page","type-page","status-publish","hentry"],"yoast_head":"<!-- This site is optimized with the Yoast SEO plugin v27.6 - https:\/\/yoast.com\/product\/yoast-seo-wordpress\/ -->\n<title>Oficinas Alianza Espa\u00f1ola Seguros en Pontevedra \u25b7Tel\u00e9fonos, Horarios, Direcci\u00f3n<\/title>\n<meta name=\"description\" content=\"Lista completa de Oficinas Alianza Espa\u00f1ola Seguros en Pontevedra Horarios, \u2706 tel\u00e9fonos y direcciones actualizados en 2026 \u2611\ufe0f Verificado por iDecesos.\" \/>\n<meta name=\"robots\" content=\"index, follow, max-snippet:-1, max-image-preview:large, max-video-preview:-1\" \/>\n<link rel=\"canonical\" href=\"https:\/\/idecesos.com\/seguros\/companias\/alianza-espanola\/pontevedra\/\" \/>\n<meta property=\"og:locale\" content=\"es_ES\" \/>\n<meta property=\"og:type\" content=\"article\" \/>\n<meta property=\"og:title\" content=\"Oficinas Alianza Espa\u00f1ola Seguros en Pontevedra \u25b7Tel\u00e9fonos, Horarios, Direcci\u00f3n\" \/>\n<meta property=\"og:description\" content=\"Lista completa de Oficinas Alianza Espa\u00f1ola Seguros en Pontevedra Horarios, \u2706 tel\u00e9fonos y direcciones actualizados en 2026 \u2611\ufe0f Verificado por iDecesos.\" \/>\n<meta property=\"og:url\" content=\"https:\/\/idecesos.com\/seguros\/companias\/alianza-espanola\/pontevedra\/\" \/>\n<meta property=\"og:image\" content=\"https:\/\/idecesos.com\/seguros\/wp-content\/uploads\/2021\/11\/Alianza-Espanola-logo.jpg\" \/>\n<meta name=\"twitter:card\" content=\"summary_large_image\" \/>\n<meta name=\"twitter:label1\" content=\"Tiempo de lectura\" \/>\n\t<meta name=\"twitter:data1\" content=\"39 minutos\" \/>\n<script type=\"application\/ld+json\" class=\"yoast-schema-graph\">{\"@context\":\"https:\\\/\\\/schema.org\",\"@graph\":[{\"@type\":\"WebPage\",\"@id\":\"https:\\\/\\\/idecesos.com\\\/seguros\\\/companias\\\/alianza-espanola\\\/pontevedra\\\/\",\"url\":\"https:\\\/\\\/idecesos.com\\\/seguros\\\/companias\\\/alianza-espanola\\\/pontevedra\\\/\",\"name\":\"Oficinas Alianza Espa\u00f1ola Seguros en Pontevedra \u25b7Tel\u00e9fonos, Horarios, Direcci\u00f3n\",\"isPartOf\":{\"@id\":\"https:\\\/\\\/idecesos.com\\\/seguros\\\/#website\"},\"primaryImageOfPage\":{\"@id\":\"https:\\\/\\\/idecesos.com\\\/seguros\\\/companias\\\/alianza-espanola\\\/pontevedra\\\/#primaryimage\"},\"image\":{\"@id\":\"https:\\\/\\\/idecesos.com\\\/seguros\\\/companias\\\/alianza-espanola\\\/pontevedra\\\/#primaryimage\"},\"thumbnailUrl\":\"https:\\\/\\\/idecesos.com\\\/seguros\\\/wp-content\\\/uploads\\\/2021\\\/11\\\/Alianza-Espanola-logo.jpg\",\"datePublished\":\"2021-11-27T18:55:48+00:00\",\"description\":\"Lista completa de Oficinas Alianza Espa\u00f1ola Seguros en Pontevedra Horarios, \u2706 tel\u00e9fonos y direcciones actualizados en 2026 \u2611\ufe0f Verificado por iDecesos.\",\"breadcrumb\":{\"@id\":\"https:\\\/\\\/idecesos.com\\\/seguros\\\/companias\\\/alianza-espanola\\\/pontevedra\\\/#breadcrumb\"},\"inLanguage\":\"es\",\"potentialAction\":[{\"@type\":\"ReadAction\",\"target\":[\"https:\\\/\\\/idecesos.com\\\/seguros\\\/companias\\\/alianza-espanola\\\/pontevedra\\\/\"]}]},{\"@type\":\"ImageObject\",\"inLanguage\":\"es\",\"@id\":\"https:\\\/\\\/idecesos.com\\\/seguros\\\/companias\\\/alianza-espanola\\\/pontevedra\\\/#primaryimage\",\"url\":\"https:\\\/\\\/idecesos.com\\\/seguros\\\/wp-content\\\/uploads\\\/2021\\\/11\\\/Alianza-Espanola-logo.jpg\",\"contentUrl\":\"https:\\\/\\\/idecesos.com\\\/seguros\\\/wp-content\\\/uploads\\\/2021\\\/11\\\/Alianza-Espanola-logo.jpg\",\"width\":392,\"height\":116},{\"@type\":\"BreadcrumbList\",\"@id\":\"https:\\\/\\\/idecesos.com\\\/seguros\\\/companias\\\/alianza-espanola\\\/pontevedra\\\/#breadcrumb\",\"itemListElement\":[{\"@type\":\"ListItem\",\"position\":1,\"name\":\"Portada\",\"item\":\"https:\\\/\\\/idecesos.com\\\/seguros\\\/\"},{\"@type\":\"ListItem\",\"position\":2,\"name\":\"Compa\u00f1\u00edas de Seguros de Decesos en Espa\u00f1a\",\"item\":\"https:\\\/\\\/idecesos.com\\\/seguros\\\/companias\\\/\"},{\"@type\":\"ListItem\",\"position\":3,\"name\":\"Seguro de decesos Alianza Espa\u00f1ola\",\"item\":\"https:\\\/\\\/idecesos.com\\\/seguros\\\/companias\\\/alianza-espanola\\\/\"},{\"@type\":\"ListItem\",\"position\":4,\"name\":\"Oficinas seguros de decesos Alianza Espa\u00f1ola Seguros en Pontevedra\"}]},{\"@type\":\"WebSite\",\"@id\":\"https:\\\/\\\/idecesos.com\\\/seguros\\\/#website\",\"url\":\"https:\\\/\\\/idecesos.com\\\/seguros\\\/\",\"name\":\"\",\"description\":\"\",\"potentialAction\":[{\"@type\":\"SearchAction\",\"target\":{\"@type\":\"EntryPoint\",\"urlTemplate\":\"https:\\\/\\\/idecesos.com\\\/seguros\\\/?s={search_term_string}\"},\"query-input\":{\"@type\":\"PropertyValueSpecification\",\"valueRequired\":true,\"valueName\":\"search_term_string\"}}],\"inLanguage\":\"es\"}]}<\/script>\n<!-- \/ Yoast SEO plugin. -->","yoast_head_json":{"title":"Oficinas Alianza Espa\u00f1ola Seguros en Pontevedra \u25b7Tel\u00e9fonos, Horarios, Direcci\u00f3n","description":"Lista completa de Oficinas Alianza Espa\u00f1ola Seguros en Pontevedra Horarios, \u2706 tel\u00e9fonos y direcciones actualizados en 2026 \u2611\ufe0f Verificado por iDecesos.","robots":{"index":"index","follow":"follow","max-snippet":"max-snippet:-1","max-image-preview":"max-image-preview:large","max-video-preview":"max-video-preview:-1"},"canonical":"https:\/\/idecesos.com\/seguros\/companias\/alianza-espanola\/pontevedra\/","og_locale":"es_ES","og_type":"article","og_title":"Oficinas Alianza Espa\u00f1ola Seguros en Pontevedra \u25b7Tel\u00e9fonos, Horarios, Direcci\u00f3n","og_description":"Lista completa de Oficinas Alianza Espa\u00f1ola Seguros en Pontevedra Horarios, \u2706 tel\u00e9fonos y direcciones actualizados en 2026 \u2611\ufe0f Verificado por iDecesos.","og_url":"https:\/\/idecesos.com\/seguros\/companias\/alianza-espanola\/pontevedra\/","og_image":[{"url":"https:\/\/idecesos.com\/seguros\/wp-content\/uploads\/2021\/11\/Alianza-Espanola-logo.jpg","type":"","width":"","height":""}],"twitter_card":"summary_large_image","twitter_misc":{"Tiempo de lectura":"39 minutos"},"schema":{"@context":"https:\/\/schema.org","@graph":[{"@type":"WebPage","@id":"https:\/\/idecesos.com\/seguros\/companias\/alianza-espanola\/pontevedra\/","url":"https:\/\/idecesos.com\/seguros\/companias\/alianza-espanola\/pontevedra\/","name":"Oficinas Alianza Espa\u00f1ola Seguros en Pontevedra \u25b7Tel\u00e9fonos, Horarios, Direcci\u00f3n","isPartOf":{"@id":"https:\/\/idecesos.com\/seguros\/#website"},"primaryImageOfPage":{"@id":"https:\/\/idecesos.com\/seguros\/companias\/alianza-espanola\/pontevedra\/#primaryimage"},"image":{"@id":"https:\/\/idecesos.com\/seguros\/companias\/alianza-espanola\/pontevedra\/#primaryimage"},"thumbnailUrl":"https:\/\/idecesos.com\/seguros\/wp-content\/uploads\/2021\/11\/Alianza-Espanola-logo.jpg","datePublished":"2021-11-27T18:55:48+00:00","description":"Lista completa de Oficinas Alianza Espa\u00f1ola Seguros en Pontevedra Horarios, \u2706 tel\u00e9fonos y direcciones actualizados en 2026 \u2611\ufe0f Verificado por iDecesos.","breadcrumb":{"@id":"https:\/\/idecesos.com\/seguros\/companias\/alianza-espanola\/pontevedra\/#breadcrumb"},"inLanguage":"es","potentialAction":[{"@type":"ReadAction","target":["https:\/\/idecesos.com\/seguros\/companias\/alianza-espanola\/pontevedra\/"]}]},{"@type":"ImageObject","inLanguage":"es","@id":"https:\/\/idecesos.com\/seguros\/companias\/alianza-espanola\/pontevedra\/#primaryimage","url":"https:\/\/idecesos.com\/seguros\/wp-content\/uploads\/2021\/11\/Alianza-Espanola-logo.jpg","contentUrl":"https:\/\/idecesos.com\/seguros\/wp-content\/uploads\/2021\/11\/Alianza-Espanola-logo.jpg","width":392,"height":116},{"@type":"BreadcrumbList","@id":"https:\/\/idecesos.com\/seguros\/companias\/alianza-espanola\/pontevedra\/#breadcrumb","itemListElement":[{"@type":"ListItem","position":1,"name":"Portada","item":"https:\/\/idecesos.com\/seguros\/"},{"@type":"ListItem","position":2,"name":"Compa\u00f1\u00edas de Seguros de Decesos en Espa\u00f1a","item":"https:\/\/idecesos.com\/seguros\/companias\/"},{"@type":"ListItem","position":3,"name":"Seguro de decesos Alianza Espa\u00f1ola","item":"https:\/\/idecesos.com\/seguros\/companias\/alianza-espanola\/"},{"@type":"ListItem","position":4,"name":"Oficinas seguros de decesos Alianza Espa\u00f1ola Seguros en Pontevedra"}]},{"@type":"WebSite","@id":"https:\/\/idecesos.com\/seguros\/#website","url":"https:\/\/idecesos.com\/seguros\/","name":"","description":"","potentialAction":[{"@type":"SearchAction","target":{"@type":"EntryPoint","urlTemplate":"https:\/\/idecesos.com\/seguros\/?s={search_term_string}"},"query-input":{"@type":"PropertyValueSpecification","valueRequired":true,"valueName":"search_term_string"}}],"inLanguage":"es"}]}},"_links":{"self":[{"href":"https:\/\/idecesos.com\/seguros\/wp-json\/wp\/v2\/pages\/16200","targetHints":{"allow":["GET"]}}],"collection":[{"href":"https:\/\/idecesos.com\/seguros\/wp-json\/wp\/v2\/pages"}],"about":[{"href":"https:\/\/idecesos.com\/seguros\/wp-json\/wp\/v2\/types\/page"}],"replies":[{"embeddable":true,"href":"https:\/\/idecesos.com\/seguros\/wp-json\/wp\/v2\/comments?post=16200"}],"version-history":[{"count":0,"href":"https:\/\/idecesos.com\/seguros\/wp-json\/wp\/v2\/pages\/16200\/revisions"}],"up":[{"embeddable":true,"href":"https:\/\/idecesos.com\/seguros\/wp-json\/wp\/v2\/pages\/6008"}],"wp:attachment":[{"href":"https:\/\/idecesos.com\/seguros\/wp-json\/wp\/v2\/media?parent=16200"}],"curies":[{"name":"wp","href":"https:\/\/api.w.org\/{rel}","templated":true}]}}