{"id":16455,"date":"2021-12-04T16:34:08","date_gmt":"2021-12-04T16:34:08","guid":{"rendered":"https:\/\/idecesos.com\/seguros\/companias\/sanitas\/telefono\/"},"modified":"2022-04-07T12:57:51","modified_gmt":"2022-04-07T12:57:51","slug":"telefono","status":"publish","type":"page","link":"https:\/\/idecesos.com\/seguros\/companias\/sanitas\/telefono\/","title":{"rendered":"Atenci\u00f3n al cliente Sanitas: telefono gratuito, e-mail"},"content":{"rendered":"<div id=\"ez-toc-container\" class=\"ez-toc-v2_0_82_2 ez-toc-wrap-center counter-hierarchy ez-toc-counter ez-toc-custom ez-toc-container-direction\">\n<div class=\"ez-toc-title-container\">\n<p class=\"ez-toc-title\" style=\"cursor:inherit\">Tabla de Contenido<\/p>\n<span class=\"ez-toc-title-toggle\"><a href=\"#\" class=\"ez-toc-pull-right ez-toc-btn ez-toc-btn-xs ez-toc-btn-default ez-toc-toggle\" aria-label=\"Alternar tabla de contenidos\"><span class=\"ez-toc-js-icon-con\"><span class=\"\"><span class=\"eztoc-hide\" style=\"display:none;\">Toggle<\/span><span class=\"ez-toc-icon-toggle-span\"><svg style=\"fill: #db6415;color:#db6415\" xmlns=\"http:\/\/www.w3.org\/2000\/svg\" class=\"list-377408\" width=\"20px\" height=\"20px\" viewBox=\"0 0 24 24\" fill=\"none\"><path d=\"M6 6H4v2h2V6zm14 0H8v2h12V6zM4 11h2v2H4v-2zm16 0H8v2h12v-2zM4 16h2v2H4v-2zm16 0H8v2h12v-2z\" fill=\"currentColor\"><\/path><\/svg><svg style=\"fill: #db6415;color:#db6415\" class=\"arrow-unsorted-368013\" xmlns=\"http:\/\/www.w3.org\/2000\/svg\" width=\"10px\" height=\"10px\" viewBox=\"0 0 24 24\" version=\"1.2\" baseProfile=\"tiny\"><path d=\"M18.2 9.3l-6.2-6.3-6.2 6.3c-.2.2-.3.4-.3.7s.1.5.3.7c.2.2.4.3.7.3h11c.3 0 .5-.1.7-.3.2-.2.3-.5.3-.7s-.1-.5-.3-.7zM5.8 14.7l6.2 6.3 6.2-6.3c.2-.2.3-.5.3-.7s-.1-.5-.3-.7c-.2-.2-.4-.3-.7-.3h-11c-.3 0-.5.1-.7.3-.2.2-.3.5-.3.7s.1.5.3.7z\"\/><\/svg><\/span><\/span><\/span><\/a><\/span><\/div>\n<nav><ul class='ez-toc-list ez-toc-list-level-1 ' ><ul class='ez-toc-list-level-4' ><li class='ez-toc-heading-level-4'><ul class='ez-toc-list-level-4' ><li class='ez-toc-heading-level-4'><a class=\"ez-toc-link ez-toc-heading-1\" href=\"https:\/\/idecesos.com\/seguros\/companias\/sanitas\/telefono\/#Telefono_Contrataciones_951_127_403\" >Tel\u00e9fono Contrataciones \n951 127 403<\/a><\/li><\/ul><\/li><\/ul><\/li><li class='ez-toc-page-1 ez-toc-heading-level-2'><a class=\"ez-toc-link ez-toc-heading-2\" href=\"https:\/\/idecesos.com\/seguros\/companias\/sanitas\/telefono\/#%C2%BFComo_contactar_con_Sanitas\" >\u00bfC\u00f3mo contactar con Sanitas?<\/a><ul class='ez-toc-list-level-3' ><li class='ez-toc-heading-level-3'><a class=\"ez-toc-link ez-toc-heading-3\" href=\"https:\/\/idecesos.com\/seguros\/companias\/sanitas\/telefono\/#Telefono_gratuito_de_Sanitas\" >Tel\u00e9fono gratuito de Sanitas<\/a><\/li><li class='ez-toc-page-1 ez-toc-heading-level-3'><a class=\"ez-toc-link ez-toc-heading-4\" href=\"https:\/\/idecesos.com\/seguros\/companias\/sanitas\/telefono\/#Horario_de_atencion_al_cliente_de_Sanitas\" >Horario de atenci\u00f3n al cliente de Sanitas<\/a><\/li><li class='ez-toc-page-1 ez-toc-heading-level-3'><a class=\"ez-toc-link ez-toc-heading-5\" href=\"https:\/\/idecesos.com\/seguros\/companias\/sanitas\/telefono\/#Correo_electronico_de_Sanitas\" >Correo electr\u00f3nico de Sanitas<\/a><\/li><li class='ez-toc-page-1 ez-toc-heading-level-3'><a class=\"ez-toc-link ez-toc-heading-6\" href=\"https:\/\/idecesos.com\/seguros\/companias\/sanitas\/telefono\/#Formulario_en_el_sitio_Web_de_Sanitas\" >Formulario en el sitio Web de Sanitas<\/a><\/li><li class='ez-toc-page-1 ez-toc-heading-level-3'><a class=\"ez-toc-link ez-toc-heading-7\" href=\"https:\/\/idecesos.com\/seguros\/companias\/sanitas\/telefono\/#Redes_sociales_de_Sanitas\" >Redes sociales de Sanitas<\/a><\/li><li class='ez-toc-page-1 ez-toc-heading-level-3'><a class=\"ez-toc-link ez-toc-heading-8\" href=\"https:\/\/idecesos.com\/seguros\/companias\/sanitas\/telefono\/#Paginas_relacionadas\" >P\u00e1ginas relacionadas<\/a><\/li><\/ul><\/li><\/ul><\/nav><\/div>\n\n<div class=\"caja\">\n<div class=\"cajaIcono2 \"  ><div class=\"cuadro\" style=\"box-shadow: inset 0 0 0 3px #ff790e\"><div class=\"iconoCircular\" style=\"border: 3px solid #ff790e\">\t\t\n\t\t\t\t\t<div class=\"iconoCirculo\">\n\t\t\t\t\t  <i class=\"fas fa-phone-volume\"><\/i>\n\t\t\t\t\t<\/div>\n\t\t\t\t<\/div><div class=\"\">\n<h4 style=\"text-align: center;\"><span class=\"ez-toc-section\" id=\"Telefono_Contrataciones_951_127_403\"><\/span><strong>Tel\u00e9fono Contrataciones<br \/>\n951 127 403<\/strong><span class=\"ez-toc-section-end\"><\/span><\/h4>\n<p><\/div><\/div><\/div><br \/>\nSanitas tiene un amplio horario para atender sus necesidad en los peores momentos. Un agente experto le atender\u00e1 para cubrir sus necesidades y se encargar\u00e1 de todos tr\u00e1mites de su seguro de decesos. La libre elecci\u00f3n del camposanto, tanatorio y corona, la gesti\u00f3n sobre la tramitaci\u00f3n funeraria, los gastos en ata\u00fad y servicios sanitarios, el traslado tanto nacional como internacional del fallecido y muchas otras coberturas que ser\u00e1n atendidas por los agentes especialistas de Sanitas. Con el mayor tacto y su profesionalidad, Sanitas se encargar\u00e1 de tenerlo todo bajo control en ese duro momento de su vida. Adem\u00e1s, sus agentes van a tratar esta situaci\u00f3n con la delicadeza, respeto y profesionalidad que mereces.<br \/>\n<\/div><\/p>\n<div class=\"colorf \"  ><div class=\"container clearfix\"><div class=\"col-md-7\"><\/p>\n<h2><span class=\"ez-toc-section\" id=\"%C2%BFComo_contactar_con_Sanitas\"><\/span>\u00bfC\u00f3mo contactar con Sanitas?<span class=\"ez-toc-section-end\"><\/span><\/h2>\n<p>Ponerse en contacto con Sanitas es muy simple. Ofrece los siguientes m\u00e9todos a fin de que el usuario pueda comunicarse con la empresa: tel\u00e9fono gratuito, e mail, formulario mediante la p\u00e1gina web y, por \u00faltimo, redes sociales.<br \/>\n<\/div><\/div><\/div>\n<h3><span class=\"ez-toc-section\" id=\"Telefono_gratuito_de_Sanitas\"><\/span>Tel\u00e9fono gratuito de Sanitas<span class=\"ez-toc-section-end\"><\/span><\/h3>\n<p>A continuaci\u00f3n le mostramos el n\u00famero de tel\u00e9fono para contactar con Sanitas <strong>91 752 28 52<\/strong>. Sanitas est\u00e1 al tanto de que es uno de los m\u00e9todos m\u00e1s r\u00e1pidos, sencillos y eficaces, hoy en d\u00eda, para cualquier clase de cuesti\u00f3n y duda que tenga el usuario, sin precisar desplazarse o dejar las labores que se lo impidan. Es esencial que sepas que la llamada a Sanitas es totalmente gratuita por lo que los minutos que est\u00e9s hablando con ellos no repercutir\u00e1n en tu tarifa. Un experto en seguro de decesos le atender\u00e1 para que pueda resolver todas sus dudas y de este modo quedar satisfecho con su llamada.<br \/>\n<div class=\"colorf\"><div class=\"container clearfix\"><div class=\"col-md-7\"><\/p>\n<div class=\"cabecera_tabla_ajustada \"  style=\"width:80%\" ><div class=\"row\"><\/div>\n<p><div class=\"fila_tabla4 \"  ><div class=\"row\"><div class=\"col-8 nosepara izq\"><p><strong>Tel\u00e9fono para contrataciones<\/strong><\/p><\/div><div class=\"col-4 nosepara centro\">951 127 403<\/div><\/div><\/div><div class=\"fila_tabla4 \"  ><div class=\"row\"><div class=\"col-8 nosepara izq\"><p><strong>Tel\u00e9fono informaci\u00f3n<\/strong><\/p><\/div><div class=\"col-4 nosepara centro\">93 362 34 49<\/div><\/div><\/div><\/p>\n<div class=\"pie_tabla \"  ><div class=\"row\"><div class=\"col-12 \"><\/div><\/div><\/div><\/div>\n<\/div><\/div><\/div>\n<h3><span class=\"ez-toc-section\" id=\"Horario_de_atencion_al_cliente_de_Sanitas\"><\/span>Horario de atenci\u00f3n al cliente de Sanitas<span class=\"ez-toc-section-end\"><\/span><\/h3>\n<p>Para que puedas solucionar sus inquietudes, Sanitas pone a su predisposici\u00f3n un horario flexible de atenci\u00f3n al usuario. Gracias a esto, sus agente podr\u00e1n asistirle siempre que lo necesite. La persona con la que hable le atender\u00e1 con un lenguaje claro y sucinto a fin de que los servicios que demanden quede resueltos. En el momento que precise, la llamada ser\u00e1 desviada a uno de los aconsejes y especialistas de la compa\u00f1\u00eda, que le resolver\u00e1 las preguntas, dudas\u2026 que desee saber sobre su seguro de decesos y cualquier cuesti\u00f3n que le compete. Finalizada la llamada, va a tener contestaci\u00f3n a todas sus preguntas y va a estar contento con el trato recibido por parte del personal.<br \/>\n<div class=\"colorf\"><div class=\"container clearfix\"><div class=\"col-md-7\"><\/p>\n<h3><span class=\"ez-toc-section\" id=\"Correo_electronico_de_Sanitas\"><\/span>Correo electr\u00f3nico de Sanitas<span class=\"ez-toc-section-end\"><\/span><\/h3>\n<p>Hoy en d\u00eda, las tecnolog\u00edas han avanzado y la poblaci\u00f3n ha seguido cada paso agigantado que ha dado. Esto ha supuesto que internet lo invada todo y que cualquier ciudadano pueda optar a tenerlo. Plataformas como Gmail o bien Hotmail han hecho que el env\u00edo y recibo de documentos y tambi\u00e9n informaci\u00f3n sea algo f\u00e1cil y pr\u00e1ctico sin tener que desplazarse a ning\u00fan lado. Sanitas ha tenido en cuenta esta evoluci\u00f3n de la sociedad con lo que ofrece a sus usuarios un e-mail para poder contactar con ellos <strong>clientes@sanitas.es<\/strong>. Merced a esto podr\u00e1 enviar cualquier duda, solicitud o inquietud sobre su seguro de decesos. La respuesta va a haber sido estudiada y preparada por agentes especialistas en el tema.<br \/>\n<\/div><\/div><\/div><\/p>\n<h3><span class=\"ez-toc-section\" id=\"Formulario_en_el_sitio_Web_de_Sanitas\"><\/span>Formulario en el sitio Web de Sanitas<span class=\"ez-toc-section-end\"><\/span><\/h3>\n<p>Asistir a los buscadores de Internet para hallar contestaciones a tus preguntas es, hoy en d\u00eda, uno de los actos m\u00e1s frecuentes. Su eficacia y gran alcance hace que esta plataforma digital sea la m\u00e1s empleada para buscar informaci\u00f3n ya que todo est\u00e1 libre para todo el planeta. Gracias al buscador, poniendo Sanitas vas a poder localizar toda la informaci\u00f3n sobre su seguro de decesos en su p\u00e1gina <strong>www.sanitas.es<\/strong>. All\u00ed encontrar\u00e1s sus diferentes coberturas y costos para que puedas informarte sobre todos ellos y recibir informaci\u00f3n ya antes de contratar sus servicios. All\u00ed va a poder localizar un apartado con un formulario que va a deber rellenar con sus datos para que m\u00e1s tarde un agente se ponga en contacto con usted lo m\u00e1s veloz posible para resolverle sus dudas sobre el tema que le haya preguntado.<br \/>\n<div class=\"colorf\"><div class=\"container clearfix\"><div class=\"col-md-7\"><\/p>\n<h3><span class=\"ez-toc-section\" id=\"Redes_sociales_de_Sanitas\"><\/span>Redes sociales de Sanitas<span class=\"ez-toc-section-end\"><\/span><\/h3>\n<p>Miles de personas son parte de las redes sociales con mayor relevancia y difusi\u00f3n: Instagram, Twitter y Fb. Al estar al corriente del gran impacto que tienen, Sanitas dispone de un perfil en estas plataformas. Es suficiente con teclear Sanitas en la aplicaci\u00f3n para acceder a \u00e9l. En el perfil podr\u00e1s ver im\u00e1genes promocionales, enlace directo a su p\u00e1gina, informaci\u00f3n b\u00e1sica sobre las caracter\u00edsticas que tiene su seguro de decesos, si disponen de alguna oferta en ese instante, etc\u00e9teraEste servicio le ser\u00e1 de mucha ayuda para sostener contacto con la compa\u00f1\u00eda si de este modo lo desea.<br \/>\n<\/div><\/div><\/div><\/p>\n<\/div>\n<p><div class=\"oficinas\"> <h3><span class=\"ez-toc-section\" id=\"Paginas_relacionadas\"><\/span>P\u00e1ginas relacionadas<span class=\"ez-toc-section-end\"><\/span><\/h3><div class=\"enlazado\"><ul> <li><a href=\"https:\/\/idecesos.com\/seguros\/companias\/sanitas\/opiniones\/\">Opiniones Sanitas<\/a><\/li> <li><a href=\"https:\/\/idecesos.com\/seguros\/companias\/sanitas\/precio\/\">Precio seguro Sanitas<\/a><\/li> <li><a href=\"https:\/\/idecesos.com\/seguros\/companias\/sanitas\/prima-mixta\/\">Sanitas Prima Mixta<\/a><\/li> <li><a href=\"https:\/\/idecesos.com\/seguros\/companias\/sanitas\/prima-natural\/\">Sanitas Prima Natural<\/a><\/li> <li><a href=\"https:\/\/idecesos.com\/seguros\/companias\/sanitas\/prima-nivelada\/\">Sanitas Prima Nivelada<\/a><\/li> <li><a href=\"https:\/\/idecesos.com\/seguros\/companias\/sanitas\/prima-unica\/\">Sanitas Prima \u00danica<\/a><\/li> <li><a href=\"https:\/\/idecesos.com\/seguros\/companias\/sanitas\/repatriacion\/\">Sanitas Repatriaci\u00f3n<\/a><\/li> <li><a href=\"https:\/\/idecesos.com\/seguros\/companias\/sanitas\/telefono\/\">Tel\u00e9fono Gratuito Sanitas<\/a><\/li><\/ul><\/div> <\/div><\/p>\n","protected":false},"excerpt":{"rendered":"<p>Sanitas tiene un amplio horario para atender sus necesidad en los peores momentos. Un agente experto le atender\u00e1 para cubrir sus necesidades y se encargar\u00e1 de todos tr\u00e1mites de su seguro de decesos. La libre elecci\u00f3n del camposanto, tanatorio y corona, la gesti\u00f3n sobre la tramitaci\u00f3n funeraria, los gastos en ata\u00fad y servicios sanitarios, el&hellip; <\/p>\n","protected":false},"author":1,"featured_media":0,"parent":16262,"menu_order":0,"comment_status":"closed","ping_status":"closed","template":"single.php","meta":{"footnotes":""},"class_list":["post-16455","page","type-page","status-publish","hentry"],"yoast_head":"<!-- This site is optimized with the Yoast SEO plugin v27.5 - https:\/\/yoast.com\/product\/yoast-seo-wordpress\/ -->\n<title>Tel\u00e9fono Gratuito Sanitas \u25b7Atenci\u00f3n Cliente, Email, RRSS, Web<\/title>\n<meta name=\"description\" content=\"Busca aqu\u00ed\u3010Sanitas seguros tel\u00e9fono gratuito\u3011Sanitas Decesos tel\u00e9fono gratis: atenci\u00f3n al cliente y contrataciones \u2611\ufe0fVerificado en 2026\" \/>\n<meta name=\"robots\" content=\"index, follow, max-snippet:-1, max-image-preview:large, max-video-preview:-1\" \/>\n<link rel=\"canonical\" href=\"https:\/\/idecesos.com\/seguros\/companias\/sanitas\/telefono\/\" \/>\n<meta property=\"og:locale\" content=\"es_ES\" \/>\n<meta property=\"og:type\" content=\"article\" \/>\n<meta property=\"og:title\" content=\"Tel\u00e9fono Gratuito Sanitas \u25b7Atenci\u00f3n Cliente, Email, RRSS, Web\" \/>\n<meta property=\"og:description\" content=\"Busca aqu\u00ed\u3010Sanitas seguros tel\u00e9fono gratuito\u3011Sanitas Decesos tel\u00e9fono gratis: atenci\u00f3n al cliente y contrataciones \u2611\ufe0fVerificado en 2026\" \/>\n<meta property=\"og:url\" content=\"https:\/\/idecesos.com\/seguros\/companias\/sanitas\/telefono\/\" \/>\n<meta property=\"article:modified_time\" content=\"2022-04-07T12:57:51+00:00\" \/>\n<meta name=\"twitter:card\" content=\"summary_large_image\" \/>\n<meta name=\"twitter:label1\" content=\"Tiempo de lectura\" \/>\n\t<meta name=\"twitter:data1\" content=\"4 minutos\" \/>\n<script type=\"application\/ld+json\" class=\"yoast-schema-graph\">{\"@context\":\"https:\\\/\\\/schema.org\",\"@graph\":[{\"@type\":\"WebPage\",\"@id\":\"https:\\\/\\\/idecesos.com\\\/seguros\\\/companias\\\/sanitas\\\/telefono\\\/\",\"url\":\"https:\\\/\\\/idecesos.com\\\/seguros\\\/companias\\\/sanitas\\\/telefono\\\/\",\"name\":\"Tel\u00e9fono Gratuito Sanitas \u25b7Atenci\u00f3n Cliente, Email, RRSS, Web\",\"isPartOf\":{\"@id\":\"https:\\\/\\\/idecesos.com\\\/seguros\\\/#website\"},\"datePublished\":\"2021-12-04T16:34:08+00:00\",\"dateModified\":\"2022-04-07T12:57:51+00:00\",\"description\":\"Busca aqu\u00ed\u3010Sanitas seguros tel\u00e9fono gratuito\u3011Sanitas Decesos tel\u00e9fono gratis: atenci\u00f3n al cliente y contrataciones \u2611\ufe0fVerificado en 2026\",\"breadcrumb\":{\"@id\":\"https:\\\/\\\/idecesos.com\\\/seguros\\\/companias\\\/sanitas\\\/telefono\\\/#breadcrumb\"},\"inLanguage\":\"es\",\"potentialAction\":[{\"@type\":\"ReadAction\",\"target\":[\"https:\\\/\\\/idecesos.com\\\/seguros\\\/companias\\\/sanitas\\\/telefono\\\/\"]}]},{\"@type\":\"BreadcrumbList\",\"@id\":\"https:\\\/\\\/idecesos.com\\\/seguros\\\/companias\\\/sanitas\\\/telefono\\\/#breadcrumb\",\"itemListElement\":[{\"@type\":\"ListItem\",\"position\":1,\"name\":\"Portada\",\"item\":\"https:\\\/\\\/idecesos.com\\\/seguros\\\/\"},{\"@type\":\"ListItem\",\"position\":2,\"name\":\"Compa\u00f1\u00edas de Seguros de Decesos en Espa\u00f1a\",\"item\":\"https:\\\/\\\/idecesos.com\\\/seguros\\\/companias\\\/\"},{\"@type\":\"ListItem\",\"position\":3,\"name\":\"Seguro de decesos Sanitas\",\"item\":\"https:\\\/\\\/idecesos.com\\\/seguros\\\/companias\\\/sanitas\\\/\"},{\"@type\":\"ListItem\",\"position\":4,\"name\":\"Atenci\u00f3n al cliente Sanitas: telefono gratuito, e-mail\"}]},{\"@type\":\"WebSite\",\"@id\":\"https:\\\/\\\/idecesos.com\\\/seguros\\\/#website\",\"url\":\"https:\\\/\\\/idecesos.com\\\/seguros\\\/\",\"name\":\"\",\"description\":\"\",\"potentialAction\":[{\"@type\":\"SearchAction\",\"target\":{\"@type\":\"EntryPoint\",\"urlTemplate\":\"https:\\\/\\\/idecesos.com\\\/seguros\\\/?s={search_term_string}\"},\"query-input\":{\"@type\":\"PropertyValueSpecification\",\"valueRequired\":true,\"valueName\":\"search_term_string\"}}],\"inLanguage\":\"es\"}]}<\/script>\n<!-- \/ Yoast SEO plugin. -->","yoast_head_json":{"title":"Tel\u00e9fono Gratuito Sanitas \u25b7Atenci\u00f3n Cliente, Email, RRSS, Web","description":"Busca aqu\u00ed\u3010Sanitas seguros tel\u00e9fono gratuito\u3011Sanitas Decesos tel\u00e9fono gratis: atenci\u00f3n al cliente y contrataciones \u2611\ufe0fVerificado en 2026","robots":{"index":"index","follow":"follow","max-snippet":"max-snippet:-1","max-image-preview":"max-image-preview:large","max-video-preview":"max-video-preview:-1"},"canonical":"https:\/\/idecesos.com\/seguros\/companias\/sanitas\/telefono\/","og_locale":"es_ES","og_type":"article","og_title":"Tel\u00e9fono Gratuito Sanitas \u25b7Atenci\u00f3n Cliente, Email, RRSS, Web","og_description":"Busca aqu\u00ed\u3010Sanitas seguros tel\u00e9fono gratuito\u3011Sanitas Decesos tel\u00e9fono gratis: atenci\u00f3n al cliente y contrataciones \u2611\ufe0fVerificado en 2026","og_url":"https:\/\/idecesos.com\/seguros\/companias\/sanitas\/telefono\/","article_modified_time":"2022-04-07T12:57:51+00:00","twitter_card":"summary_large_image","twitter_misc":{"Tiempo de lectura":"4 minutos"},"schema":{"@context":"https:\/\/schema.org","@graph":[{"@type":"WebPage","@id":"https:\/\/idecesos.com\/seguros\/companias\/sanitas\/telefono\/","url":"https:\/\/idecesos.com\/seguros\/companias\/sanitas\/telefono\/","name":"Tel\u00e9fono Gratuito Sanitas \u25b7Atenci\u00f3n Cliente, Email, RRSS, Web","isPartOf":{"@id":"https:\/\/idecesos.com\/seguros\/#website"},"datePublished":"2021-12-04T16:34:08+00:00","dateModified":"2022-04-07T12:57:51+00:00","description":"Busca aqu\u00ed\u3010Sanitas seguros tel\u00e9fono gratuito\u3011Sanitas Decesos tel\u00e9fono gratis: atenci\u00f3n al cliente y contrataciones \u2611\ufe0fVerificado en 2026","breadcrumb":{"@id":"https:\/\/idecesos.com\/seguros\/companias\/sanitas\/telefono\/#breadcrumb"},"inLanguage":"es","potentialAction":[{"@type":"ReadAction","target":["https:\/\/idecesos.com\/seguros\/companias\/sanitas\/telefono\/"]}]},{"@type":"BreadcrumbList","@id":"https:\/\/idecesos.com\/seguros\/companias\/sanitas\/telefono\/#breadcrumb","itemListElement":[{"@type":"ListItem","position":1,"name":"Portada","item":"https:\/\/idecesos.com\/seguros\/"},{"@type":"ListItem","position":2,"name":"Compa\u00f1\u00edas de Seguros de Decesos en Espa\u00f1a","item":"https:\/\/idecesos.com\/seguros\/companias\/"},{"@type":"ListItem","position":3,"name":"Seguro de decesos Sanitas","item":"https:\/\/idecesos.com\/seguros\/companias\/sanitas\/"},{"@type":"ListItem","position":4,"name":"Atenci\u00f3n al cliente Sanitas: telefono gratuito, e-mail"}]},{"@type":"WebSite","@id":"https:\/\/idecesos.com\/seguros\/#website","url":"https:\/\/idecesos.com\/seguros\/","name":"","description":"","potentialAction":[{"@type":"SearchAction","target":{"@type":"EntryPoint","urlTemplate":"https:\/\/idecesos.com\/seguros\/?s={search_term_string}"},"query-input":{"@type":"PropertyValueSpecification","valueRequired":true,"valueName":"search_term_string"}}],"inLanguage":"es"}]}},"_links":{"self":[{"href":"https:\/\/idecesos.com\/seguros\/wp-json\/wp\/v2\/pages\/16455","targetHints":{"allow":["GET"]}}],"collection":[{"href":"https:\/\/idecesos.com\/seguros\/wp-json\/wp\/v2\/pages"}],"about":[{"href":"https:\/\/idecesos.com\/seguros\/wp-json\/wp\/v2\/types\/page"}],"author":[{"embeddable":true,"href":"https:\/\/idecesos.com\/seguros\/wp-json\/wp\/v2\/users\/1"}],"replies":[{"embeddable":true,"href":"https:\/\/idecesos.com\/seguros\/wp-json\/wp\/v2\/comments?post=16455"}],"version-history":[{"count":4,"href":"https:\/\/idecesos.com\/seguros\/wp-json\/wp\/v2\/pages\/16455\/revisions"}],"predecessor-version":[{"id":21081,"href":"https:\/\/idecesos.com\/seguros\/wp-json\/wp\/v2\/pages\/16455\/revisions\/21081"}],"up":[{"embeddable":true,"href":"https:\/\/idecesos.com\/seguros\/wp-json\/wp\/v2\/pages\/16262"}],"wp:attachment":[{"href":"https:\/\/idecesos.com\/seguros\/wp-json\/wp\/v2\/media?parent=16455"}],"curies":[{"name":"wp","href":"https:\/\/api.w.org\/{rel}","templated":true}]}}