{"id":16463,"date":"2021-12-05T13:34:26","date_gmt":"2021-12-05T13:32:32","guid":{"rendered":"https:\/\/idecesos.com\/seguros\/ciudades\/asturias\/siero\/"},"modified":"2022-01-03T12:32:54","modified_gmt":"2022-01-03T12:32:54","slug":"siero","status":"publish","type":"page","link":"https:\/\/idecesos.com\/seguros\/ciudades\/asturias\/siero\/","title":{"rendered":"Seguro decesos Siero"},"content":{"rendered":"<div id=\"ez-toc-container\" class=\"ez-toc-v2_0_82_2 ez-toc-wrap-center counter-hierarchy ez-toc-counter ez-toc-custom ez-toc-container-direction\">\n<div class=\"ez-toc-title-container\">\n<p class=\"ez-toc-title\" style=\"cursor:inherit\">Tabla de Contenido<\/p>\n<span class=\"ez-toc-title-toggle\"><a href=\"#\" class=\"ez-toc-pull-right ez-toc-btn ez-toc-btn-xs ez-toc-btn-default ez-toc-toggle\" aria-label=\"Alternar tabla de contenidos\"><span class=\"ez-toc-js-icon-con\"><span class=\"\"><span class=\"eztoc-hide\" style=\"display:none;\">Toggle<\/span><span class=\"ez-toc-icon-toggle-span\"><svg style=\"fill: #db6415;color:#db6415\" xmlns=\"http:\/\/www.w3.org\/2000\/svg\" class=\"list-377408\" width=\"20px\" height=\"20px\" viewBox=\"0 0 24 24\" fill=\"none\"><path d=\"M6 6H4v2h2V6zm14 0H8v2h12V6zM4 11h2v2H4v-2zm16 0H8v2h12v-2zM4 16h2v2H4v-2zm16 0H8v2h12v-2z\" fill=\"currentColor\"><\/path><\/svg><svg style=\"fill: #db6415;color:#db6415\" class=\"arrow-unsorted-368013\" xmlns=\"http:\/\/www.w3.org\/2000\/svg\" width=\"10px\" height=\"10px\" viewBox=\"0 0 24 24\" version=\"1.2\" baseProfile=\"tiny\"><path d=\"M18.2 9.3l-6.2-6.3-6.2 6.3c-.2.2-.3.4-.3.7s.1.5.3.7c.2.2.4.3.7.3h11c.3 0 .5-.1.7-.3.2-.2.3-.5.3-.7s-.1-.5-.3-.7zM5.8 14.7l6.2 6.3 6.2-6.3c.2-.2.3-.5.3-.7s-.1-.5-.3-.7c-.2-.2-.4-.3-.7-.3h-11c-.3 0-.5.1-.7.3-.2.2-.3.5-.3.7s.1.5.3.7z\"\/><\/svg><\/span><\/span><\/span><\/a><\/span><\/div>\n<nav><ul class='ez-toc-list ez-toc-list-level-1 ' ><li class='ez-toc-page-1 ez-toc-heading-level-2'><a class=\"ez-toc-link ez-toc-heading-1\" href=\"https:\/\/idecesos.com\/seguros\/ciudades\/asturias\/siero\/#Comparador_seguro_decesos_Siero\" >Comparador seguro decesos Siero<\/a><ul class='ez-toc-list-level-3' ><li class='ez-toc-heading-level-3'><a class=\"ez-toc-link ez-toc-heading-2\" href=\"https:\/\/idecesos.com\/seguros\/ciudades\/asturias\/siero\/#%C2%BFCuanto_cuesta_un_seguro_de_decesos_en_Siero\" >\u00bfCu\u00e1nto cuesta un seguro de decesos en Siero?<\/a><\/li><\/ul><\/li><li class='ez-toc-page-1 ez-toc-heading-level-2'><a class=\"ez-toc-link ez-toc-heading-3\" href=\"https:\/\/idecesos.com\/seguros\/ciudades\/asturias\/siero\/#Mejor_seguro_de_decesos_en_Siero\" >Mejor seguro de decesos en Siero<\/a><\/li><li class='ez-toc-page-1 ez-toc-heading-level-2'><a class=\"ez-toc-link ez-toc-heading-4\" href=\"https:\/\/idecesos.com\/seguros\/ciudades\/asturias\/siero\/#Mapa_seguros_de_decesos_Siero\" >Mapa seguros de decesos Siero<\/a><ul class='ez-toc-list-level-3' ><li class='ez-toc-heading-level-3'><a class=\"ez-toc-link ez-toc-heading-5\" href=\"https:\/\/idecesos.com\/seguros\/ciudades\/asturias\/siero\/#Otras_ciudades_cercanas_donde_trabajamos\" >Otras ciudades cercanas donde trabajamos<\/a><\/li><\/ul><\/li><\/ul><\/nav><\/div>\n\r\n\r\n\r\n<p>Siero es una de las provincias donde una enorme capilaridad del seguro de decesos, teniendo en cuenta que aproximadamente en Espa\u00f1a el 50 por cien de los habitantes tiene una p\u00f3liza. La localidad donde vaya a ser contratada la p\u00f3liza de seguros es esencial debido a que va a condicionar el precio de exactamente la misma, no va a costar <strong>lo mismo un sepelio en Siero<\/strong>, que en otra ciudad de Espa\u00f1a. Para poder saber qu\u00e9 coste tiene un entierro en cierta localidad, se podr\u00eda ir consultando en cada una de las empresas de seguros con seguro de decesos que nos interesase, o bien efectuar una comparativa con empresas que se dedican a la comparaci\u00f3n de seguros, <strong>como es el caso de iDecesos.com<\/strong>. iDecesos est\u00e1 experta en los decesos como su nombre se\u00f1ala, por lo que puede aportar una informaci\u00f3n clave a cualquier interesado en este tipo de seguros.<\/p>\r\n<p>\r\n\r\n<\/p>\r\n<div class=\"colorf \"  ><div class=\"container clearfix\"><div class=\"col-md-7\"><\/p>\r\n<h2 class=\"wp-block-heading\"><span class=\"ez-toc-section\" id=\"Comparador_seguro_decesos_Siero\"><\/span>Comparador seguro decesos Siero<span class=\"ez-toc-section-end\"><\/span><\/h2>\r\n<p>\r\n\r\n<\/p>\r\n<p>Calcula los mejores seguros de decesos<strong> a trav\u00e9s de iDecesos.com.<\/strong> Sin importar el tipo de prima que est\u00e9s buscando:<\/p>\r\n<p>\r\n\r\n<\/p>\r\n<ul>\r\n<li>Prima nivelada<\/li>\r\n<li>Prima natural<\/li>\r\n<li>Prima mixta<\/li>\r\n<li>Prima \u00fanica<\/li>\r\n<\/ul>\r\n<p>\r\n\r\n<\/p>\r\n<p>Puedes contar con nosotros para resolver todas tus dudas y contratar el seguro que mejor se ajuste a tus necesidades. Rellena ahora tus datos para obtener el mejor seguro de decesos para Siero, equiparamos los costes de todas y cada una de las aseguradoras de tu ciudad y te ofrecemos la opci\u00f3n que mejor se ajusta a tus necesidades.<\/p>\r\n<p>\r\n\r\n<\/p>\r\n<h3 class=\"wp-block-heading\"><span class=\"ez-toc-section\" id=\"%C2%BFCuanto_cuesta_un_seguro_de_decesos_en_Siero\"><\/span>\u00bfCu\u00e1nto cuesta un seguro de decesos en Siero?<span class=\"ez-toc-section-end\"><\/span><\/h3>\r\n<p>El precio del seguro de decesos en Siero se encuentra entorno a los 1,99\u20ac por mes si el asegurado est\u00e1 en perfecto estado de salud, es joven y contrata una oferta de iDecesos.<\/p>\r\n<p><\/div><\/div><\/div>\r\n<h2><span class=\"ez-toc-section\" id=\"Mejor_seguro_de_decesos_en_Siero\"><\/span>Mejor seguro de decesos en Siero<span class=\"ez-toc-section-end\"><\/span><\/h2>\r\n<p>\r\n\r\n<\/p>\r\n<p>Ya antes de contratar un seguro de decesos en Siero, deber\u00edamos destacar los diferentes g\u00e9neros de seguros que existen ante el fallecimiento de una persona. Primero hallar\u00edamos los populares seguros de vida y luego los seguros de decesos. Si bien hallamos una diferencia b\u00e1sica, el seguro de vida se marcha a encargar de cubrir el sepelio de forma econ\u00f3mica, o sea, no se marcha a encargar de los tr\u00e1mites ni las diligencias que conlleva un entierro. Trabajamos con muchas compa\u00f1\u00edas de decesos en Siero, ahora, tienes un breve resumen de cada una de ellas y si usas nuestro comparadores conseguir\u00e1s el precio de cada una de ellas en menos de un minuto.<\/p>\r\n<p>\r\n\r\n<\/p>\r\n<div class=\"wp-block-columns is-layout-flex wp-container-core-columns-is-layout-9d6595d7 wp-block-columns-is-layout-flex\">\r\n<div class=\"wp-block-column is-layout-flow wp-block-column-is-layout-flow\" style=\"flex-basis: 33.33%;\">\r\n<div class=\"wp-block-image\">\r\n<figure class=\"aligncenter size-large\"><img decoding=\"async\" src=\"https:\/\/idecesos.com\/img\/decesos_helvetia_normal.png\" alt=\"\" \/><\/figure>\r\n<\/div>\r\n<\/div>\r\n\r\n\r\n\r\n<div class=\"wp-block-column is-layout-flow wp-block-column-is-layout-flow\" style=\"flex-basis: 66.66%;\">\r\n<p><strong>Seguro de decesos Helvetia Siero<\/strong>: es un seguro que cubre los costes de un funeral en el caso de fallecimiento: tanatorio, enterramiento o incineraci\u00f3n, preparaci\u00f3n del difunto\u2026 en definitiva todo lo necesario para dar el \u00faltimo adi\u00f3s a esa persona tan especial, sin pagar nada en un momento tan fr\u00e1gil. <a href=\"https:\/\/idecesos.com\/seguros\/companias\/helvetia\/\">Leer m\u00e1s sobre Seguros de decesos Helvetia.<\/a><\/p>\r\n<p><\/p>\r\n<\/div>\r\n<\/div>\r\n<p>\r\n\r\n<\/p>\r\n<div class=\"wp-block-columns is-layout-flex wp-container-core-columns-is-layout-9d6595d7 wp-block-columns-is-layout-flex\">\r\n<div class=\"wp-block-column is-layout-flow wp-block-column-is-layout-flow\" style=\"flex-basis: 33.33%;\">\r\n<div class=\"wp-block-image\">\r\n<figure class=\"aligncenter size-large\"><img decoding=\"async\" src=\"https:\/\/idecesos.com\/img\/decesos_caser.png\" alt=\"\" \/><\/figure>\r\n<\/div>\r\n<\/div>\r\n\r\n\r\n\r\n<div class=\"wp-block-column is-layout-flow wp-block-column-is-layout-flow\" style=\"flex-basis: 66.66%;\">\r\n<p><strong>Seguro de decesos Caser Siero:<\/strong> El seguro de decesos de Caser nos ayuda a estar dispuestos para cuando muramos. Merced a sus coberturas, aparte de no tener que preocuparse por los gastos del sepelio, nuestros familiares contar\u00e1n con otros beneficios. <a href=\"https:\/\/idecesos.com\/seguros\/companias\/caser\/\">Leer m\u00e1s sobre Seguros de decesos Caser.<\/a><\/p>\r\n<p>&nbsp;<\/p>\r\n<p><\/p>\r\n<\/div>\r\n<\/div>\r\n<p>\r\n\r\n<\/p>\r\n<div class=\"wp-block-columns is-layout-flex wp-container-core-columns-is-layout-9d6595d7 wp-block-columns-is-layout-flex\">\r\n<div class=\"wp-block-column is-layout-flow wp-block-column-is-layout-flow\" style=\"flex-basis: 33.33%;\">\r\n<div class=\"wp-block-image\">\r\n<figure class=\"aligncenter size-large\"><img decoding=\"async\" src=\"https:\/\/idecesos.com\/img\/decesos_adeslas.png\" alt=\"\" \/><\/figure>\r\n<\/div>\r\n<\/div>\r\n\r\n\r\n\r\n<div class=\"wp-block-column is-layout-flow wp-block-column-is-layout-flow\" style=\"flex-basis: 66.66%;\">\r\n<p><strong>Seguro de decesos Adeslas Siero:<\/strong> es un producto completo que ofrece las coberturas m\u00e1s esenciales y que, adem\u00e1s de esto, ofrece servicios adicionales bien interesantes. <a href=\"https:\/\/idecesos.com\/seguros\/companias\/adeslas\/\">Leer m\u00e1s sobre Seguros de decesos Adeslas.<\/a><\/p>\r\n<p><\/p>\r\n<\/div>\r\n<\/div>\r\n<p>\r\n\r\n<\/p>\r\n<div class=\"wp-block-columns is-layout-flex wp-container-core-columns-is-layout-9d6595d7 wp-block-columns-is-layout-flex\">\r\n<div class=\"wp-block-column is-layout-flow wp-block-column-is-layout-flow\" style=\"flex-basis: 33.33%;\">\r\n<div class=\"wp-block-image\">\r\n<figure class=\"aligncenter size-large\"><img decoding=\"async\" src=\"https:\/\/idecesos.com\/img\/decesos_asisa.png\" alt=\"\" \/><\/figure>\r\n<\/div>\r\n<\/div>\r\n\r\n\r\n\r\n<div class=\"wp-block-column is-layout-flow wp-block-column-is-layout-flow\" style=\"flex-basis: 66.66%;\">\r\n<p><strong>Seguro de decesos ASISA Siero:<\/strong> es una compa\u00f1\u00eda de seguros que lidera la asistencia sanitaria en todo el territorio de Espa\u00f1a. Es propiedad de la Cooperativa de Lavinia, de patrimonio enteramente de Espa\u00f1a y la cual negocia las actividades del Grupo Asisa por medio de los \u00f3rganos del gobierno. Su condici\u00f3n de cooperativa la capacita para destinar las utilidades obtenidas en forma anual en el mejoramiento de la actividad asistencial. <a href=\"https:\/\/idecesos.com\/seguros\/companias\/asisa\/\">Leer m\u00e1s sobre Seguros de decesos Asisa.<\/a><\/p>\r\n<p>&nbsp;<\/p>\r\n<p><\/p>\r\n<\/div>\r\n<\/div>\r\n<p>\r\n\r\n<\/p>\r\n<div class=\"wp-block-columns is-layout-flex wp-container-core-columns-is-layout-9d6595d7 wp-block-columns-is-layout-flex\">\r\n<div class=\"wp-block-column is-layout-flow wp-block-column-is-layout-flow\" style=\"flex-basis: 33.33%;\">\r\n<div class=\"wp-block-image\">\r\n<figure class=\"aligncenter size-large\"><img decoding=\"async\" src=\"https:\/\/idecesos.com\/img\/decesos_santalucia.png\" alt=\"\" \/><\/figure>\r\n<\/div>\r\n<\/div>\r\n\r\n\r\n\r\n<div class=\"wp-block-column is-layout-flow wp-block-column-is-layout-flow\" style=\"flex-basis: 66.66%;\">\r\n<p><strong>Seguro de decesos SANTA LUCIA Siero:<\/strong> Sus p\u00f3lizas son calificadas como unas de las p\u00f3lizas con m\u00e1s bagaje, se clasifican atendiendo al perfil del contratante, con coberturas b\u00e1sicas y opcionales a fin de que te despreocupes en esos instantes tan duros. <a href=\"https:\/\/idecesos.com\/seguros\/companias\/santa-lucia\/\">Leer m\u00e1s sobre Seguros de decesos Santa Lucia.<\/a><\/p>\r\n<p><\/p>\r\n<\/div>\r\n<\/div>\r\n<p>\r\n\r\n<\/p>\r\n<div class=\"wp-block-columns is-layout-flex wp-container-core-columns-is-layout-9d6595d7 wp-block-columns-is-layout-flex\">\r\n<div class=\"wp-block-column is-layout-flow wp-block-column-is-layout-flow\" style=\"flex-basis: 33.33%;\">\r\n<div class=\"wp-block-image\">\r\n<figure class=\"aligncenter size-large\"><img decoding=\"async\" src=\"https:\/\/idecesos.com\/img\/decesos_ocaso.png\" alt=\"\" \/><\/figure>\r\n<\/div>\r\n<\/div>\r\n\r\n\r\n\r\n<div class=\"wp-block-column is-layout-flow wp-block-column-is-layout-flow\" style=\"flex-basis: 66.66%;\">\r\n<p><strong>Seguro de decesos OCASO Siero:<\/strong> son los m\u00e1s propios entre la oferta de la empresa de seguros. Libre una modalidad incluso hasta los 71 a\u00f1os, la \u00fanica en el mercado espa\u00f1ol, descubre ac\u00e1 los modelos, las coberturas y las testimonios de los mismos. <a href=\"https:\/\/idecesos.com\/seguros\/companias\/ocaso\/\">Leer m\u00e1s sobre Seguros de decesos Ocaso.<\/a><\/p>\r\n<\/div>\r\n<\/div>\r\n<p>\r\n\r\n<\/p>\r\n<div class=\"wp-block-columns is-layout-flex wp-container-core-columns-is-layout-9d6595d7 wp-block-columns-is-layout-flex\">\r\n<div class=\"wp-block-column is-layout-flow wp-block-column-is-layout-flow\" style=\"flex-basis: 33.33%;\">\r\n<div class=\"wp-block-image\">\r\n<figure class=\"aligncenter size-large\"><img decoding=\"async\" src=\"https:\/\/idecesos.com\/img\/decesos_fiatc.png\" alt=\"\" \/><\/figure>\r\n<\/div>\r\n<\/div>\r\n\r\n\r\n\r\n<div class=\"wp-block-column is-layout-flow wp-block-column-is-layout-flow\" style=\"flex-basis: 66.66%;\">\r\n<p><strong>Seguro de decesos Fiatc Siero: <\/strong>Empresa de seguros De Espa\u00f1a que cuenta con cincuenta y dos oficinas en Espa\u00f1a, y da soporte a 900.000 mutualistas repartidos entre sus ramos de seguros, ofertando precios muy competitivos para los clientes. <a href=\"https:\/\/idecesos.com\/seguros\/companias\/fiatc\/\">Leer m\u00e1s sobre Seguros de decesos Fiatc.<\/a><\/p>\r\n<\/div>\r\n<\/div>\r\n<p>\r\n\r\n<\/p>\r\n<div class=\"wp-block-columns is-layout-flex wp-container-core-columns-is-layout-9d6595d7 wp-block-columns-is-layout-flex\">\r\n<div class=\"wp-block-column is-layout-flow wp-block-column-is-layout-flow\" style=\"flex-basis: 33.33%;\">\r\n<div class=\"wp-block-image\">\r\n<figure class=\"aligncenter size-large\"><img decoding=\"async\" src=\"https:\/\/idecesos.com\/img\/decesos_dkv.jpg\" alt=\"\" \/><\/figure>\r\n<\/div>\r\n<\/div>\r\n\r\n\r\n\r\n<div class=\"wp-block-column is-layout-flow wp-block-column-is-layout-flow\" style=\"flex-basis: 66.66%;\">\r\n<p><strong>Seguro de decesos DKV Siero: <\/strong>Con gran presencia en toda Europa y siendo Espa\u00f1a uno de sus primordiales focos de negocio, DKV cuenta con miles y miles de asegurados distribuidos en sus ramas aseguradas como son los seguros de salud o bien seguros de decesos. <a href=\"https:\/\/idecesos.com\/seguros\/companias\/dkv\/\">Leer m\u00e1s sobre Seguros de decesos DKV.<\/a><\/p>\r\n<\/div>\r\n<\/div>\r\n<p>\r\n\r\n<\/p>\r\n<div class=\"colorf\"><div class=\"container clearfix\"><div class=\"col-md-7\">\r\n<h2 class=\"wp-block-heading\"><span class=\"ez-toc-section\" id=\"Mapa_seguros_de_decesos_Siero\"><\/span>Mapa seguros de decesos Siero<span class=\"ez-toc-section-end\"><\/span><\/h2>\r\n<p><iframe class=\"page-generator-pro-map\" width=\"100%\" height=\"450\" frameborder=\"0\" style=\"border:0\" src=\"https:\/\/www.google.com\/maps\/embed\/v1\/place?q=Siero%2C+espa%C3%B1a&#038;zoom=12&#038;maptype=roadmap&#038;key=AIzaSyCNTEOso0tZG6YMSJFoaJEY5Th1stEWrJI\" allowfullscreen><\/iframe><br \/>\r\n\r\n<\/p>\r\n<\/div><\/div><\/div><div class=\"oficinas\"><h3 class=\"wp-block-heading\"><span class=\"ez-toc-section\" id=\"Otras_ciudades_cercanas_donde_trabajamos\"><\/span>Otras ciudades cercanas donde trabajamos<span class=\"ez-toc-section-end\"><\/span><\/h3>\r\n<p>\r\n\r\n<\/p>\r\n<div class=\"enlazado\"><ul><li><a href=\"https:\/\/idecesos.com\/seguros\/ciudades\/asturias\/aviles\/\"><span>Seguro decesos Avil\u00e9s<\/span><\/a><\/li><li><a href=\"https:\/\/idecesos.com\/seguros\/ciudades\/asturias\/gijon\/\"><span>Seguro decesos Gij\u00f3n<\/span><\/a><\/li><li><a href=\"https:\/\/idecesos.com\/seguros\/ciudades\/asturias\/langreo\/\"><span>Seguro decesos Langreo<\/span><\/a><\/li><li><a href=\"https:\/\/idecesos.com\/seguros\/ciudades\/asturias\/mieres\/\"><span>Seguro decesos Mieres<\/span><\/a><\/li><li><a href=\"https:\/\/idecesos.com\/seguros\/ciudades\/asturias\/oviedo\/\"><span>Seguro decesos Oviedo<\/span><\/a><\/li><\/ul><\/div>\r\n<p><\/p><\/div>","protected":false},"excerpt":{"rendered":"<p>Siero es una de las provincias donde una enorme capilaridad del seguro de decesos, teniendo en cuenta que aproximadamente en Espa\u00f1a el 50 por cien de los habitantes tiene una p\u00f3liza. La localidad donde vaya a ser contratada la p\u00f3liza de seguros es esencial debido a que va a condicionar el precio de exactamente la&hellip; <\/p>\n","protected":false},"author":3,"featured_media":0,"parent":117,"menu_order":0,"comment_status":"closed","ping_status":"closed","template":"single.php","meta":{"footnotes":""},"class_list":["post-16463","page","type-page","status-publish","hentry"],"yoast_head":"<!-- This site is optimized with the Yoast SEO plugin v27.3 - https:\/\/yoast.com\/product\/yoast-seo-wordpress\/ -->\n<title>N\u00ba1 Seguro Decesos Siero \u25b7Mejores Precios y Coberturas<\/title>\n<meta name=\"description\" content=\"Compara ahora\u3010Seguro decesos Siero\u2b50Coberturas, precios y descuentos para Madrid actualizadas en 2026.\" \/>\n<meta name=\"robots\" content=\"index, follow, max-snippet:-1, max-image-preview:large, max-video-preview:-1\" \/>\n<link rel=\"canonical\" href=\"https:\/\/idecesos.com\/seguros\/ciudades\/asturias\/siero\/\" \/>\n<meta property=\"og:locale\" content=\"es_ES\" \/>\n<meta property=\"og:type\" content=\"article\" \/>\n<meta property=\"og:title\" content=\"N\u00ba1 Seguro Decesos Siero \u25b7Mejores Precios y Coberturas\" \/>\n<meta property=\"og:description\" content=\"Compara ahora\u3010Seguro decesos Siero\u2b50Coberturas, precios y descuentos para Madrid actualizadas en 2026.\" \/>\n<meta property=\"og:url\" content=\"https:\/\/idecesos.com\/seguros\/ciudades\/asturias\/siero\/\" \/>\n<meta property=\"article:modified_time\" content=\"2022-01-03T12:32:54+00:00\" \/>\n<meta property=\"og:image\" content=\"https:\/\/idecesos.com\/img\/decesos_helvetia_normal.png\" \/>\n<meta name=\"twitter:card\" content=\"summary_large_image\" \/>\n<meta name=\"twitter:label1\" content=\"Tiempo de lectura\" \/>\n\t<meta name=\"twitter:data1\" content=\"21 minutos\" \/>\n<script type=\"application\/ld+json\" class=\"yoast-schema-graph\">{\"@context\":\"https:\\\/\\\/schema.org\",\"@graph\":[{\"@type\":\"WebPage\",\"@id\":\"https:\\\/\\\/idecesos.com\\\/seguros\\\/ciudades\\\/asturias\\\/siero\\\/\",\"url\":\"https:\\\/\\\/idecesos.com\\\/seguros\\\/ciudades\\\/asturias\\\/siero\\\/\",\"name\":\"N\u00ba1 Seguro Decesos Siero \u25b7Mejores Precios y Coberturas\",\"isPartOf\":{\"@id\":\"https:\\\/\\\/idecesos.com\\\/seguros\\\/#website\"},\"primaryImageOfPage\":{\"@id\":\"https:\\\/\\\/idecesos.com\\\/seguros\\\/ciudades\\\/asturias\\\/siero\\\/#primaryimage\"},\"image\":{\"@id\":\"https:\\\/\\\/idecesos.com\\\/seguros\\\/ciudades\\\/asturias\\\/siero\\\/#primaryimage\"},\"thumbnailUrl\":\"https:\\\/\\\/idecesos.com\\\/img\\\/decesos_helvetia_normal.png\",\"datePublished\":\"2021-12-05T13:32:32+00:00\",\"dateModified\":\"2022-01-03T12:32:54+00:00\",\"description\":\"Compara ahora\u3010Seguro decesos Siero\u2b50Coberturas, precios y descuentos para Madrid actualizadas en 2026.\",\"breadcrumb\":{\"@id\":\"https:\\\/\\\/idecesos.com\\\/seguros\\\/ciudades\\\/asturias\\\/siero\\\/#breadcrumb\"},\"inLanguage\":\"es\",\"potentialAction\":[{\"@type\":\"ReadAction\",\"target\":[\"https:\\\/\\\/idecesos.com\\\/seguros\\\/ciudades\\\/asturias\\\/siero\\\/\"]}]},{\"@type\":\"ImageObject\",\"inLanguage\":\"es\",\"@id\":\"https:\\\/\\\/idecesos.com\\\/seguros\\\/ciudades\\\/asturias\\\/siero\\\/#primaryimage\",\"url\":\"https:\\\/\\\/idecesos.com\\\/img\\\/decesos_helvetia_normal.png\",\"contentUrl\":\"https:\\\/\\\/idecesos.com\\\/img\\\/decesos_helvetia_normal.png\"},{\"@type\":\"BreadcrumbList\",\"@id\":\"https:\\\/\\\/idecesos.com\\\/seguros\\\/ciudades\\\/asturias\\\/siero\\\/#breadcrumb\",\"itemListElement\":[{\"@type\":\"ListItem\",\"position\":1,\"name\":\"Portada\",\"item\":\"https:\\\/\\\/idecesos.com\\\/seguros\\\/\"},{\"@type\":\"ListItem\",\"position\":2,\"name\":\"Seguro de Decesos Espa\u00f1a\",\"item\":\"https:\\\/\\\/idecesos.com\\\/seguros\\\/ciudades\\\/\"},{\"@type\":\"ListItem\",\"position\":3,\"name\":\"Seguro Decesos Asturias\",\"item\":\"https:\\\/\\\/idecesos.com\\\/seguros\\\/ciudades\\\/asturias\\\/\"},{\"@type\":\"ListItem\",\"position\":4,\"name\":\"Seguro decesos Siero\"}]},{\"@type\":\"WebSite\",\"@id\":\"https:\\\/\\\/idecesos.com\\\/seguros\\\/#website\",\"url\":\"https:\\\/\\\/idecesos.com\\\/seguros\\\/\",\"name\":\"\",\"description\":\"\",\"potentialAction\":[{\"@type\":\"SearchAction\",\"target\":{\"@type\":\"EntryPoint\",\"urlTemplate\":\"https:\\\/\\\/idecesos.com\\\/seguros\\\/?s={search_term_string}\"},\"query-input\":{\"@type\":\"PropertyValueSpecification\",\"valueRequired\":true,\"valueName\":\"search_term_string\"}}],\"inLanguage\":\"es\"}]}<\/script>\n<!-- \/ Yoast SEO plugin. -->","yoast_head_json":{"title":"N\u00ba1 Seguro Decesos Siero \u25b7Mejores Precios y Coberturas","description":"Compara ahora\u3010Seguro decesos Siero\u2b50Coberturas, precios y descuentos para Madrid actualizadas en 2026.","robots":{"index":"index","follow":"follow","max-snippet":"max-snippet:-1","max-image-preview":"max-image-preview:large","max-video-preview":"max-video-preview:-1"},"canonical":"https:\/\/idecesos.com\/seguros\/ciudades\/asturias\/siero\/","og_locale":"es_ES","og_type":"article","og_title":"N\u00ba1 Seguro Decesos Siero \u25b7Mejores Precios y Coberturas","og_description":"Compara ahora\u3010Seguro decesos Siero\u2b50Coberturas, precios y descuentos para Madrid actualizadas en 2026.","og_url":"https:\/\/idecesos.com\/seguros\/ciudades\/asturias\/siero\/","article_modified_time":"2022-01-03T12:32:54+00:00","og_image":[{"url":"https:\/\/idecesos.com\/img\/decesos_helvetia_normal.png","type":"","width":"","height":""}],"twitter_card":"summary_large_image","twitter_misc":{"Tiempo de lectura":"21 minutos"},"schema":{"@context":"https:\/\/schema.org","@graph":[{"@type":"WebPage","@id":"https:\/\/idecesos.com\/seguros\/ciudades\/asturias\/siero\/","url":"https:\/\/idecesos.com\/seguros\/ciudades\/asturias\/siero\/","name":"N\u00ba1 Seguro Decesos Siero \u25b7Mejores Precios y Coberturas","isPartOf":{"@id":"https:\/\/idecesos.com\/seguros\/#website"},"primaryImageOfPage":{"@id":"https:\/\/idecesos.com\/seguros\/ciudades\/asturias\/siero\/#primaryimage"},"image":{"@id":"https:\/\/idecesos.com\/seguros\/ciudades\/asturias\/siero\/#primaryimage"},"thumbnailUrl":"https:\/\/idecesos.com\/img\/decesos_helvetia_normal.png","datePublished":"2021-12-05T13:32:32+00:00","dateModified":"2022-01-03T12:32:54+00:00","description":"Compara ahora\u3010Seguro decesos Siero\u2b50Coberturas, precios y descuentos para Madrid actualizadas en 2026.","breadcrumb":{"@id":"https:\/\/idecesos.com\/seguros\/ciudades\/asturias\/siero\/#breadcrumb"},"inLanguage":"es","potentialAction":[{"@type":"ReadAction","target":["https:\/\/idecesos.com\/seguros\/ciudades\/asturias\/siero\/"]}]},{"@type":"ImageObject","inLanguage":"es","@id":"https:\/\/idecesos.com\/seguros\/ciudades\/asturias\/siero\/#primaryimage","url":"https:\/\/idecesos.com\/img\/decesos_helvetia_normal.png","contentUrl":"https:\/\/idecesos.com\/img\/decesos_helvetia_normal.png"},{"@type":"BreadcrumbList","@id":"https:\/\/idecesos.com\/seguros\/ciudades\/asturias\/siero\/#breadcrumb","itemListElement":[{"@type":"ListItem","position":1,"name":"Portada","item":"https:\/\/idecesos.com\/seguros\/"},{"@type":"ListItem","position":2,"name":"Seguro de Decesos Espa\u00f1a","item":"https:\/\/idecesos.com\/seguros\/ciudades\/"},{"@type":"ListItem","position":3,"name":"Seguro Decesos Asturias","item":"https:\/\/idecesos.com\/seguros\/ciudades\/asturias\/"},{"@type":"ListItem","position":4,"name":"Seguro decesos Siero"}]},{"@type":"WebSite","@id":"https:\/\/idecesos.com\/seguros\/#website","url":"https:\/\/idecesos.com\/seguros\/","name":"","description":"","potentialAction":[{"@type":"SearchAction","target":{"@type":"EntryPoint","urlTemplate":"https:\/\/idecesos.com\/seguros\/?s={search_term_string}"},"query-input":{"@type":"PropertyValueSpecification","valueRequired":true,"valueName":"search_term_string"}}],"inLanguage":"es"}]}},"_links":{"self":[{"href":"https:\/\/idecesos.com\/seguros\/wp-json\/wp\/v2\/pages\/16463","targetHints":{"allow":["GET"]}}],"collection":[{"href":"https:\/\/idecesos.com\/seguros\/wp-json\/wp\/v2\/pages"}],"about":[{"href":"https:\/\/idecesos.com\/seguros\/wp-json\/wp\/v2\/types\/page"}],"author":[{"embeddable":true,"href":"https:\/\/idecesos.com\/seguros\/wp-json\/wp\/v2\/users\/3"}],"replies":[{"embeddable":true,"href":"https:\/\/idecesos.com\/seguros\/wp-json\/wp\/v2\/comments?post=16463"}],"version-history":[{"count":1,"href":"https:\/\/idecesos.com\/seguros\/wp-json\/wp\/v2\/pages\/16463\/revisions"}],"predecessor-version":[{"id":16502,"href":"https:\/\/idecesos.com\/seguros\/wp-json\/wp\/v2\/pages\/16463\/revisions\/16502"}],"up":[{"embeddable":true,"href":"https:\/\/idecesos.com\/seguros\/wp-json\/wp\/v2\/pages\/117"}],"wp:attachment":[{"href":"https:\/\/idecesos.com\/seguros\/wp-json\/wp\/v2\/media?parent=16463"}],"curies":[{"name":"wp","href":"https:\/\/api.w.org\/{rel}","templated":true}]}}