{"id":16576,"date":"2021-12-05T13:35:25","date_gmt":"2021-12-05T13:35:25","guid":{"rendered":"https:\/\/idecesos.com\/seguros\/ciudades\/malaga\/ronda\/"},"modified":"2022-01-03T12:32:51","modified_gmt":"2022-01-03T12:32:51","slug":"ronda","status":"publish","type":"page","link":"https:\/\/idecesos.com\/seguros\/ciudades\/malaga\/ronda\/","title":{"rendered":"Seguro decesos Ronda"},"content":{"rendered":"<div id=\"ez-toc-container\" class=\"ez-toc-v2_0_83 ez-toc-wrap-center counter-hierarchy ez-toc-counter ez-toc-custom ez-toc-container-direction\">\n<div class=\"ez-toc-title-container\">\n<p class=\"ez-toc-title\" style=\"cursor:inherit\">Tabla de Contenido<\/p>\n<span class=\"ez-toc-title-toggle\"><a href=\"#\" class=\"ez-toc-pull-right ez-toc-btn ez-toc-btn-xs ez-toc-btn-default ez-toc-toggle\" aria-label=\"Alternar tabla de contenidos\"><span class=\"ez-toc-js-icon-con\"><span class=\"\"><span class=\"eztoc-hide\" style=\"display:none;\">Toggle<\/span><span class=\"ez-toc-icon-toggle-span\"><svg style=\"fill: #db6415;color:#db6415\" xmlns=\"http:\/\/www.w3.org\/2000\/svg\" class=\"list-377408\" width=\"20px\" height=\"20px\" viewBox=\"0 0 24 24\" fill=\"none\"><path d=\"M6 6H4v2h2V6zm14 0H8v2h12V6zM4 11h2v2H4v-2zm16 0H8v2h12v-2zM4 16h2v2H4v-2zm16 0H8v2h12v-2z\" fill=\"currentColor\"><\/path><\/svg><svg style=\"fill: #db6415;color:#db6415\" class=\"arrow-unsorted-368013\" xmlns=\"http:\/\/www.w3.org\/2000\/svg\" width=\"10px\" height=\"10px\" viewBox=\"0 0 24 24\" version=\"1.2\" baseProfile=\"tiny\"><path d=\"M18.2 9.3l-6.2-6.3-6.2 6.3c-.2.2-.3.4-.3.7s.1.5.3.7c.2.2.4.3.7.3h11c.3 0 .5-.1.7-.3.2-.2.3-.5.3-.7s-.1-.5-.3-.7zM5.8 14.7l6.2 6.3 6.2-6.3c.2-.2.3-.5.3-.7s-.1-.5-.3-.7c-.2-.2-.4-.3-.7-.3h-11c-.3 0-.5.1-.7.3-.2.2-.3.5-.3.7s.1.5.3.7z\"\/><\/svg><\/span><\/span><\/span><\/a><\/span><\/div>\n<nav><ul class='ez-toc-list ez-toc-list-level-1 ' ><li class='ez-toc-page-1 ez-toc-heading-level-2'><a class=\"ez-toc-link ez-toc-heading-1\" href=\"https:\/\/idecesos.com\/seguros\/ciudades\/malaga\/ronda\/#Comparador_seguro_decesos_Ronda\" >Comparador seguro decesos Ronda<\/a><ul class='ez-toc-list-level-3' ><li class='ez-toc-heading-level-3'><a class=\"ez-toc-link ez-toc-heading-2\" href=\"https:\/\/idecesos.com\/seguros\/ciudades\/malaga\/ronda\/#%C2%BFCuanto_cuesta_un_seguro_de_decesos_en_Ronda\" >\u00bfCu\u00e1nto cuesta un seguro de decesos en Ronda?<\/a><\/li><\/ul><\/li><li class='ez-toc-page-1 ez-toc-heading-level-2'><a class=\"ez-toc-link ez-toc-heading-3\" href=\"https:\/\/idecesos.com\/seguros\/ciudades\/malaga\/ronda\/#Mejor_seguro_de_decesos_en_Ronda\" >Mejor seguro de decesos en Ronda<\/a><\/li><li class='ez-toc-page-1 ez-toc-heading-level-2'><a class=\"ez-toc-link ez-toc-heading-4\" href=\"https:\/\/idecesos.com\/seguros\/ciudades\/malaga\/ronda\/#Mapa_seguros_de_decesos_Ronda\" >Mapa seguros de decesos Ronda<\/a><ul class='ez-toc-list-level-3' ><li class='ez-toc-heading-level-3'><a class=\"ez-toc-link ez-toc-heading-5\" href=\"https:\/\/idecesos.com\/seguros\/ciudades\/malaga\/ronda\/#Otras_ciudades_cercanas_donde_trabajamos\" >Otras ciudades cercanas donde trabajamos<\/a><\/li><\/ul><\/li><\/ul><\/nav><\/div>\n\r\n\r\n\r\n<p>\u00bfEst\u00e1s pensando en contratar <strong>un seguro de decesos en Ronda<\/strong>? El seguro de decesos no es nada nuevo, m\u00e1s de 100 a\u00f1os de historia lo acreditan. Puede considerarse como el enorme olvidado dentro de la multitud de modalidades que lo abordan, pero es ya considerado como algo esencial, y si no, \u00bfqui\u00e9n no ha estado preparado en el fallecimiento de un familiar?, o, \u00bfqui\u00e9n no conoc\u00eda toda la burocracia precisa a proceder?<\/p>\r\n<p>\r\n\r\n<\/p>\r\n<p><strong>En Ronda hallamos una gran cantidad de seguros decesos<\/strong> al alcance de todos y muy sencillos de contratar. A continuaci\u00f3n, en este art\u00edculo, os desglosamos todos los seguros que pod\u00e9is encontrar en vuestro ayuntamiento, en un caso as\u00ed en Ronda.<\/p>\r\n<p>\r\n\r\n<\/p>\r\n<p>En esta clase de p\u00f3lizas, no solamente se trata de cubrir gastos; turismo l\u00fagubre, exhumaci\u00f3n, el ataud, y dem\u00e1s, sino el servicio que presta a las familias en esos momentos tan dif\u00edciles de superar, incluyendo esa burocracia que se hace completamente un mundo.<\/p>\r\n<p>\r\n\r\n<\/p>\r\n<div class=\"colorf \"  ><div class=\"container clearfix\"><div class=\"col-md-7\"><\/p>\r\n<h2 class=\"wp-block-heading\"><span class=\"ez-toc-section\" id=\"Comparador_seguro_decesos_Ronda\"><\/span>Comparador seguro decesos Ronda<span class=\"ez-toc-section-end\"><\/span><\/h2>\r\n<p>\r\n\r\n<\/p>\r\n<p>Con nuestro comparador vas a poder ver de un vistazo los diferentes precios de todas las empresas de seguros que ofrecen servicio en Ronda. Y poder escoger el seguro m\u00e1s completo al mejor precio que se ajuste a tus necesidades. En menos de 1 minutos, te vamos a dar el resultado de los costes de los seguros de decesos en Ronda.<\/p>\r\n<p>\r\n\r\n<\/p>\r\n<h3 class=\"wp-block-heading\"><span class=\"ez-toc-section\" id=\"%C2%BFCuanto_cuesta_un_seguro_de_decesos_en_Ronda\"><\/span>\u00bfCu\u00e1nto cuesta un seguro de decesos en Ronda?<span class=\"ez-toc-section-end\"><\/span><\/h3>\r\n<p>El precio del seguro de decesos en Ronda es entorno a los 1,99\u20ac al mes si la persona est\u00e1 en buen estado de salud, es joven y contrata una oferta de iDecesos.<\/p>\r\n<p><\/div><\/div><\/div>\r\n<h2><span class=\"ez-toc-section\" id=\"Mejor_seguro_de_decesos_en_Ronda\"><\/span>Mejor seguro de decesos en Ronda<span class=\"ez-toc-section-end\"><\/span><\/h2>\r\n<p>\r\n\r\n<\/p>\r\n<p>Entre las empresas de seguros primordiales de Ronda podemos encontrar SegurCaixa Adeslas, Ocaso, Santaluc\u00eda, Helvetia, Caser Seguros y Mapfre. Con lo que son numerosas las opciones que podemos encontrar. <strong>En iDecesos.com<\/strong> colaboramos con ciertas primordiales empresas de seguros, esto quiere decir que comparamos entre las m\u00e1ximas alternativas posibles y entre compa\u00f1\u00edas con gran importancia y peso en el \u00e1mbito. Eso da mucha confianza a nuestros clientes, haci\u00e9ndonos medrar cada d\u00edas un poco m\u00e1s. Usa nuestro comparador obtener un presupuesto a medida para tu seguro de decesos en Ronda.<\/p>\r\n<p>\r\n\r\n<\/p>\r\n<div class=\"wp-block-columns is-layout-flex wp-container-core-columns-is-layout-9d6595d7 wp-block-columns-is-layout-flex\">\r\n<div class=\"wp-block-column is-layout-flow wp-block-column-is-layout-flow\" style=\"flex-basis: 33.33%;\">\r\n<div class=\"wp-block-image\">\r\n<figure class=\"aligncenter size-large\"><img decoding=\"async\" src=\"https:\/\/idecesos.com\/img\/decesos_helvetia_normal.png\" alt=\"\" \/><\/figure>\r\n<\/div>\r\n<\/div>\r\n\r\n\r\n\r\n<div class=\"wp-block-column is-layout-flow wp-block-column-is-layout-flow\" style=\"flex-basis: 66.66%;\">\r\n<p><strong>Seguro de decesos Helvetia Ronda<\/strong>: representa de una genial opci\u00f3n, puesto que sus coberturas se extienden m\u00e1s all\u00e1 de los servicios tradicionales de sepelio y asistencia por fallecimiento, que como es natural incluye sobradamente. <a href=\"https:\/\/idecesos.com\/seguros\/companias\/helvetia\/\">Leer m\u00e1s sobre Seguros de decesos Helvetia.<\/a><\/p>\r\n<p><\/p>\r\n<\/div>\r\n<\/div>\r\n<p>\r\n\r\n<\/p>\r\n<div class=\"wp-block-columns is-layout-flex wp-container-core-columns-is-layout-9d6595d7 wp-block-columns-is-layout-flex\">\r\n<div class=\"wp-block-column is-layout-flow wp-block-column-is-layout-flow\" style=\"flex-basis: 33.33%;\">\r\n<div class=\"wp-block-image\">\r\n<figure class=\"aligncenter size-large\"><img decoding=\"async\" src=\"https:\/\/idecesos.com\/img\/decesos_caser.png\" alt=\"\" \/><\/figure>\r\n<\/div>\r\n<\/div>\r\n\r\n\r\n\r\n<div class=\"wp-block-column is-layout-flow wp-block-column-is-layout-flow\" style=\"flex-basis: 66.66%;\">\r\n<p><strong>Seguro de decesos Caser Ronda:<\/strong> incluye servicios funerarios, asistencia en viaje, accidentes familiares, orientaci\u00f3n psicol\u00f3gica, gesti\u00f3n del proceso sucesorio, borrado de la vida digital y tambi\u00e9n orientaci\u00f3n telef\u00f3nica veterinaria. Cobertura completa a un precio estable, con una variaci\u00f3n anual baja. <a href=\"https:\/\/idecesos.com\/seguros\/companias\/caser\/\">Leer m\u00e1s sobre Seguros de decesos Caser.<\/a><\/p>\r\n<p>&nbsp;<\/p>\r\n<p><\/p>\r\n<\/div>\r\n<\/div>\r\n<p>\r\n\r\n<\/p>\r\n<div class=\"wp-block-columns is-layout-flex wp-container-core-columns-is-layout-9d6595d7 wp-block-columns-is-layout-flex\">\r\n<div class=\"wp-block-column is-layout-flow wp-block-column-is-layout-flow\" style=\"flex-basis: 33.33%;\">\r\n<div class=\"wp-block-image\">\r\n<figure class=\"aligncenter size-large\"><img decoding=\"async\" src=\"https:\/\/idecesos.com\/img\/decesos_adeslas.png\" alt=\"\" \/><\/figure>\r\n<\/div>\r\n<\/div>\r\n\r\n\r\n\r\n<div class=\"wp-block-column is-layout-flow wp-block-column-is-layout-flow\" style=\"flex-basis: 66.66%;\">\r\n<p><strong>Seguro de decesos Adeslas Ronda:<\/strong> comercializa sus seguros de decesos bajo la marca SegurCaixa Decesos. Si bien solo hay una modalidad de seguro de decesos libre, la compa\u00f1\u00eda aseguradora ofrece la posibilidad de contratar coberturas adicionales. <a href=\"https:\/\/idecesos.com\/seguros\/companias\/adeslas\/\">Leer m\u00e1s sobre Seguros de decesos Adeslas.<\/a><\/p>\r\n<p><\/p>\r\n<\/div>\r\n<\/div>\r\n<p>\r\n\r\n<\/p>\r\n<div class=\"wp-block-columns is-layout-flex wp-container-core-columns-is-layout-9d6595d7 wp-block-columns-is-layout-flex\">\r\n<div class=\"wp-block-column is-layout-flow wp-block-column-is-layout-flow\" style=\"flex-basis: 33.33%;\">\r\n<div class=\"wp-block-image\">\r\n<figure class=\"aligncenter size-large\"><img decoding=\"async\" src=\"https:\/\/idecesos.com\/img\/decesos_asisa.png\" alt=\"\" \/><\/figure>\r\n<\/div>\r\n<\/div>\r\n\r\n\r\n\r\n<div class=\"wp-block-column is-layout-flow wp-block-column-is-layout-flow\" style=\"flex-basis: 66.66%;\">\r\n<p><strong>Seguro de decesos ASISA Ronda:<\/strong> Te va a ofrecer ayuda precisa para efectuar los tr\u00e1mites, gestiones y servicios que provocan del fallecimiento de un ser querido. En los instantes m\u00e1s dif\u00edciles y delicados nos encargamos de gestionar todo cuanto un fallecimiento acarrea para que ni tu ni tu familia tengas que preocuparte por nada. <a href=\"https:\/\/idecesos.com\/seguros\/companias\/asisa\/\">Leer m\u00e1s sobre Seguros de decesos Asisa.<\/a><\/p>\r\n<p>&nbsp;<\/p>\r\n<p><\/p>\r\n<\/div>\r\n<\/div>\r\n<p>\r\n\r\n<\/p>\r\n<div class=\"wp-block-columns is-layout-flex wp-container-core-columns-is-layout-9d6595d7 wp-block-columns-is-layout-flex\">\r\n<div class=\"wp-block-column is-layout-flow wp-block-column-is-layout-flow\" style=\"flex-basis: 33.33%;\">\r\n<div class=\"wp-block-image\">\r\n<figure class=\"aligncenter size-large\"><img decoding=\"async\" src=\"https:\/\/idecesos.com\/img\/decesos_santalucia.png\" alt=\"\" \/><\/figure>\r\n<\/div>\r\n<\/div>\r\n\r\n\r\n\r\n<div class=\"wp-block-column is-layout-flow wp-block-column-is-layout-flow\" style=\"flex-basis: 66.66%;\">\r\n<p><strong>Seguro de decesos SANTA LUCIA Ronda:<\/strong> cuenta con la distinci\u00f3n de ser uno de los m\u00e1s antiguos de Espa\u00f1a. La empresa de seguros centr\u00f3 su oferta en estos productos hasta los a\u00f1os 60. Transcurrido el tiempo, ha diversificado la cartera ofreciendo p\u00f3lizas adaptadas a cada etapa vital y situaci\u00f3n econ\u00f3mica y personal. <a href=\"https:\/\/idecesos.com\/seguros\/companias\/santa-lucia\/\">Leer m\u00e1s sobre Seguros de decesos Santa Lucia.<\/a><\/p>\r\n<p><\/p>\r\n<\/div>\r\n<\/div>\r\n<p>\r\n\r\n<\/p>\r\n<div class=\"wp-block-columns is-layout-flex wp-container-core-columns-is-layout-9d6595d7 wp-block-columns-is-layout-flex\">\r\n<div class=\"wp-block-column is-layout-flow wp-block-column-is-layout-flow\" style=\"flex-basis: 33.33%;\">\r\n<div class=\"wp-block-image\">\r\n<figure class=\"aligncenter size-large\"><img decoding=\"async\" src=\"https:\/\/idecesos.com\/img\/decesos_ocaso.png\" alt=\"\" \/><\/figure>\r\n<\/div>\r\n<\/div>\r\n\r\n\r\n\r\n<div class=\"wp-block-column is-layout-flow wp-block-column-is-layout-flow\" style=\"flex-basis: 66.66%;\">\r\n<p><strong>Seguro de decesos OCASO Ronda:<\/strong> se adaptan a las necesidades de cada persona y cubre los riesgos que sufra el contratante o bien alg\u00fan miembro de su familia. Adem\u00e1s de esto cuentan con la atenci\u00f3n especializada de profesionales a fin de que los asegurados y sus familias no tengan que preocuparse en los instantes m\u00e1s dif\u00edciles de la vida. <a href=\"https:\/\/idecesos.com\/seguros\/companias\/ocaso\/\">Leer m\u00e1s sobre Seguros de decesos Ocaso.<\/a><\/p>\r\n<\/div>\r\n<\/div>\r\n<p>\r\n\r\n<\/p>\r\n<div class=\"wp-block-columns is-layout-flex wp-container-core-columns-is-layout-9d6595d7 wp-block-columns-is-layout-flex\">\r\n<div class=\"wp-block-column is-layout-flow wp-block-column-is-layout-flow\" style=\"flex-basis: 33.33%;\">\r\n<div class=\"wp-block-image\">\r\n<figure class=\"aligncenter size-large\"><img decoding=\"async\" src=\"https:\/\/idecesos.com\/img\/decesos_fiatc.png\" alt=\"\" \/><\/figure>\r\n<\/div>\r\n<\/div>\r\n\r\n\r\n\r\n<div class=\"wp-block-column is-layout-flow wp-block-column-is-layout-flow\" style=\"flex-basis: 66.66%;\">\r\n<p><strong>Seguro de decesos Fiatc Ronda: <\/strong>Fiatc seguros y reaseguros es su denominaci\u00f3n primordial, y cubre m\u00faltiples ramas de los seguros, como los seguros de decesos o seguros para coche. Con sede en Barna trabaja en todo el territorio nacional. <a href=\"https:\/\/idecesos.com\/seguros\/companias\/fiatc\/\">Leer m\u00e1s sobre Seguros de decesos Fiatc.<\/a><\/p>\r\n<\/div>\r\n<\/div>\r\n<p>\r\n\r\n<\/p>\r\n<div class=\"wp-block-columns is-layout-flex wp-container-core-columns-is-layout-9d6595d7 wp-block-columns-is-layout-flex\">\r\n<div class=\"wp-block-column is-layout-flow wp-block-column-is-layout-flow\" style=\"flex-basis: 33.33%;\">\r\n<div class=\"wp-block-image\">\r\n<figure class=\"aligncenter size-large\"><img decoding=\"async\" src=\"https:\/\/idecesos.com\/img\/decesos_dkv.jpg\" alt=\"\" \/><\/figure>\r\n<\/div>\r\n<\/div>\r\n\r\n\r\n\r\n<div class=\"wp-block-column is-layout-flow wp-block-column-is-layout-flow\" style=\"flex-basis: 66.66%;\">\r\n<p><strong>Seguro de decesos DKV Ronda: <\/strong>Con gran presencia en toda Europa y siendo Espa\u00f1a uno de sus primordiales focos de negocio, DKV cuenta con miles de asegurados distribuidos en sus ramas aseguradas como son los seguros de salud o seguros de decesos. <a href=\"https:\/\/idecesos.com\/seguros\/companias\/dkv\/\">Leer m\u00e1s sobre Seguros de decesos DKV.<\/a><\/p>\r\n<\/div>\r\n<\/div>\r\n<p>\r\n\r\n<\/p>\r\n<div class=\"colorf\"><div class=\"container clearfix\"><div class=\"col-md-7\">\r\n<h2 class=\"wp-block-heading\"><span class=\"ez-toc-section\" id=\"Mapa_seguros_de_decesos_Ronda\"><\/span>Mapa seguros de decesos Ronda<span class=\"ez-toc-section-end\"><\/span><\/h2>\r\n<p><iframe class=\"page-generator-pro-map\" width=\"100%\" height=\"450\" frameborder=\"0\" style=\"border:0\" src=\"https:\/\/www.google.com\/maps\/embed\/v1\/place?q=Ronda%2C+espa%C3%B1a&#038;zoom=12&#038;maptype=roadmap&#038;key=AIzaSyCNTEOso0tZG6YMSJFoaJEY5Th1stEWrJI\" allowfullscreen><\/iframe><br \/>\r\n\r\n<\/p>\r\n<\/div><\/div><\/div><div class=\"oficinas\"><h3 class=\"wp-block-heading\"><span class=\"ez-toc-section\" id=\"Otras_ciudades_cercanas_donde_trabajamos\"><\/span>Otras ciudades cercanas donde trabajamos<span class=\"ez-toc-section-end\"><\/span><\/h3>\r\n<p>\r\n\r\n<\/p>\r\n<div class=\"enlazado\"><ul><li><a href=\"https:\/\/idecesos.com\/seguros\/ciudades\/malaga\/alhaurin-de-la-torre\/\"><span>Seguro decesos Alhaur\u00edn de la Torre<\/span><\/a><\/li><li><a href=\"https:\/\/idecesos.com\/seguros\/ciudades\/malaga\/antequera\/\"><span>Seguro decesos Antequera<\/span><\/a><\/li><li><a href=\"https:\/\/idecesos.com\/seguros\/ciudades\/malaga\/benalmadena\/\"><span>Seguro decesos Benalm\u00e1dena<\/span><\/a><\/li><li><a href=\"https:\/\/idecesos.com\/seguros\/ciudades\/malaga\/estepona\/\"><span>Seguro decesos Estepona<\/span><\/a><\/li><li><a href=\"https:\/\/idecesos.com\/seguros\/ciudades\/malaga\/fuengirola\/\"><span>Seguro decesos Fuengirola<\/span><\/a><\/li><li><a href=\"https:\/\/idecesos.com\/seguros\/ciudades\/malaga\/marbella\/\"><span>Seguro decesos Marbella<\/span><\/a><\/li><li><a href=\"https:\/\/idecesos.com\/seguros\/ciudades\/malaga\/mijas\/\"><span>Seguro decesos Mijas<\/span><\/a><\/li><li><a href=\"https:\/\/idecesos.com\/seguros\/ciudades\/malaga\/rincon-de-la-victoria\/\"><span>Seguro decesos Rinc\u00f3n de la Victoria<\/span><\/a><\/li><li><a href=\"https:\/\/idecesos.com\/seguros\/ciudades\/malaga\/torremolinos\/\"><span>Seguro decesos Torremolinos<\/span><\/a><\/li><li><a href=\"https:\/\/idecesos.com\/seguros\/ciudades\/malaga\/velez-malaga\/\"><span>Seguro decesos V\u00e9lez M\u00e1laga<\/span><\/a><\/li><\/ul><\/div>\r\n<p><\/p><\/div>","protected":false},"excerpt":{"rendered":"<p>\u00bfEst\u00e1s pensando en contratar un seguro de decesos en Ronda? El seguro de decesos no es nada nuevo, m\u00e1s de 100 a\u00f1os de historia lo acreditan. Puede considerarse como el enorme olvidado dentro de la multitud de modalidades que lo abordan, pero es ya considerado como algo esencial, y si no, \u00bfqui\u00e9n no ha estado&hellip; <\/p>\n","protected":false},"author":3,"featured_media":0,"parent":135,"menu_order":0,"comment_status":"closed","ping_status":"closed","template":"single.php","meta":{"footnotes":""},"class_list":["post-16576","page","type-page","status-publish","hentry"],"yoast_head":"<!-- This site is optimized with the Yoast SEO plugin v27.6 - https:\/\/yoast.com\/product\/yoast-seo-wordpress\/ -->\n<title>N\u00ba1 Seguro Decesos Ronda \u25b7Mejores Precios y Coberturas<\/title>\n<meta name=\"description\" content=\"Compara ahora\u3010Seguro decesos Ronda\u2b50Coberturas, precios y descuentos para Madrid actualizadas en 2026.\" \/>\n<meta name=\"robots\" content=\"index, follow, max-snippet:-1, max-image-preview:large, max-video-preview:-1\" \/>\n<link rel=\"canonical\" href=\"https:\/\/idecesos.com\/seguros\/ciudades\/malaga\/ronda\/\" \/>\n<meta property=\"og:locale\" content=\"es_ES\" \/>\n<meta property=\"og:type\" content=\"article\" \/>\n<meta property=\"og:title\" content=\"N\u00ba1 Seguro Decesos Ronda \u25b7Mejores Precios y Coberturas\" \/>\n<meta property=\"og:description\" content=\"Compara ahora\u3010Seguro decesos Ronda\u2b50Coberturas, precios y descuentos para Madrid actualizadas en 2026.\" \/>\n<meta property=\"og:url\" content=\"https:\/\/idecesos.com\/seguros\/ciudades\/malaga\/ronda\/\" \/>\n<meta property=\"article:modified_time\" content=\"2022-01-03T12:32:51+00:00\" \/>\n<meta property=\"og:image\" content=\"https:\/\/idecesos.com\/img\/decesos_helvetia_normal.png\" \/>\n<meta name=\"twitter:card\" content=\"summary_large_image\" \/>\n<meta name=\"twitter:label1\" content=\"Tiempo de lectura\" \/>\n\t<meta name=\"twitter:data1\" content=\"21 minutos\" \/>\n<script type=\"application\/ld+json\" class=\"yoast-schema-graph\">{\"@context\":\"https:\\\/\\\/schema.org\",\"@graph\":[{\"@type\":\"WebPage\",\"@id\":\"https:\\\/\\\/idecesos.com\\\/seguros\\\/ciudades\\\/malaga\\\/ronda\\\/\",\"url\":\"https:\\\/\\\/idecesos.com\\\/seguros\\\/ciudades\\\/malaga\\\/ronda\\\/\",\"name\":\"N\u00ba1 Seguro Decesos Ronda \u25b7Mejores Precios y Coberturas\",\"isPartOf\":{\"@id\":\"https:\\\/\\\/idecesos.com\\\/seguros\\\/#website\"},\"primaryImageOfPage\":{\"@id\":\"https:\\\/\\\/idecesos.com\\\/seguros\\\/ciudades\\\/malaga\\\/ronda\\\/#primaryimage\"},\"image\":{\"@id\":\"https:\\\/\\\/idecesos.com\\\/seguros\\\/ciudades\\\/malaga\\\/ronda\\\/#primaryimage\"},\"thumbnailUrl\":\"https:\\\/\\\/idecesos.com\\\/img\\\/decesos_helvetia_normal.png\",\"datePublished\":\"2021-12-05T13:35:25+00:00\",\"dateModified\":\"2022-01-03T12:32:51+00:00\",\"description\":\"Compara ahora\u3010Seguro decesos Ronda\u2b50Coberturas, precios y descuentos para Madrid actualizadas en 2026.\",\"breadcrumb\":{\"@id\":\"https:\\\/\\\/idecesos.com\\\/seguros\\\/ciudades\\\/malaga\\\/ronda\\\/#breadcrumb\"},\"inLanguage\":\"es\",\"potentialAction\":[{\"@type\":\"ReadAction\",\"target\":[\"https:\\\/\\\/idecesos.com\\\/seguros\\\/ciudades\\\/malaga\\\/ronda\\\/\"]}]},{\"@type\":\"ImageObject\",\"inLanguage\":\"es\",\"@id\":\"https:\\\/\\\/idecesos.com\\\/seguros\\\/ciudades\\\/malaga\\\/ronda\\\/#primaryimage\",\"url\":\"https:\\\/\\\/idecesos.com\\\/img\\\/decesos_helvetia_normal.png\",\"contentUrl\":\"https:\\\/\\\/idecesos.com\\\/img\\\/decesos_helvetia_normal.png\"},{\"@type\":\"BreadcrumbList\",\"@id\":\"https:\\\/\\\/idecesos.com\\\/seguros\\\/ciudades\\\/malaga\\\/ronda\\\/#breadcrumb\",\"itemListElement\":[{\"@type\":\"ListItem\",\"position\":1,\"name\":\"Portada\",\"item\":\"https:\\\/\\\/idecesos.com\\\/seguros\\\/\"},{\"@type\":\"ListItem\",\"position\":2,\"name\":\"Seguro de Decesos Espa\u00f1a\",\"item\":\"https:\\\/\\\/idecesos.com\\\/seguros\\\/ciudades\\\/\"},{\"@type\":\"ListItem\",\"position\":3,\"name\":\"Seguro Decesos M\u00e1laga\",\"item\":\"https:\\\/\\\/idecesos.com\\\/seguros\\\/ciudades\\\/malaga\\\/\"},{\"@type\":\"ListItem\",\"position\":4,\"name\":\"Seguro decesos Ronda\"}]},{\"@type\":\"WebSite\",\"@id\":\"https:\\\/\\\/idecesos.com\\\/seguros\\\/#website\",\"url\":\"https:\\\/\\\/idecesos.com\\\/seguros\\\/\",\"name\":\"\",\"description\":\"\",\"potentialAction\":[{\"@type\":\"SearchAction\",\"target\":{\"@type\":\"EntryPoint\",\"urlTemplate\":\"https:\\\/\\\/idecesos.com\\\/seguros\\\/?s={search_term_string}\"},\"query-input\":{\"@type\":\"PropertyValueSpecification\",\"valueRequired\":true,\"valueName\":\"search_term_string\"}}],\"inLanguage\":\"es\"}]}<\/script>\n<!-- \/ Yoast SEO plugin. -->","yoast_head_json":{"title":"N\u00ba1 Seguro Decesos Ronda \u25b7Mejores Precios y Coberturas","description":"Compara ahora\u3010Seguro decesos Ronda\u2b50Coberturas, precios y descuentos para Madrid actualizadas en 2026.","robots":{"index":"index","follow":"follow","max-snippet":"max-snippet:-1","max-image-preview":"max-image-preview:large","max-video-preview":"max-video-preview:-1"},"canonical":"https:\/\/idecesos.com\/seguros\/ciudades\/malaga\/ronda\/","og_locale":"es_ES","og_type":"article","og_title":"N\u00ba1 Seguro Decesos Ronda \u25b7Mejores Precios y Coberturas","og_description":"Compara ahora\u3010Seguro decesos Ronda\u2b50Coberturas, precios y descuentos para Madrid actualizadas en 2026.","og_url":"https:\/\/idecesos.com\/seguros\/ciudades\/malaga\/ronda\/","article_modified_time":"2022-01-03T12:32:51+00:00","og_image":[{"url":"https:\/\/idecesos.com\/img\/decesos_helvetia_normal.png","type":"","width":"","height":""}],"twitter_card":"summary_large_image","twitter_misc":{"Tiempo de lectura":"21 minutos"},"schema":{"@context":"https:\/\/schema.org","@graph":[{"@type":"WebPage","@id":"https:\/\/idecesos.com\/seguros\/ciudades\/malaga\/ronda\/","url":"https:\/\/idecesos.com\/seguros\/ciudades\/malaga\/ronda\/","name":"N\u00ba1 Seguro Decesos Ronda \u25b7Mejores Precios y Coberturas","isPartOf":{"@id":"https:\/\/idecesos.com\/seguros\/#website"},"primaryImageOfPage":{"@id":"https:\/\/idecesos.com\/seguros\/ciudades\/malaga\/ronda\/#primaryimage"},"image":{"@id":"https:\/\/idecesos.com\/seguros\/ciudades\/malaga\/ronda\/#primaryimage"},"thumbnailUrl":"https:\/\/idecesos.com\/img\/decesos_helvetia_normal.png","datePublished":"2021-12-05T13:35:25+00:00","dateModified":"2022-01-03T12:32:51+00:00","description":"Compara ahora\u3010Seguro decesos Ronda\u2b50Coberturas, precios y descuentos para Madrid actualizadas en 2026.","breadcrumb":{"@id":"https:\/\/idecesos.com\/seguros\/ciudades\/malaga\/ronda\/#breadcrumb"},"inLanguage":"es","potentialAction":[{"@type":"ReadAction","target":["https:\/\/idecesos.com\/seguros\/ciudades\/malaga\/ronda\/"]}]},{"@type":"ImageObject","inLanguage":"es","@id":"https:\/\/idecesos.com\/seguros\/ciudades\/malaga\/ronda\/#primaryimage","url":"https:\/\/idecesos.com\/img\/decesos_helvetia_normal.png","contentUrl":"https:\/\/idecesos.com\/img\/decesos_helvetia_normal.png"},{"@type":"BreadcrumbList","@id":"https:\/\/idecesos.com\/seguros\/ciudades\/malaga\/ronda\/#breadcrumb","itemListElement":[{"@type":"ListItem","position":1,"name":"Portada","item":"https:\/\/idecesos.com\/seguros\/"},{"@type":"ListItem","position":2,"name":"Seguro de Decesos Espa\u00f1a","item":"https:\/\/idecesos.com\/seguros\/ciudades\/"},{"@type":"ListItem","position":3,"name":"Seguro Decesos M\u00e1laga","item":"https:\/\/idecesos.com\/seguros\/ciudades\/malaga\/"},{"@type":"ListItem","position":4,"name":"Seguro decesos Ronda"}]},{"@type":"WebSite","@id":"https:\/\/idecesos.com\/seguros\/#website","url":"https:\/\/idecesos.com\/seguros\/","name":"","description":"","potentialAction":[{"@type":"SearchAction","target":{"@type":"EntryPoint","urlTemplate":"https:\/\/idecesos.com\/seguros\/?s={search_term_string}"},"query-input":{"@type":"PropertyValueSpecification","valueRequired":true,"valueName":"search_term_string"}}],"inLanguage":"es"}]}},"_links":{"self":[{"href":"https:\/\/idecesos.com\/seguros\/wp-json\/wp\/v2\/pages\/16576","targetHints":{"allow":["GET"]}}],"collection":[{"href":"https:\/\/idecesos.com\/seguros\/wp-json\/wp\/v2\/pages"}],"about":[{"href":"https:\/\/idecesos.com\/seguros\/wp-json\/wp\/v2\/types\/page"}],"author":[{"embeddable":true,"href":"https:\/\/idecesos.com\/seguros\/wp-json\/wp\/v2\/users\/3"}],"replies":[{"embeddable":true,"href":"https:\/\/idecesos.com\/seguros\/wp-json\/wp\/v2\/comments?post=16576"}],"version-history":[{"count":1,"href":"https:\/\/idecesos.com\/seguros\/wp-json\/wp\/v2\/pages\/16576\/revisions"}],"predecessor-version":[{"id":18574,"href":"https:\/\/idecesos.com\/seguros\/wp-json\/wp\/v2\/pages\/16576\/revisions\/18574"}],"up":[{"embeddable":true,"href":"https:\/\/idecesos.com\/seguros\/wp-json\/wp\/v2\/pages\/135"}],"wp:attachment":[{"href":"https:\/\/idecesos.com\/seguros\/wp-json\/wp\/v2\/media?parent=16576"}],"curies":[{"name":"wp","href":"https:\/\/api.w.org\/{rel}","templated":true}]}}