{"id":16577,"date":"2021-12-05T13:35:25","date_gmt":"2021-12-05T13:35:25","guid":{"rendered":"https:\/\/idecesos.com\/seguros\/ciudades\/alicante\/la-villajoyosa\/"},"modified":"2022-01-03T12:32:03","modified_gmt":"2022-01-03T12:32:03","slug":"la-villajoyosa","status":"publish","type":"page","link":"https:\/\/idecesos.com\/seguros\/ciudades\/alicante\/la-villajoyosa\/","title":{"rendered":"Seguro decesos La Villajoyosa"},"content":{"rendered":"<div id=\"ez-toc-container\" class=\"ez-toc-v2_0_83 ez-toc-wrap-center counter-hierarchy ez-toc-counter ez-toc-custom ez-toc-container-direction\">\n<div class=\"ez-toc-title-container\">\n<p class=\"ez-toc-title\" style=\"cursor:inherit\">Tabla de Contenido<\/p>\n<span class=\"ez-toc-title-toggle\"><a href=\"#\" class=\"ez-toc-pull-right ez-toc-btn ez-toc-btn-xs ez-toc-btn-default ez-toc-toggle\" aria-label=\"Alternar tabla de contenidos\"><span class=\"ez-toc-js-icon-con\"><span class=\"\"><span class=\"eztoc-hide\" style=\"display:none;\">Toggle<\/span><span class=\"ez-toc-icon-toggle-span\"><svg style=\"fill: #db6415;color:#db6415\" xmlns=\"http:\/\/www.w3.org\/2000\/svg\" class=\"list-377408\" width=\"20px\" height=\"20px\" viewBox=\"0 0 24 24\" fill=\"none\"><path d=\"M6 6H4v2h2V6zm14 0H8v2h12V6zM4 11h2v2H4v-2zm16 0H8v2h12v-2zM4 16h2v2H4v-2zm16 0H8v2h12v-2z\" fill=\"currentColor\"><\/path><\/svg><svg style=\"fill: #db6415;color:#db6415\" class=\"arrow-unsorted-368013\" xmlns=\"http:\/\/www.w3.org\/2000\/svg\" width=\"10px\" height=\"10px\" viewBox=\"0 0 24 24\" version=\"1.2\" baseProfile=\"tiny\"><path d=\"M18.2 9.3l-6.2-6.3-6.2 6.3c-.2.2-.3.4-.3.7s.1.5.3.7c.2.2.4.3.7.3h11c.3 0 .5-.1.7-.3.2-.2.3-.5.3-.7s-.1-.5-.3-.7zM5.8 14.7l6.2 6.3 6.2-6.3c.2-.2.3-.5.3-.7s-.1-.5-.3-.7c-.2-.2-.4-.3-.7-.3h-11c-.3 0-.5.1-.7.3-.2.2-.3.5-.3.7s.1.5.3.7z\"\/><\/svg><\/span><\/span><\/span><\/a><\/span><\/div>\n<nav><ul class='ez-toc-list ez-toc-list-level-1 ' ><li class='ez-toc-page-1 ez-toc-heading-level-2'><a class=\"ez-toc-link ez-toc-heading-1\" href=\"https:\/\/idecesos.com\/seguros\/ciudades\/alicante\/la-villajoyosa\/#Comparador_seguro_decesos_La_Villajoyosa\" >Comparador seguro decesos La Villajoyosa<\/a><ul class='ez-toc-list-level-3' ><li class='ez-toc-heading-level-3'><a class=\"ez-toc-link ez-toc-heading-2\" href=\"https:\/\/idecesos.com\/seguros\/ciudades\/alicante\/la-villajoyosa\/#%C2%BFCuanto_cuesta_un_seguro_de_decesos_en_La_Villajoyosa\" >\u00bfCu\u00e1nto cuesta un seguro de decesos en La Villajoyosa?<\/a><\/li><\/ul><\/li><li class='ez-toc-page-1 ez-toc-heading-level-2'><a class=\"ez-toc-link ez-toc-heading-3\" href=\"https:\/\/idecesos.com\/seguros\/ciudades\/alicante\/la-villajoyosa\/#Mejor_seguro_de_decesos_en_La_Villajoyosa\" >Mejor seguro de decesos en La Villajoyosa<\/a><\/li><li class='ez-toc-page-1 ez-toc-heading-level-2'><a class=\"ez-toc-link ez-toc-heading-4\" href=\"https:\/\/idecesos.com\/seguros\/ciudades\/alicante\/la-villajoyosa\/#Mapa_seguros_de_decesos_La_Villajoyosa\" >Mapa seguros de decesos La Villajoyosa<\/a><ul class='ez-toc-list-level-3' ><li class='ez-toc-heading-level-3'><a class=\"ez-toc-link ez-toc-heading-5\" href=\"https:\/\/idecesos.com\/seguros\/ciudades\/alicante\/la-villajoyosa\/#Otras_ciudades_cercanas_donde_trabajamos\" >Otras ciudades cercanas donde trabajamos<\/a><\/li><\/ul><\/li><\/ul><\/nav><\/div>\n\r\n\r\n\r\n<p>El seguro de decesos en La Villajoyosa tiene una alta penetraci\u00f3n en los hogares. Siempre recomendamos a los ciudadanos de La Villajoyosa ya antes de contratar su seguro de decesos que efect\u00faen una comparativa para tener una visi\u00f3n objetiva y que mejor que hacerla en iDecesos.com especialista en seguros de <strong>defunci\u00f3n en la provincia de La Villajoyosa.<\/strong><br \/>Concretamente La Villajoyosa es una de las ciudades de Espa\u00f1a con mayor \u00edndice de penetraci\u00f3n por parte de los seguros de decesos. La poblaci\u00f3n de La Villajoyosa no duda en garantizar un buen servicio de sepelio y tranquilidad en los d\u00edas de luto mediante las empresas aseguradoras.<\/p>\r\n<p>\r\n\r\n<\/p>\r\n<div class=\"colorf \"  ><div class=\"container clearfix\"><div class=\"col-md-7\"><\/p>\r\n<h2 class=\"wp-block-heading\"><span class=\"ez-toc-section\" id=\"Comparador_seguro_decesos_La_Villajoyosa\"><\/span>Comparador seguro decesos La Villajoyosa<span class=\"ez-toc-section-end\"><\/span><\/h2>\r\n<p>\r\n\r\n<\/p>\r\n<p><strong>En iDecesos<\/strong> ofrecemos un servicio de comparaci\u00f3n de seguros de decesos con los mejores precios del mercado. Equiparamos los precios de las primordiales empresas aseguradoras de La Villajoyosa para que puedas conseguir el mejor coste m\u00e1s asequible para para tu seguro. Nuestro comparados es plenamente gratis y sin ning\u00fan compromiso, solamente debes rellenar los datos a continuaci\u00f3n te vamos a dar los precios al instante libres en nuestra p\u00e1gina web.<\/p>\r\n<p>\r\n\r\n<\/p>\r\n<h3 class=\"wp-block-heading\"><span class=\"ez-toc-section\" id=\"%C2%BFCuanto_cuesta_un_seguro_de_decesos_en_La_Villajoyosa\"><\/span>\u00bfCu\u00e1nto cuesta un seguro de decesos en La Villajoyosa?<span class=\"ez-toc-section-end\"><\/span><\/h3>\r\n<p>El precio del seguro de decesos en La Villajoyosa es alrededor de los 1,99\u20ac al mes si el asegurado est\u00e1 en perfecto estado de salud, es joven y contrata una oferta de iDecesos.<\/p>\r\n<p><\/div><\/div><\/div>\r\n<h2><span class=\"ez-toc-section\" id=\"Mejor_seguro_de_decesos_en_La_Villajoyosa\"><\/span>Mejor seguro de decesos en La Villajoyosa<span class=\"ez-toc-section-end\"><\/span><\/h2>\r\n<p>\r\n\r\n<\/p>\r\n<p>En general las compa\u00f1\u00edas que se dedican al mundo de los seguros suelen ofrecer unas tarifas similares, aparte de exactamente los mismos g\u00e9neros de seguros. Por lo tanto, poder equiparar comprar los seguros de decesos en La Villajoyosa se vuelve esencial por el hecho de que en dependencia de las peculiaridades propias de cada persona interesada, una empresa ser\u00e1 m\u00e1s interesante que otra, una tarifa determinada ser\u00e1 mejor para alguien concretamente que otra diferente. Deseo insistir en que la localizaci\u00f3n de donde queremos que se genere el sepelio del mismo modo provoca cambio en las tarifas. Si quieres encontrar los mejores costes de <strong>seguros de decesos en La Villajoyosa<\/strong>, usa nuestro comparador para poder ver las mejores opciones.<\/p>\r\n<p>\r\n\r\n<\/p>\r\n<div class=\"wp-block-columns is-layout-flex wp-container-core-columns-is-layout-9d6595d7 wp-block-columns-is-layout-flex\">\r\n<div class=\"wp-block-column is-layout-flow wp-block-column-is-layout-flow\" style=\"flex-basis: 33.33%;\">\r\n<div class=\"wp-block-image\">\r\n<figure class=\"aligncenter size-large\"><img decoding=\"async\" src=\"https:\/\/idecesos.com\/img\/decesos_helvetia_normal.png\" alt=\"\" \/><\/figure>\r\n<\/div>\r\n<\/div>\r\n\r\n\r\n\r\n<div class=\"wp-block-column is-layout-flow wp-block-column-is-layout-flow\" style=\"flex-basis: 66.66%;\">\r\n<p><strong>Seguro de decesos Helvetia La Villajoyosa<\/strong>: es un seguro que cubre los precios de un entierro en caso de fallecimiento: tanatorio, enterramiento o incineraci\u00f3n, preparaci\u00f3n del difunto\u2026 en definitiva todo lo preciso para dar el \u00faltimo adi\u00f3s a esa persona tan especial, sin desembolsar nada en un momento tan delicado. <a href=\"https:\/\/idecesos.com\/seguros\/companias\/helvetia\/\">Leer m\u00e1s sobre Seguros de decesos Helvetia.<\/a><\/p>\r\n<p><\/p>\r\n<\/div>\r\n<\/div>\r\n<p>\r\n\r\n<\/p>\r\n<div class=\"wp-block-columns is-layout-flex wp-container-core-columns-is-layout-9d6595d7 wp-block-columns-is-layout-flex\">\r\n<div class=\"wp-block-column is-layout-flow wp-block-column-is-layout-flow\" style=\"flex-basis: 33.33%;\">\r\n<div class=\"wp-block-image\">\r\n<figure class=\"aligncenter size-large\"><img decoding=\"async\" src=\"https:\/\/idecesos.com\/img\/decesos_caser.png\" alt=\"\" \/><\/figure>\r\n<\/div>\r\n<\/div>\r\n\r\n\r\n\r\n<div class=\"wp-block-column is-layout-flow wp-block-column-is-layout-flow\" style=\"flex-basis: 66.66%;\">\r\n<p><strong>Seguro de decesos Caser La Villajoyosa:<\/strong> Los 2 seguros de decesos de Caser, Caser Decesos Familiar y Caser Decesos Creciente comparten coberturas, mas las principales diferencias es que en el segundo caso el importe de la p\u00f3liza crece progresivamente, de manera que pagar\u00e1s menos cuanto m\u00e1s joven seas. <a href=\"https:\/\/idecesos.com\/seguros\/companias\/caser\/\">Leer m\u00e1s sobre Seguros de decesos Caser.<\/a><\/p>\r\n<p>&nbsp;<\/p>\r\n<p><\/p>\r\n<\/div>\r\n<\/div>\r\n<p>\r\n\r\n<\/p>\r\n<div class=\"wp-block-columns is-layout-flex wp-container-core-columns-is-layout-9d6595d7 wp-block-columns-is-layout-flex\">\r\n<div class=\"wp-block-column is-layout-flow wp-block-column-is-layout-flow\" style=\"flex-basis: 33.33%;\">\r\n<div class=\"wp-block-image\">\r\n<figure class=\"aligncenter size-large\"><img decoding=\"async\" src=\"https:\/\/idecesos.com\/img\/decesos_adeslas.png\" alt=\"\" \/><\/figure>\r\n<\/div>\r\n<\/div>\r\n\r\n\r\n\r\n<div class=\"wp-block-column is-layout-flow wp-block-column-is-layout-flow\" style=\"flex-basis: 66.66%;\">\r\n<p><strong>Seguro de decesos Adeslas La Villajoyosa:<\/strong> ofrece apoyo en todos y cada uno de los tr\u00e1mites, gestiones y servicios, como a los familiares en los aspectos sensibles. Para los instantes m\u00e1s dif\u00edciles. Si se contrata el Servicio Plus, se dispondr\u00e1 de un capital adicional de 1.000  euros destinados a elementos no incluidos en el servicio l\u00fagubre semejantes como: servicio musical, esquela, aparcamiento, l\u00e1pida, catering, etc\u00e9tera. <a href=\"https:\/\/idecesos.com\/seguros\/companias\/adeslas\/\">Leer m\u00e1s sobre Seguros de decesos Adeslas.<\/a><\/p>\r\n<p><\/p>\r\n<\/div>\r\n<\/div>\r\n<p>\r\n\r\n<\/p>\r\n<div class=\"wp-block-columns is-layout-flex wp-container-core-columns-is-layout-9d6595d7 wp-block-columns-is-layout-flex\">\r\n<div class=\"wp-block-column is-layout-flow wp-block-column-is-layout-flow\" style=\"flex-basis: 33.33%;\">\r\n<div class=\"wp-block-image\">\r\n<figure class=\"aligncenter size-large\"><img decoding=\"async\" src=\"https:\/\/idecesos.com\/img\/decesos_asisa.png\" alt=\"\" \/><\/figure>\r\n<\/div>\r\n<\/div>\r\n\r\n\r\n\r\n<div class=\"wp-block-column is-layout-flow wp-block-column-is-layout-flow\" style=\"flex-basis: 66.66%;\">\r\n<p><strong>Seguro de decesos ASISA La Villajoyosa:<\/strong> tiene unos precios bajos que deja al asegurado vivir con la calma de saber que su familia recibir\u00e1 toda la asistencia que precise en el caso de fallecimiento sin tener que realizar un desembolso desproporcionado de dinero. <a href=\"https:\/\/idecesos.com\/seguros\/companias\/asisa\/\">Leer m\u00e1s sobre Seguros de decesos Asisa.<\/a><\/p>\r\n<p>&nbsp;<\/p>\r\n<p><\/p>\r\n<\/div>\r\n<\/div>\r\n<p>\r\n\r\n<\/p>\r\n<div class=\"wp-block-columns is-layout-flex wp-container-core-columns-is-layout-9d6595d7 wp-block-columns-is-layout-flex\">\r\n<div class=\"wp-block-column is-layout-flow wp-block-column-is-layout-flow\" style=\"flex-basis: 33.33%;\">\r\n<div class=\"wp-block-image\">\r\n<figure class=\"aligncenter size-large\"><img decoding=\"async\" src=\"https:\/\/idecesos.com\/img\/decesos_santalucia.png\" alt=\"\" \/><\/figure>\r\n<\/div>\r\n<\/div>\r\n\r\n\r\n\r\n<div class=\"wp-block-column is-layout-flow wp-block-column-is-layout-flow\" style=\"flex-basis: 66.66%;\">\r\n<p><strong>Seguro de decesos SANTA LUCIA La Villajoyosa:<\/strong> cuenta con la distinci\u00f3n de ser uno de los m\u00e1s antiguos de Espa\u00f1a. La aseguradora centr\u00f3 su oferta en estos productos hasta los a\u00f1os 60. Transcurrido el tiempo, ha diversificado la cartera ofertando p\u00f3lizas adaptadas a cada etapa vital y coyuntura econ\u00f3mica y personal. <a href=\"https:\/\/idecesos.com\/seguros\/companias\/santa-lucia\/\">Leer m\u00e1s sobre Seguros de decesos Santa Lucia.<\/a><\/p>\r\n<p><\/p>\r\n<\/div>\r\n<\/div>\r\n<p>\r\n\r\n<\/p>\r\n<div class=\"wp-block-columns is-layout-flex wp-container-core-columns-is-layout-9d6595d7 wp-block-columns-is-layout-flex\">\r\n<div class=\"wp-block-column is-layout-flow wp-block-column-is-layout-flow\" style=\"flex-basis: 33.33%;\">\r\n<div class=\"wp-block-image\">\r\n<figure class=\"aligncenter size-large\"><img decoding=\"async\" src=\"https:\/\/idecesos.com\/img\/decesos_ocaso.png\" alt=\"\" \/><\/figure>\r\n<\/div>\r\n<\/div>\r\n\r\n\r\n\r\n<div class=\"wp-block-column is-layout-flow wp-block-column-is-layout-flow\" style=\"flex-basis: 66.66%;\">\r\n<p><strong>Seguro de decesos OCASO La Villajoyosa:<\/strong> se adaptan a las necesidades de cada persona y cubre los peligros que sufra el contratante o alg\u00fan miembro de su familia. Adem\u00e1s cuentan con la atenci\u00f3n especializada de profesionales a fin de que los asegurados y sus familias no tengan que preocuparse en los instantes m\u00e1s dif\u00edciles de la vida. <a href=\"https:\/\/idecesos.com\/seguros\/companias\/ocaso\/\">Leer m\u00e1s sobre Seguros de decesos Ocaso.<\/a><\/p>\r\n<\/div>\r\n<\/div>\r\n<p>\r\n\r\n<\/p>\r\n<div class=\"wp-block-columns is-layout-flex wp-container-core-columns-is-layout-9d6595d7 wp-block-columns-is-layout-flex\">\r\n<div class=\"wp-block-column is-layout-flow wp-block-column-is-layout-flow\" style=\"flex-basis: 33.33%;\">\r\n<div class=\"wp-block-image\">\r\n<figure class=\"aligncenter size-large\"><img decoding=\"async\" src=\"https:\/\/idecesos.com\/img\/decesos_fiatc.png\" alt=\"\" \/><\/figure>\r\n<\/div>\r\n<\/div>\r\n\r\n\r\n\r\n<div class=\"wp-block-column is-layout-flow wp-block-column-is-layout-flow\" style=\"flex-basis: 66.66%;\">\r\n<p><strong>Seguro de decesos Fiatc La Villajoyosa: <\/strong>Empresa de seguros Espa\u00f1ola que cuenta con 52 oficinas en Espa\u00f1a, y da soporte a 900.000 mutualistas repartidos entre sus ramos de seguros, ofreciendo precios muy competitivos para los clientes. <a href=\"https:\/\/idecesos.com\/seguros\/companias\/fiatc\/\">Leer m\u00e1s sobre Seguros de decesos Fiatc.<\/a><\/p>\r\n<\/div>\r\n<\/div>\r\n<p>\r\n\r\n<\/p>\r\n<div class=\"wp-block-columns is-layout-flex wp-container-core-columns-is-layout-9d6595d7 wp-block-columns-is-layout-flex\">\r\n<div class=\"wp-block-column is-layout-flow wp-block-column-is-layout-flow\" style=\"flex-basis: 33.33%;\">\r\n<div class=\"wp-block-image\">\r\n<figure class=\"aligncenter size-large\"><img decoding=\"async\" src=\"https:\/\/idecesos.com\/img\/decesos_dkv.jpg\" alt=\"\" \/><\/figure>\r\n<\/div>\r\n<\/div>\r\n\r\n\r\n\r\n<div class=\"wp-block-column is-layout-flow wp-block-column-is-layout-flow\" style=\"flex-basis: 66.66%;\">\r\n<p><strong>Seguro de decesos DKV La Villajoyosa: <\/strong>Una compa\u00f1\u00eda con m\u00e1s de 130 a\u00f1os de historia y que cuenta con un seguro de decesos complet\u00edsimo llamado plan familiar, que no solo cubre en caso de fallecimiento si no que adem\u00e1s ofrece servicios a\u00f1adidos. <a href=\"https:\/\/idecesos.com\/seguros\/companias\/dkv\/\">Leer m\u00e1s sobre Seguros de decesos DKV.<\/a><\/p>\r\n<\/div>\r\n<\/div>\r\n<p>\r\n\r\n<\/p>\r\n<div class=\"colorf\"><div class=\"container clearfix\"><div class=\"col-md-7\">\r\n<h2 class=\"wp-block-heading\"><span class=\"ez-toc-section\" id=\"Mapa_seguros_de_decesos_La_Villajoyosa\"><\/span>Mapa seguros de decesos La Villajoyosa<span class=\"ez-toc-section-end\"><\/span><\/h2>\r\n<p><iframe class=\"page-generator-pro-map\" width=\"100%\" height=\"450\" frameborder=\"0\" style=\"border:0\" src=\"https:\/\/www.google.com\/maps\/embed\/v1\/place?q=La+Villajoyosa%2C+espa%C3%B1a&#038;zoom=12&#038;maptype=roadmap&#038;key=AIzaSyCNTEOso0tZG6YMSJFoaJEY5Th1stEWrJI\" allowfullscreen><\/iframe><br \/>\r\n\r\n<\/p>\r\n<\/div><\/div><\/div><div class=\"oficinas\"><h3 class=\"wp-block-heading\"><span class=\"ez-toc-section\" id=\"Otras_ciudades_cercanas_donde_trabajamos\"><\/span>Otras ciudades cercanas donde trabajamos<span class=\"ez-toc-section-end\"><\/span><\/h3>\r\n<p>\r\n\r\n<\/p>\r\n<div class=\"enlazado\"><ul><li><a href=\"https:\/\/idecesos.com\/seguros\/ciudades\/alicante\/alcoy\/\"><span>Seguro decesos Alcoy<\/span><\/a><\/li><li><a href=\"https:\/\/idecesos.com\/seguros\/ciudades\/alicante\/benidorm\/\"><span>Seguro decesos Benidorm<\/span><\/a><\/li><li><a href=\"https:\/\/idecesos.com\/seguros\/ciudades\/alicante\/denia\/\"><span>Seguro decesos D\u00e9nia<\/span><\/a><\/li><li><a href=\"https:\/\/idecesos.com\/seguros\/ciudades\/alicante\/elche\/\"><span>Seguro decesos Elche<\/span><\/a><\/li><li><a href=\"https:\/\/idecesos.com\/seguros\/ciudades\/alicante\/elda\/\"><span>Seguro decesos Elda<\/span><\/a><\/li><li><a href=\"https:\/\/idecesos.com\/seguros\/ciudades\/alicante\/orihuela\/\"><span>Seguro decesos Orihuela<\/span><\/a><\/li><li><a href=\"https:\/\/idecesos.com\/seguros\/ciudades\/alicante\/petrer\/\"><span>Seguro decesos Petrer<\/span><\/a><\/li><li><a href=\"https:\/\/idecesos.com\/seguros\/ciudades\/alicante\/san-vicente-del-raspeig\/\"><span>Seguro decesos San Vicente del Raspeig<\/span><\/a><\/li><li><a href=\"https:\/\/idecesos.com\/seguros\/ciudades\/alicante\/santa-pola\/\"><span>Seguro decesos Santa Pola<\/span><\/a><\/li><li><a href=\"https:\/\/idecesos.com\/seguros\/ciudades\/alicante\/torrevieja\/\"><span>Seguro decesos Torrevieja<\/span><\/a><\/li><li><a href=\"https:\/\/idecesos.com\/seguros\/ciudades\/alicante\/villena\/\"><span>Seguro decesos Villena<\/span><\/a><\/li><\/ul><\/div>\r\n<p><\/p><\/div>","protected":false},"excerpt":{"rendered":"<p>El seguro de decesos en La Villajoyosa tiene una alta penetraci\u00f3n en los hogares. Siempre recomendamos a los ciudadanos de La Villajoyosa ya antes de contratar su seguro de decesos que efect\u00faen una comparativa para tener una visi\u00f3n objetiva y que mejor que hacerla en iDecesos.com especialista en seguros de defunci\u00f3n en la provincia de&hellip; <\/p>\n","protected":false},"author":3,"featured_media":0,"parent":104,"menu_order":0,"comment_status":"closed","ping_status":"closed","template":"single.php","meta":{"footnotes":""},"class_list":["post-16577","page","type-page","status-publish","hentry"],"yoast_head":"<!-- This site is optimized with the Yoast SEO plugin v27.6 - https:\/\/yoast.com\/product\/yoast-seo-wordpress\/ -->\n<title>N\u00ba1 Seguro Decesos La Villajoyosa \u25b7Mejores Precios y Coberturas<\/title>\n<meta name=\"description\" content=\"Compara ahora\u3010Seguro decesos La Villajoyosa\u2b50Coberturas, precios y descuentos para Madrid actualizadas en 2026.\" \/>\n<meta name=\"robots\" content=\"index, follow, max-snippet:-1, max-image-preview:large, max-video-preview:-1\" \/>\n<link rel=\"canonical\" href=\"https:\/\/idecesos.com\/seguros\/ciudades\/alicante\/la-villajoyosa\/\" \/>\n<meta property=\"og:locale\" content=\"es_ES\" \/>\n<meta property=\"og:type\" content=\"article\" \/>\n<meta property=\"og:title\" content=\"N\u00ba1 Seguro Decesos La Villajoyosa \u25b7Mejores Precios y Coberturas\" \/>\n<meta property=\"og:description\" content=\"Compara ahora\u3010Seguro decesos La Villajoyosa\u2b50Coberturas, precios y descuentos para Madrid actualizadas en 2026.\" \/>\n<meta property=\"og:url\" content=\"https:\/\/idecesos.com\/seguros\/ciudades\/alicante\/la-villajoyosa\/\" \/>\n<meta property=\"article:modified_time\" content=\"2022-01-03T12:32:03+00:00\" \/>\n<meta property=\"og:image\" content=\"https:\/\/idecesos.com\/img\/decesos_helvetia_normal.png\" \/>\n<meta name=\"twitter:card\" content=\"summary_large_image\" \/>\n<meta name=\"twitter:label1\" content=\"Tiempo de lectura\" \/>\n\t<meta name=\"twitter:data1\" content=\"21 minutos\" \/>\n<script type=\"application\/ld+json\" class=\"yoast-schema-graph\">{\"@context\":\"https:\\\/\\\/schema.org\",\"@graph\":[{\"@type\":\"WebPage\",\"@id\":\"https:\\\/\\\/idecesos.com\\\/seguros\\\/ciudades\\\/alicante\\\/la-villajoyosa\\\/\",\"url\":\"https:\\\/\\\/idecesos.com\\\/seguros\\\/ciudades\\\/alicante\\\/la-villajoyosa\\\/\",\"name\":\"N\u00ba1 Seguro Decesos La Villajoyosa \u25b7Mejores Precios y Coberturas\",\"isPartOf\":{\"@id\":\"https:\\\/\\\/idecesos.com\\\/seguros\\\/#website\"},\"primaryImageOfPage\":{\"@id\":\"https:\\\/\\\/idecesos.com\\\/seguros\\\/ciudades\\\/alicante\\\/la-villajoyosa\\\/#primaryimage\"},\"image\":{\"@id\":\"https:\\\/\\\/idecesos.com\\\/seguros\\\/ciudades\\\/alicante\\\/la-villajoyosa\\\/#primaryimage\"},\"thumbnailUrl\":\"https:\\\/\\\/idecesos.com\\\/img\\\/decesos_helvetia_normal.png\",\"datePublished\":\"2021-12-05T13:35:25+00:00\",\"dateModified\":\"2022-01-03T12:32:03+00:00\",\"description\":\"Compara ahora\u3010Seguro decesos La Villajoyosa\u2b50Coberturas, precios y descuentos para Madrid actualizadas en 2026.\",\"breadcrumb\":{\"@id\":\"https:\\\/\\\/idecesos.com\\\/seguros\\\/ciudades\\\/alicante\\\/la-villajoyosa\\\/#breadcrumb\"},\"inLanguage\":\"es\",\"potentialAction\":[{\"@type\":\"ReadAction\",\"target\":[\"https:\\\/\\\/idecesos.com\\\/seguros\\\/ciudades\\\/alicante\\\/la-villajoyosa\\\/\"]}]},{\"@type\":\"ImageObject\",\"inLanguage\":\"es\",\"@id\":\"https:\\\/\\\/idecesos.com\\\/seguros\\\/ciudades\\\/alicante\\\/la-villajoyosa\\\/#primaryimage\",\"url\":\"https:\\\/\\\/idecesos.com\\\/img\\\/decesos_helvetia_normal.png\",\"contentUrl\":\"https:\\\/\\\/idecesos.com\\\/img\\\/decesos_helvetia_normal.png\"},{\"@type\":\"BreadcrumbList\",\"@id\":\"https:\\\/\\\/idecesos.com\\\/seguros\\\/ciudades\\\/alicante\\\/la-villajoyosa\\\/#breadcrumb\",\"itemListElement\":[{\"@type\":\"ListItem\",\"position\":1,\"name\":\"Portada\",\"item\":\"https:\\\/\\\/idecesos.com\\\/seguros\\\/\"},{\"@type\":\"ListItem\",\"position\":2,\"name\":\"Seguro de Decesos Espa\u00f1a\",\"item\":\"https:\\\/\\\/idecesos.com\\\/seguros\\\/ciudades\\\/\"},{\"@type\":\"ListItem\",\"position\":3,\"name\":\"Seguro Decesos Alicante\",\"item\":\"https:\\\/\\\/idecesos.com\\\/seguros\\\/ciudades\\\/alicante\\\/\"},{\"@type\":\"ListItem\",\"position\":4,\"name\":\"Seguro decesos La Villajoyosa\"}]},{\"@type\":\"WebSite\",\"@id\":\"https:\\\/\\\/idecesos.com\\\/seguros\\\/#website\",\"url\":\"https:\\\/\\\/idecesos.com\\\/seguros\\\/\",\"name\":\"\",\"description\":\"\",\"potentialAction\":[{\"@type\":\"SearchAction\",\"target\":{\"@type\":\"EntryPoint\",\"urlTemplate\":\"https:\\\/\\\/idecesos.com\\\/seguros\\\/?s={search_term_string}\"},\"query-input\":{\"@type\":\"PropertyValueSpecification\",\"valueRequired\":true,\"valueName\":\"search_term_string\"}}],\"inLanguage\":\"es\"}]}<\/script>\n<!-- \/ Yoast SEO plugin. -->","yoast_head_json":{"title":"N\u00ba1 Seguro Decesos La Villajoyosa \u25b7Mejores Precios y Coberturas","description":"Compara ahora\u3010Seguro decesos La Villajoyosa\u2b50Coberturas, precios y descuentos para Madrid actualizadas en 2026.","robots":{"index":"index","follow":"follow","max-snippet":"max-snippet:-1","max-image-preview":"max-image-preview:large","max-video-preview":"max-video-preview:-1"},"canonical":"https:\/\/idecesos.com\/seguros\/ciudades\/alicante\/la-villajoyosa\/","og_locale":"es_ES","og_type":"article","og_title":"N\u00ba1 Seguro Decesos La Villajoyosa \u25b7Mejores Precios y Coberturas","og_description":"Compara ahora\u3010Seguro decesos La Villajoyosa\u2b50Coberturas, precios y descuentos para Madrid actualizadas en 2026.","og_url":"https:\/\/idecesos.com\/seguros\/ciudades\/alicante\/la-villajoyosa\/","article_modified_time":"2022-01-03T12:32:03+00:00","og_image":[{"url":"https:\/\/idecesos.com\/img\/decesos_helvetia_normal.png","type":"","width":"","height":""}],"twitter_card":"summary_large_image","twitter_misc":{"Tiempo de lectura":"21 minutos"},"schema":{"@context":"https:\/\/schema.org","@graph":[{"@type":"WebPage","@id":"https:\/\/idecesos.com\/seguros\/ciudades\/alicante\/la-villajoyosa\/","url":"https:\/\/idecesos.com\/seguros\/ciudades\/alicante\/la-villajoyosa\/","name":"N\u00ba1 Seguro Decesos La Villajoyosa \u25b7Mejores Precios y Coberturas","isPartOf":{"@id":"https:\/\/idecesos.com\/seguros\/#website"},"primaryImageOfPage":{"@id":"https:\/\/idecesos.com\/seguros\/ciudades\/alicante\/la-villajoyosa\/#primaryimage"},"image":{"@id":"https:\/\/idecesos.com\/seguros\/ciudades\/alicante\/la-villajoyosa\/#primaryimage"},"thumbnailUrl":"https:\/\/idecesos.com\/img\/decesos_helvetia_normal.png","datePublished":"2021-12-05T13:35:25+00:00","dateModified":"2022-01-03T12:32:03+00:00","description":"Compara ahora\u3010Seguro decesos La Villajoyosa\u2b50Coberturas, precios y descuentos para Madrid actualizadas en 2026.","breadcrumb":{"@id":"https:\/\/idecesos.com\/seguros\/ciudades\/alicante\/la-villajoyosa\/#breadcrumb"},"inLanguage":"es","potentialAction":[{"@type":"ReadAction","target":["https:\/\/idecesos.com\/seguros\/ciudades\/alicante\/la-villajoyosa\/"]}]},{"@type":"ImageObject","inLanguage":"es","@id":"https:\/\/idecesos.com\/seguros\/ciudades\/alicante\/la-villajoyosa\/#primaryimage","url":"https:\/\/idecesos.com\/img\/decesos_helvetia_normal.png","contentUrl":"https:\/\/idecesos.com\/img\/decesos_helvetia_normal.png"},{"@type":"BreadcrumbList","@id":"https:\/\/idecesos.com\/seguros\/ciudades\/alicante\/la-villajoyosa\/#breadcrumb","itemListElement":[{"@type":"ListItem","position":1,"name":"Portada","item":"https:\/\/idecesos.com\/seguros\/"},{"@type":"ListItem","position":2,"name":"Seguro de Decesos Espa\u00f1a","item":"https:\/\/idecesos.com\/seguros\/ciudades\/"},{"@type":"ListItem","position":3,"name":"Seguro Decesos Alicante","item":"https:\/\/idecesos.com\/seguros\/ciudades\/alicante\/"},{"@type":"ListItem","position":4,"name":"Seguro decesos La Villajoyosa"}]},{"@type":"WebSite","@id":"https:\/\/idecesos.com\/seguros\/#website","url":"https:\/\/idecesos.com\/seguros\/","name":"","description":"","potentialAction":[{"@type":"SearchAction","target":{"@type":"EntryPoint","urlTemplate":"https:\/\/idecesos.com\/seguros\/?s={search_term_string}"},"query-input":{"@type":"PropertyValueSpecification","valueRequired":true,"valueName":"search_term_string"}}],"inLanguage":"es"}]}},"_links":{"self":[{"href":"https:\/\/idecesos.com\/seguros\/wp-json\/wp\/v2\/pages\/16577","targetHints":{"allow":["GET"]}}],"collection":[{"href":"https:\/\/idecesos.com\/seguros\/wp-json\/wp\/v2\/pages"}],"about":[{"href":"https:\/\/idecesos.com\/seguros\/wp-json\/wp\/v2\/types\/page"}],"author":[{"embeddable":true,"href":"https:\/\/idecesos.com\/seguros\/wp-json\/wp\/v2\/users\/3"}],"replies":[{"embeddable":true,"href":"https:\/\/idecesos.com\/seguros\/wp-json\/wp\/v2\/comments?post=16577"}],"version-history":[{"count":1,"href":"https:\/\/idecesos.com\/seguros\/wp-json\/wp\/v2\/pages\/16577\/revisions"}],"predecessor-version":[{"id":18527,"href":"https:\/\/idecesos.com\/seguros\/wp-json\/wp\/v2\/pages\/16577\/revisions\/18527"}],"up":[{"embeddable":true,"href":"https:\/\/idecesos.com\/seguros\/wp-json\/wp\/v2\/pages\/104"}],"wp:attachment":[{"href":"https:\/\/idecesos.com\/seguros\/wp-json\/wp\/v2\/media?parent=16577"}],"curies":[{"name":"wp","href":"https:\/\/api.w.org\/{rel}","templated":true}]}}