{"id":16593,"date":"2021-12-05T13:35:39","date_gmt":"2021-12-05T13:35:39","guid":{"rendered":"https:\/\/idecesos.com\/seguros\/ciudades\/valencia\/aldaia\/"},"modified":"2022-01-03T12:31:53","modified_gmt":"2022-01-03T12:31:53","slug":"aldaia","status":"publish","type":"page","link":"https:\/\/idecesos.com\/seguros\/ciudades\/valencia\/aldaia\/","title":{"rendered":"Seguro decesos Aldaia"},"content":{"rendered":"<div id=\"ez-toc-container\" class=\"ez-toc-v2_0_82_2 ez-toc-wrap-center counter-hierarchy ez-toc-counter ez-toc-custom ez-toc-container-direction\">\n<div class=\"ez-toc-title-container\">\n<p class=\"ez-toc-title\" style=\"cursor:inherit\">Tabla de Contenido<\/p>\n<span class=\"ez-toc-title-toggle\"><a href=\"#\" class=\"ez-toc-pull-right ez-toc-btn ez-toc-btn-xs ez-toc-btn-default ez-toc-toggle\" aria-label=\"Alternar tabla de contenidos\"><span class=\"ez-toc-js-icon-con\"><span class=\"\"><span class=\"eztoc-hide\" style=\"display:none;\">Toggle<\/span><span class=\"ez-toc-icon-toggle-span\"><svg style=\"fill: #db6415;color:#db6415\" xmlns=\"http:\/\/www.w3.org\/2000\/svg\" class=\"list-377408\" width=\"20px\" height=\"20px\" viewBox=\"0 0 24 24\" fill=\"none\"><path d=\"M6 6H4v2h2V6zm14 0H8v2h12V6zM4 11h2v2H4v-2zm16 0H8v2h12v-2zM4 16h2v2H4v-2zm16 0H8v2h12v-2z\" fill=\"currentColor\"><\/path><\/svg><svg style=\"fill: #db6415;color:#db6415\" class=\"arrow-unsorted-368013\" xmlns=\"http:\/\/www.w3.org\/2000\/svg\" width=\"10px\" height=\"10px\" viewBox=\"0 0 24 24\" version=\"1.2\" baseProfile=\"tiny\"><path d=\"M18.2 9.3l-6.2-6.3-6.2 6.3c-.2.2-.3.4-.3.7s.1.5.3.7c.2.2.4.3.7.3h11c.3 0 .5-.1.7-.3.2-.2.3-.5.3-.7s-.1-.5-.3-.7zM5.8 14.7l6.2 6.3 6.2-6.3c.2-.2.3-.5.3-.7s-.1-.5-.3-.7c-.2-.2-.4-.3-.7-.3h-11c-.3 0-.5.1-.7.3-.2.2-.3.5-.3.7s.1.5.3.7z\"\/><\/svg><\/span><\/span><\/span><\/a><\/span><\/div>\n<nav><ul class='ez-toc-list ez-toc-list-level-1 ' ><li class='ez-toc-page-1 ez-toc-heading-level-2'><a class=\"ez-toc-link ez-toc-heading-1\" href=\"https:\/\/idecesos.com\/seguros\/ciudades\/valencia\/aldaia\/#Comparador_seguro_decesos_Aldaia\" >Comparador seguro decesos Aldaia<\/a><ul class='ez-toc-list-level-3' ><li class='ez-toc-heading-level-3'><a class=\"ez-toc-link ez-toc-heading-2\" href=\"https:\/\/idecesos.com\/seguros\/ciudades\/valencia\/aldaia\/#%C2%BFCuanto_cuesta_un_seguro_de_decesos_en_Aldaia\" >\u00bfCu\u00e1nto cuesta un seguro de decesos en Aldaia?<\/a><\/li><\/ul><\/li><li class='ez-toc-page-1 ez-toc-heading-level-2'><a class=\"ez-toc-link ez-toc-heading-3\" href=\"https:\/\/idecesos.com\/seguros\/ciudades\/valencia\/aldaia\/#Mejor_seguro_de_decesos_en_Aldaia\" >Mejor seguro de decesos en Aldaia<\/a><\/li><li class='ez-toc-page-1 ez-toc-heading-level-2'><a class=\"ez-toc-link ez-toc-heading-4\" href=\"https:\/\/idecesos.com\/seguros\/ciudades\/valencia\/aldaia\/#Mapa_seguros_de_decesos_Aldaia\" >Mapa seguros de decesos Aldaia<\/a><ul class='ez-toc-list-level-3' ><li class='ez-toc-heading-level-3'><a class=\"ez-toc-link ez-toc-heading-5\" href=\"https:\/\/idecesos.com\/seguros\/ciudades\/valencia\/aldaia\/#Otras_ciudades_cercanas_donde_trabajamos\" >Otras ciudades cercanas donde trabajamos<\/a><\/li><\/ul><\/li><\/ul><\/nav><\/div>\n\r\n\r\n\r\n<p>Aldaia es una de las provincias donde una enorme capilaridad del seguro de decesos, teniendo en cuenta que m\u00e1s o menos en Espa\u00f1a el 50 por ciento de los habitantes tiene una p\u00f3liza. La localidad donde vaya a ser contratada la p\u00f3liza de seguros es esencial debido a que va a condicionar el precio de exactamente la misma, no va a costar <strong>lo mismo un sepelio en Aldaia<\/strong>, que en otra ciudad de Espa\u00f1a. Para poder saber cu\u00e1nto cuesta un entierro en cierta localidad, se podr\u00eda ir consultando en todas y cada una de las compa\u00f1\u00edas de seguros con seguro de decesos que nos interesase, o bien realizar una comparativa con empresas que se dedican a la comparaci\u00f3n de seguros, <strong>como es el caso de iDecesos.com<\/strong>. iDecesos est\u00e1 experta en los decesos como su propio nombre se\u00f1ala, con lo que puede aportar una informaci\u00f3n clave a cualquier interesado en este g\u00e9nero de seguros.<\/p>\r\n<p>\r\n\r\n<\/p>\r\n<div class=\"colorf \"  ><div class=\"container clearfix\"><div class=\"col-md-7\"><\/p>\r\n<h2 class=\"wp-block-heading\"><span class=\"ez-toc-section\" id=\"Comparador_seguro_decesos_Aldaia\"><\/span>Comparador seguro decesos Aldaia<span class=\"ez-toc-section-end\"><\/span><\/h2>\r\n<p>\r\n\r\n<\/p>\r\n<p>Con nuestro comparador podr\u00e1s ver de un vistazo los diferentes precios de todas las aseguradoras que ofrecen servicio en Aldaia. Y poder seleccionar el seguro m\u00e1s completo al mejor precio que se ajuste a tus necesidades. En menos de 1 minutos, te daremos el resultado de los precios de los seguros de decesos en Aldaia.<\/p>\r\n<p>\r\n\r\n<\/p>\r\n<h3 class=\"wp-block-heading\"><span class=\"ez-toc-section\" id=\"%C2%BFCuanto_cuesta_un_seguro_de_decesos_en_Aldaia\"><\/span>\u00bfCu\u00e1nto cuesta un seguro de decesos en Aldaia?<span class=\"ez-toc-section-end\"><\/span><\/h3>\r\n<p>El precio del seguro de decesos en Aldaia se encuentra entorno a los 1,99\u20ac por mes si el asegurado est\u00e1 en buen estado de salud, es joven y contrata una oferta de iDecesos.<\/p>\r\n<p><\/div><\/div><\/div>\r\n<h2><span class=\"ez-toc-section\" id=\"Mejor_seguro_de_decesos_en_Aldaia\"><\/span>Mejor seguro de decesos en Aldaia<span class=\"ez-toc-section-end\"><\/span><\/h2>\r\n<p>\r\n\r\n<\/p>\r\n<p><strong>Para conseguir el coste de las mejores empresas aseguradoras de decesos en Aldaia,<\/strong> utiliza nuestro comparador, tienes a tu disposici\u00f3n diferentes primas y compa\u00f1\u00edas en Aldaia, generalmente prosiguen unos mismos patrones en las distintas<strong> aseguradoras que existen en Aldaia<\/strong>. Sin embargo, alg\u00fan g\u00e9nero de alteraci\u00f3n habr\u00e1 entre unas compa\u00f1\u00edas de seguros y otras. En concreto se mencionan en este art\u00edculo los distintos g\u00e9neros de seguros que nos ofrecen las principales empresas cooperadoras de iDeceos.com: Helvetia, Caser Seguros, Metr\u00f3polis y SegurCaixa Adeslas.<\/p>\r\n<p>\r\n\r\n<\/p>\r\n<div class=\"wp-block-columns is-layout-flex wp-container-core-columns-is-layout-9d6595d7 wp-block-columns-is-layout-flex\">\r\n<div class=\"wp-block-column is-layout-flow wp-block-column-is-layout-flow\" style=\"flex-basis: 33.33%;\">\r\n<div class=\"wp-block-image\">\r\n<figure class=\"aligncenter size-large\"><img decoding=\"async\" src=\"https:\/\/idecesos.com\/img\/decesos_helvetia_normal.png\" alt=\"\" \/><\/figure>\r\n<\/div>\r\n<\/div>\r\n\r\n\r\n\r\n<div class=\"wp-block-column is-layout-flow wp-block-column-is-layout-flow\" style=\"flex-basis: 66.66%;\">\r\n<p><strong>Seguro de decesos Helvetia Aldaia<\/strong>: es m\u00e1s que una p\u00f3liza, por el hecho de que aparte de incluir los servicios m\u00e1s b\u00e1sicos de asistencia por fallecimiento o bien sepelio, tambi\u00e9n incluyen otras coberturas auxiliares que garantizan la mejora de tu nivel de vida y del de tus allegados. <a href=\"https:\/\/idecesos.com\/seguros\/companias\/helvetia\/\">Leer m\u00e1s sobre Seguros de decesos Helvetia.<\/a><\/p>\r\n<p><\/p>\r\n<\/div>\r\n<\/div>\r\n<p>\r\n\r\n<\/p>\r\n<div class=\"wp-block-columns is-layout-flex wp-container-core-columns-is-layout-9d6595d7 wp-block-columns-is-layout-flex\">\r\n<div class=\"wp-block-column is-layout-flow wp-block-column-is-layout-flow\" style=\"flex-basis: 33.33%;\">\r\n<div class=\"wp-block-image\">\r\n<figure class=\"aligncenter size-large\"><img decoding=\"async\" src=\"https:\/\/idecesos.com\/img\/decesos_caser.png\" alt=\"\" \/><\/figure>\r\n<\/div>\r\n<\/div>\r\n\r\n\r\n\r\n<div class=\"wp-block-column is-layout-flow wp-block-column-is-layout-flow\" style=\"flex-basis: 66.66%;\">\r\n<p><strong>Seguro de decesos Caser Aldaia:<\/strong> gana tranquilidad, sabiendo que tu familia, en el instante en el que lo necesite, dispondr\u00e1 de un servicio integral de m\u00e1xima calidad. El Seguro de Decesos Confianza evita que tus familiares deban ocuparse, en un instante fr\u00e1gil, de la dif\u00edcil labor de tener que encargarse del sepelio. <a href=\"https:\/\/idecesos.com\/seguros\/companias\/caser\/\">Leer m\u00e1s sobre Seguros de decesos Caser.<\/a><\/p>\r\n<p>&nbsp;<\/p>\r\n<p><\/p>\r\n<\/div>\r\n<\/div>\r\n<p>\r\n\r\n<\/p>\r\n<div class=\"wp-block-columns is-layout-flex wp-container-core-columns-is-layout-9d6595d7 wp-block-columns-is-layout-flex\">\r\n<div class=\"wp-block-column is-layout-flow wp-block-column-is-layout-flow\" style=\"flex-basis: 33.33%;\">\r\n<div class=\"wp-block-image\">\r\n<figure class=\"aligncenter size-large\"><img decoding=\"async\" src=\"https:\/\/idecesos.com\/img\/decesos_adeslas.png\" alt=\"\" \/><\/figure>\r\n<\/div>\r\n<\/div>\r\n\r\n\r\n\r\n<div class=\"wp-block-column is-layout-flow wp-block-column-is-layout-flow\" style=\"flex-basis: 66.66%;\">\r\n<p><strong>Seguro de decesos Adeslas Aldaia:<\/strong> ofrece un seguro completo de decesos con el que, adem\u00e1s de esto, se pueden contratar interesantes coberturas adicionales. <a href=\"https:\/\/idecesos.com\/seguros\/companias\/adeslas\/\">Leer m\u00e1s sobre Seguros de decesos Adeslas.<\/a><\/p>\r\n<p><\/p>\r\n<\/div>\r\n<\/div>\r\n<p>\r\n\r\n<\/p>\r\n<div class=\"wp-block-columns is-layout-flex wp-container-core-columns-is-layout-9d6595d7 wp-block-columns-is-layout-flex\">\r\n<div class=\"wp-block-column is-layout-flow wp-block-column-is-layout-flow\" style=\"flex-basis: 33.33%;\">\r\n<div class=\"wp-block-image\">\r\n<figure class=\"aligncenter size-large\"><img decoding=\"async\" src=\"https:\/\/idecesos.com\/img\/decesos_asisa.png\" alt=\"\" \/><\/figure>\r\n<\/div>\r\n<\/div>\r\n\r\n\r\n\r\n<div class=\"wp-block-column is-layout-flow wp-block-column-is-layout-flow\" style=\"flex-basis: 66.66%;\">\r\n<p><strong>Seguro de decesos ASISA Aldaia:<\/strong> principal objetivo era facilitar el acceso a m\u00e9dicos por todo el pa\u00eds, es una de las compa\u00f1\u00edas que ofrece una red sanitaria m\u00e1s s\u00f3lida, con m\u00e1s de diez 000 profesionales de la medicina y sobre dos millones de asegurados. <a href=\"https:\/\/idecesos.com\/seguros\/companias\/asisa\/\">Leer m\u00e1s sobre Seguros de decesos Asisa.<\/a><\/p>\r\n<p>&nbsp;<\/p>\r\n<p><\/p>\r\n<\/div>\r\n<\/div>\r\n<p>\r\n\r\n<\/p>\r\n<div class=\"wp-block-columns is-layout-flex wp-container-core-columns-is-layout-9d6595d7 wp-block-columns-is-layout-flex\">\r\n<div class=\"wp-block-column is-layout-flow wp-block-column-is-layout-flow\" style=\"flex-basis: 33.33%;\">\r\n<div class=\"wp-block-image\">\r\n<figure class=\"aligncenter size-large\"><img decoding=\"async\" src=\"https:\/\/idecesos.com\/img\/decesos_santalucia.png\" alt=\"\" \/><\/figure>\r\n<\/div>\r\n<\/div>\r\n\r\n\r\n\r\n<div class=\"wp-block-column is-layout-flow wp-block-column-is-layout-flow\" style=\"flex-basis: 66.66%;\">\r\n<p><strong>Seguro de decesos SANTA LUCIA Aldaia:<\/strong> cuenta con la distinci\u00f3n de ser uno de los m\u00e1s antiguos de Espa\u00f1a. La compa\u00f1\u00eda de seguros centr\u00f3 su oferta en estos productos hasta los a\u00f1os sesenta. Transcurrido un tiempo, ha diversificado la cartera ofreciendo p\u00f3lizas adaptadas a cada etapa vital y situaci\u00f3n econ\u00f3mica y personal. <a href=\"https:\/\/idecesos.com\/seguros\/companias\/santa-lucia\/\">Leer m\u00e1s sobre Seguros de decesos Santa Lucia.<\/a><\/p>\r\n<p><\/p>\r\n<\/div>\r\n<\/div>\r\n<p>\r\n\r\n<\/p>\r\n<div class=\"wp-block-columns is-layout-flex wp-container-core-columns-is-layout-9d6595d7 wp-block-columns-is-layout-flex\">\r\n<div class=\"wp-block-column is-layout-flow wp-block-column-is-layout-flow\" style=\"flex-basis: 33.33%;\">\r\n<div class=\"wp-block-image\">\r\n<figure class=\"aligncenter size-large\"><img decoding=\"async\" src=\"https:\/\/idecesos.com\/img\/decesos_ocaso.png\" alt=\"\" \/><\/figure>\r\n<\/div>\r\n<\/div>\r\n\r\n\r\n\r\n<div class=\"wp-block-column is-layout-flow wp-block-column-is-layout-flow\" style=\"flex-basis: 66.66%;\">\r\n<p><strong>Seguro de decesos OCASO Aldaia:<\/strong> est\u00e1n orientados al perfil, ya sea porque ciertos est\u00e1n m\u00e1s dirigidos a familias al paso que otros a la edad, siendo la novedad, Oro Senior, para mayores de 71 a\u00f1os, el que les hace resaltar frente a la competencia. <a href=\"https:\/\/idecesos.com\/seguros\/companias\/ocaso\/\">Leer m\u00e1s sobre Seguros de decesos Ocaso.<\/a><\/p>\r\n<\/div>\r\n<\/div>\r\n<p>\r\n\r\n<\/p>\r\n<div class=\"wp-block-columns is-layout-flex wp-container-core-columns-is-layout-9d6595d7 wp-block-columns-is-layout-flex\">\r\n<div class=\"wp-block-column is-layout-flow wp-block-column-is-layout-flow\" style=\"flex-basis: 33.33%;\">\r\n<div class=\"wp-block-image\">\r\n<figure class=\"aligncenter size-large\"><img decoding=\"async\" src=\"https:\/\/idecesos.com\/img\/decesos_fiatc.png\" alt=\"\" \/><\/figure>\r\n<\/div>\r\n<\/div>\r\n\r\n\r\n\r\n<div class=\"wp-block-column is-layout-flow wp-block-column-is-layout-flow\" style=\"flex-basis: 66.66%;\">\r\n<p><strong>Seguro de decesos Fiatc Aldaia: <\/strong>Fiatc seguros y reaseguros es su denominaci\u00f3n principal, y cubre m\u00faltiples ramas de los seguros, como los seguros de decesos o seguros de coche. Con sede en Barna trabaja en todo el territorio nacional. <a href=\"https:\/\/idecesos.com\/seguros\/companias\/fiatc\/\">Leer m\u00e1s sobre Seguros de decesos Fiatc.<\/a><\/p>\r\n<\/div>\r\n<\/div>\r\n<p>\r\n\r\n<\/p>\r\n<div class=\"wp-block-columns is-layout-flex wp-container-core-columns-is-layout-9d6595d7 wp-block-columns-is-layout-flex\">\r\n<div class=\"wp-block-column is-layout-flow wp-block-column-is-layout-flow\" style=\"flex-basis: 33.33%;\">\r\n<div class=\"wp-block-image\">\r\n<figure class=\"aligncenter size-large\"><img decoding=\"async\" src=\"https:\/\/idecesos.com\/img\/decesos_dkv.jpg\" alt=\"\" \/><\/figure>\r\n<\/div>\r\n<\/div>\r\n\r\n\r\n\r\n<div class=\"wp-block-column is-layout-flow wp-block-column-is-layout-flow\" style=\"flex-basis: 66.66%;\">\r\n<p><strong>Seguro de decesos DKV Aldaia: <\/strong>Una compa\u00f1\u00eda con m\u00e1s de ciento treinta a\u00f1os de historia y que cuenta con un seguro de decesos complet\u00edsimo llamado plan familiar, que no solo cubre en el caso de fallecimiento si no que adem\u00e1s de esto ofrece servicios a\u00f1adidos. <a href=\"https:\/\/idecesos.com\/seguros\/companias\/dkv\/\">Leer m\u00e1s sobre Seguros de decesos DKV.<\/a><\/p>\r\n<\/div>\r\n<\/div>\r\n<p>\r\n\r\n<\/p>\r\n<div class=\"colorf\"><div class=\"container clearfix\"><div class=\"col-md-7\">\r\n<h2 class=\"wp-block-heading\"><span class=\"ez-toc-section\" id=\"Mapa_seguros_de_decesos_Aldaia\"><\/span>Mapa seguros de decesos Aldaia<span class=\"ez-toc-section-end\"><\/span><\/h2>\r\n<p><iframe class=\"page-generator-pro-map\" width=\"100%\" height=\"450\" frameborder=\"0\" style=\"border:0\" src=\"https:\/\/www.google.com\/maps\/embed\/v1\/place?q=Aldaia%2C+espa%C3%B1a&#038;zoom=12&#038;maptype=roadmap&#038;key=AIzaSyCNTEOso0tZG6YMSJFoaJEY5Th1stEWrJI\" allowfullscreen><\/iframe><br \/>\r\n\r\n<\/p>\r\n<\/div><\/div><\/div><div class=\"oficinas\"><h3 class=\"wp-block-heading\"><span class=\"ez-toc-section\" id=\"Otras_ciudades_cercanas_donde_trabajamos\"><\/span>Otras ciudades cercanas donde trabajamos<span class=\"ez-toc-section-end\"><\/span><\/h3>\r\n<p>\r\n\r\n<\/p>\r\n<div class=\"enlazado\"><ul><li><a href=\"https:\/\/idecesos.com\/seguros\/ciudades\/valencia\/alzira\/\"><span>Seguro decesos Alzira<\/span><\/a><\/li><li><a href=\"https:\/\/idecesos.com\/seguros\/ciudades\/valencia\/burjassot\/\"><span>Seguro decesos Burjassot<\/span><\/a><\/li><li><a href=\"https:\/\/idecesos.com\/seguros\/ciudades\/valencia\/gandia\/\"><span>Seguro decesos Gandia<\/span><\/a><\/li><li><a href=\"https:\/\/idecesos.com\/seguros\/ciudades\/valencia\/manises\/\"><span>Seguro decesos Manises<\/span><\/a><\/li><li><a href=\"https:\/\/idecesos.com\/seguros\/ciudades\/valencia\/mislata\/\"><span>Seguro decesos Mislata<\/span><\/a><\/li><li><a href=\"https:\/\/idecesos.com\/seguros\/ciudades\/valencia\/ontinyent\/\"><span>Seguro decesos Ontinyent<\/span><\/a><\/li><li><a href=\"https:\/\/idecesos.com\/seguros\/ciudades\/valencia\/paterna\/\"><span>Seguro decesos Paterna<\/span><\/a><\/li><li><a href=\"https:\/\/idecesos.com\/seguros\/ciudades\/valencia\/sagunto\/\"><span>Seguro decesos Sagunto<\/span><\/a><\/li><li><a href=\"https:\/\/idecesos.com\/seguros\/ciudades\/valencia\/torrent\/\"><span>Seguro decesos Torrent<\/span><\/a><\/li><\/ul><\/div>\r\n<p><\/p><\/div>","protected":false},"excerpt":{"rendered":"<p>Aldaia es una de las provincias donde una enorme capilaridad del seguro de decesos, teniendo en cuenta que m\u00e1s o menos en Espa\u00f1a el 50 por ciento de los habitantes tiene una p\u00f3liza. La localidad donde vaya a ser contratada la p\u00f3liza de seguros es esencial debido a que va a condicionar el precio de&hellip; <\/p>\n","protected":false},"author":3,"featured_media":0,"parent":154,"menu_order":0,"comment_status":"closed","ping_status":"closed","template":"single.php","meta":{"footnotes":""},"class_list":["post-16593","page","type-page","status-publish","hentry"],"yoast_head":"<!-- This site is optimized with the Yoast SEO plugin v27.3 - https:\/\/yoast.com\/product\/yoast-seo-wordpress\/ -->\n<title>N\u00ba1 Seguro Decesos Aldaia \u25b7Mejores Precios y Coberturas<\/title>\n<meta name=\"description\" content=\"Compara ahora\u3010Seguro decesos Aldaia\u2b50Coberturas, precios y descuentos para Madrid actualizadas en 2026.\" \/>\n<meta name=\"robots\" content=\"index, follow, max-snippet:-1, max-image-preview:large, max-video-preview:-1\" \/>\n<link rel=\"canonical\" href=\"https:\/\/idecesos.com\/seguros\/ciudades\/valencia\/aldaia\/\" \/>\n<meta property=\"og:locale\" content=\"es_ES\" \/>\n<meta property=\"og:type\" content=\"article\" \/>\n<meta property=\"og:title\" content=\"N\u00ba1 Seguro Decesos Aldaia \u25b7Mejores Precios y Coberturas\" \/>\n<meta property=\"og:description\" content=\"Compara ahora\u3010Seguro decesos Aldaia\u2b50Coberturas, precios y descuentos para Madrid actualizadas en 2026.\" \/>\n<meta property=\"og:url\" content=\"https:\/\/idecesos.com\/seguros\/ciudades\/valencia\/aldaia\/\" \/>\n<meta property=\"article:modified_time\" content=\"2022-01-03T12:31:53+00:00\" \/>\n<meta property=\"og:image\" content=\"https:\/\/idecesos.com\/img\/decesos_helvetia_normal.png\" \/>\n<meta name=\"twitter:card\" content=\"summary_large_image\" \/>\n<meta name=\"twitter:label1\" content=\"Tiempo de lectura\" \/>\n\t<meta name=\"twitter:data1\" content=\"21 minutos\" \/>\n<script type=\"application\/ld+json\" class=\"yoast-schema-graph\">{\"@context\":\"https:\\\/\\\/schema.org\",\"@graph\":[{\"@type\":\"WebPage\",\"@id\":\"https:\\\/\\\/idecesos.com\\\/seguros\\\/ciudades\\\/valencia\\\/aldaia\\\/\",\"url\":\"https:\\\/\\\/idecesos.com\\\/seguros\\\/ciudades\\\/valencia\\\/aldaia\\\/\",\"name\":\"N\u00ba1 Seguro Decesos Aldaia \u25b7Mejores Precios y Coberturas\",\"isPartOf\":{\"@id\":\"https:\\\/\\\/idecesos.com\\\/seguros\\\/#website\"},\"primaryImageOfPage\":{\"@id\":\"https:\\\/\\\/idecesos.com\\\/seguros\\\/ciudades\\\/valencia\\\/aldaia\\\/#primaryimage\"},\"image\":{\"@id\":\"https:\\\/\\\/idecesos.com\\\/seguros\\\/ciudades\\\/valencia\\\/aldaia\\\/#primaryimage\"},\"thumbnailUrl\":\"https:\\\/\\\/idecesos.com\\\/img\\\/decesos_helvetia_normal.png\",\"datePublished\":\"2021-12-05T13:35:39+00:00\",\"dateModified\":\"2022-01-03T12:31:53+00:00\",\"description\":\"Compara ahora\u3010Seguro decesos Aldaia\u2b50Coberturas, precios y descuentos para Madrid actualizadas en 2026.\",\"breadcrumb\":{\"@id\":\"https:\\\/\\\/idecesos.com\\\/seguros\\\/ciudades\\\/valencia\\\/aldaia\\\/#breadcrumb\"},\"inLanguage\":\"es\",\"potentialAction\":[{\"@type\":\"ReadAction\",\"target\":[\"https:\\\/\\\/idecesos.com\\\/seguros\\\/ciudades\\\/valencia\\\/aldaia\\\/\"]}]},{\"@type\":\"ImageObject\",\"inLanguage\":\"es\",\"@id\":\"https:\\\/\\\/idecesos.com\\\/seguros\\\/ciudades\\\/valencia\\\/aldaia\\\/#primaryimage\",\"url\":\"https:\\\/\\\/idecesos.com\\\/img\\\/decesos_helvetia_normal.png\",\"contentUrl\":\"https:\\\/\\\/idecesos.com\\\/img\\\/decesos_helvetia_normal.png\"},{\"@type\":\"BreadcrumbList\",\"@id\":\"https:\\\/\\\/idecesos.com\\\/seguros\\\/ciudades\\\/valencia\\\/aldaia\\\/#breadcrumb\",\"itemListElement\":[{\"@type\":\"ListItem\",\"position\":1,\"name\":\"Portada\",\"item\":\"https:\\\/\\\/idecesos.com\\\/seguros\\\/\"},{\"@type\":\"ListItem\",\"position\":2,\"name\":\"Seguro de Decesos Espa\u00f1a\",\"item\":\"https:\\\/\\\/idecesos.com\\\/seguros\\\/ciudades\\\/\"},{\"@type\":\"ListItem\",\"position\":3,\"name\":\"Seguro Decesos Valencia\",\"item\":\"https:\\\/\\\/idecesos.com\\\/seguros\\\/ciudades\\\/valencia\\\/\"},{\"@type\":\"ListItem\",\"position\":4,\"name\":\"Seguro decesos Aldaia\"}]},{\"@type\":\"WebSite\",\"@id\":\"https:\\\/\\\/idecesos.com\\\/seguros\\\/#website\",\"url\":\"https:\\\/\\\/idecesos.com\\\/seguros\\\/\",\"name\":\"\",\"description\":\"\",\"potentialAction\":[{\"@type\":\"SearchAction\",\"target\":{\"@type\":\"EntryPoint\",\"urlTemplate\":\"https:\\\/\\\/idecesos.com\\\/seguros\\\/?s={search_term_string}\"},\"query-input\":{\"@type\":\"PropertyValueSpecification\",\"valueRequired\":true,\"valueName\":\"search_term_string\"}}],\"inLanguage\":\"es\"}]}<\/script>\n<!-- \/ Yoast SEO plugin. -->","yoast_head_json":{"title":"N\u00ba1 Seguro Decesos Aldaia \u25b7Mejores Precios y Coberturas","description":"Compara ahora\u3010Seguro decesos Aldaia\u2b50Coberturas, precios y descuentos para Madrid actualizadas en 2026.","robots":{"index":"index","follow":"follow","max-snippet":"max-snippet:-1","max-image-preview":"max-image-preview:large","max-video-preview":"max-video-preview:-1"},"canonical":"https:\/\/idecesos.com\/seguros\/ciudades\/valencia\/aldaia\/","og_locale":"es_ES","og_type":"article","og_title":"N\u00ba1 Seguro Decesos Aldaia \u25b7Mejores Precios y Coberturas","og_description":"Compara ahora\u3010Seguro decesos Aldaia\u2b50Coberturas, precios y descuentos para Madrid actualizadas en 2026.","og_url":"https:\/\/idecesos.com\/seguros\/ciudades\/valencia\/aldaia\/","article_modified_time":"2022-01-03T12:31:53+00:00","og_image":[{"url":"https:\/\/idecesos.com\/img\/decesos_helvetia_normal.png","type":"","width":"","height":""}],"twitter_card":"summary_large_image","twitter_misc":{"Tiempo de lectura":"21 minutos"},"schema":{"@context":"https:\/\/schema.org","@graph":[{"@type":"WebPage","@id":"https:\/\/idecesos.com\/seguros\/ciudades\/valencia\/aldaia\/","url":"https:\/\/idecesos.com\/seguros\/ciudades\/valencia\/aldaia\/","name":"N\u00ba1 Seguro Decesos Aldaia \u25b7Mejores Precios y Coberturas","isPartOf":{"@id":"https:\/\/idecesos.com\/seguros\/#website"},"primaryImageOfPage":{"@id":"https:\/\/idecesos.com\/seguros\/ciudades\/valencia\/aldaia\/#primaryimage"},"image":{"@id":"https:\/\/idecesos.com\/seguros\/ciudades\/valencia\/aldaia\/#primaryimage"},"thumbnailUrl":"https:\/\/idecesos.com\/img\/decesos_helvetia_normal.png","datePublished":"2021-12-05T13:35:39+00:00","dateModified":"2022-01-03T12:31:53+00:00","description":"Compara ahora\u3010Seguro decesos Aldaia\u2b50Coberturas, precios y descuentos para Madrid actualizadas en 2026.","breadcrumb":{"@id":"https:\/\/idecesos.com\/seguros\/ciudades\/valencia\/aldaia\/#breadcrumb"},"inLanguage":"es","potentialAction":[{"@type":"ReadAction","target":["https:\/\/idecesos.com\/seguros\/ciudades\/valencia\/aldaia\/"]}]},{"@type":"ImageObject","inLanguage":"es","@id":"https:\/\/idecesos.com\/seguros\/ciudades\/valencia\/aldaia\/#primaryimage","url":"https:\/\/idecesos.com\/img\/decesos_helvetia_normal.png","contentUrl":"https:\/\/idecesos.com\/img\/decesos_helvetia_normal.png"},{"@type":"BreadcrumbList","@id":"https:\/\/idecesos.com\/seguros\/ciudades\/valencia\/aldaia\/#breadcrumb","itemListElement":[{"@type":"ListItem","position":1,"name":"Portada","item":"https:\/\/idecesos.com\/seguros\/"},{"@type":"ListItem","position":2,"name":"Seguro de Decesos Espa\u00f1a","item":"https:\/\/idecesos.com\/seguros\/ciudades\/"},{"@type":"ListItem","position":3,"name":"Seguro Decesos Valencia","item":"https:\/\/idecesos.com\/seguros\/ciudades\/valencia\/"},{"@type":"ListItem","position":4,"name":"Seguro decesos Aldaia"}]},{"@type":"WebSite","@id":"https:\/\/idecesos.com\/seguros\/#website","url":"https:\/\/idecesos.com\/seguros\/","name":"","description":"","potentialAction":[{"@type":"SearchAction","target":{"@type":"EntryPoint","urlTemplate":"https:\/\/idecesos.com\/seguros\/?s={search_term_string}"},"query-input":{"@type":"PropertyValueSpecification","valueRequired":true,"valueName":"search_term_string"}}],"inLanguage":"es"}]}},"_links":{"self":[{"href":"https:\/\/idecesos.com\/seguros\/wp-json\/wp\/v2\/pages\/16593","targetHints":{"allow":["GET"]}}],"collection":[{"href":"https:\/\/idecesos.com\/seguros\/wp-json\/wp\/v2\/pages"}],"about":[{"href":"https:\/\/idecesos.com\/seguros\/wp-json\/wp\/v2\/types\/page"}],"author":[{"embeddable":true,"href":"https:\/\/idecesos.com\/seguros\/wp-json\/wp\/v2\/users\/3"}],"replies":[{"embeddable":true,"href":"https:\/\/idecesos.com\/seguros\/wp-json\/wp\/v2\/comments?post=16593"}],"version-history":[{"count":1,"href":"https:\/\/idecesos.com\/seguros\/wp-json\/wp\/v2\/pages\/16593\/revisions"}],"predecessor-version":[{"id":18457,"href":"https:\/\/idecesos.com\/seguros\/wp-json\/wp\/v2\/pages\/16593\/revisions\/18457"}],"up":[{"embeddable":true,"href":"https:\/\/idecesos.com\/seguros\/wp-json\/wp\/v2\/pages\/154"}],"wp:attachment":[{"href":"https:\/\/idecesos.com\/seguros\/wp-json\/wp\/v2\/media?parent=16593"}],"curies":[{"name":"wp","href":"https:\/\/api.w.org\/{rel}","templated":true}]}}