{"id":16615,"date":"2021-12-05T16:42:02","date_gmt":"2021-12-05T16:42:02","guid":{"rendered":"https:\/\/idecesos.com\/seguros\/companias\/sanitas\/repatriacion\/"},"modified":"2022-01-03T12:31:45","modified_gmt":"2022-01-03T12:31:45","slug":"repatriacion","status":"publish","type":"page","link":"https:\/\/idecesos.com\/seguros\/companias\/sanitas\/repatriacion\/","title":{"rendered":"Seguro de decesos Sanitas con repatriaci\u00f3n"},"content":{"rendered":"<div id=\"ez-toc-container\" class=\"ez-toc-v2_0_82_2 ez-toc-wrap-center counter-hierarchy ez-toc-counter ez-toc-custom ez-toc-container-direction\">\n<div class=\"ez-toc-title-container\">\n<p class=\"ez-toc-title\" style=\"cursor:inherit\">Tabla de Contenido<\/p>\n<span class=\"ez-toc-title-toggle\"><a href=\"#\" class=\"ez-toc-pull-right ez-toc-btn ez-toc-btn-xs ez-toc-btn-default ez-toc-toggle\" aria-label=\"Alternar tabla de contenidos\"><span class=\"ez-toc-js-icon-con\"><span class=\"\"><span class=\"eztoc-hide\" style=\"display:none;\">Toggle<\/span><span class=\"ez-toc-icon-toggle-span\"><svg style=\"fill: #db6415;color:#db6415\" xmlns=\"http:\/\/www.w3.org\/2000\/svg\" class=\"list-377408\" width=\"20px\" height=\"20px\" viewBox=\"0 0 24 24\" fill=\"none\"><path d=\"M6 6H4v2h2V6zm14 0H8v2h12V6zM4 11h2v2H4v-2zm16 0H8v2h12v-2zM4 16h2v2H4v-2zm16 0H8v2h12v-2z\" fill=\"currentColor\"><\/path><\/svg><svg style=\"fill: #db6415;color:#db6415\" class=\"arrow-unsorted-368013\" xmlns=\"http:\/\/www.w3.org\/2000\/svg\" width=\"10px\" height=\"10px\" viewBox=\"0 0 24 24\" version=\"1.2\" baseProfile=\"tiny\"><path d=\"M18.2 9.3l-6.2-6.3-6.2 6.3c-.2.2-.3.4-.3.7s.1.5.3.7c.2.2.4.3.7.3h11c.3 0 .5-.1.7-.3.2-.2.3-.5.3-.7s-.1-.5-.3-.7zM5.8 14.7l6.2 6.3 6.2-6.3c.2-.2.3-.5.3-.7s-.1-.5-.3-.7c-.2-.2-.4-.3-.7-.3h-11c-.3 0-.5.1-.7.3-.2.2-.3.5-.3.7s.1.5.3.7z\"\/><\/svg><\/span><\/span><\/span><\/a><\/span><\/div>\n<nav><ul class='ez-toc-list ez-toc-list-level-1 ' ><li class='ez-toc-page-1 ez-toc-heading-level-2'><a class=\"ez-toc-link ez-toc-heading-1\" href=\"https:\/\/idecesos.com\/seguros\/companias\/sanitas\/repatriacion\/#Coberturas_seguro_Sanitas_con_repatriacion\" >Coberturas seguro Sanitas con repatriaci\u00f3n<\/a><ul class='ez-toc-list-level-3' ><li class='ez-toc-heading-level-3'><a class=\"ez-toc-link ez-toc-heading-2\" href=\"https:\/\/idecesos.com\/seguros\/companias\/sanitas\/repatriacion\/#%C2%BFA_quien_va_dirigido_el_seguro_de_decesos_con_repatriacion_de_Sanitas\" >\u00bfA qui\u00e9n va dirigido el seguro de decesos con repatriaci\u00f3n de Sanitas?<\/a><\/li><\/ul><\/li><li class='ez-toc-page-1 ez-toc-heading-level-2'><a class=\"ez-toc-link ez-toc-heading-3\" href=\"https:\/\/idecesos.com\/seguros\/companias\/sanitas\/repatriacion\/#Precio_de_seguro_de_decesos_Sanitas_con_repatriacion\" >Precio de seguro de decesos Sanitas con repatriaci\u00f3n<\/a><\/li><li class='ez-toc-page-1 ez-toc-heading-level-2'><a class=\"ez-toc-link ez-toc-heading-4\" href=\"https:\/\/idecesos.com\/seguros\/companias\/sanitas\/repatriacion\/#Productos_Repatriacion_Sanitas\" >Productos Repatriaci\u00f3n Sanitas<\/a><\/li><li class='ez-toc-page-1 ez-toc-heading-level-2'><a class=\"ez-toc-link ez-toc-heading-5\" href=\"https:\/\/idecesos.com\/seguros\/companias\/sanitas\/repatriacion\/#Opiniones_del_seguro_de_decesos_de_Repatriacion_de_Sanitas\" >Opiniones del seguro de decesos de Repatriaci\u00f3n de Sanitas<\/a><ul class='ez-toc-list-level-3' ><li class='ez-toc-heading-level-3'><a class=\"ez-toc-link ez-toc-heading-6\" href=\"https:\/\/idecesos.com\/seguros\/companias\/sanitas\/repatriacion\/#Paginas_relacionadas\" >P\u00e1ginas relacionadas<\/a><\/li><\/ul><\/li><\/ul><\/nav><\/div>\n\n<p>Teniendo en cuenta sus coberturas m\u00e1s f\u00e1ciles hay que tener en cuenta que el seguro de repatriaci\u00f3n de Sanitas cuenta con las coberturas complementarias. Se puede destacar que en estos \u00faltimos a\u00f1os bastantes personas han decidido dejar su lugar donde originalmente viven, para residir dentro de Espa\u00f1a. Con lo que es uno de los grandes pa\u00edses en acoger extranjeros como es el caso de Marruecos con una cifra de 711792. Adelantarse al futuro es complicado, mas es verdad que se puede prevenir algunas circunstancias, donde facilitaremos muchos inconvenientes a vuestros familiares. Si bien este seguro adem\u00e1s de poder asegurar a los inmigrantes le garantizan un servicio de repatriaci\u00f3n de forma inmediata dentro de lo posible. <\/p>\n<p>Leer m\u00e1s: <a href=\"https:\/\/idecesos.com\/seguros\/tipo\/extranjeros-repatriacion\/\">Seguro de decesos con repatriaci\u00f3n<\/a><\/p>\n<div class=\"colorf \"  ><div class=\"container clearfix\"><div class=\"col-md-7\"><\/p>\n<h2><span class=\"ez-toc-section\" id=\"Coberturas_seguro_Sanitas_con_repatriacion\"><\/span>Coberturas seguro Sanitas con repatriaci\u00f3n<span class=\"ez-toc-section-end\"><\/span><\/h2>\n<p>Te nombramos algunas de las coberturas que quedan incluidas dentro del seguro de repatriaci\u00f3n de Sanitas, elecci\u00f3n libre del camposanto o incineraci\u00f3n, asistencia de viaje, administraci\u00f3n de tramitacion de documentacion, sin importar un m\u00ednimo donde te encuentres. En la p\u00f3liza del contrato van a venir de manera todas las peculiaridades que contempla de forma m\u00e1s definida y amplia. <\/p>\n<p><\/div><\/div><\/div>\n<h3><span class=\"ez-toc-section\" id=\"%C2%BFA_quien_va_dirigido_el_seguro_de_decesos_con_repatriacion_de_Sanitas\"><\/span>\u00bfA qui\u00e9n va dirigido el seguro de decesos con repatriaci\u00f3n de Sanitas?<span class=\"ez-toc-section-end\"><\/span><\/h3>\n<p>M\u00e1s de una vez te habr\u00e1s preguntado qu\u00e9 sucede si falleces en cualquier parte del mundo, pues te aseguramos que gracias a sus coberturas van a quedar todo cubierto, d\u00e1ndote la cobertura de llevar tu cuerpo al pa\u00eds de origen. Todo eso va incluido en el seguro de decesos de repatriaci\u00f3n de Sanitas. Lo mejor de todo es la garant\u00eda que te da con la cobertura, es la que cualquier gastos va a quedar de manera cubierta, se valorar\u00e1 donde resida la persona fallecida. Cada informaci\u00f3n de relevancia quedar\u00e1 dentro de la p\u00f3liza del seguro. <\/p>\n<div class=\"colorf \"  ><div class=\"container clearfix\"><div class=\"col-md-7\"><\/p>\n<h2><span class=\"ez-toc-section\" id=\"Precio_de_seguro_de_decesos_Sanitas_con_repatriacion\"><\/span>Precio de seguro de decesos Sanitas con repatriaci\u00f3n<span class=\"ez-toc-section-end\"><\/span><\/h2>\n<p>El precio de seguro de decesos repatriaci\u00f3n de la Sanitas es desde 3 euros en dependencia de la prima que has escogido y est\u00e1 dirigida a alguien en cualquier pa\u00eds del mundo, que se halla en Espa\u00f1a, y por una raz\u00f3n por la que le gustar\u00eda regresar despu\u00e9s de la muerte en su pa\u00eds de origen, con todo este proceso, no correr\u00e1 con los gastos exageradamente altos y tampoco los miembros de su familia. Las cl\u00e1usulas que debes de tener en consideraci\u00f3n es la que dan garant\u00eda del precio, en el momento que muere el asegurado, tal y como si se halla fuera de su pa\u00eds de origen o no. Una de las comodidades que te dan es la poder tener diferentes modalidades de pago, que a la larga facilitan muchos inconvenientes. <\/p>\n<p><\/div><\/div><\/div>\n<h2><span class=\"ez-toc-section\" id=\"Productos_Repatriacion_Sanitas\"><\/span>Productos Repatriaci\u00f3n Sanitas<span class=\"ez-toc-section-end\"><\/span><\/h2>\n<div class=\"colorf\"><div class=\"container clearfix\"><div class=\"col-md-7\"><div class=\"opiniones\">\n<h2><span class=\"ez-toc-section\" id=\"Opiniones_del_seguro_de_decesos_de_Repatriacion_de_Sanitas\"><\/span>Opiniones del seguro de decesos de Repatriaci\u00f3n de Sanitas<span class=\"ez-toc-section-end\"><\/span><\/h2>\n<p>&nbsp;<\/p>\n<div class=\"opinion \"  >\n\t\t\t<div class=\"cabecera_opinion\">\n\t\t\t\t<div class=\"avatar\">J M <\/div>\n\t\t\t\t<div class=\"datos_opinion\">\n\t\t\t\t\t<div class=\"nombre_opinion\">Jacobo Medina<\/div>\n\t\t\t\t\t<div class=\"info_opinion\">\t\t\t\t\t\t\n\t\t\t\t\t\t<div class=\"cuenta_opinion\"><i class=\"fas fa-pencil-alt\"><\/i><!--span class=\"dashicons dashicons-edit\" style=\"font-size:20px\"><\/span--><span>1 Opini\u00f3n<\/span><\/div>\t\t\t\t\t\t\n\t\t\t\t\t\t<div class=\"localizacion_opinion\">\n\t\t\t\t\t\t\t<i class=\"fas fa-map-marker-alt\"><\/i><!--span class=\"dashicons dashicons-location\" style=\"font-size:20px\"><\/span-->\n\t\t\t\t\t\t\t<span>ES<\/span>\n\t\t\t\t\t\t<\/div>\t\n\t\t\t\t\t<\/div>\n\t\t\t\t<\/div>\n\t\t\t<\/div><div class=\"texto_opinion\"><\/p>\n<p>Para las personas que tengas ciertas dudas, de verdad que os lo recomiendo porque aparte de gestionar todos los tr\u00e1mites, cuando ocurre el fallecimiento de ese ser querido, nos lo hacen mucho m\u00e1s simple, recib\u00ed un servicio estupendo de la mano de los mejores, lo recomiendo siempre y en todo momento. No ocurri\u00f3 ninguna mala gesti\u00f3n o bien problemas, con lo que nos resguardaron en todo momento.<\/p>\n<p><\/div><\/div>\n<div class=\"opinion \"  >\n\t\t\t<div class=\"cabecera_opinion\">\n\t\t\t\t<div class=\"avatar\">R D Z <\/div>\n\t\t\t\t<div class=\"datos_opinion\">\n\t\t\t\t\t<div class=\"nombre_opinion\">Renato de Zabaleta<\/div>\n\t\t\t\t\t<div class=\"info_opinion\">\t\t\t\t\t\t\n\t\t\t\t\t\t<div class=\"cuenta_opinion\"><i class=\"fas fa-pencil-alt\"><\/i><!--span class=\"dashicons dashicons-edit\" style=\"font-size:20px\"><\/span--><span>1 Opini\u00f3n<\/span><\/div>\t\t\t\t\t\t\n\t\t\t\t\t\t<div class=\"localizacion_opinion\">\n\t\t\t\t\t\t\t<i class=\"fas fa-map-marker-alt\"><\/i><!--span class=\"dashicons dashicons-location\" style=\"font-size:20px\"><\/span-->\n\t\t\t\t\t\t\t<span>ES<\/span>\n\t\t\t\t\t\t<\/div>\t\n\t\t\t\t\t<\/div>\n\t\t\t\t<\/div>\n\t\t\t<\/div><div class=\"texto_opinion\"><\/p>\n<p>Llevo con esta compa\u00f1\u00eda de seguros m\u00e1s de 15 a\u00f1os, mis padres ya lo ten\u00edan desde el momento en que eran j\u00f3venes, pr\u00e1cticamente toda mi familia lo ten\u00eda, sin embargo en un d\u00eda poco afortunado falleci\u00f3 mi hermano siendo una de las p\u00e9rdidas m\u00e1s grande en mi familia, o sea de los peores instantes para todos, nos pill\u00f3 por sorpresa a todos, mas he decir que gracias a tener el seguro de decesos contratado, la compa\u00f1\u00eda se encarg\u00f3 de todo a lo largo de esa transici\u00f3n tan dura, adem\u00e1s de que nuestra psique estaba en otro parte, nos hubiera resultado bastante dif\u00edcil sin su ayuda, quedo todos y cada uno de los gastos de sepelio cubierto, gracias a las sesiones psicol\u00f3gicas que aportan, conseguimos mejorar, estoy agradecida por el servicio que nos dieron, as\u00ed como la calidad reciba.<\/p>\n<p><\/div><\/div>\n<div class=\"opinion \"  >\n\t\t\t<div class=\"cabecera_opinion\">\n\t\t\t\t<div class=\"avatar\">C M <\/div>\n\t\t\t\t<div class=\"datos_opinion\">\n\t\t\t\t\t<div class=\"nombre_opinion\">Carmelo Miranda<\/div>\n\t\t\t\t\t<div class=\"info_opinion\">\t\t\t\t\t\t\n\t\t\t\t\t\t<div class=\"cuenta_opinion\"><i class=\"fas fa-pencil-alt\"><\/i><!--span class=\"dashicons dashicons-edit\" style=\"font-size:20px\"><\/span--><span>1 Opini\u00f3n<\/span><\/div>\t\t\t\t\t\t\n\t\t\t\t\t\t<div class=\"localizacion_opinion\">\n\t\t\t\t\t\t\t<i class=\"fas fa-map-marker-alt\"><\/i><!--span class=\"dashicons dashicons-location\" style=\"font-size:20px\"><\/span-->\n\t\t\t\t\t\t\t<span>ES<\/span>\n\t\t\t\t\t\t<\/div>\t\n\t\t\t\t\t<\/div>\n\t\t\t\t<\/div>\n\t\t\t<\/div><div class=\"texto_opinion\"><\/p>\n<p>Estuvimos inform\u00e1ndonos durante bastante tiempo en tanto que nuestra sobrina se iba a ir a extranjero a estudiar, por lo que nos aconsejaron efectuar la contrataci\u00f3n de esta p\u00f3liza, con lo que nos aseguramos de hacerlo de este modo pues nunca se sabe que puede llegar en el futuro, pero as\u00ed nos aseguramos de cualquier incidente del que no podamos hacer frente si llegase a suceder algo. En el momento en que realizamos esto, nos quedamos todos m\u00e1s tranquilos y quedando asegura mi sobrina para cualquier incidencia.<\/p>\n<p><\/div><\/div>\n<\/div><\/div><\/div><\/div>\n<p><div class=\"oficinas\"><br \/>\n<h3><span class=\"ez-toc-section\" id=\"Paginas_relacionadas\"><\/span>P\u00e1ginas relacionadas<span class=\"ez-toc-section-end\"><\/span><\/h3><div class=\"enlazado\"><ul> <li><a href=\"https:\/\/idecesos.com\/seguros\/companias\/sanitas\/opiniones\/\">Opiniones Sanitas<\/a><\/li> <li><a href=\"https:\/\/idecesos.com\/seguros\/companias\/sanitas\/precio\/\">Precio seguro Sanitas<\/a><\/li> <li><a href=\"https:\/\/idecesos.com\/seguros\/companias\/sanitas\/prima-mixta\/\">Sanitas Prima Mixta<\/a><\/li> <li><a href=\"https:\/\/idecesos.com\/seguros\/companias\/sanitas\/prima-natural\/\">Sanitas Prima Natural<\/a><\/li> <li><a href=\"https:\/\/idecesos.com\/seguros\/companias\/sanitas\/prima-nivelada\/\">Sanitas Prima Nivelada<\/a><\/li> <li><a href=\"https:\/\/idecesos.com\/seguros\/companias\/sanitas\/prima-unica\/\">Sanitas Prima \u00danica<\/a><\/li> <li><a href=\"https:\/\/idecesos.com\/seguros\/companias\/sanitas\/repatriacion\/\">Sanitas Repatriaci\u00f3n<\/a><\/li> <li><a href=\"https:\/\/idecesos.com\/seguros\/companias\/sanitas\/telefono\/\">Tel\u00e9fono Gratuito Sanitas<\/a><\/li><\/ul><\/div><\/p>\n<\/div>\n","protected":false},"excerpt":{"rendered":"<p>Teniendo en cuenta sus coberturas m\u00e1s f\u00e1ciles hay que tener en cuenta que el seguro de repatriaci\u00f3n de Sanitas cuenta con las coberturas complementarias. Se puede destacar que en estos \u00faltimos a\u00f1os bastantes personas han decidido dejar su lugar donde originalmente viven, para residir dentro de Espa\u00f1a. Con lo que es uno de los grandes&hellip; <\/p>\n","protected":false},"author":3,"featured_media":0,"parent":16262,"menu_order":0,"comment_status":"closed","ping_status":"closed","template":"single.php","meta":{"footnotes":""},"class_list":["post-16615","page","type-page","status-publish","hentry"],"yoast_head":"<!-- This site is optimized with the Yoast SEO plugin v27.3 - https:\/\/yoast.com\/product\/yoast-seo-wordpress\/ -->\n<title>Seguro Decesos Sanitas Repatriaci\u00f3n \u25b7 Opiniones y Precio 2026<\/title>\n<meta name=\"description\" content=\"Click aqu\u00ed \u3010Seguro de Decesos con repatriaci\u00f3n Sanitas\u3011 Mejores precios Sanitas seguro de fallecidos con repatriaci\u00f3n \u2611\ufe0f Actualizado por iDecesos\u00ae\" \/>\n<meta name=\"robots\" content=\"index, follow, max-snippet:-1, max-image-preview:large, max-video-preview:-1\" \/>\n<link rel=\"canonical\" href=\"https:\/\/idecesos.com\/seguros\/companias\/sanitas\/repatriacion\/\" \/>\n<meta property=\"og:locale\" content=\"es_ES\" \/>\n<meta property=\"og:type\" content=\"article\" \/>\n<meta property=\"og:title\" content=\"Seguro Decesos Sanitas Repatriaci\u00f3n \u25b7 Opiniones y Precio 2026\" \/>\n<meta property=\"og:description\" content=\"Click aqu\u00ed \u3010Seguro de Decesos con repatriaci\u00f3n Sanitas\u3011 Mejores precios Sanitas seguro de fallecidos con repatriaci\u00f3n \u2611\ufe0f Actualizado por iDecesos\u00ae\" \/>\n<meta property=\"og:url\" content=\"https:\/\/idecesos.com\/seguros\/companias\/sanitas\/repatriacion\/\" \/>\n<meta property=\"article:modified_time\" content=\"2022-01-03T12:31:45+00:00\" \/>\n<meta name=\"twitter:card\" content=\"summary_large_image\" \/>\n<meta name=\"twitter:label1\" content=\"Tiempo de lectura\" \/>\n\t<meta name=\"twitter:data1\" content=\"56 minutos\" \/>\n<script type=\"application\/ld+json\" class=\"yoast-schema-graph\">{\"@context\":\"https:\\\/\\\/schema.org\",\"@graph\":[{\"@type\":\"WebPage\",\"@id\":\"https:\\\/\\\/idecesos.com\\\/seguros\\\/companias\\\/sanitas\\\/repatriacion\\\/\",\"url\":\"https:\\\/\\\/idecesos.com\\\/seguros\\\/companias\\\/sanitas\\\/repatriacion\\\/\",\"name\":\"Seguro Decesos Sanitas Repatriaci\u00f3n \u25b7 Opiniones y Precio 2026\",\"isPartOf\":{\"@id\":\"https:\\\/\\\/idecesos.com\\\/seguros\\\/#website\"},\"datePublished\":\"2021-12-05T16:42:02+00:00\",\"dateModified\":\"2022-01-03T12:31:45+00:00\",\"description\":\"Click aqu\u00ed \u3010Seguro de Decesos con repatriaci\u00f3n Sanitas\u3011 Mejores precios Sanitas seguro de fallecidos con repatriaci\u00f3n \u2611\ufe0f Actualizado por iDecesos\u00ae\",\"breadcrumb\":{\"@id\":\"https:\\\/\\\/idecesos.com\\\/seguros\\\/companias\\\/sanitas\\\/repatriacion\\\/#breadcrumb\"},\"inLanguage\":\"es\",\"potentialAction\":[{\"@type\":\"ReadAction\",\"target\":[\"https:\\\/\\\/idecesos.com\\\/seguros\\\/companias\\\/sanitas\\\/repatriacion\\\/\"]}]},{\"@type\":\"BreadcrumbList\",\"@id\":\"https:\\\/\\\/idecesos.com\\\/seguros\\\/companias\\\/sanitas\\\/repatriacion\\\/#breadcrumb\",\"itemListElement\":[{\"@type\":\"ListItem\",\"position\":1,\"name\":\"Portada\",\"item\":\"https:\\\/\\\/idecesos.com\\\/seguros\\\/\"},{\"@type\":\"ListItem\",\"position\":2,\"name\":\"Compa\u00f1\u00edas de Seguros de Decesos en Espa\u00f1a\",\"item\":\"https:\\\/\\\/idecesos.com\\\/seguros\\\/companias\\\/\"},{\"@type\":\"ListItem\",\"position\":3,\"name\":\"Seguro de decesos Sanitas\",\"item\":\"https:\\\/\\\/idecesos.com\\\/seguros\\\/companias\\\/sanitas\\\/\"},{\"@type\":\"ListItem\",\"position\":4,\"name\":\"Seguro de decesos Sanitas con repatriaci\u00f3n\"}]},{\"@type\":\"WebSite\",\"@id\":\"https:\\\/\\\/idecesos.com\\\/seguros\\\/#website\",\"url\":\"https:\\\/\\\/idecesos.com\\\/seguros\\\/\",\"name\":\"\",\"description\":\"\",\"potentialAction\":[{\"@type\":\"SearchAction\",\"target\":{\"@type\":\"EntryPoint\",\"urlTemplate\":\"https:\\\/\\\/idecesos.com\\\/seguros\\\/?s={search_term_string}\"},\"query-input\":{\"@type\":\"PropertyValueSpecification\",\"valueRequired\":true,\"valueName\":\"search_term_string\"}}],\"inLanguage\":\"es\"}]}<\/script>\n<!-- \/ Yoast SEO plugin. -->","yoast_head_json":{"title":"Seguro Decesos Sanitas Repatriaci\u00f3n \u25b7 Opiniones y Precio 2026","description":"Click aqu\u00ed \u3010Seguro de Decesos con repatriaci\u00f3n Sanitas\u3011 Mejores precios Sanitas seguro de fallecidos con repatriaci\u00f3n \u2611\ufe0f Actualizado por iDecesos\u00ae","robots":{"index":"index","follow":"follow","max-snippet":"max-snippet:-1","max-image-preview":"max-image-preview:large","max-video-preview":"max-video-preview:-1"},"canonical":"https:\/\/idecesos.com\/seguros\/companias\/sanitas\/repatriacion\/","og_locale":"es_ES","og_type":"article","og_title":"Seguro Decesos Sanitas Repatriaci\u00f3n \u25b7 Opiniones y Precio 2026","og_description":"Click aqu\u00ed \u3010Seguro de Decesos con repatriaci\u00f3n Sanitas\u3011 Mejores precios Sanitas seguro de fallecidos con repatriaci\u00f3n \u2611\ufe0f Actualizado por iDecesos\u00ae","og_url":"https:\/\/idecesos.com\/seguros\/companias\/sanitas\/repatriacion\/","article_modified_time":"2022-01-03T12:31:45+00:00","twitter_card":"summary_large_image","twitter_misc":{"Tiempo de lectura":"56 minutos"},"schema":{"@context":"https:\/\/schema.org","@graph":[{"@type":"WebPage","@id":"https:\/\/idecesos.com\/seguros\/companias\/sanitas\/repatriacion\/","url":"https:\/\/idecesos.com\/seguros\/companias\/sanitas\/repatriacion\/","name":"Seguro Decesos Sanitas Repatriaci\u00f3n \u25b7 Opiniones y Precio 2026","isPartOf":{"@id":"https:\/\/idecesos.com\/seguros\/#website"},"datePublished":"2021-12-05T16:42:02+00:00","dateModified":"2022-01-03T12:31:45+00:00","description":"Click aqu\u00ed \u3010Seguro de Decesos con repatriaci\u00f3n Sanitas\u3011 Mejores precios Sanitas seguro de fallecidos con repatriaci\u00f3n \u2611\ufe0f Actualizado por iDecesos\u00ae","breadcrumb":{"@id":"https:\/\/idecesos.com\/seguros\/companias\/sanitas\/repatriacion\/#breadcrumb"},"inLanguage":"es","potentialAction":[{"@type":"ReadAction","target":["https:\/\/idecesos.com\/seguros\/companias\/sanitas\/repatriacion\/"]}]},{"@type":"BreadcrumbList","@id":"https:\/\/idecesos.com\/seguros\/companias\/sanitas\/repatriacion\/#breadcrumb","itemListElement":[{"@type":"ListItem","position":1,"name":"Portada","item":"https:\/\/idecesos.com\/seguros\/"},{"@type":"ListItem","position":2,"name":"Compa\u00f1\u00edas de Seguros de Decesos en Espa\u00f1a","item":"https:\/\/idecesos.com\/seguros\/companias\/"},{"@type":"ListItem","position":3,"name":"Seguro de decesos Sanitas","item":"https:\/\/idecesos.com\/seguros\/companias\/sanitas\/"},{"@type":"ListItem","position":4,"name":"Seguro de decesos Sanitas con repatriaci\u00f3n"}]},{"@type":"WebSite","@id":"https:\/\/idecesos.com\/seguros\/#website","url":"https:\/\/idecesos.com\/seguros\/","name":"","description":"","potentialAction":[{"@type":"SearchAction","target":{"@type":"EntryPoint","urlTemplate":"https:\/\/idecesos.com\/seguros\/?s={search_term_string}"},"query-input":{"@type":"PropertyValueSpecification","valueRequired":true,"valueName":"search_term_string"}}],"inLanguage":"es"}]}},"_links":{"self":[{"href":"https:\/\/idecesos.com\/seguros\/wp-json\/wp\/v2\/pages\/16615","targetHints":{"allow":["GET"]}}],"collection":[{"href":"https:\/\/idecesos.com\/seguros\/wp-json\/wp\/v2\/pages"}],"about":[{"href":"https:\/\/idecesos.com\/seguros\/wp-json\/wp\/v2\/types\/page"}],"author":[{"embeddable":true,"href":"https:\/\/idecesos.com\/seguros\/wp-json\/wp\/v2\/users\/3"}],"replies":[{"embeddable":true,"href":"https:\/\/idecesos.com\/seguros\/wp-json\/wp\/v2\/comments?post=16615"}],"version-history":[{"count":1,"href":"https:\/\/idecesos.com\/seguros\/wp-json\/wp\/v2\/pages\/16615\/revisions"}],"predecessor-version":[{"id":18438,"href":"https:\/\/idecesos.com\/seguros\/wp-json\/wp\/v2\/pages\/16615\/revisions\/18438"}],"up":[{"embeddable":true,"href":"https:\/\/idecesos.com\/seguros\/wp-json\/wp\/v2\/pages\/16262"}],"wp:attachment":[{"href":"https:\/\/idecesos.com\/seguros\/wp-json\/wp\/v2\/media?parent=16615"}],"curies":[{"name":"wp","href":"https:\/\/api.w.org\/{rel}","templated":true}]}}