{"id":16616,"date":"2021-12-05T16:42:03","date_gmt":"2021-12-05T16:42:03","guid":{"rendered":"https:\/\/idecesos.com\/seguros\/companias\/vivaz\/prima-nivelada\/"},"modified":"2022-01-03T12:31:51","modified_gmt":"2022-01-03T12:31:51","slug":"prima-nivelada","status":"publish","type":"page","link":"https:\/\/idecesos.com\/seguros\/companias\/vivaz\/prima-nivelada\/","title":{"rendered":"Seguro de decesos Vivaz Prima Nivelada"},"content":{"rendered":"<div id=\"ez-toc-container\" class=\"ez-toc-v2_0_83 ez-toc-wrap-center counter-hierarchy ez-toc-counter ez-toc-custom ez-toc-container-direction\">\n<div class=\"ez-toc-title-container\">\n<p class=\"ez-toc-title\" style=\"cursor:inherit\">Tabla de Contenido<\/p>\n<span class=\"ez-toc-title-toggle\"><a href=\"#\" class=\"ez-toc-pull-right ez-toc-btn ez-toc-btn-xs ez-toc-btn-default ez-toc-toggle\" aria-label=\"Alternar tabla de contenidos\"><span class=\"ez-toc-js-icon-con\"><span class=\"\"><span class=\"eztoc-hide\" style=\"display:none;\">Toggle<\/span><span class=\"ez-toc-icon-toggle-span\"><svg style=\"fill: #db6415;color:#db6415\" xmlns=\"http:\/\/www.w3.org\/2000\/svg\" class=\"list-377408\" width=\"20px\" height=\"20px\" viewBox=\"0 0 24 24\" fill=\"none\"><path d=\"M6 6H4v2h2V6zm14 0H8v2h12V6zM4 11h2v2H4v-2zm16 0H8v2h12v-2zM4 16h2v2H4v-2zm16 0H8v2h12v-2z\" fill=\"currentColor\"><\/path><\/svg><svg style=\"fill: #db6415;color:#db6415\" class=\"arrow-unsorted-368013\" xmlns=\"http:\/\/www.w3.org\/2000\/svg\" width=\"10px\" height=\"10px\" viewBox=\"0 0 24 24\" version=\"1.2\" baseProfile=\"tiny\"><path d=\"M18.2 9.3l-6.2-6.3-6.2 6.3c-.2.2-.3.4-.3.7s.1.5.3.7c.2.2.4.3.7.3h11c.3 0 .5-.1.7-.3.2-.2.3-.5.3-.7s-.1-.5-.3-.7zM5.8 14.7l6.2 6.3 6.2-6.3c.2-.2.3-.5.3-.7s-.1-.5-.3-.7c-.2-.2-.4-.3-.7-.3h-11c-.3 0-.5.1-.7.3-.2.2-.3.5-.3.7s.1.5.3.7z\"\/><\/svg><\/span><\/span><\/span><\/a><\/span><\/div>\n<nav><ul class='ez-toc-list ez-toc-list-level-1 ' ><li class='ez-toc-page-1 ez-toc-heading-level-2'><a class=\"ez-toc-link ez-toc-heading-1\" href=\"https:\/\/idecesos.com\/seguros\/companias\/vivaz\/prima-nivelada\/#Coberturas_seguro_Prima_Nivelada_Vivaz\" >Coberturas seguro Prima Nivelada Vivaz<\/a><ul class='ez-toc-list-level-3' ><li class='ez-toc-heading-level-3'><a class=\"ez-toc-link ez-toc-heading-2\" href=\"https:\/\/idecesos.com\/seguros\/companias\/vivaz\/prima-nivelada\/#%C2%BFA_quien_va_dirigido_el_seguro_de_decesos_Prima_Nivelada_de_Vivaz\" >\u00bfA qui\u00e9n va dirigido el seguro de decesos Prima Nivelada de Vivaz?<\/a><\/li><\/ul><\/li><li class='ez-toc-page-1 ez-toc-heading-level-2'><a class=\"ez-toc-link ez-toc-heading-3\" href=\"https:\/\/idecesos.com\/seguros\/companias\/vivaz\/prima-nivelada\/#Precio_de_seguro_de_decesos_Prima_Nivelada_Vivaz\" >Precio de seguro de decesos Prima Nivelada Vivaz<\/a><\/li><li class='ez-toc-page-1 ez-toc-heading-level-2'><a class=\"ez-toc-link ez-toc-heading-4\" href=\"https:\/\/idecesos.com\/seguros\/companias\/vivaz\/prima-nivelada\/#Productos_Prima_Nivelada_Vivaz\" >Productos Prima Nivelada Vivaz<\/a><\/li><li class='ez-toc-page-1 ez-toc-heading-level-2'><a class=\"ez-toc-link ez-toc-heading-5\" href=\"https:\/\/idecesos.com\/seguros\/companias\/vivaz\/prima-nivelada\/#Opiniones_del_seguro_de_decesos_de_Prima_Nivelada_de_Vivaz\" >Opiniones del seguro de decesos de Prima Nivelada de Vivaz<\/a><\/li><\/ul><\/nav><\/div>\n\n<p>Vivaz su seguro de decesos de prima nivelada es id\u00f3nea para todas y cada una aquellas personas que procuran algo que sea de forma continuada durante los a\u00f1os. Desde el instante en que comienza la contrataci\u00f3n hasta la finalizaci\u00f3n. Es caracter\u00edstico cuando el tomador es joven puesto que pagar\u00e1 proporcionalmente m\u00e1s de lo que pagar\u00eda en caso de la contrataci\u00f3n de una prima natural. El beneficio de este seguro resulta cuanto mayor es el tomador de la p\u00f3liza menos tendr\u00e1 que abonar. <\/p>\n<p>Leer m\u00e1s: <a href=\"https:\/\/idecesos.com\/seguros\/tipo\/nivelada\/\">Seguro de decesos Prima Nivelada<\/a><\/p>\n<div class=\"colorf \"  ><div class=\"container clearfix\"><div class=\"col-md-7\"><\/p>\n<h2><span class=\"ez-toc-section\" id=\"Coberturas_seguro_Prima_Nivelada_Vivaz\"><\/span>Coberturas seguro Prima Nivelada Vivaz<span class=\"ez-toc-section-end\"><\/span><\/h2>\n<p>Vivaz su seguro de decesos una de sus p\u00f3lizas m\u00e1s contratadas es que dan la cobertura al completo en el servicio l\u00fagubre. Vivaz posee uno de los servicios funerarios m\u00e1s reconocidos, debido a la agilidad, trato profesional y prestaciones de mayor calidad. Dentro de las diferentes coberturas que contempla como en el caso de elecci\u00f3n de urna, o gestiones documentarias, quedaran todo solventado en el instante que ocurre el fallecimiento. El servicio de asistencia de Vivaz trabajan las 24 horas, en el instante de recibir una llamada se van a poner a disposici\u00f3n del cliente dando las coberturas convenientes y adapt\u00e1ndolo a las preferencias del servicio funerario que haya elegido anteriormente, contando con el presupuesto del capital del asegurado. Para tener de forma m\u00e1s clara las coberturas del seguro de decesos de prima nivelada de Vivaz, en iDecesos podr\u00e1s visualizar las distintas comparaciones de las distintas empresas aseguradoras, de una forma m\u00e1s sencilla consultoras todas las condiciones pertinentes y conseguir toda la informaci\u00f3n. <\/p>\n<p><\/div><\/div><\/div>\n<h3><span class=\"ez-toc-section\" id=\"%C2%BFA_quien_va_dirigido_el_seguro_de_decesos_Prima_Nivelada_de_Vivaz\"><\/span>\u00bfA qui\u00e9n va dirigido el seguro de decesos Prima Nivelada de Vivaz?<span class=\"ez-toc-section-end\"><\/span><\/h3>\n<p>El seguro de prima nivelada de Vivaz est\u00e1 dise\u00f1ado para que cualquier persona de cualquier nivel econ\u00f3mico se lo pueda permitir. Acostumbran a ser personas o bien familias que desean tener un orden financiero y desean estar protegidos mas con el gasto controlado anualmente. Mayoritariamente los que optan por este seguro es para tener una estabilidad a nivel econ\u00f3mico y no haya cambios en la prima de a\u00f1o en a\u00f1o. El seguro de prima nivelada, es una de las que m\u00e1s clientes tiene con diferencia a otras modalidades en Vivaz, todas y cada una de las valoraciones que obtiene son positivas. <\/p>\n<div class=\"colorf \"  ><div class=\"container clearfix\"><div class=\"col-md-7\"><\/p>\n<h2><span class=\"ez-toc-section\" id=\"Precio_de_seguro_de_decesos_Prima_Nivelada_Vivaz\"><\/span>Precio de seguro de decesos Prima Nivelada Vivaz<span class=\"ez-toc-section-end\"><\/span><\/h2>\n<p>Cada prima nivelada ser\u00e1 diferente en el caso de Vivaz el precio es desde 5,15\u20ac. Asimismo se tomar\u00e1 en cuenta los servicio funerarios teniendo en cuenta su localidad. Para saber si prima es la m\u00e1s econ\u00f3mica en correlaci\u00f3n a las dem\u00e1s compa\u00f1\u00edas aseguradoras, esa informaci\u00f3n lo conseguir\u00e1s en iDeceso sin precisar ning\u00fan registro. <\/p>\n<p><\/div><\/div><\/div>\n<h2><span class=\"ez-toc-section\" id=\"Productos_Prima_Nivelada_Vivaz\"><\/span>Productos Prima Nivelada Vivaz<span class=\"ez-toc-section-end\"><\/span><\/h2>\n<div class=\"colorf\"><div class=\"container clearfix\"><div class=\"col-md-7\"><div class=\"opiniones\">\n<h2><span class=\"ez-toc-section\" id=\"Opiniones_del_seguro_de_decesos_de_Prima_Nivelada_de_Vivaz\"><\/span>Opiniones del seguro de decesos de Prima Nivelada de Vivaz<span class=\"ez-toc-section-end\"><\/span><\/h2>\n<p>El seguro de decesos de prima nivelada Vivaz se merece una opini\u00f3n buen\u00edsima por la parte de los especialistas asesores de iDecesos puesto que permite acceder a un producto que te garantiza la gesti\u00f3n completa del sepelio, ofreci\u00e9ndome unas coberturas a\u00f1adidas realmente \u00fatiles para los asegurados, apoyados por un servicio de asistencia del m\u00e1ximo nivel. En la prima nivelada Vivaz facilita los pagos para los que quieran efectuar el pago de una forma m\u00e1s eficaz y f\u00e1cil. As\u00ed como, Vivaz frecuentemente realiza promociones y descuentos atractivos a fin de que se beneficien sus clientes del servicio. <\/p>\n<div class=\"opinion \"  >\n\t\t\t<div class=\"cabecera_opinion\">\n\t\t\t\t<div class=\"avatar\">E S <\/div>\n\t\t\t\t<div class=\"datos_opinion\">\n\t\t\t\t\t<div class=\"nombre_opinion\">Elena Siles<\/div>\n\t\t\t\t\t<div class=\"info_opinion\">\t\t\t\t\t\t\n\t\t\t\t\t\t<div class=\"cuenta_opinion\"><i class=\"fas fa-pencil-alt\"><\/i><!--span class=\"dashicons dashicons-edit\" style=\"font-size:20px\"><\/span--><span>1 Opini\u00f3n<\/span><\/div>\t\t\t\t\t\t\n\t\t\t\t\t\t<div class=\"localizacion_opinion\">\n\t\t\t\t\t\t\t<i class=\"fas fa-map-marker-alt\"><\/i><!--span class=\"dashicons dashicons-location\" style=\"font-size:20px\"><\/span-->\n\t\t\t\t\t\t\t<span>ES<\/span>\n\t\t\t\t\t\t<\/div>\t\n\t\t\t\t\t<\/div>\n\t\t\t\t<\/div>\n\t\t\t<\/div><div class=\"texto_opinion\"><\/p>\n<p>Para mi punto de opini\u00f3n considero que Vivaz con el seguro de prima nivelada es muy aconsejable, cuentan con unas coberturas ampl\u00edsimas, uno de sus aconsejes me efectu\u00f3 un presupuesto \u00fanico y memorable, contando que siempre y en toda circunstancia es la misma tarifa quede content\u00edsima tanto con el servicio como todo lo que me brinda Vivaz, deseo agregar que toda mi familia cuenta con esta empresa aseguradora. <\/p>\n<p><\/div><\/div>\n<div class=\"opinion \"  >\n\t\t\t<div class=\"cabecera_opinion\">\n\t\t\t\t<div class=\"avatar\">E A <\/div>\n\t\t\t\t<div class=\"datos_opinion\">\n\t\t\t\t\t<div class=\"nombre_opinion\">Eliseo Aller-Recio<\/div>\n\t\t\t\t\t<div class=\"info_opinion\">\t\t\t\t\t\t\n\t\t\t\t\t\t<div class=\"cuenta_opinion\"><i class=\"fas fa-pencil-alt\"><\/i><!--span class=\"dashicons dashicons-edit\" style=\"font-size:20px\"><\/span--><span>1 Opini\u00f3n<\/span><\/div>\t\t\t\t\t\t\n\t\t\t\t\t\t<div class=\"localizacion_opinion\">\n\t\t\t\t\t\t\t<i class=\"fas fa-map-marker-alt\"><\/i><!--span class=\"dashicons dashicons-location\" style=\"font-size:20px\"><\/span-->\n\t\t\t\t\t\t\t<span>ES<\/span>\n\t\t\t\t\t\t<\/div>\t\n\t\t\t\t\t<\/div>\n\t\t\t\t<\/div>\n\t\t\t<\/div><div class=\"texto_opinion\"><\/p>\n<p>De todos los comentarios que le\u00ed decid\u00ed arriesgar y la verdad que tuve suerte con Vivaz me ha dado las mejores coberturas de prima nivelada, la tarifa se adapta a mis circunstancias, adem\u00e1s de esto de eso me hicieron un presupuesto que quede muy contenta, tiene unos trabajadores muy profesionales Vivaz. <\/p>\n<p><\/div><\/div>\n<div class=\"opinion \"  >\n\t\t\t<div class=\"cabecera_opinion\">\n\t\t\t\t<div class=\"avatar\">T J <\/div>\n\t\t\t\t<div class=\"datos_opinion\">\n\t\t\t\t\t<div class=\"nombre_opinion\">Trist\u00e1n Joel<\/div>\n\t\t\t\t\t<div class=\"info_opinion\">\t\t\t\t\t\t\n\t\t\t\t\t\t<div class=\"cuenta_opinion\"><i class=\"fas fa-pencil-alt\"><\/i><!--span class=\"dashicons dashicons-edit\" style=\"font-size:20px\"><\/span--><span>1 Opini\u00f3n<\/span><\/div>\t\t\t\t\t\t\n\t\t\t\t\t\t<div class=\"localizacion_opinion\">\n\t\t\t\t\t\t\t<i class=\"fas fa-map-marker-alt\"><\/i><!--span class=\"dashicons dashicons-location\" style=\"font-size:20px\"><\/span-->\n\t\t\t\t\t\t\t<span>ES<\/span>\n\t\t\t\t\t\t<\/div>\t\n\t\t\t\t\t<\/div>\n\t\t\t\t<\/div>\n\t\t\t<\/div><div class=\"texto_opinion\"><\/p>\n<p>Lo aconsejo puesto que me dieron una de las mejores coberturas tanto a mi como a mi familia, en el instante del suceso, no vaciles con prima nivelada de Vivaz, se encarga de todo. Hace unos meses muri\u00f3 un familiar muy cercano por lo que contaba con esta p\u00f3liza, es verdad que le dieron todas las coberturas y dieron todas y cada una comodidades posibles en ese tan bastante dif\u00edcil de administrar. <\/p>\n<p><\/div><\/div>\n<\/div><\/div><\/div><\/div>\n<p><div class=\"oficinas\"><br \/>\n<h3>P\u00e1ginas relacionadas<\/h3><div class=\"enlazado\"><ul> <li><a href=\"https:\/\/idecesos.com\/seguros\/companias\/vivaz\/opiniones\/\">Opiniones Vivaz<\/a><\/li> <li><a href=\"https:\/\/idecesos.com\/seguros\/companias\/vivaz\/precio\/\">Precio seguro Vivaz<\/a><\/li> <li><a href=\"https:\/\/idecesos.com\/seguros\/companias\/vivaz\/prima-mixta\/\">Vivaz Prima Mixta<\/a><\/li> <li><a href=\"https:\/\/idecesos.com\/seguros\/companias\/vivaz\/prima-natural\/\">Vivaz Prima Natural<\/a><\/li> <li><a href=\"https:\/\/idecesos.com\/seguros\/companias\/vivaz\/prima-nivelada\/\">Vivaz Prima Nivelada<\/a><\/li> <li><a href=\"https:\/\/idecesos.com\/seguros\/companias\/vivaz\/prima-unica\/\">Vivaz Prima \u00danica<\/a><\/li> <li><a href=\"https:\/\/idecesos.com\/seguros\/companias\/vivaz\/repatriacion\/\">Vivaz Repatriaci\u00f3n<\/a><\/li> <li><a href=\"https:\/\/idecesos.com\/seguros\/companias\/vivaz\/telefono\/\">Tel\u00e9fono Gratuito Vivaz<\/a><\/li>                                                                                                                                                                                                                                                                                                                                                                                                                                                                                                                                                                                                                                                                                                                                                                                                                                                                                                                                                                                                                                                                                                                                                                                                                                                                                                                                                                                                                                                                                                                                                                                                                                                                                                                                                                                                                                                                                                                                                                                                                                                                                                                                                                                                                                                                                                                                                                                                                                                                                                                                                                                                                                                                                                                                                                                                                                                                                                                                                                                                                                                                                                                              <\/ul><\/div><\/p>\n<\/div>\n","protected":false},"excerpt":{"rendered":"<p>Vivaz su seguro de decesos de prima nivelada es id\u00f3nea para todas y cada una aquellas personas que procuran algo que sea de forma continuada durante los a\u00f1os. Desde el instante en que comienza la contrataci\u00f3n hasta la finalizaci\u00f3n. Es caracter\u00edstico cuando el tomador es joven puesto que pagar\u00e1 proporcionalmente m\u00e1s de lo que pagar\u00eda&hellip; <\/p>\n","protected":false},"author":3,"featured_media":0,"parent":15257,"menu_order":0,"comment_status":"closed","ping_status":"closed","template":"single.php","meta":{"footnotes":""},"class_list":["post-16616","page","type-page","status-publish","hentry"],"yoast_head":"<!-- This site is optimized with the Yoast SEO plugin v27.5 - https:\/\/yoast.com\/product\/yoast-seo-wordpress\/ -->\n<title>Seguro Decesos Vivaz Prima Nivelada \u25b7 Opiniones y Precio 2026<\/title>\n<meta name=\"description\" content=\"Click aqu\u00ed \u3010Seguro de Decesos Prima Nivelada Vivaz\u3011 Mejores precios Vivaz seguro de fallecidos Prima Nivelada \u2611\ufe0f Actualizado por iDecesos\u00ae\" \/>\n<meta name=\"robots\" content=\"index, follow, max-snippet:-1, max-image-preview:large, max-video-preview:-1\" \/>\n<link rel=\"canonical\" href=\"https:\/\/idecesos.com\/seguros\/companias\/vivaz\/prima-nivelada\/\" \/>\n<meta property=\"og:locale\" content=\"es_ES\" \/>\n<meta property=\"og:type\" content=\"article\" \/>\n<meta property=\"og:title\" content=\"Seguro Decesos Vivaz Prima Nivelada \u25b7 Opiniones y Precio 2026\" \/>\n<meta property=\"og:description\" content=\"Click aqu\u00ed \u3010Seguro de Decesos Prima Nivelada Vivaz\u3011 Mejores precios Vivaz seguro de fallecidos Prima Nivelada \u2611\ufe0f Actualizado por iDecesos\u00ae\" \/>\n<meta property=\"og:url\" content=\"https:\/\/idecesos.com\/seguros\/companias\/vivaz\/prima-nivelada\/\" \/>\n<meta property=\"article:modified_time\" content=\"2022-01-03T12:31:51+00:00\" \/>\n<meta name=\"twitter:card\" content=\"summary_large_image\" \/>\n<meta name=\"twitter:label1\" content=\"Tiempo de lectura\" \/>\n\t<meta name=\"twitter:data1\" content=\"57 minutos\" \/>\n<script type=\"application\/ld+json\" class=\"yoast-schema-graph\">{\"@context\":\"https:\\\/\\\/schema.org\",\"@graph\":[{\"@type\":\"WebPage\",\"@id\":\"https:\\\/\\\/idecesos.com\\\/seguros\\\/companias\\\/vivaz\\\/prima-nivelada\\\/\",\"url\":\"https:\\\/\\\/idecesos.com\\\/seguros\\\/companias\\\/vivaz\\\/prima-nivelada\\\/\",\"name\":\"Seguro Decesos Vivaz Prima Nivelada \u25b7 Opiniones y Precio 2026\",\"isPartOf\":{\"@id\":\"https:\\\/\\\/idecesos.com\\\/seguros\\\/#website\"},\"datePublished\":\"2021-12-05T16:42:03+00:00\",\"dateModified\":\"2022-01-03T12:31:51+00:00\",\"description\":\"Click aqu\u00ed \u3010Seguro de Decesos Prima Nivelada Vivaz\u3011 Mejores precios Vivaz seguro de fallecidos Prima Nivelada \u2611\ufe0f Actualizado por iDecesos\u00ae\",\"breadcrumb\":{\"@id\":\"https:\\\/\\\/idecesos.com\\\/seguros\\\/companias\\\/vivaz\\\/prima-nivelada\\\/#breadcrumb\"},\"inLanguage\":\"es\",\"potentialAction\":[{\"@type\":\"ReadAction\",\"target\":[\"https:\\\/\\\/idecesos.com\\\/seguros\\\/companias\\\/vivaz\\\/prima-nivelada\\\/\"]}]},{\"@type\":\"BreadcrumbList\",\"@id\":\"https:\\\/\\\/idecesos.com\\\/seguros\\\/companias\\\/vivaz\\\/prima-nivelada\\\/#breadcrumb\",\"itemListElement\":[{\"@type\":\"ListItem\",\"position\":1,\"name\":\"Portada\",\"item\":\"https:\\\/\\\/idecesos.com\\\/seguros\\\/\"},{\"@type\":\"ListItem\",\"position\":2,\"name\":\"Compa\u00f1\u00edas de Seguros de Decesos en Espa\u00f1a\",\"item\":\"https:\\\/\\\/idecesos.com\\\/seguros\\\/companias\\\/\"},{\"@type\":\"ListItem\",\"position\":3,\"name\":\"Seguro de decesos Vivaz\",\"item\":\"https:\\\/\\\/idecesos.com\\\/seguros\\\/companias\\\/vivaz\\\/\"},{\"@type\":\"ListItem\",\"position\":4,\"name\":\"Seguro de decesos Vivaz Prima Nivelada\"}]},{\"@type\":\"WebSite\",\"@id\":\"https:\\\/\\\/idecesos.com\\\/seguros\\\/#website\",\"url\":\"https:\\\/\\\/idecesos.com\\\/seguros\\\/\",\"name\":\"\",\"description\":\"\",\"potentialAction\":[{\"@type\":\"SearchAction\",\"target\":{\"@type\":\"EntryPoint\",\"urlTemplate\":\"https:\\\/\\\/idecesos.com\\\/seguros\\\/?s={search_term_string}\"},\"query-input\":{\"@type\":\"PropertyValueSpecification\",\"valueRequired\":true,\"valueName\":\"search_term_string\"}}],\"inLanguage\":\"es\"}]}<\/script>\n<!-- \/ Yoast SEO plugin. -->","yoast_head_json":{"title":"Seguro Decesos Vivaz Prima Nivelada \u25b7 Opiniones y Precio 2026","description":"Click aqu\u00ed \u3010Seguro de Decesos Prima Nivelada Vivaz\u3011 Mejores precios Vivaz seguro de fallecidos Prima Nivelada \u2611\ufe0f Actualizado por iDecesos\u00ae","robots":{"index":"index","follow":"follow","max-snippet":"max-snippet:-1","max-image-preview":"max-image-preview:large","max-video-preview":"max-video-preview:-1"},"canonical":"https:\/\/idecesos.com\/seguros\/companias\/vivaz\/prima-nivelada\/","og_locale":"es_ES","og_type":"article","og_title":"Seguro Decesos Vivaz Prima Nivelada \u25b7 Opiniones y Precio 2026","og_description":"Click aqu\u00ed \u3010Seguro de Decesos Prima Nivelada Vivaz\u3011 Mejores precios Vivaz seguro de fallecidos Prima Nivelada \u2611\ufe0f Actualizado por iDecesos\u00ae","og_url":"https:\/\/idecesos.com\/seguros\/companias\/vivaz\/prima-nivelada\/","article_modified_time":"2022-01-03T12:31:51+00:00","twitter_card":"summary_large_image","twitter_misc":{"Tiempo de lectura":"57 minutos"},"schema":{"@context":"https:\/\/schema.org","@graph":[{"@type":"WebPage","@id":"https:\/\/idecesos.com\/seguros\/companias\/vivaz\/prima-nivelada\/","url":"https:\/\/idecesos.com\/seguros\/companias\/vivaz\/prima-nivelada\/","name":"Seguro Decesos Vivaz Prima Nivelada \u25b7 Opiniones y Precio 2026","isPartOf":{"@id":"https:\/\/idecesos.com\/seguros\/#website"},"datePublished":"2021-12-05T16:42:03+00:00","dateModified":"2022-01-03T12:31:51+00:00","description":"Click aqu\u00ed \u3010Seguro de Decesos Prima Nivelada Vivaz\u3011 Mejores precios Vivaz seguro de fallecidos Prima Nivelada \u2611\ufe0f Actualizado por iDecesos\u00ae","breadcrumb":{"@id":"https:\/\/idecesos.com\/seguros\/companias\/vivaz\/prima-nivelada\/#breadcrumb"},"inLanguage":"es","potentialAction":[{"@type":"ReadAction","target":["https:\/\/idecesos.com\/seguros\/companias\/vivaz\/prima-nivelada\/"]}]},{"@type":"BreadcrumbList","@id":"https:\/\/idecesos.com\/seguros\/companias\/vivaz\/prima-nivelada\/#breadcrumb","itemListElement":[{"@type":"ListItem","position":1,"name":"Portada","item":"https:\/\/idecesos.com\/seguros\/"},{"@type":"ListItem","position":2,"name":"Compa\u00f1\u00edas de Seguros de Decesos en Espa\u00f1a","item":"https:\/\/idecesos.com\/seguros\/companias\/"},{"@type":"ListItem","position":3,"name":"Seguro de decesos Vivaz","item":"https:\/\/idecesos.com\/seguros\/companias\/vivaz\/"},{"@type":"ListItem","position":4,"name":"Seguro de decesos Vivaz Prima Nivelada"}]},{"@type":"WebSite","@id":"https:\/\/idecesos.com\/seguros\/#website","url":"https:\/\/idecesos.com\/seguros\/","name":"","description":"","potentialAction":[{"@type":"SearchAction","target":{"@type":"EntryPoint","urlTemplate":"https:\/\/idecesos.com\/seguros\/?s={search_term_string}"},"query-input":{"@type":"PropertyValueSpecification","valueRequired":true,"valueName":"search_term_string"}}],"inLanguage":"es"}]}},"_links":{"self":[{"href":"https:\/\/idecesos.com\/seguros\/wp-json\/wp\/v2\/pages\/16616","targetHints":{"allow":["GET"]}}],"collection":[{"href":"https:\/\/idecesos.com\/seguros\/wp-json\/wp\/v2\/pages"}],"about":[{"href":"https:\/\/idecesos.com\/seguros\/wp-json\/wp\/v2\/types\/page"}],"author":[{"embeddable":true,"href":"https:\/\/idecesos.com\/seguros\/wp-json\/wp\/v2\/users\/3"}],"replies":[{"embeddable":true,"href":"https:\/\/idecesos.com\/seguros\/wp-json\/wp\/v2\/comments?post=16616"}],"version-history":[{"count":1,"href":"https:\/\/idecesos.com\/seguros\/wp-json\/wp\/v2\/pages\/16616\/revisions"}],"predecessor-version":[{"id":18447,"href":"https:\/\/idecesos.com\/seguros\/wp-json\/wp\/v2\/pages\/16616\/revisions\/18447"}],"up":[{"embeddable":true,"href":"https:\/\/idecesos.com\/seguros\/wp-json\/wp\/v2\/pages\/15257"}],"wp:attachment":[{"href":"https:\/\/idecesos.com\/seguros\/wp-json\/wp\/v2\/media?parent=16616"}],"curies":[{"name":"wp","href":"https:\/\/api.w.org\/{rel}","templated":true}]}}