{"id":16617,"date":"2021-12-05T16:42:04","date_gmt":"2021-12-05T16:42:04","guid":{"rendered":"https:\/\/idecesos.com\/seguros\/companias\/sanitas\/prima-nivelada\/"},"modified":"2022-01-03T12:31:45","modified_gmt":"2022-01-03T12:31:45","slug":"prima-nivelada","status":"publish","type":"page","link":"https:\/\/idecesos.com\/seguros\/companias\/sanitas\/prima-nivelada\/","title":{"rendered":"Seguro de decesos Sanitas Prima Nivelada"},"content":{"rendered":"<div id=\"ez-toc-container\" class=\"ez-toc-v2_0_83 ez-toc-wrap-center counter-hierarchy ez-toc-counter ez-toc-custom ez-toc-container-direction\">\n<div class=\"ez-toc-title-container\">\n<p class=\"ez-toc-title\" style=\"cursor:inherit\">Tabla de Contenido<\/p>\n<span class=\"ez-toc-title-toggle\"><a href=\"#\" class=\"ez-toc-pull-right ez-toc-btn ez-toc-btn-xs ez-toc-btn-default ez-toc-toggle\" aria-label=\"Alternar tabla de contenidos\"><span class=\"ez-toc-js-icon-con\"><span class=\"\"><span class=\"eztoc-hide\" style=\"display:none;\">Toggle<\/span><span class=\"ez-toc-icon-toggle-span\"><svg style=\"fill: #db6415;color:#db6415\" xmlns=\"http:\/\/www.w3.org\/2000\/svg\" class=\"list-377408\" width=\"20px\" height=\"20px\" viewBox=\"0 0 24 24\" fill=\"none\"><path d=\"M6 6H4v2h2V6zm14 0H8v2h12V6zM4 11h2v2H4v-2zm16 0H8v2h12v-2zM4 16h2v2H4v-2zm16 0H8v2h12v-2z\" fill=\"currentColor\"><\/path><\/svg><svg style=\"fill: #db6415;color:#db6415\" class=\"arrow-unsorted-368013\" xmlns=\"http:\/\/www.w3.org\/2000\/svg\" width=\"10px\" height=\"10px\" viewBox=\"0 0 24 24\" version=\"1.2\" baseProfile=\"tiny\"><path d=\"M18.2 9.3l-6.2-6.3-6.2 6.3c-.2.2-.3.4-.3.7s.1.5.3.7c.2.2.4.3.7.3h11c.3 0 .5-.1.7-.3.2-.2.3-.5.3-.7s-.1-.5-.3-.7zM5.8 14.7l6.2 6.3 6.2-6.3c.2-.2.3-.5.3-.7s-.1-.5-.3-.7c-.2-.2-.4-.3-.7-.3h-11c-.3 0-.5.1-.7.3-.2.2-.3.5-.3.7s.1.5.3.7z\"\/><\/svg><\/span><\/span><\/span><\/a><\/span><\/div>\n<nav><ul class='ez-toc-list ez-toc-list-level-1 ' ><li class='ez-toc-page-1 ez-toc-heading-level-2'><a class=\"ez-toc-link ez-toc-heading-1\" href=\"https:\/\/idecesos.com\/seguros\/companias\/sanitas\/prima-nivelada\/#Coberturas_seguro_Prima_Nivelada_Sanitas\" >Coberturas seguro Prima Nivelada Sanitas<\/a><ul class='ez-toc-list-level-3' ><li class='ez-toc-heading-level-3'><a class=\"ez-toc-link ez-toc-heading-2\" href=\"https:\/\/idecesos.com\/seguros\/companias\/sanitas\/prima-nivelada\/#%C2%BFA_quien_va_dirigido_el_seguro_de_decesos_Prima_Nivelada_de_Sanitas\" >\u00bfA qui\u00e9n va dirigido el seguro de decesos Prima Nivelada de Sanitas?<\/a><\/li><\/ul><\/li><li class='ez-toc-page-1 ez-toc-heading-level-2'><a class=\"ez-toc-link ez-toc-heading-3\" href=\"https:\/\/idecesos.com\/seguros\/companias\/sanitas\/prima-nivelada\/#Precio_de_seguro_de_decesos_Prima_Nivelada_Sanitas\" >Precio de seguro de decesos Prima Nivelada Sanitas<\/a><\/li><li class='ez-toc-page-1 ez-toc-heading-level-2'><a class=\"ez-toc-link ez-toc-heading-4\" href=\"https:\/\/idecesos.com\/seguros\/companias\/sanitas\/prima-nivelada\/#Productos_Prima_Nivelada_Sanitas\" >Productos Prima Nivelada Sanitas<\/a><\/li><li class='ez-toc-page-1 ez-toc-heading-level-2'><a class=\"ez-toc-link ez-toc-heading-5\" href=\"https:\/\/idecesos.com\/seguros\/companias\/sanitas\/prima-nivelada\/#Opiniones_del_seguro_de_decesos_de_Prima_Nivelada_de_Sanitas\" >Opiniones del seguro de decesos de Prima Nivelada de Sanitas<\/a><\/li><\/ul><\/nav><\/div>\n\n<p>A lo largo de los a\u00f1os se quiere conseguir una prima de forma continua por el que no llegue aumentar una vez comience el a\u00f1o. En un caso as\u00ed se habla de la prima nivelada de Sanitas se encargar\u00e1 de aplicar determinados g\u00e9neros de p\u00f3liza en funci\u00f3n de la edad, el seguro de prima nivelada Sanitas una vez efectuado las peculiaridades correspondientes, asimismo conseguir\u00e1 estabilizar una vez de haya aumentado cualquier gasto funerario. <\/p>\n<p>Leer m\u00e1s: <a href=\"https:\/\/idecesos.com\/seguros\/tipo\/nivelada\/\">Seguro de decesos Prima Nivelada<\/a><\/p>\n<div class=\"colorf \"  ><div class=\"container clearfix\"><div class=\"col-md-7\"><\/p>\n<h2><span class=\"ez-toc-section\" id=\"Coberturas_seguro_Prima_Nivelada_Sanitas\"><\/span>Coberturas seguro Prima Nivelada Sanitas<span class=\"ez-toc-section-end\"><\/span><\/h2>\n<p>El seguro funerario Sanitas es uno de los principales campos de subscripci\u00f3n, conf\u00eda la misi\u00f3n primordial de la p\u00f3liza de seguro, el cliente del servicio firma el contrato para el mismo, que es un servicio funerario completo, Sanitas se ha transformado en uno de los servicios funerarios m\u00e1s reconocidos por su trato flexible, profesional y servicios de mayor calidad. Cuando ocurre el \u00f3bito en el asegurado va a entrar en vigencia desde el primer instante, donde los familiares eligen incineraci\u00f3n o entierro, y gestionan todos y cada uno de los tr\u00e1mites burocr\u00e1ticos. Llegado el d\u00eda, la tramitaci\u00f3n del \u00f3bito va a ser seg\u00fan la religi\u00f3n o preferencias de su familia. Con relaci\u00f3n al presupuesto se adaptara de la forma m\u00e1s adecuada y dentro de las medidas oportunas de servicios del fondo de seguros. Es una herramienta importante contar con un comparador de seguros en iDecesos tendr\u00e1s todas las coberturas a su alcance del seguro funerario m\u00e1s selecto a nivel Sanitas se resalta por el hecho de que contempla las diferentes opciones que podr\u00e1s preguntar toda la informaci\u00f3n que precises de cada producto. Documento informativo, que explica los contenidos y exclusiones desplegados. <\/p>\n<p><\/div><\/div><\/div>\n<h3><span class=\"ez-toc-section\" id=\"%C2%BFA_quien_va_dirigido_el_seguro_de_decesos_Prima_Nivelada_de_Sanitas\"><\/span>\u00bfA qui\u00e9n va dirigido el seguro de decesos Prima Nivelada de Sanitas?<span class=\"ez-toc-section-end\"><\/span><\/h3>\n<p>Una de las caracter\u00edsticas del seguro de prima nivelada de Sanitas es que va a dirigido a cualquier persona, para todas y cada una aquellas personas que est\u00e9n buscando una estabilidad financiera dentro del precio de mercado, asegurando que le den un servicio con unas garant\u00edas altas y muy especializado. <\/p>\n<div class=\"colorf \"  ><div class=\"container clearfix\"><div class=\"col-md-7\"><\/p>\n<h2><span class=\"ez-toc-section\" id=\"Precio_de_seguro_de_decesos_Prima_Nivelada_Sanitas\"><\/span>Precio de seguro de decesos Prima Nivelada Sanitas<span class=\"ez-toc-section-end\"><\/span><\/h2>\n<p>El precio de la prima nivelada de la Sanitas se halla alrededor de 4,99\u20ac al mes, deber\u00e1s tener en cuenta que este precio ir\u00e1 dependiendo de la persona asegurada, en tanto que se calculan en base a la edad, pero no resultar\u00e1 alterable con el tiempo. Dentro de iDecesos los datos son m\u00e1s f\u00e1ciles de entender, por lo que en el momento de la comparativa no tendr\u00e1s ning\u00fan problema en comprenderlo, te resultar\u00e1 mucho m\u00e1s veloz. <\/p>\n<p><\/div><\/div><\/div>\n<h2><span class=\"ez-toc-section\" id=\"Productos_Prima_Nivelada_Sanitas\"><\/span>Productos Prima Nivelada Sanitas<span class=\"ez-toc-section-end\"><\/span><\/h2>\n<div class=\"colorf\"><div class=\"container clearfix\"><div class=\"col-md-7\"><div class=\"opiniones\">\n<h2><span class=\"ez-toc-section\" id=\"Opiniones_del_seguro_de_decesos_de_Prima_Nivelada_de_Sanitas\"><\/span>Opiniones del seguro de decesos de Prima Nivelada de Sanitas<span class=\"ez-toc-section-end\"><\/span><\/h2>\n<p>Lara Lucas: Me informe previamente amigos o bien conocidos que tuviesen contratada la prima nivelada de Sanitas para asegurarme que tal funcionaba, me puse en contacto con ellos y qued\u00e9 encantada con el servicio que recib\u00ed. Hace unos meses falleci\u00f3 un familiar muy pr\u00f3ximo con lo que contaba con esta p\u00f3liza, es cierto que le dieron todas y cada una de las coberturas y dieron todas facilidades posibles dentro de ese tan bastante dif\u00edcil de administrar. <\/p>\n<div class=\"opinion \"  >\n\t\t\t<div class=\"cabecera_opinion\">\n\t\t\t\t<div class=\"avatar\">A E <\/div>\n\t\t\t\t<div class=\"datos_opinion\">\n\t\t\t\t\t<div class=\"nombre_opinion\">Abril Egea<\/div>\n\t\t\t\t\t<div class=\"info_opinion\">\t\t\t\t\t\t\n\t\t\t\t\t\t<div class=\"cuenta_opinion\"><i class=\"fas fa-pencil-alt\"><\/i><!--span class=\"dashicons dashicons-edit\" style=\"font-size:20px\"><\/span--><span>1 Opini\u00f3n<\/span><\/div>\t\t\t\t\t\t\n\t\t\t\t\t\t<div class=\"localizacion_opinion\">\n\t\t\t\t\t\t\t<i class=\"fas fa-map-marker-alt\"><\/i><!--span class=\"dashicons dashicons-location\" style=\"font-size:20px\"><\/span-->\n\t\t\t\t\t\t\t<span>ES<\/span>\n\t\t\t\t\t\t<\/div>\t\n\t\t\t\t\t<\/div>\n\t\t\t\t<\/div>\n\t\t\t<\/div><div class=\"texto_opinion\"><\/p>\n<p>Me informe previamente amigos o conocidos que ya tuviesen contratada la prima nivelada de Sanitas para asegurarme que tal funcionaba, me puse en contacto con ellos y qued\u00e9 encantada con el servicio que recib\u00ed. Uno de los mejores servicios de atenci\u00f3n que tienen es la asistencia telef\u00f3nica, que solventan cualquier problema inmediatamente, por lo que resulta m\u00e1s sencillo, dando tantas ventajas en ese instante tan doloroso. <\/p>\n<p><\/div><\/div>\n<div class=\"opinion \"  >\n\t\t\t<div class=\"cabecera_opinion\">\n\t\t\t\t<div class=\"avatar\">E M <\/div>\n\t\t\t\t<div class=\"datos_opinion\">\n\t\t\t\t\t<div class=\"nombre_opinion\">Etelvina Martinez<\/div>\n\t\t\t\t\t<div class=\"info_opinion\">\t\t\t\t\t\t\n\t\t\t\t\t\t<div class=\"cuenta_opinion\"><i class=\"fas fa-pencil-alt\"><\/i><!--span class=\"dashicons dashicons-edit\" style=\"font-size:20px\"><\/span--><span>1 Opini\u00f3n<\/span><\/div>\t\t\t\t\t\t\n\t\t\t\t\t\t<div class=\"localizacion_opinion\">\n\t\t\t\t\t\t\t<i class=\"fas fa-map-marker-alt\"><\/i><!--span class=\"dashicons dashicons-location\" style=\"font-size:20px\"><\/span-->\n\t\t\t\t\t\t\t<span>ES<\/span>\n\t\t\t\t\t\t<\/div>\t\n\t\t\t\t\t<\/div>\n\t\t\t\t<\/div>\n\t\t\t<\/div><div class=\"texto_opinion\"><\/p>\n<p>Para mi punto de opini\u00f3n considero que Sanitas con el seguro de prima nivelada es muy aconsejable, cuentan con unas coberturas ampl\u00edsimas, uno de sus asesores me efectu\u00f3 un presupuesto \u00fanico y memorable, contando que siempre y en toda circunstancia es la misma tarifa quede content\u00edsima tanto con el servicio como todo lo que me brinda Sanitas, deseo incorporar que toda mi familia cuenta con esta compa\u00f1\u00eda de seguros. <\/p>\n<p><\/div><\/div>\n<div class=\"opinion \"  >\n\t\t\t<div class=\"cabecera_opinion\">\n\t\t\t\t<div class=\"avatar\">C R <\/div>\n\t\t\t\t<div class=\"datos_opinion\">\n\t\t\t\t\t<div class=\"nombre_opinion\">Cayetano Ruano<\/div>\n\t\t\t\t\t<div class=\"info_opinion\">\t\t\t\t\t\t\n\t\t\t\t\t\t<div class=\"cuenta_opinion\"><i class=\"fas fa-pencil-alt\"><\/i><!--span class=\"dashicons dashicons-edit\" style=\"font-size:20px\"><\/span--><span>1 Opini\u00f3n<\/span><\/div>\t\t\t\t\t\t\n\t\t\t\t\t\t<div class=\"localizacion_opinion\">\n\t\t\t\t\t\t\t<i class=\"fas fa-map-marker-alt\"><\/i><!--span class=\"dashicons dashicons-location\" style=\"font-size:20px\"><\/span-->\n\t\t\t\t\t\t\t<span>ES<\/span>\n\t\t\t\t\t\t<\/div>\t\n\t\t\t\t\t<\/div>\n\t\t\t\t<\/div>\n\t\t\t<\/div><div class=\"texto_opinion\"><\/p>\n<p>Este \u00faltimo a\u00f1o mi situaci\u00f3n econ\u00f3mica cambi\u00f3 un poco por lo que tuve que cambiar de compa\u00f1\u00eda, por lo que use iDecesos que par ami es mi mejor aliado a la hora de ver las diferentes tarifas de las dem\u00e1s empresas aseguradoras, por lo que Sanitas me result\u00f3 muy interesante por ello hice la contrataci\u00f3n de prima nivelada, a d\u00eda de hoy sigo con ellos, as\u00ed que os lo recomiendo. <\/p>\n<p><\/div><\/div>\n<\/div><\/div><\/div><\/div>\n<p><div class=\"oficinas\"><br \/>\n<h3>P\u00e1ginas relacionadas<\/h3><div class=\"enlazado\"><ul> <li><a href=\"https:\/\/idecesos.com\/seguros\/companias\/sanitas\/opiniones\/\">Opiniones Sanitas<\/a><\/li> <li><a href=\"https:\/\/idecesos.com\/seguros\/companias\/sanitas\/precio\/\">Precio seguro Sanitas<\/a><\/li> <li><a href=\"https:\/\/idecesos.com\/seguros\/companias\/sanitas\/prima-mixta\/\">Sanitas Prima Mixta<\/a><\/li> <li><a href=\"https:\/\/idecesos.com\/seguros\/companias\/sanitas\/prima-natural\/\">Sanitas Prima Natural<\/a><\/li> <li><a href=\"https:\/\/idecesos.com\/seguros\/companias\/sanitas\/prima-nivelada\/\">Sanitas Prima Nivelada<\/a><\/li> <li><a href=\"https:\/\/idecesos.com\/seguros\/companias\/sanitas\/prima-unica\/\">Sanitas Prima \u00danica<\/a><\/li> <li><a href=\"https:\/\/idecesos.com\/seguros\/companias\/sanitas\/repatriacion\/\">Sanitas Repatriaci\u00f3n<\/a><\/li> <li><a href=\"https:\/\/idecesos.com\/seguros\/companias\/sanitas\/telefono\/\">Tel\u00e9fono Gratuito Sanitas<\/a><\/li><\/ul><\/div><\/p>\n<\/div>\n","protected":false},"excerpt":{"rendered":"<p>A lo largo de los a\u00f1os se quiere conseguir una prima de forma continua por el que no llegue aumentar una vez comience el a\u00f1o. En un caso as\u00ed se habla de la prima nivelada de Sanitas se encargar\u00e1 de aplicar determinados g\u00e9neros de p\u00f3liza en funci\u00f3n de la edad, el seguro de prima nivelada&hellip; <\/p>\n","protected":false},"author":3,"featured_media":0,"parent":16262,"menu_order":0,"comment_status":"closed","ping_status":"closed","template":"single.php","meta":{"footnotes":""},"class_list":["post-16617","page","type-page","status-publish","hentry"],"yoast_head":"<!-- This site is optimized with the Yoast SEO plugin v27.6 - https:\/\/yoast.com\/product\/yoast-seo-wordpress\/ -->\n<title>Seguro Decesos Sanitas Prima Nivelada \u25b7 Opiniones y Precio 2026<\/title>\n<meta name=\"description\" content=\"Click aqu\u00ed \u3010Seguro de Decesos Prima Nivelada Sanitas\u3011 Mejores precios Sanitas seguro de fallecidos Prima Nivelada \u2611\ufe0f Actualizado por iDecesos\u00ae\" \/>\n<meta name=\"robots\" content=\"index, follow, max-snippet:-1, max-image-preview:large, max-video-preview:-1\" \/>\n<link rel=\"canonical\" href=\"https:\/\/idecesos.com\/seguros\/companias\/sanitas\/prima-nivelada\/\" \/>\n<meta property=\"og:locale\" content=\"es_ES\" \/>\n<meta property=\"og:type\" content=\"article\" \/>\n<meta property=\"og:title\" content=\"Seguro Decesos Sanitas Prima Nivelada \u25b7 Opiniones y Precio 2026\" \/>\n<meta property=\"og:description\" content=\"Click aqu\u00ed \u3010Seguro de Decesos Prima Nivelada Sanitas\u3011 Mejores precios Sanitas seguro de fallecidos Prima Nivelada \u2611\ufe0f Actualizado por iDecesos\u00ae\" \/>\n<meta property=\"og:url\" content=\"https:\/\/idecesos.com\/seguros\/companias\/sanitas\/prima-nivelada\/\" \/>\n<meta property=\"article:modified_time\" content=\"2022-01-03T12:31:45+00:00\" \/>\n<meta name=\"twitter:card\" content=\"summary_large_image\" \/>\n<meta name=\"twitter:label1\" content=\"Tiempo de lectura\" \/>\n\t<meta name=\"twitter:data1\" content=\"57 minutos\" \/>\n<script type=\"application\/ld+json\" class=\"yoast-schema-graph\">{\"@context\":\"https:\\\/\\\/schema.org\",\"@graph\":[{\"@type\":\"WebPage\",\"@id\":\"https:\\\/\\\/idecesos.com\\\/seguros\\\/companias\\\/sanitas\\\/prima-nivelada\\\/\",\"url\":\"https:\\\/\\\/idecesos.com\\\/seguros\\\/companias\\\/sanitas\\\/prima-nivelada\\\/\",\"name\":\"Seguro Decesos Sanitas Prima Nivelada \u25b7 Opiniones y Precio 2026\",\"isPartOf\":{\"@id\":\"https:\\\/\\\/idecesos.com\\\/seguros\\\/#website\"},\"datePublished\":\"2021-12-05T16:42:04+00:00\",\"dateModified\":\"2022-01-03T12:31:45+00:00\",\"description\":\"Click aqu\u00ed \u3010Seguro de Decesos Prima Nivelada Sanitas\u3011 Mejores precios Sanitas seguro de fallecidos Prima Nivelada \u2611\ufe0f Actualizado por iDecesos\u00ae\",\"breadcrumb\":{\"@id\":\"https:\\\/\\\/idecesos.com\\\/seguros\\\/companias\\\/sanitas\\\/prima-nivelada\\\/#breadcrumb\"},\"inLanguage\":\"es\",\"potentialAction\":[{\"@type\":\"ReadAction\",\"target\":[\"https:\\\/\\\/idecesos.com\\\/seguros\\\/companias\\\/sanitas\\\/prima-nivelada\\\/\"]}]},{\"@type\":\"BreadcrumbList\",\"@id\":\"https:\\\/\\\/idecesos.com\\\/seguros\\\/companias\\\/sanitas\\\/prima-nivelada\\\/#breadcrumb\",\"itemListElement\":[{\"@type\":\"ListItem\",\"position\":1,\"name\":\"Portada\",\"item\":\"https:\\\/\\\/idecesos.com\\\/seguros\\\/\"},{\"@type\":\"ListItem\",\"position\":2,\"name\":\"Compa\u00f1\u00edas de Seguros de Decesos en Espa\u00f1a\",\"item\":\"https:\\\/\\\/idecesos.com\\\/seguros\\\/companias\\\/\"},{\"@type\":\"ListItem\",\"position\":3,\"name\":\"Seguro de decesos Sanitas\",\"item\":\"https:\\\/\\\/idecesos.com\\\/seguros\\\/companias\\\/sanitas\\\/\"},{\"@type\":\"ListItem\",\"position\":4,\"name\":\"Seguro de decesos Sanitas Prima Nivelada\"}]},{\"@type\":\"WebSite\",\"@id\":\"https:\\\/\\\/idecesos.com\\\/seguros\\\/#website\",\"url\":\"https:\\\/\\\/idecesos.com\\\/seguros\\\/\",\"name\":\"\",\"description\":\"\",\"potentialAction\":[{\"@type\":\"SearchAction\",\"target\":{\"@type\":\"EntryPoint\",\"urlTemplate\":\"https:\\\/\\\/idecesos.com\\\/seguros\\\/?s={search_term_string}\"},\"query-input\":{\"@type\":\"PropertyValueSpecification\",\"valueRequired\":true,\"valueName\":\"search_term_string\"}}],\"inLanguage\":\"es\"}]}<\/script>\n<!-- \/ Yoast SEO plugin. -->","yoast_head_json":{"title":"Seguro Decesos Sanitas Prima Nivelada \u25b7 Opiniones y Precio 2026","description":"Click aqu\u00ed \u3010Seguro de Decesos Prima Nivelada Sanitas\u3011 Mejores precios Sanitas seguro de fallecidos Prima Nivelada \u2611\ufe0f Actualizado por iDecesos\u00ae","robots":{"index":"index","follow":"follow","max-snippet":"max-snippet:-1","max-image-preview":"max-image-preview:large","max-video-preview":"max-video-preview:-1"},"canonical":"https:\/\/idecesos.com\/seguros\/companias\/sanitas\/prima-nivelada\/","og_locale":"es_ES","og_type":"article","og_title":"Seguro Decesos Sanitas Prima Nivelada \u25b7 Opiniones y Precio 2026","og_description":"Click aqu\u00ed \u3010Seguro de Decesos Prima Nivelada Sanitas\u3011 Mejores precios Sanitas seguro de fallecidos Prima Nivelada \u2611\ufe0f Actualizado por iDecesos\u00ae","og_url":"https:\/\/idecesos.com\/seguros\/companias\/sanitas\/prima-nivelada\/","article_modified_time":"2022-01-03T12:31:45+00:00","twitter_card":"summary_large_image","twitter_misc":{"Tiempo de lectura":"57 minutos"},"schema":{"@context":"https:\/\/schema.org","@graph":[{"@type":"WebPage","@id":"https:\/\/idecesos.com\/seguros\/companias\/sanitas\/prima-nivelada\/","url":"https:\/\/idecesos.com\/seguros\/companias\/sanitas\/prima-nivelada\/","name":"Seguro Decesos Sanitas Prima Nivelada \u25b7 Opiniones y Precio 2026","isPartOf":{"@id":"https:\/\/idecesos.com\/seguros\/#website"},"datePublished":"2021-12-05T16:42:04+00:00","dateModified":"2022-01-03T12:31:45+00:00","description":"Click aqu\u00ed \u3010Seguro de Decesos Prima Nivelada Sanitas\u3011 Mejores precios Sanitas seguro de fallecidos Prima Nivelada \u2611\ufe0f Actualizado por iDecesos\u00ae","breadcrumb":{"@id":"https:\/\/idecesos.com\/seguros\/companias\/sanitas\/prima-nivelada\/#breadcrumb"},"inLanguage":"es","potentialAction":[{"@type":"ReadAction","target":["https:\/\/idecesos.com\/seguros\/companias\/sanitas\/prima-nivelada\/"]}]},{"@type":"BreadcrumbList","@id":"https:\/\/idecesos.com\/seguros\/companias\/sanitas\/prima-nivelada\/#breadcrumb","itemListElement":[{"@type":"ListItem","position":1,"name":"Portada","item":"https:\/\/idecesos.com\/seguros\/"},{"@type":"ListItem","position":2,"name":"Compa\u00f1\u00edas de Seguros de Decesos en Espa\u00f1a","item":"https:\/\/idecesos.com\/seguros\/companias\/"},{"@type":"ListItem","position":3,"name":"Seguro de decesos Sanitas","item":"https:\/\/idecesos.com\/seguros\/companias\/sanitas\/"},{"@type":"ListItem","position":4,"name":"Seguro de decesos Sanitas Prima Nivelada"}]},{"@type":"WebSite","@id":"https:\/\/idecesos.com\/seguros\/#website","url":"https:\/\/idecesos.com\/seguros\/","name":"","description":"","potentialAction":[{"@type":"SearchAction","target":{"@type":"EntryPoint","urlTemplate":"https:\/\/idecesos.com\/seguros\/?s={search_term_string}"},"query-input":{"@type":"PropertyValueSpecification","valueRequired":true,"valueName":"search_term_string"}}],"inLanguage":"es"}]}},"_links":{"self":[{"href":"https:\/\/idecesos.com\/seguros\/wp-json\/wp\/v2\/pages\/16617","targetHints":{"allow":["GET"]}}],"collection":[{"href":"https:\/\/idecesos.com\/seguros\/wp-json\/wp\/v2\/pages"}],"about":[{"href":"https:\/\/idecesos.com\/seguros\/wp-json\/wp\/v2\/types\/page"}],"author":[{"embeddable":true,"href":"https:\/\/idecesos.com\/seguros\/wp-json\/wp\/v2\/users\/3"}],"replies":[{"embeddable":true,"href":"https:\/\/idecesos.com\/seguros\/wp-json\/wp\/v2\/comments?post=16617"}],"version-history":[{"count":1,"href":"https:\/\/idecesos.com\/seguros\/wp-json\/wp\/v2\/pages\/16617\/revisions"}],"predecessor-version":[{"id":18441,"href":"https:\/\/idecesos.com\/seguros\/wp-json\/wp\/v2\/pages\/16617\/revisions\/18441"}],"up":[{"embeddable":true,"href":"https:\/\/idecesos.com\/seguros\/wp-json\/wp\/v2\/pages\/16262"}],"wp:attachment":[{"href":"https:\/\/idecesos.com\/seguros\/wp-json\/wp\/v2\/media?parent=16617"}],"curies":[{"name":"wp","href":"https:\/\/api.w.org\/{rel}","templated":true}]}}