{"id":16618,"date":"2021-12-05T16:42:05","date_gmt":"2021-12-05T16:42:05","guid":{"rendered":"https:\/\/idecesos.com\/seguros\/companias\/vivaz\/prima-mixta\/"},"modified":"2022-01-03T12:31:51","modified_gmt":"2022-01-03T12:31:51","slug":"prima-mixta","status":"publish","type":"page","link":"https:\/\/idecesos.com\/seguros\/companias\/vivaz\/prima-mixta\/","title":{"rendered":"Seguro de decesos Vivaz Prima Mixta"},"content":{"rendered":"<div id=\"ez-toc-container\" class=\"ez-toc-v2_0_83 ez-toc-wrap-center counter-hierarchy ez-toc-counter ez-toc-custom ez-toc-container-direction\">\n<div class=\"ez-toc-title-container\">\n<p class=\"ez-toc-title\" style=\"cursor:inherit\">Tabla de Contenido<\/p>\n<span class=\"ez-toc-title-toggle\"><a href=\"#\" class=\"ez-toc-pull-right ez-toc-btn ez-toc-btn-xs ez-toc-btn-default ez-toc-toggle\" aria-label=\"Alternar tabla de contenidos\"><span class=\"ez-toc-js-icon-con\"><span class=\"\"><span class=\"eztoc-hide\" style=\"display:none;\">Toggle<\/span><span class=\"ez-toc-icon-toggle-span\"><svg style=\"fill: #db6415;color:#db6415\" xmlns=\"http:\/\/www.w3.org\/2000\/svg\" class=\"list-377408\" width=\"20px\" height=\"20px\" viewBox=\"0 0 24 24\" fill=\"none\"><path d=\"M6 6H4v2h2V6zm14 0H8v2h12V6zM4 11h2v2H4v-2zm16 0H8v2h12v-2zM4 16h2v2H4v-2zm16 0H8v2h12v-2z\" fill=\"currentColor\"><\/path><\/svg><svg style=\"fill: #db6415;color:#db6415\" class=\"arrow-unsorted-368013\" xmlns=\"http:\/\/www.w3.org\/2000\/svg\" width=\"10px\" height=\"10px\" viewBox=\"0 0 24 24\" version=\"1.2\" baseProfile=\"tiny\"><path d=\"M18.2 9.3l-6.2-6.3-6.2 6.3c-.2.2-.3.4-.3.7s.1.5.3.7c.2.2.4.3.7.3h11c.3 0 .5-.1.7-.3.2-.2.3-.5.3-.7s-.1-.5-.3-.7zM5.8 14.7l6.2 6.3 6.2-6.3c.2-.2.3-.5.3-.7s-.1-.5-.3-.7c-.2-.2-.4-.3-.7-.3h-11c-.3 0-.5.1-.7.3-.2.2-.3.5-.3.7s.1.5.3.7z\"\/><\/svg><\/span><\/span><\/span><\/a><\/span><\/div>\n<nav><ul class='ez-toc-list ez-toc-list-level-1 ' ><li class='ez-toc-page-1 ez-toc-heading-level-2'><a class=\"ez-toc-link ez-toc-heading-1\" href=\"https:\/\/idecesos.com\/seguros\/companias\/vivaz\/prima-mixta\/#Coberturas_seguro_Prima_Mixta_Vivaz\" >Coberturas seguro Prima Mixta Vivaz<\/a><ul class='ez-toc-list-level-3' ><li class='ez-toc-heading-level-3'><a class=\"ez-toc-link ez-toc-heading-2\" href=\"https:\/\/idecesos.com\/seguros\/companias\/vivaz\/prima-mixta\/#%C2%BFA_quien_va_dirigido_el_seguro_de_decesos_Prima_Mixta_de_Vivaz\" >\u00bfA qui\u00e9n va dirigido el seguro de decesos Prima Mixta de Vivaz?<\/a><\/li><\/ul><\/li><li class='ez-toc-page-1 ez-toc-heading-level-2'><a class=\"ez-toc-link ez-toc-heading-3\" href=\"https:\/\/idecesos.com\/seguros\/companias\/vivaz\/prima-mixta\/#Precio_de_seguro_de_decesos_Prima_Mixta_Vivaz\" >Precio de seguro de decesos Prima Mixta Vivaz<\/a><\/li><li class='ez-toc-page-1 ez-toc-heading-level-2'><a class=\"ez-toc-link ez-toc-heading-4\" href=\"https:\/\/idecesos.com\/seguros\/companias\/vivaz\/prima-mixta\/#Productos_Prima_Mixta_Vivaz\" >Productos Prima Mixta Vivaz<\/a><\/li><li class='ez-toc-page-1 ez-toc-heading-level-2'><a class=\"ez-toc-link ez-toc-heading-5\" href=\"https:\/\/idecesos.com\/seguros\/companias\/vivaz\/prima-mixta\/#Opiniones_del_seguro_de_decesos_de_Prima_Mixta_de_Vivaz\" >Opiniones del seguro de decesos de Prima Mixta de Vivaz<\/a><\/li><\/ul><\/nav><\/div>\n\n<p>El seguro de prima mixta Vivaz es la combinaci\u00f3n de la prima natural y la prima nivelada. O sea, la prima es creciente conforme se van cumpliendo los a\u00f1os y asimismo se valoriza el valor del servicio l\u00fagubre asociado pero se estabiliza ya mayor para que el precio de la prima no se vuelva inalcanzable y cuando seamos pensionistas no nos pese seguir pagando la prima mixta de Vivaz. Dentro de los gastos cuenta con la calma de que no va a ocurrir ninguna alteraci\u00f3n durante el transcurso de los a\u00f1os. <\/p>\n<p>Leer m\u00e1s: <a href=\"https:\/\/idecesos.com\/seguros\/tipo\/mixta\/\">Seguro de decesos Prima Mixta<\/a><\/p>\n<div class=\"colorf \"  ><div class=\"container clearfix\"><div class=\"col-md-7\"><\/p>\n<h2><span class=\"ez-toc-section\" id=\"Coberturas_seguro_Prima_Mixta_Vivaz\"><\/span>Coberturas seguro Prima Mixta Vivaz<span class=\"ez-toc-section-end\"><\/span><\/h2>\n<p>Para los clientes del servicio m\u00e1s exigentes pueden contar con las coberturas de la prima mixta Vivaz aparte de tener una calidad conforme las creencias de cada cliente del servicio. Lo m\u00e1s destacable de las coberturas conforme las creencias de los clientes del servicio es el servicio recibido de funeraria de Vivaz cuanta con grandes valoraciones por las coberturas de prima mixta Vivaz. Dentro de la p\u00f3liza de prima mixta Vivaz cuenta con las coberturas que engloban desde el traslado singular, y con todos los complementos como los quedan recogido como son (servicio religioso, asistencia familiar, preparaci\u00f3n de la sala del velatorio para dar el \u00faltimo adi\u00f3s) adem\u00e1s de acondicionar al cad\u00e1ver para que luzca un aspecto m\u00e1s elegante. Se har\u00e1 de la forma m\u00e1s exhaustiva, acondicionando todo en ese d\u00eda tan singular, el ata\u00fad, florister\u00eda, ya sea incineraci\u00f3n o urna. <\/p>\n<p><\/div><\/div><\/div>\n<h3><span class=\"ez-toc-section\" id=\"%C2%BFA_quien_va_dirigido_el_seguro_de_decesos_Prima_Mixta_de_Vivaz\"><\/span>\u00bfA qui\u00e9n va dirigido el seguro de decesos Prima Mixta de Vivaz?<span class=\"ez-toc-section-end\"><\/span><\/h3>\n<p>En Vivaz con su seguro de prima mixta est\u00e1 enfocado para personas que no lleguen a superar m\u00e1s de los 50 a\u00f1os de edad, en tanto que es m\u00e1s referido para personas j\u00f3venes o bien n\u00facleos familiares, por lo que disfrutaran m\u00e1s de estas coberturas y servicios, puesto que no cuentan con subidas anuales, por lo que van a poder emplear los diferentes servicios. <\/p>\n<div class=\"colorf \"  ><div class=\"container clearfix\"><div class=\"col-md-7\"><\/p>\n<h2><span class=\"ez-toc-section\" id=\"Precio_de_seguro_de_decesos_Prima_Mixta_Vivaz\"><\/span>Precio de seguro de decesos Prima Mixta Vivaz<span class=\"ez-toc-section-end\"><\/span><\/h2>\n<p>Si tienes una edad de entre los 20 a\u00f1os, en dependencia de la localidad de los servicios funerarios pueden ser m\u00e1s bajos, se contempla que el coste del seguro de decesos de prima mixta es de 2,15\u20ac mensualmente. Es bastante dif\u00edcil hallar una Vivaz de prima mixta que ofrece unas coberturas de calidad y que su coste sea accesible. Con iDecesos si tienes alguna duda con respecto a la Vivaz sobre tu prima mixta, con el comparador lo tendr\u00e1s m\u00e1s claro. Aparte de obtener la informaci\u00f3n en cuesti\u00f3n de segundos. <\/p>\n<p><\/div><\/div><\/div>\n<h2><span class=\"ez-toc-section\" id=\"Productos_Prima_Mixta_Vivaz\"><\/span>Productos Prima Mixta Vivaz<span class=\"ez-toc-section-end\"><\/span><\/h2>\n<div class=\"colorf\"><div class=\"container clearfix\"><div class=\"col-md-7\"><div class=\"opiniones\">\n<h2><span class=\"ez-toc-section\" id=\"Opiniones_del_seguro_de_decesos_de_Prima_Mixta_de_Vivaz\"><\/span>Opiniones del seguro de decesos de Prima Mixta de Vivaz<span class=\"ez-toc-section-end\"><\/span><\/h2>\n<p>La prima mixta de Vivaz es de las que mejor opinan tienen en iDecesos, en tanto que est\u00e1n de manera filtrada y son clasificadas por especialistas. Las creencias positivas son resultado de que cuenta con una cobertura completa y un servicio muy dedicado. La Direcci\u00f3n General de seguros (D. G. S) cuenta con las distintas categor\u00edas de demanda que garantiza la empresa de seguros Vivaz. <\/p>\n<div class=\"opinion \"  >\n\t\t\t<div class=\"cabecera_opinion\">\n\t\t\t\t<div class=\"avatar\">B G <\/div>\n\t\t\t\t<div class=\"datos_opinion\">\n\t\t\t\t\t<div class=\"nombre_opinion\">Bego\u00f1a Garrido<\/div>\n\t\t\t\t\t<div class=\"info_opinion\">\t\t\t\t\t\t\n\t\t\t\t\t\t<div class=\"cuenta_opinion\"><i class=\"fas fa-pencil-alt\"><\/i><!--span class=\"dashicons dashicons-edit\" style=\"font-size:20px\"><\/span--><span>1 Opini\u00f3n<\/span><\/div>\t\t\t\t\t\t\n\t\t\t\t\t\t<div class=\"localizacion_opinion\">\n\t\t\t\t\t\t\t<i class=\"fas fa-map-marker-alt\"><\/i><!--span class=\"dashicons dashicons-location\" style=\"font-size:20px\"><\/span-->\n\t\t\t\t\t\t\t<span>ES<\/span>\n\t\t\t\t\t\t<\/div>\t\n\t\t\t\t\t<\/div>\n\t\t\t\t<\/div>\n\t\t\t<\/div><div class=\"texto_opinion\"><\/p>\n<p>Recomiendo el seguro de decesos de prima Mixta de Vivaz, lo contratamos para mi difunto padre y nos dieron un servicio muy apropiado.<\/p>\n<p><\/div><\/div>\n<div class=\"opinion \"  >\n\t\t\t<div class=\"cabecera_opinion\">\n\t\t\t\t<div class=\"avatar\">J A <\/div>\n\t\t\t\t<div class=\"datos_opinion\">\n\t\t\t\t\t<div class=\"nombre_opinion\">Juan Antonio<\/div>\n\t\t\t\t\t<div class=\"info_opinion\">\t\t\t\t\t\t\n\t\t\t\t\t\t<div class=\"cuenta_opinion\"><i class=\"fas fa-pencil-alt\"><\/i><!--span class=\"dashicons dashicons-edit\" style=\"font-size:20px\"><\/span--><span>1 Opini\u00f3n<\/span><\/div>\t\t\t\t\t\t\n\t\t\t\t\t\t<div class=\"localizacion_opinion\">\n\t\t\t\t\t\t\t<i class=\"fas fa-map-marker-alt\"><\/i><!--span class=\"dashicons dashicons-location\" style=\"font-size:20px\"><\/span-->\n\t\t\t\t\t\t\t<span>ES<\/span>\n\t\t\t\t\t\t<\/div>\t\n\t\t\t\t\t<\/div>\n\t\t\t\t<\/div>\n\t\t\t<\/div><div class=\"texto_opinion\"><\/p>\n<p>Recomiendo el seguro de decesos de prima Mixta de Vivaz, lo contratamos para mi fallecido padre y nos dieron un servicio muy apropiado.<\/p>\n<p><\/div><\/div>\n<div class=\"opinion \"  >\n\t\t\t<div class=\"cabecera_opinion\">\n\t\t\t\t<div class=\"avatar\">A M <\/div>\n\t\t\t\t<div class=\"datos_opinion\">\n\t\t\t\t\t<div class=\"nombre_opinion\">Anabel Maite<\/div>\n\t\t\t\t\t<div class=\"info_opinion\">\t\t\t\t\t\t\n\t\t\t\t\t\t<div class=\"cuenta_opinion\"><i class=\"fas fa-pencil-alt\"><\/i><!--span class=\"dashicons dashicons-edit\" style=\"font-size:20px\"><\/span--><span>1 Opini\u00f3n<\/span><\/div>\t\t\t\t\t\t\n\t\t\t\t\t\t<div class=\"localizacion_opinion\">\n\t\t\t\t\t\t\t<i class=\"fas fa-map-marker-alt\"><\/i><!--span class=\"dashicons dashicons-location\" style=\"font-size:20px\"><\/span-->\n\t\t\t\t\t\t\t<span>ES<\/span>\n\t\t\t\t\t\t<\/div>\t\n\t\t\t\t\t<\/div>\n\t\t\t\t<\/div>\n\t\t\t<\/div><div class=\"texto_opinion\"><\/p>\n<p>Realice la contrataci\u00f3n del seguro de prima Mixta de Vivaz puesto que las coberturas que cuentan, son las que necesito, aparte de recibir una buena atenci\u00f3n muy personalizada.<\/p>\n<p><\/div><\/div>\n<\/div><\/div><\/div><\/div>\n<p><div class=\"oficinas\"><br \/>\n<h3>P\u00e1ginas relacionadas<\/h3><div class=\"enlazado\"><ul> <li><a href=\"https:\/\/idecesos.com\/seguros\/companias\/vivaz\/opiniones\/\">Opiniones Vivaz<\/a><\/li> <li><a href=\"https:\/\/idecesos.com\/seguros\/companias\/vivaz\/precio\/\">Precio seguro Vivaz<\/a><\/li> <li><a href=\"https:\/\/idecesos.com\/seguros\/companias\/vivaz\/prima-mixta\/\">Vivaz Prima Mixta<\/a><\/li> <li><a href=\"https:\/\/idecesos.com\/seguros\/companias\/vivaz\/prima-natural\/\">Vivaz Prima Natural<\/a><\/li> <li><a href=\"https:\/\/idecesos.com\/seguros\/companias\/vivaz\/prima-nivelada\/\">Vivaz Prima Nivelada<\/a><\/li> <li><a href=\"https:\/\/idecesos.com\/seguros\/companias\/vivaz\/prima-unica\/\">Vivaz Prima \u00danica<\/a><\/li> <li><a href=\"https:\/\/idecesos.com\/seguros\/companias\/vivaz\/repatriacion\/\">Vivaz Repatriaci\u00f3n<\/a><\/li> <li><a href=\"https:\/\/idecesos.com\/seguros\/companias\/vivaz\/telefono\/\">Tel\u00e9fono Gratuito Vivaz<\/a><\/li>                                                                                                                                                                                                                                                                                                                                                                                                                                                                                                                                                                                                                                                                                                                                                                                                                                                                                                                                                                                                                                                                                                                                                                                                                                                                                                                                                                                                                                                                                                                                                                                                                                                                                                                                                                                                                                                                                                                                                                                                                                                                                                                                                                                                                                                                                                                                                                                                                                                                                                                                                                                                                                                                                                                                                                                                                                                                                                                                                                                                                                                                                                                              <\/ul><\/div><\/p>\n<\/div>\n","protected":false},"excerpt":{"rendered":"<p>El seguro de prima mixta Vivaz es la combinaci\u00f3n de la prima natural y la prima nivelada. O sea, la prima es creciente conforme se van cumpliendo los a\u00f1os y asimismo se valoriza el valor del servicio l\u00fagubre asociado pero se estabiliza ya mayor para que el precio de la prima no se vuelva inalcanzable&hellip; <\/p>\n","protected":false},"author":3,"featured_media":0,"parent":15257,"menu_order":0,"comment_status":"closed","ping_status":"closed","template":"single.php","meta":{"footnotes":""},"class_list":["post-16618","page","type-page","status-publish","hentry"],"yoast_head":"<!-- This site is optimized with the Yoast SEO plugin v27.6 - https:\/\/yoast.com\/product\/yoast-seo-wordpress\/ -->\n<title>Seguro Decesos Vivaz Prima Mixta \u25b7 Opiniones y Precio 2026<\/title>\n<meta name=\"description\" content=\"Click aqu\u00ed \u3010Seguro de Decesos Prima Mixta Vivaz\u3011 Mejores precios Vivaz seguro de fallecidos Prima Mixta \u2611\ufe0f Actualizado por iDecesos\u00ae\" \/>\n<meta name=\"robots\" content=\"index, follow, max-snippet:-1, max-image-preview:large, max-video-preview:-1\" \/>\n<link rel=\"canonical\" href=\"https:\/\/idecesos.com\/seguros\/companias\/vivaz\/prima-mixta\/\" \/>\n<meta property=\"og:locale\" content=\"es_ES\" \/>\n<meta property=\"og:type\" content=\"article\" \/>\n<meta property=\"og:title\" content=\"Seguro Decesos Vivaz Prima Mixta \u25b7 Opiniones y Precio 2026\" \/>\n<meta property=\"og:description\" content=\"Click aqu\u00ed \u3010Seguro de Decesos Prima Mixta Vivaz\u3011 Mejores precios Vivaz seguro de fallecidos Prima Mixta \u2611\ufe0f Actualizado por iDecesos\u00ae\" \/>\n<meta property=\"og:url\" content=\"https:\/\/idecesos.com\/seguros\/companias\/vivaz\/prima-mixta\/\" \/>\n<meta property=\"article:modified_time\" content=\"2022-01-03T12:31:51+00:00\" \/>\n<meta name=\"twitter:card\" content=\"summary_large_image\" \/>\n<meta name=\"twitter:label1\" content=\"Tiempo de lectura\" \/>\n\t<meta name=\"twitter:data1\" content=\"54 minutos\" \/>\n<script type=\"application\/ld+json\" class=\"yoast-schema-graph\">{\"@context\":\"https:\\\/\\\/schema.org\",\"@graph\":[{\"@type\":\"WebPage\",\"@id\":\"https:\\\/\\\/idecesos.com\\\/seguros\\\/companias\\\/vivaz\\\/prima-mixta\\\/\",\"url\":\"https:\\\/\\\/idecesos.com\\\/seguros\\\/companias\\\/vivaz\\\/prima-mixta\\\/\",\"name\":\"Seguro Decesos Vivaz Prima Mixta \u25b7 Opiniones y Precio 2026\",\"isPartOf\":{\"@id\":\"https:\\\/\\\/idecesos.com\\\/seguros\\\/#website\"},\"datePublished\":\"2021-12-05T16:42:05+00:00\",\"dateModified\":\"2022-01-03T12:31:51+00:00\",\"description\":\"Click aqu\u00ed \u3010Seguro de Decesos Prima Mixta Vivaz\u3011 Mejores precios Vivaz seguro de fallecidos Prima Mixta \u2611\ufe0f Actualizado por iDecesos\u00ae\",\"breadcrumb\":{\"@id\":\"https:\\\/\\\/idecesos.com\\\/seguros\\\/companias\\\/vivaz\\\/prima-mixta\\\/#breadcrumb\"},\"inLanguage\":\"es\",\"potentialAction\":[{\"@type\":\"ReadAction\",\"target\":[\"https:\\\/\\\/idecesos.com\\\/seguros\\\/companias\\\/vivaz\\\/prima-mixta\\\/\"]}]},{\"@type\":\"BreadcrumbList\",\"@id\":\"https:\\\/\\\/idecesos.com\\\/seguros\\\/companias\\\/vivaz\\\/prima-mixta\\\/#breadcrumb\",\"itemListElement\":[{\"@type\":\"ListItem\",\"position\":1,\"name\":\"Portada\",\"item\":\"https:\\\/\\\/idecesos.com\\\/seguros\\\/\"},{\"@type\":\"ListItem\",\"position\":2,\"name\":\"Compa\u00f1\u00edas de Seguros de Decesos en Espa\u00f1a\",\"item\":\"https:\\\/\\\/idecesos.com\\\/seguros\\\/companias\\\/\"},{\"@type\":\"ListItem\",\"position\":3,\"name\":\"Seguro de decesos Vivaz\",\"item\":\"https:\\\/\\\/idecesos.com\\\/seguros\\\/companias\\\/vivaz\\\/\"},{\"@type\":\"ListItem\",\"position\":4,\"name\":\"Seguro de decesos Vivaz Prima Mixta\"}]},{\"@type\":\"WebSite\",\"@id\":\"https:\\\/\\\/idecesos.com\\\/seguros\\\/#website\",\"url\":\"https:\\\/\\\/idecesos.com\\\/seguros\\\/\",\"name\":\"\",\"description\":\"\",\"potentialAction\":[{\"@type\":\"SearchAction\",\"target\":{\"@type\":\"EntryPoint\",\"urlTemplate\":\"https:\\\/\\\/idecesos.com\\\/seguros\\\/?s={search_term_string}\"},\"query-input\":{\"@type\":\"PropertyValueSpecification\",\"valueRequired\":true,\"valueName\":\"search_term_string\"}}],\"inLanguage\":\"es\"}]}<\/script>\n<!-- \/ Yoast SEO plugin. -->","yoast_head_json":{"title":"Seguro Decesos Vivaz Prima Mixta \u25b7 Opiniones y Precio 2026","description":"Click aqu\u00ed \u3010Seguro de Decesos Prima Mixta Vivaz\u3011 Mejores precios Vivaz seguro de fallecidos Prima Mixta \u2611\ufe0f Actualizado por iDecesos\u00ae","robots":{"index":"index","follow":"follow","max-snippet":"max-snippet:-1","max-image-preview":"max-image-preview:large","max-video-preview":"max-video-preview:-1"},"canonical":"https:\/\/idecesos.com\/seguros\/companias\/vivaz\/prima-mixta\/","og_locale":"es_ES","og_type":"article","og_title":"Seguro Decesos Vivaz Prima Mixta \u25b7 Opiniones y Precio 2026","og_description":"Click aqu\u00ed \u3010Seguro de Decesos Prima Mixta Vivaz\u3011 Mejores precios Vivaz seguro de fallecidos Prima Mixta \u2611\ufe0f Actualizado por iDecesos\u00ae","og_url":"https:\/\/idecesos.com\/seguros\/companias\/vivaz\/prima-mixta\/","article_modified_time":"2022-01-03T12:31:51+00:00","twitter_card":"summary_large_image","twitter_misc":{"Tiempo de lectura":"54 minutos"},"schema":{"@context":"https:\/\/schema.org","@graph":[{"@type":"WebPage","@id":"https:\/\/idecesos.com\/seguros\/companias\/vivaz\/prima-mixta\/","url":"https:\/\/idecesos.com\/seguros\/companias\/vivaz\/prima-mixta\/","name":"Seguro Decesos Vivaz Prima Mixta \u25b7 Opiniones y Precio 2026","isPartOf":{"@id":"https:\/\/idecesos.com\/seguros\/#website"},"datePublished":"2021-12-05T16:42:05+00:00","dateModified":"2022-01-03T12:31:51+00:00","description":"Click aqu\u00ed \u3010Seguro de Decesos Prima Mixta Vivaz\u3011 Mejores precios Vivaz seguro de fallecidos Prima Mixta \u2611\ufe0f Actualizado por iDecesos\u00ae","breadcrumb":{"@id":"https:\/\/idecesos.com\/seguros\/companias\/vivaz\/prima-mixta\/#breadcrumb"},"inLanguage":"es","potentialAction":[{"@type":"ReadAction","target":["https:\/\/idecesos.com\/seguros\/companias\/vivaz\/prima-mixta\/"]}]},{"@type":"BreadcrumbList","@id":"https:\/\/idecesos.com\/seguros\/companias\/vivaz\/prima-mixta\/#breadcrumb","itemListElement":[{"@type":"ListItem","position":1,"name":"Portada","item":"https:\/\/idecesos.com\/seguros\/"},{"@type":"ListItem","position":2,"name":"Compa\u00f1\u00edas de Seguros de Decesos en Espa\u00f1a","item":"https:\/\/idecesos.com\/seguros\/companias\/"},{"@type":"ListItem","position":3,"name":"Seguro de decesos Vivaz","item":"https:\/\/idecesos.com\/seguros\/companias\/vivaz\/"},{"@type":"ListItem","position":4,"name":"Seguro de decesos Vivaz Prima Mixta"}]},{"@type":"WebSite","@id":"https:\/\/idecesos.com\/seguros\/#website","url":"https:\/\/idecesos.com\/seguros\/","name":"","description":"","potentialAction":[{"@type":"SearchAction","target":{"@type":"EntryPoint","urlTemplate":"https:\/\/idecesos.com\/seguros\/?s={search_term_string}"},"query-input":{"@type":"PropertyValueSpecification","valueRequired":true,"valueName":"search_term_string"}}],"inLanguage":"es"}]}},"_links":{"self":[{"href":"https:\/\/idecesos.com\/seguros\/wp-json\/wp\/v2\/pages\/16618","targetHints":{"allow":["GET"]}}],"collection":[{"href":"https:\/\/idecesos.com\/seguros\/wp-json\/wp\/v2\/pages"}],"about":[{"href":"https:\/\/idecesos.com\/seguros\/wp-json\/wp\/v2\/types\/page"}],"author":[{"embeddable":true,"href":"https:\/\/idecesos.com\/seguros\/wp-json\/wp\/v2\/users\/3"}],"replies":[{"embeddable":true,"href":"https:\/\/idecesos.com\/seguros\/wp-json\/wp\/v2\/comments?post=16618"}],"version-history":[{"count":1,"href":"https:\/\/idecesos.com\/seguros\/wp-json\/wp\/v2\/pages\/16618\/revisions"}],"predecessor-version":[{"id":18445,"href":"https:\/\/idecesos.com\/seguros\/wp-json\/wp\/v2\/pages\/16618\/revisions\/18445"}],"up":[{"embeddable":true,"href":"https:\/\/idecesos.com\/seguros\/wp-json\/wp\/v2\/pages\/15257"}],"wp:attachment":[{"href":"https:\/\/idecesos.com\/seguros\/wp-json\/wp\/v2\/media?parent=16618"}],"curies":[{"name":"wp","href":"https:\/\/api.w.org\/{rel}","templated":true}]}}