{"id":16621,"date":"2021-12-05T16:42:08","date_gmt":"2021-12-05T16:42:08","guid":{"rendered":"https:\/\/idecesos.com\/seguros\/companias\/sanitas\/prima-natural\/"},"modified":"2022-01-03T12:31:45","modified_gmt":"2022-01-03T12:31:45","slug":"prima-natural","status":"publish","type":"page","link":"https:\/\/idecesos.com\/seguros\/companias\/sanitas\/prima-natural\/","title":{"rendered":"Seguro de decesos Sanitas Prima Natural"},"content":{"rendered":"<div id=\"ez-toc-container\" class=\"ez-toc-v2_0_82_2 ez-toc-wrap-center counter-hierarchy ez-toc-counter ez-toc-custom ez-toc-container-direction\">\n<div class=\"ez-toc-title-container\">\n<p class=\"ez-toc-title\" style=\"cursor:inherit\">Tabla de Contenido<\/p>\n<span class=\"ez-toc-title-toggle\"><a href=\"#\" class=\"ez-toc-pull-right ez-toc-btn ez-toc-btn-xs ez-toc-btn-default ez-toc-toggle\" aria-label=\"Alternar tabla de contenidos\"><span class=\"ez-toc-js-icon-con\"><span class=\"\"><span class=\"eztoc-hide\" style=\"display:none;\">Toggle<\/span><span class=\"ez-toc-icon-toggle-span\"><svg style=\"fill: #db6415;color:#db6415\" xmlns=\"http:\/\/www.w3.org\/2000\/svg\" class=\"list-377408\" width=\"20px\" height=\"20px\" viewBox=\"0 0 24 24\" fill=\"none\"><path d=\"M6 6H4v2h2V6zm14 0H8v2h12V6zM4 11h2v2H4v-2zm16 0H8v2h12v-2zM4 16h2v2H4v-2zm16 0H8v2h12v-2z\" fill=\"currentColor\"><\/path><\/svg><svg style=\"fill: #db6415;color:#db6415\" class=\"arrow-unsorted-368013\" xmlns=\"http:\/\/www.w3.org\/2000\/svg\" width=\"10px\" height=\"10px\" viewBox=\"0 0 24 24\" version=\"1.2\" baseProfile=\"tiny\"><path d=\"M18.2 9.3l-6.2-6.3-6.2 6.3c-.2.2-.3.4-.3.7s.1.5.3.7c.2.2.4.3.7.3h11c.3 0 .5-.1.7-.3.2-.2.3-.5.3-.7s-.1-.5-.3-.7zM5.8 14.7l6.2 6.3 6.2-6.3c.2-.2.3-.5.3-.7s-.1-.5-.3-.7c-.2-.2-.4-.3-.7-.3h-11c-.3 0-.5.1-.7.3-.2.2-.3.5-.3.7s.1.5.3.7z\"\/><\/svg><\/span><\/span><\/span><\/a><\/span><\/div>\n<nav><ul class='ez-toc-list ez-toc-list-level-1 ' ><li class='ez-toc-page-1 ez-toc-heading-level-2'><a class=\"ez-toc-link ez-toc-heading-1\" href=\"https:\/\/idecesos.com\/seguros\/companias\/sanitas\/prima-natural\/#Coberturas_seguro_Prima_Natural_Sanitas\" >Coberturas seguro Prima Natural Sanitas<\/a><ul class='ez-toc-list-level-3' ><li class='ez-toc-heading-level-3'><a class=\"ez-toc-link ez-toc-heading-2\" href=\"https:\/\/idecesos.com\/seguros\/companias\/sanitas\/prima-natural\/#%C2%BFA_quien_va_dirigido_el_seguro_de_decesos_Prima_Natural_de_Sanitas\" >\u00bfA qui\u00e9n va dirigido el seguro de decesos Prima Natural de Sanitas?<\/a><\/li><\/ul><\/li><li class='ez-toc-page-1 ez-toc-heading-level-2'><a class=\"ez-toc-link ez-toc-heading-3\" href=\"https:\/\/idecesos.com\/seguros\/companias\/sanitas\/prima-natural\/#Precio_de_seguro_de_decesos_Prima_Natural_Sanitas\" >Precio de seguro de decesos Prima Natural Sanitas<\/a><\/li><li class='ez-toc-page-1 ez-toc-heading-level-2'><a class=\"ez-toc-link ez-toc-heading-4\" href=\"https:\/\/idecesos.com\/seguros\/companias\/sanitas\/prima-natural\/#Productos_Prima_Natural_Sanitas\" >Productos Prima Natural Sanitas<\/a><\/li><li class='ez-toc-page-1 ez-toc-heading-level-2'><a class=\"ez-toc-link ez-toc-heading-5\" href=\"https:\/\/idecesos.com\/seguros\/companias\/sanitas\/prima-natural\/#Opiniones_del_seguro_de_decesos_de_Prima_Natural_de_Sanitas\" >Opiniones del seguro de decesos de Prima Natural de Sanitas<\/a><ul class='ez-toc-list-level-3' ><li class='ez-toc-heading-level-3'><a class=\"ez-toc-link ez-toc-heading-6\" href=\"https:\/\/idecesos.com\/seguros\/companias\/sanitas\/prima-natural\/#Paginas_relacionadas\" >P\u00e1ginas relacionadas<\/a><\/li><\/ul><\/li><\/ul><\/nav><\/div>\n\n<p>La p\u00f3liza del seguro de decesos de prima natural de Sanitas sube frecuentemente cada a\u00f1o. {Esto es, es variable en tanto que se generan cambios en alza en el precio de la prima a cada vencimiento anual, dado a que los asegurados asociados a la p\u00f3liza de prima natural de Sanitas van cumpliendo a\u00f1os y el peligro se marcha agravando, adem\u00e1s las prestaciones de los servicios funerarios que incluye van subiendo los costes (flores, irpf mano de obra, coste ata\u00fad, alquiler de sala en tanatorio) debido por diferentes factores como puede ser subida de la luz, encarecimiento de materias primas por escasez e ipc entre otros muchos.}<\/p>\n<p>Leer m\u00e1s: <a href=\"https:\/\/idecesos.com\/seguros\/tipo\/natural\/\">Seguro de decesos Prima Natural<\/a><\/p>\n<div class=\"colorf \"  ><div class=\"container clearfix\"><div class=\"col-md-7\"><\/p>\n<h2><span class=\"ez-toc-section\" id=\"Coberturas_seguro_Prima_Natural_Sanitas\"><\/span>Coberturas seguro Prima Natural Sanitas<span class=\"ez-toc-section-end\"><\/span><\/h2>\n<p>Los clientes valoran de manera positiva el seguro de decesos de prima natural de Sanitas por tener unas coberturas m\u00e1s completas como la garant\u00eda que ofrecen en todo momento. Cubren en detalle el servicio funerario y cuentan con coberturas suplementarias. Esto es, ya no s\u00f3lo cubre el funeral, sino va camino de ser un multirriesgo familiar y que se empleen sus garant\u00edas por parte de los asegurados, as\u00ed aumentan la lealtad del cliente de Sanitas. La cobertura de servicio funerario de Sanitas en su seguro de prima natural comprende todos los servicios funerarios; desplazamientos del fallecido en todo el ciclo del sepelio, acondicionamiento del muerto ( dejan en \u00f3ptimas condiciones f\u00edsicas para su presentaci\u00f3n en el velatorio), posibilidades asociadas (flores, necrol\u00f3gica, coche mortuorio, ata\u00fad o bien urna), tanatorio (sala velatorio, acto religioso), personal de asistencia familiar para el asesoramiento y adecuaci\u00f3n del funeral de conformidad con los gustos y costumbres locales y familiares. Cuentan con la cobertura de entierro ya sea con independencia de su elecci\u00f3n de inhumaci\u00f3n o bien entierro, gestionando todos los tr\u00e1mites burocr\u00e1ticos, entre ellos el certificado m\u00e9dico de defunci\u00f3n. Despu\u00e9s de todos y cada uno de los datos e informaci\u00f3n que te hemos proporcionado no te surgir\u00e1n ninguna pregunta al respecto del seguro de prima natural Sanitas y lo que cubre. <\/p>\n<p><\/div><\/div><\/div>\n<h3><span class=\"ez-toc-section\" id=\"%C2%BFA_quien_va_dirigido_el_seguro_de_decesos_Prima_Natural_de_Sanitas\"><\/span>\u00bfA qui\u00e9n va dirigido el seguro de decesos Prima Natural de Sanitas?<span class=\"ez-toc-section-end\"><\/span><\/h3>\n<p>Si eres joven te interesa efectuar la contrataci\u00f3n con Sanitas el seguro de prima natural en tanto que si ocurre alguna situaci\u00f3n de riesgo y falleces el pago resultar\u00e1 bastante econ\u00f3mico. Sin embargo, este seguro de prima natural de Sanitas tiene un inconveniente muy a tener en cuenta, que es el crecimiento de la prima a vencimiento anual. El asegurado de la p\u00f3liza de Sanitas har\u00e1 responsable de llevar a cabo sus revisiones anuales contemplando que no haya ninguna desproporci\u00f3n, si pon alg\u00fan casual llegase a pasar, se tiene que poner en contacto con iDecesos a fin de que le realizan el cambio en la modalidad a fin de que no ocurra m\u00e1s subida. Con lo que pr\u00e1cticamente la mayor\u00eda que lo adquieren son personas j\u00f3venes el seguro de prima natural de Sanitas. <\/p>\n<div class=\"colorf \"  ><div class=\"container clearfix\"><div class=\"col-md-7\"><\/p>\n<h2><span class=\"ez-toc-section\" id=\"Precio_de_seguro_de_decesos_Prima_Natural_Sanitas\"><\/span>Precio de seguro de decesos Prima Natural Sanitas<span class=\"ez-toc-section-end\"><\/span><\/h2>\n<p>El seguro de prima natural de Sanitas su precio es 1,99 euros al mes importe calculado a una persona m\u00e1s joven asegurable y en la localidad donde los costes asociados a los servicios funerarios son m\u00e1s bajos del campo nacional. Es de los mejores costes del seguro de prima natural de Sanitas y de lo m\u00e1s asequible que puede contratar. iDecesos tu mejor aliado para cotejar y escoger adecuadamente el seguro de decesos de prima natural m\u00e1s adaptado a ti. <\/p>\n<p><\/div><\/div><\/div>\n<h2><span class=\"ez-toc-section\" id=\"Productos_Prima_Natural_Sanitas\"><\/span>Productos Prima Natural Sanitas<span class=\"ez-toc-section-end\"><\/span><\/h2>\n<div class=\"colorf\"><div class=\"container clearfix\"><div class=\"col-md-7\"><div class=\"opiniones\">\n<h2><span class=\"ez-toc-section\" id=\"Opiniones_del_seguro_de_decesos_de_Prima_Natural_de_Sanitas\"><\/span>Opiniones del seguro de decesos de Prima Natural de Sanitas<span class=\"ez-toc-section-end\"><\/span><\/h2>\n<div class=\"opinion \"  >\n\t\t\t<div class=\"cabecera_opinion\">\n\t\t\t\t<div class=\"avatar\">I S <\/div>\n\t\t\t\t<div class=\"datos_opinion\">\n\t\t\t\t\t<div class=\"nombre_opinion\">Isa\u00edas Sans<\/div>\n\t\t\t\t\t<div class=\"info_opinion\">\t\t\t\t\t\t\n\t\t\t\t\t\t<div class=\"cuenta_opinion\"><i class=\"fas fa-pencil-alt\"><\/i><!--span class=\"dashicons dashicons-edit\" style=\"font-size:20px\"><\/span--><span>1 Opini\u00f3n<\/span><\/div>\t\t\t\t\t\t\n\t\t\t\t\t\t<div class=\"localizacion_opinion\">\n\t\t\t\t\t\t\t<i class=\"fas fa-map-marker-alt\"><\/i><!--span class=\"dashicons dashicons-location\" style=\"font-size:20px\"><\/span-->\n\t\t\t\t\t\t\t<span>ES<\/span>\n\t\t\t\t\t\t<\/div>\t\n\t\t\t\t\t<\/div>\n\t\t\t\t<\/div>\n\t\t\t<\/div><div class=\"texto_opinion\"><\/p>\n<p>Muy agradecido con sus servicios de Sanitas con el seguro de prima natural.<\/p>\n<p><\/div><\/div>\n<div class=\"opinion \"  >\n\t\t\t<div class=\"cabecera_opinion\">\n\t\t\t\t<div class=\"avatar\">A A <\/div>\n\t\t\t\t<div class=\"datos_opinion\">\n\t\t\t\t\t<div class=\"nombre_opinion\">An\u00edbal Arsenio<\/div>\n\t\t\t\t\t<div class=\"info_opinion\">\t\t\t\t\t\t\n\t\t\t\t\t\t<div class=\"cuenta_opinion\"><i class=\"fas fa-pencil-alt\"><\/i><!--span class=\"dashicons dashicons-edit\" style=\"font-size:20px\"><\/span--><span>1 Opini\u00f3n<\/span><\/div>\t\t\t\t\t\t\n\t\t\t\t\t\t<div class=\"localizacion_opinion\">\n\t\t\t\t\t\t\t<i class=\"fas fa-map-marker-alt\"><\/i><!--span class=\"dashicons dashicons-location\" style=\"font-size:20px\"><\/span-->\n\t\t\t\t\t\t\t<span>ES<\/span>\n\t\t\t\t\t\t<\/div>\t\n\t\t\t\t\t<\/div>\n\t\t\t\t<\/div>\n\t\t\t<\/div><div class=\"texto_opinion\"><\/p>\n<p>Recomiendo el seguro de decesos de prima natural de Sanitas siempre y cuando est\u00e9s dispuesto a repasar anualmente las subidas y preocuparte todos los a\u00f1os de comparar con otras compa\u00f1\u00edas de decesos para cerciorarte de que tienes el mejor producto ajustado a tus necesidades, ojo con este tema.<\/p>\n<p><\/div><\/div>\n<div class=\"opinion \"  >\n\t\t\t<div class=\"cabecera_opinion\">\n\t\t\t\t<div class=\"avatar\">I V <\/div>\n\t\t\t\t<div class=\"datos_opinion\">\n\t\t\t\t\t<div class=\"nombre_opinion\">Isa\u00edas Vilanova<\/div>\n\t\t\t\t\t<div class=\"info_opinion\">\t\t\t\t\t\t\n\t\t\t\t\t\t<div class=\"cuenta_opinion\"><i class=\"fas fa-pencil-alt\"><\/i><!--span class=\"dashicons dashicons-edit\" style=\"font-size:20px\"><\/span--><span>1 Opini\u00f3n<\/span><\/div>\t\t\t\t\t\t\n\t\t\t\t\t\t<div class=\"localizacion_opinion\">\n\t\t\t\t\t\t\t<i class=\"fas fa-map-marker-alt\"><\/i><!--span class=\"dashicons dashicons-location\" style=\"font-size:20px\"><\/span-->\n\t\t\t\t\t\t\t<span>ES<\/span>\n\t\t\t\t\t\t<\/div>\t\n\t\t\t\t\t<\/div>\n\t\t\t\t<\/div>\n\t\t\t<\/div><div class=\"texto_opinion\"><\/p>\n<p>Mi marido lleva trabajando como asesor m\u00e1s de 15 a\u00f1os por lo que le parec\u00eda estupendo la idea de optar por el seguro de prima natural deSanitas para nuestros 3 hijos.<\/p>\n<p><\/div><\/div>\n<\/div><\/div><\/div><\/div>\n<p><div class=\"oficinas\"><br \/>\n<h3><span class=\"ez-toc-section\" id=\"Paginas_relacionadas\"><\/span>P\u00e1ginas relacionadas<span class=\"ez-toc-section-end\"><\/span><\/h3><div class=\"enlazado\"><ul> <li><a href=\"https:\/\/idecesos.com\/seguros\/companias\/sanitas\/opiniones\/\">Opiniones Sanitas<\/a><\/li> <li><a href=\"https:\/\/idecesos.com\/seguros\/companias\/sanitas\/precio\/\">Precio seguro Sanitas<\/a><\/li> <li><a href=\"https:\/\/idecesos.com\/seguros\/companias\/sanitas\/prima-mixta\/\">Sanitas Prima Mixta<\/a><\/li> <li><a href=\"https:\/\/idecesos.com\/seguros\/companias\/sanitas\/prima-natural\/\">Sanitas Prima Natural<\/a><\/li> <li><a href=\"https:\/\/idecesos.com\/seguros\/companias\/sanitas\/prima-nivelada\/\">Sanitas Prima Nivelada<\/a><\/li> <li><a href=\"https:\/\/idecesos.com\/seguros\/companias\/sanitas\/prima-unica\/\">Sanitas Prima \u00danica<\/a><\/li> <li><a href=\"https:\/\/idecesos.com\/seguros\/companias\/sanitas\/repatriacion\/\">Sanitas Repatriaci\u00f3n<\/a><\/li> <li><a href=\"https:\/\/idecesos.com\/seguros\/companias\/sanitas\/telefono\/\">Tel\u00e9fono Gratuito Sanitas<\/a><\/li><\/ul><\/div><\/p>\n<\/div>\n","protected":false},"excerpt":{"rendered":"<p>La p\u00f3liza del seguro de decesos de prima natural de Sanitas sube frecuentemente cada a\u00f1o. {Esto es, es variable en tanto que se generan cambios en alza en el precio de la prima a cada vencimiento anual, dado a que los asegurados asociados a la p\u00f3liza de prima natural de Sanitas van cumpliendo a\u00f1os y&hellip; <\/p>\n","protected":false},"author":3,"featured_media":0,"parent":16262,"menu_order":0,"comment_status":"closed","ping_status":"closed","template":"single.php","meta":{"footnotes":""},"class_list":["post-16621","page","type-page","status-publish","hentry"],"yoast_head":"<!-- This site is optimized with the Yoast SEO plugin v27.3 - https:\/\/yoast.com\/product\/yoast-seo-wordpress\/ -->\n<title>Seguro Decesos Sanitas Prima Natural \u25b7 Opiniones y Precio 2026<\/title>\n<meta name=\"description\" content=\"Click aqu\u00ed \u3010Seguro de Decesos Prima Natural Sanitas\u3011 Mejores precios Sanitas seguro de fallecidos Prima Natural \u2611\ufe0f Actualizado por iDecesos\u00ae\" \/>\n<meta name=\"robots\" content=\"index, follow, max-snippet:-1, max-image-preview:large, max-video-preview:-1\" \/>\n<link rel=\"canonical\" href=\"https:\/\/idecesos.com\/seguros\/companias\/sanitas\/prima-natural\/\" \/>\n<meta property=\"og:locale\" content=\"es_ES\" \/>\n<meta property=\"og:type\" content=\"article\" \/>\n<meta property=\"og:title\" content=\"Seguro Decesos Sanitas Prima Natural \u25b7 Opiniones y Precio 2026\" \/>\n<meta property=\"og:description\" content=\"Click aqu\u00ed \u3010Seguro de Decesos Prima Natural Sanitas\u3011 Mejores precios Sanitas seguro de fallecidos Prima Natural \u2611\ufe0f Actualizado por iDecesos\u00ae\" \/>\n<meta property=\"og:url\" content=\"https:\/\/idecesos.com\/seguros\/companias\/sanitas\/prima-natural\/\" \/>\n<meta property=\"article:modified_time\" content=\"2022-01-03T12:31:45+00:00\" \/>\n<meta name=\"twitter:card\" content=\"summary_large_image\" \/>\n<meta name=\"twitter:label1\" content=\"Tiempo de lectura\" \/>\n\t<meta name=\"twitter:data1\" content=\"54 minutos\" \/>\n<script type=\"application\/ld+json\" class=\"yoast-schema-graph\">{\"@context\":\"https:\\\/\\\/schema.org\",\"@graph\":[{\"@type\":\"WebPage\",\"@id\":\"https:\\\/\\\/idecesos.com\\\/seguros\\\/companias\\\/sanitas\\\/prima-natural\\\/\",\"url\":\"https:\\\/\\\/idecesos.com\\\/seguros\\\/companias\\\/sanitas\\\/prima-natural\\\/\",\"name\":\"Seguro Decesos Sanitas Prima Natural \u25b7 Opiniones y Precio 2026\",\"isPartOf\":{\"@id\":\"https:\\\/\\\/idecesos.com\\\/seguros\\\/#website\"},\"datePublished\":\"2021-12-05T16:42:08+00:00\",\"dateModified\":\"2022-01-03T12:31:45+00:00\",\"description\":\"Click aqu\u00ed \u3010Seguro de Decesos Prima Natural Sanitas\u3011 Mejores precios Sanitas seguro de fallecidos Prima Natural \u2611\ufe0f Actualizado por iDecesos\u00ae\",\"breadcrumb\":{\"@id\":\"https:\\\/\\\/idecesos.com\\\/seguros\\\/companias\\\/sanitas\\\/prima-natural\\\/#breadcrumb\"},\"inLanguage\":\"es\",\"potentialAction\":[{\"@type\":\"ReadAction\",\"target\":[\"https:\\\/\\\/idecesos.com\\\/seguros\\\/companias\\\/sanitas\\\/prima-natural\\\/\"]}]},{\"@type\":\"BreadcrumbList\",\"@id\":\"https:\\\/\\\/idecesos.com\\\/seguros\\\/companias\\\/sanitas\\\/prima-natural\\\/#breadcrumb\",\"itemListElement\":[{\"@type\":\"ListItem\",\"position\":1,\"name\":\"Portada\",\"item\":\"https:\\\/\\\/idecesos.com\\\/seguros\\\/\"},{\"@type\":\"ListItem\",\"position\":2,\"name\":\"Compa\u00f1\u00edas de Seguros de Decesos en Espa\u00f1a\",\"item\":\"https:\\\/\\\/idecesos.com\\\/seguros\\\/companias\\\/\"},{\"@type\":\"ListItem\",\"position\":3,\"name\":\"Seguro de decesos Sanitas\",\"item\":\"https:\\\/\\\/idecesos.com\\\/seguros\\\/companias\\\/sanitas\\\/\"},{\"@type\":\"ListItem\",\"position\":4,\"name\":\"Seguro de decesos Sanitas Prima Natural\"}]},{\"@type\":\"WebSite\",\"@id\":\"https:\\\/\\\/idecesos.com\\\/seguros\\\/#website\",\"url\":\"https:\\\/\\\/idecesos.com\\\/seguros\\\/\",\"name\":\"\",\"description\":\"\",\"potentialAction\":[{\"@type\":\"SearchAction\",\"target\":{\"@type\":\"EntryPoint\",\"urlTemplate\":\"https:\\\/\\\/idecesos.com\\\/seguros\\\/?s={search_term_string}\"},\"query-input\":{\"@type\":\"PropertyValueSpecification\",\"valueRequired\":true,\"valueName\":\"search_term_string\"}}],\"inLanguage\":\"es\"}]}<\/script>\n<!-- \/ Yoast SEO plugin. -->","yoast_head_json":{"title":"Seguro Decesos Sanitas Prima Natural \u25b7 Opiniones y Precio 2026","description":"Click aqu\u00ed \u3010Seguro de Decesos Prima Natural Sanitas\u3011 Mejores precios Sanitas seguro de fallecidos Prima Natural \u2611\ufe0f Actualizado por iDecesos\u00ae","robots":{"index":"index","follow":"follow","max-snippet":"max-snippet:-1","max-image-preview":"max-image-preview:large","max-video-preview":"max-video-preview:-1"},"canonical":"https:\/\/idecesos.com\/seguros\/companias\/sanitas\/prima-natural\/","og_locale":"es_ES","og_type":"article","og_title":"Seguro Decesos Sanitas Prima Natural \u25b7 Opiniones y Precio 2026","og_description":"Click aqu\u00ed \u3010Seguro de Decesos Prima Natural Sanitas\u3011 Mejores precios Sanitas seguro de fallecidos Prima Natural \u2611\ufe0f Actualizado por iDecesos\u00ae","og_url":"https:\/\/idecesos.com\/seguros\/companias\/sanitas\/prima-natural\/","article_modified_time":"2022-01-03T12:31:45+00:00","twitter_card":"summary_large_image","twitter_misc":{"Tiempo de lectura":"54 minutos"},"schema":{"@context":"https:\/\/schema.org","@graph":[{"@type":"WebPage","@id":"https:\/\/idecesos.com\/seguros\/companias\/sanitas\/prima-natural\/","url":"https:\/\/idecesos.com\/seguros\/companias\/sanitas\/prima-natural\/","name":"Seguro Decesos Sanitas Prima Natural \u25b7 Opiniones y Precio 2026","isPartOf":{"@id":"https:\/\/idecesos.com\/seguros\/#website"},"datePublished":"2021-12-05T16:42:08+00:00","dateModified":"2022-01-03T12:31:45+00:00","description":"Click aqu\u00ed \u3010Seguro de Decesos Prima Natural Sanitas\u3011 Mejores precios Sanitas seguro de fallecidos Prima Natural \u2611\ufe0f Actualizado por iDecesos\u00ae","breadcrumb":{"@id":"https:\/\/idecesos.com\/seguros\/companias\/sanitas\/prima-natural\/#breadcrumb"},"inLanguage":"es","potentialAction":[{"@type":"ReadAction","target":["https:\/\/idecesos.com\/seguros\/companias\/sanitas\/prima-natural\/"]}]},{"@type":"BreadcrumbList","@id":"https:\/\/idecesos.com\/seguros\/companias\/sanitas\/prima-natural\/#breadcrumb","itemListElement":[{"@type":"ListItem","position":1,"name":"Portada","item":"https:\/\/idecesos.com\/seguros\/"},{"@type":"ListItem","position":2,"name":"Compa\u00f1\u00edas de Seguros de Decesos en Espa\u00f1a","item":"https:\/\/idecesos.com\/seguros\/companias\/"},{"@type":"ListItem","position":3,"name":"Seguro de decesos Sanitas","item":"https:\/\/idecesos.com\/seguros\/companias\/sanitas\/"},{"@type":"ListItem","position":4,"name":"Seguro de decesos Sanitas Prima Natural"}]},{"@type":"WebSite","@id":"https:\/\/idecesos.com\/seguros\/#website","url":"https:\/\/idecesos.com\/seguros\/","name":"","description":"","potentialAction":[{"@type":"SearchAction","target":{"@type":"EntryPoint","urlTemplate":"https:\/\/idecesos.com\/seguros\/?s={search_term_string}"},"query-input":{"@type":"PropertyValueSpecification","valueRequired":true,"valueName":"search_term_string"}}],"inLanguage":"es"}]}},"_links":{"self":[{"href":"https:\/\/idecesos.com\/seguros\/wp-json\/wp\/v2\/pages\/16621","targetHints":{"allow":["GET"]}}],"collection":[{"href":"https:\/\/idecesos.com\/seguros\/wp-json\/wp\/v2\/pages"}],"about":[{"href":"https:\/\/idecesos.com\/seguros\/wp-json\/wp\/v2\/types\/page"}],"author":[{"embeddable":true,"href":"https:\/\/idecesos.com\/seguros\/wp-json\/wp\/v2\/users\/3"}],"replies":[{"embeddable":true,"href":"https:\/\/idecesos.com\/seguros\/wp-json\/wp\/v2\/comments?post=16621"}],"version-history":[{"count":1,"href":"https:\/\/idecesos.com\/seguros\/wp-json\/wp\/v2\/pages\/16621\/revisions"}],"predecessor-version":[{"id":18440,"href":"https:\/\/idecesos.com\/seguros\/wp-json\/wp\/v2\/pages\/16621\/revisions\/18440"}],"up":[{"embeddable":true,"href":"https:\/\/idecesos.com\/seguros\/wp-json\/wp\/v2\/pages\/16262"}],"wp:attachment":[{"href":"https:\/\/idecesos.com\/seguros\/wp-json\/wp\/v2\/media?parent=16621"}],"curies":[{"name":"wp","href":"https:\/\/api.w.org\/{rel}","templated":true}]}}