{"id":17166,"date":"2021-12-13T11:29:34","date_gmt":"2021-12-13T11:29:34","guid":{"rendered":"https:\/\/idecesos.com\/seguros\/companias\/asociacion-europea\/valladolid\/"},"modified":"2021-12-13T11:29:34","modified_gmt":"2021-12-13T11:29:34","slug":"valladolid","status":"publish","type":"page","link":"https:\/\/idecesos.com\/seguros\/companias\/asociacion-europea\/valladolid\/","title":{"rendered":"Oficinas seguros de decesos Afemefa Seguros en Valladolid"},"content":{"rendered":"<div id=\"ez-toc-container\" class=\"ez-toc-v2_0_82_2 ez-toc-wrap-center counter-hierarchy ez-toc-counter ez-toc-custom ez-toc-container-direction\">\n<div class=\"ez-toc-title-container\">\n<p class=\"ez-toc-title\" style=\"cursor:inherit\">Tabla de Contenido<\/p>\n<span class=\"ez-toc-title-toggle\"><a href=\"#\" class=\"ez-toc-pull-right ez-toc-btn ez-toc-btn-xs ez-toc-btn-default ez-toc-toggle\" aria-label=\"Alternar tabla de contenidos\"><span class=\"ez-toc-js-icon-con\"><span class=\"\"><span class=\"eztoc-hide\" style=\"display:none;\">Toggle<\/span><span class=\"ez-toc-icon-toggle-span\"><svg style=\"fill: #db6415;color:#db6415\" xmlns=\"http:\/\/www.w3.org\/2000\/svg\" class=\"list-377408\" width=\"20px\" height=\"20px\" viewBox=\"0 0 24 24\" fill=\"none\"><path d=\"M6 6H4v2h2V6zm14 0H8v2h12V6zM4 11h2v2H4v-2zm16 0H8v2h12v-2zM4 16h2v2H4v-2zm16 0H8v2h12v-2z\" fill=\"currentColor\"><\/path><\/svg><svg style=\"fill: #db6415;color:#db6415\" class=\"arrow-unsorted-368013\" xmlns=\"http:\/\/www.w3.org\/2000\/svg\" width=\"10px\" height=\"10px\" viewBox=\"0 0 24 24\" version=\"1.2\" baseProfile=\"tiny\"><path d=\"M18.2 9.3l-6.2-6.3-6.2 6.3c-.2.2-.3.4-.3.7s.1.5.3.7c.2.2.4.3.7.3h11c.3 0 .5-.1.7-.3.2-.2.3-.5.3-.7s-.1-.5-.3-.7zM5.8 14.7l6.2 6.3 6.2-6.3c.2-.2.3-.5.3-.7s-.1-.5-.3-.7c-.2-.2-.4-.3-.7-.3h-11c-.3 0-.5.1-.7.3-.2.2-.3.5-.3.7s.1.5.3.7z\"\/><\/svg><\/span><\/span><\/span><\/a><\/span><\/div>\n<nav><ul class='ez-toc-list ez-toc-list-level-1 ' ><li class='ez-toc-page-1 ez-toc-heading-level-2'><a class=\"ez-toc-link ez-toc-heading-1\" href=\"https:\/\/idecesos.com\/seguros\/companias\/asociacion-europea\/valladolid\/#Seguro_de_decesos_Afemefa_Seguros_en_Valladolid\" >Seguro de decesos Afemefa Seguros en Valladolid<\/a><\/li><li class='ez-toc-page-1 ez-toc-heading-level-2'><a class=\"ez-toc-link ez-toc-heading-2\" href=\"https:\/\/idecesos.com\/seguros\/companias\/asociacion-europea\/valladolid\/#Mapa_de_agencias_de_seguros_Afemefa_Seguros_en_Valladolid\" >Mapa de agencias de seguros Afemefa Seguros en Valladolid<\/a><\/li><li class='ez-toc-page-1 ez-toc-heading-level-2'><a class=\"ez-toc-link ez-toc-heading-3\" href=\"https:\/\/idecesos.com\/seguros\/companias\/asociacion-europea\/valladolid\/#Listado_de_agencias_Afemefa_Seguros_en_Valladolid\" >Listado de agencias Afemefa Seguros en Valladolid<\/a><\/li><li class='ez-toc-page-1 ez-toc-heading-level-2'><a class=\"ez-toc-link ez-toc-heading-4\" href=\"https:\/\/idecesos.com\/seguros\/companias\/asociacion-europea\/valladolid\/#Sucursales_de_seguros_de_decesos_en_Valladolid\" >Sucursales de seguros de decesos en Valladolid<\/a><ul class='ez-toc-list-level-3' ><li class='ez-toc-heading-level-3'><a class=\"ez-toc-link ez-toc-heading-5\" href=\"https:\/\/idecesos.com\/seguros\/companias\/asociacion-europea\/valladolid\/#Listado_de_oficinas_Afemefa_Seguros_en_Espana\" >Listado de oficinas Afemefa Seguros en Espa\u00f1a<\/a><\/li><li class='ez-toc-page-1 ez-toc-heading-level-3'><a class=\"ez-toc-link ez-toc-heading-6\" href=\"https:\/\/idecesos.com\/seguros\/companias\/asociacion-europea\/valladolid\/#Paginas_relacionadas\" >P\u00e1ginas relacionadas<\/a><\/li><\/ul><\/li><\/ul><\/nav><\/div>\n<p><br \/>\n<a href=\"https:\/\/idecesos.com\/seguros\/companias\/asociacion-europea\/\"><img decoding=\"async\" class=\" alignleft\" src=\"https:\/\/idecesos.com\/seguros\/wp-content\/uploads\/2021\/10\/Diseno-sin-titulo-150x150.png\" alt=\"Seguro de decesos Afemefa Seguros\" \/><\/a>Para una mejor atenci\u00f3n donde resuelvan sus necesidades o dudas al respect\u00f3, es importante contar con un personal cualificado en el \u00e1mbito, a sabiendas de que lo tiene en Valladolid con una gran variedad de oficinas de Afemefa Seguros y con un horario flexible. Siempre adapt\u00e1ndose a ti. Atendiendo a tus carencias para la gesti\u00f3n del mismo, asimismo cuentas que al estar en una oficina es m\u00e1s eficaz que a la distancia. Tan necesario como importante es poder tener cerca delegaciones de decesos. <\/p>\n<p>Optamos por lo polivalente que resulta la <strong>b\u00fasqueda de oficinas de Afemefa Seguros en Valladolid<\/strong> tratasen todos los inconvenientes que puedas ocurrir quedando resuelto sin inconveniente de forma inmediata. Dando calidad al servicio cerca de ti en cualquier momento. En caso de que se necesite asesoramiento, tendr\u00e1 en toda su posesi\u00f3n del servicio puedan asistir a su empresa de seguros m\u00e1s cercano para la gesti\u00f3n del mismo. <\/p>\n<p>Visita nuestra p\u00e1gina de <a href=\"https:\/\/idecesos.com\/seguros\/companias\/asociacion-europea\/\">seguros de decesos Afemefa Seguros<\/a> para m\u00e1s informaci\u00f3n.<\/p>\n<div class=\"colorf \"  ><div class=\"container clearfix\"><div class=\"col-md-7\">\n<h2><span class=\"ez-toc-section\" id=\"Seguro_de_decesos_Afemefa_Seguros_en_Valladolid\"><\/span>Seguro de decesos Afemefa Seguros en Valladolid<span class=\"ez-toc-section-end\"><\/span><\/h2>\n<p>\u00bfQuieres conseguir en menos de 1 minuto tu presupuesto? te damos la ventaja que lo puedes tener al momento, al ser una de las l\u00edderes en el \u00e1mbito como compa\u00f1\u00eda aseguradora de decesos dispones de sucursales de Afemefa Seguros en Valladolid. Nos gusta obsequiar comodidad y calma, por ello te damos la ventaja de obtener inmediatamente tu presupuesto de seguro, evit\u00e1ndote todos los problemas. \u00bfDe qu\u00e9 manera ahorrar tiempo? Tan sencillo como obtener la informaci\u00f3n que necesites en menos de un 1 minuto, para que lo gestiones de una forma m\u00e1s sencilla. <\/p>\n<p><strong>Ver m\u00e1s:<\/strong> <a href=\"https:\/\/idecesos.com\/seguros\/ciudades\/valladolid\/\">Seguros de decesos en Valladolid<\/a><\/p>\n<p>Cuentas con un formulario que te dar\u00e1 toda la informaci\u00f3n que precises o consideres oportunas. Pudiendo as\u00ed pedir cita anterior para asistir presencialmente a las delegaciones correspondientes de Afemefa Seguros en Valladolid. Asegur\u00e1ndote la buena gesti\u00f3n de la informaci\u00f3n que necesites, evitando que recibas publicidad. Gracias al formulario que hemos querido facilitarle conseguir\u00e1 de forma f\u00e1cil su cita presencial, como la informaci\u00f3n filtrada de la que vaya a precisar. Contando en todo momento con la protecci\u00f3n m\u00e1s seguro, sobr\u00e9 sus datos. <\/p>\n<p><\/div><\/div><\/div>\n\t\t<hr class=\"separador\">\n\t\t<div class=\"bloque-accion\">\n\t\t<p class=\"txt-accion\">Calcula el precio de tu seguro de decesos en menos de 1 minuto<\/p>\n\t\t<a class=\"btn-accion\" href=\"https:\/\/idecesos.com\/\">CALCULAR<\/a>\n\t\t<\/div>\n\t\t<hr class=\"separador\">\n\t\t<\/p>\n<h2><span class=\"ez-toc-section\" id=\"Mapa_de_agencias_de_seguros_Afemefa_Seguros_en_Valladolid\"><\/span>Mapa de agencias de seguros Afemefa Seguros en Valladolid<span class=\"ez-toc-section-end\"><\/span><\/h2>\n<p>Veras que dispones de un <strong>localizador de oficinas en Afemefa Seguros<\/strong> en Valladolid donde conseguir\u00e1s todo cuanto necesites, teniendo as\u00ed un mapa por cada Afemefa Seguros en Valladolid. Evit\u00e1ndote muchos pasos, conseguir\u00e1s de manera m\u00e1s sencilla la informaci\u00f3n que necesites. Por un momento conseguir\u00e1s tenerlo en tus propias manos. Poner soluciones de forma veloz es nuestro trabajo, por este motivo quedase todo solucionado en el instante. <\/p>\n<p><iframe class=\"page-generator-pro-map\" width=\"100%\" height=\"400\" frameborder=\"0\" style=\"border:0\" src=\"https:\/\/www.google.com\/maps\/embed\/v1\/place?q=Valladolid%2C+Espa%C3%B1a&#038;zoom=14&#038;maptype=roadmap&#038;key=AIzaSyCNTEOso0tZG6YMSJFoaJEY5Th1stEWrJI\" allowfullscreen><\/iframe><\/p>\n<div class=\"colorf\"><div class=\"container clearfix\"><div class=\"col-md-7\"><div class=\"empresas\">\n<h2><span class=\"ez-toc-section\" id=\"Listado_de_agencias_Afemefa_Seguros_en_Valladolid\"><\/span>Listado de agencias Afemefa Seguros en Valladolid<span class=\"ez-toc-section-end\"><\/span><\/h2>\n<ul>\n<li><strong>Compa\u00f1\u00eda de seguros m\u00e9dicos Espa\u00f1a:<\/strong> 47002<\/li>\n<\/ul>\n<\/div><\/div><\/div><\/div>\n<h2><span class=\"ez-toc-section\" id=\"Sucursales_de_seguros_de_decesos_en_Valladolid\"><\/span>Sucursales de seguros de decesos en Valladolid<span class=\"ez-toc-section-end\"><\/span><\/h2>\n<p>Te aseguramos que cuentas con nuestro compromiso en todo instante. \u00bf<strong>Compa\u00f1\u00edas de seguros de decesos en Valladolid<\/strong>? Te damos este gran cat\u00e1logo para que sepas las distintas compa\u00f1\u00edas de seguros que hay. Con solo meterte a nuestro link encontrases las informaci\u00f3n relevante y filtrado de mejor manera para ti. <\/p>\n<div class=\"colorf\"><div class=\"container clearfix\"><div class=\"col-md-7\"><div class=\"empresas\">\n<h3><span class=\"ez-toc-section\" id=\"Listado_de_oficinas_Afemefa_Seguros_en_Espana\"><\/span>Listado de oficinas Afemefa Seguros en Espa\u00f1a<span class=\"ez-toc-section-end\"><\/span><\/h3>\n<p><!-- Shortcode [asociacion-europea-oficinas] does not exist --><\/div><\/div><\/div><\/div><\/p>\n<p><div class=\"oficinas\"><br \/>\n<h3><span class=\"ez-toc-section\" id=\"Paginas_relacionadas\"><\/span>P\u00e1ginas relacionadas<span class=\"ez-toc-section-end\"><\/span><\/h3><div class=\"enlazado\"><ul> <li><a href=\"https:\/\/idecesos.com\/seguros\/companias\/asociacion-europea\/opiniones\/\">Opiniones Asociaci\u00f3n Europea<\/a><\/li> <li><a href=\"https:\/\/idecesos.com\/seguros\/companias\/asociacion-europea\/precio\/\">Precio seguro Asociaci\u00f3n Europea<\/a><\/li> <li><a href=\"https:\/\/idecesos.com\/seguros\/companias\/asociacion-europea\/prima-mixta\/\">Asociaci\u00f3n Europea Prima Mixta<\/a><\/li> <li><a href=\"https:\/\/idecesos.com\/seguros\/companias\/asociacion-europea\/prima-natural\/\">Asociaci\u00f3n Europea Prima Natural<\/a><\/li> <li><a href=\"https:\/\/idecesos.com\/seguros\/companias\/asociacion-europea\/prima-nivelada\/\">Asociaci\u00f3n Europea Prima Nivelada<\/a><\/li> <li><a href=\"https:\/\/idecesos.com\/seguros\/companias\/asociacion-europea\/prima-unica\/\">Asociaci\u00f3n Europea Prima \u00danica<\/a><\/li> <li><a href=\"https:\/\/idecesos.com\/seguros\/companias\/asociacion-europea\/repatriacion\/\">Asociaci\u00f3n Europea Repatriaci\u00f3n<\/a><\/li> <li><a href=\"https:\/\/idecesos.com\/seguros\/companias\/asociacion-europea\/telefono\/\">Tel\u00e9fono Gratuito Asociaci\u00f3n Europea<\/a><\/li><\/ul><\/div><br \/>\n<\/div><\/p>\n","protected":false},"excerpt":{"rendered":"<p>Para una mejor atenci\u00f3n donde resuelvan sus necesidades o dudas al respect\u00f3, es importante contar con un personal cualificado en el \u00e1mbito, a sabiendas de que lo tiene en Valladolid con una gran variedad de oficinas de Afemefa Seguros y con un horario flexible. Siempre adapt\u00e1ndose a ti. Atendiendo a tus carencias para la gesti\u00f3n&hellip; <\/p>\n","protected":false},"author":0,"featured_media":0,"parent":6000,"menu_order":0,"comment_status":"closed","ping_status":"closed","template":"single.php","meta":{"footnotes":""},"class_list":["post-17166","page","type-page","status-publish","hentry"],"yoast_head":"<!-- This site is optimized with the Yoast SEO plugin v27.3 - https:\/\/yoast.com\/product\/yoast-seo-wordpress\/ -->\n<title>Oficinas Afemefa Seguros en Valladolid \u25b7Tel\u00e9fonos, Horarios, Direcci\u00f3n<\/title>\n<meta name=\"description\" content=\"Lista completa de Oficinas Afemefa Seguros en Valladolid Horarios, \u2706 tel\u00e9fonos y direcciones actualizados en 2026 \u2611\ufe0f Verificado por iDecesos.\" \/>\n<meta name=\"robots\" content=\"index, follow, max-snippet:-1, max-image-preview:large, max-video-preview:-1\" \/>\n<link rel=\"canonical\" href=\"https:\/\/idecesos.com\/seguros\/companias\/asociacion-europea\/valladolid\/\" \/>\n<meta property=\"og:locale\" content=\"es_ES\" \/>\n<meta property=\"og:type\" content=\"article\" \/>\n<meta property=\"og:title\" content=\"Oficinas Afemefa Seguros en Valladolid \u25b7Tel\u00e9fonos, Horarios, Direcci\u00f3n\" \/>\n<meta property=\"og:description\" content=\"Lista completa de Oficinas Afemefa Seguros en Valladolid Horarios, \u2706 tel\u00e9fonos y direcciones actualizados en 2026 \u2611\ufe0f Verificado por iDecesos.\" \/>\n<meta property=\"og:url\" content=\"https:\/\/idecesos.com\/seguros\/companias\/asociacion-europea\/valladolid\/\" \/>\n<meta property=\"og:image\" content=\"https:\/\/idecesos.com\/seguros\/wp-content\/uploads\/2021\/10\/Diseno-sin-titulo-150x150.png\" \/>\n<meta name=\"twitter:card\" content=\"summary_large_image\" \/>\n<meta name=\"twitter:label1\" content=\"Tiempo de lectura\" \/>\n\t<meta name=\"twitter:data1\" content=\"39 minutos\" \/>\n<script type=\"application\/ld+json\" class=\"yoast-schema-graph\">{\"@context\":\"https:\\\/\\\/schema.org\",\"@graph\":[{\"@type\":\"WebPage\",\"@id\":\"https:\\\/\\\/idecesos.com\\\/seguros\\\/companias\\\/asociacion-europea\\\/valladolid\\\/\",\"url\":\"https:\\\/\\\/idecesos.com\\\/seguros\\\/companias\\\/asociacion-europea\\\/valladolid\\\/\",\"name\":\"Oficinas Afemefa Seguros en Valladolid \u25b7Tel\u00e9fonos, Horarios, Direcci\u00f3n\",\"isPartOf\":{\"@id\":\"https:\\\/\\\/idecesos.com\\\/seguros\\\/#website\"},\"primaryImageOfPage\":{\"@id\":\"https:\\\/\\\/idecesos.com\\\/seguros\\\/companias\\\/asociacion-europea\\\/valladolid\\\/#primaryimage\"},\"image\":{\"@id\":\"https:\\\/\\\/idecesos.com\\\/seguros\\\/companias\\\/asociacion-europea\\\/valladolid\\\/#primaryimage\"},\"thumbnailUrl\":\"https:\\\/\\\/idecesos.com\\\/seguros\\\/wp-content\\\/uploads\\\/2021\\\/10\\\/Diseno-sin-titulo-150x150.png\",\"datePublished\":\"2021-12-13T11:29:34+00:00\",\"description\":\"Lista completa de Oficinas Afemefa Seguros en Valladolid Horarios, \u2706 tel\u00e9fonos y direcciones actualizados en 2026 \u2611\ufe0f Verificado por iDecesos.\",\"breadcrumb\":{\"@id\":\"https:\\\/\\\/idecesos.com\\\/seguros\\\/companias\\\/asociacion-europea\\\/valladolid\\\/#breadcrumb\"},\"inLanguage\":\"es\",\"potentialAction\":[{\"@type\":\"ReadAction\",\"target\":[\"https:\\\/\\\/idecesos.com\\\/seguros\\\/companias\\\/asociacion-europea\\\/valladolid\\\/\"]}]},{\"@type\":\"ImageObject\",\"inLanguage\":\"es\",\"@id\":\"https:\\\/\\\/idecesos.com\\\/seguros\\\/companias\\\/asociacion-europea\\\/valladolid\\\/#primaryimage\",\"url\":\"https:\\\/\\\/idecesos.com\\\/seguros\\\/wp-content\\\/uploads\\\/2021\\\/10\\\/Diseno-sin-titulo.png\",\"contentUrl\":\"https:\\\/\\\/idecesos.com\\\/seguros\\\/wp-content\\\/uploads\\\/2021\\\/10\\\/Diseno-sin-titulo.png\",\"width\":200,\"height\":200},{\"@type\":\"BreadcrumbList\",\"@id\":\"https:\\\/\\\/idecesos.com\\\/seguros\\\/companias\\\/asociacion-europea\\\/valladolid\\\/#breadcrumb\",\"itemListElement\":[{\"@type\":\"ListItem\",\"position\":1,\"name\":\"Portada\",\"item\":\"https:\\\/\\\/idecesos.com\\\/seguros\\\/\"},{\"@type\":\"ListItem\",\"position\":2,\"name\":\"Compa\u00f1\u00edas de Seguros de Decesos en Espa\u00f1a\",\"item\":\"https:\\\/\\\/idecesos.com\\\/seguros\\\/companias\\\/\"},{\"@type\":\"ListItem\",\"position\":3,\"name\":\"Seguro de Decesos Asociaci\u00f3n Europea\",\"item\":\"https:\\\/\\\/idecesos.com\\\/seguros\\\/companias\\\/asociacion-europea\\\/\"},{\"@type\":\"ListItem\",\"position\":4,\"name\":\"Oficinas seguros de decesos Afemefa Seguros en Valladolid\"}]},{\"@type\":\"WebSite\",\"@id\":\"https:\\\/\\\/idecesos.com\\\/seguros\\\/#website\",\"url\":\"https:\\\/\\\/idecesos.com\\\/seguros\\\/\",\"name\":\"\",\"description\":\"\",\"potentialAction\":[{\"@type\":\"SearchAction\",\"target\":{\"@type\":\"EntryPoint\",\"urlTemplate\":\"https:\\\/\\\/idecesos.com\\\/seguros\\\/?s={search_term_string}\"},\"query-input\":{\"@type\":\"PropertyValueSpecification\",\"valueRequired\":true,\"valueName\":\"search_term_string\"}}],\"inLanguage\":\"es\"}]}<\/script>\n<!-- \/ Yoast SEO plugin. -->","yoast_head_json":{"title":"Oficinas Afemefa Seguros en Valladolid \u25b7Tel\u00e9fonos, Horarios, Direcci\u00f3n","description":"Lista completa de Oficinas Afemefa Seguros en Valladolid Horarios, \u2706 tel\u00e9fonos y direcciones actualizados en 2026 \u2611\ufe0f Verificado por iDecesos.","robots":{"index":"index","follow":"follow","max-snippet":"max-snippet:-1","max-image-preview":"max-image-preview:large","max-video-preview":"max-video-preview:-1"},"canonical":"https:\/\/idecesos.com\/seguros\/companias\/asociacion-europea\/valladolid\/","og_locale":"es_ES","og_type":"article","og_title":"Oficinas Afemefa Seguros en Valladolid \u25b7Tel\u00e9fonos, Horarios, Direcci\u00f3n","og_description":"Lista completa de Oficinas Afemefa Seguros en Valladolid Horarios, \u2706 tel\u00e9fonos y direcciones actualizados en 2026 \u2611\ufe0f Verificado por iDecesos.","og_url":"https:\/\/idecesos.com\/seguros\/companias\/asociacion-europea\/valladolid\/","og_image":[{"url":"https:\/\/idecesos.com\/seguros\/wp-content\/uploads\/2021\/10\/Diseno-sin-titulo-150x150.png","type":"","width":"","height":""}],"twitter_card":"summary_large_image","twitter_misc":{"Tiempo de lectura":"39 minutos"},"schema":{"@context":"https:\/\/schema.org","@graph":[{"@type":"WebPage","@id":"https:\/\/idecesos.com\/seguros\/companias\/asociacion-europea\/valladolid\/","url":"https:\/\/idecesos.com\/seguros\/companias\/asociacion-europea\/valladolid\/","name":"Oficinas Afemefa Seguros en Valladolid \u25b7Tel\u00e9fonos, Horarios, Direcci\u00f3n","isPartOf":{"@id":"https:\/\/idecesos.com\/seguros\/#website"},"primaryImageOfPage":{"@id":"https:\/\/idecesos.com\/seguros\/companias\/asociacion-europea\/valladolid\/#primaryimage"},"image":{"@id":"https:\/\/idecesos.com\/seguros\/companias\/asociacion-europea\/valladolid\/#primaryimage"},"thumbnailUrl":"https:\/\/idecesos.com\/seguros\/wp-content\/uploads\/2021\/10\/Diseno-sin-titulo-150x150.png","datePublished":"2021-12-13T11:29:34+00:00","description":"Lista completa de Oficinas Afemefa Seguros en Valladolid Horarios, \u2706 tel\u00e9fonos y direcciones actualizados en 2026 \u2611\ufe0f Verificado por iDecesos.","breadcrumb":{"@id":"https:\/\/idecesos.com\/seguros\/companias\/asociacion-europea\/valladolid\/#breadcrumb"},"inLanguage":"es","potentialAction":[{"@type":"ReadAction","target":["https:\/\/idecesos.com\/seguros\/companias\/asociacion-europea\/valladolid\/"]}]},{"@type":"ImageObject","inLanguage":"es","@id":"https:\/\/idecesos.com\/seguros\/companias\/asociacion-europea\/valladolid\/#primaryimage","url":"https:\/\/idecesos.com\/seguros\/wp-content\/uploads\/2021\/10\/Diseno-sin-titulo.png","contentUrl":"https:\/\/idecesos.com\/seguros\/wp-content\/uploads\/2021\/10\/Diseno-sin-titulo.png","width":200,"height":200},{"@type":"BreadcrumbList","@id":"https:\/\/idecesos.com\/seguros\/companias\/asociacion-europea\/valladolid\/#breadcrumb","itemListElement":[{"@type":"ListItem","position":1,"name":"Portada","item":"https:\/\/idecesos.com\/seguros\/"},{"@type":"ListItem","position":2,"name":"Compa\u00f1\u00edas de Seguros de Decesos en Espa\u00f1a","item":"https:\/\/idecesos.com\/seguros\/companias\/"},{"@type":"ListItem","position":3,"name":"Seguro de Decesos Asociaci\u00f3n Europea","item":"https:\/\/idecesos.com\/seguros\/companias\/asociacion-europea\/"},{"@type":"ListItem","position":4,"name":"Oficinas seguros de decesos Afemefa Seguros en Valladolid"}]},{"@type":"WebSite","@id":"https:\/\/idecesos.com\/seguros\/#website","url":"https:\/\/idecesos.com\/seguros\/","name":"","description":"","potentialAction":[{"@type":"SearchAction","target":{"@type":"EntryPoint","urlTemplate":"https:\/\/idecesos.com\/seguros\/?s={search_term_string}"},"query-input":{"@type":"PropertyValueSpecification","valueRequired":true,"valueName":"search_term_string"}}],"inLanguage":"es"}]}},"_links":{"self":[{"href":"https:\/\/idecesos.com\/seguros\/wp-json\/wp\/v2\/pages\/17166","targetHints":{"allow":["GET"]}}],"collection":[{"href":"https:\/\/idecesos.com\/seguros\/wp-json\/wp\/v2\/pages"}],"about":[{"href":"https:\/\/idecesos.com\/seguros\/wp-json\/wp\/v2\/types\/page"}],"replies":[{"embeddable":true,"href":"https:\/\/idecesos.com\/seguros\/wp-json\/wp\/v2\/comments?post=17166"}],"version-history":[{"count":0,"href":"https:\/\/idecesos.com\/seguros\/wp-json\/wp\/v2\/pages\/17166\/revisions"}],"up":[{"embeddable":true,"href":"https:\/\/idecesos.com\/seguros\/wp-json\/wp\/v2\/pages\/6000"}],"wp:attachment":[{"href":"https:\/\/idecesos.com\/seguros\/wp-json\/wp\/v2\/media?parent=17166"}],"curies":[{"name":"wp","href":"https:\/\/api.w.org\/{rel}","templated":true}]}}