{"id":17169,"date":"2021-12-13T11:32:05","date_gmt":"2021-12-13T11:32:05","guid":{"rendered":"https:\/\/idecesos.com\/seguros\/companias\/asociacion-europea\/murcia\/"},"modified":"2021-12-13T11:32:05","modified_gmt":"2021-12-13T11:32:05","slug":"murcia","status":"publish","type":"page","link":"https:\/\/idecesos.com\/seguros\/companias\/asociacion-europea\/murcia\/","title":{"rendered":"Oficinas seguros de decesos Asociaci\u00f3n Europea Seguros en Murcia"},"content":{"rendered":"<div id=\"ez-toc-container\" class=\"ez-toc-v2_0_82_2 ez-toc-wrap-center counter-hierarchy ez-toc-counter ez-toc-custom ez-toc-container-direction\">\n<div class=\"ez-toc-title-container\">\n<p class=\"ez-toc-title\" style=\"cursor:inherit\">Tabla de Contenido<\/p>\n<span class=\"ez-toc-title-toggle\"><a href=\"#\" class=\"ez-toc-pull-right ez-toc-btn ez-toc-btn-xs ez-toc-btn-default ez-toc-toggle\" aria-label=\"Alternar tabla de contenidos\"><span class=\"ez-toc-js-icon-con\"><span class=\"\"><span class=\"eztoc-hide\" style=\"display:none;\">Toggle<\/span><span class=\"ez-toc-icon-toggle-span\"><svg style=\"fill: #db6415;color:#db6415\" xmlns=\"http:\/\/www.w3.org\/2000\/svg\" class=\"list-377408\" width=\"20px\" height=\"20px\" viewBox=\"0 0 24 24\" fill=\"none\"><path d=\"M6 6H4v2h2V6zm14 0H8v2h12V6zM4 11h2v2H4v-2zm16 0H8v2h12v-2zM4 16h2v2H4v-2zm16 0H8v2h12v-2z\" fill=\"currentColor\"><\/path><\/svg><svg style=\"fill: #db6415;color:#db6415\" class=\"arrow-unsorted-368013\" xmlns=\"http:\/\/www.w3.org\/2000\/svg\" width=\"10px\" height=\"10px\" viewBox=\"0 0 24 24\" version=\"1.2\" baseProfile=\"tiny\"><path d=\"M18.2 9.3l-6.2-6.3-6.2 6.3c-.2.2-.3.4-.3.7s.1.5.3.7c.2.2.4.3.7.3h11c.3 0 .5-.1.7-.3.2-.2.3-.5.3-.7s-.1-.5-.3-.7zM5.8 14.7l6.2 6.3 6.2-6.3c.2-.2.3-.5.3-.7s-.1-.5-.3-.7c-.2-.2-.4-.3-.7-.3h-11c-.3 0-.5.1-.7.3-.2.2-.3.5-.3.7s.1.5.3.7z\"\/><\/svg><\/span><\/span><\/span><\/a><\/span><\/div>\n<nav><ul class='ez-toc-list ez-toc-list-level-1 ' ><li class='ez-toc-page-1 ez-toc-heading-level-2'><a class=\"ez-toc-link ez-toc-heading-1\" href=\"https:\/\/idecesos.com\/seguros\/companias\/asociacion-europea\/murcia\/#Seguro_de_decesos_Asociacion_Europea_Seguros_en_Murcia\" >Seguro de decesos Asociaci\u00f3n Europea Seguros en Murcia<\/a><\/li><li class='ez-toc-page-1 ez-toc-heading-level-2'><a class=\"ez-toc-link ez-toc-heading-2\" href=\"https:\/\/idecesos.com\/seguros\/companias\/asociacion-europea\/murcia\/#Mapa_de_agencias_de_seguros_Asociacion_Europea_Seguros_en_Murcia\" >Mapa de agencias de seguros Asociaci\u00f3n Europea Seguros en Murcia<\/a><\/li><li class='ez-toc-page-1 ez-toc-heading-level-2'><a class=\"ez-toc-link ez-toc-heading-3\" href=\"https:\/\/idecesos.com\/seguros\/companias\/asociacion-europea\/murcia\/#Listado_de_sucursales_Asociacion_Europea_Seguros_en_Murcia\" >Listado de sucursales Asociaci\u00f3n Europea Seguros en Murcia<\/a><\/li><li class='ez-toc-page-1 ez-toc-heading-level-2'><a class=\"ez-toc-link ez-toc-heading-4\" href=\"https:\/\/idecesos.com\/seguros\/companias\/asociacion-europea\/murcia\/#Agencias_de_seguros_de_decesos_en_Murcia\" >Agencias de seguros de decesos en Murcia<\/a><ul class='ez-toc-list-level-3' ><li class='ez-toc-heading-level-3'><a class=\"ez-toc-link ez-toc-heading-5\" href=\"https:\/\/idecesos.com\/seguros\/companias\/asociacion-europea\/murcia\/#Listado_de_oficinas_Asociacion_Europea_Seguros_en_Espana\" >Listado de oficinas Asociaci\u00f3n Europea Seguros en Espa\u00f1a<\/a><\/li><li class='ez-toc-page-1 ez-toc-heading-level-3'><a class=\"ez-toc-link ez-toc-heading-6\" href=\"https:\/\/idecesos.com\/seguros\/companias\/asociacion-europea\/murcia\/#Paginas_relacionadas\" >P\u00e1ginas relacionadas<\/a><\/li><\/ul><\/li><\/ul><\/nav><\/div>\n<p><br \/>\n<a href=\"https:\/\/idecesos.com\/seguros\/companias\/asociacion-europea\/\"><img decoding=\"async\" class=\" alignleft\" src=\"https:\/\/idecesos.com\/seguros\/wp-content\/uploads\/2021\/10\/Diseno-sin-titulo-150x150.png\" alt=\"Seguro de decesos Asociaci\u00f3n Europea Seguros\" \/><\/a><strong>La ciudad de Murcia tiene m\u00faltiples oficinas de Asociaci\u00f3n Europea Seguros<\/strong> en la que van a poder atenderle para cualquier necesidad o sugerencia dentro de su horario, en todo momento contases con la ayuda de una persona cualificada en el sector, cada oficina cuenta con trabajadores con a\u00f1os experiencia, para darte la mejor calidad posible. Solucionar de una manera m\u00e1s r\u00e1pida los problemas es siempre y en toda circunstancia acudiendo presencialmente a oficina, en tanto que a la distancia es m\u00e1s dif\u00edcil solucionar el problema. Resulta que es preciso poder contar con una oficina f\u00edsica de empresas aseguradoras de decesos. <\/p>\n<p>Para una mejor calidad te aseguramos que cuentas con saber d\u00f3nde est\u00e1 cada oficina de <strong>Asociaci\u00f3n Europea Seguros en Murcia<\/strong> solventando el inconveniente de no toparlo en tu ratio m\u00e1s pr\u00f3ximo. \u00bfQu\u00e9 ocurre tras tener una p\u00f3liza? Una vez lo tengas contratado te aseguran un servicio de calidad Premium. Las <strong>sucursales de Asociaci\u00f3n Europea Seguros en Murcia<\/strong> destacan por el desarrollo importante que tienen al fin y al cabo durante el proceso. <\/p>\n<p>Visita nuestra p\u00e1gina de <a href=\"https:\/\/idecesos.com\/seguros\/companias\/asociacion-europea\/\">seguros de decesos Asociaci\u00f3n Europea Seguros<\/a> para m\u00e1s informaci\u00f3n.<\/p>\n<div class=\"colorf \"  ><div class=\"container clearfix\"><div class=\"col-md-7\">\n<h2><span class=\"ez-toc-section\" id=\"Seguro_de_decesos_Asociacion_Europea_Seguros_en_Murcia\"><\/span>Seguro de decesos Asociaci\u00f3n Europea Seguros en Murcia<span class=\"ez-toc-section-end\"><\/span><\/h2>\n<p>Empresa aseguradora es aquello donde te aseguran no solo calma, tambi\u00e9n evitan errores en el momento de administrar alg\u00fan g\u00e9nero de documentaci\u00f3n. Teniendo presente que cubren sus deseos en la coyuntura que se encuentre. \u00bfPara qui\u00e9n est\u00e1 dirigido el servicio de oficinas de Asociaci\u00f3n Europea Seguros en Murcia? para todas y cada una de las personas que necesiten gestionar de una forma m\u00e1s eficaz y veloz, las gestiones oportunas. Cubrir todas las cuestiones que broten, donde quedara solucionado sus problemas de una forma m\u00e1s simple. <\/p>\n<p><strong>Ver m\u00e1s:<\/strong> <a href=\"https:\/\/idecesos.com\/seguros\/ciudades\/murcia\/\">Seguros de decesos en Murcia<\/a><\/p>\n<p>Cuentas con un formulario que te va a dar toda la informaci\u00f3n que necesites o consideres oportunas. Pudiendo as\u00ed pedir cita anterior para asistir presencialmente a las delegaciones correspondientes de Asociaci\u00f3n Europea Seguros en Murcia. Libre de recibir publicidad o bien que no sea relacionado con lo que se haya solicitado. Merced al formulario que hemos querido facilitarle obtendr\u00e1 de manera f\u00e1cil su cita presencial, como la informaci\u00f3n filtrada de la que vaya a necesitar. Donde sus datos quedar\u00e1n protegido en todo instante. <\/p>\n<p><\/div><\/div><\/div>\n\t\t<hr class=\"separador\">\n\t\t<div class=\"bloque-accion\">\n\t\t<p class=\"txt-accion\">Calcula el precio de tu seguro de decesos en menos de 1 minuto<\/p>\n\t\t<a class=\"btn-accion\" href=\"https:\/\/idecesos.com\/\">CALCULAR<\/a>\n\t\t<\/div>\n\t\t<hr class=\"separador\">\n\t\t<\/p>\n<h2><span class=\"ez-toc-section\" id=\"Mapa_de_agencias_de_seguros_Asociacion_Europea_Seguros_en_Murcia\"><\/span>Mapa de agencias de seguros Asociaci\u00f3n Europea Seguros en Murcia<span class=\"ez-toc-section-end\"><\/span><\/h2>\n<p>Como puedes observar cuentas con un localizador de sucursales de Asociaci\u00f3n Europea Seguros en Murcia con toda la informaci\u00f3n necesaria , incluyendo de esta manera un mapa por cada Asociaci\u00f3n Europea Seguros en Murcia. Evit\u00e1ndote muchos pasos, conseguir\u00e1s de forma m\u00e1s sencilla la informaci\u00f3n que precises. Por un momento conseguir\u00e1s tenerlo en tus propias manos. Solventar tus cuestiones o problemas es nuestra dedicaci\u00f3n, mejorando tu servicio al cien por ciento. <\/p>\n<p><iframe class=\"page-generator-pro-map\" width=\"100%\" height=\"400\" frameborder=\"0\" style=\"border:0\" src=\"https:\/\/www.google.com\/maps\/embed\/v1\/place?q=Murcia%2C+Espa%C3%B1a&#038;zoom=14&#038;maptype=roadmap&#038;key=AIzaSyCNTEOso0tZG6YMSJFoaJEY5Th1stEWrJI\" allowfullscreen><\/iframe><\/p>\n<div class=\"colorf\"><div class=\"container clearfix\"><div class=\"col-md-7\"><div class=\"empresas\">\n<h2><span class=\"ez-toc-section\" id=\"Listado_de_sucursales_Asociacion_Europea_Seguros_en_Murcia\"><\/span>Listado de sucursales Asociaci\u00f3n Europea Seguros en Murcia<span class=\"ez-toc-section-end\"><\/span><\/h2>\n<ul>\n<li><strong>Compa\u00f1\u00eda de seguros Espa\u00f1a:<\/strong> 30009<\/li>\n<\/ul>\n<\/div><\/div><\/div><\/div>\n<h2><span class=\"ez-toc-section\" id=\"Agencias_de_seguros_de_decesos_en_Murcia\"><\/span>Agencias de seguros de decesos en Murcia<span class=\"ez-toc-section-end\"><\/span><\/h2>\n<p>Evit\u00e1ndote registros in\u00fatiles, hemos creado un cat\u00e1logo de cada empresa de seguros de decesos en Murcia facilit\u00e1ndote en todo momento a esta informaci\u00f3n, que dispondr\u00e1n en cualquier circunstancias, donde quedara actualizado. Toda la informaci\u00f3n aportada es para quede resuelto todas las dudas que te puedan surgir a lo largo del proceso. <\/p>\n<div class=\"colorf\"><div class=\"container clearfix\"><div class=\"col-md-7\"><div class=\"empresas\">\n<h3><span class=\"ez-toc-section\" id=\"Listado_de_oficinas_Asociacion_Europea_Seguros_en_Espana\"><\/span>Listado de oficinas Asociaci\u00f3n Europea Seguros en Espa\u00f1a<span class=\"ez-toc-section-end\"><\/span><\/h3>\n<p><!-- Shortcode [asociacion-europea-oficinas] does not exist --><\/div><\/div><\/div><\/div><\/p>\n<p><div class=\"oficinas\"><br \/>\n<h3><span class=\"ez-toc-section\" id=\"Paginas_relacionadas\"><\/span>P\u00e1ginas relacionadas<span class=\"ez-toc-section-end\"><\/span><\/h3><div class=\"enlazado\"><ul> <li><a href=\"https:\/\/idecesos.com\/seguros\/companias\/asociacion-europea\/opiniones\/\">Opiniones Asociaci\u00f3n Europea<\/a><\/li> <li><a href=\"https:\/\/idecesos.com\/seguros\/companias\/asociacion-europea\/precio\/\">Precio seguro Asociaci\u00f3n Europea<\/a><\/li> <li><a href=\"https:\/\/idecesos.com\/seguros\/companias\/asociacion-europea\/prima-mixta\/\">Asociaci\u00f3n Europea Prima Mixta<\/a><\/li> <li><a href=\"https:\/\/idecesos.com\/seguros\/companias\/asociacion-europea\/prima-natural\/\">Asociaci\u00f3n Europea Prima Natural<\/a><\/li> <li><a href=\"https:\/\/idecesos.com\/seguros\/companias\/asociacion-europea\/prima-nivelada\/\">Asociaci\u00f3n Europea Prima Nivelada<\/a><\/li> <li><a href=\"https:\/\/idecesos.com\/seguros\/companias\/asociacion-europea\/prima-unica\/\">Asociaci\u00f3n Europea Prima \u00danica<\/a><\/li> <li><a href=\"https:\/\/idecesos.com\/seguros\/companias\/asociacion-europea\/repatriacion\/\">Asociaci\u00f3n Europea Repatriaci\u00f3n<\/a><\/li> <li><a href=\"https:\/\/idecesos.com\/seguros\/companias\/asociacion-europea\/telefono\/\">Tel\u00e9fono Gratuito Asociaci\u00f3n Europea<\/a><\/li><\/ul><\/div><br \/>\n<\/div><\/p>\n","protected":false},"excerpt":{"rendered":"<p>La ciudad de Murcia tiene m\u00faltiples oficinas de Asociaci\u00f3n Europea Seguros en la que van a poder atenderle para cualquier necesidad o sugerencia dentro de su horario, en todo momento contases con la ayuda de una persona cualificada en el sector, cada oficina cuenta con trabajadores con a\u00f1os experiencia, para darte la mejor calidad posible.&hellip; <\/p>\n","protected":false},"author":0,"featured_media":0,"parent":6000,"menu_order":0,"comment_status":"closed","ping_status":"closed","template":"single.php","meta":{"footnotes":""},"class_list":["post-17169","page","type-page","status-publish","hentry"],"yoast_head":"<!-- This site is optimized with the Yoast SEO plugin v27.3 - https:\/\/yoast.com\/product\/yoast-seo-wordpress\/ -->\n<title>Oficinas Asociaci\u00f3n Europea Seguros en Murcia \u25b7Tel\u00e9fonos, Horarios, Direcci\u00f3n<\/title>\n<meta name=\"description\" content=\"Lista completa de Oficinas Asociaci\u00f3n Europea Seguros en Murcia Horarios, \u2706 tel\u00e9fonos y direcciones actualizados en 2026 \u2611\ufe0f Verificado por iDecesos.\" \/>\n<meta name=\"robots\" content=\"index, follow, max-snippet:-1, max-image-preview:large, max-video-preview:-1\" \/>\n<link rel=\"canonical\" href=\"https:\/\/idecesos.com\/seguros\/companias\/asociacion-europea\/murcia\/\" \/>\n<meta property=\"og:locale\" content=\"es_ES\" \/>\n<meta property=\"og:type\" content=\"article\" \/>\n<meta property=\"og:title\" content=\"Oficinas Asociaci\u00f3n Europea Seguros en Murcia \u25b7Tel\u00e9fonos, Horarios, Direcci\u00f3n\" \/>\n<meta property=\"og:description\" content=\"Lista completa de Oficinas Asociaci\u00f3n Europea Seguros en Murcia Horarios, \u2706 tel\u00e9fonos y direcciones actualizados en 2026 \u2611\ufe0f Verificado por iDecesos.\" \/>\n<meta property=\"og:url\" content=\"https:\/\/idecesos.com\/seguros\/companias\/asociacion-europea\/murcia\/\" \/>\n<meta property=\"og:image\" content=\"https:\/\/idecesos.com\/seguros\/wp-content\/uploads\/2021\/10\/Diseno-sin-titulo-150x150.png\" \/>\n<meta name=\"twitter:card\" content=\"summary_large_image\" \/>\n<meta name=\"twitter:label1\" content=\"Tiempo de lectura\" \/>\n\t<meta name=\"twitter:data1\" content=\"39 minutos\" \/>\n<script type=\"application\/ld+json\" class=\"yoast-schema-graph\">{\"@context\":\"https:\\\/\\\/schema.org\",\"@graph\":[{\"@type\":\"WebPage\",\"@id\":\"https:\\\/\\\/idecesos.com\\\/seguros\\\/companias\\\/asociacion-europea\\\/murcia\\\/\",\"url\":\"https:\\\/\\\/idecesos.com\\\/seguros\\\/companias\\\/asociacion-europea\\\/murcia\\\/\",\"name\":\"Oficinas Asociaci\u00f3n Europea Seguros en Murcia \u25b7Tel\u00e9fonos, Horarios, Direcci\u00f3n\",\"isPartOf\":{\"@id\":\"https:\\\/\\\/idecesos.com\\\/seguros\\\/#website\"},\"primaryImageOfPage\":{\"@id\":\"https:\\\/\\\/idecesos.com\\\/seguros\\\/companias\\\/asociacion-europea\\\/murcia\\\/#primaryimage\"},\"image\":{\"@id\":\"https:\\\/\\\/idecesos.com\\\/seguros\\\/companias\\\/asociacion-europea\\\/murcia\\\/#primaryimage\"},\"thumbnailUrl\":\"https:\\\/\\\/idecesos.com\\\/seguros\\\/wp-content\\\/uploads\\\/2021\\\/10\\\/Diseno-sin-titulo-150x150.png\",\"datePublished\":\"2021-12-13T11:32:05+00:00\",\"description\":\"Lista completa de Oficinas Asociaci\u00f3n Europea Seguros en Murcia Horarios, \u2706 tel\u00e9fonos y direcciones actualizados en 2026 \u2611\ufe0f Verificado por iDecesos.\",\"breadcrumb\":{\"@id\":\"https:\\\/\\\/idecesos.com\\\/seguros\\\/companias\\\/asociacion-europea\\\/murcia\\\/#breadcrumb\"},\"inLanguage\":\"es\",\"potentialAction\":[{\"@type\":\"ReadAction\",\"target\":[\"https:\\\/\\\/idecesos.com\\\/seguros\\\/companias\\\/asociacion-europea\\\/murcia\\\/\"]}]},{\"@type\":\"ImageObject\",\"inLanguage\":\"es\",\"@id\":\"https:\\\/\\\/idecesos.com\\\/seguros\\\/companias\\\/asociacion-europea\\\/murcia\\\/#primaryimage\",\"url\":\"https:\\\/\\\/idecesos.com\\\/seguros\\\/wp-content\\\/uploads\\\/2021\\\/10\\\/Diseno-sin-titulo.png\",\"contentUrl\":\"https:\\\/\\\/idecesos.com\\\/seguros\\\/wp-content\\\/uploads\\\/2021\\\/10\\\/Diseno-sin-titulo.png\",\"width\":200,\"height\":200},{\"@type\":\"BreadcrumbList\",\"@id\":\"https:\\\/\\\/idecesos.com\\\/seguros\\\/companias\\\/asociacion-europea\\\/murcia\\\/#breadcrumb\",\"itemListElement\":[{\"@type\":\"ListItem\",\"position\":1,\"name\":\"Portada\",\"item\":\"https:\\\/\\\/idecesos.com\\\/seguros\\\/\"},{\"@type\":\"ListItem\",\"position\":2,\"name\":\"Compa\u00f1\u00edas de Seguros de Decesos en Espa\u00f1a\",\"item\":\"https:\\\/\\\/idecesos.com\\\/seguros\\\/companias\\\/\"},{\"@type\":\"ListItem\",\"position\":3,\"name\":\"Seguro de Decesos Asociaci\u00f3n Europea\",\"item\":\"https:\\\/\\\/idecesos.com\\\/seguros\\\/companias\\\/asociacion-europea\\\/\"},{\"@type\":\"ListItem\",\"position\":4,\"name\":\"Oficinas seguros de decesos Asociaci\u00f3n Europea Seguros en Murcia\"}]},{\"@type\":\"WebSite\",\"@id\":\"https:\\\/\\\/idecesos.com\\\/seguros\\\/#website\",\"url\":\"https:\\\/\\\/idecesos.com\\\/seguros\\\/\",\"name\":\"\",\"description\":\"\",\"potentialAction\":[{\"@type\":\"SearchAction\",\"target\":{\"@type\":\"EntryPoint\",\"urlTemplate\":\"https:\\\/\\\/idecesos.com\\\/seguros\\\/?s={search_term_string}\"},\"query-input\":{\"@type\":\"PropertyValueSpecification\",\"valueRequired\":true,\"valueName\":\"search_term_string\"}}],\"inLanguage\":\"es\"}]}<\/script>\n<!-- \/ Yoast SEO plugin. -->","yoast_head_json":{"title":"Oficinas Asociaci\u00f3n Europea Seguros en Murcia \u25b7Tel\u00e9fonos, Horarios, Direcci\u00f3n","description":"Lista completa de Oficinas Asociaci\u00f3n Europea Seguros en Murcia Horarios, \u2706 tel\u00e9fonos y direcciones actualizados en 2026 \u2611\ufe0f Verificado por iDecesos.","robots":{"index":"index","follow":"follow","max-snippet":"max-snippet:-1","max-image-preview":"max-image-preview:large","max-video-preview":"max-video-preview:-1"},"canonical":"https:\/\/idecesos.com\/seguros\/companias\/asociacion-europea\/murcia\/","og_locale":"es_ES","og_type":"article","og_title":"Oficinas Asociaci\u00f3n Europea Seguros en Murcia \u25b7Tel\u00e9fonos, Horarios, Direcci\u00f3n","og_description":"Lista completa de Oficinas Asociaci\u00f3n Europea Seguros en Murcia Horarios, \u2706 tel\u00e9fonos y direcciones actualizados en 2026 \u2611\ufe0f Verificado por iDecesos.","og_url":"https:\/\/idecesos.com\/seguros\/companias\/asociacion-europea\/murcia\/","og_image":[{"url":"https:\/\/idecesos.com\/seguros\/wp-content\/uploads\/2021\/10\/Diseno-sin-titulo-150x150.png","type":"","width":"","height":""}],"twitter_card":"summary_large_image","twitter_misc":{"Tiempo de lectura":"39 minutos"},"schema":{"@context":"https:\/\/schema.org","@graph":[{"@type":"WebPage","@id":"https:\/\/idecesos.com\/seguros\/companias\/asociacion-europea\/murcia\/","url":"https:\/\/idecesos.com\/seguros\/companias\/asociacion-europea\/murcia\/","name":"Oficinas Asociaci\u00f3n Europea Seguros en Murcia \u25b7Tel\u00e9fonos, Horarios, Direcci\u00f3n","isPartOf":{"@id":"https:\/\/idecesos.com\/seguros\/#website"},"primaryImageOfPage":{"@id":"https:\/\/idecesos.com\/seguros\/companias\/asociacion-europea\/murcia\/#primaryimage"},"image":{"@id":"https:\/\/idecesos.com\/seguros\/companias\/asociacion-europea\/murcia\/#primaryimage"},"thumbnailUrl":"https:\/\/idecesos.com\/seguros\/wp-content\/uploads\/2021\/10\/Diseno-sin-titulo-150x150.png","datePublished":"2021-12-13T11:32:05+00:00","description":"Lista completa de Oficinas Asociaci\u00f3n Europea Seguros en Murcia Horarios, \u2706 tel\u00e9fonos y direcciones actualizados en 2026 \u2611\ufe0f Verificado por iDecesos.","breadcrumb":{"@id":"https:\/\/idecesos.com\/seguros\/companias\/asociacion-europea\/murcia\/#breadcrumb"},"inLanguage":"es","potentialAction":[{"@type":"ReadAction","target":["https:\/\/idecesos.com\/seguros\/companias\/asociacion-europea\/murcia\/"]}]},{"@type":"ImageObject","inLanguage":"es","@id":"https:\/\/idecesos.com\/seguros\/companias\/asociacion-europea\/murcia\/#primaryimage","url":"https:\/\/idecesos.com\/seguros\/wp-content\/uploads\/2021\/10\/Diseno-sin-titulo.png","contentUrl":"https:\/\/idecesos.com\/seguros\/wp-content\/uploads\/2021\/10\/Diseno-sin-titulo.png","width":200,"height":200},{"@type":"BreadcrumbList","@id":"https:\/\/idecesos.com\/seguros\/companias\/asociacion-europea\/murcia\/#breadcrumb","itemListElement":[{"@type":"ListItem","position":1,"name":"Portada","item":"https:\/\/idecesos.com\/seguros\/"},{"@type":"ListItem","position":2,"name":"Compa\u00f1\u00edas de Seguros de Decesos en Espa\u00f1a","item":"https:\/\/idecesos.com\/seguros\/companias\/"},{"@type":"ListItem","position":3,"name":"Seguro de Decesos Asociaci\u00f3n Europea","item":"https:\/\/idecesos.com\/seguros\/companias\/asociacion-europea\/"},{"@type":"ListItem","position":4,"name":"Oficinas seguros de decesos Asociaci\u00f3n Europea Seguros en Murcia"}]},{"@type":"WebSite","@id":"https:\/\/idecesos.com\/seguros\/#website","url":"https:\/\/idecesos.com\/seguros\/","name":"","description":"","potentialAction":[{"@type":"SearchAction","target":{"@type":"EntryPoint","urlTemplate":"https:\/\/idecesos.com\/seguros\/?s={search_term_string}"},"query-input":{"@type":"PropertyValueSpecification","valueRequired":true,"valueName":"search_term_string"}}],"inLanguage":"es"}]}},"_links":{"self":[{"href":"https:\/\/idecesos.com\/seguros\/wp-json\/wp\/v2\/pages\/17169","targetHints":{"allow":["GET"]}}],"collection":[{"href":"https:\/\/idecesos.com\/seguros\/wp-json\/wp\/v2\/pages"}],"about":[{"href":"https:\/\/idecesos.com\/seguros\/wp-json\/wp\/v2\/types\/page"}],"replies":[{"embeddable":true,"href":"https:\/\/idecesos.com\/seguros\/wp-json\/wp\/v2\/comments?post=17169"}],"version-history":[{"count":0,"href":"https:\/\/idecesos.com\/seguros\/wp-json\/wp\/v2\/pages\/17169\/revisions"}],"up":[{"embeddable":true,"href":"https:\/\/idecesos.com\/seguros\/wp-json\/wp\/v2\/pages\/6000"}],"wp:attachment":[{"href":"https:\/\/idecesos.com\/seguros\/wp-json\/wp\/v2\/media?parent=17169"}],"curies":[{"name":"wp","href":"https:\/\/api.w.org\/{rel}","templated":true}]}}