{"id":17170,"date":"2021-12-13T11:32:05","date_gmt":"2021-12-13T11:32:05","guid":{"rendered":"https:\/\/idecesos.com\/seguros\/companias\/asociacion-europea\/sevilla\/"},"modified":"2021-12-13T11:32:05","modified_gmt":"2021-12-13T11:32:05","slug":"sevilla","status":"publish","type":"page","link":"https:\/\/idecesos.com\/seguros\/companias\/asociacion-europea\/sevilla\/","title":{"rendered":"Oficinas seguros de decesos Asociaci\u00f3n Europea Seguros en Sevilla"},"content":{"rendered":"<div id=\"ez-toc-container\" class=\"ez-toc-v2_0_82_2 ez-toc-wrap-center counter-hierarchy ez-toc-counter ez-toc-custom ez-toc-container-direction\">\n<div class=\"ez-toc-title-container\">\n<p class=\"ez-toc-title\" style=\"cursor:inherit\">Tabla de Contenido<\/p>\n<span class=\"ez-toc-title-toggle\"><a href=\"#\" class=\"ez-toc-pull-right ez-toc-btn ez-toc-btn-xs ez-toc-btn-default ez-toc-toggle\" aria-label=\"Alternar tabla de contenidos\"><span class=\"ez-toc-js-icon-con\"><span class=\"\"><span class=\"eztoc-hide\" style=\"display:none;\">Toggle<\/span><span class=\"ez-toc-icon-toggle-span\"><svg style=\"fill: #db6415;color:#db6415\" xmlns=\"http:\/\/www.w3.org\/2000\/svg\" class=\"list-377408\" width=\"20px\" height=\"20px\" viewBox=\"0 0 24 24\" fill=\"none\"><path d=\"M6 6H4v2h2V6zm14 0H8v2h12V6zM4 11h2v2H4v-2zm16 0H8v2h12v-2zM4 16h2v2H4v-2zm16 0H8v2h12v-2z\" fill=\"currentColor\"><\/path><\/svg><svg style=\"fill: #db6415;color:#db6415\" class=\"arrow-unsorted-368013\" xmlns=\"http:\/\/www.w3.org\/2000\/svg\" width=\"10px\" height=\"10px\" viewBox=\"0 0 24 24\" version=\"1.2\" baseProfile=\"tiny\"><path d=\"M18.2 9.3l-6.2-6.3-6.2 6.3c-.2.2-.3.4-.3.7s.1.5.3.7c.2.2.4.3.7.3h11c.3 0 .5-.1.7-.3.2-.2.3-.5.3-.7s-.1-.5-.3-.7zM5.8 14.7l6.2 6.3 6.2-6.3c.2-.2.3-.5.3-.7s-.1-.5-.3-.7c-.2-.2-.4-.3-.7-.3h-11c-.3 0-.5.1-.7.3-.2.2-.3.5-.3.7s.1.5.3.7z\"\/><\/svg><\/span><\/span><\/span><\/a><\/span><\/div>\n<nav><ul class='ez-toc-list ez-toc-list-level-1 ' ><li class='ez-toc-page-1 ez-toc-heading-level-2'><a class=\"ez-toc-link ez-toc-heading-1\" href=\"https:\/\/idecesos.com\/seguros\/companias\/asociacion-europea\/sevilla\/#Seguro_de_decesos_Asociacion_Europea_Seguros_en_Sevilla\" >Seguro de decesos Asociaci\u00f3n Europea Seguros en Sevilla<\/a><\/li><li class='ez-toc-page-1 ez-toc-heading-level-2'><a class=\"ez-toc-link ez-toc-heading-2\" href=\"https:\/\/idecesos.com\/seguros\/companias\/asociacion-europea\/sevilla\/#Mapa_de_agencias_de_seguros_Asociacion_Europea_Seguros_en_Sevilla\" >Mapa de agencias de seguros Asociaci\u00f3n Europea Seguros en Sevilla<\/a><\/li><li class='ez-toc-page-1 ez-toc-heading-level-2'><a class=\"ez-toc-link ez-toc-heading-3\" href=\"https:\/\/idecesos.com\/seguros\/companias\/asociacion-europea\/sevilla\/#Listado_de_oficinas_Asociacion_Europea_Seguros_en_Sevilla\" >Listado de oficinas Asociaci\u00f3n Europea Seguros en Sevilla<\/a><\/li><li class='ez-toc-page-1 ez-toc-heading-level-2'><a class=\"ez-toc-link ez-toc-heading-4\" href=\"https:\/\/idecesos.com\/seguros\/companias\/asociacion-europea\/sevilla\/#Oficinas_de_seguros_de_decesos_en_Sevilla\" >Oficinas de seguros de decesos en Sevilla<\/a><ul class='ez-toc-list-level-3' ><li class='ez-toc-heading-level-3'><a class=\"ez-toc-link ez-toc-heading-5\" href=\"https:\/\/idecesos.com\/seguros\/companias\/asociacion-europea\/sevilla\/#Listado_de_oficinas_Asociacion_Europea_Seguros_en_Espana\" >Listado de oficinas Asociaci\u00f3n Europea Seguros en Espa\u00f1a<\/a><\/li><li class='ez-toc-page-1 ez-toc-heading-level-3'><a class=\"ez-toc-link ez-toc-heading-6\" href=\"https:\/\/idecesos.com\/seguros\/companias\/asociacion-europea\/sevilla\/#Paginas_relacionadas\" >P\u00e1ginas relacionadas<\/a><\/li><\/ul><\/li><\/ul><\/nav><\/div>\n<p><br \/>\n<a href=\"https:\/\/idecesos.com\/seguros\/companias\/asociacion-europea\/\"><img decoding=\"async\" class=\" alignleft\" src=\"https:\/\/idecesos.com\/seguros\/wp-content\/uploads\/2021\/10\/Diseno-sin-titulo-150x150.png\" alt=\"Seguro de decesos Asociaci\u00f3n Europea Seguros\" \/><\/a>Cada ofina de Asociaci\u00f3n Europea Seguros se encuentra en diferentes puntos, queremos que dispongas de las distintas oficinas de Asociaci\u00f3n Europea Seguros en Sevilla donde la calidad del servicio son las m\u00e1s resaltables y donde gestionaran toda la documentaci\u00f3n pertinente. Aparte de que tengan experiencia es esencial las cualidades que presenten para el \u00e1mbito, nos guie en todo momento de la manera adecuada. Vas a contar en todo momento de nuestro total servicio, sin problemas en el momento de requerir de nosotros. Cada sucursal de Asociaci\u00f3n Europea Seguros en Sevilla podr\u00e1s saber si est\u00e1 dentro de tu misma localizaci\u00f3n, para asesorarte en todo momento. <\/p>\n<p>\u00bfEs preciso conocer su <strong>localizaci\u00f3n de Asociaci\u00f3n Europea Seguros<\/strong>? es tan importante como la calidad de servicio que nos prestan al acudir presencialmente. Con una atenci\u00f3n muy personalizada. Respecto a sus servicios ser\u00e1n puesto en marcha en cualquier situaci\u00f3n. Cuentas en todo instante de grandes especialistas cualificados, d\u00f3nde vas a poder obtener un presupuesto en el momento. <\/p>\n<p>Visita nuestra p\u00e1gina de <a href=\"https:\/\/idecesos.com\/seguros\/companias\/asociacion-europea\/\">seguros de decesos Asociaci\u00f3n Europea Seguros<\/a> para m\u00e1s informaci\u00f3n.<\/p>\n<div class=\"colorf \"  ><div class=\"container clearfix\"><div class=\"col-md-7\">\n<h2><span class=\"ez-toc-section\" id=\"Seguro_de_decesos_Asociacion_Europea_Seguros_en_Sevilla\"><\/span>Seguro de decesos Asociaci\u00f3n Europea Seguros en Sevilla<span class=\"ez-toc-section-end\"><\/span><\/h2>\n<p>Resaltamos como una ventaja, que es la cual evitamos fallos en cualquier gesti\u00f3n que pueda suceder durante la gesti\u00f3n administrativa. Cubriendo en todo instante tus faltas en cualquier situaci\u00f3n. \u00bfCu\u00e1l es el fin de contar con un servicio de oficinas de Asociaci\u00f3n Europea Seguros en Sevilla? sin ir m\u00e1s lejos est\u00e1 ideado para que puedan solventar los inconvenientes de forma presencial y que quede resuelto en el momento. Cubrir todas las cuestiones que surjan, donde quedara solucionado sus problemas de una forma m\u00e1s simple. <\/p>\n<p><strong>Ver m\u00e1s:<\/strong> <a href=\"https:\/\/idecesos.com\/seguros\/ciudades\/sevilla\/\">Seguros de decesos en Sevilla<\/a><\/p>\n<p>Nos hemos propuesto atender todos tus problemas y queden solventados, por ello hemos tra\u00eddo este formulario donde tendr\u00e1s paso a tu presupuesto adaptado a ti. No solo te ayudara a saber lo que vas a liquidar, aprender\u00e1s a conocer los datos que vienen desglosado en el momento de pagar. As\u00ed podr\u00edas adelantarte a conocer cuando llegar\u00edas a pagar en un futuro y previni\u00e9ndote para cuando llegue ese instante.<br \/>\nAhorr\u00e1ndote cualquier clase de gasto, encima de sin coste siempre y en todo momento adapt\u00e1ndose a ti. haz clic en presupuesto y obt\u00e9n el tuyo sin necesidades de registros. No solo queremos darte tranquilidad, queremos que recibas toda la informaci\u00f3n adecuada y aut\u00e9ntica. <\/p>\n<p><\/div><\/div><\/div>\n\t\t<hr class=\"separador\">\n\t\t<div class=\"bloque-accion\">\n\t\t<p class=\"txt-accion\">Calcula el precio de tu seguro de decesos en menos de 1 minuto<\/p>\n\t\t<a class=\"btn-accion\" href=\"https:\/\/idecesos.com\/\">CALCULAR<\/a>\n\t\t<\/div>\n\t\t<hr class=\"separador\">\n\t\t<\/p>\n<h2><span class=\"ez-toc-section\" id=\"Mapa_de_agencias_de_seguros_Asociacion_Europea_Seguros_en_Sevilla\"><\/span>Mapa de agencias de seguros Asociaci\u00f3n Europea Seguros en Sevilla<span class=\"ez-toc-section-end\"><\/span><\/h2>\n<p>Jam\u00e1s sabes que tan \u00fatil te resultara conocer un mapa por empresas o un localizador, por esta raz\u00f3n hemos pensado por ti y hemos tra\u00eddo un localizador de sucursales de Asociaci\u00f3n Europea Seguros en Sevilla vas a tener a predisposici\u00f3n toda la informaci\u00f3n relevante y a tu inter\u00e9s, por eso mismo asimismo hemos conseguido traerte y sostengas a tu <strong>alcance un mapa por Sevilla de las oficinas de Asociaci\u00f3n Europea Seguros<\/strong> donde vas a poder conocer donde cuentan cada uno de ellas. Cada informaci\u00f3n que te aportamos cuenta con nuestro filtro de seguridad a fin de que sea fiable en todo momento. <\/p>\n<p><iframe class=\"page-generator-pro-map\" width=\"100%\" height=\"400\" frameborder=\"0\" style=\"border:0\" src=\"https:\/\/www.google.com\/maps\/embed\/v1\/place?q=Sevilla%2C+Espa%C3%B1a&#038;zoom=14&#038;maptype=roadmap&#038;key=AIzaSyCNTEOso0tZG6YMSJFoaJEY5Th1stEWrJI\" allowfullscreen><\/iframe><\/p>\n<div class=\"colorf\"><div class=\"container clearfix\"><div class=\"col-md-7\"><div class=\"empresas\">\n<h2><span class=\"ez-toc-section\" id=\"Listado_de_oficinas_Asociacion_Europea_Seguros_en_Sevilla\"><\/span>Listado de oficinas Asociaci\u00f3n Europea Seguros en Sevilla<span class=\"ez-toc-section-end\"><\/span><\/h2>\n<ul>\n<li><strong>Compa\u00f1\u00eda de seguros Espa\u00f1a:<\/strong> 41007<\/li>\n<\/ul>\n<\/div><\/div><\/div><\/div>\n<h2><span class=\"ez-toc-section\" id=\"Oficinas_de_seguros_de_decesos_en_Sevilla\"><\/span>Oficinas de seguros de decesos en Sevilla<span class=\"ez-toc-section-end\"><\/span><\/h2>\n<p>Con este cat\u00e1logo podr\u00e1s observar las distintas opciones alternativas de compa\u00f1\u00edas de seguros de <strong>decesos que encontrases en Sevilla<\/strong> obteniendo todos los datos precisos a tu necesidad. Llev\u00e1ndolo acabo de una forma m\u00e1s \u00fatil. M\u00e1s r\u00e1pido y f\u00e1cil danto un resultado a unos datos de m\u00e1xima importancia que resolver\u00e1 tus cuestiones. Teniendo una psique claro, descubres que lo tienes a tu predisposici\u00f3n en cualquier instante que m\u00e1s lo debas utilizar. Siempre pensando en hacerte la busca m\u00e1s f\u00e1cil. Vas a conocer las distintas compa\u00f1\u00edas que se sit\u00faen en tu zona. <\/p>\n<div class=\"colorf\"><div class=\"container clearfix\"><div class=\"col-md-7\"><div class=\"empresas\">\n<h3><span class=\"ez-toc-section\" id=\"Listado_de_oficinas_Asociacion_Europea_Seguros_en_Espana\"><\/span>Listado de oficinas Asociaci\u00f3n Europea Seguros en Espa\u00f1a<span class=\"ez-toc-section-end\"><\/span><\/h3>\n<p><!-- Shortcode [asociacion-europea-oficinas] does not exist --><\/div><\/div><\/div><\/div><\/p>\n<p><div class=\"oficinas\"><br \/>\n<h3><span class=\"ez-toc-section\" id=\"Paginas_relacionadas\"><\/span>P\u00e1ginas relacionadas<span class=\"ez-toc-section-end\"><\/span><\/h3><div class=\"enlazado\"><ul> <li><a href=\"https:\/\/idecesos.com\/seguros\/companias\/asociacion-europea\/opiniones\/\">Opiniones Asociaci\u00f3n Europea<\/a><\/li> <li><a href=\"https:\/\/idecesos.com\/seguros\/companias\/asociacion-europea\/precio\/\">Precio seguro Asociaci\u00f3n Europea<\/a><\/li> <li><a href=\"https:\/\/idecesos.com\/seguros\/companias\/asociacion-europea\/prima-mixta\/\">Asociaci\u00f3n Europea Prima Mixta<\/a><\/li> <li><a href=\"https:\/\/idecesos.com\/seguros\/companias\/asociacion-europea\/prima-natural\/\">Asociaci\u00f3n Europea Prima Natural<\/a><\/li> <li><a href=\"https:\/\/idecesos.com\/seguros\/companias\/asociacion-europea\/prima-nivelada\/\">Asociaci\u00f3n Europea Prima Nivelada<\/a><\/li> <li><a href=\"https:\/\/idecesos.com\/seguros\/companias\/asociacion-europea\/prima-unica\/\">Asociaci\u00f3n Europea Prima \u00danica<\/a><\/li> <li><a href=\"https:\/\/idecesos.com\/seguros\/companias\/asociacion-europea\/repatriacion\/\">Asociaci\u00f3n Europea Repatriaci\u00f3n<\/a><\/li> <li><a href=\"https:\/\/idecesos.com\/seguros\/companias\/asociacion-europea\/telefono\/\">Tel\u00e9fono Gratuito Asociaci\u00f3n Europea<\/a><\/li><\/ul><\/div><br \/>\n<\/div><\/p>\n","protected":false},"excerpt":{"rendered":"<p>Cada ofina de Asociaci\u00f3n Europea Seguros se encuentra en diferentes puntos, queremos que dispongas de las distintas oficinas de Asociaci\u00f3n Europea Seguros en Sevilla donde la calidad del servicio son las m\u00e1s resaltables y donde gestionaran toda la documentaci\u00f3n pertinente. Aparte de que tengan experiencia es esencial las cualidades que presenten para el \u00e1mbito, nos&hellip; <\/p>\n","protected":false},"author":0,"featured_media":0,"parent":6000,"menu_order":0,"comment_status":"closed","ping_status":"closed","template":"single.php","meta":{"footnotes":""},"class_list":["post-17170","page","type-page","status-publish","hentry"],"yoast_head":"<!-- This site is optimized with the Yoast SEO plugin v27.5 - https:\/\/yoast.com\/product\/yoast-seo-wordpress\/ -->\n<title>Oficinas Asociaci\u00f3n Europea Seguros en Sevilla \u25b7Tel\u00e9fonos, Horarios, Direcci\u00f3n<\/title>\n<meta name=\"description\" content=\"Lista completa de Oficinas Asociaci\u00f3n Europea Seguros en Sevilla Horarios, \u2706 tel\u00e9fonos y direcciones actualizados en 2026 \u2611\ufe0f Verificado por iDecesos.\" \/>\n<meta name=\"robots\" content=\"index, follow, max-snippet:-1, max-image-preview:large, max-video-preview:-1\" \/>\n<link rel=\"canonical\" href=\"https:\/\/idecesos.com\/seguros\/companias\/asociacion-europea\/sevilla\/\" \/>\n<meta property=\"og:locale\" content=\"es_ES\" \/>\n<meta property=\"og:type\" content=\"article\" \/>\n<meta property=\"og:title\" content=\"Oficinas Asociaci\u00f3n Europea Seguros en Sevilla \u25b7Tel\u00e9fonos, Horarios, Direcci\u00f3n\" \/>\n<meta property=\"og:description\" content=\"Lista completa de Oficinas Asociaci\u00f3n Europea Seguros en Sevilla Horarios, \u2706 tel\u00e9fonos y direcciones actualizados en 2026 \u2611\ufe0f Verificado por iDecesos.\" \/>\n<meta property=\"og:url\" content=\"https:\/\/idecesos.com\/seguros\/companias\/asociacion-europea\/sevilla\/\" \/>\n<meta property=\"og:image\" content=\"https:\/\/idecesos.com\/seguros\/wp-content\/uploads\/2021\/10\/Diseno-sin-titulo-150x150.png\" \/>\n<meta name=\"twitter:card\" content=\"summary_large_image\" \/>\n<meta name=\"twitter:label1\" content=\"Tiempo de lectura\" \/>\n\t<meta name=\"twitter:data1\" content=\"39 minutos\" \/>\n<script type=\"application\/ld+json\" class=\"yoast-schema-graph\">{\"@context\":\"https:\\\/\\\/schema.org\",\"@graph\":[{\"@type\":\"WebPage\",\"@id\":\"https:\\\/\\\/idecesos.com\\\/seguros\\\/companias\\\/asociacion-europea\\\/sevilla\\\/\",\"url\":\"https:\\\/\\\/idecesos.com\\\/seguros\\\/companias\\\/asociacion-europea\\\/sevilla\\\/\",\"name\":\"Oficinas Asociaci\u00f3n Europea Seguros en Sevilla \u25b7Tel\u00e9fonos, Horarios, Direcci\u00f3n\",\"isPartOf\":{\"@id\":\"https:\\\/\\\/idecesos.com\\\/seguros\\\/#website\"},\"primaryImageOfPage\":{\"@id\":\"https:\\\/\\\/idecesos.com\\\/seguros\\\/companias\\\/asociacion-europea\\\/sevilla\\\/#primaryimage\"},\"image\":{\"@id\":\"https:\\\/\\\/idecesos.com\\\/seguros\\\/companias\\\/asociacion-europea\\\/sevilla\\\/#primaryimage\"},\"thumbnailUrl\":\"https:\\\/\\\/idecesos.com\\\/seguros\\\/wp-content\\\/uploads\\\/2021\\\/10\\\/Diseno-sin-titulo-150x150.png\",\"datePublished\":\"2021-12-13T11:32:05+00:00\",\"description\":\"Lista completa de Oficinas Asociaci\u00f3n Europea Seguros en Sevilla Horarios, \u2706 tel\u00e9fonos y direcciones actualizados en 2026 \u2611\ufe0f Verificado por iDecesos.\",\"breadcrumb\":{\"@id\":\"https:\\\/\\\/idecesos.com\\\/seguros\\\/companias\\\/asociacion-europea\\\/sevilla\\\/#breadcrumb\"},\"inLanguage\":\"es\",\"potentialAction\":[{\"@type\":\"ReadAction\",\"target\":[\"https:\\\/\\\/idecesos.com\\\/seguros\\\/companias\\\/asociacion-europea\\\/sevilla\\\/\"]}]},{\"@type\":\"ImageObject\",\"inLanguage\":\"es\",\"@id\":\"https:\\\/\\\/idecesos.com\\\/seguros\\\/companias\\\/asociacion-europea\\\/sevilla\\\/#primaryimage\",\"url\":\"https:\\\/\\\/idecesos.com\\\/seguros\\\/wp-content\\\/uploads\\\/2021\\\/10\\\/Diseno-sin-titulo.png\",\"contentUrl\":\"https:\\\/\\\/idecesos.com\\\/seguros\\\/wp-content\\\/uploads\\\/2021\\\/10\\\/Diseno-sin-titulo.png\",\"width\":200,\"height\":200},{\"@type\":\"BreadcrumbList\",\"@id\":\"https:\\\/\\\/idecesos.com\\\/seguros\\\/companias\\\/asociacion-europea\\\/sevilla\\\/#breadcrumb\",\"itemListElement\":[{\"@type\":\"ListItem\",\"position\":1,\"name\":\"Portada\",\"item\":\"https:\\\/\\\/idecesos.com\\\/seguros\\\/\"},{\"@type\":\"ListItem\",\"position\":2,\"name\":\"Compa\u00f1\u00edas de Seguros de Decesos en Espa\u00f1a\",\"item\":\"https:\\\/\\\/idecesos.com\\\/seguros\\\/companias\\\/\"},{\"@type\":\"ListItem\",\"position\":3,\"name\":\"Seguro de Decesos Asociaci\u00f3n Europea\",\"item\":\"https:\\\/\\\/idecesos.com\\\/seguros\\\/companias\\\/asociacion-europea\\\/\"},{\"@type\":\"ListItem\",\"position\":4,\"name\":\"Oficinas seguros de decesos Asociaci\u00f3n Europea Seguros en Sevilla\"}]},{\"@type\":\"WebSite\",\"@id\":\"https:\\\/\\\/idecesos.com\\\/seguros\\\/#website\",\"url\":\"https:\\\/\\\/idecesos.com\\\/seguros\\\/\",\"name\":\"\",\"description\":\"\",\"potentialAction\":[{\"@type\":\"SearchAction\",\"target\":{\"@type\":\"EntryPoint\",\"urlTemplate\":\"https:\\\/\\\/idecesos.com\\\/seguros\\\/?s={search_term_string}\"},\"query-input\":{\"@type\":\"PropertyValueSpecification\",\"valueRequired\":true,\"valueName\":\"search_term_string\"}}],\"inLanguage\":\"es\"}]}<\/script>\n<!-- \/ Yoast SEO plugin. -->","yoast_head_json":{"title":"Oficinas Asociaci\u00f3n Europea Seguros en Sevilla \u25b7Tel\u00e9fonos, Horarios, Direcci\u00f3n","description":"Lista completa de Oficinas Asociaci\u00f3n Europea Seguros en Sevilla Horarios, \u2706 tel\u00e9fonos y direcciones actualizados en 2026 \u2611\ufe0f Verificado por iDecesos.","robots":{"index":"index","follow":"follow","max-snippet":"max-snippet:-1","max-image-preview":"max-image-preview:large","max-video-preview":"max-video-preview:-1"},"canonical":"https:\/\/idecesos.com\/seguros\/companias\/asociacion-europea\/sevilla\/","og_locale":"es_ES","og_type":"article","og_title":"Oficinas Asociaci\u00f3n Europea Seguros en Sevilla \u25b7Tel\u00e9fonos, Horarios, Direcci\u00f3n","og_description":"Lista completa de Oficinas Asociaci\u00f3n Europea Seguros en Sevilla Horarios, \u2706 tel\u00e9fonos y direcciones actualizados en 2026 \u2611\ufe0f Verificado por iDecesos.","og_url":"https:\/\/idecesos.com\/seguros\/companias\/asociacion-europea\/sevilla\/","og_image":[{"url":"https:\/\/idecesos.com\/seguros\/wp-content\/uploads\/2021\/10\/Diseno-sin-titulo-150x150.png","type":"","width":"","height":""}],"twitter_card":"summary_large_image","twitter_misc":{"Tiempo de lectura":"39 minutos"},"schema":{"@context":"https:\/\/schema.org","@graph":[{"@type":"WebPage","@id":"https:\/\/idecesos.com\/seguros\/companias\/asociacion-europea\/sevilla\/","url":"https:\/\/idecesos.com\/seguros\/companias\/asociacion-europea\/sevilla\/","name":"Oficinas Asociaci\u00f3n Europea Seguros en Sevilla \u25b7Tel\u00e9fonos, Horarios, Direcci\u00f3n","isPartOf":{"@id":"https:\/\/idecesos.com\/seguros\/#website"},"primaryImageOfPage":{"@id":"https:\/\/idecesos.com\/seguros\/companias\/asociacion-europea\/sevilla\/#primaryimage"},"image":{"@id":"https:\/\/idecesos.com\/seguros\/companias\/asociacion-europea\/sevilla\/#primaryimage"},"thumbnailUrl":"https:\/\/idecesos.com\/seguros\/wp-content\/uploads\/2021\/10\/Diseno-sin-titulo-150x150.png","datePublished":"2021-12-13T11:32:05+00:00","description":"Lista completa de Oficinas Asociaci\u00f3n Europea Seguros en Sevilla Horarios, \u2706 tel\u00e9fonos y direcciones actualizados en 2026 \u2611\ufe0f Verificado por iDecesos.","breadcrumb":{"@id":"https:\/\/idecesos.com\/seguros\/companias\/asociacion-europea\/sevilla\/#breadcrumb"},"inLanguage":"es","potentialAction":[{"@type":"ReadAction","target":["https:\/\/idecesos.com\/seguros\/companias\/asociacion-europea\/sevilla\/"]}]},{"@type":"ImageObject","inLanguage":"es","@id":"https:\/\/idecesos.com\/seguros\/companias\/asociacion-europea\/sevilla\/#primaryimage","url":"https:\/\/idecesos.com\/seguros\/wp-content\/uploads\/2021\/10\/Diseno-sin-titulo.png","contentUrl":"https:\/\/idecesos.com\/seguros\/wp-content\/uploads\/2021\/10\/Diseno-sin-titulo.png","width":200,"height":200},{"@type":"BreadcrumbList","@id":"https:\/\/idecesos.com\/seguros\/companias\/asociacion-europea\/sevilla\/#breadcrumb","itemListElement":[{"@type":"ListItem","position":1,"name":"Portada","item":"https:\/\/idecesos.com\/seguros\/"},{"@type":"ListItem","position":2,"name":"Compa\u00f1\u00edas de Seguros de Decesos en Espa\u00f1a","item":"https:\/\/idecesos.com\/seguros\/companias\/"},{"@type":"ListItem","position":3,"name":"Seguro de Decesos Asociaci\u00f3n Europea","item":"https:\/\/idecesos.com\/seguros\/companias\/asociacion-europea\/"},{"@type":"ListItem","position":4,"name":"Oficinas seguros de decesos Asociaci\u00f3n Europea Seguros en Sevilla"}]},{"@type":"WebSite","@id":"https:\/\/idecesos.com\/seguros\/#website","url":"https:\/\/idecesos.com\/seguros\/","name":"","description":"","potentialAction":[{"@type":"SearchAction","target":{"@type":"EntryPoint","urlTemplate":"https:\/\/idecesos.com\/seguros\/?s={search_term_string}"},"query-input":{"@type":"PropertyValueSpecification","valueRequired":true,"valueName":"search_term_string"}}],"inLanguage":"es"}]}},"_links":{"self":[{"href":"https:\/\/idecesos.com\/seguros\/wp-json\/wp\/v2\/pages\/17170","targetHints":{"allow":["GET"]}}],"collection":[{"href":"https:\/\/idecesos.com\/seguros\/wp-json\/wp\/v2\/pages"}],"about":[{"href":"https:\/\/idecesos.com\/seguros\/wp-json\/wp\/v2\/types\/page"}],"replies":[{"embeddable":true,"href":"https:\/\/idecesos.com\/seguros\/wp-json\/wp\/v2\/comments?post=17170"}],"version-history":[{"count":0,"href":"https:\/\/idecesos.com\/seguros\/wp-json\/wp\/v2\/pages\/17170\/revisions"}],"up":[{"embeddable":true,"href":"https:\/\/idecesos.com\/seguros\/wp-json\/wp\/v2\/pages\/6000"}],"wp:attachment":[{"href":"https:\/\/idecesos.com\/seguros\/wp-json\/wp\/v2\/media?parent=17170"}],"curies":[{"name":"wp","href":"https:\/\/api.w.org\/{rel}","templated":true}]}}