{"id":17198,"date":"2021-12-13T11:38:17","date_gmt":"2021-12-13T11:38:17","guid":{"rendered":"https:\/\/idecesos.com\/seguros\/companias\/ama-mutua\/caceres\/"},"modified":"2021-12-13T11:38:17","modified_gmt":"2021-12-13T11:38:17","slug":"caceres","status":"publish","type":"page","link":"https:\/\/idecesos.com\/seguros\/companias\/ama-mutua\/caceres\/","title":{"rendered":"Oficinas seguros de decesos A.M.A. Seguros en C\u00e1ceres"},"content":{"rendered":"<div id=\"ez-toc-container\" class=\"ez-toc-v2_0_82_2 ez-toc-wrap-center counter-hierarchy ez-toc-counter ez-toc-custom ez-toc-container-direction\">\n<div class=\"ez-toc-title-container\">\n<p class=\"ez-toc-title\" style=\"cursor:inherit\">Tabla de Contenido<\/p>\n<span class=\"ez-toc-title-toggle\"><a href=\"#\" class=\"ez-toc-pull-right ez-toc-btn ez-toc-btn-xs ez-toc-btn-default ez-toc-toggle\" aria-label=\"Alternar tabla de contenidos\"><span class=\"ez-toc-js-icon-con\"><span class=\"\"><span class=\"eztoc-hide\" style=\"display:none;\">Toggle<\/span><span class=\"ez-toc-icon-toggle-span\"><svg style=\"fill: #db6415;color:#db6415\" xmlns=\"http:\/\/www.w3.org\/2000\/svg\" class=\"list-377408\" width=\"20px\" height=\"20px\" viewBox=\"0 0 24 24\" fill=\"none\"><path d=\"M6 6H4v2h2V6zm14 0H8v2h12V6zM4 11h2v2H4v-2zm16 0H8v2h12v-2zM4 16h2v2H4v-2zm16 0H8v2h12v-2z\" fill=\"currentColor\"><\/path><\/svg><svg style=\"fill: #db6415;color:#db6415\" class=\"arrow-unsorted-368013\" xmlns=\"http:\/\/www.w3.org\/2000\/svg\" width=\"10px\" height=\"10px\" viewBox=\"0 0 24 24\" version=\"1.2\" baseProfile=\"tiny\"><path d=\"M18.2 9.3l-6.2-6.3-6.2 6.3c-.2.2-.3.4-.3.7s.1.5.3.7c.2.2.4.3.7.3h11c.3 0 .5-.1.7-.3.2-.2.3-.5.3-.7s-.1-.5-.3-.7zM5.8 14.7l6.2 6.3 6.2-6.3c.2-.2.3-.5.3-.7s-.1-.5-.3-.7c-.2-.2-.4-.3-.7-.3h-11c-.3 0-.5.1-.7.3-.2.2-.3.5-.3.7s.1.5.3.7z\"\/><\/svg><\/span><\/span><\/span><\/a><\/span><\/div>\n<nav><ul class='ez-toc-list ez-toc-list-level-1 ' ><li class='ez-toc-page-1 ez-toc-heading-level-2'><a class=\"ez-toc-link ez-toc-heading-1\" href=\"https:\/\/idecesos.com\/seguros\/companias\/ama-mutua\/caceres\/#Seguro_de_decesos_AMA_Seguros_en_Caceres\" >Seguro de decesos A.M.A. Seguros en C\u00e1ceres<\/a><\/li><li class='ez-toc-page-1 ez-toc-heading-level-2'><a class=\"ez-toc-link ez-toc-heading-2\" href=\"https:\/\/idecesos.com\/seguros\/companias\/ama-mutua\/caceres\/#Mapa_de_sucursales_de_seguros_AMA_Seguros_en_Caceres\" >Mapa de sucursales de seguros A.M.A. Seguros en C\u00e1ceres<\/a><\/li><li class='ez-toc-page-1 ez-toc-heading-level-2'><a class=\"ez-toc-link ez-toc-heading-3\" href=\"https:\/\/idecesos.com\/seguros\/companias\/ama-mutua\/caceres\/#Listado_de_sucursales_AMA_Seguros_en_Caceres\" >Listado de sucursales A.M.A. Seguros en C\u00e1ceres<\/a><\/li><li class='ez-toc-page-1 ez-toc-heading-level-2'><a class=\"ez-toc-link ez-toc-heading-4\" href=\"https:\/\/idecesos.com\/seguros\/companias\/ama-mutua\/caceres\/#Agencias_de_seguros_de_decesos_en_Caceres\" >Agencias de seguros de decesos en C\u00e1ceres<\/a><ul class='ez-toc-list-level-3' ><li class='ez-toc-heading-level-3'><a class=\"ez-toc-link ez-toc-heading-5\" href=\"https:\/\/idecesos.com\/seguros\/companias\/ama-mutua\/caceres\/#Listado_de_oficinas_AMA_Seguros_en_Espana\" >Listado de oficinas A.M.A. Seguros en Espa\u00f1a<\/a><\/li><li class='ez-toc-page-1 ez-toc-heading-level-3'><a class=\"ez-toc-link ez-toc-heading-6\" href=\"https:\/\/idecesos.com\/seguros\/companias\/ama-mutua\/caceres\/#Paginas_relacionadas\" >P\u00e1ginas relacionadas<\/a><\/li><\/ul><\/li><\/ul><\/nav><\/div>\n<p><br \/>\n<a href=\"https:\/\/idecesos.com\/seguros\/companias\/ama-mutua\/\"><img decoding=\"async\" class=\" alignleft\" src=\"https:\/\/idecesos.com\/seguros\/wp-content\/uploads\/2021\/10\/Diseno-sin-titulo-67-150x150.png\" alt=\"Seguro de decesos A.M.A. Seguros\" \/><\/a>La ciudad de C\u00e1ceres cuenta con distintas<strong> sucursales de A.M.A. Seguros donde le dar\u00e1n la atenci\u00f3n que necesite,<\/strong> siempre de la mano de excelentes profesionales en el \u00e1mbito. Para solucionar todos sus problemas relacionados y lo administren de una forma m\u00e1s eficiente. Teniendo en cuenta que cada una tiene un horario pertinente. Es esencial contar con oficinas, de esta forma solventaran tus inconvenientes presencialmente, sabemos que es m\u00e1s eficiente si se trata a la distancia. Resulta que es necesario poder contar con una oficina f\u00edsica de empresas aseguradoras de decesos. <\/p>\n<p>Es complicado en ocasiones dar con las sucursales de A.M.A. Seguros en C\u00e1ceres que encuentren cerca de ti, y que en el momento administraci\u00f3n cualquier g\u00e9nero de error, quedando solventado todas y cada una de las gestiones que puedan llegar suceder. En caso de que se necesite asesoramiento, tendr\u00e1 en su posesi\u00f3n del servicio puedan acudir a su empresa aseguradora m\u00e1s pr\u00f3ximo para la gesti\u00f3n del mismo. <\/p>\n<p>Visita nuestra p\u00e1gina de <a href=\"https:\/\/idecesos.com\/seguros\/companias\/ama-mutua\/\">seguros de decesos A.M.A. Seguros<\/a> para m\u00e1s informaci\u00f3n.<\/p>\n<div class=\"colorf \"  ><div class=\"container clearfix\"><div class=\"col-md-7\">\n<h2><span class=\"ez-toc-section\" id=\"Seguro_de_decesos_AMA_Seguros_en_Caceres\"><\/span>Seguro de decesos A.M.A. Seguros en C\u00e1ceres<span class=\"ez-toc-section-end\"><\/span><\/h2>\n<p>Siendo una de las lideres en el mercado como empresa aseguradora de decesos, vamos a poner a tu disposici\u00f3n oficinas de A.M.A. Seguros en C\u00e1ceres te resultara tan sencillo que podr\u00e1s conseguir tu presupuesto en el instante. Ahora es momento de poder lograr tu presupuesto de seguro con una manera inmediata, no dudes m\u00e1s y pon soluci\u00f3n a tus inconvenientes con las herramientas que te facilitamos. \u00bfEs posible conseguirlo en menos de 1 minuto? Como es natural adem\u00e1s de esto con todo el contenido para su mejor proceso de entendimiento donde vas a poder evaluar de una forma m\u00e1s substancial. <\/p>\n<p><strong>Ver m\u00e1s:<\/strong> <a href=\"https:\/\/idecesos.com\/seguros\/ciudades\/caceres\/\">Seguros de decesos en C\u00e1ceres<\/a><\/p>\n<p>La calidad que prestamos siempre es de las mas esenciales, teniendo en cuenta nuestras oficinas de A.M.A. Seguros en C\u00e1ceres, por ello hemos querido premiar a nuestros clientes del servicio con la obtenci\u00f3n de presupuesto en el instante. Garant\u00eda en el momento de la b\u00fasqueda, con todo cuanto est\u00e1s buscando. Evit\u00e1ndote muchos pasos, en solo unos segundos vas a tener el formulario junto con la informaci\u00f3n que necesites en esas circunstancias. Siendo uno de los m\u00e1s r\u00e1pidos. \u00bfBuscar? Eso ya no se lleva, te lo ponemos simple. <\/p>\n<p><\/div><\/div><\/div>\n\t\t<hr class=\"separador\">\n\t\t<div class=\"bloque-accion\">\n\t\t<p class=\"txt-accion\">Calcula el precio de tu seguro de decesos en menos de 1 minuto<\/p>\n\t\t<a class=\"btn-accion\" href=\"https:\/\/idecesos.com\/\">CALCULAR<\/a>\n\t\t<\/div>\n\t\t<hr class=\"separador\">\n\t\t<\/p>\n<h2><span class=\"ez-toc-section\" id=\"Mapa_de_sucursales_de_seguros_AMA_Seguros_en_Caceres\"><\/span>Mapa de sucursales de seguros A.M.A. Seguros en C\u00e1ceres<span class=\"ez-toc-section-end\"><\/span><\/h2>\n<p>Encuentra de manera veloz y simple las oficinas de A.M.A. Seguros en C\u00e1ceres teniendo presente la ayuda de mapas por A.M.A. Seguros en C\u00e1ceres gestion\u00e1ndolo de forma pr\u00f3xima. Con esto se ahorra tiempo y trabajo tener que buscarlo, nosotros te ahorramos ese tiempo, en tanto que el tiempo es lo \u00fanico que se va y no vuelve. Te ahorramos perder el tiempo, haci\u00e9ndolo m\u00e1s vers\u00e1til. Sin necesidad de buscar m\u00e1s, el localizador resuelve y administra con eficacia la b\u00fasqueda. <\/p>\n<p><iframe class=\"page-generator-pro-map\" width=\"100%\" height=\"400\" frameborder=\"0\" style=\"border:0\" src=\"https:\/\/www.google.com\/maps\/embed\/v1\/place?q=C%C3%A1ceres%2C+Espa%C3%B1a&#038;zoom=14&#038;maptype=roadmap&#038;key=AIzaSyCNTEOso0tZG6YMSJFoaJEY5Th1stEWrJI\" allowfullscreen><\/iframe><\/p>\n<div class=\"colorf\"><div class=\"container clearfix\"><div class=\"col-md-7\"><div class=\"empresas\">\n<h2><span class=\"ez-toc-section\" id=\"Listado_de_sucursales_AMA_Seguros_en_Caceres\"><\/span>Listado de sucursales A.M.A. Seguros en C\u00e1ceres<span class=\"ez-toc-section-end\"><\/span><\/h2>\n<ul>\n<li><strong>Compa\u00f1\u00eda de seguros Espa\u00f1a:<\/strong> 10002<\/li>\n<\/ul>\n<\/div><\/div><\/div><\/div>\n<h2><span class=\"ez-toc-section\" id=\"Agencias_de_seguros_de_decesos_en_Caceres\"><\/span>Agencias de seguros de decesos en C\u00e1ceres<span class=\"ez-toc-section-end\"><\/span><\/h2>\n<p>Te traemos la soluci\u00f3n para aquellos que precisan conocer <strong>seguros de defunci\u00f3n en C\u00e1ceres<\/strong>, ahorr\u00e1ndote pasos de registros, te damos el listado para que lo tengas a tu entera disposici\u00f3n pudiendo acceder en cualquier instante, quedara siempre actualizado. Toda la informaci\u00f3n aportada es para quede resuelto todas y cada una de las dudas que te puedan surgir a lo largo del proceso. <\/p>\n<div class=\"colorf\"><div class=\"container clearfix\"><div class=\"col-md-7\"><div class=\"empresas\">\n<h3><span class=\"ez-toc-section\" id=\"Listado_de_oficinas_AMA_Seguros_en_Espana\"><\/span>Listado de oficinas A.M.A. Seguros en Espa\u00f1a<span class=\"ez-toc-section-end\"><\/span><\/h3>\n<p><!-- Shortcode [ama-mutua-oficinas] does not exist --><\/div><\/div><\/div><\/div><\/p>\n<p><div class=\"oficinas\"><br \/>\n<h3><span class=\"ez-toc-section\" id=\"Paginas_relacionadas\"><\/span>P\u00e1ginas relacionadas<span class=\"ez-toc-section-end\"><\/span><\/h3><div class=\"enlazado\"><ul> <li><a href=\"https:\/\/idecesos.com\/seguros\/companias\/ama-mutua\/opiniones\/\">Opiniones AMA Mutua<\/a><\/li> <li><a href=\"https:\/\/idecesos.com\/seguros\/companias\/ama-mutua\/precio\/\">Precio seguro Ama Mutua<\/a><\/li> <li><a href=\"https:\/\/idecesos.com\/seguros\/companias\/ama-mutua\/prima-mixta\/\">Ama Mutua Prima Mixta<\/a><\/li> <li><a href=\"https:\/\/idecesos.com\/seguros\/companias\/ama-mutua\/prima-natural\/\">Ama Mutua Prima Natural<\/a><\/li> <li><a href=\"https:\/\/idecesos.com\/seguros\/companias\/ama-mutua\/prima-nivelada\/\">Ama Mutua Prima Nivelada<\/a><\/li> <li><a href=\"https:\/\/idecesos.com\/seguros\/companias\/ama-mutua\/prima-unica\/\">Ama Mutua Prima \u00danica<\/a><\/li> <li><a href=\"https:\/\/idecesos.com\/seguros\/companias\/ama-mutua\/repatriacion\/\">Ama Mutua Repatriaci\u00f3n<\/a><\/li> <li><a href=\"https:\/\/idecesos.com\/seguros\/companias\/ama-mutua\/telefono\/\">Tel\u00e9fono Gratuito Ama Mutua<\/a><\/li><\/ul><\/div><br \/>\n<\/div><\/p>\n","protected":false},"excerpt":{"rendered":"<p>La ciudad de C\u00e1ceres cuenta con distintas sucursales de A.M.A. Seguros donde le dar\u00e1n la atenci\u00f3n que necesite, siempre de la mano de excelentes profesionales en el \u00e1mbito. Para solucionar todos sus problemas relacionados y lo administren de una forma m\u00e1s eficiente. Teniendo en cuenta que cada una tiene un horario pertinente. Es esencial contar&hellip; <\/p>\n","protected":false},"author":0,"featured_media":0,"parent":9510,"menu_order":0,"comment_status":"closed","ping_status":"closed","template":"single.php","meta":{"footnotes":""},"class_list":["post-17198","page","type-page","status-publish","hentry"],"yoast_head":"<!-- This site is optimized with the Yoast SEO plugin v27.5 - https:\/\/yoast.com\/product\/yoast-seo-wordpress\/ -->\n<title>Oficinas A.M.A. Seguros en C\u00e1ceres \u25b7Tel\u00e9fonos, Horarios, Direcci\u00f3n<\/title>\n<meta name=\"description\" content=\"Lista completa de Oficinas A.M.A. Seguros en C\u00e1ceres Horarios, \u2706 tel\u00e9fonos y direcciones actualizados en 2026 \u2611\ufe0f Verificado por iDecesos.\" \/>\n<meta name=\"robots\" content=\"index, follow, max-snippet:-1, max-image-preview:large, max-video-preview:-1\" \/>\n<link rel=\"canonical\" href=\"https:\/\/idecesos.com\/seguros\/companias\/ama-mutua\/caceres\/\" \/>\n<meta property=\"og:locale\" content=\"es_ES\" \/>\n<meta property=\"og:type\" content=\"article\" \/>\n<meta property=\"og:title\" content=\"Oficinas A.M.A. Seguros en C\u00e1ceres \u25b7Tel\u00e9fonos, Horarios, Direcci\u00f3n\" \/>\n<meta property=\"og:description\" content=\"Lista completa de Oficinas A.M.A. Seguros en C\u00e1ceres Horarios, \u2706 tel\u00e9fonos y direcciones actualizados en 2026 \u2611\ufe0f Verificado por iDecesos.\" \/>\n<meta property=\"og:url\" content=\"https:\/\/idecesos.com\/seguros\/companias\/ama-mutua\/caceres\/\" \/>\n<meta property=\"og:image\" content=\"https:\/\/idecesos.com\/seguros\/wp-content\/uploads\/2021\/10\/Diseno-sin-titulo-67-150x150.png\" \/>\n<meta name=\"twitter:card\" content=\"summary_large_image\" \/>\n<meta name=\"twitter:label1\" content=\"Tiempo de lectura\" \/>\n\t<meta name=\"twitter:data1\" content=\"39 minutos\" \/>\n<script type=\"application\/ld+json\" class=\"yoast-schema-graph\">{\"@context\":\"https:\\\/\\\/schema.org\",\"@graph\":[{\"@type\":\"WebPage\",\"@id\":\"https:\\\/\\\/idecesos.com\\\/seguros\\\/companias\\\/ama-mutua\\\/caceres\\\/\",\"url\":\"https:\\\/\\\/idecesos.com\\\/seguros\\\/companias\\\/ama-mutua\\\/caceres\\\/\",\"name\":\"Oficinas A.M.A. Seguros en C\u00e1ceres \u25b7Tel\u00e9fonos, Horarios, Direcci\u00f3n\",\"isPartOf\":{\"@id\":\"https:\\\/\\\/idecesos.com\\\/seguros\\\/#website\"},\"primaryImageOfPage\":{\"@id\":\"https:\\\/\\\/idecesos.com\\\/seguros\\\/companias\\\/ama-mutua\\\/caceres\\\/#primaryimage\"},\"image\":{\"@id\":\"https:\\\/\\\/idecesos.com\\\/seguros\\\/companias\\\/ama-mutua\\\/caceres\\\/#primaryimage\"},\"thumbnailUrl\":\"https:\\\/\\\/idecesos.com\\\/seguros\\\/wp-content\\\/uploads\\\/2021\\\/10\\\/Diseno-sin-titulo-67-150x150.png\",\"datePublished\":\"2021-12-13T11:38:17+00:00\",\"description\":\"Lista completa de Oficinas A.M.A. Seguros en C\u00e1ceres Horarios, \u2706 tel\u00e9fonos y direcciones actualizados en 2026 \u2611\ufe0f Verificado por iDecesos.\",\"breadcrumb\":{\"@id\":\"https:\\\/\\\/idecesos.com\\\/seguros\\\/companias\\\/ama-mutua\\\/caceres\\\/#breadcrumb\"},\"inLanguage\":\"es\",\"potentialAction\":[{\"@type\":\"ReadAction\",\"target\":[\"https:\\\/\\\/idecesos.com\\\/seguros\\\/companias\\\/ama-mutua\\\/caceres\\\/\"]}]},{\"@type\":\"ImageObject\",\"inLanguage\":\"es\",\"@id\":\"https:\\\/\\\/idecesos.com\\\/seguros\\\/companias\\\/ama-mutua\\\/caceres\\\/#primaryimage\",\"url\":\"https:\\\/\\\/idecesos.com\\\/seguros\\\/wp-content\\\/uploads\\\/2021\\\/10\\\/Diseno-sin-titulo-67.png\",\"contentUrl\":\"https:\\\/\\\/idecesos.com\\\/seguros\\\/wp-content\\\/uploads\\\/2021\\\/10\\\/Diseno-sin-titulo-67.png\",\"width\":200,\"height\":200},{\"@type\":\"BreadcrumbList\",\"@id\":\"https:\\\/\\\/idecesos.com\\\/seguros\\\/companias\\\/ama-mutua\\\/caceres\\\/#breadcrumb\",\"itemListElement\":[{\"@type\":\"ListItem\",\"position\":1,\"name\":\"Portada\",\"item\":\"https:\\\/\\\/idecesos.com\\\/seguros\\\/\"},{\"@type\":\"ListItem\",\"position\":2,\"name\":\"Compa\u00f1\u00edas de Seguros de Decesos en Espa\u00f1a\",\"item\":\"https:\\\/\\\/idecesos.com\\\/seguros\\\/companias\\\/\"},{\"@type\":\"ListItem\",\"position\":3,\"name\":\"Seguro de decesos A.M.A Mutua\",\"item\":\"https:\\\/\\\/idecesos.com\\\/seguros\\\/companias\\\/ama-mutua\\\/\"},{\"@type\":\"ListItem\",\"position\":4,\"name\":\"Oficinas seguros de decesos A.M.A. Seguros en C\u00e1ceres\"}]},{\"@type\":\"WebSite\",\"@id\":\"https:\\\/\\\/idecesos.com\\\/seguros\\\/#website\",\"url\":\"https:\\\/\\\/idecesos.com\\\/seguros\\\/\",\"name\":\"\",\"description\":\"\",\"potentialAction\":[{\"@type\":\"SearchAction\",\"target\":{\"@type\":\"EntryPoint\",\"urlTemplate\":\"https:\\\/\\\/idecesos.com\\\/seguros\\\/?s={search_term_string}\"},\"query-input\":{\"@type\":\"PropertyValueSpecification\",\"valueRequired\":true,\"valueName\":\"search_term_string\"}}],\"inLanguage\":\"es\"}]}<\/script>\n<!-- \/ Yoast SEO plugin. -->","yoast_head_json":{"title":"Oficinas A.M.A. Seguros en C\u00e1ceres \u25b7Tel\u00e9fonos, Horarios, Direcci\u00f3n","description":"Lista completa de Oficinas A.M.A. Seguros en C\u00e1ceres Horarios, \u2706 tel\u00e9fonos y direcciones actualizados en 2026 \u2611\ufe0f Verificado por iDecesos.","robots":{"index":"index","follow":"follow","max-snippet":"max-snippet:-1","max-image-preview":"max-image-preview:large","max-video-preview":"max-video-preview:-1"},"canonical":"https:\/\/idecesos.com\/seguros\/companias\/ama-mutua\/caceres\/","og_locale":"es_ES","og_type":"article","og_title":"Oficinas A.M.A. Seguros en C\u00e1ceres \u25b7Tel\u00e9fonos, Horarios, Direcci\u00f3n","og_description":"Lista completa de Oficinas A.M.A. Seguros en C\u00e1ceres Horarios, \u2706 tel\u00e9fonos y direcciones actualizados en 2026 \u2611\ufe0f Verificado por iDecesos.","og_url":"https:\/\/idecesos.com\/seguros\/companias\/ama-mutua\/caceres\/","og_image":[{"url":"https:\/\/idecesos.com\/seguros\/wp-content\/uploads\/2021\/10\/Diseno-sin-titulo-67-150x150.png","type":"","width":"","height":""}],"twitter_card":"summary_large_image","twitter_misc":{"Tiempo de lectura":"39 minutos"},"schema":{"@context":"https:\/\/schema.org","@graph":[{"@type":"WebPage","@id":"https:\/\/idecesos.com\/seguros\/companias\/ama-mutua\/caceres\/","url":"https:\/\/idecesos.com\/seguros\/companias\/ama-mutua\/caceres\/","name":"Oficinas A.M.A. Seguros en C\u00e1ceres \u25b7Tel\u00e9fonos, Horarios, Direcci\u00f3n","isPartOf":{"@id":"https:\/\/idecesos.com\/seguros\/#website"},"primaryImageOfPage":{"@id":"https:\/\/idecesos.com\/seguros\/companias\/ama-mutua\/caceres\/#primaryimage"},"image":{"@id":"https:\/\/idecesos.com\/seguros\/companias\/ama-mutua\/caceres\/#primaryimage"},"thumbnailUrl":"https:\/\/idecesos.com\/seguros\/wp-content\/uploads\/2021\/10\/Diseno-sin-titulo-67-150x150.png","datePublished":"2021-12-13T11:38:17+00:00","description":"Lista completa de Oficinas A.M.A. Seguros en C\u00e1ceres Horarios, \u2706 tel\u00e9fonos y direcciones actualizados en 2026 \u2611\ufe0f Verificado por iDecesos.","breadcrumb":{"@id":"https:\/\/idecesos.com\/seguros\/companias\/ama-mutua\/caceres\/#breadcrumb"},"inLanguage":"es","potentialAction":[{"@type":"ReadAction","target":["https:\/\/idecesos.com\/seguros\/companias\/ama-mutua\/caceres\/"]}]},{"@type":"ImageObject","inLanguage":"es","@id":"https:\/\/idecesos.com\/seguros\/companias\/ama-mutua\/caceres\/#primaryimage","url":"https:\/\/idecesos.com\/seguros\/wp-content\/uploads\/2021\/10\/Diseno-sin-titulo-67.png","contentUrl":"https:\/\/idecesos.com\/seguros\/wp-content\/uploads\/2021\/10\/Diseno-sin-titulo-67.png","width":200,"height":200},{"@type":"BreadcrumbList","@id":"https:\/\/idecesos.com\/seguros\/companias\/ama-mutua\/caceres\/#breadcrumb","itemListElement":[{"@type":"ListItem","position":1,"name":"Portada","item":"https:\/\/idecesos.com\/seguros\/"},{"@type":"ListItem","position":2,"name":"Compa\u00f1\u00edas de Seguros de Decesos en Espa\u00f1a","item":"https:\/\/idecesos.com\/seguros\/companias\/"},{"@type":"ListItem","position":3,"name":"Seguro de decesos A.M.A Mutua","item":"https:\/\/idecesos.com\/seguros\/companias\/ama-mutua\/"},{"@type":"ListItem","position":4,"name":"Oficinas seguros de decesos A.M.A. Seguros en C\u00e1ceres"}]},{"@type":"WebSite","@id":"https:\/\/idecesos.com\/seguros\/#website","url":"https:\/\/idecesos.com\/seguros\/","name":"","description":"","potentialAction":[{"@type":"SearchAction","target":{"@type":"EntryPoint","urlTemplate":"https:\/\/idecesos.com\/seguros\/?s={search_term_string}"},"query-input":{"@type":"PropertyValueSpecification","valueRequired":true,"valueName":"search_term_string"}}],"inLanguage":"es"}]}},"_links":{"self":[{"href":"https:\/\/idecesos.com\/seguros\/wp-json\/wp\/v2\/pages\/17198","targetHints":{"allow":["GET"]}}],"collection":[{"href":"https:\/\/idecesos.com\/seguros\/wp-json\/wp\/v2\/pages"}],"about":[{"href":"https:\/\/idecesos.com\/seguros\/wp-json\/wp\/v2\/types\/page"}],"replies":[{"embeddable":true,"href":"https:\/\/idecesos.com\/seguros\/wp-json\/wp\/v2\/comments?post=17198"}],"version-history":[{"count":0,"href":"https:\/\/idecesos.com\/seguros\/wp-json\/wp\/v2\/pages\/17198\/revisions"}],"up":[{"embeddable":true,"href":"https:\/\/idecesos.com\/seguros\/wp-json\/wp\/v2\/pages\/9510"}],"wp:attachment":[{"href":"https:\/\/idecesos.com\/seguros\/wp-json\/wp\/v2\/media?parent=17198"}],"curies":[{"name":"wp","href":"https:\/\/api.w.org\/{rel}","templated":true}]}}