{"id":17201,"date":"2021-12-13T11:38:19","date_gmt":"2021-12-13T11:38:19","guid":{"rendered":"https:\/\/idecesos.com\/seguros\/companias\/ama-mutua\/castellon\/"},"modified":"2021-12-13T11:38:19","modified_gmt":"2021-12-13T11:38:19","slug":"castellon","status":"publish","type":"page","link":"https:\/\/idecesos.com\/seguros\/companias\/ama-mutua\/castellon\/","title":{"rendered":"Oficinas seguros de decesos A.M.A. Seguros en Castell\u00f3n"},"content":{"rendered":"<div id=\"ez-toc-container\" class=\"ez-toc-v2_0_82_2 ez-toc-wrap-center counter-hierarchy ez-toc-counter ez-toc-custom ez-toc-container-direction\">\n<div class=\"ez-toc-title-container\">\n<p class=\"ez-toc-title\" style=\"cursor:inherit\">Tabla de Contenido<\/p>\n<span class=\"ez-toc-title-toggle\"><a href=\"#\" class=\"ez-toc-pull-right ez-toc-btn ez-toc-btn-xs ez-toc-btn-default ez-toc-toggle\" aria-label=\"Alternar tabla de contenidos\"><span class=\"ez-toc-js-icon-con\"><span class=\"\"><span class=\"eztoc-hide\" style=\"display:none;\">Toggle<\/span><span class=\"ez-toc-icon-toggle-span\"><svg style=\"fill: #db6415;color:#db6415\" xmlns=\"http:\/\/www.w3.org\/2000\/svg\" class=\"list-377408\" width=\"20px\" height=\"20px\" viewBox=\"0 0 24 24\" fill=\"none\"><path d=\"M6 6H4v2h2V6zm14 0H8v2h12V6zM4 11h2v2H4v-2zm16 0H8v2h12v-2zM4 16h2v2H4v-2zm16 0H8v2h12v-2z\" fill=\"currentColor\"><\/path><\/svg><svg style=\"fill: #db6415;color:#db6415\" class=\"arrow-unsorted-368013\" xmlns=\"http:\/\/www.w3.org\/2000\/svg\" width=\"10px\" height=\"10px\" viewBox=\"0 0 24 24\" version=\"1.2\" baseProfile=\"tiny\"><path d=\"M18.2 9.3l-6.2-6.3-6.2 6.3c-.2.2-.3.4-.3.7s.1.5.3.7c.2.2.4.3.7.3h11c.3 0 .5-.1.7-.3.2-.2.3-.5.3-.7s-.1-.5-.3-.7zM5.8 14.7l6.2 6.3 6.2-6.3c.2-.2.3-.5.3-.7s-.1-.5-.3-.7c-.2-.2-.4-.3-.7-.3h-11c-.3 0-.5.1-.7.3-.2.2-.3.5-.3.7s.1.5.3.7z\"\/><\/svg><\/span><\/span><\/span><\/a><\/span><\/div>\n<nav><ul class='ez-toc-list ez-toc-list-level-1 ' ><li class='ez-toc-page-1 ez-toc-heading-level-2'><a class=\"ez-toc-link ez-toc-heading-1\" href=\"https:\/\/idecesos.com\/seguros\/companias\/ama-mutua\/castellon\/#Seguro_de_decesos_AMA_Seguros_en_Castellon\" >Seguro de decesos A.M.A. Seguros en Castell\u00f3n<\/a><\/li><li class='ez-toc-page-1 ez-toc-heading-level-2'><a class=\"ez-toc-link ez-toc-heading-2\" href=\"https:\/\/idecesos.com\/seguros\/companias\/ama-mutua\/castellon\/#Mapa_de_sucursales_de_seguros_AMA_Seguros_en_Castellon\" >Mapa de sucursales de seguros A.M.A. Seguros en Castell\u00f3n<\/a><\/li><li class='ez-toc-page-1 ez-toc-heading-level-2'><a class=\"ez-toc-link ez-toc-heading-3\" href=\"https:\/\/idecesos.com\/seguros\/companias\/ama-mutua\/castellon\/#Listado_de_oficinas_AMA_Seguros_en_Castellon\" >Listado de oficinas A.M.A. Seguros en Castell\u00f3n<\/a><\/li><li class='ez-toc-page-1 ez-toc-heading-level-2'><a class=\"ez-toc-link ez-toc-heading-4\" href=\"https:\/\/idecesos.com\/seguros\/companias\/ama-mutua\/castellon\/#Agencias_de_seguros_de_decesos_en_Castellon\" >Agencias de seguros de decesos en Castell\u00f3n<\/a><ul class='ez-toc-list-level-3' ><li class='ez-toc-heading-level-3'><a class=\"ez-toc-link ez-toc-heading-5\" href=\"https:\/\/idecesos.com\/seguros\/companias\/ama-mutua\/castellon\/#Listado_de_oficinas_AMA_Seguros_en_Espana\" >Listado de oficinas A.M.A. Seguros en Espa\u00f1a<\/a><\/li><li class='ez-toc-page-1 ez-toc-heading-level-3'><a class=\"ez-toc-link ez-toc-heading-6\" href=\"https:\/\/idecesos.com\/seguros\/companias\/ama-mutua\/castellon\/#Paginas_relacionadas\" >P\u00e1ginas relacionadas<\/a><\/li><\/ul><\/li><\/ul><\/nav><\/div>\n<p><br \/>\n<a href=\"https:\/\/idecesos.com\/seguros\/companias\/ama-mutua\/\"><img decoding=\"async\" class=\" alignleft\" src=\"https:\/\/idecesos.com\/seguros\/wp-content\/uploads\/2021\/10\/Diseno-sin-titulo-67-150x150.png\" alt=\"Seguro de decesos A.M.A. Seguros\" \/><\/a>Cuentas con las distintas oficinas de A.M.A. Seguros que se hallan situados en diferentes zonas, por esta raz\u00f3n queremos que tengas en todo momento el conocimiento de las distintas sucursales existentes de A.M.A. Seguros en Castell\u00f3n para tu mejor servicio y gesti\u00f3n de tr\u00e1mites. La importancia de contar con personas con experiencia concida en campo, ayuda hacer el proceso m\u00e1s veloz. Siempre deseamos que dispongas de nuestros servicios y que puedas acceder a ellos de manera sencilla. \u00bfD\u00f3nde hallar oficinas de A.M.A. Seguros en Castell\u00f3n? ahora podr\u00e1s saber si est\u00e1 en tu ratio, donde te aseguramos que llegues hasta el punto donde necesites. <\/p>\n<p>\u00bfSabes que puede haber a tu alrededor m\u00e1s de 1. 000 aseguradoras?Deben tomar en consideraci\u00f3n donde est\u00e1n cada una de las diferentes sucursales de Castell\u00f3n para que nos den lo servicios que requerimos en todo el proceso y que te puedan surgir. Filtra inmediatamente y conoce las distintas sucursales de A.M.A. Seguros en cada Castell\u00f3n con las necesidades que requieres. te dan en todo instante garant\u00eda para la gesti\u00f3n de tu oficina m\u00e1s cercana, d\u00e1ndote la seguridad que necesites. <\/p>\n<p>Visita nuestra p\u00e1gina de <a href=\"https:\/\/idecesos.com\/seguros\/companias\/ama-mutua\/\">seguros de decesos A.M.A. Seguros<\/a> para m\u00e1s informaci\u00f3n.<\/p>\n<div class=\"colorf \"  ><div class=\"container clearfix\"><div class=\"col-md-7\">\n<h2><span class=\"ez-toc-section\" id=\"Seguro_de_decesos_AMA_Seguros_en_Castellon\"><\/span>Seguro de decesos A.M.A. Seguros en Castell\u00f3n<span class=\"ez-toc-section-end\"><\/span><\/h2>\n<p>Te obsequiamos la informaci\u00f3n de poder conocer de d\u00f3nde dispones de cada oficina de <strong>A.M.A. Seguros en Castell\u00f3n<\/strong> result\u00e1ndote m\u00e1s c\u00f3modo, lideramos las listas de compa\u00f1\u00edas aseguradoras de decesos. Queremos que cuentes con la opci\u00f3n de poder conseguir tu presupuesto de seguro cuando lo desees y de manera f\u00e1cil como \u00fatil. \u00bfEs posible obtenerlo en menos de 1 minuto? Por supuesto adem\u00e1s de esto con todo el contenido para su mejor proceso de entendimiento donde vas a poder valorar de una manera m\u00e1s substancial. <\/p>\n<p><strong>Ver m\u00e1s:<\/strong> <a href=\"https:\/\/idecesos.com\/seguros\/ciudades\/castellon\/\">Seguros de decesos en Castell\u00f3n<\/a><\/p>\n<p>Nuestro servicio de diferentes sucursales de A.M.A. Seguros en Castell\u00f3n permitir\u00e1 a nuestros clientes primordiales conseguir un presupuesto al instante. Nos aseguramos que es todo cuanto precises, lo tengo en tus manos. No vas a necesitar ver un tutorial para rellenar el formulario, es m\u00e1s f\u00e1cil, que ir de compras. Consiguiendo de esta forma la informaci\u00f3n pertinente. M\u00e1s solvente que seguir buscando. <\/p>\n<p><\/div><\/div><\/div>\n\t\t<hr class=\"separador\">\n\t\t<div class=\"bloque-accion\">\n\t\t<p class=\"txt-accion\">Calcula el precio de tu seguro de decesos en menos de 1 minuto<\/p>\n\t\t<a class=\"btn-accion\" href=\"https:\/\/idecesos.com\/\">CALCULAR<\/a>\n\t\t<\/div>\n\t\t<hr class=\"separador\">\n\t\t<\/p>\n<h2><span class=\"ez-toc-section\" id=\"Mapa_de_sucursales_de_seguros_AMA_Seguros_en_Castellon\"><\/span>Mapa de sucursales de seguros A.M.A. Seguros en Castell\u00f3n<span class=\"ez-toc-section-end\"><\/span><\/h2>\n<p>Adem\u00e1s de contar con localizador de sucursales de A.M.A. Seguros en Castell\u00f3n asimismo dispones de un mapa por cada A.M.A. Seguros en Castell\u00f3n. Sabemos lo importante que es poder contar en todo momento con buenos resultados, por esta raz\u00f3n en cada b\u00fasqueda quedase cubierto por calidad. Moment\u00e1neamente lograr\u00e1s tenerlo en tus propias manos. Para una mejor ayuda o dudas, siempre cuestionamos cuales son las mejores opciones alternativas a tu soluci\u00f3n. <\/p>\n<p><iframe class=\"page-generator-pro-map\" width=\"100%\" height=\"400\" frameborder=\"0\" style=\"border:0\" src=\"https:\/\/www.google.com\/maps\/embed\/v1\/place?q=Castell%C3%B3n+de+la+Plana%2C+Espa%C3%B1a&#038;zoom=14&#038;maptype=roadmap&#038;key=AIzaSyCNTEOso0tZG6YMSJFoaJEY5Th1stEWrJI\" allowfullscreen><\/iframe><\/p>\n<div class=\"colorf\"><div class=\"container clearfix\"><div class=\"col-md-7\"><div class=\"empresas\">\n<h2><span class=\"ez-toc-section\" id=\"Listado_de_oficinas_AMA_Seguros_en_Castellon\"><\/span>Listado de oficinas A.M.A. Seguros en Castell\u00f3n<span class=\"ez-toc-section-end\"><\/span><\/h2>\n<ul>\n<li><strong>Compa\u00f1\u00eda de seguros Espa\u00f1a:<\/strong> 12001<\/li>\n<\/ul>\n<\/div><\/div><\/div><\/div>\n<h2><span class=\"ez-toc-section\" id=\"Agencias_de_seguros_de_decesos_en_Castellon\"><\/span>Agencias de seguros de decesos en Castell\u00f3n<span class=\"ez-toc-section-end\"><\/span><\/h2>\n<p>\u00bfSin necesidad de registros? evit\u00e1ndote ese proceso tan incomodo como bastante dif\u00edcil, vas a poder ver todo el enorme listado que hemos realizado a fin de que tengas libre en cada instante, contando con su actualizaci\u00f3n peri\u00f3dicamente, <strong>cada seguros de decesos en Castell\u00f3n<\/strong>. Tan sencillo que vas a tener toda la informaci\u00f3n de cada uno de ellos, tendr\u00e1s cualquier duda resulta merced a sus datos que contienen. <\/p>\n<div class=\"colorf\"><div class=\"container clearfix\"><div class=\"col-md-7\"><div class=\"empresas\">\n<h3><span class=\"ez-toc-section\" id=\"Listado_de_oficinas_AMA_Seguros_en_Espana\"><\/span>Listado de oficinas A.M.A. Seguros en Espa\u00f1a<span class=\"ez-toc-section-end\"><\/span><\/h3>\n<p><!-- Shortcode [ama-mutua-oficinas] does not exist --><\/div><\/div><\/div><\/div><\/p>\n<p><div class=\"oficinas\"><br \/>\n<h3><span class=\"ez-toc-section\" id=\"Paginas_relacionadas\"><\/span>P\u00e1ginas relacionadas<span class=\"ez-toc-section-end\"><\/span><\/h3><div class=\"enlazado\"><ul> <li><a href=\"https:\/\/idecesos.com\/seguros\/companias\/ama-mutua\/opiniones\/\">Opiniones AMA Mutua<\/a><\/li> <li><a href=\"https:\/\/idecesos.com\/seguros\/companias\/ama-mutua\/precio\/\">Precio seguro Ama Mutua<\/a><\/li> <li><a href=\"https:\/\/idecesos.com\/seguros\/companias\/ama-mutua\/prima-mixta\/\">Ama Mutua Prima Mixta<\/a><\/li> <li><a href=\"https:\/\/idecesos.com\/seguros\/companias\/ama-mutua\/prima-natural\/\">Ama Mutua Prima Natural<\/a><\/li> <li><a href=\"https:\/\/idecesos.com\/seguros\/companias\/ama-mutua\/prima-nivelada\/\">Ama Mutua Prima Nivelada<\/a><\/li> <li><a href=\"https:\/\/idecesos.com\/seguros\/companias\/ama-mutua\/prima-unica\/\">Ama Mutua Prima \u00danica<\/a><\/li> <li><a href=\"https:\/\/idecesos.com\/seguros\/companias\/ama-mutua\/repatriacion\/\">Ama Mutua Repatriaci\u00f3n<\/a><\/li> <li><a href=\"https:\/\/idecesos.com\/seguros\/companias\/ama-mutua\/telefono\/\">Tel\u00e9fono Gratuito Ama Mutua<\/a><\/li><\/ul><\/div><br \/>\n<\/div><\/p>\n","protected":false},"excerpt":{"rendered":"<p>Cuentas con las distintas oficinas de A.M.A. Seguros que se hallan situados en diferentes zonas, por esta raz\u00f3n queremos que tengas en todo momento el conocimiento de las distintas sucursales existentes de A.M.A. Seguros en Castell\u00f3n para tu mejor servicio y gesti\u00f3n de tr\u00e1mites. La importancia de contar con personas con experiencia concida en campo,&hellip; <\/p>\n","protected":false},"author":0,"featured_media":0,"parent":9510,"menu_order":0,"comment_status":"closed","ping_status":"closed","template":"single.php","meta":{"footnotes":""},"class_list":["post-17201","page","type-page","status-publish","hentry"],"yoast_head":"<!-- This site is optimized with the Yoast SEO plugin v27.3 - https:\/\/yoast.com\/product\/yoast-seo-wordpress\/ -->\n<title>Oficinas A.M.A. Seguros en Castell\u00f3n \u25b7Tel\u00e9fonos, Horarios, Direcci\u00f3n<\/title>\n<meta name=\"description\" content=\"Lista completa de Oficinas A.M.A. Seguros en Castell\u00f3n Horarios, \u2706 tel\u00e9fonos y direcciones actualizados en 2026 \u2611\ufe0f Verificado por iDecesos.\" \/>\n<meta name=\"robots\" content=\"index, follow, max-snippet:-1, max-image-preview:large, max-video-preview:-1\" \/>\n<link rel=\"canonical\" href=\"https:\/\/idecesos.com\/seguros\/companias\/ama-mutua\/castellon\/\" \/>\n<meta property=\"og:locale\" content=\"es_ES\" \/>\n<meta property=\"og:type\" content=\"article\" \/>\n<meta property=\"og:title\" content=\"Oficinas A.M.A. Seguros en Castell\u00f3n \u25b7Tel\u00e9fonos, Horarios, Direcci\u00f3n\" \/>\n<meta property=\"og:description\" content=\"Lista completa de Oficinas A.M.A. Seguros en Castell\u00f3n Horarios, \u2706 tel\u00e9fonos y direcciones actualizados en 2026 \u2611\ufe0f Verificado por iDecesos.\" \/>\n<meta property=\"og:url\" content=\"https:\/\/idecesos.com\/seguros\/companias\/ama-mutua\/castellon\/\" \/>\n<meta property=\"og:image\" content=\"https:\/\/idecesos.com\/seguros\/wp-content\/uploads\/2021\/10\/Diseno-sin-titulo-67-150x150.png\" \/>\n<meta name=\"twitter:card\" content=\"summary_large_image\" \/>\n<meta name=\"twitter:label1\" content=\"Tiempo de lectura\" \/>\n\t<meta name=\"twitter:data1\" content=\"39 minutos\" \/>\n<script type=\"application\/ld+json\" class=\"yoast-schema-graph\">{\"@context\":\"https:\\\/\\\/schema.org\",\"@graph\":[{\"@type\":\"WebPage\",\"@id\":\"https:\\\/\\\/idecesos.com\\\/seguros\\\/companias\\\/ama-mutua\\\/castellon\\\/\",\"url\":\"https:\\\/\\\/idecesos.com\\\/seguros\\\/companias\\\/ama-mutua\\\/castellon\\\/\",\"name\":\"Oficinas A.M.A. Seguros en Castell\u00f3n \u25b7Tel\u00e9fonos, Horarios, Direcci\u00f3n\",\"isPartOf\":{\"@id\":\"https:\\\/\\\/idecesos.com\\\/seguros\\\/#website\"},\"primaryImageOfPage\":{\"@id\":\"https:\\\/\\\/idecesos.com\\\/seguros\\\/companias\\\/ama-mutua\\\/castellon\\\/#primaryimage\"},\"image\":{\"@id\":\"https:\\\/\\\/idecesos.com\\\/seguros\\\/companias\\\/ama-mutua\\\/castellon\\\/#primaryimage\"},\"thumbnailUrl\":\"https:\\\/\\\/idecesos.com\\\/seguros\\\/wp-content\\\/uploads\\\/2021\\\/10\\\/Diseno-sin-titulo-67-150x150.png\",\"datePublished\":\"2021-12-13T11:38:19+00:00\",\"description\":\"Lista completa de Oficinas A.M.A. Seguros en Castell\u00f3n Horarios, \u2706 tel\u00e9fonos y direcciones actualizados en 2026 \u2611\ufe0f Verificado por iDecesos.\",\"breadcrumb\":{\"@id\":\"https:\\\/\\\/idecesos.com\\\/seguros\\\/companias\\\/ama-mutua\\\/castellon\\\/#breadcrumb\"},\"inLanguage\":\"es\",\"potentialAction\":[{\"@type\":\"ReadAction\",\"target\":[\"https:\\\/\\\/idecesos.com\\\/seguros\\\/companias\\\/ama-mutua\\\/castellon\\\/\"]}]},{\"@type\":\"ImageObject\",\"inLanguage\":\"es\",\"@id\":\"https:\\\/\\\/idecesos.com\\\/seguros\\\/companias\\\/ama-mutua\\\/castellon\\\/#primaryimage\",\"url\":\"https:\\\/\\\/idecesos.com\\\/seguros\\\/wp-content\\\/uploads\\\/2021\\\/10\\\/Diseno-sin-titulo-67.png\",\"contentUrl\":\"https:\\\/\\\/idecesos.com\\\/seguros\\\/wp-content\\\/uploads\\\/2021\\\/10\\\/Diseno-sin-titulo-67.png\",\"width\":200,\"height\":200},{\"@type\":\"BreadcrumbList\",\"@id\":\"https:\\\/\\\/idecesos.com\\\/seguros\\\/companias\\\/ama-mutua\\\/castellon\\\/#breadcrumb\",\"itemListElement\":[{\"@type\":\"ListItem\",\"position\":1,\"name\":\"Portada\",\"item\":\"https:\\\/\\\/idecesos.com\\\/seguros\\\/\"},{\"@type\":\"ListItem\",\"position\":2,\"name\":\"Compa\u00f1\u00edas de Seguros de Decesos en Espa\u00f1a\",\"item\":\"https:\\\/\\\/idecesos.com\\\/seguros\\\/companias\\\/\"},{\"@type\":\"ListItem\",\"position\":3,\"name\":\"Seguro de decesos A.M.A Mutua\",\"item\":\"https:\\\/\\\/idecesos.com\\\/seguros\\\/companias\\\/ama-mutua\\\/\"},{\"@type\":\"ListItem\",\"position\":4,\"name\":\"Oficinas seguros de decesos A.M.A. Seguros en Castell\u00f3n\"}]},{\"@type\":\"WebSite\",\"@id\":\"https:\\\/\\\/idecesos.com\\\/seguros\\\/#website\",\"url\":\"https:\\\/\\\/idecesos.com\\\/seguros\\\/\",\"name\":\"\",\"description\":\"\",\"potentialAction\":[{\"@type\":\"SearchAction\",\"target\":{\"@type\":\"EntryPoint\",\"urlTemplate\":\"https:\\\/\\\/idecesos.com\\\/seguros\\\/?s={search_term_string}\"},\"query-input\":{\"@type\":\"PropertyValueSpecification\",\"valueRequired\":true,\"valueName\":\"search_term_string\"}}],\"inLanguage\":\"es\"}]}<\/script>\n<!-- \/ Yoast SEO plugin. -->","yoast_head_json":{"title":"Oficinas A.M.A. Seguros en Castell\u00f3n \u25b7Tel\u00e9fonos, Horarios, Direcci\u00f3n","description":"Lista completa de Oficinas A.M.A. Seguros en Castell\u00f3n Horarios, \u2706 tel\u00e9fonos y direcciones actualizados en 2026 \u2611\ufe0f Verificado por iDecesos.","robots":{"index":"index","follow":"follow","max-snippet":"max-snippet:-1","max-image-preview":"max-image-preview:large","max-video-preview":"max-video-preview:-1"},"canonical":"https:\/\/idecesos.com\/seguros\/companias\/ama-mutua\/castellon\/","og_locale":"es_ES","og_type":"article","og_title":"Oficinas A.M.A. Seguros en Castell\u00f3n \u25b7Tel\u00e9fonos, Horarios, Direcci\u00f3n","og_description":"Lista completa de Oficinas A.M.A. Seguros en Castell\u00f3n Horarios, \u2706 tel\u00e9fonos y direcciones actualizados en 2026 \u2611\ufe0f Verificado por iDecesos.","og_url":"https:\/\/idecesos.com\/seguros\/companias\/ama-mutua\/castellon\/","og_image":[{"url":"https:\/\/idecesos.com\/seguros\/wp-content\/uploads\/2021\/10\/Diseno-sin-titulo-67-150x150.png","type":"","width":"","height":""}],"twitter_card":"summary_large_image","twitter_misc":{"Tiempo de lectura":"39 minutos"},"schema":{"@context":"https:\/\/schema.org","@graph":[{"@type":"WebPage","@id":"https:\/\/idecesos.com\/seguros\/companias\/ama-mutua\/castellon\/","url":"https:\/\/idecesos.com\/seguros\/companias\/ama-mutua\/castellon\/","name":"Oficinas A.M.A. Seguros en Castell\u00f3n \u25b7Tel\u00e9fonos, Horarios, Direcci\u00f3n","isPartOf":{"@id":"https:\/\/idecesos.com\/seguros\/#website"},"primaryImageOfPage":{"@id":"https:\/\/idecesos.com\/seguros\/companias\/ama-mutua\/castellon\/#primaryimage"},"image":{"@id":"https:\/\/idecesos.com\/seguros\/companias\/ama-mutua\/castellon\/#primaryimage"},"thumbnailUrl":"https:\/\/idecesos.com\/seguros\/wp-content\/uploads\/2021\/10\/Diseno-sin-titulo-67-150x150.png","datePublished":"2021-12-13T11:38:19+00:00","description":"Lista completa de Oficinas A.M.A. Seguros en Castell\u00f3n Horarios, \u2706 tel\u00e9fonos y direcciones actualizados en 2026 \u2611\ufe0f Verificado por iDecesos.","breadcrumb":{"@id":"https:\/\/idecesos.com\/seguros\/companias\/ama-mutua\/castellon\/#breadcrumb"},"inLanguage":"es","potentialAction":[{"@type":"ReadAction","target":["https:\/\/idecesos.com\/seguros\/companias\/ama-mutua\/castellon\/"]}]},{"@type":"ImageObject","inLanguage":"es","@id":"https:\/\/idecesos.com\/seguros\/companias\/ama-mutua\/castellon\/#primaryimage","url":"https:\/\/idecesos.com\/seguros\/wp-content\/uploads\/2021\/10\/Diseno-sin-titulo-67.png","contentUrl":"https:\/\/idecesos.com\/seguros\/wp-content\/uploads\/2021\/10\/Diseno-sin-titulo-67.png","width":200,"height":200},{"@type":"BreadcrumbList","@id":"https:\/\/idecesos.com\/seguros\/companias\/ama-mutua\/castellon\/#breadcrumb","itemListElement":[{"@type":"ListItem","position":1,"name":"Portada","item":"https:\/\/idecesos.com\/seguros\/"},{"@type":"ListItem","position":2,"name":"Compa\u00f1\u00edas de Seguros de Decesos en Espa\u00f1a","item":"https:\/\/idecesos.com\/seguros\/companias\/"},{"@type":"ListItem","position":3,"name":"Seguro de decesos A.M.A Mutua","item":"https:\/\/idecesos.com\/seguros\/companias\/ama-mutua\/"},{"@type":"ListItem","position":4,"name":"Oficinas seguros de decesos A.M.A. Seguros en Castell\u00f3n"}]},{"@type":"WebSite","@id":"https:\/\/idecesos.com\/seguros\/#website","url":"https:\/\/idecesos.com\/seguros\/","name":"","description":"","potentialAction":[{"@type":"SearchAction","target":{"@type":"EntryPoint","urlTemplate":"https:\/\/idecesos.com\/seguros\/?s={search_term_string}"},"query-input":{"@type":"PropertyValueSpecification","valueRequired":true,"valueName":"search_term_string"}}],"inLanguage":"es"}]}},"_links":{"self":[{"href":"https:\/\/idecesos.com\/seguros\/wp-json\/wp\/v2\/pages\/17201","targetHints":{"allow":["GET"]}}],"collection":[{"href":"https:\/\/idecesos.com\/seguros\/wp-json\/wp\/v2\/pages"}],"about":[{"href":"https:\/\/idecesos.com\/seguros\/wp-json\/wp\/v2\/types\/page"}],"replies":[{"embeddable":true,"href":"https:\/\/idecesos.com\/seguros\/wp-json\/wp\/v2\/comments?post=17201"}],"version-history":[{"count":0,"href":"https:\/\/idecesos.com\/seguros\/wp-json\/wp\/v2\/pages\/17201\/revisions"}],"up":[{"embeddable":true,"href":"https:\/\/idecesos.com\/seguros\/wp-json\/wp\/v2\/pages\/9510"}],"wp:attachment":[{"href":"https:\/\/idecesos.com\/seguros\/wp-json\/wp\/v2\/media?parent=17201"}],"curies":[{"name":"wp","href":"https:\/\/api.w.org\/{rel}","templated":true}]}}