{"id":17207,"date":"2021-12-13T11:38:22","date_gmt":"2021-12-13T11:38:22","guid":{"rendered":"https:\/\/idecesos.com\/seguros\/companias\/ama-mutua\/granada\/"},"modified":"2021-12-13T11:38:22","modified_gmt":"2021-12-13T11:38:22","slug":"granada","status":"publish","type":"page","link":"https:\/\/idecesos.com\/seguros\/companias\/ama-mutua\/granada\/","title":{"rendered":"Oficinas seguros de decesos A.M.A. Seguros en Granada"},"content":{"rendered":"<div id=\"ez-toc-container\" class=\"ez-toc-v2_0_82_2 ez-toc-wrap-center counter-hierarchy ez-toc-counter ez-toc-custom ez-toc-container-direction\">\n<div class=\"ez-toc-title-container\">\n<p class=\"ez-toc-title\" style=\"cursor:inherit\">Tabla de Contenido<\/p>\n<span class=\"ez-toc-title-toggle\"><a href=\"#\" class=\"ez-toc-pull-right ez-toc-btn ez-toc-btn-xs ez-toc-btn-default ez-toc-toggle\" aria-label=\"Alternar tabla de contenidos\"><span class=\"ez-toc-js-icon-con\"><span class=\"\"><span class=\"eztoc-hide\" style=\"display:none;\">Toggle<\/span><span class=\"ez-toc-icon-toggle-span\"><svg style=\"fill: #db6415;color:#db6415\" xmlns=\"http:\/\/www.w3.org\/2000\/svg\" class=\"list-377408\" width=\"20px\" height=\"20px\" viewBox=\"0 0 24 24\" fill=\"none\"><path d=\"M6 6H4v2h2V6zm14 0H8v2h12V6zM4 11h2v2H4v-2zm16 0H8v2h12v-2zM4 16h2v2H4v-2zm16 0H8v2h12v-2z\" fill=\"currentColor\"><\/path><\/svg><svg style=\"fill: #db6415;color:#db6415\" class=\"arrow-unsorted-368013\" xmlns=\"http:\/\/www.w3.org\/2000\/svg\" width=\"10px\" height=\"10px\" viewBox=\"0 0 24 24\" version=\"1.2\" baseProfile=\"tiny\"><path d=\"M18.2 9.3l-6.2-6.3-6.2 6.3c-.2.2-.3.4-.3.7s.1.5.3.7c.2.2.4.3.7.3h11c.3 0 .5-.1.7-.3.2-.2.3-.5.3-.7s-.1-.5-.3-.7zM5.8 14.7l6.2 6.3 6.2-6.3c.2-.2.3-.5.3-.7s-.1-.5-.3-.7c-.2-.2-.4-.3-.7-.3h-11c-.3 0-.5.1-.7.3-.2.2-.3.5-.3.7s.1.5.3.7z\"\/><\/svg><\/span><\/span><\/span><\/a><\/span><\/div>\n<nav><ul class='ez-toc-list ez-toc-list-level-1 ' ><li class='ez-toc-page-1 ez-toc-heading-level-2'><a class=\"ez-toc-link ez-toc-heading-1\" href=\"https:\/\/idecesos.com\/seguros\/companias\/ama-mutua\/granada\/#Seguro_de_decesos_AMA_Seguros_en_Granada\" >Seguro de decesos A.M.A. Seguros en Granada<\/a><\/li><li class='ez-toc-page-1 ez-toc-heading-level-2'><a class=\"ez-toc-link ez-toc-heading-2\" href=\"https:\/\/idecesos.com\/seguros\/companias\/ama-mutua\/granada\/#Mapa_de_sucursales_de_seguros_AMA_Seguros_en_Granada\" >Mapa de sucursales de seguros A.M.A. Seguros en Granada<\/a><\/li><li class='ez-toc-page-1 ez-toc-heading-level-2'><a class=\"ez-toc-link ez-toc-heading-3\" href=\"https:\/\/idecesos.com\/seguros\/companias\/ama-mutua\/granada\/#Listado_de_oficinas_AMA_Seguros_en_Granada\" >Listado de oficinas A.M.A. Seguros en Granada<\/a><\/li><li class='ez-toc-page-1 ez-toc-heading-level-2'><a class=\"ez-toc-link ez-toc-heading-4\" href=\"https:\/\/idecesos.com\/seguros\/companias\/ama-mutua\/granada\/#Oficinas_de_seguros_de_decesos_en_Granada\" >Oficinas de seguros de decesos en Granada<\/a><ul class='ez-toc-list-level-3' ><li class='ez-toc-heading-level-3'><a class=\"ez-toc-link ez-toc-heading-5\" href=\"https:\/\/idecesos.com\/seguros\/companias\/ama-mutua\/granada\/#Listado_de_oficinas_AMA_Seguros_en_Espana\" >Listado de oficinas A.M.A. Seguros en Espa\u00f1a<\/a><\/li><li class='ez-toc-page-1 ez-toc-heading-level-3'><a class=\"ez-toc-link ez-toc-heading-6\" href=\"https:\/\/idecesos.com\/seguros\/companias\/ama-mutua\/granada\/#Paginas_relacionadas\" >P\u00e1ginas relacionadas<\/a><\/li><\/ul><\/li><\/ul><\/nav><\/div>\n<p><br \/>\n<a href=\"https:\/\/idecesos.com\/seguros\/companias\/ama-mutua\/\"><img decoding=\"async\" class=\" alignleft\" src=\"https:\/\/idecesos.com\/seguros\/wp-content\/uploads\/2021\/10\/Diseno-sin-titulo-67-150x150.png\" alt=\"Seguro de decesos A.M.A. Seguros\" \/><\/a>Gracias a nosotros vas a conocer la gran pluralidad de locales de A.M.A. Seguros en Granada, donde solventaran cualquier error que pueda surgir o bien diferentes dudas en el momento de la tramitaci\u00f3n de tu p\u00f3liza. Adapt\u00e1ndote a los horarios marcador por cada uno de ellos de ellos. Cada delegaci\u00f3n de compa\u00f1\u00eda de seguros, cumplir\u00e1 con diferentes tratos, siempre y en todo momento siendo el m\u00e1s \u00fatil con un trato m\u00e1s cercano, y dentro de ello solucionen los errores que pueden ocasionar. <\/p>\n<p>Merced a un servicio de oficina, nos dan la mejor calidad en el momento de solucionar nuestros inconvenientes, A.M.A. Seguros cuenta con una atenci\u00f3n de categor\u00eda, por ello es de vital importancia conocer las oficinas que nos den este servicio tan cualificado. Con respecto a sus servicios van a ser puesto en marcha en cualquier situaci\u00f3n. Cuentas en todo instante de grandes especialistas cualificados, d\u00f3nde podr\u00e1s conseguir un presupuesto en el instante. <\/p>\n<p>Visita nuestra p\u00e1gina de <a href=\"https:\/\/idecesos.com\/seguros\/companias\/ama-mutua\/\">seguros de decesos A.M.A. Seguros<\/a> para m\u00e1s informaci\u00f3n.<\/p>\n<div class=\"colorf \"  ><div class=\"container clearfix\"><div class=\"col-md-7\">\n<h2><span class=\"ez-toc-section\" id=\"Seguro_de_decesos_AMA_Seguros_en_Granada\"><\/span>Seguro de decesos A.M.A. Seguros en Granada<span class=\"ez-toc-section-end\"><\/span><\/h2>\n<p>Sobresalimos como empresa aseguradora del a\u00f1o al prestar un buen servicio competente y eficaz, contando en todo instante con nuestras oficinas en todos y cada Granada. Te regalamos conocer tu presupuesto de manera sin costo. Raras veces se han presentado la oportunidad de poder conocer tu presupuesto, cuentas con la gratuidad en todo instante. Descartando en todo instante efectuar procedimientos de m\u00e1s. <\/p>\n<p><strong>Ver m\u00e1s:<\/strong> <a href=\"https:\/\/idecesos.com\/seguros\/ciudades\/granada\/\">Seguros de decesos en Granada<\/a><\/p>\n<p>Aparte de asegurarte y cubrir tus servicios m\u00e1s esenciales,<strong> te facilitamos que en Granada<\/strong> se adapten a ti, d\u00e1ndote la mejor calidad. Queremos que dispongas de esta alternativa de poder solventar tus dudas o bien pedir vez en cuesti\u00f3n de segundos.<br \/>\n\u00bfSolventar tus dudas de A.M.A. Seguros es f\u00e1cil?. Si te preguntas esto es pues no has logrado respuestas, te traemos la soluci\u00f3n de manera eficiente y sin inconvenientes. Merced al formulario creado para ti vas a poder optar a tener tu cita o bien un presupuesto a tus medidas. Te lo ponemos cada vez m\u00e1s f\u00e1cil, evit\u00e1ndote cualquier inconveniente que pueda surgir. <\/p>\n<p><\/div><\/div><\/div>\n\t\t<hr class=\"separador\">\n\t\t<div class=\"bloque-accion\">\n\t\t<p class=\"txt-accion\">Calcula el precio de tu seguro de decesos en menos de 1 minuto<\/p>\n\t\t<a class=\"btn-accion\" href=\"https:\/\/idecesos.com\/\">CALCULAR<\/a>\n\t\t<\/div>\n\t\t<hr class=\"separador\">\n\t\t<\/p>\n<h2><span class=\"ez-toc-section\" id=\"Mapa_de_sucursales_de_seguros_AMA_Seguros_en_Granada\"><\/span>Mapa de sucursales de seguros A.M.A. Seguros en Granada<span class=\"ez-toc-section-end\"><\/span><\/h2>\n<p>Adem\u00e1s de contar con localizador de sucursales de A.M.A. Seguros en Granada asimismo dispones de un mapa por cada A.M.A. Seguros en Granada. Hemos querido facilitarte este proceso de buscar, sabemos que resulta una perdida de tiempo buscar y no encontrar lo que se busca. En menos de momento lo tendr\u00e1s a toda tu predisposici\u00f3n. Nos agrada facilitarte la vida de ah\u00ed que pensamos en las mejores opciones a fin de que puedas solucionar tus dudas. <\/p>\n<p><iframe class=\"page-generator-pro-map\" width=\"100%\" height=\"400\" frameborder=\"0\" style=\"border:0\" src=\"https:\/\/www.google.com\/maps\/embed\/v1\/place?q=Granada%2C+Espa%C3%B1a&#038;zoom=14&#038;maptype=roadmap&#038;key=AIzaSyCNTEOso0tZG6YMSJFoaJEY5Th1stEWrJI\" allowfullscreen><\/iframe><\/p>\n<div class=\"colorf\"><div class=\"container clearfix\"><div class=\"col-md-7\"><div class=\"empresas\">\n<h2><span class=\"ez-toc-section\" id=\"Listado_de_oficinas_AMA_Seguros_en_Granada\"><\/span>Listado de oficinas A.M.A. Seguros en Granada<span class=\"ez-toc-section-end\"><\/span><\/h2>\n<ul>\n<li><strong>Compa\u00f1\u00eda de seguros Espa\u00f1a:<\/strong> 18010<\/li>\n<\/ul>\n<\/div><\/div><\/div><\/div>\n<h2><span class=\"ez-toc-section\" id=\"Oficinas_de_seguros_de_decesos_en_Granada\"><\/span>Oficinas de seguros de decesos en Granada<span class=\"ez-toc-section-end\"><\/span><\/h2>\n<p>De una forma m\u00e1s simple vas a poder tener a tu alcance el <strong>listado de empresa aseguradora de defunci\u00f3n en Granada<\/strong> en el encontrases toda la informaci\u00f3n oportuna, para una mejora administraci\u00f3n del mismo. M\u00e1s veloz y sencillo danto un resultado a unos datos de suma importancia que resolver\u00e1 tus cuestiones. No hace falta pensarlo tanto en tanto que lo tienes a tu alcance para cualquier momento cuando m\u00e1s lo necesites. Asegur\u00e1ndote unos resultados de un 100 por ciento en tu busca y haci\u00e9ndolo m\u00e1s \u00fatilVas a tener en todo momento el conocimiento de las compa\u00f1\u00edas de seguros que se sit\u00faan en tu ubicaci\u00f3n. <\/p>\n<div class=\"colorf\"><div class=\"container clearfix\"><div class=\"col-md-7\"><div class=\"empresas\">\n<h3><span class=\"ez-toc-section\" id=\"Listado_de_oficinas_AMA_Seguros_en_Espana\"><\/span>Listado de oficinas A.M.A. Seguros en Espa\u00f1a<span class=\"ez-toc-section-end\"><\/span><\/h3>\n<p><!-- Shortcode [ama-mutua-oficinas] does not exist --><\/div><\/div><\/div><\/div><\/p>\n<p><div class=\"oficinas\"><br \/>\n<h3><span class=\"ez-toc-section\" id=\"Paginas_relacionadas\"><\/span>P\u00e1ginas relacionadas<span class=\"ez-toc-section-end\"><\/span><\/h3><div class=\"enlazado\"><ul> <li><a href=\"https:\/\/idecesos.com\/seguros\/companias\/ama-mutua\/opiniones\/\">Opiniones AMA Mutua<\/a><\/li> <li><a href=\"https:\/\/idecesos.com\/seguros\/companias\/ama-mutua\/precio\/\">Precio seguro Ama Mutua<\/a><\/li> <li><a href=\"https:\/\/idecesos.com\/seguros\/companias\/ama-mutua\/prima-mixta\/\">Ama Mutua Prima Mixta<\/a><\/li> <li><a href=\"https:\/\/idecesos.com\/seguros\/companias\/ama-mutua\/prima-natural\/\">Ama Mutua Prima Natural<\/a><\/li> <li><a href=\"https:\/\/idecesos.com\/seguros\/companias\/ama-mutua\/prima-nivelada\/\">Ama Mutua Prima Nivelada<\/a><\/li> <li><a href=\"https:\/\/idecesos.com\/seguros\/companias\/ama-mutua\/prima-unica\/\">Ama Mutua Prima \u00danica<\/a><\/li> <li><a href=\"https:\/\/idecesos.com\/seguros\/companias\/ama-mutua\/repatriacion\/\">Ama Mutua Repatriaci\u00f3n<\/a><\/li> <li><a href=\"https:\/\/idecesos.com\/seguros\/companias\/ama-mutua\/telefono\/\">Tel\u00e9fono Gratuito Ama Mutua<\/a><\/li><\/ul><\/div><br \/>\n<\/div><\/p>\n","protected":false},"excerpt":{"rendered":"<p>Gracias a nosotros vas a conocer la gran pluralidad de locales de A.M.A. Seguros en Granada, donde solventaran cualquier error que pueda surgir o bien diferentes dudas en el momento de la tramitaci\u00f3n de tu p\u00f3liza. Adapt\u00e1ndote a los horarios marcador por cada uno de ellos de ellos. Cada delegaci\u00f3n de compa\u00f1\u00eda de seguros, cumplir\u00e1&hellip; <\/p>\n","protected":false},"author":0,"featured_media":0,"parent":9510,"menu_order":0,"comment_status":"closed","ping_status":"closed","template":"single.php","meta":{"footnotes":""},"class_list":["post-17207","page","type-page","status-publish","hentry"],"yoast_head":"<!-- This site is optimized with the Yoast SEO plugin v27.3 - https:\/\/yoast.com\/product\/yoast-seo-wordpress\/ -->\n<title>Oficinas A.M.A. Seguros en Granada \u25b7Tel\u00e9fonos, Horarios, Direcci\u00f3n<\/title>\n<meta name=\"description\" content=\"Lista completa de Oficinas A.M.A. Seguros en Granada Horarios, \u2706 tel\u00e9fonos y direcciones actualizados en 2026 \u2611\ufe0f Verificado por iDecesos.\" \/>\n<meta name=\"robots\" content=\"index, follow, max-snippet:-1, max-image-preview:large, max-video-preview:-1\" \/>\n<link rel=\"canonical\" href=\"https:\/\/idecesos.com\/seguros\/companias\/ama-mutua\/granada\/\" \/>\n<meta property=\"og:locale\" content=\"es_ES\" \/>\n<meta property=\"og:type\" content=\"article\" \/>\n<meta property=\"og:title\" content=\"Oficinas A.M.A. Seguros en Granada \u25b7Tel\u00e9fonos, Horarios, Direcci\u00f3n\" \/>\n<meta property=\"og:description\" content=\"Lista completa de Oficinas A.M.A. Seguros en Granada Horarios, \u2706 tel\u00e9fonos y direcciones actualizados en 2026 \u2611\ufe0f Verificado por iDecesos.\" \/>\n<meta property=\"og:url\" content=\"https:\/\/idecesos.com\/seguros\/companias\/ama-mutua\/granada\/\" \/>\n<meta property=\"og:image\" content=\"https:\/\/idecesos.com\/seguros\/wp-content\/uploads\/2021\/10\/Diseno-sin-titulo-67-150x150.png\" \/>\n<meta name=\"twitter:card\" content=\"summary_large_image\" \/>\n<meta name=\"twitter:label1\" content=\"Tiempo de lectura\" \/>\n\t<meta name=\"twitter:data1\" content=\"39 minutos\" \/>\n<script type=\"application\/ld+json\" class=\"yoast-schema-graph\">{\"@context\":\"https:\\\/\\\/schema.org\",\"@graph\":[{\"@type\":\"WebPage\",\"@id\":\"https:\\\/\\\/idecesos.com\\\/seguros\\\/companias\\\/ama-mutua\\\/granada\\\/\",\"url\":\"https:\\\/\\\/idecesos.com\\\/seguros\\\/companias\\\/ama-mutua\\\/granada\\\/\",\"name\":\"Oficinas A.M.A. Seguros en Granada \u25b7Tel\u00e9fonos, Horarios, Direcci\u00f3n\",\"isPartOf\":{\"@id\":\"https:\\\/\\\/idecesos.com\\\/seguros\\\/#website\"},\"primaryImageOfPage\":{\"@id\":\"https:\\\/\\\/idecesos.com\\\/seguros\\\/companias\\\/ama-mutua\\\/granada\\\/#primaryimage\"},\"image\":{\"@id\":\"https:\\\/\\\/idecesos.com\\\/seguros\\\/companias\\\/ama-mutua\\\/granada\\\/#primaryimage\"},\"thumbnailUrl\":\"https:\\\/\\\/idecesos.com\\\/seguros\\\/wp-content\\\/uploads\\\/2021\\\/10\\\/Diseno-sin-titulo-67-150x150.png\",\"datePublished\":\"2021-12-13T11:38:22+00:00\",\"description\":\"Lista completa de Oficinas A.M.A. Seguros en Granada Horarios, \u2706 tel\u00e9fonos y direcciones actualizados en 2026 \u2611\ufe0f Verificado por iDecesos.\",\"breadcrumb\":{\"@id\":\"https:\\\/\\\/idecesos.com\\\/seguros\\\/companias\\\/ama-mutua\\\/granada\\\/#breadcrumb\"},\"inLanguage\":\"es\",\"potentialAction\":[{\"@type\":\"ReadAction\",\"target\":[\"https:\\\/\\\/idecesos.com\\\/seguros\\\/companias\\\/ama-mutua\\\/granada\\\/\"]}]},{\"@type\":\"ImageObject\",\"inLanguage\":\"es\",\"@id\":\"https:\\\/\\\/idecesos.com\\\/seguros\\\/companias\\\/ama-mutua\\\/granada\\\/#primaryimage\",\"url\":\"https:\\\/\\\/idecesos.com\\\/seguros\\\/wp-content\\\/uploads\\\/2021\\\/10\\\/Diseno-sin-titulo-67.png\",\"contentUrl\":\"https:\\\/\\\/idecesos.com\\\/seguros\\\/wp-content\\\/uploads\\\/2021\\\/10\\\/Diseno-sin-titulo-67.png\",\"width\":200,\"height\":200},{\"@type\":\"BreadcrumbList\",\"@id\":\"https:\\\/\\\/idecesos.com\\\/seguros\\\/companias\\\/ama-mutua\\\/granada\\\/#breadcrumb\",\"itemListElement\":[{\"@type\":\"ListItem\",\"position\":1,\"name\":\"Portada\",\"item\":\"https:\\\/\\\/idecesos.com\\\/seguros\\\/\"},{\"@type\":\"ListItem\",\"position\":2,\"name\":\"Compa\u00f1\u00edas de Seguros de Decesos en Espa\u00f1a\",\"item\":\"https:\\\/\\\/idecesos.com\\\/seguros\\\/companias\\\/\"},{\"@type\":\"ListItem\",\"position\":3,\"name\":\"Seguro de decesos A.M.A Mutua\",\"item\":\"https:\\\/\\\/idecesos.com\\\/seguros\\\/companias\\\/ama-mutua\\\/\"},{\"@type\":\"ListItem\",\"position\":4,\"name\":\"Oficinas seguros de decesos A.M.A. Seguros en Granada\"}]},{\"@type\":\"WebSite\",\"@id\":\"https:\\\/\\\/idecesos.com\\\/seguros\\\/#website\",\"url\":\"https:\\\/\\\/idecesos.com\\\/seguros\\\/\",\"name\":\"\",\"description\":\"\",\"potentialAction\":[{\"@type\":\"SearchAction\",\"target\":{\"@type\":\"EntryPoint\",\"urlTemplate\":\"https:\\\/\\\/idecesos.com\\\/seguros\\\/?s={search_term_string}\"},\"query-input\":{\"@type\":\"PropertyValueSpecification\",\"valueRequired\":true,\"valueName\":\"search_term_string\"}}],\"inLanguage\":\"es\"}]}<\/script>\n<!-- \/ Yoast SEO plugin. -->","yoast_head_json":{"title":"Oficinas A.M.A. Seguros en Granada \u25b7Tel\u00e9fonos, Horarios, Direcci\u00f3n","description":"Lista completa de Oficinas A.M.A. Seguros en Granada Horarios, \u2706 tel\u00e9fonos y direcciones actualizados en 2026 \u2611\ufe0f Verificado por iDecesos.","robots":{"index":"index","follow":"follow","max-snippet":"max-snippet:-1","max-image-preview":"max-image-preview:large","max-video-preview":"max-video-preview:-1"},"canonical":"https:\/\/idecesos.com\/seguros\/companias\/ama-mutua\/granada\/","og_locale":"es_ES","og_type":"article","og_title":"Oficinas A.M.A. Seguros en Granada \u25b7Tel\u00e9fonos, Horarios, Direcci\u00f3n","og_description":"Lista completa de Oficinas A.M.A. Seguros en Granada Horarios, \u2706 tel\u00e9fonos y direcciones actualizados en 2026 \u2611\ufe0f Verificado por iDecesos.","og_url":"https:\/\/idecesos.com\/seguros\/companias\/ama-mutua\/granada\/","og_image":[{"url":"https:\/\/idecesos.com\/seguros\/wp-content\/uploads\/2021\/10\/Diseno-sin-titulo-67-150x150.png","type":"","width":"","height":""}],"twitter_card":"summary_large_image","twitter_misc":{"Tiempo de lectura":"39 minutos"},"schema":{"@context":"https:\/\/schema.org","@graph":[{"@type":"WebPage","@id":"https:\/\/idecesos.com\/seguros\/companias\/ama-mutua\/granada\/","url":"https:\/\/idecesos.com\/seguros\/companias\/ama-mutua\/granada\/","name":"Oficinas A.M.A. Seguros en Granada \u25b7Tel\u00e9fonos, Horarios, Direcci\u00f3n","isPartOf":{"@id":"https:\/\/idecesos.com\/seguros\/#website"},"primaryImageOfPage":{"@id":"https:\/\/idecesos.com\/seguros\/companias\/ama-mutua\/granada\/#primaryimage"},"image":{"@id":"https:\/\/idecesos.com\/seguros\/companias\/ama-mutua\/granada\/#primaryimage"},"thumbnailUrl":"https:\/\/idecesos.com\/seguros\/wp-content\/uploads\/2021\/10\/Diseno-sin-titulo-67-150x150.png","datePublished":"2021-12-13T11:38:22+00:00","description":"Lista completa de Oficinas A.M.A. Seguros en Granada Horarios, \u2706 tel\u00e9fonos y direcciones actualizados en 2026 \u2611\ufe0f Verificado por iDecesos.","breadcrumb":{"@id":"https:\/\/idecesos.com\/seguros\/companias\/ama-mutua\/granada\/#breadcrumb"},"inLanguage":"es","potentialAction":[{"@type":"ReadAction","target":["https:\/\/idecesos.com\/seguros\/companias\/ama-mutua\/granada\/"]}]},{"@type":"ImageObject","inLanguage":"es","@id":"https:\/\/idecesos.com\/seguros\/companias\/ama-mutua\/granada\/#primaryimage","url":"https:\/\/idecesos.com\/seguros\/wp-content\/uploads\/2021\/10\/Diseno-sin-titulo-67.png","contentUrl":"https:\/\/idecesos.com\/seguros\/wp-content\/uploads\/2021\/10\/Diseno-sin-titulo-67.png","width":200,"height":200},{"@type":"BreadcrumbList","@id":"https:\/\/idecesos.com\/seguros\/companias\/ama-mutua\/granada\/#breadcrumb","itemListElement":[{"@type":"ListItem","position":1,"name":"Portada","item":"https:\/\/idecesos.com\/seguros\/"},{"@type":"ListItem","position":2,"name":"Compa\u00f1\u00edas de Seguros de Decesos en Espa\u00f1a","item":"https:\/\/idecesos.com\/seguros\/companias\/"},{"@type":"ListItem","position":3,"name":"Seguro de decesos A.M.A Mutua","item":"https:\/\/idecesos.com\/seguros\/companias\/ama-mutua\/"},{"@type":"ListItem","position":4,"name":"Oficinas seguros de decesos A.M.A. Seguros en Granada"}]},{"@type":"WebSite","@id":"https:\/\/idecesos.com\/seguros\/#website","url":"https:\/\/idecesos.com\/seguros\/","name":"","description":"","potentialAction":[{"@type":"SearchAction","target":{"@type":"EntryPoint","urlTemplate":"https:\/\/idecesos.com\/seguros\/?s={search_term_string}"},"query-input":{"@type":"PropertyValueSpecification","valueRequired":true,"valueName":"search_term_string"}}],"inLanguage":"es"}]}},"_links":{"self":[{"href":"https:\/\/idecesos.com\/seguros\/wp-json\/wp\/v2\/pages\/17207","targetHints":{"allow":["GET"]}}],"collection":[{"href":"https:\/\/idecesos.com\/seguros\/wp-json\/wp\/v2\/pages"}],"about":[{"href":"https:\/\/idecesos.com\/seguros\/wp-json\/wp\/v2\/types\/page"}],"replies":[{"embeddable":true,"href":"https:\/\/idecesos.com\/seguros\/wp-json\/wp\/v2\/comments?post=17207"}],"version-history":[{"count":0,"href":"https:\/\/idecesos.com\/seguros\/wp-json\/wp\/v2\/pages\/17207\/revisions"}],"up":[{"embeddable":true,"href":"https:\/\/idecesos.com\/seguros\/wp-json\/wp\/v2\/pages\/9510"}],"wp:attachment":[{"href":"https:\/\/idecesos.com\/seguros\/wp-json\/wp\/v2\/media?parent=17207"}],"curies":[{"name":"wp","href":"https:\/\/api.w.org\/{rel}","templated":true}]}}