{"id":17348,"date":"2021-12-15T16:02:52","date_gmt":"2021-12-15T16:02:52","guid":{"rendered":"https:\/\/idecesos.com\/seguros\/companias\/aura\/precio\/"},"modified":"2022-03-09T12:56:30","modified_gmt":"2022-03-09T12:56:30","slug":"precio","status":"publish","type":"page","link":"https:\/\/idecesos.com\/seguros\/companias\/aura\/precio\/","title":{"rendered":"\u00bfCu\u00e1nto cuesta el seguro de decesos Aura?"},"content":{"rendered":"<div id=\"ez-toc-container\" class=\"ez-toc-v2_0_82_2 ez-toc-wrap-center counter-hierarchy ez-toc-counter ez-toc-custom ez-toc-container-direction\">\n<div class=\"ez-toc-title-container\">\n<p class=\"ez-toc-title\" style=\"cursor:inherit\">Tabla de Contenido<\/p>\n<span class=\"ez-toc-title-toggle\"><a href=\"#\" class=\"ez-toc-pull-right ez-toc-btn ez-toc-btn-xs ez-toc-btn-default ez-toc-toggle\" aria-label=\"Alternar tabla de contenidos\"><span class=\"ez-toc-js-icon-con\"><span class=\"\"><span class=\"eztoc-hide\" style=\"display:none;\">Toggle<\/span><span class=\"ez-toc-icon-toggle-span\"><svg style=\"fill: #db6415;color:#db6415\" xmlns=\"http:\/\/www.w3.org\/2000\/svg\" class=\"list-377408\" width=\"20px\" height=\"20px\" viewBox=\"0 0 24 24\" fill=\"none\"><path d=\"M6 6H4v2h2V6zm14 0H8v2h12V6zM4 11h2v2H4v-2zm16 0H8v2h12v-2zM4 16h2v2H4v-2zm16 0H8v2h12v-2z\" fill=\"currentColor\"><\/path><\/svg><svg style=\"fill: #db6415;color:#db6415\" class=\"arrow-unsorted-368013\" xmlns=\"http:\/\/www.w3.org\/2000\/svg\" width=\"10px\" height=\"10px\" viewBox=\"0 0 24 24\" version=\"1.2\" baseProfile=\"tiny\"><path d=\"M18.2 9.3l-6.2-6.3-6.2 6.3c-.2.2-.3.4-.3.7s.1.5.3.7c.2.2.4.3.7.3h11c.3 0 .5-.1.7-.3.2-.2.3-.5.3-.7s-.1-.5-.3-.7zM5.8 14.7l6.2 6.3 6.2-6.3c.2-.2.3-.5.3-.7s-.1-.5-.3-.7c-.2-.2-.4-.3-.7-.3h-11c-.3 0-.5.1-.7.3-.2.2-.3.5-.3.7s.1.5.3.7z\"\/><\/svg><\/span><\/span><\/span><\/a><\/span><\/div>\n<nav><ul class='ez-toc-list ez-toc-list-level-1 ' ><li class='ez-toc-page-1 ez-toc-heading-level-2'><a class=\"ez-toc-link ez-toc-heading-1\" href=\"https:\/\/idecesos.com\/seguros\/companias\/aura\/precio\/#Calcular_precio_seguro_de_decesos_Aura\" >Calcular precio seguro de decesos Aura<\/a><\/li><li class='ez-toc-page-1 ez-toc-heading-level-2'><a class=\"ez-toc-link ez-toc-heading-2\" href=\"https:\/\/idecesos.com\/seguros\/companias\/aura\/precio\/#Tabla_comparativa_de_precios_Aura\" >Tabla comparativa de precios Aura<\/a><ul class='ez-toc-list-level-3' ><li class='ez-toc-heading-level-3'><a class=\"ez-toc-link ez-toc-heading-3\" href=\"https:\/\/idecesos.com\/seguros\/companias\/aura\/precio\/#%C2%BFCual_es_la_mejor_tarifa_de_seguros_de_Aura\" >\u00bfCu\u00e1l es la mejor tarifa de seguros de Aura ?<\/a><\/li><li class='ez-toc-page-1 ez-toc-heading-level-3'><a class=\"ez-toc-link ez-toc-heading-4\" href=\"https:\/\/idecesos.com\/seguros\/companias\/aura\/precio\/#%C2%BFPuede_aumentar_precio_mensual_de_los_seguros_de_Aura\" >\u00bfPuede aumentar precio mensual de los seguros de Aura ?<\/a><\/li><li class='ez-toc-page-1 ez-toc-heading-level-3'><a class=\"ez-toc-link ez-toc-heading-5\" href=\"https:\/\/idecesos.com\/seguros\/companias\/aura\/precio\/#%C2%BFEl_precio_de_seguros_de_decesos_Aura_sube_con_la_edad\" >\u00bfEl precio de seguros de decesos Aura sube con la edad?<\/a><\/li><li class='ez-toc-page-1 ez-toc-heading-level-3'><a class=\"ez-toc-link ez-toc-heading-6\" href=\"https:\/\/idecesos.com\/seguros\/companias\/aura\/precio\/#Paginas_relacionadas\" >P\u00e1ginas relacionadas<\/a><\/li><\/ul><\/li><\/ul><\/nav><\/div>\n<p><br \/>\nLa muerte es el \u00fanico sitio en el que no te puedes asistir a ti. Para poder asegurar tu paz y la de tus seres queridos Aura cuenta con todo para que no tengas que preocuparte de nada, por lo que tu familia no va a contar con ninguna carga en el instante del \u00f3bito. Aura cuenta con m\u00e1s de treinta mil asegurados que desde el instante en que cuentan con sus servicios viven m\u00e1s aliviados sabiendo que dejan todo en manos de los mejores profesionales del \u00e1mbito decesos. El precio de la prima de un seguro de decesos podr\u00eda cambiar en las coberturas de cada una de las distintas p\u00f3lizas, se tendr\u00e1 en cuenta diferentes factores como es el caso de la edad del asegurado o bien d\u00f3nde resida. Si incluye m\u00e1s coberturas a su seguro, por normal general, el precio final aumentar\u00e1. Aura apuesta por ofrecerte la mejor calidad y precios con sus p\u00f3lizas dando a sus clientes del servicio una personalizaci\u00f3n pr\u00e1cticamente exacta con sus necesidades.<\/p>\n<div class=\"colorf\"><div class=\"container clearfix\"><div class=\"col-md-7\">\n<h2><span class=\"ez-toc-section\" id=\"Calcular_precio_seguro_de_decesos_Aura\"><\/span>Calcular precio seguro de decesos Aura<span class=\"ez-toc-section-end\"><\/span><\/h2>\n<p>No se preocupe, gracias a iDecesos calcular el precio de su seguro de decesos le ser\u00e1 muy sencillo. Solo tienes que rellenar los campos que te solicitamos y nos encargaremos de filtrar los mejores resultados. Contratar una p\u00f3liza de decesos tiene muchos beneficios si lo hace con Aura. La tranquilidad que le brindar\u00e1 a y a su familia ser\u00e1 lo primero que lograr\u00e1. Su profesionalidad, es otro de los beneficios. En Aura est\u00e1n listos para facilitarte todos y cada uno de los tr\u00e1mites en ese duro instante que es la muerte de un ser querido y van a estar junto a ti para asistirte con los mejores profesionales del \u00e1mbito.<br \/>\n<\/div><\/div><\/div><\/p>\n<h2><span class=\"ez-toc-section\" id=\"Tabla_comparativa_de_precios_Aura\"><\/span>Tabla comparativa de precios Aura<span class=\"ez-toc-section-end\"><\/span><\/h2>\n<p><div class=\"cabecera_tabla_precio\"><table class=\"table table-striped\"><thead><tr><th class=\"nosepara centrado\">Tipo<\/th><th class=\"nosepara centrado nojustificado\">Precio Desde<\/th><th class=\"nosepara dcha\"><\/th><\/tr><\/thead><tbody><tr class=\"fila_tabla_precio\"><td class=\"nosepara izq\">Precio Seguro Decesos Aura<\/td><td class=\"nosepara centro\">1,48 \u20ac\/mes<\/td><td class=\"nosepara derecha\">\t\t\t\t\t\n\t\t\t\t\t\t<span class=\"\" style=\"cursor:pointer\" data-bs-toggle=\"modal\" data-bs-target=\"#comparadorModal\">Calcular<\/span>\t\t\t\t\n\t\t\t\t\t\n\t\t\t\t<\/td><\/tr><\/div><tr class=\"fila_tabla_precio\"><td class=\"nosepara izq\">Precio Prima \u00danica Aura<\/td><td class=\"nosepara centro\">2415 \u20ac<\/td><td class=\"nosepara derecha\">\t\t\t\t\t\n\t\t\t\t\t\t<span class=\"\" style=\"cursor:pointer\" data-bs-toggle=\"modal\" data-bs-target=\"#comparadorModal\">Calcular<\/span>\t\t\t\t\n\t\t\t\t\t\n\t\t\t\t<\/td><\/tr><\/div><tr class=\"fila_tabla_precio\"><td class=\"nosepara izq\">Precio Prima Natural Aura<\/td><td class=\"nosepara centro\">1,29 \u20ac\/mes<\/td><td class=\"nosepara derecha\">\t\t\t\t\t\n\t\t\t\t\t\t<span class=\"\" style=\"cursor:pointer\" data-bs-toggle=\"modal\" data-bs-target=\"#comparadorModal\">Calcular<\/span>\t\t\t\t\n\t\t\t\t\t\n\t\t\t\t<\/td><\/tr><\/div><tr class=\"fila_tabla_precio\"><td class=\"nosepara izq\">Precio Prima Nivelada Aura<\/td><td class=\"nosepara centro\">1,67 \u20ac\/mes<\/td><td class=\"nosepara derecha\">\t\t\t\t\t\n\t\t\t\t\t\t<span class=\"\" style=\"cursor:pointer\" data-bs-toggle=\"modal\" data-bs-target=\"#comparadorModal\">Calcular<\/span>\t\t\t\t\n\t\t\t\t\t\n\t\t\t\t<\/td><\/tr><\/div><tr class=\"fila_tabla_precio\"><td class=\"nosepara izq\">Precio Prima Mixta Aura<\/td><td class=\"nosepara centro\">1,29 \u20ac\/mes<\/td><td class=\"nosepara derecha\">\t\t\t\t\t\n\t\t\t\t\t\t<span class=\"\" style=\"cursor:pointer\" data-bs-toggle=\"modal\" data-bs-target=\"#comparadorModal\">Calcular<\/span>\t\t\t\t\n\t\t\t\t\t\n\t\t\t\t<\/td><\/tr><\/div><tr class=\"fila_tabla_precio\"><td class=\"nosepara izq\">Precio Prima Seminatural Aura<\/td><td class=\"nosepara centro\">1,45 \u20ac\/mes<\/td><td class=\"nosepara derecha\">\t\t\t\t\t\n\t\t\t\t\t\t<span class=\"\" style=\"cursor:pointer\" data-bs-toggle=\"modal\" data-bs-target=\"#comparadorModal\">Calcular<\/span>\t\t\t\t\n\t\t\t\t\t\n\t\t\t\t<\/td><\/tr><\/div><tr class=\"fila_tabla_precio\"><td class=\"nosepara izq\">Precio con Repatriaci\u00f3n Aura<\/td><td class=\"nosepara centro\">0,80 \u20ac a la cuota<\/td><td class=\"nosepara derecha\">\t\t\t\t\t\n\t\t\t\t\t\t<span class=\"\" style=\"cursor:pointer\" data-bs-toggle=\"modal\" data-bs-target=\"#comparadorModal\">Calcular<\/span>\t\t\t\t\n\t\t\t\t\t\n\t\t\t\t<\/td><\/tr><\/div><tr class=\"fila_tabla_precio\"><td class=\"nosepara izq\">Precio Seguro Defunci\u00f3n Aura<\/td><td class=\"nosepara centro\">1,61 \u20ac\/mes<\/td><td class=\"nosepara derecha\">\t\t\t\t\t\n\t\t\t\t\t\t<span class=\"\" style=\"cursor:pointer\" data-bs-toggle=\"modal\" data-bs-target=\"#comparadorModal\">Calcular<\/span>\t\t\t\t\n\t\t\t\t\t\n\t\t\t\t<\/td><\/tr><\/div><tr class=\"fila_tabla_precio\"><td class=\"nosepara izq\">Precio Seguro Fallecimiento Aura<\/td><td class=\"nosepara centro\">1,66 \u20ac\/mes<\/td><td class=\"nosepara derecha\">\t\t\t\t\t\n\t\t\t\t\t\t<span class=\"\" style=\"cursor:pointer\" data-bs-toggle=\"modal\" data-bs-target=\"#comparadorModal\">Calcular<\/span>\t\t\t\t\n\t\t\t\t\t\n\t\t\t\t<\/td><\/tr><\/div><tr class=\"fila_tabla_precio\"><td class=\"nosepara izq\">Precio Seguro Muertos Aura<\/td><td class=\"nosepara centro\">1,39 \u20ac\/mes<\/td><td class=\"nosepara derecha\">\t\t\t\t\t\n\t\t\t\t\t\t<span class=\"\" style=\"cursor:pointer\" data-bs-toggle=\"modal\" data-bs-target=\"#comparadorModal\">Calcular<\/span>\t\t\t\t\n\t\t\t\t\t\n\t\t\t\t<\/td><\/tr><\/div><tr class=\"fila_tabla_precio\"><td class=\"nosepara izq\">Precio Asistencia Familiar Aura<\/td><td class=\"nosepara centro\">1,44 \u20ac\/mes<\/td><td class=\"nosepara derecha\">\t\t\t\t\t\n\t\t\t\t\t\t<span class=\"\" style=\"cursor:pointer\" data-bs-toggle=\"modal\" data-bs-target=\"#comparadorModal\">Calcular<\/span>\t\t\t\t\n\t\t\t\t\t\n\t\t\t\t<\/td><\/tr><\/div><\/tbody><\/table><\/div><\/p>\n<p>A continuaci\u00f3n te mostramos una tabla con todas y cada una de las tarifas de cada g\u00e9nero de prima de los seguros de decesos de Aura. Estas primas han sido ideadas pensando en todos y cada cliente del servicio a fin de que usted pueda elegir la que m\u00e1s se amolde a sus necesidades. Estos son los precios de los diferentes g\u00e9neros de primas que le ofrece Aura.<br \/>\n<div class=\"colorf\"><div class=\"container clearfix\"><div class=\"col-md-7\"><\/p>\n<h3><span class=\"ez-toc-section\" id=\"%C2%BFCual_es_la_mejor_tarifa_de_seguros_de_Aura\"><\/span>\u00bfCu\u00e1l es la mejor tarifa de seguros de Aura ?<span class=\"ez-toc-section-end\"><\/span><\/h3>\n<p>Lo que busca se lo ofrece Aura. Las distintas seguros de decesos tienen un sinf\u00edn de garant\u00edas adicionales que le dan una alta usabilidad a las p\u00f3lizas y un alto valor a\u00f1adido para los clientes, es una clara ventaja competitiva respecto a otros que se ofertan en el mercado asegurador con precios y coberturas obsoletas. iDecesos rastrear\u00e1 entre todas y cada una de las ofertas actualizadas diariamente del mercado de seguros de Espa\u00f1a, acomodando el ranking de precios a los productos que m\u00e1s se acomoden a su perfil.<br \/>\n<\/div><\/div><\/div><\/p>\n<h3><span class=\"ez-toc-section\" id=\"%C2%BFPuede_aumentar_precio_mensual_de_los_seguros_de_Aura\"><\/span>\u00bfPuede aumentar precio mensual de los seguros de Aura ?<span class=\"ez-toc-section-end\"><\/span><\/h3>\n<p>Los diferentes tipos de prima de Aura hacen que todas tus necesidades est\u00e9n cubiertas y que puedas seleccionar la que mejor se amolde a ti, en Espa\u00f1a, nueve de cada diez asegurados de Decesos se han subscrito a un Seguro de Prima Nivelada, por todo esto, a continuaci\u00f3n, le mostramos los diferentes g\u00e9neros de primas. \u2022 Prima \u00danica: Esta prima cubre el sepelio de las personas que han superado la edad de jubilaci\u00f3n o que tienen una enfermedad grave y solo tiene que hacer una sola aportaci\u00f3n en el pago. Este g\u00e9nero de primas suelen ser contratadas por personas mayores que jam\u00e1s han contratado un seguro. Lo que pague desde su edad de jubilaci\u00f3n se sostendr\u00e1 y no variar\u00e1. Esta prima se identifica por ser constante si bien puede padecer alguno que otro cambio en sus pagos por la actualizaci\u00f3n de los capitales asegurados. <strong>\u2022 Prima Natural:<\/strong> El pago de esta prima se actualiza anualmente. Este se calcula con los a\u00f1os que tiene en ese momento y lo equiparan con el aumento de fallecimiento que pueda tener con el paso del tiempo. Esto causa que de a\u00f1o en a\u00f1o vaya subiendo su precio poco a poco.<\/p>\n<p><strong>\u2022 Prima Mixta:<\/strong> Esta prima combina las modalidades de Prima Nivelada y Prima Natural haciendo un mix de ambas, por un lado, la prima mixta se marcha recalculando al igual que la prima natural, en dependencia del riesgo de fallecimiento que pueda tener el asegurado dependiendo de sus a\u00f1os, no obstante, superados los 60 a\u00f1os esta prima incorpora una nivelaci\u00f3n de precios que va a quedar incesante al igual que en la prima nivelada.<\/p>\n<p>Cualquier g\u00e9nero de prima, se puede abonar de forma mensual, trimestral, semestral o anual, usted es el que elige como hacerlo con lo que no tiene porqu\u00e9 preocuparse por nada y va a poder seleccionar la que mejor se adapte a ti.<\/p>\n<div class=\"colorf\"><div class=\"container clearfix\"><div class=\"col-md-7\">\n<h3><span class=\"ez-toc-section\" id=\"%C2%BFEl_precio_de_seguros_de_decesos_Aura_sube_con_la_edad\"><\/span>\u00bfEl precio de seguros de decesos Aura sube con la edad?<span class=\"ez-toc-section-end\"><\/span><\/h3>\n<p>\u00bfA\u00fan no sabe que plan escoger? Aura le ofrece un seguro de decesos de Prima \u00danica que le dar\u00e1 todo lo que usted ha estado buscando: tranquilidad y buenos servicios. Los profesionales del servicio de asistencia de la empresa aseguradora se har\u00e1n cargo de de todos y cada uno de los tr\u00e1mites desde que los familiares llamen al tel\u00e9fono de asistencia, pasando por todos y cada uno de los tr\u00e1mites legales, hasta que el el fallecido es sepultado o bien incinerado. Como, y como viene en el condicionado general de todas y cada una de las p\u00f3lizas de decesos si hay una subida en los costos de los elementos del servicio funerario, estos se repercutir\u00e1n en la cuota del recibo del seguro de decesos mas de una forma muy poco sensible, pero es muy importante que se realice para que no exista un infraseguro o bien mejor dicho para que estemos apropiadamente asegurados. Con Decesos obtendr\u00e1 las opciones mejores de g\u00e9neros de prima de sus seguro de decesos, con los precios m\u00e1s econ\u00f3micos, las coberturas m\u00e1s extensas, los asesores mejor listos para atenderle en cualquier objeci\u00f3n que le pueda surgir, adem\u00e1s le ofrecemos todas y cada una de las modalidades de pago a fin de que le sea lo m\u00e1s c\u00f3mo de abonar y no se resienta en su econom\u00eda familiar, no olvide que somos el comparador n\u00ba1 en ahorro. As\u00ed, nuestros clientes del servicio se pueden olvidar de cualquier tr\u00e1mite relacionado con su futuro sepelio pues al pedir la contrataci\u00f3n a trav\u00e9s nuestra con una compa\u00f1\u00eda que comparamos es hom\u00f3nimo de garant\u00eda. Aura le brinda la m\u00e1xima eficacia en sus servicio de sepelio, con las garant\u00edas m\u00e1s completas del mercado.<br \/>\n<\/div><\/div><\/div><\/p>\n<h3><span class=\"ez-toc-section\" id=\"Paginas_relacionadas\"><\/span>P\u00e1ginas relacionadas<span class=\"ez-toc-section-end\"><\/span><\/h3><div class=\"enlazado\"><ul> <li><a href=\"https:\/\/idecesos.com\/seguros\/companias\/aura\/opiniones\/\">Opiniones De Seguro Decesos Aura<\/a><\/li> <li><a href=\"https:\/\/idecesos.com\/seguros\/companias\/aura\/precio\/\">Precio seguro Aura<\/a><\/li> <li><a href=\"https:\/\/idecesos.com\/seguros\/companias\/aura\/prima-mixta\/\">Aura Prima Mixta<\/a><\/li> <li><a href=\"https:\/\/idecesos.com\/seguros\/companias\/aura\/prima-natural\/\">Aura Prima Natural<\/a><\/li> <li><a href=\"https:\/\/idecesos.com\/seguros\/companias\/aura\/prima-nivelada\/\">Aura Prima Nivelada<\/a><\/li> <li><a href=\"https:\/\/idecesos.com\/seguros\/companias\/aura\/prima-unica\/\">Aura Prima \u00danica<\/a><\/li> <li><a href=\"https:\/\/idecesos.com\/seguros\/companias\/aura\/repatriacion\/\">Aura Repatriaci\u00f3n<\/a><\/li> <li><a href=\"https:\/\/idecesos.com\/seguros\/companias\/aura\/telefono\/\">Tel\u00e9fono Gratuito Aura<\/a><\/li><\/ul><\/div>\n","protected":false},"excerpt":{"rendered":"<p>La muerte es el \u00fanico sitio en el que no te puedes asistir a ti. Para poder asegurar tu paz y la de tus seres queridos Aura cuenta con todo para que no tengas que preocuparte de nada, por lo que tu familia no va a contar con ninguna carga en el instante del \u00f3bito.&hellip; <\/p>\n","protected":false},"author":1,"featured_media":17349,"parent":6003,"menu_order":0,"comment_status":"closed","ping_status":"closed","template":"single.php","meta":{"footnotes":""},"class_list":["post-17348","page","type-page","status-publish","has-post-thumbnail","hentry"],"yoast_head":"<!-- This site is optimized with the Yoast SEO plugin v27.5 - https:\/\/yoast.com\/product\/yoast-seo-wordpress\/ -->\n<title>Precio Seguro Decesos Aura \u25b7DTO 25% I Oferta 2026<\/title>\n<meta name=\"description\" content=\"Calcular aqu\u00ed\u3010precio seguro de decesos Aura\u3011Tarifas, oferta y descuento de seguro defunci\u00f3n Aura 2026 \u2611\ufe0fiDecesos\u00ae N\u00ba1 en ahorro\" \/>\n<meta name=\"robots\" content=\"index, follow, max-snippet:-1, max-image-preview:large, max-video-preview:-1\" \/>\n<link rel=\"canonical\" href=\"https:\/\/idecesos.com\/seguros\/companias\/aura\/precio\/\" \/>\n<meta property=\"og:locale\" content=\"es_ES\" \/>\n<meta property=\"og:type\" content=\"article\" \/>\n<meta property=\"og:title\" content=\"Precio Seguro Decesos Aura \u25b7DTO 25% I Oferta 2026\" \/>\n<meta property=\"og:description\" content=\"Calcular aqu\u00ed\u3010precio seguro de decesos Aura\u3011Tarifas, oferta y descuento de seguro defunci\u00f3n Aura 2026 \u2611\ufe0fiDecesos\u00ae N\u00ba1 en ahorro\" \/>\n<meta property=\"og:url\" content=\"https:\/\/idecesos.com\/seguros\/companias\/aura\/precio\/\" \/>\n<meta property=\"article:modified_time\" content=\"2022-03-09T12:56:30+00:00\" \/>\n<meta property=\"og:image\" content=\"https:\/\/idecesos.com\/seguros\/wp-content\/uploads\/2021\/12\/precio-2.jpg-16.jpeg\" \/>\n\t<meta property=\"og:image:width\" content=\"1500\" \/>\n\t<meta property=\"og:image:height\" content=\"559\" \/>\n\t<meta property=\"og:image:type\" content=\"image\/jpeg\" \/>\n<meta name=\"twitter:card\" content=\"summary_large_image\" \/>\n<meta name=\"twitter:label1\" content=\"Tiempo de lectura\" \/>\n\t<meta name=\"twitter:data1\" content=\"6 minutos\" \/>\n<script type=\"application\/ld+json\" class=\"yoast-schema-graph\">{\"@context\":\"https:\\\/\\\/schema.org\",\"@graph\":[{\"@type\":\"WebPage\",\"@id\":\"https:\\\/\\\/idecesos.com\\\/seguros\\\/companias\\\/aura\\\/precio\\\/\",\"url\":\"https:\\\/\\\/idecesos.com\\\/seguros\\\/companias\\\/aura\\\/precio\\\/\",\"name\":\"Precio Seguro Decesos Aura \u25b7DTO 25% I Oferta 2026\",\"isPartOf\":{\"@id\":\"https:\\\/\\\/idecesos.com\\\/seguros\\\/#website\"},\"primaryImageOfPage\":{\"@id\":\"https:\\\/\\\/idecesos.com\\\/seguros\\\/companias\\\/aura\\\/precio\\\/#primaryimage\"},\"image\":{\"@id\":\"https:\\\/\\\/idecesos.com\\\/seguros\\\/companias\\\/aura\\\/precio\\\/#primaryimage\"},\"thumbnailUrl\":\"https:\\\/\\\/idecesos.com\\\/seguros\\\/wp-content\\\/uploads\\\/2021\\\/12\\\/precio-2.jpg-16.jpeg\",\"datePublished\":\"2021-12-15T16:02:52+00:00\",\"dateModified\":\"2022-03-09T12:56:30+00:00\",\"description\":\"Calcular aqu\u00ed\u3010precio seguro de decesos Aura\u3011Tarifas, oferta y descuento de seguro defunci\u00f3n Aura 2026 \u2611\ufe0fiDecesos\u00ae N\u00ba1 en ahorro\",\"breadcrumb\":{\"@id\":\"https:\\\/\\\/idecesos.com\\\/seguros\\\/companias\\\/aura\\\/precio\\\/#breadcrumb\"},\"inLanguage\":\"es\",\"potentialAction\":[{\"@type\":\"ReadAction\",\"target\":[\"https:\\\/\\\/idecesos.com\\\/seguros\\\/companias\\\/aura\\\/precio\\\/\"]}]},{\"@type\":\"ImageObject\",\"inLanguage\":\"es\",\"@id\":\"https:\\\/\\\/idecesos.com\\\/seguros\\\/companias\\\/aura\\\/precio\\\/#primaryimage\",\"url\":\"https:\\\/\\\/idecesos.com\\\/seguros\\\/wp-content\\\/uploads\\\/2021\\\/12\\\/precio-2.jpg-16.jpeg\",\"contentUrl\":\"https:\\\/\\\/idecesos.com\\\/seguros\\\/wp-content\\\/uploads\\\/2021\\\/12\\\/precio-2.jpg-16.jpeg\",\"width\":1500,\"height\":559,\"caption\":\"Precio Aura\"},{\"@type\":\"BreadcrumbList\",\"@id\":\"https:\\\/\\\/idecesos.com\\\/seguros\\\/companias\\\/aura\\\/precio\\\/#breadcrumb\",\"itemListElement\":[{\"@type\":\"ListItem\",\"position\":1,\"name\":\"Portada\",\"item\":\"https:\\\/\\\/idecesos.com\\\/seguros\\\/\"},{\"@type\":\"ListItem\",\"position\":2,\"name\":\"Compa\u00f1\u00edas de Seguros de Decesos en Espa\u00f1a\",\"item\":\"https:\\\/\\\/idecesos.com\\\/seguros\\\/companias\\\/\"},{\"@type\":\"ListItem\",\"position\":3,\"name\":\"Seguro de Decesos Aura\",\"item\":\"https:\\\/\\\/idecesos.com\\\/seguros\\\/companias\\\/aura\\\/\"},{\"@type\":\"ListItem\",\"position\":4,\"name\":\"\u00bfCu\u00e1nto cuesta el seguro de decesos Aura?\"}]},{\"@type\":\"WebSite\",\"@id\":\"https:\\\/\\\/idecesos.com\\\/seguros\\\/#website\",\"url\":\"https:\\\/\\\/idecesos.com\\\/seguros\\\/\",\"name\":\"\",\"description\":\"\",\"potentialAction\":[{\"@type\":\"SearchAction\",\"target\":{\"@type\":\"EntryPoint\",\"urlTemplate\":\"https:\\\/\\\/idecesos.com\\\/seguros\\\/?s={search_term_string}\"},\"query-input\":{\"@type\":\"PropertyValueSpecification\",\"valueRequired\":true,\"valueName\":\"search_term_string\"}}],\"inLanguage\":\"es\"}]}<\/script>\n<!-- \/ Yoast SEO plugin. -->","yoast_head_json":{"title":"Precio Seguro Decesos Aura \u25b7DTO 25% I Oferta 2026","description":"Calcular aqu\u00ed\u3010precio seguro de decesos Aura\u3011Tarifas, oferta y descuento de seguro defunci\u00f3n Aura 2026 \u2611\ufe0fiDecesos\u00ae N\u00ba1 en ahorro","robots":{"index":"index","follow":"follow","max-snippet":"max-snippet:-1","max-image-preview":"max-image-preview:large","max-video-preview":"max-video-preview:-1"},"canonical":"https:\/\/idecesos.com\/seguros\/companias\/aura\/precio\/","og_locale":"es_ES","og_type":"article","og_title":"Precio Seguro Decesos Aura \u25b7DTO 25% I Oferta 2026","og_description":"Calcular aqu\u00ed\u3010precio seguro de decesos Aura\u3011Tarifas, oferta y descuento de seguro defunci\u00f3n Aura 2026 \u2611\ufe0fiDecesos\u00ae N\u00ba1 en ahorro","og_url":"https:\/\/idecesos.com\/seguros\/companias\/aura\/precio\/","article_modified_time":"2022-03-09T12:56:30+00:00","og_image":[{"width":1500,"height":559,"url":"https:\/\/idecesos.com\/seguros\/wp-content\/uploads\/2021\/12\/precio-2.jpg-16.jpeg","type":"image\/jpeg"}],"twitter_card":"summary_large_image","twitter_misc":{"Tiempo de lectura":"6 minutos"},"schema":{"@context":"https:\/\/schema.org","@graph":[{"@type":"WebPage","@id":"https:\/\/idecesos.com\/seguros\/companias\/aura\/precio\/","url":"https:\/\/idecesos.com\/seguros\/companias\/aura\/precio\/","name":"Precio Seguro Decesos Aura \u25b7DTO 25% I Oferta 2026","isPartOf":{"@id":"https:\/\/idecesos.com\/seguros\/#website"},"primaryImageOfPage":{"@id":"https:\/\/idecesos.com\/seguros\/companias\/aura\/precio\/#primaryimage"},"image":{"@id":"https:\/\/idecesos.com\/seguros\/companias\/aura\/precio\/#primaryimage"},"thumbnailUrl":"https:\/\/idecesos.com\/seguros\/wp-content\/uploads\/2021\/12\/precio-2.jpg-16.jpeg","datePublished":"2021-12-15T16:02:52+00:00","dateModified":"2022-03-09T12:56:30+00:00","description":"Calcular aqu\u00ed\u3010precio seguro de decesos Aura\u3011Tarifas, oferta y descuento de seguro defunci\u00f3n Aura 2026 \u2611\ufe0fiDecesos\u00ae N\u00ba1 en ahorro","breadcrumb":{"@id":"https:\/\/idecesos.com\/seguros\/companias\/aura\/precio\/#breadcrumb"},"inLanguage":"es","potentialAction":[{"@type":"ReadAction","target":["https:\/\/idecesos.com\/seguros\/companias\/aura\/precio\/"]}]},{"@type":"ImageObject","inLanguage":"es","@id":"https:\/\/idecesos.com\/seguros\/companias\/aura\/precio\/#primaryimage","url":"https:\/\/idecesos.com\/seguros\/wp-content\/uploads\/2021\/12\/precio-2.jpg-16.jpeg","contentUrl":"https:\/\/idecesos.com\/seguros\/wp-content\/uploads\/2021\/12\/precio-2.jpg-16.jpeg","width":1500,"height":559,"caption":"Precio Aura"},{"@type":"BreadcrumbList","@id":"https:\/\/idecesos.com\/seguros\/companias\/aura\/precio\/#breadcrumb","itemListElement":[{"@type":"ListItem","position":1,"name":"Portada","item":"https:\/\/idecesos.com\/seguros\/"},{"@type":"ListItem","position":2,"name":"Compa\u00f1\u00edas de Seguros de Decesos en Espa\u00f1a","item":"https:\/\/idecesos.com\/seguros\/companias\/"},{"@type":"ListItem","position":3,"name":"Seguro de Decesos Aura","item":"https:\/\/idecesos.com\/seguros\/companias\/aura\/"},{"@type":"ListItem","position":4,"name":"\u00bfCu\u00e1nto cuesta el seguro de decesos Aura?"}]},{"@type":"WebSite","@id":"https:\/\/idecesos.com\/seguros\/#website","url":"https:\/\/idecesos.com\/seguros\/","name":"","description":"","potentialAction":[{"@type":"SearchAction","target":{"@type":"EntryPoint","urlTemplate":"https:\/\/idecesos.com\/seguros\/?s={search_term_string}"},"query-input":{"@type":"PropertyValueSpecification","valueRequired":true,"valueName":"search_term_string"}}],"inLanguage":"es"}]}},"_links":{"self":[{"href":"https:\/\/idecesos.com\/seguros\/wp-json\/wp\/v2\/pages\/17348","targetHints":{"allow":["GET"]}}],"collection":[{"href":"https:\/\/idecesos.com\/seguros\/wp-json\/wp\/v2\/pages"}],"about":[{"href":"https:\/\/idecesos.com\/seguros\/wp-json\/wp\/v2\/types\/page"}],"author":[{"embeddable":true,"href":"https:\/\/idecesos.com\/seguros\/wp-json\/wp\/v2\/users\/1"}],"replies":[{"embeddable":true,"href":"https:\/\/idecesos.com\/seguros\/wp-json\/wp\/v2\/comments?post=17348"}],"version-history":[{"count":2,"href":"https:\/\/idecesos.com\/seguros\/wp-json\/wp\/v2\/pages\/17348\/revisions"}],"predecessor-version":[{"id":19983,"href":"https:\/\/idecesos.com\/seguros\/wp-json\/wp\/v2\/pages\/17348\/revisions\/19983"}],"up":[{"embeddable":true,"href":"https:\/\/idecesos.com\/seguros\/wp-json\/wp\/v2\/pages\/6003"}],"wp:featuredmedia":[{"embeddable":true,"href":"https:\/\/idecesos.com\/seguros\/wp-json\/wp\/v2\/media\/17349"}],"wp:attachment":[{"href":"https:\/\/idecesos.com\/seguros\/wp-json\/wp\/v2\/media?parent=17348"}],"curies":[{"name":"wp","href":"https:\/\/api.w.org\/{rel}","templated":true}]}}