{"id":17352,"date":"2021-12-15T16:02:54","date_gmt":"2021-12-15T16:02:54","guid":{"rendered":"https:\/\/idecesos.com\/seguros\/companias\/allianz\/precio\/"},"modified":"2022-03-10T09:12:06","modified_gmt":"2022-03-10T09:12:06","slug":"precio","status":"publish","type":"page","link":"https:\/\/idecesos.com\/seguros\/companias\/allianz\/precio\/","title":{"rendered":"\u00bfCu\u00e1nto cuesta el seguro de decesos Allianz?"},"content":{"rendered":"<div id=\"ez-toc-container\" class=\"ez-toc-v2_0_83 ez-toc-wrap-center counter-hierarchy ez-toc-counter ez-toc-custom ez-toc-container-direction\">\n<div class=\"ez-toc-title-container\">\n<p class=\"ez-toc-title\" style=\"cursor:inherit\">Tabla de Contenido<\/p>\n<span class=\"ez-toc-title-toggle\"><a href=\"#\" class=\"ez-toc-pull-right ez-toc-btn ez-toc-btn-xs ez-toc-btn-default ez-toc-toggle\" aria-label=\"Alternar tabla de contenidos\"><span class=\"ez-toc-js-icon-con\"><span class=\"\"><span class=\"eztoc-hide\" style=\"display:none;\">Toggle<\/span><span class=\"ez-toc-icon-toggle-span\"><svg style=\"fill: #db6415;color:#db6415\" xmlns=\"http:\/\/www.w3.org\/2000\/svg\" class=\"list-377408\" width=\"20px\" height=\"20px\" viewBox=\"0 0 24 24\" fill=\"none\"><path d=\"M6 6H4v2h2V6zm14 0H8v2h12V6zM4 11h2v2H4v-2zm16 0H8v2h12v-2zM4 16h2v2H4v-2zm16 0H8v2h12v-2z\" fill=\"currentColor\"><\/path><\/svg><svg style=\"fill: #db6415;color:#db6415\" class=\"arrow-unsorted-368013\" xmlns=\"http:\/\/www.w3.org\/2000\/svg\" width=\"10px\" height=\"10px\" viewBox=\"0 0 24 24\" version=\"1.2\" baseProfile=\"tiny\"><path d=\"M18.2 9.3l-6.2-6.3-6.2 6.3c-.2.2-.3.4-.3.7s.1.5.3.7c.2.2.4.3.7.3h11c.3 0 .5-.1.7-.3.2-.2.3-.5.3-.7s-.1-.5-.3-.7zM5.8 14.7l6.2 6.3 6.2-6.3c.2-.2.3-.5.3-.7s-.1-.5-.3-.7c-.2-.2-.4-.3-.7-.3h-11c-.3 0-.5.1-.7.3-.2.2-.3.5-.3.7s.1.5.3.7z\"\/><\/svg><\/span><\/span><\/span><\/a><\/span><\/div>\n<nav><ul class='ez-toc-list ez-toc-list-level-1 ' ><li class='ez-toc-page-1 ez-toc-heading-level-2'><a class=\"ez-toc-link ez-toc-heading-1\" href=\"https:\/\/idecesos.com\/seguros\/companias\/allianz\/precio\/#Calcular_precio_seguro_de_decesos_Allianz\" >Calcular precio seguro de decesos Allianz<\/a><\/li><li class='ez-toc-page-1 ez-toc-heading-level-2'><a class=\"ez-toc-link ez-toc-heading-2\" href=\"https:\/\/idecesos.com\/seguros\/companias\/allianz\/precio\/#Tabla_comparativa_de_precios_Allianz\" >Tabla comparativa de precios Allianz<\/a><ul class='ez-toc-list-level-3' ><li class='ez-toc-heading-level-3'><a class=\"ez-toc-link ez-toc-heading-3\" href=\"https:\/\/idecesos.com\/seguros\/companias\/allianz\/precio\/#%C2%BFCual_es_la_mejor_tarifa_de_seguros_de_Allianz\" >\u00bfCu\u00e1l es la mejor tarifa de seguros de Allianz ?<\/a><\/li><li class='ez-toc-page-1 ez-toc-heading-level-3'><a class=\"ez-toc-link ez-toc-heading-4\" href=\"https:\/\/idecesos.com\/seguros\/companias\/allianz\/precio\/#%C2%BFPuede_aumentar_precio_mensual_de_los_seguros_de_Allianz\" >\u00bfPuede aumentar precio mensual de los seguros de Allianz ?<\/a><\/li><li class='ez-toc-page-1 ez-toc-heading-level-3'><a class=\"ez-toc-link ez-toc-heading-5\" href=\"https:\/\/idecesos.com\/seguros\/companias\/allianz\/precio\/#%C2%BFEl_precio_de_seguros_de_decesos_Allianz_sube_con_la_edad\" >\u00bfEl precio de seguros de decesos Allianz sube con la edad?<\/a><\/li><\/ul><\/li><\/ul><\/nav><\/div>\n<p><br \/>\nMediante el trabajo de los profesionales que componen iDecesos, merced a su comparador ofrecemos un extenso panel de ofertas de seguros de defunci\u00f3n con aseguradoras, precios y coberturas muy competitivas. Es necesario antes de decidir por qu\u00e9 producto o bien compa\u00f1\u00eda elegir, estar informado de las distintas tarifas que ofrecen para estar seguro que has escogido lo que necesitabas. Ahora, le mostraremos cada uno de ellos de los precios y las distintas modalidades de primas que existen en el seguro de decesos de Allianz para que pueda solventar todas sus dudas y pueda escoger la mejor cobertura y prima que mejor se amolde a sus necesidades.<\/p>\n<div class=\"colorf\"><div class=\"container clearfix\"><div class=\"col-md-7\">\n<h2><span class=\"ez-toc-section\" id=\"Calcular_precio_seguro_de_decesos_Allianz\"><\/span>Calcular precio seguro de decesos Allianz<span class=\"ez-toc-section-end\"><\/span><\/h2>\n<p>No se preocupe, gracias a iDecesos calcular el precio de su seguro de decesos le ser\u00e1 muy sencillo. Rellene todos y cada uno de los campos que le solicitamos y nosotros nos encargaremos de filtrar los mejores resultados que se amolden a sus condiciones. Contratar una p\u00f3liza de decesos de Allianz tiene muchos beneficios. Primeramente va a poder gozar de la tranquilidad que le brindan a y a su familia. Por otra parte, su profesionalidad. No se preocupe, Allianz le facilitar\u00e1 todos los tr\u00e1mites y van a estar a su lado en ese duro instante que es la p\u00e9rdida de un ser querido.<br \/>\n<\/div><\/div><\/div><\/p>\n<h2><span class=\"ez-toc-section\" id=\"Tabla_comparativa_de_precios_Allianz\"><\/span>Tabla comparativa de precios Allianz<span class=\"ez-toc-section-end\"><\/span><\/h2>\n<p><div class=\"cabecera_tabla_precio\"><table class=\"table table-striped\"><thead><tr><th class=\"nosepara centrado\">Tipo<\/th><th class=\"nosepara centrado nojustificado\">Precio Desde<\/th><th class=\"nosepara dcha\"><\/th><\/tr><\/thead><tbody><tr class=\"fila_tabla_precio\"><td class=\"nosepara izq\">Precio Seguro Decesos Allianz<\/td><td class=\"nosepara centro\">1,51 \u20ac\/mes<\/td><td class=\"nosepara derecha\">\t\t\t\t\t\n\t\t\t\t\t\t<span class=\"\" style=\"cursor:pointer\" data-bs-toggle=\"modal\" data-bs-target=\"#comparadorModal\">Calcular<\/span>\t\t\t\t\n\t\t\t\t\t\n\t\t\t\t<\/td><\/tr><\/div><tr class=\"fila_tabla_precio\"><td class=\"nosepara izq\">Precio Prima \u00danica Allianz<\/td><td class=\"nosepara centro\">2300 \u20ac<\/td><td class=\"nosepara derecha\">\t\t\t\t\t\n\t\t\t\t\t\t<span class=\"\" style=\"cursor:pointer\" data-bs-toggle=\"modal\" data-bs-target=\"#comparadorModal\">Calcular<\/span>\t\t\t\t\n\t\t\t\t\t\n\t\t\t\t<\/td><\/tr><\/div><tr class=\"fila_tabla_precio\"><td class=\"nosepara izq\">Precio Prima Natural Allianz<\/td><td class=\"nosepara centro\">1,31 \u20ac\/mes<\/td><td class=\"nosepara derecha\">\t\t\t\t\t\n\t\t\t\t\t\t<span class=\"\" style=\"cursor:pointer\" data-bs-toggle=\"modal\" data-bs-target=\"#comparadorModal\">Calcular<\/span>\t\t\t\t\n\t\t\t\t\t\n\t\t\t\t<\/td><\/tr><\/div><tr class=\"fila_tabla_precio\"><td class=\"nosepara izq\">Precio Prima Nivelada Allianz<\/td><td class=\"nosepara centro\">1,69 \u20ac\/mes<\/td><td class=\"nosepara derecha\">\t\t\t\t\t\n\t\t\t\t\t\t<span class=\"\" style=\"cursor:pointer\" data-bs-toggle=\"modal\" data-bs-target=\"#comparadorModal\">Calcular<\/span>\t\t\t\t\n\t\t\t\t\t\n\t\t\t\t<\/td><\/tr><\/div><tr class=\"fila_tabla_precio\"><td class=\"nosepara izq\">Precio Prima Mixta Allianz<\/td><td class=\"nosepara centro\">1,24 \u20ac\/mes<\/td><td class=\"nosepara derecha\">\t\t\t\t\t\n\t\t\t\t\t\t<span class=\"\" style=\"cursor:pointer\" data-bs-toggle=\"modal\" data-bs-target=\"#comparadorModal\">Calcular<\/span>\t\t\t\t\n\t\t\t\t\t\n\t\t\t\t<\/td><\/tr><\/div><tr class=\"fila_tabla_precio\"><td class=\"nosepara izq\">Precio Prima Seminatural Allianz<\/td><td class=\"nosepara centro\">1,53 \u20ac\/mes<\/td><td class=\"nosepara derecha\">\t\t\t\t\t\n\t\t\t\t\t\t<span class=\"\" style=\"cursor:pointer\" data-bs-toggle=\"modal\" data-bs-target=\"#comparadorModal\">Calcular<\/span>\t\t\t\t\n\t\t\t\t\t\n\t\t\t\t<\/td><\/tr><\/div><tr class=\"fila_tabla_precio\"><td class=\"nosepara izq\">Precio con Repatriaci\u00f3n Allianz<\/td><td class=\"nosepara centro\">0,97 \u20ac a la cuota<\/td><td class=\"nosepara derecha\">\t\t\t\t\t\n\t\t\t\t\t\t<span class=\"\" style=\"cursor:pointer\" data-bs-toggle=\"modal\" data-bs-target=\"#comparadorModal\">Calcular<\/span>\t\t\t\t\n\t\t\t\t\t\n\t\t\t\t<\/td><\/tr><\/div><tr class=\"fila_tabla_precio\"><td class=\"nosepara izq\">Precio Seguro Defunci\u00f3n Allianz<\/td><td class=\"nosepara centro\">1,61 \u20ac\/mes<\/td><td class=\"nosepara derecha\">\t\t\t\t\t\n\t\t\t\t\t\t<span class=\"\" style=\"cursor:pointer\" data-bs-toggle=\"modal\" data-bs-target=\"#comparadorModal\">Calcular<\/span>\t\t\t\t\n\t\t\t\t\t\n\t\t\t\t<\/td><\/tr><\/div><tr class=\"fila_tabla_precio\"><td class=\"nosepara izq\">Precio Seguro Fallecimiento Allianz<\/td><td class=\"nosepara centro\">1,66 \u20ac\/mes<\/td><td class=\"nosepara derecha\">\t\t\t\t\t\n\t\t\t\t\t\t<span class=\"\" style=\"cursor:pointer\" data-bs-toggle=\"modal\" data-bs-target=\"#comparadorModal\">Calcular<\/span>\t\t\t\t\n\t\t\t\t\t\n\t\t\t\t<\/td><\/tr><\/div><tr class=\"fila_tabla_precio\"><td class=\"nosepara izq\">Precio Seguro Muertos Allianz<\/td><td class=\"nosepara centro\">1,39 \u20ac\/mes<\/td><td class=\"nosepara derecha\">\t\t\t\t\t\n\t\t\t\t\t\t<span class=\"\" style=\"cursor:pointer\" data-bs-toggle=\"modal\" data-bs-target=\"#comparadorModal\">Calcular<\/span>\t\t\t\t\n\t\t\t\t\t\n\t\t\t\t<\/td><\/tr><\/div><tr class=\"fila_tabla_precio\"><td class=\"nosepara izq\">Precio Asistencia Familiar Allianz<\/td><td class=\"nosepara centro\">1,65 \u20ac\/mes<\/td><td class=\"nosepara derecha\">\t\t\t\t\t\n\t\t\t\t\t\t<span class=\"\" style=\"cursor:pointer\" data-bs-toggle=\"modal\" data-bs-target=\"#comparadorModal\">Calcular<\/span>\t\t\t\t\n\t\t\t\t\t\n\t\t\t\t<\/td><\/tr><\/div><\/tbody><\/table><\/div><\/p>\n<p>Pr\u00f3ximamente te vamos a mostrar una disertaci\u00f3n con los precios y primas del seguro de decesos de Allianz m\u00e1s asequibles y actualizados en tiempo real. Estos g\u00e9neros de primas son las m\u00e1s equilibradas que se pueden obtener a fin de que usted disfrute de una p\u00f3liza que se ajuste al mil\u00edmetro a sus necesidades con las m\u00e1ximas garant\u00edas. Todos y cada uno de los precios que os mostramos son de las extensa tipolog\u00eda de primas que le oferta la Allianz.<br \/>\n<div class=\"colorf\"><div class=\"container clearfix\"><div class=\"col-md-7\"><\/p>\n<h3><span class=\"ez-toc-section\" id=\"%C2%BFCual_es_la_mejor_tarifa_de_seguros_de_Allianz\"><\/span>\u00bfCu\u00e1l es la mejor tarifa de seguros de Allianz ?<span class=\"ez-toc-section-end\"><\/span><\/h3>\n<p>Lo que usted busca se lo ofrece Allianz. Las diferentes seguros de decesos tienen un sinf\u00edn de garant\u00edas auxiliares que le dan una alta usabilidad a las p\u00f3lizas y un alto valor a\u00f1adido para los clientes del servicio, es una clara ventaja a nivel competitivo con respecto a otros que se ofertan en el mercado asegurador con precios y coberturas obsoletas. iDecesos te seleccionar\u00e1 con todas y cada una de las garant\u00edas la mejor p\u00f3liza al ser el comparador l\u00edder y especialista en seguro de decesos en Espa\u00f1a, tambi\u00e9n se ajustar\u00e1 a tus necesidades en todo momento.<br \/>\n<\/div><\/div><\/div><\/p>\n<h3><span class=\"ez-toc-section\" id=\"%C2%BFPuede_aumentar_precio_mensual_de_los_seguros_de_Allianz\"><\/span>\u00bfPuede aumentar precio mensual de los seguros de Allianz ?<span class=\"ez-toc-section-end\"><\/span><\/h3>\n<p>Allianz goza de diferentes modalidades de primas para que puedas seleccionar la m\u00e1s apropiada a tu rango de edad y encima con tarifas m\u00ednimas del mercado. En este pa\u00eds, la inmensa mayor\u00eda goza de un seguro de decesos de prima nivelada puesto que se mantienen el precio en la renovaci\u00f3n anual y sin sobresaltos, ahora le indicaremos las diferentes modalidades de primas que prevalecen para que puedas acertar en la elecci\u00f3n de tu seguro de defunci\u00f3n<\/p>\n<p><strong>\u2022 Prima \u00danica o pago \u00fanico:<\/strong> Esta modalidad de prima cubre el rango de edad avanzada y tambi\u00e9n con enfermedades terminales, garantiza el servicio de sepelio completo a trav\u00e9s de el pago \u00fanico de la prima y dejando todo resuelto a sus familiares, llegado el instante del deceso del tomador de la p\u00f3liza.<\/p>\n<p>Prima natural: es el tipo de prima famosa asimismo como creciente, debido a que no para de medrar anualmente el precio de la prima porque obedece a la edad actuarial que tienen los asegurados desde el principio de la p\u00f3liza, calcula la esperanza de vida y establece una cuadro evolutivo de la tarifa de la prima a muchos a\u00f1os vista. <strong>\u2022 Prima mixta: <\/strong>es una prima enormemente demandada por ser la opci\u00f3n m\u00e1s imparcial de todas y cada una, al estar compuesta por dos tipos de primas, la natural y la nivelada siendo barat\u00edsima en los primeros a\u00f1os de la contrataci\u00f3n y cuando somos mayores y se encarece se mantiene nivelada para dar una continuidad sin sobresaltos financieros, pero debemos calibrar si nos vale la pena contratar esta modalidad analizando si estamos muy cerca de merecernos la pena una p\u00f3liza con mayor nivelaci\u00f3n o bien si somos muy j\u00f3venes y nos gusta cambiar a menudo contratar un precio de prima creciente. Podr\u00e1s partir el recibo de la prima y que te pasen el seguro por el banco en 12 veces, 4 veces, dos veces o bien una vez al a\u00f1o. Los clientes de iDecesos deciden en todo instante c\u00f3mo abonar el seguro de decesos y disponemos de la mayor flexibilidad de pago por m\u00ednimo que sea el precio total de la prima.<br \/>\n<div class=\"colorf\"><div class=\"container clearfix\"><div class=\"col-md-7\"><\/p>\n<h3><span class=\"ez-toc-section\" id=\"%C2%BFEl_precio_de_seguros_de_decesos_Allianz_sube_con_la_edad\"><\/span>\u00bfEl precio de seguros de decesos Allianz sube con la edad?<span class=\"ez-toc-section-end\"><\/span><\/h3>\n<p>\u00bfTiene dudas de cual escoger? No lo dude, Allianz re\u00fane con su producto de seguro de decesos de prima \u00fanica todos los requisitos que usted busca, aseguradora de m\u00e1xima solvencia, coberturas que aseguren el servicio de principio a fin y precio asequible. El departamento de asistencia de la empresa aseguradora coordinar\u00e1 al completo el servicio mortuorio desde su petici\u00f3n v\u00eda telef\u00f3nica, todo va a estar bajo los m\u00e1ximos est\u00e1ndares de calidad y bajo las costumbres de la localidad y requerimientos de los herederos en unos factores normales. Como, y como viene en el condicionado general de todas y cada una de las p\u00f3lizas de decesos si hay una subida en los costes de los elementos del servicio funerario, estos se repercutir\u00e1n en la cuota del recibo del seguro de decesos mas de una manera muy poco sensible, pero es muy importante que se realice para que no exista un infraseguro o bien mejor dicho para que estemos correctamente asegurados. En iDecesos le ofrecemos las m\u00e1ximas garant\u00edas de que va a localizar el seguro de decesos m\u00e1s conveniente a su perfil, mas encima sin que se tenga que preocupar de nada, adem\u00e1s gozamos de las mejores aseguradoras, las tarifas m\u00e1s asequibles con cada una de ellas, ofertas continuas y todos los modelos de primas que existen, como con la m\u00e1xima flexibilidad de pago posible. De esta forma, nuestros clientes del servicio se pueden olvidar de cualquier tr\u00e1mite relacionado con su porvenir sepelio pues al pedir la contrataci\u00f3n a trav\u00e9s nuestra con una compa\u00f1\u00eda que equiparamos es sin\u00f3nimo de garant\u00eda. Allianz tiene el equipo m\u00e1s completo y experto en seguro de decesos y bajo un condicionado general con las coberturas m\u00e1s solventes del panorama nacional.<br \/>\n<\/div><\/div><\/div><\/p>\n<h3>P\u00e1ginas relacionadas<\/h3><div class=\"enlazado\"><ul> <li><a href=\"https:\/\/idecesos.com\/seguros\/companias\/allianz\/condiciones-generales\/\">Condiciones Generales Allianz<\/a><\/li> <li><a href=\"https:\/\/idecesos.com\/seguros\/companias\/allianz\/opiniones\/\">Opiniones Allianz<\/a><\/li> <li><a href=\"https:\/\/idecesos.com\/seguros\/companias\/allianz\/precio\/\">Precio seguro Allianz<\/a><\/li> <li><a href=\"https:\/\/idecesos.com\/seguros\/companias\/allianz\/prima-mixta\/\">Allianz Prima Mixta<\/a><\/li> <li><a href=\"https:\/\/idecesos.com\/seguros\/companias\/allianz\/prima-natural\/\">Allianz Prima Natural<\/a><\/li> <li><a href=\"https:\/\/idecesos.com\/seguros\/companias\/allianz\/prima-nivelada\/\">Allianz Prima Nivelada<\/a><\/li> <li><a href=\"https:\/\/idecesos.com\/seguros\/companias\/allianz\/prima-unica\/\">Allianz Prima \u00danica<\/a><\/li> <li><a href=\"https:\/\/idecesos.com\/seguros\/companias\/allianz\/repatriacion\/\">Allianz Repatriaci\u00f3n<\/a><\/li> <li><a href=\"https:\/\/idecesos.com\/seguros\/companias\/allianz\/telefono\/\">Tel\u00e9fono Gratuito Allianz<\/a><\/li><\/ul><\/div>\n","protected":false},"excerpt":{"rendered":"<p>Mediante el trabajo de los profesionales que componen iDecesos, merced a su comparador ofrecemos un extenso panel de ofertas de seguros de defunci\u00f3n con aseguradoras, precios y coberturas muy competitivas. Es necesario antes de decidir por qu\u00e9 producto o bien compa\u00f1\u00eda elegir, estar informado de las distintas tarifas que ofrecen para estar seguro que has&hellip; <\/p>\n","protected":false},"author":1,"featured_media":17353,"parent":260,"menu_order":0,"comment_status":"closed","ping_status":"closed","template":"single.php","meta":{"footnotes":""},"class_list":["post-17352","page","type-page","status-publish","has-post-thumbnail","hentry"],"yoast_head":"<!-- This site is optimized with the Yoast SEO plugin v27.6 - https:\/\/yoast.com\/product\/yoast-seo-wordpress\/ -->\n<title>Precio Seguro Decesos Allianz \u25b7DTO 25% I Oferta 2026<\/title>\n<meta name=\"description\" content=\"Calcular aqu\u00ed\u3010precio seguro de decesos Allianz\u3011Tarifas, oferta y descuento de seguro defunci\u00f3n Allianz 2026 \u2611\ufe0fiDecesos\u00ae N\u00ba1 en ahorro\" \/>\n<meta name=\"robots\" content=\"index, follow, max-snippet:-1, max-image-preview:large, max-video-preview:-1\" \/>\n<link rel=\"canonical\" href=\"https:\/\/idecesos.com\/seguros\/companias\/allianz\/precio\/\" \/>\n<meta property=\"og:locale\" content=\"es_ES\" \/>\n<meta property=\"og:type\" content=\"article\" \/>\n<meta property=\"og:title\" content=\"Precio Seguro Decesos Allianz \u25b7DTO 25% I Oferta 2026\" \/>\n<meta property=\"og:description\" content=\"Calcular aqu\u00ed\u3010precio seguro de decesos Allianz\u3011Tarifas, oferta y descuento de seguro defunci\u00f3n Allianz 2026 \u2611\ufe0fiDecesos\u00ae N\u00ba1 en ahorro\" \/>\n<meta property=\"og:url\" content=\"https:\/\/idecesos.com\/seguros\/companias\/allianz\/precio\/\" \/>\n<meta property=\"article:modified_time\" content=\"2022-03-10T09:12:06+00:00\" \/>\n<meta property=\"og:image\" content=\"https:\/\/idecesos.com\/seguros\/wp-content\/uploads\/2021\/12\/precio-2.jpg-18.jpeg\" \/>\n\t<meta property=\"og:image:width\" content=\"1500\" \/>\n\t<meta property=\"og:image:height\" content=\"559\" \/>\n\t<meta property=\"og:image:type\" content=\"image\/jpeg\" \/>\n<meta name=\"twitter:card\" content=\"summary_large_image\" \/>\n<meta name=\"twitter:label1\" content=\"Tiempo de lectura\" \/>\n\t<meta name=\"twitter:data1\" content=\"75 minutos\" \/>\n<script type=\"application\/ld+json\" class=\"yoast-schema-graph\">{\"@context\":\"https:\\\/\\\/schema.org\",\"@graph\":[{\"@type\":\"WebPage\",\"@id\":\"https:\\\/\\\/idecesos.com\\\/seguros\\\/companias\\\/allianz\\\/precio\\\/\",\"url\":\"https:\\\/\\\/idecesos.com\\\/seguros\\\/companias\\\/allianz\\\/precio\\\/\",\"name\":\"Precio Seguro Decesos Allianz \u25b7DTO 25% I Oferta 2026\",\"isPartOf\":{\"@id\":\"https:\\\/\\\/idecesos.com\\\/seguros\\\/#website\"},\"primaryImageOfPage\":{\"@id\":\"https:\\\/\\\/idecesos.com\\\/seguros\\\/companias\\\/allianz\\\/precio\\\/#primaryimage\"},\"image\":{\"@id\":\"https:\\\/\\\/idecesos.com\\\/seguros\\\/companias\\\/allianz\\\/precio\\\/#primaryimage\"},\"thumbnailUrl\":\"https:\\\/\\\/idecesos.com\\\/seguros\\\/wp-content\\\/uploads\\\/2021\\\/12\\\/precio-2.jpg-18.jpeg\",\"datePublished\":\"2021-12-15T16:02:54+00:00\",\"dateModified\":\"2022-03-10T09:12:06+00:00\",\"description\":\"Calcular aqu\u00ed\u3010precio seguro de decesos Allianz\u3011Tarifas, oferta y descuento de seguro defunci\u00f3n Allianz 2026 \u2611\ufe0fiDecesos\u00ae N\u00ba1 en ahorro\",\"breadcrumb\":{\"@id\":\"https:\\\/\\\/idecesos.com\\\/seguros\\\/companias\\\/allianz\\\/precio\\\/#breadcrumb\"},\"inLanguage\":\"es\",\"potentialAction\":[{\"@type\":\"ReadAction\",\"target\":[\"https:\\\/\\\/idecesos.com\\\/seguros\\\/companias\\\/allianz\\\/precio\\\/\"]}]},{\"@type\":\"ImageObject\",\"inLanguage\":\"es\",\"@id\":\"https:\\\/\\\/idecesos.com\\\/seguros\\\/companias\\\/allianz\\\/precio\\\/#primaryimage\",\"url\":\"https:\\\/\\\/idecesos.com\\\/seguros\\\/wp-content\\\/uploads\\\/2021\\\/12\\\/precio-2.jpg-18.jpeg\",\"contentUrl\":\"https:\\\/\\\/idecesos.com\\\/seguros\\\/wp-content\\\/uploads\\\/2021\\\/12\\\/precio-2.jpg-18.jpeg\",\"width\":1500,\"height\":559,\"caption\":\"Precio Allianz\"},{\"@type\":\"BreadcrumbList\",\"@id\":\"https:\\\/\\\/idecesos.com\\\/seguros\\\/companias\\\/allianz\\\/precio\\\/#breadcrumb\",\"itemListElement\":[{\"@type\":\"ListItem\",\"position\":1,\"name\":\"Portada\",\"item\":\"https:\\\/\\\/idecesos.com\\\/seguros\\\/\"},{\"@type\":\"ListItem\",\"position\":2,\"name\":\"Compa\u00f1\u00edas de Seguros de Decesos en Espa\u00f1a\",\"item\":\"https:\\\/\\\/idecesos.com\\\/seguros\\\/companias\\\/\"},{\"@type\":\"ListItem\",\"position\":3,\"name\":\"Seguro de Decesos Allianz\",\"item\":\"https:\\\/\\\/idecesos.com\\\/seguros\\\/companias\\\/allianz\\\/\"},{\"@type\":\"ListItem\",\"position\":4,\"name\":\"\u00bfCu\u00e1nto cuesta el seguro de decesos Allianz?\"}]},{\"@type\":\"WebSite\",\"@id\":\"https:\\\/\\\/idecesos.com\\\/seguros\\\/#website\",\"url\":\"https:\\\/\\\/idecesos.com\\\/seguros\\\/\",\"name\":\"\",\"description\":\"\",\"potentialAction\":[{\"@type\":\"SearchAction\",\"target\":{\"@type\":\"EntryPoint\",\"urlTemplate\":\"https:\\\/\\\/idecesos.com\\\/seguros\\\/?s={search_term_string}\"},\"query-input\":{\"@type\":\"PropertyValueSpecification\",\"valueRequired\":true,\"valueName\":\"search_term_string\"}}],\"inLanguage\":\"es\"}]}<\/script>\n<!-- \/ Yoast SEO plugin. -->","yoast_head_json":{"title":"Precio Seguro Decesos Allianz \u25b7DTO 25% I Oferta 2026","description":"Calcular aqu\u00ed\u3010precio seguro de decesos Allianz\u3011Tarifas, oferta y descuento de seguro defunci\u00f3n Allianz 2026 \u2611\ufe0fiDecesos\u00ae N\u00ba1 en ahorro","robots":{"index":"index","follow":"follow","max-snippet":"max-snippet:-1","max-image-preview":"max-image-preview:large","max-video-preview":"max-video-preview:-1"},"canonical":"https:\/\/idecesos.com\/seguros\/companias\/allianz\/precio\/","og_locale":"es_ES","og_type":"article","og_title":"Precio Seguro Decesos Allianz \u25b7DTO 25% I Oferta 2026","og_description":"Calcular aqu\u00ed\u3010precio seguro de decesos Allianz\u3011Tarifas, oferta y descuento de seguro defunci\u00f3n Allianz 2026 \u2611\ufe0fiDecesos\u00ae N\u00ba1 en ahorro","og_url":"https:\/\/idecesos.com\/seguros\/companias\/allianz\/precio\/","article_modified_time":"2022-03-10T09:12:06+00:00","og_image":[{"width":1500,"height":559,"url":"https:\/\/idecesos.com\/seguros\/wp-content\/uploads\/2021\/12\/precio-2.jpg-18.jpeg","type":"image\/jpeg"}],"twitter_card":"summary_large_image","twitter_misc":{"Tiempo de lectura":"75 minutos"},"schema":{"@context":"https:\/\/schema.org","@graph":[{"@type":"WebPage","@id":"https:\/\/idecesos.com\/seguros\/companias\/allianz\/precio\/","url":"https:\/\/idecesos.com\/seguros\/companias\/allianz\/precio\/","name":"Precio Seguro Decesos Allianz \u25b7DTO 25% I Oferta 2026","isPartOf":{"@id":"https:\/\/idecesos.com\/seguros\/#website"},"primaryImageOfPage":{"@id":"https:\/\/idecesos.com\/seguros\/companias\/allianz\/precio\/#primaryimage"},"image":{"@id":"https:\/\/idecesos.com\/seguros\/companias\/allianz\/precio\/#primaryimage"},"thumbnailUrl":"https:\/\/idecesos.com\/seguros\/wp-content\/uploads\/2021\/12\/precio-2.jpg-18.jpeg","datePublished":"2021-12-15T16:02:54+00:00","dateModified":"2022-03-10T09:12:06+00:00","description":"Calcular aqu\u00ed\u3010precio seguro de decesos Allianz\u3011Tarifas, oferta y descuento de seguro defunci\u00f3n Allianz 2026 \u2611\ufe0fiDecesos\u00ae N\u00ba1 en ahorro","breadcrumb":{"@id":"https:\/\/idecesos.com\/seguros\/companias\/allianz\/precio\/#breadcrumb"},"inLanguage":"es","potentialAction":[{"@type":"ReadAction","target":["https:\/\/idecesos.com\/seguros\/companias\/allianz\/precio\/"]}]},{"@type":"ImageObject","inLanguage":"es","@id":"https:\/\/idecesos.com\/seguros\/companias\/allianz\/precio\/#primaryimage","url":"https:\/\/idecesos.com\/seguros\/wp-content\/uploads\/2021\/12\/precio-2.jpg-18.jpeg","contentUrl":"https:\/\/idecesos.com\/seguros\/wp-content\/uploads\/2021\/12\/precio-2.jpg-18.jpeg","width":1500,"height":559,"caption":"Precio Allianz"},{"@type":"BreadcrumbList","@id":"https:\/\/idecesos.com\/seguros\/companias\/allianz\/precio\/#breadcrumb","itemListElement":[{"@type":"ListItem","position":1,"name":"Portada","item":"https:\/\/idecesos.com\/seguros\/"},{"@type":"ListItem","position":2,"name":"Compa\u00f1\u00edas de Seguros de Decesos en Espa\u00f1a","item":"https:\/\/idecesos.com\/seguros\/companias\/"},{"@type":"ListItem","position":3,"name":"Seguro de Decesos Allianz","item":"https:\/\/idecesos.com\/seguros\/companias\/allianz\/"},{"@type":"ListItem","position":4,"name":"\u00bfCu\u00e1nto cuesta el seguro de decesos Allianz?"}]},{"@type":"WebSite","@id":"https:\/\/idecesos.com\/seguros\/#website","url":"https:\/\/idecesos.com\/seguros\/","name":"","description":"","potentialAction":[{"@type":"SearchAction","target":{"@type":"EntryPoint","urlTemplate":"https:\/\/idecesos.com\/seguros\/?s={search_term_string}"},"query-input":{"@type":"PropertyValueSpecification","valueRequired":true,"valueName":"search_term_string"}}],"inLanguage":"es"}]}},"_links":{"self":[{"href":"https:\/\/idecesos.com\/seguros\/wp-json\/wp\/v2\/pages\/17352","targetHints":{"allow":["GET"]}}],"collection":[{"href":"https:\/\/idecesos.com\/seguros\/wp-json\/wp\/v2\/pages"}],"about":[{"href":"https:\/\/idecesos.com\/seguros\/wp-json\/wp\/v2\/types\/page"}],"author":[{"embeddable":true,"href":"https:\/\/idecesos.com\/seguros\/wp-json\/wp\/v2\/users\/1"}],"replies":[{"embeddable":true,"href":"https:\/\/idecesos.com\/seguros\/wp-json\/wp\/v2\/comments?post=17352"}],"version-history":[{"count":2,"href":"https:\/\/idecesos.com\/seguros\/wp-json\/wp\/v2\/pages\/17352\/revisions"}],"predecessor-version":[{"id":20019,"href":"https:\/\/idecesos.com\/seguros\/wp-json\/wp\/v2\/pages\/17352\/revisions\/20019"}],"up":[{"embeddable":true,"href":"https:\/\/idecesos.com\/seguros\/wp-json\/wp\/v2\/pages\/260"}],"wp:featuredmedia":[{"embeddable":true,"href":"https:\/\/idecesos.com\/seguros\/wp-json\/wp\/v2\/media\/17353"}],"wp:attachment":[{"href":"https:\/\/idecesos.com\/seguros\/wp-json\/wp\/v2\/media?parent=17352"}],"curies":[{"name":"wp","href":"https:\/\/api.w.org\/{rel}","templated":true}]}}