{"id":17354,"date":"2021-12-15T16:02:55","date_gmt":"2021-12-15T16:02:55","guid":{"rendered":"https:\/\/idecesos.com\/seguros\/companias\/banco-mediolanum\/precio\/"},"modified":"2022-03-10T10:07:57","modified_gmt":"2022-03-10T10:07:57","slug":"precio","status":"publish","type":"page","link":"https:\/\/idecesos.com\/seguros\/companias\/banco-mediolanum\/precio\/","title":{"rendered":"\u00bfCu\u00e1nto cuesta el seguro de decesos Banco Mediolanum?"},"content":{"rendered":"<div id=\"ez-toc-container\" class=\"ez-toc-v2_0_82_2 ez-toc-wrap-center counter-hierarchy ez-toc-counter ez-toc-custom ez-toc-container-direction\">\n<div class=\"ez-toc-title-container\">\n<p class=\"ez-toc-title\" style=\"cursor:inherit\">Tabla de Contenido<\/p>\n<span class=\"ez-toc-title-toggle\"><a href=\"#\" class=\"ez-toc-pull-right ez-toc-btn ez-toc-btn-xs ez-toc-btn-default ez-toc-toggle\" aria-label=\"Alternar tabla de contenidos\"><span class=\"ez-toc-js-icon-con\"><span class=\"\"><span class=\"eztoc-hide\" style=\"display:none;\">Toggle<\/span><span class=\"ez-toc-icon-toggle-span\"><svg style=\"fill: #db6415;color:#db6415\" xmlns=\"http:\/\/www.w3.org\/2000\/svg\" class=\"list-377408\" width=\"20px\" height=\"20px\" viewBox=\"0 0 24 24\" fill=\"none\"><path d=\"M6 6H4v2h2V6zm14 0H8v2h12V6zM4 11h2v2H4v-2zm16 0H8v2h12v-2zM4 16h2v2H4v-2zm16 0H8v2h12v-2z\" fill=\"currentColor\"><\/path><\/svg><svg style=\"fill: #db6415;color:#db6415\" class=\"arrow-unsorted-368013\" xmlns=\"http:\/\/www.w3.org\/2000\/svg\" width=\"10px\" height=\"10px\" viewBox=\"0 0 24 24\" version=\"1.2\" baseProfile=\"tiny\"><path d=\"M18.2 9.3l-6.2-6.3-6.2 6.3c-.2.2-.3.4-.3.7s.1.5.3.7c.2.2.4.3.7.3h11c.3 0 .5-.1.7-.3.2-.2.3-.5.3-.7s-.1-.5-.3-.7zM5.8 14.7l6.2 6.3 6.2-6.3c.2-.2.3-.5.3-.7s-.1-.5-.3-.7c-.2-.2-.4-.3-.7-.3h-11c-.3 0-.5.1-.7.3-.2.2-.3.5-.3.7s.1.5.3.7z\"\/><\/svg><\/span><\/span><\/span><\/a><\/span><\/div>\n<nav><ul class='ez-toc-list ez-toc-list-level-1 ' ><li class='ez-toc-page-1 ez-toc-heading-level-2'><a class=\"ez-toc-link ez-toc-heading-1\" href=\"https:\/\/idecesos.com\/seguros\/companias\/banco-mediolanum\/precio\/#Calcular_precio_seguro_de_decesos_Banco_Mediolanum\" >Calcular precio seguro de decesos Banco Mediolanum<\/a><\/li><li class='ez-toc-page-1 ez-toc-heading-level-2'><a class=\"ez-toc-link ez-toc-heading-2\" href=\"https:\/\/idecesos.com\/seguros\/companias\/banco-mediolanum\/precio\/#Tabla_comparativa_de_precios_Banco_Mediolanum\" >Tabla comparativa de precios Banco Mediolanum<\/a><ul class='ez-toc-list-level-3' ><li class='ez-toc-heading-level-3'><a class=\"ez-toc-link ez-toc-heading-3\" href=\"https:\/\/idecesos.com\/seguros\/companias\/banco-mediolanum\/precio\/#%C2%BFCual_es_la_mejor_tarifa_de_seguros_de_Banco_Mediolanum\" >\u00bfCu\u00e1l es la mejor tarifa de seguros de Banco Mediolanum ?<\/a><\/li><li class='ez-toc-page-1 ez-toc-heading-level-3'><a class=\"ez-toc-link ez-toc-heading-4\" href=\"https:\/\/idecesos.com\/seguros\/companias\/banco-mediolanum\/precio\/#%C2%BFPuede_aumentar_precio_mensual_de_los_seguros_de_Banco_Mediolanum\" >\u00bfPuede aumentar precio mensual de los seguros de Banco Mediolanum ?<\/a><\/li><li class='ez-toc-page-1 ez-toc-heading-level-3'><a class=\"ez-toc-link ez-toc-heading-5\" href=\"https:\/\/idecesos.com\/seguros\/companias\/banco-mediolanum\/precio\/#%C2%BFEl_precio_de_seguros_de_decesos_Banco_Mediolanum_sube_con_la_edad\" >\u00bfEl precio de seguros de decesos Banco Mediolanum sube con la edad?<\/a><\/li><li class='ez-toc-page-1 ez-toc-heading-level-3'><a class=\"ez-toc-link ez-toc-heading-6\" href=\"https:\/\/idecesos.com\/seguros\/companias\/banco-mediolanum\/precio\/#Paginas_relacionadas\" >P\u00e1ginas relacionadas<\/a><\/li><\/ul><\/li><\/ul><\/nav><\/div>\n<p><br \/>\nGracias a el trabajo de iDecesos le facilitamos su busca en el gran campo de los seguros de decesos donde existen una gama extensa de compa\u00f1\u00edas de seguros, coberturas y precios. Es necesario antes de decidir por qu\u00e9 raz\u00f3n producto o compa\u00f1\u00eda escoger, estar informado de las distintas tarifas que ofrecen para estar seguro que has escogido lo que precisabas. Ahora, le vamos a mostrar cada uno de los precios y las distintas modalidades de primas que existen en el seguro de decesos de Banco Mediolanum a fin de que pueda solucionar todas sus dudas y pueda elegir la mejor cobertura y prima que mejor se amolde a sus necesidades.<\/p>\n<div class=\"colorf\"><div class=\"container clearfix\"><div class=\"col-md-7\">\n<h2><span class=\"ez-toc-section\" id=\"Calcular_precio_seguro_de_decesos_Banco_Mediolanum\"><\/span>Calcular precio seguro de decesos Banco Mediolanum<span class=\"ez-toc-section-end\"><\/span><\/h2>\n<p>Nuestros servicios es el, m\u00e1s veloz y f\u00e1cil de utilizar en Internet para calcular su seguro de decesos. Simplemente debes cumplimentar unos datos b\u00e1sicos muy simples de rellenar que precisamos para poderte hacer un rastreo entre las mejores ofertas de las tarifas con mayor descuento entra las compa\u00f1\u00edas aseguradoras m\u00e1s soluciones de Espa\u00f1a. Banco Mediolanum la conforman los profesionales m\u00e1s capacitados para poder ofrecerte un servicio de alto valor a\u00f1adido cuando se genere el deceso de uno de nuestros asegurados y con los m\u00e1s altos est\u00e1ndares de calidad de asistencia. Adem\u00e1s,Banco Mediolanum cuenta con toda la confianza y fiabilidad que sus clientes le dan por su esplendidez y honestidad, \u00bfQu\u00e9 es lo que ofrecemos? Somos la mejor opci\u00f3n para quienes se preocupan por la seguridad de sus seres queridos y dejar todo previsto, puesto que como compa\u00f1\u00eda aseguradora hemos llevado nuestros servicios y precios ce\u00f1idos a niveles \u00fanicos.<br \/>\n<\/div><\/div><\/div><\/p>\n<h2><span class=\"ez-toc-section\" id=\"Tabla_comparativa_de_precios_Banco_Mediolanum\"><\/span>Tabla comparativa de precios Banco Mediolanum<span class=\"ez-toc-section-end\"><\/span><\/h2>\n<p><div class=\"cabecera_tabla_precio\"><table class=\"table table-striped\"><thead><tr><th class=\"nosepara centrado\">Tipo<\/th><th class=\"nosepara centrado nojustificado\">Precio Desde<\/th><th class=\"nosepara dcha\"><\/th><\/tr><\/thead><tbody><tr class=\"fila_tabla_precio\"><td class=\"nosepara izq\">Precio Seguro Decesos Banco Mediolanum<\/td><td class=\"nosepara centro\">1,51 \u20ac\/mes<\/td><td class=\"nosepara derecha\">\t\t\t\t\t\n\t\t\t\t\t\t<span class=\"\" style=\"cursor:pointer\" data-bs-toggle=\"modal\" data-bs-target=\"#comparadorModal\">Calcular<\/span>\t\t\t\t\n\t\t\t\t\t\n\t\t\t\t<\/td><\/tr><\/div><tr class=\"fila_tabla_precio\"><td class=\"nosepara izq\">Precio Prima \u00danica Banco Mediolanum<\/td><td class=\"nosepara centro\">2365 \u20ac<\/td><td class=\"nosepara derecha\">\t\t\t\t\t\n\t\t\t\t\t\t<span class=\"\" style=\"cursor:pointer\" data-bs-toggle=\"modal\" data-bs-target=\"#comparadorModal\">Calcular<\/span>\t\t\t\t\n\t\t\t\t\t\n\t\t\t\t<\/td><\/tr><\/div><tr class=\"fila_tabla_precio\"><td class=\"nosepara izq\">Precio Prima Natural Banco Mediolanum<\/td><td class=\"nosepara centro\">1,39 \u20ac\/mes<\/td><td class=\"nosepara derecha\">\t\t\t\t\t\n\t\t\t\t\t\t<span class=\"\" style=\"cursor:pointer\" data-bs-toggle=\"modal\" data-bs-target=\"#comparadorModal\">Calcular<\/span>\t\t\t\t\n\t\t\t\t\t\n\t\t\t\t<\/td><\/tr><\/div><tr class=\"fila_tabla_precio\"><td class=\"nosepara izq\">Precio Prima Nivelada Banco Mediolanum<\/td><td class=\"nosepara centro\">1,77 \u20ac\/mes<\/td><td class=\"nosepara derecha\">\t\t\t\t\t\n\t\t\t\t\t\t<span class=\"\" style=\"cursor:pointer\" data-bs-toggle=\"modal\" data-bs-target=\"#comparadorModal\">Calcular<\/span>\t\t\t\t\n\t\t\t\t\t\n\t\t\t\t<\/td><\/tr><\/div><tr class=\"fila_tabla_precio\"><td class=\"nosepara izq\">Precio Prima Mixta Banco Mediolanum<\/td><td class=\"nosepara centro\">1,31 \u20ac\/mes<\/td><td class=\"nosepara derecha\">\t\t\t\t\t\n\t\t\t\t\t\t<span class=\"\" style=\"cursor:pointer\" data-bs-toggle=\"modal\" data-bs-target=\"#comparadorModal\">Calcular<\/span>\t\t\t\t\n\t\t\t\t\t\n\t\t\t\t<\/td><\/tr><\/div><tr class=\"fila_tabla_precio\"><td class=\"nosepara izq\">Precio Prima Seminatural Banco Mediolanum<\/td><td class=\"nosepara centro\">1,39 \u20ac\/mes<\/td><td class=\"nosepara derecha\">\t\t\t\t\t\n\t\t\t\t\t\t<span class=\"\" style=\"cursor:pointer\" data-bs-toggle=\"modal\" data-bs-target=\"#comparadorModal\">Calcular<\/span>\t\t\t\t\n\t\t\t\t\t\n\t\t\t\t<\/td><\/tr><\/div><tr class=\"fila_tabla_precio\"><td class=\"nosepara izq\">Precio con Repatriaci\u00f3n Banco Mediolanum<\/td><td class=\"nosepara centro\">0,83 \u20ac a la cuota<\/td><td class=\"nosepara derecha\">\t\t\t\t\t\n\t\t\t\t\t\t<span class=\"\" style=\"cursor:pointer\" data-bs-toggle=\"modal\" data-bs-target=\"#comparadorModal\">Calcular<\/span>\t\t\t\t\n\t\t\t\t\t\n\t\t\t\t<\/td><\/tr><\/div><tr class=\"fila_tabla_precio\"><td class=\"nosepara izq\">Precio Seguro Defunci\u00f3n Banco Mediolanum<\/td><td class=\"nosepara centro\">1,40 \u20ac\/mes<\/td><td class=\"nosepara derecha\">\t\t\t\t\t\n\t\t\t\t\t\t<span class=\"\" style=\"cursor:pointer\" data-bs-toggle=\"modal\" data-bs-target=\"#comparadorModal\">Calcular<\/span>\t\t\t\t\n\t\t\t\t\t\n\t\t\t\t<\/td><\/tr><\/div><tr class=\"fila_tabla_precio\"><td class=\"nosepara izq\">Precio Seguro Fallecimiento Banco Mediolanum<\/td><td class=\"nosepara centro\">1,63 \u20ac\/mes<\/td><td class=\"nosepara derecha\">\t\t\t\t\t\n\t\t\t\t\t\t<span class=\"\" style=\"cursor:pointer\" data-bs-toggle=\"modal\" data-bs-target=\"#comparadorModal\">Calcular<\/span>\t\t\t\t\n\t\t\t\t\t\n\t\t\t\t<\/td><\/tr><\/div><tr class=\"fila_tabla_precio\"><td class=\"nosepara izq\">Precio Seguro Muertos Banco Mediolanum<\/td><td class=\"nosepara centro\">1,43 \u20ac\/mes<\/td><td class=\"nosepara derecha\">\t\t\t\t\t\n\t\t\t\t\t\t<span class=\"\" style=\"cursor:pointer\" data-bs-toggle=\"modal\" data-bs-target=\"#comparadorModal\">Calcular<\/span>\t\t\t\t\n\t\t\t\t\t\n\t\t\t\t<\/td><\/tr><\/div><tr class=\"fila_tabla_precio\"><td class=\"nosepara izq\">Precio Asistencia Familiar Banco Mediolanum<\/td><td class=\"nosepara centro\">1,56 \u20ac\/mes<\/td><td class=\"nosepara derecha\">\t\t\t\t\t\n\t\t\t\t\t\t<span class=\"\" style=\"cursor:pointer\" data-bs-toggle=\"modal\" data-bs-target=\"#comparadorModal\">Calcular<\/span>\t\t\t\t\n\t\t\t\t\t\n\t\t\t\t<\/td><\/tr><\/div><\/tbody><\/table><\/div><\/p>\n<p>Deseamos facilitarte este proceso que algunas veces acostumbra a ser un poco complicado, ahora podr\u00e1s ver detalladamente el precio estimado cada uno de las siguientes p\u00f3lizas que cuenta Banco Mediolanum. No solo asegura el cubrimiento del sepelio, Banco Mediolanum cuenta con una extensa gamas de coberturas auxiliares que te van a ayudar a pasar ese duro momento que es la p\u00e9rdida de un familiar. Con esto no solo aseguramos tu calma y ayudas a tus familiares a hacer en frente de gastos de tu sepelio. Este tipo de p\u00f3liza es un seguro a fin de que su familia pueda estar apacible en el instante que ocurra cualquier cosa ya que nuestros agentes especialistas se encargar\u00e1 de todo. Banco Mediolanum tu empresa aseguradora de confianza a fin de que de vida puedas gozar de todos las coberturas que contiene tu seguro, con unas calidades inmejorables.<br \/>\n<div class=\"colorf\"><div class=\"container clearfix\"><div class=\"col-md-7\"><\/p>\n<h3><span class=\"ez-toc-section\" id=\"%C2%BFCual_es_la_mejor_tarifa_de_seguros_de_Banco_Mediolanum\"><\/span>\u00bfCu\u00e1l es la mejor tarifa de seguros de Banco Mediolanum ?<span class=\"ez-toc-section-end\"><\/span><\/h3>\n<p>No busque m\u00e1s, con la oferta de Banco Mediolanum obtendr\u00e1 todo lo que busca. Las distintas seguros de decesos tienen un sinf\u00edn de garant\u00edas auxiliares que le dan una alta usabilidad a las p\u00f3lizas y un alto valor a\u00f1adido para los clientes, es una clara ventaja competitiva con respecto a otros que se ofertan en el mercado asegurador con precios y coberturas obsoletas. Nosotros, iDecesos vamos a buscar por ti, entre las mejores ofertas y descuentos del mercado de seguros en Espa\u00f1a y te asesoraremos para que aciertes con la opci\u00f3n que elijas.<br \/>\n<\/div><\/div><\/div><\/p>\n<h3><span class=\"ez-toc-section\" id=\"%C2%BFPuede_aumentar_precio_mensual_de_los_seguros_de_Banco_Mediolanum\"><\/span>\u00bfPuede aumentar precio mensual de los seguros de Banco Mediolanum ?<span class=\"ez-toc-section-end\"><\/span><\/h3>\n<p>Banco Mediolanum te ofrece su seguro de decesos para que no tengas que preocuparte por nada. No se preocupe si el precio de su p\u00f3liza aumenta. Todo quedar\u00e1 reflejado en el contrato del asegurado a fin de que sea siendo consciente de ello. Que suba el precio de su p\u00f3liza no es habitual pero si Banco Mediolanum lo hace no se ver\u00e1 obligada a informarle. Puedes estar apacible, Banco Mediolanum cuenta con unas cl\u00e1usulas muy espec\u00edficas a fin de que no tengas ning\u00fan g\u00e9nero de problema en el futuro.<br \/>\n<div class=\"colorf\"><div class=\"container clearfix\"><div class=\"col-md-7\"><\/p>\n<h3><span class=\"ez-toc-section\" id=\"%C2%BFEl_precio_de_seguros_de_decesos_Banco_Mediolanum_sube_con_la_edad\"><\/span>\u00bfEl precio de seguros de decesos Banco Mediolanum sube con la edad?<span class=\"ez-toc-section-end\"><\/span><\/h3>\n<p>No te preocupes, Banco Mediolanum no subir\u00e1 las tarifas por la edad del asegurado. Es cierto que en algunas ocasiones esto s\u00ed puede acontecer en determinadas p\u00f3lizas pero debe de estar apacible porque por norma general esto no sucede. Por que en el primer momento de hacer una p\u00f3liza la primera cosa que se hace es en referencia a la edad de la persona a la que va destinada. Las diferentes modalidades de prima con las que cuenta Banco Mediolanum son prima nivelada, prima natural, mixta, semi natural y \u00fanica. Contratar un seguro de decesos no tiene una edad limitada con lo que las coberturas que da la empresa aseguradora son m\u00e1s valoradas por sus clientes del servicio. Deja de darle vueltas, es el instante de contratar tu seguro de decesos con Banco Mediolanum.<br \/>\n<\/div><\/div><\/div><\/p>\n<h3><span class=\"ez-toc-section\" id=\"Paginas_relacionadas\"><\/span>P\u00e1ginas relacionadas<span class=\"ez-toc-section-end\"><\/span><\/h3><div class=\"enlazado\"><ul> <li><a href=\"https:\/\/idecesos.com\/seguros\/companias\/banco-mediolanum\/opiniones\/\">Opiniones Banco Mediolanum<\/a><\/li> <li><a href=\"https:\/\/idecesos.com\/seguros\/companias\/banco-mediolanum\/precio\/\">Precio seguro Banco Mediolanum<\/a><\/li> <li><a href=\"https:\/\/idecesos.com\/seguros\/companias\/banco-mediolanum\/prima-mixta\/\">Banco Mediolanum Prima Mixta<\/a><\/li> <li><a href=\"https:\/\/idecesos.com\/seguros\/companias\/banco-mediolanum\/prima-natural\/\">Banco Mediolanum Prima Natural<\/a><\/li> <li><a href=\"https:\/\/idecesos.com\/seguros\/companias\/banco-mediolanum\/prima-nivelada\/\">Banco Mediolanum Prima Nivelada<\/a><\/li> <li><a href=\"https:\/\/idecesos.com\/seguros\/companias\/banco-mediolanum\/prima-unica\/\">Banco Mediolanum Prima \u00danica<\/a><\/li> <li><a href=\"https:\/\/idecesos.com\/seguros\/companias\/banco-mediolanum\/repatriacion\/\">Banco Mediolanum Repatriaci\u00f3n<\/a><\/li> <li><a href=\"https:\/\/idecesos.com\/seguros\/companias\/banco-mediolanum\/telefono\/\">Tel\u00e9fono Gratuito Banco Mediolanum<\/a><\/li><\/ul><\/div>\n","protected":false},"excerpt":{"rendered":"<p>Gracias a el trabajo de iDecesos le facilitamos su busca en el gran campo de los seguros de decesos donde existen una gama extensa de compa\u00f1\u00edas de seguros, coberturas y precios. Es necesario antes de decidir por qu\u00e9 raz\u00f3n producto o compa\u00f1\u00eda escoger, estar informado de las distintas tarifas que ofrecen para estar seguro que&hellip; <\/p>\n","protected":false},"author":1,"featured_media":17355,"parent":292,"menu_order":0,"comment_status":"closed","ping_status":"closed","template":"single.php","meta":{"footnotes":""},"class_list":["post-17354","page","type-page","status-publish","has-post-thumbnail","hentry"],"yoast_head":"<!-- This site is optimized with the Yoast SEO plugin v27.3 - https:\/\/yoast.com\/product\/yoast-seo-wordpress\/ -->\n<title>Precio Seguro Decesos Banco Mediolanum \u25b7DTO 25% I Oferta 2026<\/title>\n<meta name=\"description\" content=\"Calcular aqu\u00ed\u3010precio seguro de decesos Banco Mediolanum\u3011Tarifas, oferta y descuento de seguro defunci\u00f3n Banco Mediolanum 2026 \u2611\ufe0fiDecesos\u00ae N\u00ba1 en ahorro\" \/>\n<meta name=\"robots\" content=\"index, follow, max-snippet:-1, max-image-preview:large, max-video-preview:-1\" \/>\n<link rel=\"canonical\" href=\"https:\/\/idecesos.com\/seguros\/companias\/banco-mediolanum\/precio\/\" \/>\n<meta property=\"og:locale\" content=\"es_ES\" \/>\n<meta property=\"og:type\" content=\"article\" \/>\n<meta property=\"og:title\" content=\"Precio Seguro Decesos Banco Mediolanum \u25b7DTO 25% I Oferta 2026\" \/>\n<meta property=\"og:description\" content=\"Calcular aqu\u00ed\u3010precio seguro de decesos Banco Mediolanum\u3011Tarifas, oferta y descuento de seguro defunci\u00f3n Banco Mediolanum 2026 \u2611\ufe0fiDecesos\u00ae N\u00ba1 en ahorro\" \/>\n<meta property=\"og:url\" content=\"https:\/\/idecesos.com\/seguros\/companias\/banco-mediolanum\/precio\/\" \/>\n<meta property=\"article:modified_time\" content=\"2022-03-10T10:07:57+00:00\" \/>\n<meta property=\"og:image\" content=\"https:\/\/idecesos.com\/seguros\/wp-content\/uploads\/2021\/12\/precio-2.jpg-19.jpeg\" \/>\n\t<meta property=\"og:image:width\" content=\"1500\" \/>\n\t<meta property=\"og:image:height\" content=\"559\" \/>\n\t<meta property=\"og:image:type\" content=\"image\/jpeg\" \/>\n<meta name=\"twitter:card\" content=\"summary_large_image\" \/>\n<meta name=\"twitter:label1\" content=\"Tiempo de lectura\" \/>\n\t<meta name=\"twitter:data1\" content=\"4 minutos\" \/>\n<script type=\"application\/ld+json\" class=\"yoast-schema-graph\">{\"@context\":\"https:\\\/\\\/schema.org\",\"@graph\":[{\"@type\":\"WebPage\",\"@id\":\"https:\\\/\\\/idecesos.com\\\/seguros\\\/companias\\\/banco-mediolanum\\\/precio\\\/\",\"url\":\"https:\\\/\\\/idecesos.com\\\/seguros\\\/companias\\\/banco-mediolanum\\\/precio\\\/\",\"name\":\"Precio Seguro Decesos Banco Mediolanum \u25b7DTO 25% I Oferta 2026\",\"isPartOf\":{\"@id\":\"https:\\\/\\\/idecesos.com\\\/seguros\\\/#website\"},\"primaryImageOfPage\":{\"@id\":\"https:\\\/\\\/idecesos.com\\\/seguros\\\/companias\\\/banco-mediolanum\\\/precio\\\/#primaryimage\"},\"image\":{\"@id\":\"https:\\\/\\\/idecesos.com\\\/seguros\\\/companias\\\/banco-mediolanum\\\/precio\\\/#primaryimage\"},\"thumbnailUrl\":\"https:\\\/\\\/idecesos.com\\\/seguros\\\/wp-content\\\/uploads\\\/2021\\\/12\\\/precio-2.jpg-19.jpeg\",\"datePublished\":\"2021-12-15T16:02:55+00:00\",\"dateModified\":\"2022-03-10T10:07:57+00:00\",\"description\":\"Calcular aqu\u00ed\u3010precio seguro de decesos Banco Mediolanum\u3011Tarifas, oferta y descuento de seguro defunci\u00f3n Banco Mediolanum 2026 \u2611\ufe0fiDecesos\u00ae N\u00ba1 en ahorro\",\"breadcrumb\":{\"@id\":\"https:\\\/\\\/idecesos.com\\\/seguros\\\/companias\\\/banco-mediolanum\\\/precio\\\/#breadcrumb\"},\"inLanguage\":\"es\",\"potentialAction\":[{\"@type\":\"ReadAction\",\"target\":[\"https:\\\/\\\/idecesos.com\\\/seguros\\\/companias\\\/banco-mediolanum\\\/precio\\\/\"]}]},{\"@type\":\"ImageObject\",\"inLanguage\":\"es\",\"@id\":\"https:\\\/\\\/idecesos.com\\\/seguros\\\/companias\\\/banco-mediolanum\\\/precio\\\/#primaryimage\",\"url\":\"https:\\\/\\\/idecesos.com\\\/seguros\\\/wp-content\\\/uploads\\\/2021\\\/12\\\/precio-2.jpg-19.jpeg\",\"contentUrl\":\"https:\\\/\\\/idecesos.com\\\/seguros\\\/wp-content\\\/uploads\\\/2021\\\/12\\\/precio-2.jpg-19.jpeg\",\"width\":1500,\"height\":559,\"caption\":\"Precio Banco Mediolanum\"},{\"@type\":\"BreadcrumbList\",\"@id\":\"https:\\\/\\\/idecesos.com\\\/seguros\\\/companias\\\/banco-mediolanum\\\/precio\\\/#breadcrumb\",\"itemListElement\":[{\"@type\":\"ListItem\",\"position\":1,\"name\":\"Portada\",\"item\":\"https:\\\/\\\/idecesos.com\\\/seguros\\\/\"},{\"@type\":\"ListItem\",\"position\":2,\"name\":\"Compa\u00f1\u00edas de Seguros de Decesos en Espa\u00f1a\",\"item\":\"https:\\\/\\\/idecesos.com\\\/seguros\\\/companias\\\/\"},{\"@type\":\"ListItem\",\"position\":3,\"name\":\"Seguro de decesos Banco Mediolanum\",\"item\":\"https:\\\/\\\/idecesos.com\\\/seguros\\\/companias\\\/banco-mediolanum\\\/\"},{\"@type\":\"ListItem\",\"position\":4,\"name\":\"\u00bfCu\u00e1nto cuesta el seguro de decesos Banco Mediolanum?\"}]},{\"@type\":\"WebSite\",\"@id\":\"https:\\\/\\\/idecesos.com\\\/seguros\\\/#website\",\"url\":\"https:\\\/\\\/idecesos.com\\\/seguros\\\/\",\"name\":\"\",\"description\":\"\",\"potentialAction\":[{\"@type\":\"SearchAction\",\"target\":{\"@type\":\"EntryPoint\",\"urlTemplate\":\"https:\\\/\\\/idecesos.com\\\/seguros\\\/?s={search_term_string}\"},\"query-input\":{\"@type\":\"PropertyValueSpecification\",\"valueRequired\":true,\"valueName\":\"search_term_string\"}}],\"inLanguage\":\"es\"}]}<\/script>\n<!-- \/ Yoast SEO plugin. -->","yoast_head_json":{"title":"Precio Seguro Decesos Banco Mediolanum \u25b7DTO 25% I Oferta 2026","description":"Calcular aqu\u00ed\u3010precio seguro de decesos Banco Mediolanum\u3011Tarifas, oferta y descuento de seguro defunci\u00f3n Banco Mediolanum 2026 \u2611\ufe0fiDecesos\u00ae N\u00ba1 en ahorro","robots":{"index":"index","follow":"follow","max-snippet":"max-snippet:-1","max-image-preview":"max-image-preview:large","max-video-preview":"max-video-preview:-1"},"canonical":"https:\/\/idecesos.com\/seguros\/companias\/banco-mediolanum\/precio\/","og_locale":"es_ES","og_type":"article","og_title":"Precio Seguro Decesos Banco Mediolanum \u25b7DTO 25% I Oferta 2026","og_description":"Calcular aqu\u00ed\u3010precio seguro de decesos Banco Mediolanum\u3011Tarifas, oferta y descuento de seguro defunci\u00f3n Banco Mediolanum 2026 \u2611\ufe0fiDecesos\u00ae N\u00ba1 en ahorro","og_url":"https:\/\/idecesos.com\/seguros\/companias\/banco-mediolanum\/precio\/","article_modified_time":"2022-03-10T10:07:57+00:00","og_image":[{"width":1500,"height":559,"url":"https:\/\/idecesos.com\/seguros\/wp-content\/uploads\/2021\/12\/precio-2.jpg-19.jpeg","type":"image\/jpeg"}],"twitter_card":"summary_large_image","twitter_misc":{"Tiempo de lectura":"4 minutos"},"schema":{"@context":"https:\/\/schema.org","@graph":[{"@type":"WebPage","@id":"https:\/\/idecesos.com\/seguros\/companias\/banco-mediolanum\/precio\/","url":"https:\/\/idecesos.com\/seguros\/companias\/banco-mediolanum\/precio\/","name":"Precio Seguro Decesos Banco Mediolanum \u25b7DTO 25% I Oferta 2026","isPartOf":{"@id":"https:\/\/idecesos.com\/seguros\/#website"},"primaryImageOfPage":{"@id":"https:\/\/idecesos.com\/seguros\/companias\/banco-mediolanum\/precio\/#primaryimage"},"image":{"@id":"https:\/\/idecesos.com\/seguros\/companias\/banco-mediolanum\/precio\/#primaryimage"},"thumbnailUrl":"https:\/\/idecesos.com\/seguros\/wp-content\/uploads\/2021\/12\/precio-2.jpg-19.jpeg","datePublished":"2021-12-15T16:02:55+00:00","dateModified":"2022-03-10T10:07:57+00:00","description":"Calcular aqu\u00ed\u3010precio seguro de decesos Banco Mediolanum\u3011Tarifas, oferta y descuento de seguro defunci\u00f3n Banco Mediolanum 2026 \u2611\ufe0fiDecesos\u00ae N\u00ba1 en ahorro","breadcrumb":{"@id":"https:\/\/idecesos.com\/seguros\/companias\/banco-mediolanum\/precio\/#breadcrumb"},"inLanguage":"es","potentialAction":[{"@type":"ReadAction","target":["https:\/\/idecesos.com\/seguros\/companias\/banco-mediolanum\/precio\/"]}]},{"@type":"ImageObject","inLanguage":"es","@id":"https:\/\/idecesos.com\/seguros\/companias\/banco-mediolanum\/precio\/#primaryimage","url":"https:\/\/idecesos.com\/seguros\/wp-content\/uploads\/2021\/12\/precio-2.jpg-19.jpeg","contentUrl":"https:\/\/idecesos.com\/seguros\/wp-content\/uploads\/2021\/12\/precio-2.jpg-19.jpeg","width":1500,"height":559,"caption":"Precio Banco Mediolanum"},{"@type":"BreadcrumbList","@id":"https:\/\/idecesos.com\/seguros\/companias\/banco-mediolanum\/precio\/#breadcrumb","itemListElement":[{"@type":"ListItem","position":1,"name":"Portada","item":"https:\/\/idecesos.com\/seguros\/"},{"@type":"ListItem","position":2,"name":"Compa\u00f1\u00edas de Seguros de Decesos en Espa\u00f1a","item":"https:\/\/idecesos.com\/seguros\/companias\/"},{"@type":"ListItem","position":3,"name":"Seguro de decesos Banco Mediolanum","item":"https:\/\/idecesos.com\/seguros\/companias\/banco-mediolanum\/"},{"@type":"ListItem","position":4,"name":"\u00bfCu\u00e1nto cuesta el seguro de decesos Banco Mediolanum?"}]},{"@type":"WebSite","@id":"https:\/\/idecesos.com\/seguros\/#website","url":"https:\/\/idecesos.com\/seguros\/","name":"","description":"","potentialAction":[{"@type":"SearchAction","target":{"@type":"EntryPoint","urlTemplate":"https:\/\/idecesos.com\/seguros\/?s={search_term_string}"},"query-input":{"@type":"PropertyValueSpecification","valueRequired":true,"valueName":"search_term_string"}}],"inLanguage":"es"}]}},"_links":{"self":[{"href":"https:\/\/idecesos.com\/seguros\/wp-json\/wp\/v2\/pages\/17354","targetHints":{"allow":["GET"]}}],"collection":[{"href":"https:\/\/idecesos.com\/seguros\/wp-json\/wp\/v2\/pages"}],"about":[{"href":"https:\/\/idecesos.com\/seguros\/wp-json\/wp\/v2\/types\/page"}],"author":[{"embeddable":true,"href":"https:\/\/idecesos.com\/seguros\/wp-json\/wp\/v2\/users\/1"}],"replies":[{"embeddable":true,"href":"https:\/\/idecesos.com\/seguros\/wp-json\/wp\/v2\/comments?post=17354"}],"version-history":[{"count":2,"href":"https:\/\/idecesos.com\/seguros\/wp-json\/wp\/v2\/pages\/17354\/revisions"}],"predecessor-version":[{"id":20048,"href":"https:\/\/idecesos.com\/seguros\/wp-json\/wp\/v2\/pages\/17354\/revisions\/20048"}],"up":[{"embeddable":true,"href":"https:\/\/idecesos.com\/seguros\/wp-json\/wp\/v2\/pages\/292"}],"wp:featuredmedia":[{"embeddable":true,"href":"https:\/\/idecesos.com\/seguros\/wp-json\/wp\/v2\/media\/17355"}],"wp:attachment":[{"href":"https:\/\/idecesos.com\/seguros\/wp-json\/wp\/v2\/media?parent=17354"}],"curies":[{"name":"wp","href":"https:\/\/api.w.org\/{rel}","templated":true}]}}