{"id":17362,"date":"2021-12-15T16:02:58","date_gmt":"2021-12-15T16:02:58","guid":{"rendered":"https:\/\/idecesos.com\/seguros\/companias\/ferrol\/precio\/"},"modified":"2022-03-10T10:59:27","modified_gmt":"2022-03-10T10:59:27","slug":"precio","status":"publish","type":"page","link":"https:\/\/idecesos.com\/seguros\/companias\/ferrol\/precio\/","title":{"rendered":"\u00bfCu\u00e1nto cuesta el seguro de decesos Ferrol?"},"content":{"rendered":"<div id=\"ez-toc-container\" class=\"ez-toc-v2_0_82_2 ez-toc-wrap-center counter-hierarchy ez-toc-counter ez-toc-custom ez-toc-container-direction\">\n<div class=\"ez-toc-title-container\">\n<p class=\"ez-toc-title\" style=\"cursor:inherit\">Tabla de Contenido<\/p>\n<span class=\"ez-toc-title-toggle\"><a href=\"#\" class=\"ez-toc-pull-right ez-toc-btn ez-toc-btn-xs ez-toc-btn-default ez-toc-toggle\" aria-label=\"Alternar tabla de contenidos\"><span class=\"ez-toc-js-icon-con\"><span class=\"\"><span class=\"eztoc-hide\" style=\"display:none;\">Toggle<\/span><span class=\"ez-toc-icon-toggle-span\"><svg style=\"fill: #db6415;color:#db6415\" xmlns=\"http:\/\/www.w3.org\/2000\/svg\" class=\"list-377408\" width=\"20px\" height=\"20px\" viewBox=\"0 0 24 24\" fill=\"none\"><path d=\"M6 6H4v2h2V6zm14 0H8v2h12V6zM4 11h2v2H4v-2zm16 0H8v2h12v-2zM4 16h2v2H4v-2zm16 0H8v2h12v-2z\" fill=\"currentColor\"><\/path><\/svg><svg style=\"fill: #db6415;color:#db6415\" class=\"arrow-unsorted-368013\" xmlns=\"http:\/\/www.w3.org\/2000\/svg\" width=\"10px\" height=\"10px\" viewBox=\"0 0 24 24\" version=\"1.2\" baseProfile=\"tiny\"><path d=\"M18.2 9.3l-6.2-6.3-6.2 6.3c-.2.2-.3.4-.3.7s.1.5.3.7c.2.2.4.3.7.3h11c.3 0 .5-.1.7-.3.2-.2.3-.5.3-.7s-.1-.5-.3-.7zM5.8 14.7l6.2 6.3 6.2-6.3c.2-.2.3-.5.3-.7s-.1-.5-.3-.7c-.2-.2-.4-.3-.7-.3h-11c-.3 0-.5.1-.7.3-.2.2-.3.5-.3.7s.1.5.3.7z\"\/><\/svg><\/span><\/span><\/span><\/a><\/span><\/div>\n<nav><ul class='ez-toc-list ez-toc-list-level-1 ' ><li class='ez-toc-page-1 ez-toc-heading-level-2'><a class=\"ez-toc-link ez-toc-heading-1\" href=\"https:\/\/idecesos.com\/seguros\/companias\/ferrol\/precio\/#Calcular_precio_seguro_de_decesos_Ferrol\" >Calcular precio seguro de decesos Ferrol<\/a><\/li><li class='ez-toc-page-1 ez-toc-heading-level-2'><a class=\"ez-toc-link ez-toc-heading-2\" href=\"https:\/\/idecesos.com\/seguros\/companias\/ferrol\/precio\/#Tabla_comparativa_de_precios_Ferrol\" >Tabla comparativa de precios Ferrol<\/a><ul class='ez-toc-list-level-3' ><li class='ez-toc-heading-level-3'><a class=\"ez-toc-link ez-toc-heading-3\" href=\"https:\/\/idecesos.com\/seguros\/companias\/ferrol\/precio\/#%C2%BFCual_es_la_mejor_tarifa_de_seguros_de_Ferrol\" >\u00bfCu\u00e1l es la mejor tarifa de seguros de Ferrol ?<\/a><\/li><li class='ez-toc-page-1 ez-toc-heading-level-3'><a class=\"ez-toc-link ez-toc-heading-4\" href=\"https:\/\/idecesos.com\/seguros\/companias\/ferrol\/precio\/#%C2%BFPuede_aumentar_precio_mensual_de_los_seguros_de_Ferrol\" >\u00bfPuede aumentar precio mensual de los seguros de Ferrol ?<\/a><\/li><li class='ez-toc-page-1 ez-toc-heading-level-3'><a class=\"ez-toc-link ez-toc-heading-5\" href=\"https:\/\/idecesos.com\/seguros\/companias\/ferrol\/precio\/#%C2%BFEl_precio_de_seguros_de_decesos_Ferrol_sube_con_la_edad\" >\u00bfEl precio de seguros de decesos Ferrol sube con la edad?<\/a><\/li><li class='ez-toc-page-1 ez-toc-heading-level-3'><a class=\"ez-toc-link ez-toc-heading-6\" href=\"https:\/\/idecesos.com\/seguros\/companias\/ferrol\/precio\/#Paginas_relacionadas\" >P\u00e1ginas relacionadas<\/a><\/li><\/ul><\/li><\/ul><\/nav><\/div>\n<p><br \/>\nEl \u00e1mbito de los seguros de decesos es muy amplio. Existen muchas aseguradoras, coberturas y precios diferentes entre los que optar. Es necesario ya antes de decidir por qu\u00e9 producto o compa\u00f1\u00eda seleccionar, estar informado de las diferentes tarifas que ofrecen. No tiene que preocuparse por nada. En iDecesos le facilitaremos cada uno de los precios y diferentes modalidades de primas a continuaci\u00f3n par que de una simple ojeada pueda saber como es m\u00e1s similar a usted y pueda seleccionar la que mejor se adapte a sus necesidades.<\/p>\n<div class=\"colorf\"><div class=\"container clearfix\"><div class=\"col-md-7\">\n<h2><span class=\"ez-toc-section\" id=\"Calcular_precio_seguro_de_decesos_Ferrol\"><\/span>Calcular precio seguro de decesos Ferrol<span class=\"ez-toc-section-end\"><\/span><\/h2>\n<p>Ferrol hace un proceso adaptado para cada uno de sus clientes de la mano de excelentes profesionales del campo de forma muy exhaustiva a fin de que se adapten sus coberturas y precios perfectamente a lo que est\u00e1s buscando para que puedas vivir apacible y sin preocupaciones. Es esencial adelantarse a lo que pueda suceder, estando prevenido. Gracias a Ferrol, podr\u00e1s calcular el precio de tu p\u00f3liza en menos de un minuto y vas a poder conocer la tarifa de su seguro de decesos. Cuentas con la herramienta m\u00e1s f\u00e1cil que puede existir hoy en iDecesos con solo rellenar los datos m\u00e1s esenciales conseguir\u00e1s tu tarifa en cuesti\u00f3n de segundos adem\u00e1s de ello podr\u00e1s visualizar todas y cada una las ventajas como el presupuesto que contiene cada una de la p\u00f3liza. Simple, \u00bfverdad?? \u00a1A qu\u00e9 est\u00e1s esperando!Adem\u00e1s de esto, este servicio es sin costo y podr\u00e1s emplearlo todas y cada una de las veces que quieras.<br \/>\n<\/div><\/div><\/div><\/p>\n<h2><span class=\"ez-toc-section\" id=\"Tabla_comparativa_de_precios_Ferrol\"><\/span>Tabla comparativa de precios Ferrol<span class=\"ez-toc-section-end\"><\/span><\/h2>\n<p><div class=\"cabecera_tabla_precio\"><table class=\"table table-striped\"><thead><tr><th class=\"nosepara centrado\">Tipo<\/th><th class=\"nosepara centrado nojustificado\">Precio Desde<\/th><th class=\"nosepara dcha\"><\/th><\/tr><\/thead><tbody><tr class=\"fila_tabla_precio\"><td class=\"nosepara izq\">Precio Seguro Decesos Ferrol<\/td><td class=\"nosepara centro\">1,41 \u20ac\/mes<\/td><td class=\"nosepara derecha\">\t\t\t\t\t\n\t\t\t\t\t\t<span class=\"\" style=\"cursor:pointer\" data-bs-toggle=\"modal\" data-bs-target=\"#comparadorModal\">Calcular<\/span>\t\t\t\t\n\t\t\t\t\t\n\t\t\t\t<\/td><\/tr><\/div><tr class=\"fila_tabla_precio\"><td class=\"nosepara izq\">Precio Prima \u00danica Ferrol<\/td><td class=\"nosepara centro\">2335 \u20ac<\/td><td class=\"nosepara derecha\">\t\t\t\t\t\n\t\t\t\t\t\t<span class=\"\" style=\"cursor:pointer\" data-bs-toggle=\"modal\" data-bs-target=\"#comparadorModal\">Calcular<\/span>\t\t\t\t\n\t\t\t\t\t\n\t\t\t\t<\/td><\/tr><\/div><tr class=\"fila_tabla_precio\"><td class=\"nosepara izq\">Precio Prima Natural Ferrol<\/td><td class=\"nosepara centro\">1,18 \u20ac\/mes<\/td><td class=\"nosepara derecha\">\t\t\t\t\t\n\t\t\t\t\t\t<span class=\"\" style=\"cursor:pointer\" data-bs-toggle=\"modal\" data-bs-target=\"#comparadorModal\">Calcular<\/span>\t\t\t\t\n\t\t\t\t\t\n\t\t\t\t<\/td><\/tr><\/div><tr class=\"fila_tabla_precio\"><td class=\"nosepara izq\">Precio Prima Nivelada Ferrol<\/td><td class=\"nosepara centro\">1,77 \u20ac\/mes<\/td><td class=\"nosepara derecha\">\t\t\t\t\t\n\t\t\t\t\t\t<span class=\"\" style=\"cursor:pointer\" data-bs-toggle=\"modal\" data-bs-target=\"#comparadorModal\">Calcular<\/span>\t\t\t\t\n\t\t\t\t\t\n\t\t\t\t<\/td><\/tr><\/div><tr class=\"fila_tabla_precio\"><td class=\"nosepara izq\">Precio Prima Mixta Ferrol<\/td><td class=\"nosepara centro\">1,39 \u20ac\/mes<\/td><td class=\"nosepara derecha\">\t\t\t\t\t\n\t\t\t\t\t\t<span class=\"\" style=\"cursor:pointer\" data-bs-toggle=\"modal\" data-bs-target=\"#comparadorModal\">Calcular<\/span>\t\t\t\t\n\t\t\t\t\t\n\t\t\t\t<\/td><\/tr><\/div><tr class=\"fila_tabla_precio\"><td class=\"nosepara izq\">Precio Prima Seminatural Ferrol<\/td><td class=\"nosepara centro\">1,34 \u20ac\/mes<\/td><td class=\"nosepara derecha\">\t\t\t\t\t\n\t\t\t\t\t\t<span class=\"\" style=\"cursor:pointer\" data-bs-toggle=\"modal\" data-bs-target=\"#comparadorModal\">Calcular<\/span>\t\t\t\t\n\t\t\t\t\t\n\t\t\t\t<\/td><\/tr><\/div><tr class=\"fila_tabla_precio\"><td class=\"nosepara izq\">Precio con Repatriaci\u00f3n Ferrol<\/td><td class=\"nosepara centro\">0,81 \u20ac a la cuota<\/td><td class=\"nosepara derecha\">\t\t\t\t\t\n\t\t\t\t\t\t<span class=\"\" style=\"cursor:pointer\" data-bs-toggle=\"modal\" data-bs-target=\"#comparadorModal\">Calcular<\/span>\t\t\t\t\n\t\t\t\t\t\n\t\t\t\t<\/td><\/tr><\/div><tr class=\"fila_tabla_precio\"><td class=\"nosepara izq\">Precio Seguro Defunci\u00f3n Ferrol<\/td><td class=\"nosepara centro\">1,67 \u20ac\/mes<\/td><td class=\"nosepara derecha\">\t\t\t\t\t\n\t\t\t\t\t\t<span class=\"\" style=\"cursor:pointer\" data-bs-toggle=\"modal\" data-bs-target=\"#comparadorModal\">Calcular<\/span>\t\t\t\t\n\t\t\t\t\t\n\t\t\t\t<\/td><\/tr><\/div><tr class=\"fila_tabla_precio\"><td class=\"nosepara izq\">Precio Seguro Fallecimiento Ferrol<\/td><td class=\"nosepara centro\">1,61 \u20ac\/mes<\/td><td class=\"nosepara derecha\">\t\t\t\t\t\n\t\t\t\t\t\t<span class=\"\" style=\"cursor:pointer\" data-bs-toggle=\"modal\" data-bs-target=\"#comparadorModal\">Calcular<\/span>\t\t\t\t\n\t\t\t\t\t\n\t\t\t\t<\/td><\/tr><\/div><tr class=\"fila_tabla_precio\"><td class=\"nosepara izq\">Precio Seguro Muertos Ferrol<\/td><td class=\"nosepara centro\">1,57 \u20ac\/mes<\/td><td class=\"nosepara derecha\">\t\t\t\t\t\n\t\t\t\t\t\t<span class=\"\" style=\"cursor:pointer\" data-bs-toggle=\"modal\" data-bs-target=\"#comparadorModal\">Calcular<\/span>\t\t\t\t\n\t\t\t\t\t\n\t\t\t\t<\/td><\/tr><\/div><tr class=\"fila_tabla_precio\"><td class=\"nosepara izq\">Precio Asistencia Familiar Ferrol<\/td><td class=\"nosepara centro\">1,43 \u20ac\/mes<\/td><td class=\"nosepara derecha\">\t\t\t\t\t\n\t\t\t\t\t\t<span class=\"\" style=\"cursor:pointer\" data-bs-toggle=\"modal\" data-bs-target=\"#comparadorModal\">Calcular<\/span>\t\t\t\t\n\t\t\t\t\t\n\t\t\t\t<\/td><\/tr><\/div><\/tbody><\/table><\/div><\/p>\n<p>Ahora pasaremos a mostrarle una tabla con todas y cada una de las tarifas de las diferentes primas que brinda el seguro de decesos de Ferrol. Estas primas han sido creadas pensando en sus intereses y necesidades para que usted pueda seleccionar la que mejor se adapte a usted. Este es un panel de precios que le ofrece la Ferrol de todos y cada uno de los modelos de primas con ofertas y descuentos incluidos.<br \/>\n<div class=\"colorf\"><div class=\"container clearfix\"><div class=\"col-md-7\"><\/p>\n<h3><span class=\"ez-toc-section\" id=\"%C2%BFCual_es_la_mejor_tarifa_de_seguros_de_Ferrol\"><\/span>\u00bfCu\u00e1l es la mejor tarifa de seguros de Ferrol ?<span class=\"ez-toc-section-end\"><\/span><\/h3>\n<p>Ferrol resalta por su gran variedad de p\u00f3lizas y coberturas pudiendo amoldar las que mejor necesite y crea usted conveniente a su seguro. En Ferrol encontrar\u00e1s diferentes modalidades de seguro, que se adaptaran a la perfecci\u00f3n a tus necesidades como a tu presupuesto. Ferrol te va a ofrecer siempre sus mejores servicios y precios teniendo presente su edad. Adem\u00e1s de esto podr\u00e1 contar con numerosas ofertas o descuentos en cada uno de sus precios que le brinda. En la tabla de arriba podr\u00e1s localizar todos los detalles de los diferentes precios de cada una de las primas que le ofrecen. Te asesoramos absolutamente gratis sin dificultades.<br \/>\n<\/div><\/div><\/div><\/p>\n<h3><span class=\"ez-toc-section\" id=\"%C2%BFPuede_aumentar_precio_mensual_de_los_seguros_de_Ferrol\"><\/span>\u00bfPuede aumentar precio mensual de los seguros de Ferrol ?<span class=\"ez-toc-section-end\"><\/span><\/h3>\n<p>En Ferrol existen todas y cada una y cada uno de ellos de los modelos de primas que cubren con m\u00e1xima competitividad de tarifa indiferentemente la edad que tengan los clientes del servicio. Del cincuenta por ciento de los ciudadanos espa\u00f1oles que tienen la p\u00f3liza de seguro de decesos, un amplia mayor\u00eda gozan de un g\u00e9nero de prima nivelada debido a que no var\u00eda su precio llegada la renovaci\u00f3n anual de la p\u00f3liza, es algo m\u00e1s cara de precio debido a que temporal desde el momento de la contrataci\u00f3n todas las subidas futuras, a posteriori obtendr\u00e1s toda la informaci\u00f3n de cada uno de los tipos de primas y que van a dar servicio completo a todas las necesidades de nuestros clientes.<\/p>\n<p><strong> \u2022 Prima \u00fanica o bien pago \u00fanico:<\/strong> Es un tipo de prima que a trav\u00e9s de un s\u00f3lo pago te garantizamos el servicio l\u00fagubre completo a fin de que el asegurado pueda dejar a los familiares todo solucionado y que en el momento que deben velar el cuerpo no discutan por los costes del precio de la funeraria, ni se preocupen por buscar, ni negociar ninguno de los distribuidores de servicios del entierro completo, adem\u00e1s de esto con el seguro de prima \u00fanica se ahorran dinero y tr\u00e1mites todos y cada uno de los herederos del fallecido.<\/p>\n<p><strong>\u2022 Prima Natural:<\/strong> El pago de esta prima se actualiza cada a\u00f1o, el c\u00e1lculo del pago de estas p\u00f3lizas se calcula por los a\u00f1os que tiene usted en el momento de su contrataci\u00f3n y despu\u00e9s lo equiparan con el aumento de fallecimiento que pueda tener con el paso del tiempo, es precisamente por esto que, anualmente va subiendo su cuota.<\/p>\n<p><strong>\u2022 Prima Mixta:<\/strong> Esta prima es una mezcla de las modalidades de Prima Nivelada y Prima Natural, esta p\u00f3liza se va recalculando al igual que la prima natural, dependiendo del peligro de fallecimiento que pueda tener el asegurado dependiendo de sus a\u00f1os, pero superados los 60 a\u00f1os se incorpora una nivelaci\u00f3n de precios que quedar\u00e1 incesante de la misma manera que en la prima nivelada, en definitiva, un mix de ambas como bien su nombre indica.<\/p>\n<p>Estos g\u00e9neros de prima se pueden pagar de forma mensual, trimestral, semestral o bien anual. En iDecesos la inmensa mayor\u00eda de nuestros clientes del servicio salvo los de primas \u00fanicas como es obvio escogen la modalidad mensual mas ofrecemos todas las forma de pago libres en el momento con cada una de las empresas aseguradoras.<br \/>\n<div class=\"colorf\"><div class=\"container clearfix\"><div class=\"col-md-7\"><\/p>\n<h3><span class=\"ez-toc-section\" id=\"%C2%BFEl_precio_de_seguros_de_decesos_Ferrol_sube_con_la_edad\"><\/span>\u00bfEl precio de seguros de decesos Ferrol sube con la edad?<span class=\"ez-toc-section-end\"><\/span><\/h3>\n<p>\u00bfTiene dudas de cual elegir? No lo dude, Ferrol re\u00fane con su producto de seguro de decesos de prima \u00fanica todos y cada uno de los requisitos que usted busca, aseguradora de m\u00e1xima solvencia, coberturas que aseguren el servicio de principio a fin y precio econ\u00f3mico. Ellos se encargar\u00e1n de todos los tr\u00e1mites para que pueda estar tranquilo en uno de los instantes m\u00e1s duros que van a tener sus familiares y amigos. Adem\u00e1s, como hemos mentado en ocasiones anteriores, los seguros de decesos vienen a cubrir el servicio de sepelio completo, con sus elementos como son el veh\u00edculo f\u00fanebre, flores, tanatorio, acto religioso, ata\u00fad, cremaci\u00f3n, entierro, adecuaci\u00f3n del cad\u00e1ver, velorio, actos administrativos entre otros muchos, mas si estos debido al aumento de precios de materiales, combustible, ipc, sueldos se disparan deberemos regularizar el la prima mas no se preocupe porque usted casi no lo va a apreciar y de este modo estar\u00e1 con perfecci\u00f3n asegurado el servicio de decesos. En iDecesos le ofrecemos las m\u00e1ximas garant\u00edas de que va a hallar el seguro de decesos m\u00e1s adecuado a su perfil, mas encima sin que usted se tenga que preocupar de nada, adem\u00e1s de esto gozamos de las mejores aseguradoras, las tarifas m\u00e1s asequibles con cada una de ellas, ofertas continuas y todos las clases de primas que existen, as\u00ed como con la m\u00e1xima flexibilidad de pago posible. De este modo, podr\u00e1 olvidarse de todas sus preocupaciones y podr\u00e1 vivir sosegado el resto de su vida, al igual que sus familiares. Ferrol le ofrece la m\u00e1xima eficacia en sus servicio de sepelio, con las garant\u00edas m\u00e1s completas del mercado.<br \/>\n<\/div><\/div><\/div><\/p>\n<h3><span class=\"ez-toc-section\" id=\"Paginas_relacionadas\"><\/span>P\u00e1ginas relacionadas<span class=\"ez-toc-section-end\"><\/span><\/h3><div class=\"enlazado\"><ul> <li><a href=\"https:\/\/idecesos.com\/seguros\/companias\/ferrol\/opiniones\/\">Opiniones Ferrol<\/a><\/li> <li><a href=\"https:\/\/idecesos.com\/seguros\/companias\/ferrol\/precio\/\">Precio seguro Ferrol<\/a><\/li> <li><a href=\"https:\/\/idecesos.com\/seguros\/companias\/ferrol\/prima-mixta\/\">Ferrol Prima Mixta<\/a><\/li> <li><a href=\"https:\/\/idecesos.com\/seguros\/companias\/ferrol\/prima-natural\/\">Ferrol Prima Natural<\/a><\/li> <li><a href=\"https:\/\/idecesos.com\/seguros\/companias\/ferrol\/prima-nivelada\/\">Ferrol Prima Nivelada<\/a><\/li> <li><a href=\"https:\/\/idecesos.com\/seguros\/companias\/ferrol\/prima-unica\/\">Ferrol Prima \u00danica<\/a><\/li> <li><a href=\"https:\/\/idecesos.com\/seguros\/companias\/ferrol\/repatriacion\/\">Ferrol Repatriaci\u00f3n<\/a><\/li> <li><a href=\"https:\/\/idecesos.com\/seguros\/companias\/ferrol\/telefono\/\">Tel\u00e9fono Gratuito Ferrol<\/a><\/li><\/ul><\/div>\n","protected":false},"excerpt":{"rendered":"<p>El \u00e1mbito de los seguros de decesos es muy amplio. Existen muchas aseguradoras, coberturas y precios diferentes entre los que optar. Es necesario ya antes de decidir por qu\u00e9 producto o compa\u00f1\u00eda seleccionar, estar informado de las diferentes tarifas que ofrecen. No tiene que preocuparse por nada. En iDecesos le facilitaremos cada uno de los&hellip; <\/p>\n","protected":false},"author":1,"featured_media":17363,"parent":364,"menu_order":0,"comment_status":"closed","ping_status":"closed","template":"single.php","meta":{"footnotes":""},"class_list":["post-17362","page","type-page","status-publish","has-post-thumbnail","hentry"],"yoast_head":"<!-- This site is optimized with the Yoast SEO plugin v27.3 - https:\/\/yoast.com\/product\/yoast-seo-wordpress\/ -->\n<title>Precio Seguro Decesos Ferrol \u25b7DTO 25% I Oferta 2026<\/title>\n<meta name=\"description\" content=\"Calcular aqu\u00ed\u3010precio seguro de decesos Ferrol\u3011Tarifas, oferta y descuento de seguro defunci\u00f3n Ferrol 2026 \u2611\ufe0fiDecesos\u00ae N\u00ba1 en ahorro\" \/>\n<meta name=\"robots\" content=\"index, follow, max-snippet:-1, max-image-preview:large, max-video-preview:-1\" \/>\n<link rel=\"canonical\" href=\"https:\/\/idecesos.com\/seguros\/companias\/ferrol\/precio\/\" \/>\n<meta property=\"og:locale\" content=\"es_ES\" \/>\n<meta property=\"og:type\" content=\"article\" \/>\n<meta property=\"og:title\" content=\"Precio Seguro Decesos Ferrol \u25b7DTO 25% I Oferta 2026\" \/>\n<meta property=\"og:description\" content=\"Calcular aqu\u00ed\u3010precio seguro de decesos Ferrol\u3011Tarifas, oferta y descuento de seguro defunci\u00f3n Ferrol 2026 \u2611\ufe0fiDecesos\u00ae N\u00ba1 en ahorro\" \/>\n<meta property=\"og:url\" content=\"https:\/\/idecesos.com\/seguros\/companias\/ferrol\/precio\/\" \/>\n<meta property=\"article:modified_time\" content=\"2022-03-10T10:59:27+00:00\" \/>\n<meta property=\"og:image\" content=\"https:\/\/idecesos.com\/seguros\/wp-content\/uploads\/2021\/12\/precio-2.jpg-23.jpeg\" \/>\n\t<meta property=\"og:image:width\" content=\"1500\" \/>\n\t<meta property=\"og:image:height\" content=\"559\" \/>\n\t<meta property=\"og:image:type\" content=\"image\/jpeg\" \/>\n<meta name=\"twitter:card\" content=\"summary_large_image\" \/>\n<meta name=\"twitter:label1\" content=\"Tiempo de lectura\" \/>\n\t<meta name=\"twitter:data1\" content=\"75 minutos\" \/>\n<script type=\"application\/ld+json\" class=\"yoast-schema-graph\">{\"@context\":\"https:\\\/\\\/schema.org\",\"@graph\":[{\"@type\":\"WebPage\",\"@id\":\"https:\\\/\\\/idecesos.com\\\/seguros\\\/companias\\\/ferrol\\\/precio\\\/\",\"url\":\"https:\\\/\\\/idecesos.com\\\/seguros\\\/companias\\\/ferrol\\\/precio\\\/\",\"name\":\"Precio Seguro Decesos Ferrol \u25b7DTO 25% I Oferta 2026\",\"isPartOf\":{\"@id\":\"https:\\\/\\\/idecesos.com\\\/seguros\\\/#website\"},\"primaryImageOfPage\":{\"@id\":\"https:\\\/\\\/idecesos.com\\\/seguros\\\/companias\\\/ferrol\\\/precio\\\/#primaryimage\"},\"image\":{\"@id\":\"https:\\\/\\\/idecesos.com\\\/seguros\\\/companias\\\/ferrol\\\/precio\\\/#primaryimage\"},\"thumbnailUrl\":\"https:\\\/\\\/idecesos.com\\\/seguros\\\/wp-content\\\/uploads\\\/2021\\\/12\\\/precio-2.jpg-23.jpeg\",\"datePublished\":\"2021-12-15T16:02:58+00:00\",\"dateModified\":\"2022-03-10T10:59:27+00:00\",\"description\":\"Calcular aqu\u00ed\u3010precio seguro de decesos Ferrol\u3011Tarifas, oferta y descuento de seguro defunci\u00f3n Ferrol 2026 \u2611\ufe0fiDecesos\u00ae N\u00ba1 en ahorro\",\"breadcrumb\":{\"@id\":\"https:\\\/\\\/idecesos.com\\\/seguros\\\/companias\\\/ferrol\\\/precio\\\/#breadcrumb\"},\"inLanguage\":\"es\",\"potentialAction\":[{\"@type\":\"ReadAction\",\"target\":[\"https:\\\/\\\/idecesos.com\\\/seguros\\\/companias\\\/ferrol\\\/precio\\\/\"]}]},{\"@type\":\"ImageObject\",\"inLanguage\":\"es\",\"@id\":\"https:\\\/\\\/idecesos.com\\\/seguros\\\/companias\\\/ferrol\\\/precio\\\/#primaryimage\",\"url\":\"https:\\\/\\\/idecesos.com\\\/seguros\\\/wp-content\\\/uploads\\\/2021\\\/12\\\/precio-2.jpg-23.jpeg\",\"contentUrl\":\"https:\\\/\\\/idecesos.com\\\/seguros\\\/wp-content\\\/uploads\\\/2021\\\/12\\\/precio-2.jpg-23.jpeg\",\"width\":1500,\"height\":559,\"caption\":\"Precio Ferrol\"},{\"@type\":\"BreadcrumbList\",\"@id\":\"https:\\\/\\\/idecesos.com\\\/seguros\\\/companias\\\/ferrol\\\/precio\\\/#breadcrumb\",\"itemListElement\":[{\"@type\":\"ListItem\",\"position\":1,\"name\":\"Portada\",\"item\":\"https:\\\/\\\/idecesos.com\\\/seguros\\\/\"},{\"@type\":\"ListItem\",\"position\":2,\"name\":\"Compa\u00f1\u00edas de Seguros de Decesos en Espa\u00f1a\",\"item\":\"https:\\\/\\\/idecesos.com\\\/seguros\\\/companias\\\/\"},{\"@type\":\"ListItem\",\"position\":3,\"name\":\"Seguro de decesos Ferrol\",\"item\":\"https:\\\/\\\/idecesos.com\\\/seguros\\\/companias\\\/ferrol\\\/\"},{\"@type\":\"ListItem\",\"position\":4,\"name\":\"\u00bfCu\u00e1nto cuesta el seguro de decesos Ferrol?\"}]},{\"@type\":\"WebSite\",\"@id\":\"https:\\\/\\\/idecesos.com\\\/seguros\\\/#website\",\"url\":\"https:\\\/\\\/idecesos.com\\\/seguros\\\/\",\"name\":\"\",\"description\":\"\",\"potentialAction\":[{\"@type\":\"SearchAction\",\"target\":{\"@type\":\"EntryPoint\",\"urlTemplate\":\"https:\\\/\\\/idecesos.com\\\/seguros\\\/?s={search_term_string}\"},\"query-input\":{\"@type\":\"PropertyValueSpecification\",\"valueRequired\":true,\"valueName\":\"search_term_string\"}}],\"inLanguage\":\"es\"}]}<\/script>\n<!-- \/ Yoast SEO plugin. -->","yoast_head_json":{"title":"Precio Seguro Decesos Ferrol \u25b7DTO 25% I Oferta 2026","description":"Calcular aqu\u00ed\u3010precio seguro de decesos Ferrol\u3011Tarifas, oferta y descuento de seguro defunci\u00f3n Ferrol 2026 \u2611\ufe0fiDecesos\u00ae N\u00ba1 en ahorro","robots":{"index":"index","follow":"follow","max-snippet":"max-snippet:-1","max-image-preview":"max-image-preview:large","max-video-preview":"max-video-preview:-1"},"canonical":"https:\/\/idecesos.com\/seguros\/companias\/ferrol\/precio\/","og_locale":"es_ES","og_type":"article","og_title":"Precio Seguro Decesos Ferrol \u25b7DTO 25% I Oferta 2026","og_description":"Calcular aqu\u00ed\u3010precio seguro de decesos Ferrol\u3011Tarifas, oferta y descuento de seguro defunci\u00f3n Ferrol 2026 \u2611\ufe0fiDecesos\u00ae N\u00ba1 en ahorro","og_url":"https:\/\/idecesos.com\/seguros\/companias\/ferrol\/precio\/","article_modified_time":"2022-03-10T10:59:27+00:00","og_image":[{"width":1500,"height":559,"url":"https:\/\/idecesos.com\/seguros\/wp-content\/uploads\/2021\/12\/precio-2.jpg-23.jpeg","type":"image\/jpeg"}],"twitter_card":"summary_large_image","twitter_misc":{"Tiempo de lectura":"75 minutos"},"schema":{"@context":"https:\/\/schema.org","@graph":[{"@type":"WebPage","@id":"https:\/\/idecesos.com\/seguros\/companias\/ferrol\/precio\/","url":"https:\/\/idecesos.com\/seguros\/companias\/ferrol\/precio\/","name":"Precio Seguro Decesos Ferrol \u25b7DTO 25% I Oferta 2026","isPartOf":{"@id":"https:\/\/idecesos.com\/seguros\/#website"},"primaryImageOfPage":{"@id":"https:\/\/idecesos.com\/seguros\/companias\/ferrol\/precio\/#primaryimage"},"image":{"@id":"https:\/\/idecesos.com\/seguros\/companias\/ferrol\/precio\/#primaryimage"},"thumbnailUrl":"https:\/\/idecesos.com\/seguros\/wp-content\/uploads\/2021\/12\/precio-2.jpg-23.jpeg","datePublished":"2021-12-15T16:02:58+00:00","dateModified":"2022-03-10T10:59:27+00:00","description":"Calcular aqu\u00ed\u3010precio seguro de decesos Ferrol\u3011Tarifas, oferta y descuento de seguro defunci\u00f3n Ferrol 2026 \u2611\ufe0fiDecesos\u00ae N\u00ba1 en ahorro","breadcrumb":{"@id":"https:\/\/idecesos.com\/seguros\/companias\/ferrol\/precio\/#breadcrumb"},"inLanguage":"es","potentialAction":[{"@type":"ReadAction","target":["https:\/\/idecesos.com\/seguros\/companias\/ferrol\/precio\/"]}]},{"@type":"ImageObject","inLanguage":"es","@id":"https:\/\/idecesos.com\/seguros\/companias\/ferrol\/precio\/#primaryimage","url":"https:\/\/idecesos.com\/seguros\/wp-content\/uploads\/2021\/12\/precio-2.jpg-23.jpeg","contentUrl":"https:\/\/idecesos.com\/seguros\/wp-content\/uploads\/2021\/12\/precio-2.jpg-23.jpeg","width":1500,"height":559,"caption":"Precio Ferrol"},{"@type":"BreadcrumbList","@id":"https:\/\/idecesos.com\/seguros\/companias\/ferrol\/precio\/#breadcrumb","itemListElement":[{"@type":"ListItem","position":1,"name":"Portada","item":"https:\/\/idecesos.com\/seguros\/"},{"@type":"ListItem","position":2,"name":"Compa\u00f1\u00edas de Seguros de Decesos en Espa\u00f1a","item":"https:\/\/idecesos.com\/seguros\/companias\/"},{"@type":"ListItem","position":3,"name":"Seguro de decesos Ferrol","item":"https:\/\/idecesos.com\/seguros\/companias\/ferrol\/"},{"@type":"ListItem","position":4,"name":"\u00bfCu\u00e1nto cuesta el seguro de decesos Ferrol?"}]},{"@type":"WebSite","@id":"https:\/\/idecesos.com\/seguros\/#website","url":"https:\/\/idecesos.com\/seguros\/","name":"","description":"","potentialAction":[{"@type":"SearchAction","target":{"@type":"EntryPoint","urlTemplate":"https:\/\/idecesos.com\/seguros\/?s={search_term_string}"},"query-input":{"@type":"PropertyValueSpecification","valueRequired":true,"valueName":"search_term_string"}}],"inLanguage":"es"}]}},"_links":{"self":[{"href":"https:\/\/idecesos.com\/seguros\/wp-json\/wp\/v2\/pages\/17362","targetHints":{"allow":["GET"]}}],"collection":[{"href":"https:\/\/idecesos.com\/seguros\/wp-json\/wp\/v2\/pages"}],"about":[{"href":"https:\/\/idecesos.com\/seguros\/wp-json\/wp\/v2\/types\/page"}],"author":[{"embeddable":true,"href":"https:\/\/idecesos.com\/seguros\/wp-json\/wp\/v2\/users\/1"}],"replies":[{"embeddable":true,"href":"https:\/\/idecesos.com\/seguros\/wp-json\/wp\/v2\/comments?post=17362"}],"version-history":[{"count":2,"href":"https:\/\/idecesos.com\/seguros\/wp-json\/wp\/v2\/pages\/17362\/revisions"}],"predecessor-version":[{"id":20093,"href":"https:\/\/idecesos.com\/seguros\/wp-json\/wp\/v2\/pages\/17362\/revisions\/20093"}],"up":[{"embeddable":true,"href":"https:\/\/idecesos.com\/seguros\/wp-json\/wp\/v2\/pages\/364"}],"wp:featuredmedia":[{"embeddable":true,"href":"https:\/\/idecesos.com\/seguros\/wp-json\/wp\/v2\/media\/17363"}],"wp:attachment":[{"href":"https:\/\/idecesos.com\/seguros\/wp-json\/wp\/v2\/media?parent=17362"}],"curies":[{"name":"wp","href":"https:\/\/api.w.org\/{rel}","templated":true}]}}