{"id":17370,"date":"2021-12-15T16:03:00","date_gmt":"2021-12-15T16:03:00","guid":{"rendered":"https:\/\/idecesos.com\/seguros\/companias\/almudena\/precio\/"},"modified":"2022-03-10T08:31:57","modified_gmt":"2022-03-10T08:31:57","slug":"precio","status":"publish","type":"page","link":"https:\/\/idecesos.com\/seguros\/companias\/almudena\/precio\/","title":{"rendered":"\u00bfCu\u00e1nto cuesta el seguro de decesos La Almudena?"},"content":{"rendered":"<div id=\"ez-toc-container\" class=\"ez-toc-v2_0_82_2 ez-toc-wrap-center counter-hierarchy ez-toc-counter ez-toc-custom ez-toc-container-direction\">\n<div class=\"ez-toc-title-container\">\n<p class=\"ez-toc-title\" style=\"cursor:inherit\">Tabla de Contenido<\/p>\n<span class=\"ez-toc-title-toggle\"><a href=\"#\" class=\"ez-toc-pull-right ez-toc-btn ez-toc-btn-xs ez-toc-btn-default ez-toc-toggle\" aria-label=\"Alternar tabla de contenidos\"><span class=\"ez-toc-js-icon-con\"><span class=\"\"><span class=\"eztoc-hide\" style=\"display:none;\">Toggle<\/span><span class=\"ez-toc-icon-toggle-span\"><svg style=\"fill: #db6415;color:#db6415\" xmlns=\"http:\/\/www.w3.org\/2000\/svg\" class=\"list-377408\" width=\"20px\" height=\"20px\" viewBox=\"0 0 24 24\" fill=\"none\"><path d=\"M6 6H4v2h2V6zm14 0H8v2h12V6zM4 11h2v2H4v-2zm16 0H8v2h12v-2zM4 16h2v2H4v-2zm16 0H8v2h12v-2z\" fill=\"currentColor\"><\/path><\/svg><svg style=\"fill: #db6415;color:#db6415\" class=\"arrow-unsorted-368013\" xmlns=\"http:\/\/www.w3.org\/2000\/svg\" width=\"10px\" height=\"10px\" viewBox=\"0 0 24 24\" version=\"1.2\" baseProfile=\"tiny\"><path d=\"M18.2 9.3l-6.2-6.3-6.2 6.3c-.2.2-.3.4-.3.7s.1.5.3.7c.2.2.4.3.7.3h11c.3 0 .5-.1.7-.3.2-.2.3-.5.3-.7s-.1-.5-.3-.7zM5.8 14.7l6.2 6.3 6.2-6.3c.2-.2.3-.5.3-.7s-.1-.5-.3-.7c-.2-.2-.4-.3-.7-.3h-11c-.3 0-.5.1-.7.3-.2.2-.3.5-.3.7s.1.5.3.7z\"\/><\/svg><\/span><\/span><\/span><\/a><\/span><\/div>\n<nav><ul class='ez-toc-list ez-toc-list-level-1 ' ><li class='ez-toc-page-1 ez-toc-heading-level-2'><a class=\"ez-toc-link ez-toc-heading-1\" href=\"https:\/\/idecesos.com\/seguros\/companias\/almudena\/precio\/#Calcular_precio_seguro_de_decesos_La_Almudena\" >Calcular precio seguro de decesos La Almudena<\/a><\/li><li class='ez-toc-page-1 ez-toc-heading-level-2'><a class=\"ez-toc-link ez-toc-heading-2\" href=\"https:\/\/idecesos.com\/seguros\/companias\/almudena\/precio\/#Tabla_comparativa_de_precios_La_Almudena\" >Tabla comparativa de precios La Almudena<\/a><ul class='ez-toc-list-level-3' ><li class='ez-toc-heading-level-3'><a class=\"ez-toc-link ez-toc-heading-3\" href=\"https:\/\/idecesos.com\/seguros\/companias\/almudena\/precio\/#%C2%BFCual_es_la_mejor_tarifa_de_seguros_de_La_Almudena\" >\u00bfCu\u00e1l es la mejor tarifa de seguros de La Almudena ?<\/a><\/li><li class='ez-toc-page-1 ez-toc-heading-level-3'><a class=\"ez-toc-link ez-toc-heading-4\" href=\"https:\/\/idecesos.com\/seguros\/companias\/almudena\/precio\/#%C2%BFPuede_aumentar_precio_mensual_de_los_seguros_de_La_Almudena\" >\u00bfPuede aumentar precio mensual de los seguros de La Almudena ?<\/a><\/li><li class='ez-toc-page-1 ez-toc-heading-level-3'><a class=\"ez-toc-link ez-toc-heading-5\" href=\"https:\/\/idecesos.com\/seguros\/companias\/almudena\/precio\/#%C2%BFEl_precio_de_seguros_de_decesos_La_Almudena_sube_con_la_edad\" >\u00bfEl precio de seguros de decesos La Almudena sube con la edad?<\/a><\/li><li class='ez-toc-page-1 ez-toc-heading-level-3'><a class=\"ez-toc-link ez-toc-heading-6\" href=\"https:\/\/idecesos.com\/seguros\/companias\/almudena\/precio\/#Paginas_relacionadas\" >P\u00e1ginas relacionadas<\/a><\/li><\/ul><\/li><\/ul><\/nav><\/div>\n<p><br \/>\nGracias a el trabajo de iDecesos le facilitamos su b\u00fasqueda en el enorme sector de los seguros de decesos donde existen una gama amplia de empresas aseguradoras, coberturas y precios. Es esencial, de forma adelantada estar apropiadamente informado para escoger las opciones de seguros de decesos que m\u00e1s se ajusten a tus necesidades. A continuaci\u00f3n, le ofrecemos una comparativa de precios de los diferentes seguros de decesos a los que accedemos en este comparador de seguros de defunci\u00f3n, existe el seguro de decesos de La Almudena que ofrecen y m\u00e1s de diez primas que se pueden contratar, por lo que s\u00ed que resulta una resoluci\u00f3n fundamental y que habr\u00eda de ser muy cuidada.<\/p>\n<div class=\"colorf\"><div class=\"container clearfix\"><div class=\"col-md-7\">\n<h2><span class=\"ez-toc-section\" id=\"Calcular_precio_seguro_de_decesos_La_Almudena\"><\/span>Calcular precio seguro de decesos La Almudena<span class=\"ez-toc-section-end\"><\/span><\/h2>\n<p>En un instante te vamos a ofrecer el precio m\u00e1s barato del seguro de decesos que est\u00e1s buscando con nuestro buscador que lo hace todo m\u00e1s simple, con tan solo le des al bot\u00f3n de calcular. Sencillamente cumplimentando los diferentes datos que te solicitamos en el formulario le mostraremos un abanico resultados con las mejores tarifas de compa\u00f1\u00edas de seguros y todo en nuestra p\u00e1gina web sin que deba molestarse en buscar una a una. En La Almudena est\u00e1n preparados para asistirte en lo que necesites facilit\u00e1ndote todos y cada uno de los tr\u00e1mites tras el fallecimiento de un ser querido apoyado por los mejores profesionales del campo. Adem\u00e1s de esto,La Almudena cuenta con toda la confianza y confiabilidad que sus clientes del servicio le dan por su generosidad y honestidad, \u00bfQu\u00e9 ofrecemos? Somos la mejor opci\u00f3n para quienes se preocupan por la seguridad de sus seres queridos y dejar todo previsto, puesto que como aseguradora hemos llevado nuestros servicios y precios ajustados a niveles \u00fanicos.<br \/>\n<\/div><\/div><\/div><\/p>\n<h2><span class=\"ez-toc-section\" id=\"Tabla_comparativa_de_precios_La_Almudena\"><\/span>Tabla comparativa de precios La Almudena<span class=\"ez-toc-section-end\"><\/span><\/h2>\n<p><div class=\"cabecera_tabla_precio\"><table class=\"table table-striped\"><thead><tr><th class=\"nosepara centrado\">Tipo<\/th><th class=\"nosepara centrado nojustificado\">Precio Desde<\/th><th class=\"nosepara dcha\"><\/th><\/tr><\/thead><tbody><tr class=\"fila_tabla_precio\"><td class=\"nosepara izq\">Precio Seguro Decesos La Almudena<\/td><td class=\"nosepara centro\">1,42 \u20ac\/mes<\/td><td class=\"nosepara derecha\">\t\t\t\t\t\n\t\t\t\t\t\t<span class=\"\" style=\"cursor:pointer\" data-bs-toggle=\"modal\" data-bs-target=\"#comparadorModal\">Calcular<\/span>\t\t\t\t\n\t\t\t\t\t\n\t\t\t\t<\/td><\/tr><\/div><tr class=\"fila_tabla_precio\"><td class=\"nosepara izq\">Precio Prima \u00danica La Almudena<\/td><td class=\"nosepara centro\">2315 \u20ac<\/td><td class=\"nosepara derecha\">\t\t\t\t\t\n\t\t\t\t\t\t<span class=\"\" style=\"cursor:pointer\" data-bs-toggle=\"modal\" data-bs-target=\"#comparadorModal\">Calcular<\/span>\t\t\t\t\n\t\t\t\t\t\n\t\t\t\t<\/td><\/tr><\/div><tr class=\"fila_tabla_precio\"><td class=\"nosepara izq\">Precio Prima Natural La Almudena<\/td><td class=\"nosepara centro\">1,33 \u20ac\/mes<\/td><td class=\"nosepara derecha\">\t\t\t\t\t\n\t\t\t\t\t\t<span class=\"\" style=\"cursor:pointer\" data-bs-toggle=\"modal\" data-bs-target=\"#comparadorModal\">Calcular<\/span>\t\t\t\t\n\t\t\t\t\t\n\t\t\t\t<\/td><\/tr><\/div><tr class=\"fila_tabla_precio\"><td class=\"nosepara izq\">Precio Prima Nivelada La Almudena<\/td><td class=\"nosepara centro\">1,69 \u20ac\/mes<\/td><td class=\"nosepara derecha\">\t\t\t\t\t\n\t\t\t\t\t\t<span class=\"\" style=\"cursor:pointer\" data-bs-toggle=\"modal\" data-bs-target=\"#comparadorModal\">Calcular<\/span>\t\t\t\t\n\t\t\t\t\t\n\t\t\t\t<\/td><\/tr><\/div><tr class=\"fila_tabla_precio\"><td class=\"nosepara izq\">Precio Prima Mixta La Almudena<\/td><td class=\"nosepara centro\">1,21 \u20ac\/mes<\/td><td class=\"nosepara derecha\">\t\t\t\t\t\n\t\t\t\t\t\t<span class=\"\" style=\"cursor:pointer\" data-bs-toggle=\"modal\" data-bs-target=\"#comparadorModal\">Calcular<\/span>\t\t\t\t\n\t\t\t\t\t\n\t\t\t\t<\/td><\/tr><\/div><tr class=\"fila_tabla_precio\"><td class=\"nosepara izq\">Precio Prima Seminatural La Almudena<\/td><td class=\"nosepara centro\">1,32 \u20ac\/mes<\/td><td class=\"nosepara derecha\">\t\t\t\t\t\n\t\t\t\t\t\t<span class=\"\" style=\"cursor:pointer\" data-bs-toggle=\"modal\" data-bs-target=\"#comparadorModal\">Calcular<\/span>\t\t\t\t\n\t\t\t\t\t\n\t\t\t\t<\/td><\/tr><\/div><tr class=\"fila_tabla_precio\"><td class=\"nosepara izq\">Precio con Repatriaci\u00f3n La Almudena<\/td><td class=\"nosepara centro\">0,93 \u20ac a la cuota<\/td><td class=\"nosepara derecha\">\t\t\t\t\t\n\t\t\t\t\t\t<span class=\"\" style=\"cursor:pointer\" data-bs-toggle=\"modal\" data-bs-target=\"#comparadorModal\">Calcular<\/span>\t\t\t\t\n\t\t\t\t\t\n\t\t\t\t<\/td><\/tr><\/div><tr class=\"fila_tabla_precio\"><td class=\"nosepara izq\">Precio Seguro Defunci\u00f3n La Almudena<\/td><td class=\"nosepara centro\">1,67 \u20ac\/mes<\/td><td class=\"nosepara derecha\">\t\t\t\t\t\n\t\t\t\t\t\t<span class=\"\" style=\"cursor:pointer\" data-bs-toggle=\"modal\" data-bs-target=\"#comparadorModal\">Calcular<\/span>\t\t\t\t\n\t\t\t\t\t\n\t\t\t\t<\/td><\/tr><\/div><tr class=\"fila_tabla_precio\"><td class=\"nosepara izq\">Precio Seguro Fallecimiento La Almudena<\/td><td class=\"nosepara centro\">1,60 \u20ac\/mes<\/td><td class=\"nosepara derecha\">\t\t\t\t\t\n\t\t\t\t\t\t<span class=\"\" style=\"cursor:pointer\" data-bs-toggle=\"modal\" data-bs-target=\"#comparadorModal\">Calcular<\/span>\t\t\t\t\n\t\t\t\t\t\n\t\t\t\t<\/td><\/tr><\/div><tr class=\"fila_tabla_precio\"><td class=\"nosepara izq\">Precio Seguro Muertos La Almudena<\/td><td class=\"nosepara centro\">1,60 \u20ac\/mes<\/td><td class=\"nosepara derecha\">\t\t\t\t\t\n\t\t\t\t\t\t<span class=\"\" style=\"cursor:pointer\" data-bs-toggle=\"modal\" data-bs-target=\"#comparadorModal\">Calcular<\/span>\t\t\t\t\n\t\t\t\t\t\n\t\t\t\t<\/td><\/tr><\/div><tr class=\"fila_tabla_precio\"><td class=\"nosepara izq\">Precio Asistencia Familiar La Almudena<\/td><td class=\"nosepara centro\">1,42 \u20ac\/mes<\/td><td class=\"nosepara derecha\">\t\t\t\t\t\n\t\t\t\t\t\t<span class=\"\" style=\"cursor:pointer\" data-bs-toggle=\"modal\" data-bs-target=\"#comparadorModal\">Calcular<\/span>\t\t\t\t\n\t\t\t\t\t\n\t\t\t\t<\/td><\/tr><\/div><\/tbody><\/table><\/div><\/p>\n<p>Deja de preocuparte, La Almudena te lo pone simple. Con esta tabla comparativa vas a poder ver las diferentes tarifas de cada p\u00f3liza que te ofrece esta empresa de seguros. La Almudena te todo mucho m\u00e1s f\u00e1cil. No tienes de qu\u00e9 preocuparte, se encargaran de todo, cubriendo el sepelio y todo cuanto este abarca para que sus familiares puedan estar tranquilos en ese duro momento de sus vidas. La Almudena te recuerda que el d\u00eda de hoy puede estar todo bien mas que ma\u00f1ana puede acontecer cualquier imprevisto y tienes que estar preparado. No es instante de que pierdas tu tiempo y cuenta con tu seguro de decesos de La Almudena.<br \/>\n<div class=\"colorf\"><div class=\"container clearfix\"><div class=\"col-md-7\"><\/p>\n<h3><span class=\"ez-toc-section\" id=\"%C2%BFCual_es_la_mejor_tarifa_de_seguros_de_La_Almudena\"><\/span>\u00bfCu\u00e1l es la mejor tarifa de seguros de La Almudena ?<span class=\"ez-toc-section-end\"><\/span><\/h3>\n<p>La Almudena resalta por sus m\u00faltiples tarifas. Usted podr\u00e1 escoger la que mejor se adapte a y a sus necesidades. Empezando por el precio y finalizando por sus coberturas. En La Almudena encontrar\u00e1s diferentes modalidades de seguro, que se adaptaran de forma perfecta a tus necesidades como a tu presupuesto. La Almudena te ofrecer\u00e1 siempre y en toda circunstancia sus mejores servicios y precios teniendo en cuenta su edad. Adem\u00e1s podr\u00e1 contar con numerosas ofertas o bien descuentos en cada uno de sus precios que le ofrece. Arriba te hemos facilitado toda la informaci\u00f3n para que puedas ver los precios de sus primas de una manera m\u00e1s f\u00e1cil y detallada. Te aconsejamos absolutamente sin costo sin dificultades.<br \/>\n<\/div><\/div><\/div><\/p>\n<h3><span class=\"ez-toc-section\" id=\"%C2%BFPuede_aumentar_precio_mensual_de_los_seguros_de_La_Almudena\"><\/span>\u00bfPuede aumentar precio mensual de los seguros de La Almudena ?<span class=\"ez-toc-section-end\"><\/span><\/h3>\n<p>Debe tomar en consideraci\u00f3n que en dependencia de la prima que contrate con La Almudena si ocurre alguna subida en su tarifa quedar\u00e1 recogido en el contrato del asegurado. Aunque en ciertos casos la empresa aseguradora no le avisa por el hecho de que no est\u00e1 en su obligaci\u00f3n. La Almudena se encarga de dar la total tranquilidad a sus asegurados. Puedes tener total confianza en La Almudena puesto que est\u00e1 posicionada como una de las empresas de seguros m\u00e1s trasparentes del mercado de Espa\u00f1a. Lo m\u00e1s importante que se debe tomar en consideraci\u00f3n es la seguridad de tu ser querido.<br \/>\n<div class=\"colorf\"><div class=\"container clearfix\"><div class=\"col-md-7\"><\/p>\n<h3><span class=\"ez-toc-section\" id=\"%C2%BFEl_precio_de_seguros_de_decesos_La_Almudena_sube_con_la_edad\"><\/span>\u00bfEl precio de seguros de decesos La Almudena sube con la edad?<span class=\"ez-toc-section-end\"><\/span><\/h3>\n<p>\u00bfNo sabe qu\u00e9 opci\u00f3n elegir? La Almudena tiene uno de los los mejores productos de prima \u00fanica de Espa\u00f1a, con garant\u00edas inusuales, servicio de asistencia funeraria muy reconocido y a un costo muy econ\u00f3mico. El departamento de asistencia de la compa\u00f1\u00eda de seguros coordinar\u00e1 al completo el servicio f\u00fanebre desde su petici\u00f3n por tel\u00e9fono, todo estar\u00e1 bajo los m\u00e1ximos est\u00e1ndares de calidad y bajo las costumbres de la localidad y requerimientos de los herederos dentro de unos factores normales. Como, y como viene en el condicionado general de todas y cada una de las p\u00f3lizas de decesos si existe una subida en los costes de los elementos del servicio funerario, estos se repercutir\u00e1n en la cuota del recibo del seguro de decesos pero de una forma poqu\u00edsimo sensible, pero es muy importante que se realice para que no exista un infraseguro o bien mejor dicho para que estemos apropiadamente asegurados. iDecesos comparador de seguro de decesos l\u00edder en ahorro, nuestro eslogan nos delata, somos expertos en lo que hacemos los seguros de defunci\u00f3n, adem\u00e1s de esto trabajamos con las compa\u00f1\u00edas de seguros m\u00e1s reconocidas e innovadoras de Espa\u00f1a, asimismo son las m\u00e1s competitivas en precio, todas y cada una han pasado un pormenorizado estudio de sus coberturas y tarifas por nuestro departamento t\u00e9cnico, y re\u00fanen los m\u00e1s altos niveles de puntuaci\u00f3n, as\u00ed como dejan que se paguen sus primas a gusto de nuestro usuario, o sea, mensual, trimestral, semestral, anual o en un solo pago. Por lo tanto, ya puede desentenderse del seguro de defunci\u00f3n al depositar su confianza en nosotros, expertos reconocidos en el mercado asegurador de Espa\u00f1a. La Almudena le otorga una confiabilidad plena del servicio de decesos, con unas coberturas b\u00e1sicas y a\u00f1adidas que re\u00fanen todo los requisitos para la satisfacci\u00f3n plena de nuestros clientes.<br \/>\n<\/div><\/div><\/div><\/p>\n<h3><span class=\"ez-toc-section\" id=\"Paginas_relacionadas\"><\/span>P\u00e1ginas relacionadas<span class=\"ez-toc-section-end\"><\/span><\/h3><div class=\"enlazado\"><ul> <li><a href=\"https:\/\/idecesos.com\/seguros\/companias\/almudena\/opiniones\/\">Opiniones Almudena<\/a><\/li> <li><a href=\"https:\/\/idecesos.com\/seguros\/companias\/almudena\/precio\/\">Precio seguro La Almudena<\/a><\/li> <li><a href=\"https:\/\/idecesos.com\/seguros\/companias\/almudena\/prima-mixta\/\">La Almudena Prima Mixta<\/a><\/li> <li><a href=\"https:\/\/idecesos.com\/seguros\/companias\/almudena\/prima-natural\/\">La Almudena Prima Natural<\/a><\/li> <li><a href=\"https:\/\/idecesos.com\/seguros\/companias\/almudena\/prima-nivelada\/\">La Almudena Prima Nivelada<\/a><\/li> <li><a href=\"https:\/\/idecesos.com\/seguros\/companias\/almudena\/prima-unica\/\">La Almudena Prima \u00danica<\/a><\/li> <li><a href=\"https:\/\/idecesos.com\/seguros\/companias\/almudena\/repatriacion\/\">La Almudena Repatriaci\u00f3n<\/a><\/li> <li><a href=\"https:\/\/idecesos.com\/seguros\/companias\/almudena\/telefono\/\">Tel\u00e9fono Gratuito La Almudena<\/a><\/li><\/ul><\/div>\n","protected":false},"excerpt":{"rendered":"<p>Gracias a el trabajo de iDecesos le facilitamos su b\u00fasqueda en el enorme sector de los seguros de decesos donde existen una gama amplia de empresas aseguradoras, coberturas y precios. Es esencial, de forma adelantada estar apropiadamente informado para escoger las opciones de seguros de decesos que m\u00e1s se ajusten a tus necesidades. A continuaci\u00f3n,&hellip; <\/p>\n","protected":false},"author":1,"featured_media":17371,"parent":472,"menu_order":0,"comment_status":"closed","ping_status":"closed","template":"single.php","meta":{"footnotes":""},"class_list":["post-17370","page","type-page","status-publish","has-post-thumbnail","hentry"],"yoast_head":"<!-- This site is optimized with the Yoast SEO plugin v27.3 - https:\/\/yoast.com\/product\/yoast-seo-wordpress\/ -->\n<title>Precio Seguro Decesos La Almudena \u25b7DTO 25% I Oferta 2026<\/title>\n<meta name=\"description\" content=\"Calcular aqu\u00ed\u3010precio seguro de decesos La Almudena\u3011Tarifas, oferta y descuento de seguro defunci\u00f3n La Almudena 2026 \u2611\ufe0fiDecesos\u00ae N\u00ba1 en ahorro\" \/>\n<meta name=\"robots\" content=\"index, follow, max-snippet:-1, max-image-preview:large, max-video-preview:-1\" \/>\n<link rel=\"canonical\" href=\"https:\/\/idecesos.com\/seguros\/companias\/almudena\/precio\/\" \/>\n<meta property=\"og:locale\" content=\"es_ES\" \/>\n<meta property=\"og:type\" content=\"article\" \/>\n<meta property=\"og:title\" content=\"Precio Seguro Decesos La Almudena \u25b7DTO 25% I Oferta 2026\" \/>\n<meta property=\"og:description\" content=\"Calcular aqu\u00ed\u3010precio seguro de decesos La Almudena\u3011Tarifas, oferta y descuento de seguro defunci\u00f3n La Almudena 2026 \u2611\ufe0fiDecesos\u00ae N\u00ba1 en ahorro\" \/>\n<meta property=\"og:url\" content=\"https:\/\/idecesos.com\/seguros\/companias\/almudena\/precio\/\" \/>\n<meta property=\"article:modified_time\" content=\"2022-03-10T08:31:57+00:00\" \/>\n<meta property=\"og:image\" content=\"https:\/\/idecesos.com\/seguros\/wp-content\/uploads\/2021\/12\/precio-2.jpg-27.jpeg\" \/>\n\t<meta property=\"og:image:width\" content=\"1500\" \/>\n\t<meta property=\"og:image:height\" content=\"559\" \/>\n\t<meta property=\"og:image:type\" content=\"image\/jpeg\" \/>\n<meta name=\"twitter:card\" content=\"summary_large_image\" \/>\n<meta name=\"twitter:label1\" content=\"Tiempo de lectura\" \/>\n\t<meta name=\"twitter:data1\" content=\"5 minutos\" \/>\n<script type=\"application\/ld+json\" class=\"yoast-schema-graph\">{\"@context\":\"https:\\\/\\\/schema.org\",\"@graph\":[{\"@type\":\"WebPage\",\"@id\":\"https:\\\/\\\/idecesos.com\\\/seguros\\\/companias\\\/almudena\\\/precio\\\/\",\"url\":\"https:\\\/\\\/idecesos.com\\\/seguros\\\/companias\\\/almudena\\\/precio\\\/\",\"name\":\"Precio Seguro Decesos La Almudena \u25b7DTO 25% I Oferta 2026\",\"isPartOf\":{\"@id\":\"https:\\\/\\\/idecesos.com\\\/seguros\\\/#website\"},\"primaryImageOfPage\":{\"@id\":\"https:\\\/\\\/idecesos.com\\\/seguros\\\/companias\\\/almudena\\\/precio\\\/#primaryimage\"},\"image\":{\"@id\":\"https:\\\/\\\/idecesos.com\\\/seguros\\\/companias\\\/almudena\\\/precio\\\/#primaryimage\"},\"thumbnailUrl\":\"https:\\\/\\\/idecesos.com\\\/seguros\\\/wp-content\\\/uploads\\\/2021\\\/12\\\/precio-2.jpg-27.jpeg\",\"datePublished\":\"2021-12-15T16:03:00+00:00\",\"dateModified\":\"2022-03-10T08:31:57+00:00\",\"description\":\"Calcular aqu\u00ed\u3010precio seguro de decesos La Almudena\u3011Tarifas, oferta y descuento de seguro defunci\u00f3n La Almudena 2026 \u2611\ufe0fiDecesos\u00ae N\u00ba1 en ahorro\",\"breadcrumb\":{\"@id\":\"https:\\\/\\\/idecesos.com\\\/seguros\\\/companias\\\/almudena\\\/precio\\\/#breadcrumb\"},\"inLanguage\":\"es\",\"potentialAction\":[{\"@type\":\"ReadAction\",\"target\":[\"https:\\\/\\\/idecesos.com\\\/seguros\\\/companias\\\/almudena\\\/precio\\\/\"]}]},{\"@type\":\"ImageObject\",\"inLanguage\":\"es\",\"@id\":\"https:\\\/\\\/idecesos.com\\\/seguros\\\/companias\\\/almudena\\\/precio\\\/#primaryimage\",\"url\":\"https:\\\/\\\/idecesos.com\\\/seguros\\\/wp-content\\\/uploads\\\/2021\\\/12\\\/precio-2.jpg-27.jpeg\",\"contentUrl\":\"https:\\\/\\\/idecesos.com\\\/seguros\\\/wp-content\\\/uploads\\\/2021\\\/12\\\/precio-2.jpg-27.jpeg\",\"width\":1500,\"height\":559,\"caption\":\"Precio La Almudena\"},{\"@type\":\"BreadcrumbList\",\"@id\":\"https:\\\/\\\/idecesos.com\\\/seguros\\\/companias\\\/almudena\\\/precio\\\/#breadcrumb\",\"itemListElement\":[{\"@type\":\"ListItem\",\"position\":1,\"name\":\"Portada\",\"item\":\"https:\\\/\\\/idecesos.com\\\/seguros\\\/\"},{\"@type\":\"ListItem\",\"position\":2,\"name\":\"Compa\u00f1\u00edas de Seguros de Decesos en Espa\u00f1a\",\"item\":\"https:\\\/\\\/idecesos.com\\\/seguros\\\/companias\\\/\"},{\"@type\":\"ListItem\",\"position\":3,\"name\":\"Seguro de Decesos La Almudena\",\"item\":\"https:\\\/\\\/idecesos.com\\\/seguros\\\/companias\\\/almudena\\\/\"},{\"@type\":\"ListItem\",\"position\":4,\"name\":\"\u00bfCu\u00e1nto cuesta el seguro de decesos La Almudena?\"}]},{\"@type\":\"WebSite\",\"@id\":\"https:\\\/\\\/idecesos.com\\\/seguros\\\/#website\",\"url\":\"https:\\\/\\\/idecesos.com\\\/seguros\\\/\",\"name\":\"\",\"description\":\"\",\"potentialAction\":[{\"@type\":\"SearchAction\",\"target\":{\"@type\":\"EntryPoint\",\"urlTemplate\":\"https:\\\/\\\/idecesos.com\\\/seguros\\\/?s={search_term_string}\"},\"query-input\":{\"@type\":\"PropertyValueSpecification\",\"valueRequired\":true,\"valueName\":\"search_term_string\"}}],\"inLanguage\":\"es\"}]}<\/script>\n<!-- \/ Yoast SEO plugin. -->","yoast_head_json":{"title":"Precio Seguro Decesos La Almudena \u25b7DTO 25% I Oferta 2026","description":"Calcular aqu\u00ed\u3010precio seguro de decesos La Almudena\u3011Tarifas, oferta y descuento de seguro defunci\u00f3n La Almudena 2026 \u2611\ufe0fiDecesos\u00ae N\u00ba1 en ahorro","robots":{"index":"index","follow":"follow","max-snippet":"max-snippet:-1","max-image-preview":"max-image-preview:large","max-video-preview":"max-video-preview:-1"},"canonical":"https:\/\/idecesos.com\/seguros\/companias\/almudena\/precio\/","og_locale":"es_ES","og_type":"article","og_title":"Precio Seguro Decesos La Almudena \u25b7DTO 25% I Oferta 2026","og_description":"Calcular aqu\u00ed\u3010precio seguro de decesos La Almudena\u3011Tarifas, oferta y descuento de seguro defunci\u00f3n La Almudena 2026 \u2611\ufe0fiDecesos\u00ae N\u00ba1 en ahorro","og_url":"https:\/\/idecesos.com\/seguros\/companias\/almudena\/precio\/","article_modified_time":"2022-03-10T08:31:57+00:00","og_image":[{"width":1500,"height":559,"url":"https:\/\/idecesos.com\/seguros\/wp-content\/uploads\/2021\/12\/precio-2.jpg-27.jpeg","type":"image\/jpeg"}],"twitter_card":"summary_large_image","twitter_misc":{"Tiempo de lectura":"5 minutos"},"schema":{"@context":"https:\/\/schema.org","@graph":[{"@type":"WebPage","@id":"https:\/\/idecesos.com\/seguros\/companias\/almudena\/precio\/","url":"https:\/\/idecesos.com\/seguros\/companias\/almudena\/precio\/","name":"Precio Seguro Decesos La Almudena \u25b7DTO 25% I Oferta 2026","isPartOf":{"@id":"https:\/\/idecesos.com\/seguros\/#website"},"primaryImageOfPage":{"@id":"https:\/\/idecesos.com\/seguros\/companias\/almudena\/precio\/#primaryimage"},"image":{"@id":"https:\/\/idecesos.com\/seguros\/companias\/almudena\/precio\/#primaryimage"},"thumbnailUrl":"https:\/\/idecesos.com\/seguros\/wp-content\/uploads\/2021\/12\/precio-2.jpg-27.jpeg","datePublished":"2021-12-15T16:03:00+00:00","dateModified":"2022-03-10T08:31:57+00:00","description":"Calcular aqu\u00ed\u3010precio seguro de decesos La Almudena\u3011Tarifas, oferta y descuento de seguro defunci\u00f3n La Almudena 2026 \u2611\ufe0fiDecesos\u00ae N\u00ba1 en ahorro","breadcrumb":{"@id":"https:\/\/idecesos.com\/seguros\/companias\/almudena\/precio\/#breadcrumb"},"inLanguage":"es","potentialAction":[{"@type":"ReadAction","target":["https:\/\/idecesos.com\/seguros\/companias\/almudena\/precio\/"]}]},{"@type":"ImageObject","inLanguage":"es","@id":"https:\/\/idecesos.com\/seguros\/companias\/almudena\/precio\/#primaryimage","url":"https:\/\/idecesos.com\/seguros\/wp-content\/uploads\/2021\/12\/precio-2.jpg-27.jpeg","contentUrl":"https:\/\/idecesos.com\/seguros\/wp-content\/uploads\/2021\/12\/precio-2.jpg-27.jpeg","width":1500,"height":559,"caption":"Precio La Almudena"},{"@type":"BreadcrumbList","@id":"https:\/\/idecesos.com\/seguros\/companias\/almudena\/precio\/#breadcrumb","itemListElement":[{"@type":"ListItem","position":1,"name":"Portada","item":"https:\/\/idecesos.com\/seguros\/"},{"@type":"ListItem","position":2,"name":"Compa\u00f1\u00edas de Seguros de Decesos en Espa\u00f1a","item":"https:\/\/idecesos.com\/seguros\/companias\/"},{"@type":"ListItem","position":3,"name":"Seguro de Decesos La Almudena","item":"https:\/\/idecesos.com\/seguros\/companias\/almudena\/"},{"@type":"ListItem","position":4,"name":"\u00bfCu\u00e1nto cuesta el seguro de decesos La Almudena?"}]},{"@type":"WebSite","@id":"https:\/\/idecesos.com\/seguros\/#website","url":"https:\/\/idecesos.com\/seguros\/","name":"","description":"","potentialAction":[{"@type":"SearchAction","target":{"@type":"EntryPoint","urlTemplate":"https:\/\/idecesos.com\/seguros\/?s={search_term_string}"},"query-input":{"@type":"PropertyValueSpecification","valueRequired":true,"valueName":"search_term_string"}}],"inLanguage":"es"}]}},"_links":{"self":[{"href":"https:\/\/idecesos.com\/seguros\/wp-json\/wp\/v2\/pages\/17370","targetHints":{"allow":["GET"]}}],"collection":[{"href":"https:\/\/idecesos.com\/seguros\/wp-json\/wp\/v2\/pages"}],"about":[{"href":"https:\/\/idecesos.com\/seguros\/wp-json\/wp\/v2\/types\/page"}],"author":[{"embeddable":true,"href":"https:\/\/idecesos.com\/seguros\/wp-json\/wp\/v2\/users\/1"}],"replies":[{"embeddable":true,"href":"https:\/\/idecesos.com\/seguros\/wp-json\/wp\/v2\/comments?post=17370"}],"version-history":[{"count":3,"href":"https:\/\/idecesos.com\/seguros\/wp-json\/wp\/v2\/pages\/17370\/revisions"}],"predecessor-version":[{"id":19995,"href":"https:\/\/idecesos.com\/seguros\/wp-json\/wp\/v2\/pages\/17370\/revisions\/19995"}],"up":[{"embeddable":true,"href":"https:\/\/idecesos.com\/seguros\/wp-json\/wp\/v2\/pages\/472"}],"wp:featuredmedia":[{"embeddable":true,"href":"https:\/\/idecesos.com\/seguros\/wp-json\/wp\/v2\/media\/17371"}],"wp:attachment":[{"href":"https:\/\/idecesos.com\/seguros\/wp-json\/wp\/v2\/media?parent=17370"}],"curies":[{"name":"wp","href":"https:\/\/api.w.org\/{rel}","templated":true}]}}