{"id":17374,"date":"2021-12-15T16:03:02","date_gmt":"2021-12-15T16:03:02","guid":{"rendered":"https:\/\/idecesos.com\/seguros\/companias\/banco-triodos-bank\/precio\/"},"modified":"2022-03-10T11:45:48","modified_gmt":"2022-03-10T11:45:48","slug":"precio","status":"publish","type":"page","link":"https:\/\/idecesos.com\/seguros\/companias\/banco-triodos-bank\/precio\/","title":{"rendered":"\u00bfCu\u00e1nto cuesta el seguro de decesos Triodos Bank?"},"content":{"rendered":"<div id=\"ez-toc-container\" class=\"ez-toc-v2_0_82_2 ez-toc-wrap-center counter-hierarchy ez-toc-counter ez-toc-custom ez-toc-container-direction\">\n<div class=\"ez-toc-title-container\">\n<p class=\"ez-toc-title\" style=\"cursor:inherit\">Tabla de Contenido<\/p>\n<span class=\"ez-toc-title-toggle\"><a href=\"#\" class=\"ez-toc-pull-right ez-toc-btn ez-toc-btn-xs ez-toc-btn-default ez-toc-toggle\" aria-label=\"Alternar tabla de contenidos\"><span class=\"ez-toc-js-icon-con\"><span class=\"\"><span class=\"eztoc-hide\" style=\"display:none;\">Toggle<\/span><span class=\"ez-toc-icon-toggle-span\"><svg style=\"fill: #db6415;color:#db6415\" xmlns=\"http:\/\/www.w3.org\/2000\/svg\" class=\"list-377408\" width=\"20px\" height=\"20px\" viewBox=\"0 0 24 24\" fill=\"none\"><path d=\"M6 6H4v2h2V6zm14 0H8v2h12V6zM4 11h2v2H4v-2zm16 0H8v2h12v-2zM4 16h2v2H4v-2zm16 0H8v2h12v-2z\" fill=\"currentColor\"><\/path><\/svg><svg style=\"fill: #db6415;color:#db6415\" class=\"arrow-unsorted-368013\" xmlns=\"http:\/\/www.w3.org\/2000\/svg\" width=\"10px\" height=\"10px\" viewBox=\"0 0 24 24\" version=\"1.2\" baseProfile=\"tiny\"><path d=\"M18.2 9.3l-6.2-6.3-6.2 6.3c-.2.2-.3.4-.3.7s.1.5.3.7c.2.2.4.3.7.3h11c.3 0 .5-.1.7-.3.2-.2.3-.5.3-.7s-.1-.5-.3-.7zM5.8 14.7l6.2 6.3 6.2-6.3c.2-.2.3-.5.3-.7s-.1-.5-.3-.7c-.2-.2-.4-.3-.7-.3h-11c-.3 0-.5.1-.7.3-.2.2-.3.5-.3.7s.1.5.3.7z\"\/><\/svg><\/span><\/span><\/span><\/a><\/span><\/div>\n<nav><ul class='ez-toc-list ez-toc-list-level-1 ' ><li class='ez-toc-page-1 ez-toc-heading-level-2'><a class=\"ez-toc-link ez-toc-heading-1\" href=\"https:\/\/idecesos.com\/seguros\/companias\/banco-triodos-bank\/precio\/#Calcular_precio_seguro_de_decesos_Triodos_Bank\" >Calcular precio seguro de decesos Triodos Bank<\/a><\/li><li class='ez-toc-page-1 ez-toc-heading-level-2'><a class=\"ez-toc-link ez-toc-heading-2\" href=\"https:\/\/idecesos.com\/seguros\/companias\/banco-triodos-bank\/precio\/#Tabla_comparativa_de_precios_Triodos_Bank\" >Tabla comparativa de precios Triodos Bank<\/a><ul class='ez-toc-list-level-3' ><li class='ez-toc-heading-level-3'><a class=\"ez-toc-link ez-toc-heading-3\" href=\"https:\/\/idecesos.com\/seguros\/companias\/banco-triodos-bank\/precio\/#%C2%BFCual_es_la_mejor_tarifa_de_seguros_de_Triodos_Bank\" >\u00bfCu\u00e1l es la mejor tarifa de seguros de Triodos Bank ?<\/a><\/li><li class='ez-toc-page-1 ez-toc-heading-level-3'><a class=\"ez-toc-link ez-toc-heading-4\" href=\"https:\/\/idecesos.com\/seguros\/companias\/banco-triodos-bank\/precio\/#%C2%BFPuede_aumentar_precio_mensual_de_los_seguros_de_Triodos_Bank\" >\u00bfPuede aumentar precio mensual de los seguros de Triodos Bank ?<\/a><\/li><li class='ez-toc-page-1 ez-toc-heading-level-3'><a class=\"ez-toc-link ez-toc-heading-5\" href=\"https:\/\/idecesos.com\/seguros\/companias\/banco-triodos-bank\/precio\/#%C2%BFEl_precio_de_seguros_de_decesos_Triodos_Bank_sube_con_la_edad\" >\u00bfEl precio de seguros de decesos Triodos Bank sube con la edad?<\/a><\/li><li class='ez-toc-page-1 ez-toc-heading-level-3'><a class=\"ez-toc-link ez-toc-heading-6\" href=\"https:\/\/idecesos.com\/seguros\/companias\/banco-triodos-bank\/precio\/#Paginas_relacionadas\" >P\u00e1ginas relacionadas<\/a><\/li><\/ul><\/li><\/ul><\/nav><\/div>\n<p><br \/>\nLa muerte es el \u00fanico instante en el que a lo largo de tu vida no te puedes asistir a ti mismo. Para poder asegurar tu paz y la de tus seres queridos Triodos Bank cuenta con todo para que no debas preocuparte de nada, por lo que tu familia no contar\u00e1 con ninguna carga en el instante del \u00f3bito. M\u00e1s de treinta mil personas han conseguido m\u00e1s vivir tranquilos y aliviados a sabiendas de que dejan todo en manos de los mejores profesionales del campo merced al seguro de decesos de Triodos Bank. El precio de la prima de un seguro de decesos puede cambiar en las coberturas de cada una de sus p\u00f3lizas. Suelen tomar en consideraci\u00f3n diferentes factores como la edad del asegurado o bien el lugar donde radica. En general, cuantas m\u00e1s coberturas elija, el precio final va a ir incrementando. Triodos Bank apuesta por ofrecerte la mejor calidad y precios con sus p\u00f3lizas dando a sus clientes una personalizaci\u00f3n casi exacta con sus necesidades.<\/p>\n<div class=\"colorf\"><div class=\"container clearfix\"><div class=\"col-md-7\">\n<h2><span class=\"ez-toc-section\" id=\"Calcular_precio_seguro_de_decesos_Triodos_Bank\"><\/span>Calcular precio seguro de decesos Triodos Bank<span class=\"ez-toc-section-end\"><\/span><\/h2>\n<p>Triodos Bank calcula a su medida y mirando la circunstancia en la que se halle la tarifa id\u00f3nea para . Con un proceso adaptado, siguiendo unos pasos muy concretos y de manera pormenorizada, sus profesionales se hacen cargo de ponerlo todo en regla acomod\u00e1ndose a sus necesidades. Es mejor estar prevenido y cubrirse en salud con lo que pueda suceder en un futuro. Con Triodos Bank podr\u00e1s saber el c\u00e1lcula del precio de tu p\u00f3liza en menos de un minuto. iDecesos es la herramienta m\u00e1s f\u00e1cil y r\u00e1pida de emplear hoy en d\u00eda para comparar precios de seguros de decesos. Solo tienes que rellenar los datos que te pedimos y obtendr\u00e1s en cuesti\u00f3n de segundos la tarifa que m\u00e1s se amolde a ti. Adem\u00e1s, podr\u00e1s ver todas y cada una los beneficios que tienes a tu predisposici\u00f3n de forma sencilla. Simple, \u00bfverdad?? \u00a1A qu\u00e9 est\u00e1s aguardando!Dejando en claro que no quedas comprometido a nada y vas a poder realizarlo las veces que sea necesario plenamente sin costo.<br \/>\n<\/div><\/div><\/div><\/p>\n<h2><span class=\"ez-toc-section\" id=\"Tabla_comparativa_de_precios_Triodos_Bank\"><\/span>Tabla comparativa de precios Triodos Bank<span class=\"ez-toc-section-end\"><\/span><\/h2>\n<p><div class=\"cabecera_tabla_precio\"><table class=\"table table-striped\"><thead><tr><th class=\"nosepara centrado\">Tipo<\/th><th class=\"nosepara centrado nojustificado\">Precio Desde<\/th><th class=\"nosepara dcha\"><\/th><\/tr><\/thead><tbody><tr class=\"fila_tabla_precio\"><td class=\"nosepara izq\">Precio Seguro Decesos Triodos Bank<\/td><td class=\"nosepara centro\">1,57 \u20ac\/mes<\/td><td class=\"nosepara derecha\">\t\t\t\t\t\n\t\t\t\t\t\t<span class=\"\" style=\"cursor:pointer\" data-bs-toggle=\"modal\" data-bs-target=\"#comparadorModal\">Calcular<\/span>\t\t\t\t\n\t\t\t\t\t\n\t\t\t\t<\/td><\/tr><\/div><tr class=\"fila_tabla_precio\"><td class=\"nosepara izq\">Precio Prima \u00danica Triodos Bank<\/td><td class=\"nosepara centro\">2305 \u20ac<\/td><td class=\"nosepara derecha\">\t\t\t\t\t\n\t\t\t\t\t\t<span class=\"\" style=\"cursor:pointer\" data-bs-toggle=\"modal\" data-bs-target=\"#comparadorModal\">Calcular<\/span>\t\t\t\t\n\t\t\t\t\t\n\t\t\t\t<\/td><\/tr><\/div><tr class=\"fila_tabla_precio\"><td class=\"nosepara izq\">Precio Prima Natural Triodos Bank<\/td><td class=\"nosepara centro\">1,22 \u20ac\/mes<\/td><td class=\"nosepara derecha\">\t\t\t\t\t\n\t\t\t\t\t\t<span class=\"\" style=\"cursor:pointer\" data-bs-toggle=\"modal\" data-bs-target=\"#comparadorModal\">Calcular<\/span>\t\t\t\t\n\t\t\t\t\t\n\t\t\t\t<\/td><\/tr><\/div><tr class=\"fila_tabla_precio\"><td class=\"nosepara izq\">Precio Prima Nivelada Triodos Bank<\/td><td class=\"nosepara centro\">1,75 \u20ac\/mes<\/td><td class=\"nosepara derecha\">\t\t\t\t\t\n\t\t\t\t\t\t<span class=\"\" style=\"cursor:pointer\" data-bs-toggle=\"modal\" data-bs-target=\"#comparadorModal\">Calcular<\/span>\t\t\t\t\n\t\t\t\t\t\n\t\t\t\t<\/td><\/tr><\/div><tr class=\"fila_tabla_precio\"><td class=\"nosepara izq\">Precio Prima Mixta Triodos Bank<\/td><td class=\"nosepara centro\">1,45 \u20ac\/mes<\/td><td class=\"nosepara derecha\">\t\t\t\t\t\n\t\t\t\t\t\t<span class=\"\" style=\"cursor:pointer\" data-bs-toggle=\"modal\" data-bs-target=\"#comparadorModal\">Calcular<\/span>\t\t\t\t\n\t\t\t\t\t\n\t\t\t\t<\/td><\/tr><\/div><tr class=\"fila_tabla_precio\"><td class=\"nosepara izq\">Precio Prima Seminatural Triodos Bank<\/td><td class=\"nosepara centro\">1,45 \u20ac\/mes<\/td><td class=\"nosepara derecha\">\t\t\t\t\t\n\t\t\t\t\t\t<span class=\"\" style=\"cursor:pointer\" data-bs-toggle=\"modal\" data-bs-target=\"#comparadorModal\">Calcular<\/span>\t\t\t\t\n\t\t\t\t\t\n\t\t\t\t<\/td><\/tr><\/div><tr class=\"fila_tabla_precio\"><td class=\"nosepara izq\">Precio con Repatriaci\u00f3n Triodos Bank<\/td><td class=\"nosepara centro\">0,72 \u20ac a la cuota<\/td><td class=\"nosepara derecha\">\t\t\t\t\t\n\t\t\t\t\t\t<span class=\"\" style=\"cursor:pointer\" data-bs-toggle=\"modal\" data-bs-target=\"#comparadorModal\">Calcular<\/span>\t\t\t\t\n\t\t\t\t\t\n\t\t\t\t<\/td><\/tr><\/div><tr class=\"fila_tabla_precio\"><td class=\"nosepara izq\">Precio Seguro Defunci\u00f3n Triodos Bank<\/td><td class=\"nosepara centro\">1,48 \u20ac\/mes<\/td><td class=\"nosepara derecha\">\t\t\t\t\t\n\t\t\t\t\t\t<span class=\"\" style=\"cursor:pointer\" data-bs-toggle=\"modal\" data-bs-target=\"#comparadorModal\">Calcular<\/span>\t\t\t\t\n\t\t\t\t\t\n\t\t\t\t<\/td><\/tr><\/div><tr class=\"fila_tabla_precio\"><td class=\"nosepara izq\">Precio Seguro Fallecimiento Triodos Bank<\/td><td class=\"nosepara centro\">1,62 \u20ac\/mes<\/td><td class=\"nosepara derecha\">\t\t\t\t\t\n\t\t\t\t\t\t<span class=\"\" style=\"cursor:pointer\" data-bs-toggle=\"modal\" data-bs-target=\"#comparadorModal\">Calcular<\/span>\t\t\t\t\n\t\t\t\t\t\n\t\t\t\t<\/td><\/tr><\/div><tr class=\"fila_tabla_precio\"><td class=\"nosepara izq\">Precio Seguro Muertos Triodos Bank<\/td><td class=\"nosepara centro\">1,45 \u20ac\/mes<\/td><td class=\"nosepara derecha\">\t\t\t\t\t\n\t\t\t\t\t\t<span class=\"\" style=\"cursor:pointer\" data-bs-toggle=\"modal\" data-bs-target=\"#comparadorModal\">Calcular<\/span>\t\t\t\t\n\t\t\t\t\t\n\t\t\t\t<\/td><\/tr><\/div><tr class=\"fila_tabla_precio\"><td class=\"nosepara izq\">Precio Asistencia Familiar Triodos Bank<\/td><td class=\"nosepara centro\">1,52 \u20ac\/mes<\/td><td class=\"nosepara derecha\">\t\t\t\t\t\n\t\t\t\t\t\t<span class=\"\" style=\"cursor:pointer\" data-bs-toggle=\"modal\" data-bs-target=\"#comparadorModal\">Calcular<\/span>\t\t\t\t\n\t\t\t\t\t\n\t\t\t\t<\/td><\/tr><\/div><\/tbody><\/table><\/div><\/p>\n<p>Ac\u00e1 abajo le mostramos una tabla con todas y cada una de las tarifas de cada g\u00e9nero de prima que le ofrece Triodos Bank con su seguro de decesos. Estas primas han sido ideadas pensando en todos y cada usuario a fin de que pueda escoger la que m\u00e1s se amolde a sus necesidades. Estos son los precios de los diferentes g\u00e9neros de primas que le brinda Triodos Bank.<br \/>\n<div class=\"colorf\"><div class=\"container clearfix\"><div class=\"col-md-7\"><\/p>\n<h3><span class=\"ez-toc-section\" id=\"%C2%BFCual_es_la_mejor_tarifa_de_seguros_de_Triodos_Bank\"><\/span>\u00bfCu\u00e1l es la mejor tarifa de seguros de Triodos Bank ?<span class=\"ez-toc-section-end\"><\/span><\/h3>\n<p>Lo que busca se lo ofrece Triodos Bank. Las coberturas a\u00f1adidas m\u00e1s importantes y m\u00e1s diferenciadoras del mercado las disfruta las diferentes compa\u00f1\u00edas de seguros de forma particular las p\u00f3lizas de seguro de decesos que ofertamos en nuestro portfolio de seguro de defunci\u00f3n. iDecesos rastrear\u00e1 entre todas y cada una de las ofertas actualizadas diariamente del mercado de seguros de Espa\u00f1a, acomodando el ranking de precios a los productos que m\u00e1s se acomoden a su perfil.<br \/>\n<\/div><\/div><\/div><\/p>\n<h3><span class=\"ez-toc-section\" id=\"%C2%BFPuede_aumentar_precio_mensual_de_los_seguros_de_Triodos_Bank\"><\/span>\u00bfPuede aumentar precio mensual de los seguros de Triodos Bank ?<span class=\"ez-toc-section-end\"><\/span><\/h3>\n<p>Antes de que pase algo inopinado es mejor que tenga contratado el seguro de decesos de Triodos Bank. Puede que el precio de su p\u00f3liza aumente mas no se preocupe, todo va a quedar expuesto en su contrato a fin de que no tenga ning\u00fan susto. Que suba el precio de su p\u00f3liza no es habitual mas si Triodos Bank lo hace no se ver\u00e1 obligada a informarle. No tendr\u00e1s ning\u00fan problema puesto que Triodos Bank es una de las empresas aseguradoras que tiene las cl\u00e1usulas m\u00e1s espec\u00edficas del mercado.<br \/>\n<div class=\"colorf\"><div class=\"container clearfix\"><div class=\"col-md-7\"><\/p>\n<h3><span class=\"ez-toc-section\" id=\"%C2%BFEl_precio_de_seguros_de_decesos_Triodos_Bank_sube_con_la_edad\"><\/span>\u00bfEl precio de seguros de decesos Triodos Bank sube con la edad?<span class=\"ez-toc-section-end\"><\/span><\/h3>\n<p>Triodos Bank est\u00e1 preparada para brindarte una p\u00f3liza sobre su seguro de decesos si a\u00fan no cuentas con una con independencia de la edad que tengas. D\u00e9jese de preocupaciones. Triodos Bank no le subir\u00e1 sus cuotas con el paso del tiempo ya que su p\u00f3liza hace referencia a la edad del asegurado. Con lo que la edad no es barrera para la contrataci\u00f3n de tu seguro, cuentas con las diferentes modalidades como puede ser prima nivelada, natural, mixta, seminatural y \u00fanica. Ahorra tiempo con Triodos Bank. Ellos se encargaran de los tr\u00e1mites burocr\u00e1ticos y de todos y cada uno de los gastos de sepelio. Triodos Bank te ofrece coberturas de lo m\u00e1s interesantes y actuales para que sus asegurados est\u00e9n en las mejores manos. Si bien contratar un seguro de decesos no tiene edad, seg\u00fan van pasando los a\u00f1os es mejor dejar todo organizado para poder vivir sin preocupaciones y a fin de que su familia tampoco las tenga.<br \/>\n<\/div><\/div><\/div><\/p>\n<h3><span class=\"ez-toc-section\" id=\"Paginas_relacionadas\"><\/span>P\u00e1ginas relacionadas<span class=\"ez-toc-section-end\"><\/span><\/h3><div class=\"enlazado\"><ul> <li><a href=\"https:\/\/idecesos.com\/seguros\/companias\/banco-triodos-bank\/opiniones\/\">Opiniones Triodos Bank<\/a><\/li> <li><a href=\"https:\/\/idecesos.com\/seguros\/companias\/banco-triodos-bank\/precio\/\">Precio seguro Triodos Bank<\/a><\/li> <li><a href=\"https:\/\/idecesos.com\/seguros\/companias\/banco-triodos-bank\/prima-mixta\/\">Triodos Bank Prima Mixta<\/a><\/li> <li><a href=\"https:\/\/idecesos.com\/seguros\/companias\/banco-triodos-bank\/prima-natural\/\">Triodos Bank Prima Natural<\/a><\/li> <li><a href=\"https:\/\/idecesos.com\/seguros\/companias\/banco-triodos-bank\/prima-nivelada\/\">Triodos Bank Prima Nivelada<\/a><\/li> <li><a href=\"https:\/\/idecesos.com\/seguros\/companias\/banco-triodos-bank\/prima-unica\/\">Triodos Bank Prima \u00danica<\/a><\/li> <li><a href=\"https:\/\/idecesos.com\/seguros\/companias\/banco-triodos-bank\/repatriacion\/\">Triodos Bank Repatriaci\u00f3n<\/a><\/li> <li><a href=\"https:\/\/idecesos.com\/seguros\/companias\/banco-triodos-bank\/telefono\/\">Tel\u00e9fono Gratuito Triodos Bank<\/a><\/li><\/ul><\/div>\n","protected":false},"excerpt":{"rendered":"<p>La muerte es el \u00fanico instante en el que a lo largo de tu vida no te puedes asistir a ti mismo. Para poder asegurar tu paz y la de tus seres queridos Triodos Bank cuenta con todo para que no debas preocuparte de nada, por lo que tu familia no contar\u00e1 con ninguna carga&hellip; <\/p>\n","protected":false},"author":1,"featured_media":17375,"parent":504,"menu_order":0,"comment_status":"closed","ping_status":"closed","template":"single.php","meta":{"footnotes":""},"class_list":["post-17374","page","type-page","status-publish","has-post-thumbnail","hentry"],"yoast_head":"<!-- This site is optimized with the Yoast SEO plugin v27.5 - https:\/\/yoast.com\/product\/yoast-seo-wordpress\/ -->\n<title>Precio Seguro Decesos Triodos Bank \u25b7DTO 25% I Oferta 2026<\/title>\n<meta name=\"description\" content=\"Calcular aqu\u00ed\u3010precio seguro de decesos Triodos Bank\u3011Tarifas, oferta y descuento de seguro defunci\u00f3n Triodos Bank 2026 \u2611\ufe0fiDecesos\u00ae N\u00ba1 en ahorro\" \/>\n<meta name=\"robots\" content=\"index, follow, max-snippet:-1, max-image-preview:large, max-video-preview:-1\" \/>\n<link rel=\"canonical\" href=\"https:\/\/idecesos.com\/seguros\/companias\/banco-triodos-bank\/precio\/\" \/>\n<meta property=\"og:locale\" content=\"es_ES\" \/>\n<meta property=\"og:type\" content=\"article\" \/>\n<meta property=\"og:title\" content=\"Precio Seguro Decesos Triodos Bank \u25b7DTO 25% I Oferta 2026\" \/>\n<meta property=\"og:description\" content=\"Calcular aqu\u00ed\u3010precio seguro de decesos Triodos Bank\u3011Tarifas, oferta y descuento de seguro defunci\u00f3n Triodos Bank 2026 \u2611\ufe0fiDecesos\u00ae N\u00ba1 en ahorro\" \/>\n<meta property=\"og:url\" content=\"https:\/\/idecesos.com\/seguros\/companias\/banco-triodos-bank\/precio\/\" \/>\n<meta property=\"article:modified_time\" content=\"2022-03-10T11:45:48+00:00\" \/>\n<meta property=\"og:image\" content=\"https:\/\/idecesos.com\/seguros\/wp-content\/uploads\/2021\/12\/precio-2.jpg-29.jpeg\" \/>\n\t<meta property=\"og:image:width\" content=\"1500\" \/>\n\t<meta property=\"og:image:height\" content=\"559\" \/>\n\t<meta property=\"og:image:type\" content=\"image\/jpeg\" \/>\n<meta name=\"twitter:card\" content=\"summary_large_image\" \/>\n<meta name=\"twitter:label1\" content=\"Tiempo de lectura\" \/>\n\t<meta name=\"twitter:data1\" content=\"75 minutos\" \/>\n<script type=\"application\/ld+json\" class=\"yoast-schema-graph\">{\"@context\":\"https:\\\/\\\/schema.org\",\"@graph\":[{\"@type\":\"WebPage\",\"@id\":\"https:\\\/\\\/idecesos.com\\\/seguros\\\/companias\\\/banco-triodos-bank\\\/precio\\\/\",\"url\":\"https:\\\/\\\/idecesos.com\\\/seguros\\\/companias\\\/banco-triodos-bank\\\/precio\\\/\",\"name\":\"Precio Seguro Decesos Triodos Bank \u25b7DTO 25% I Oferta 2026\",\"isPartOf\":{\"@id\":\"https:\\\/\\\/idecesos.com\\\/seguros\\\/#website\"},\"primaryImageOfPage\":{\"@id\":\"https:\\\/\\\/idecesos.com\\\/seguros\\\/companias\\\/banco-triodos-bank\\\/precio\\\/#primaryimage\"},\"image\":{\"@id\":\"https:\\\/\\\/idecesos.com\\\/seguros\\\/companias\\\/banco-triodos-bank\\\/precio\\\/#primaryimage\"},\"thumbnailUrl\":\"https:\\\/\\\/idecesos.com\\\/seguros\\\/wp-content\\\/uploads\\\/2021\\\/12\\\/precio-2.jpg-29.jpeg\",\"datePublished\":\"2021-12-15T16:03:02+00:00\",\"dateModified\":\"2022-03-10T11:45:48+00:00\",\"description\":\"Calcular aqu\u00ed\u3010precio seguro de decesos Triodos Bank\u3011Tarifas, oferta y descuento de seguro defunci\u00f3n Triodos Bank 2026 \u2611\ufe0fiDecesos\u00ae N\u00ba1 en ahorro\",\"breadcrumb\":{\"@id\":\"https:\\\/\\\/idecesos.com\\\/seguros\\\/companias\\\/banco-triodos-bank\\\/precio\\\/#breadcrumb\"},\"inLanguage\":\"es\",\"potentialAction\":[{\"@type\":\"ReadAction\",\"target\":[\"https:\\\/\\\/idecesos.com\\\/seguros\\\/companias\\\/banco-triodos-bank\\\/precio\\\/\"]}]},{\"@type\":\"ImageObject\",\"inLanguage\":\"es\",\"@id\":\"https:\\\/\\\/idecesos.com\\\/seguros\\\/companias\\\/banco-triodos-bank\\\/precio\\\/#primaryimage\",\"url\":\"https:\\\/\\\/idecesos.com\\\/seguros\\\/wp-content\\\/uploads\\\/2021\\\/12\\\/precio-2.jpg-29.jpeg\",\"contentUrl\":\"https:\\\/\\\/idecesos.com\\\/seguros\\\/wp-content\\\/uploads\\\/2021\\\/12\\\/precio-2.jpg-29.jpeg\",\"width\":1500,\"height\":559,\"caption\":\"Precio Triodos Bank\"},{\"@type\":\"BreadcrumbList\",\"@id\":\"https:\\\/\\\/idecesos.com\\\/seguros\\\/companias\\\/banco-triodos-bank\\\/precio\\\/#breadcrumb\",\"itemListElement\":[{\"@type\":\"ListItem\",\"position\":1,\"name\":\"Portada\",\"item\":\"https:\\\/\\\/idecesos.com\\\/seguros\\\/\"},{\"@type\":\"ListItem\",\"position\":2,\"name\":\"Compa\u00f1\u00edas de Seguros de Decesos en Espa\u00f1a\",\"item\":\"https:\\\/\\\/idecesos.com\\\/seguros\\\/companias\\\/\"},{\"@type\":\"ListItem\",\"position\":3,\"name\":\"Seguro de decesos Triodos Bank\",\"item\":\"https:\\\/\\\/idecesos.com\\\/seguros\\\/companias\\\/banco-triodos-bank\\\/\"},{\"@type\":\"ListItem\",\"position\":4,\"name\":\"\u00bfCu\u00e1nto cuesta el seguro de decesos Triodos Bank?\"}]},{\"@type\":\"WebSite\",\"@id\":\"https:\\\/\\\/idecesos.com\\\/seguros\\\/#website\",\"url\":\"https:\\\/\\\/idecesos.com\\\/seguros\\\/\",\"name\":\"\",\"description\":\"\",\"potentialAction\":[{\"@type\":\"SearchAction\",\"target\":{\"@type\":\"EntryPoint\",\"urlTemplate\":\"https:\\\/\\\/idecesos.com\\\/seguros\\\/?s={search_term_string}\"},\"query-input\":{\"@type\":\"PropertyValueSpecification\",\"valueRequired\":true,\"valueName\":\"search_term_string\"}}],\"inLanguage\":\"es\"}]}<\/script>\n<!-- \/ Yoast SEO plugin. -->","yoast_head_json":{"title":"Precio Seguro Decesos Triodos Bank \u25b7DTO 25% I Oferta 2026","description":"Calcular aqu\u00ed\u3010precio seguro de decesos Triodos Bank\u3011Tarifas, oferta y descuento de seguro defunci\u00f3n Triodos Bank 2026 \u2611\ufe0fiDecesos\u00ae N\u00ba1 en ahorro","robots":{"index":"index","follow":"follow","max-snippet":"max-snippet:-1","max-image-preview":"max-image-preview:large","max-video-preview":"max-video-preview:-1"},"canonical":"https:\/\/idecesos.com\/seguros\/companias\/banco-triodos-bank\/precio\/","og_locale":"es_ES","og_type":"article","og_title":"Precio Seguro Decesos Triodos Bank \u25b7DTO 25% I Oferta 2026","og_description":"Calcular aqu\u00ed\u3010precio seguro de decesos Triodos Bank\u3011Tarifas, oferta y descuento de seguro defunci\u00f3n Triodos Bank 2026 \u2611\ufe0fiDecesos\u00ae N\u00ba1 en ahorro","og_url":"https:\/\/idecesos.com\/seguros\/companias\/banco-triodos-bank\/precio\/","article_modified_time":"2022-03-10T11:45:48+00:00","og_image":[{"width":1500,"height":559,"url":"https:\/\/idecesos.com\/seguros\/wp-content\/uploads\/2021\/12\/precio-2.jpg-29.jpeg","type":"image\/jpeg"}],"twitter_card":"summary_large_image","twitter_misc":{"Tiempo de lectura":"75 minutos"},"schema":{"@context":"https:\/\/schema.org","@graph":[{"@type":"WebPage","@id":"https:\/\/idecesos.com\/seguros\/companias\/banco-triodos-bank\/precio\/","url":"https:\/\/idecesos.com\/seguros\/companias\/banco-triodos-bank\/precio\/","name":"Precio Seguro Decesos Triodos Bank \u25b7DTO 25% I Oferta 2026","isPartOf":{"@id":"https:\/\/idecesos.com\/seguros\/#website"},"primaryImageOfPage":{"@id":"https:\/\/idecesos.com\/seguros\/companias\/banco-triodos-bank\/precio\/#primaryimage"},"image":{"@id":"https:\/\/idecesos.com\/seguros\/companias\/banco-triodos-bank\/precio\/#primaryimage"},"thumbnailUrl":"https:\/\/idecesos.com\/seguros\/wp-content\/uploads\/2021\/12\/precio-2.jpg-29.jpeg","datePublished":"2021-12-15T16:03:02+00:00","dateModified":"2022-03-10T11:45:48+00:00","description":"Calcular aqu\u00ed\u3010precio seguro de decesos Triodos Bank\u3011Tarifas, oferta y descuento de seguro defunci\u00f3n Triodos Bank 2026 \u2611\ufe0fiDecesos\u00ae N\u00ba1 en ahorro","breadcrumb":{"@id":"https:\/\/idecesos.com\/seguros\/companias\/banco-triodos-bank\/precio\/#breadcrumb"},"inLanguage":"es","potentialAction":[{"@type":"ReadAction","target":["https:\/\/idecesos.com\/seguros\/companias\/banco-triodos-bank\/precio\/"]}]},{"@type":"ImageObject","inLanguage":"es","@id":"https:\/\/idecesos.com\/seguros\/companias\/banco-triodos-bank\/precio\/#primaryimage","url":"https:\/\/idecesos.com\/seguros\/wp-content\/uploads\/2021\/12\/precio-2.jpg-29.jpeg","contentUrl":"https:\/\/idecesos.com\/seguros\/wp-content\/uploads\/2021\/12\/precio-2.jpg-29.jpeg","width":1500,"height":559,"caption":"Precio Triodos Bank"},{"@type":"BreadcrumbList","@id":"https:\/\/idecesos.com\/seguros\/companias\/banco-triodos-bank\/precio\/#breadcrumb","itemListElement":[{"@type":"ListItem","position":1,"name":"Portada","item":"https:\/\/idecesos.com\/seguros\/"},{"@type":"ListItem","position":2,"name":"Compa\u00f1\u00edas de Seguros de Decesos en Espa\u00f1a","item":"https:\/\/idecesos.com\/seguros\/companias\/"},{"@type":"ListItem","position":3,"name":"Seguro de decesos Triodos Bank","item":"https:\/\/idecesos.com\/seguros\/companias\/banco-triodos-bank\/"},{"@type":"ListItem","position":4,"name":"\u00bfCu\u00e1nto cuesta el seguro de decesos Triodos Bank?"}]},{"@type":"WebSite","@id":"https:\/\/idecesos.com\/seguros\/#website","url":"https:\/\/idecesos.com\/seguros\/","name":"","description":"","potentialAction":[{"@type":"SearchAction","target":{"@type":"EntryPoint","urlTemplate":"https:\/\/idecesos.com\/seguros\/?s={search_term_string}"},"query-input":{"@type":"PropertyValueSpecification","valueRequired":true,"valueName":"search_term_string"}}],"inLanguage":"es"}]}},"_links":{"self":[{"href":"https:\/\/idecesos.com\/seguros\/wp-json\/wp\/v2\/pages\/17374","targetHints":{"allow":["GET"]}}],"collection":[{"href":"https:\/\/idecesos.com\/seguros\/wp-json\/wp\/v2\/pages"}],"about":[{"href":"https:\/\/idecesos.com\/seguros\/wp-json\/wp\/v2\/types\/page"}],"author":[{"embeddable":true,"href":"https:\/\/idecesos.com\/seguros\/wp-json\/wp\/v2\/users\/1"}],"replies":[{"embeddable":true,"href":"https:\/\/idecesos.com\/seguros\/wp-json\/wp\/v2\/comments?post=17374"}],"version-history":[{"count":2,"href":"https:\/\/idecesos.com\/seguros\/wp-json\/wp\/v2\/pages\/17374\/revisions"}],"predecessor-version":[{"id":20152,"href":"https:\/\/idecesos.com\/seguros\/wp-json\/wp\/v2\/pages\/17374\/revisions\/20152"}],"up":[{"embeddable":true,"href":"https:\/\/idecesos.com\/seguros\/wp-json\/wp\/v2\/pages\/504"}],"wp:featuredmedia":[{"embeddable":true,"href":"https:\/\/idecesos.com\/seguros\/wp-json\/wp\/v2\/media\/17375"}],"wp:attachment":[{"href":"https:\/\/idecesos.com\/seguros\/wp-json\/wp\/v2\/media?parent=17374"}],"curies":[{"name":"wp","href":"https:\/\/api.w.org\/{rel}","templated":true}]}}