{"id":17376,"date":"2021-12-15T16:03:02","date_gmt":"2021-12-15T16:03:02","guid":{"rendered":"https:\/\/idecesos.com\/seguros\/companias\/bbva\/precio\/"},"modified":"2022-03-10T09:33:08","modified_gmt":"2022-03-10T09:33:08","slug":"precio","status":"publish","type":"page","link":"https:\/\/idecesos.com\/seguros\/companias\/bbva\/precio\/","title":{"rendered":"\u00bfCu\u00e1nto cuesta el seguro de decesos BBVA?"},"content":{"rendered":"<div id=\"ez-toc-container\" class=\"ez-toc-v2_0_82_2 ez-toc-wrap-center counter-hierarchy ez-toc-counter ez-toc-custom ez-toc-container-direction\">\n<div class=\"ez-toc-title-container\">\n<p class=\"ez-toc-title\" style=\"cursor:inherit\">Tabla de Contenido<\/p>\n<span class=\"ez-toc-title-toggle\"><a href=\"#\" class=\"ez-toc-pull-right ez-toc-btn ez-toc-btn-xs ez-toc-btn-default ez-toc-toggle\" aria-label=\"Alternar tabla de contenidos\"><span class=\"ez-toc-js-icon-con\"><span class=\"\"><span class=\"eztoc-hide\" style=\"display:none;\">Toggle<\/span><span class=\"ez-toc-icon-toggle-span\"><svg style=\"fill: #db6415;color:#db6415\" xmlns=\"http:\/\/www.w3.org\/2000\/svg\" class=\"list-377408\" width=\"20px\" height=\"20px\" viewBox=\"0 0 24 24\" fill=\"none\"><path d=\"M6 6H4v2h2V6zm14 0H8v2h12V6zM4 11h2v2H4v-2zm16 0H8v2h12v-2zM4 16h2v2H4v-2zm16 0H8v2h12v-2z\" fill=\"currentColor\"><\/path><\/svg><svg style=\"fill: #db6415;color:#db6415\" class=\"arrow-unsorted-368013\" xmlns=\"http:\/\/www.w3.org\/2000\/svg\" width=\"10px\" height=\"10px\" viewBox=\"0 0 24 24\" version=\"1.2\" baseProfile=\"tiny\"><path d=\"M18.2 9.3l-6.2-6.3-6.2 6.3c-.2.2-.3.4-.3.7s.1.5.3.7c.2.2.4.3.7.3h11c.3 0 .5-.1.7-.3.2-.2.3-.5.3-.7s-.1-.5-.3-.7zM5.8 14.7l6.2 6.3 6.2-6.3c.2-.2.3-.5.3-.7s-.1-.5-.3-.7c-.2-.2-.4-.3-.7-.3h-11c-.3 0-.5.1-.7.3-.2.2-.3.5-.3.7s.1.5.3.7z\"\/><\/svg><\/span><\/span><\/span><\/a><\/span><\/div>\n<nav><ul class='ez-toc-list ez-toc-list-level-1 ' ><li class='ez-toc-page-1 ez-toc-heading-level-2'><a class=\"ez-toc-link ez-toc-heading-1\" href=\"https:\/\/idecesos.com\/seguros\/companias\/bbva\/precio\/#Calcular_precio_seguro_de_decesos_BBVA\" >Calcular precio seguro de decesos BBVA<\/a><\/li><li class='ez-toc-page-1 ez-toc-heading-level-2'><a class=\"ez-toc-link ez-toc-heading-2\" href=\"https:\/\/idecesos.com\/seguros\/companias\/bbva\/precio\/#Tabla_comparativa_de_precios_BBVA\" >Tabla comparativa de precios BBVA<\/a><ul class='ez-toc-list-level-3' ><li class='ez-toc-heading-level-3'><a class=\"ez-toc-link ez-toc-heading-3\" href=\"https:\/\/idecesos.com\/seguros\/companias\/bbva\/precio\/#%C2%BFCual_es_la_mejor_tarifa_de_seguros_de_BBVA\" >\u00bfCu\u00e1l es la mejor tarifa de seguros de BBVA ?<\/a><\/li><li class='ez-toc-page-1 ez-toc-heading-level-3'><a class=\"ez-toc-link ez-toc-heading-4\" href=\"https:\/\/idecesos.com\/seguros\/companias\/bbva\/precio\/#%C2%BFPuede_aumentar_precio_mensual_de_los_seguros_de_BBVA\" >\u00bfPuede aumentar precio mensual de los seguros de BBVA ?<\/a><\/li><li class='ez-toc-page-1 ez-toc-heading-level-3'><a class=\"ez-toc-link ez-toc-heading-5\" href=\"https:\/\/idecesos.com\/seguros\/companias\/bbva\/precio\/#%C2%BFEl_precio_de_seguros_de_decesos_BBVA_sube_con_la_edad\" >\u00bfEl precio de seguros de decesos BBVA sube con la edad?<\/a><\/li><li class='ez-toc-page-1 ez-toc-heading-level-3'><a class=\"ez-toc-link ez-toc-heading-6\" href=\"https:\/\/idecesos.com\/seguros\/companias\/bbva\/precio\/#Paginas_relacionadas\" >P\u00e1ginas relacionadas<\/a><\/li><\/ul><\/li><\/ul><\/nav><\/div>\n<p><br \/>\nDurante la vida el \u00fanico instante en el que no nos podemos asistir a uno mismo es de la muerte. Deja de preocuparte. Por tu tranquilidad y la de tus seres queridos BBVA cuenta con todos los servicios que necesitas para que no debas preocuparte por nada. BBVA cuenta con m\u00e1s de treinta mil asegurados que desde el instante en que cuentan con sus servicios viven m\u00e1s aliviados sabiendo que dejan todo a cargo de los mejores profesionales del sector decesos. El precio de cada una de las primas de un seguro de decesos puede variar dependiendo de muchos aspectos. Las coberturas o bien diferentes factores como la edad del asegurado o bien el lugar donde radica pueden ser uno de ellos. Cuanto m\u00e1s coberturas escoja, lo normal es que, su precio final va a ser mayor. Las p\u00f3lizas de BBVA te ofrecen la mejor calidad y tarifas. Con esto cada cliente del servicio podr\u00e1 contar con de todo lo que necesite, adapt\u00e1ndose a sus necesidades.<\/p>\n<div class=\"colorf\"><div class=\"container clearfix\"><div class=\"col-md-7\">\n<h2><span class=\"ez-toc-section\" id=\"Calcular_precio_seguro_de_decesos_BBVA\"><\/span>Calcular precio seguro de decesos BBVA<span class=\"ez-toc-section-end\"><\/span><\/h2>\n<p>BBVA est\u00e1 comprometida en llevar un c\u00e1lculo de manera exhaustiva contando con todos los distintos factores que rodean a la p\u00f3liza. Adem\u00e1s de realizar el c\u00e1lculo de la p\u00f3liza, das tranquilidad a tu ser querido. La empresa de seguros que est\u00e1s buscando es BBVA en tanto que cuenta con miles de ventajas que se amoldar\u00e1n a cada uno de ellos de sus asegurados. Cuentas con otras de los beneficios m\u00e1s revolucionarias de herramienta que hallar\u00e1s en el mercado, con iDecesos logras ver diferentes comparativas de precios a tiempo real en el instante que le des al bot\u00f3n, con lo que tambi\u00e9n dar\u00e1s con las primordiales claves de cada una de sus ventajas de cada una de las p\u00f3lizas de BBVA incluyendo sus coberturas.<br \/>\n<\/div><\/div><\/div><\/p>\n<h2><span class=\"ez-toc-section\" id=\"Tabla_comparativa_de_precios_BBVA\"><\/span>Tabla comparativa de precios BBVA<span class=\"ez-toc-section-end\"><\/span><\/h2>\n<p><div class=\"cabecera_tabla_precio\"><table class=\"table table-striped\"><thead><tr><th class=\"nosepara centrado\">Tipo<\/th><th class=\"nosepara centrado nojustificado\">Precio Desde<\/th><th class=\"nosepara dcha\"><\/th><\/tr><\/thead><tbody><tr class=\"fila_tabla_precio\"><td class=\"nosepara izq\">Precio Seguro Decesos BBVA<\/td><td class=\"nosepara centro\">1,64 \u20ac\/mes<\/td><td class=\"nosepara derecha\">\t\t\t\t\t\n\t\t\t\t\t\t<span class=\"\" style=\"cursor:pointer\" data-bs-toggle=\"modal\" data-bs-target=\"#comparadorModal\">Calcular<\/span>\t\t\t\t\n\t\t\t\t\t\n\t\t\t\t<\/td><\/tr><\/div><tr class=\"fila_tabla_precio\"><td class=\"nosepara izq\">Precio Prima \u00danica BBVA<\/td><td class=\"nosepara centro\">2340 \u20ac<\/td><td class=\"nosepara derecha\">\t\t\t\t\t\n\t\t\t\t\t\t<span class=\"\" style=\"cursor:pointer\" data-bs-toggle=\"modal\" data-bs-target=\"#comparadorModal\">Calcular<\/span>\t\t\t\t\n\t\t\t\t\t\n\t\t\t\t<\/td><\/tr><\/div><tr class=\"fila_tabla_precio\"><td class=\"nosepara izq\">Precio Prima Natural BBVA<\/td><td class=\"nosepara centro\">1,41 \u20ac\/mes<\/td><td class=\"nosepara derecha\">\t\t\t\t\t\n\t\t\t\t\t\t<span class=\"\" style=\"cursor:pointer\" data-bs-toggle=\"modal\" data-bs-target=\"#comparadorModal\">Calcular<\/span>\t\t\t\t\n\t\t\t\t\t\n\t\t\t\t<\/td><\/tr><\/div><tr class=\"fila_tabla_precio\"><td class=\"nosepara izq\">Precio Prima Nivelada BBVA<\/td><td class=\"nosepara centro\">1,49 \u20ac\/mes<\/td><td class=\"nosepara derecha\">\t\t\t\t\t\n\t\t\t\t\t\t<span class=\"\" style=\"cursor:pointer\" data-bs-toggle=\"modal\" data-bs-target=\"#comparadorModal\">Calcular<\/span>\t\t\t\t\n\t\t\t\t\t\n\t\t\t\t<\/td><\/tr><\/div><tr class=\"fila_tabla_precio\"><td class=\"nosepara izq\">Precio Prima Mixta BBVA<\/td><td class=\"nosepara centro\">1,24 \u20ac\/mes<\/td><td class=\"nosepara derecha\">\t\t\t\t\t\n\t\t\t\t\t\t<span class=\"\" style=\"cursor:pointer\" data-bs-toggle=\"modal\" data-bs-target=\"#comparadorModal\">Calcular<\/span>\t\t\t\t\n\t\t\t\t\t\n\t\t\t\t<\/td><\/tr><\/div><tr class=\"fila_tabla_precio\"><td class=\"nosepara izq\">Precio Prima Seminatural BBVA<\/td><td class=\"nosepara centro\">1,32 \u20ac\/mes<\/td><td class=\"nosepara derecha\">\t\t\t\t\t\n\t\t\t\t\t\t<span class=\"\" style=\"cursor:pointer\" data-bs-toggle=\"modal\" data-bs-target=\"#comparadorModal\">Calcular<\/span>\t\t\t\t\n\t\t\t\t\t\n\t\t\t\t<\/td><\/tr><\/div><tr class=\"fila_tabla_precio\"><td class=\"nosepara izq\">Precio con Repatriaci\u00f3n BBVA<\/td><td class=\"nosepara centro\">1,00 \u20ac a la cuota<\/td><td class=\"nosepara derecha\">\t\t\t\t\t\n\t\t\t\t\t\t<span class=\"\" style=\"cursor:pointer\" data-bs-toggle=\"modal\" data-bs-target=\"#comparadorModal\">Calcular<\/span>\t\t\t\t\n\t\t\t\t\t\n\t\t\t\t<\/td><\/tr><\/div><tr class=\"fila_tabla_precio\"><td class=\"nosepara izq\">Precio Seguro Defunci\u00f3n BBVA<\/td><td class=\"nosepara centro\">1,48 \u20ac\/mes<\/td><td class=\"nosepara derecha\">\t\t\t\t\t\n\t\t\t\t\t\t<span class=\"\" style=\"cursor:pointer\" data-bs-toggle=\"modal\" data-bs-target=\"#comparadorModal\">Calcular<\/span>\t\t\t\t\n\t\t\t\t\t\n\t\t\t\t<\/td><\/tr><\/div><tr class=\"fila_tabla_precio\"><td class=\"nosepara izq\">Precio Seguro Fallecimiento BBVA<\/td><td class=\"nosepara centro\">1,62 \u20ac\/mes<\/td><td class=\"nosepara derecha\">\t\t\t\t\t\n\t\t\t\t\t\t<span class=\"\" style=\"cursor:pointer\" data-bs-toggle=\"modal\" data-bs-target=\"#comparadorModal\">Calcular<\/span>\t\t\t\t\n\t\t\t\t\t\n\t\t\t\t<\/td><\/tr><\/div><tr class=\"fila_tabla_precio\"><td class=\"nosepara izq\">Precio Seguro Muertos BBVA<\/td><td class=\"nosepara centro\">1,62 \u20ac\/mes<\/td><td class=\"nosepara derecha\">\t\t\t\t\t\n\t\t\t\t\t\t<span class=\"\" style=\"cursor:pointer\" data-bs-toggle=\"modal\" data-bs-target=\"#comparadorModal\">Calcular<\/span>\t\t\t\t\n\t\t\t\t\t\n\t\t\t\t<\/td><\/tr><\/div><tr class=\"fila_tabla_precio\"><td class=\"nosepara izq\">Precio Asistencia Familiar BBVA<\/td><td class=\"nosepara centro\">1,53 \u20ac\/mes<\/td><td class=\"nosepara derecha\">\t\t\t\t\t\n\t\t\t\t\t\t<span class=\"\" style=\"cursor:pointer\" data-bs-toggle=\"modal\" data-bs-target=\"#comparadorModal\">Calcular<\/span>\t\t\t\t\n\t\t\t\t\t\n\t\t\t\t<\/td><\/tr><\/div><\/tbody><\/table><\/div><\/p>\n<p>Ac\u00e1 abajo le mostramos una tabla con todas y cada una de las tarifas de cada tipo de prima que le ofrece BBVA con su seguro de decesos. Estas primas han sido concebidas pensando en cada cliente del servicio para que usted pueda seleccionar la que m\u00e1s se amolde a sus necesidades. Estos son los precios de los diferentes g\u00e9neros de primas que le ofrece BBVA.<br \/>\n<div class=\"colorf\"><div class=\"container clearfix\"><div class=\"col-md-7\"><\/p>\n<h3><span class=\"ez-toc-section\" id=\"%C2%BFCual_es_la_mejor_tarifa_de_seguros_de_BBVA\"><\/span>\u00bfCu\u00e1l es la mejor tarifa de seguros de BBVA ?<span class=\"ez-toc-section-end\"><\/span><\/h3>\n<p>Ya lo sabes, merced al trabajo de iDecesos hallar la mejor tarifa de seguro de decesos de BBVA es muy sencillo. En los seguros de decesos, donde m\u00e1s hay pluralidad es en las p\u00f3lizas de coberturas adicionales ya que cada compa\u00f1\u00eda de seguros se ha encargado de distinguirse de la competencia ofertando diferentes servicios.<br \/>\n<\/div><\/div><\/div><\/p>\n<h3><span class=\"ez-toc-section\" id=\"%C2%BFPuede_aumentar_precio_mensual_de_los_seguros_de_BBVA\"><\/span>\u00bfPuede aumentar precio mensual de los seguros de BBVA ?<span class=\"ez-toc-section-end\"><\/span><\/h3>\n<p>BBVA te ofrece su seguro de decesos para que no tengas que preocuparte por nada. Si hay un incremento del precio de su p\u00f3liza no tiene por qu\u00e9 preocuparse, todo quedar\u00e1 recogido en el contrato del asegurado. Lo m\u00e1s habitual es que no ocurra ninguna subida con BBVA se debe valorar que estas circunstancias la compa\u00f1\u00eda no tiene el deber de informar. BBVA cuenta con unas cl\u00e1usulas muy espec\u00edficas con lo que no vas a tener ning\u00fan inconveniente.<br \/>\n<div class=\"colorf\"><div class=\"container clearfix\"><div class=\"col-md-7\"><\/p>\n<h3><span class=\"ez-toc-section\" id=\"%C2%BFEl_precio_de_seguros_de_decesos_BBVA_sube_con_la_edad\"><\/span>\u00bfEl precio de seguros de decesos BBVA sube con la edad?<span class=\"ez-toc-section-end\"><\/span><\/h3>\n<p>Vive apacible, BBVA no subir\u00e1 el precio de su tarifa con la edad del asegurado. Independientemente de que vaya aumentando la edad se podr\u00eda decir que en determinadas p\u00f3lizas si que podr\u00eda suceder esto, mas siempre lo m\u00e1s probable que no suceda, depender\u00e1 de la p\u00f3liza que se tenga contratado. Por que en el primer instante de hacer una p\u00f3liza la primera cosa que se hace es en referencia a la edad de la persona a la que va destinada. Las distintas modalidades de prima con las que cuenta BBVA son prima nivelada, prima natural, mixta, semi natural y \u00fanica. Contratar un seguro de decesos no tiene una edad limitada por lo que las coberturas que da la empresa de seguros son m\u00e1s valoradas por sus clientes del servicio. No lo pienses m\u00e1s, BBVA es la compa\u00f1\u00eda aseguradora id\u00f3nea para contratar su seguro de decesos.<br \/>\n<\/div><\/div><\/div><\/p>\n<h3><span class=\"ez-toc-section\" id=\"Paginas_relacionadas\"><\/span>P\u00e1ginas relacionadas<span class=\"ez-toc-section-end\"><\/span><\/h3><div class=\"enlazado\"><ul> <li><a href=\"https:\/\/idecesos.com\/seguros\/companias\/bbva\/precio\/\">Precio seguro BBVA<\/a><\/li> <li><a href=\"https:\/\/idecesos.com\/seguros\/companias\/bbva\/prima-mixta\/\">BBVA Prima Mixta<\/a><\/li> <li><a href=\"https:\/\/idecesos.com\/seguros\/companias\/bbva\/prima-natural\/\">BBVA Prima Natural<\/a><\/li> <li><a href=\"https:\/\/idecesos.com\/seguros\/companias\/bbva\/prima-nivelada\/\">BBVA Prima Nivelada<\/a><\/li> <li><a href=\"https:\/\/idecesos.com\/seguros\/companias\/bbva\/prima-unica\/\">BBVA Prima \u00danica<\/a><\/li> <li><a href=\"https:\/\/idecesos.com\/seguros\/companias\/bbva\/repatriacion\/\">BBVA Repatriaci\u00f3n<\/a><\/li> <li><a href=\"https:\/\/idecesos.com\/seguros\/companias\/bbva\/telefono\/\">Tel\u00e9fono Gratuito BBVA<\/a><\/li><\/ul><\/div>\n","protected":false},"excerpt":{"rendered":"<p>Durante la vida el \u00fanico instante en el que no nos podemos asistir a uno mismo es de la muerte. Deja de preocuparte. Por tu tranquilidad y la de tus seres queridos BBVA cuenta con todos los servicios que necesitas para que no debas preocuparte por nada. BBVA cuenta con m\u00e1s de treinta mil asegurados&hellip; <\/p>\n","protected":false},"author":1,"featured_media":17377,"parent":515,"menu_order":0,"comment_status":"closed","ping_status":"closed","template":"single.php","meta":{"footnotes":""},"class_list":["post-17376","page","type-page","status-publish","has-post-thumbnail","hentry"],"yoast_head":"<!-- This site is optimized with the Yoast SEO plugin v27.3 - https:\/\/yoast.com\/product\/yoast-seo-wordpress\/ -->\n<title>Precio Seguro Decesos BBVA \u25b7DTO 25% I Oferta 2026<\/title>\n<meta name=\"description\" content=\"Calcular aqu\u00ed\u3010precio seguro de decesos BBVA\u3011Tarifas, oferta y descuento de seguro defunci\u00f3n BBVA 2026 \u2611\ufe0fiDecesos\u00ae N\u00ba1 en ahorro\" \/>\n<meta name=\"robots\" content=\"index, follow, max-snippet:-1, max-image-preview:large, max-video-preview:-1\" \/>\n<link rel=\"canonical\" href=\"https:\/\/idecesos.com\/seguros\/companias\/bbva\/precio\/\" \/>\n<meta property=\"og:locale\" content=\"es_ES\" \/>\n<meta property=\"og:type\" content=\"article\" \/>\n<meta property=\"og:title\" content=\"Precio Seguro Decesos BBVA \u25b7DTO 25% I Oferta 2026\" \/>\n<meta property=\"og:description\" content=\"Calcular aqu\u00ed\u3010precio seguro de decesos BBVA\u3011Tarifas, oferta y descuento de seguro defunci\u00f3n BBVA 2026 \u2611\ufe0fiDecesos\u00ae N\u00ba1 en ahorro\" \/>\n<meta property=\"og:url\" content=\"https:\/\/idecesos.com\/seguros\/companias\/bbva\/precio\/\" \/>\n<meta property=\"article:modified_time\" content=\"2022-03-10T09:33:08+00:00\" \/>\n<meta property=\"og:image\" content=\"https:\/\/idecesos.com\/seguros\/wp-content\/uploads\/2021\/12\/precio-2.jpg-30.jpeg\" \/>\n\t<meta property=\"og:image:width\" content=\"1500\" \/>\n\t<meta property=\"og:image:height\" content=\"559\" \/>\n\t<meta property=\"og:image:type\" content=\"image\/jpeg\" \/>\n<meta name=\"twitter:card\" content=\"summary_large_image\" \/>\n<meta name=\"twitter:label1\" content=\"Tiempo de lectura\" \/>\n\t<meta name=\"twitter:data1\" content=\"75 minutos\" \/>\n<script type=\"application\/ld+json\" class=\"yoast-schema-graph\">{\"@context\":\"https:\\\/\\\/schema.org\",\"@graph\":[{\"@type\":\"WebPage\",\"@id\":\"https:\\\/\\\/idecesos.com\\\/seguros\\\/companias\\\/bbva\\\/precio\\\/\",\"url\":\"https:\\\/\\\/idecesos.com\\\/seguros\\\/companias\\\/bbva\\\/precio\\\/\",\"name\":\"Precio Seguro Decesos BBVA \u25b7DTO 25% I Oferta 2026\",\"isPartOf\":{\"@id\":\"https:\\\/\\\/idecesos.com\\\/seguros\\\/#website\"},\"primaryImageOfPage\":{\"@id\":\"https:\\\/\\\/idecesos.com\\\/seguros\\\/companias\\\/bbva\\\/precio\\\/#primaryimage\"},\"image\":{\"@id\":\"https:\\\/\\\/idecesos.com\\\/seguros\\\/companias\\\/bbva\\\/precio\\\/#primaryimage\"},\"thumbnailUrl\":\"https:\\\/\\\/idecesos.com\\\/seguros\\\/wp-content\\\/uploads\\\/2021\\\/12\\\/precio-2.jpg-30.jpeg\",\"datePublished\":\"2021-12-15T16:03:02+00:00\",\"dateModified\":\"2022-03-10T09:33:08+00:00\",\"description\":\"Calcular aqu\u00ed\u3010precio seguro de decesos BBVA\u3011Tarifas, oferta y descuento de seguro defunci\u00f3n BBVA 2026 \u2611\ufe0fiDecesos\u00ae N\u00ba1 en ahorro\",\"breadcrumb\":{\"@id\":\"https:\\\/\\\/idecesos.com\\\/seguros\\\/companias\\\/bbva\\\/precio\\\/#breadcrumb\"},\"inLanguage\":\"es\",\"potentialAction\":[{\"@type\":\"ReadAction\",\"target\":[\"https:\\\/\\\/idecesos.com\\\/seguros\\\/companias\\\/bbva\\\/precio\\\/\"]}]},{\"@type\":\"ImageObject\",\"inLanguage\":\"es\",\"@id\":\"https:\\\/\\\/idecesos.com\\\/seguros\\\/companias\\\/bbva\\\/precio\\\/#primaryimage\",\"url\":\"https:\\\/\\\/idecesos.com\\\/seguros\\\/wp-content\\\/uploads\\\/2021\\\/12\\\/precio-2.jpg-30.jpeg\",\"contentUrl\":\"https:\\\/\\\/idecesos.com\\\/seguros\\\/wp-content\\\/uploads\\\/2021\\\/12\\\/precio-2.jpg-30.jpeg\",\"width\":1500,\"height\":559,\"caption\":\"Precio BBVA\"},{\"@type\":\"BreadcrumbList\",\"@id\":\"https:\\\/\\\/idecesos.com\\\/seguros\\\/companias\\\/bbva\\\/precio\\\/#breadcrumb\",\"itemListElement\":[{\"@type\":\"ListItem\",\"position\":1,\"name\":\"Portada\",\"item\":\"https:\\\/\\\/idecesos.com\\\/seguros\\\/\"},{\"@type\":\"ListItem\",\"position\":2,\"name\":\"Compa\u00f1\u00edas de Seguros de Decesos en Espa\u00f1a\",\"item\":\"https:\\\/\\\/idecesos.com\\\/seguros\\\/companias\\\/\"},{\"@type\":\"ListItem\",\"position\":3,\"name\":\"Seguro de decesos BBVA\",\"item\":\"https:\\\/\\\/idecesos.com\\\/seguros\\\/companias\\\/bbva\\\/\"},{\"@type\":\"ListItem\",\"position\":4,\"name\":\"\u00bfCu\u00e1nto cuesta el seguro de decesos BBVA?\"}]},{\"@type\":\"WebSite\",\"@id\":\"https:\\\/\\\/idecesos.com\\\/seguros\\\/#website\",\"url\":\"https:\\\/\\\/idecesos.com\\\/seguros\\\/\",\"name\":\"\",\"description\":\"\",\"potentialAction\":[{\"@type\":\"SearchAction\",\"target\":{\"@type\":\"EntryPoint\",\"urlTemplate\":\"https:\\\/\\\/idecesos.com\\\/seguros\\\/?s={search_term_string}\"},\"query-input\":{\"@type\":\"PropertyValueSpecification\",\"valueRequired\":true,\"valueName\":\"search_term_string\"}}],\"inLanguage\":\"es\"}]}<\/script>\n<!-- \/ Yoast SEO plugin. -->","yoast_head_json":{"title":"Precio Seguro Decesos BBVA \u25b7DTO 25% I Oferta 2026","description":"Calcular aqu\u00ed\u3010precio seguro de decesos BBVA\u3011Tarifas, oferta y descuento de seguro defunci\u00f3n BBVA 2026 \u2611\ufe0fiDecesos\u00ae N\u00ba1 en ahorro","robots":{"index":"index","follow":"follow","max-snippet":"max-snippet:-1","max-image-preview":"max-image-preview:large","max-video-preview":"max-video-preview:-1"},"canonical":"https:\/\/idecesos.com\/seguros\/companias\/bbva\/precio\/","og_locale":"es_ES","og_type":"article","og_title":"Precio Seguro Decesos BBVA \u25b7DTO 25% I Oferta 2026","og_description":"Calcular aqu\u00ed\u3010precio seguro de decesos BBVA\u3011Tarifas, oferta y descuento de seguro defunci\u00f3n BBVA 2026 \u2611\ufe0fiDecesos\u00ae N\u00ba1 en ahorro","og_url":"https:\/\/idecesos.com\/seguros\/companias\/bbva\/precio\/","article_modified_time":"2022-03-10T09:33:08+00:00","og_image":[{"width":1500,"height":559,"url":"https:\/\/idecesos.com\/seguros\/wp-content\/uploads\/2021\/12\/precio-2.jpg-30.jpeg","type":"image\/jpeg"}],"twitter_card":"summary_large_image","twitter_misc":{"Tiempo de lectura":"75 minutos"},"schema":{"@context":"https:\/\/schema.org","@graph":[{"@type":"WebPage","@id":"https:\/\/idecesos.com\/seguros\/companias\/bbva\/precio\/","url":"https:\/\/idecesos.com\/seguros\/companias\/bbva\/precio\/","name":"Precio Seguro Decesos BBVA \u25b7DTO 25% I Oferta 2026","isPartOf":{"@id":"https:\/\/idecesos.com\/seguros\/#website"},"primaryImageOfPage":{"@id":"https:\/\/idecesos.com\/seguros\/companias\/bbva\/precio\/#primaryimage"},"image":{"@id":"https:\/\/idecesos.com\/seguros\/companias\/bbva\/precio\/#primaryimage"},"thumbnailUrl":"https:\/\/idecesos.com\/seguros\/wp-content\/uploads\/2021\/12\/precio-2.jpg-30.jpeg","datePublished":"2021-12-15T16:03:02+00:00","dateModified":"2022-03-10T09:33:08+00:00","description":"Calcular aqu\u00ed\u3010precio seguro de decesos BBVA\u3011Tarifas, oferta y descuento de seguro defunci\u00f3n BBVA 2026 \u2611\ufe0fiDecesos\u00ae N\u00ba1 en ahorro","breadcrumb":{"@id":"https:\/\/idecesos.com\/seguros\/companias\/bbva\/precio\/#breadcrumb"},"inLanguage":"es","potentialAction":[{"@type":"ReadAction","target":["https:\/\/idecesos.com\/seguros\/companias\/bbva\/precio\/"]}]},{"@type":"ImageObject","inLanguage":"es","@id":"https:\/\/idecesos.com\/seguros\/companias\/bbva\/precio\/#primaryimage","url":"https:\/\/idecesos.com\/seguros\/wp-content\/uploads\/2021\/12\/precio-2.jpg-30.jpeg","contentUrl":"https:\/\/idecesos.com\/seguros\/wp-content\/uploads\/2021\/12\/precio-2.jpg-30.jpeg","width":1500,"height":559,"caption":"Precio BBVA"},{"@type":"BreadcrumbList","@id":"https:\/\/idecesos.com\/seguros\/companias\/bbva\/precio\/#breadcrumb","itemListElement":[{"@type":"ListItem","position":1,"name":"Portada","item":"https:\/\/idecesos.com\/seguros\/"},{"@type":"ListItem","position":2,"name":"Compa\u00f1\u00edas de Seguros de Decesos en Espa\u00f1a","item":"https:\/\/idecesos.com\/seguros\/companias\/"},{"@type":"ListItem","position":3,"name":"Seguro de decesos BBVA","item":"https:\/\/idecesos.com\/seguros\/companias\/bbva\/"},{"@type":"ListItem","position":4,"name":"\u00bfCu\u00e1nto cuesta el seguro de decesos BBVA?"}]},{"@type":"WebSite","@id":"https:\/\/idecesos.com\/seguros\/#website","url":"https:\/\/idecesos.com\/seguros\/","name":"","description":"","potentialAction":[{"@type":"SearchAction","target":{"@type":"EntryPoint","urlTemplate":"https:\/\/idecesos.com\/seguros\/?s={search_term_string}"},"query-input":{"@type":"PropertyValueSpecification","valueRequired":true,"valueName":"search_term_string"}}],"inLanguage":"es"}]}},"_links":{"self":[{"href":"https:\/\/idecesos.com\/seguros\/wp-json\/wp\/v2\/pages\/17376","targetHints":{"allow":["GET"]}}],"collection":[{"href":"https:\/\/idecesos.com\/seguros\/wp-json\/wp\/v2\/pages"}],"about":[{"href":"https:\/\/idecesos.com\/seguros\/wp-json\/wp\/v2\/types\/page"}],"author":[{"embeddable":true,"href":"https:\/\/idecesos.com\/seguros\/wp-json\/wp\/v2\/users\/1"}],"replies":[{"embeddable":true,"href":"https:\/\/idecesos.com\/seguros\/wp-json\/wp\/v2\/comments?post=17376"}],"version-history":[{"count":3,"href":"https:\/\/idecesos.com\/seguros\/wp-json\/wp\/v2\/pages\/17376\/revisions"}],"predecessor-version":[{"id":20028,"href":"https:\/\/idecesos.com\/seguros\/wp-json\/wp\/v2\/pages\/17376\/revisions\/20028"}],"up":[{"embeddable":true,"href":"https:\/\/idecesos.com\/seguros\/wp-json\/wp\/v2\/pages\/515"}],"wp:featuredmedia":[{"embeddable":true,"href":"https:\/\/idecesos.com\/seguros\/wp-json\/wp\/v2\/media\/17377"}],"wp:attachment":[{"href":"https:\/\/idecesos.com\/seguros\/wp-json\/wp\/v2\/media?parent=17376"}],"curies":[{"name":"wp","href":"https:\/\/api.w.org\/{rel}","templated":true}]}}