{"id":17380,"date":"2021-12-15T16:03:04","date_gmt":"2021-12-15T16:03:04","guid":{"rendered":"https:\/\/idecesos.com\/seguros\/companias\/finisterre\/precio\/"},"modified":"2022-03-10T11:00:20","modified_gmt":"2022-03-10T11:00:20","slug":"precio","status":"publish","type":"page","link":"https:\/\/idecesos.com\/seguros\/companias\/finisterre\/precio\/","title":{"rendered":"\u00bfCu\u00e1nto cuesta el seguro de decesos Finisterre?"},"content":{"rendered":"<div id=\"ez-toc-container\" class=\"ez-toc-v2_0_82_2 ez-toc-wrap-center counter-hierarchy ez-toc-counter ez-toc-custom ez-toc-container-direction\">\n<div class=\"ez-toc-title-container\">\n<p class=\"ez-toc-title\" style=\"cursor:inherit\">Tabla de Contenido<\/p>\n<span class=\"ez-toc-title-toggle\"><a href=\"#\" class=\"ez-toc-pull-right ez-toc-btn ez-toc-btn-xs ez-toc-btn-default ez-toc-toggle\" aria-label=\"Alternar tabla de contenidos\"><span class=\"ez-toc-js-icon-con\"><span class=\"\"><span class=\"eztoc-hide\" style=\"display:none;\">Toggle<\/span><span class=\"ez-toc-icon-toggle-span\"><svg style=\"fill: #db6415;color:#db6415\" xmlns=\"http:\/\/www.w3.org\/2000\/svg\" class=\"list-377408\" width=\"20px\" height=\"20px\" viewBox=\"0 0 24 24\" fill=\"none\"><path d=\"M6 6H4v2h2V6zm14 0H8v2h12V6zM4 11h2v2H4v-2zm16 0H8v2h12v-2zM4 16h2v2H4v-2zm16 0H8v2h12v-2z\" fill=\"currentColor\"><\/path><\/svg><svg style=\"fill: #db6415;color:#db6415\" class=\"arrow-unsorted-368013\" xmlns=\"http:\/\/www.w3.org\/2000\/svg\" width=\"10px\" height=\"10px\" viewBox=\"0 0 24 24\" version=\"1.2\" baseProfile=\"tiny\"><path d=\"M18.2 9.3l-6.2-6.3-6.2 6.3c-.2.2-.3.4-.3.7s.1.5.3.7c.2.2.4.3.7.3h11c.3 0 .5-.1.7-.3.2-.2.3-.5.3-.7s-.1-.5-.3-.7zM5.8 14.7l6.2 6.3 6.2-6.3c.2-.2.3-.5.3-.7s-.1-.5-.3-.7c-.2-.2-.4-.3-.7-.3h-11c-.3 0-.5.1-.7.3-.2.2-.3.5-.3.7s.1.5.3.7z\"\/><\/svg><\/span><\/span><\/span><\/a><\/span><\/div>\n<nav><ul class='ez-toc-list ez-toc-list-level-1 ' ><li class='ez-toc-page-1 ez-toc-heading-level-2'><a class=\"ez-toc-link ez-toc-heading-1\" href=\"https:\/\/idecesos.com\/seguros\/companias\/finisterre\/precio\/#Calcular_precio_seguro_de_decesos_Finisterre\" >Calcular precio seguro de decesos Finisterre<\/a><\/li><li class='ez-toc-page-1 ez-toc-heading-level-2'><a class=\"ez-toc-link ez-toc-heading-2\" href=\"https:\/\/idecesos.com\/seguros\/companias\/finisterre\/precio\/#Tabla_comparativa_de_precios_Finisterre\" >Tabla comparativa de precios Finisterre<\/a><ul class='ez-toc-list-level-3' ><li class='ez-toc-heading-level-3'><a class=\"ez-toc-link ez-toc-heading-3\" href=\"https:\/\/idecesos.com\/seguros\/companias\/finisterre\/precio\/#%C2%BFCual_es_la_mejor_tarifa_de_seguros_de_Finisterre\" >\u00bfCu\u00e1l es la mejor tarifa de seguros de Finisterre ?<\/a><\/li><li class='ez-toc-page-1 ez-toc-heading-level-3'><a class=\"ez-toc-link ez-toc-heading-4\" href=\"https:\/\/idecesos.com\/seguros\/companias\/finisterre\/precio\/#%C2%BFPuede_aumentar_precio_mensual_de_los_seguros_de_Finisterre\" >\u00bfPuede aumentar precio mensual de los seguros de Finisterre ?<\/a><\/li><li class='ez-toc-page-1 ez-toc-heading-level-3'><a class=\"ez-toc-link ez-toc-heading-5\" href=\"https:\/\/idecesos.com\/seguros\/companias\/finisterre\/precio\/#%C2%BFEl_precio_de_seguros_de_decesos_Finisterre_sube_con_la_edad\" >\u00bfEl precio de seguros de decesos Finisterre sube con la edad?<\/a><\/li><li class='ez-toc-page-1 ez-toc-heading-level-3'><a class=\"ez-toc-link ez-toc-heading-6\" href=\"https:\/\/idecesos.com\/seguros\/companias\/finisterre\/precio\/#Paginas_relacionadas\" >P\u00e1ginas relacionadas<\/a><\/li><\/ul><\/li><\/ul><\/nav><\/div>\n<p><br \/>\nFinisterre cuenta con m\u00e1s de 20 mil personas que depositan su confianza en el seguro de decesos Finisterre. Cada cierto tiempo van regulando los precios para que todos puedan conseguir un seguro de decesos, donde les asegure la calma de que va a quedar cubierto al completo en base al momento del sepelio garantizando las mejores coberturas. De entrada se va a llevar un determinado proceso para el estudio del asegurado con la p\u00f3liza, por lo que puede resultar de diferentes opciones alternativas, en el instante de la obtenci\u00f3n de la p\u00f3liza podr\u00eda llegar a ser incesante o no en cierto tiempo. Para determinar con exactitud la tarifa de la p\u00f3liza para el asegurado se llevar\u00e1 de forma muy pormenorizada y estudiando diferentes circunstancias. Si bien en estos \u00faltimos a\u00f1os la Finisterre ha ido amoldando sus tarifas con el prop\u00f3sito de que los precios sean m\u00e1s equilibrados, que no sea una barrera al momento de apreciar contratar un seguro de decesos con Finisterre. La aseguradora se encargar\u00e1 de que la tarifa se ajuste a la perfecci\u00f3n a tus circunstancias.<\/p>\n<div class=\"colorf\"><div class=\"container clearfix\"><div class=\"col-md-7\">\n<h2><span class=\"ez-toc-section\" id=\"Calcular_precio_seguro_de_decesos_Finisterre\"><\/span>Calcular precio seguro de decesos Finisterre<span class=\"ez-toc-section-end\"><\/span><\/h2>\n<p>Finisterre est\u00e1 comprometida en llevar un c\u00e1lculo de forma exhaustiva contando con todos los diversos factores que rodean a la p\u00f3liza. Adem\u00e1s de efectuar el c\u00e1lculo de la p\u00f3liza, das calma a tu ser querido. Aparte de darte unas tarifas exclusivas a fin de que se amolden a cada persona, Finisterre es tu aseguradora de confianza. La existencia de iDecesos nace para ponerte todo m\u00e1s simple que en cuesti\u00f3n de segundos obtengas los resultados de las comparaciones de las diferentes p\u00f3lizas de Finisterre adem\u00e1s de eso logrando ver en detalle sus tarifas y sus coberturas.<br \/>\n<\/div><\/div><\/div><\/p>\n<h2><span class=\"ez-toc-section\" id=\"Tabla_comparativa_de_precios_Finisterre\"><\/span>Tabla comparativa de precios Finisterre<span class=\"ez-toc-section-end\"><\/span><\/h2>\n<p><div class=\"cabecera_tabla_precio\"><table class=\"table table-striped\"><thead><tr><th class=\"nosepara centrado\">Tipo<\/th><th class=\"nosepara centrado nojustificado\">Precio Desde<\/th><th class=\"nosepara dcha\"><\/th><\/tr><\/thead><tbody><tr class=\"fila_tabla_precio\"><td class=\"nosepara izq\">Precio Seguro Decesos Finisterre<\/td><td class=\"nosepara centro\">1,42 \u20ac\/mes<\/td><td class=\"nosepara derecha\">\t\t\t\t\t\n\t\t\t\t\t\t<span class=\"\" style=\"cursor:pointer\" data-bs-toggle=\"modal\" data-bs-target=\"#comparadorModal\">Calcular<\/span>\t\t\t\t\n\t\t\t\t\t\n\t\t\t\t<\/td><\/tr><\/div><tr class=\"fila_tabla_precio\"><td class=\"nosepara izq\">Precio Prima \u00danica Finisterre<\/td><td class=\"nosepara centro\">2390 \u20ac<\/td><td class=\"nosepara derecha\">\t\t\t\t\t\n\t\t\t\t\t\t<span class=\"\" style=\"cursor:pointer\" data-bs-toggle=\"modal\" data-bs-target=\"#comparadorModal\">Calcular<\/span>\t\t\t\t\n\t\t\t\t\t\n\t\t\t\t<\/td><\/tr><\/div><tr class=\"fila_tabla_precio\"><td class=\"nosepara izq\">Precio Prima Natural Finisterre<\/td><td class=\"nosepara centro\">1,40 \u20ac\/mes<\/td><td class=\"nosepara derecha\">\t\t\t\t\t\n\t\t\t\t\t\t<span class=\"\" style=\"cursor:pointer\" data-bs-toggle=\"modal\" data-bs-target=\"#comparadorModal\">Calcular<\/span>\t\t\t\t\n\t\t\t\t\t\n\t\t\t\t<\/td><\/tr><\/div><tr class=\"fila_tabla_precio\"><td class=\"nosepara izq\">Precio Prima Nivelada Finisterre<\/td><td class=\"nosepara centro\">1,66 \u20ac\/mes<\/td><td class=\"nosepara derecha\">\t\t\t\t\t\n\t\t\t\t\t\t<span class=\"\" style=\"cursor:pointer\" data-bs-toggle=\"modal\" data-bs-target=\"#comparadorModal\">Calcular<\/span>\t\t\t\t\n\t\t\t\t\t\n\t\t\t\t<\/td><\/tr><\/div><tr class=\"fila_tabla_precio\"><td class=\"nosepara izq\">Precio Prima Mixta Finisterre<\/td><td class=\"nosepara centro\">1,33 \u20ac\/mes<\/td><td class=\"nosepara derecha\">\t\t\t\t\t\n\t\t\t\t\t\t<span class=\"\" style=\"cursor:pointer\" data-bs-toggle=\"modal\" data-bs-target=\"#comparadorModal\">Calcular<\/span>\t\t\t\t\n\t\t\t\t\t\n\t\t\t\t<\/td><\/tr><\/div><tr class=\"fila_tabla_precio\"><td class=\"nosepara izq\">Precio Prima Seminatural Finisterre<\/td><td class=\"nosepara centro\">1,38 \u20ac\/mes<\/td><td class=\"nosepara derecha\">\t\t\t\t\t\n\t\t\t\t\t\t<span class=\"\" style=\"cursor:pointer\" data-bs-toggle=\"modal\" data-bs-target=\"#comparadorModal\">Calcular<\/span>\t\t\t\t\n\t\t\t\t\t\n\t\t\t\t<\/td><\/tr><\/div><tr class=\"fila_tabla_precio\"><td class=\"nosepara izq\">Precio con Repatriaci\u00f3n Finisterre<\/td><td class=\"nosepara centro\">0,94 \u20ac a la cuota<\/td><td class=\"nosepara derecha\">\t\t\t\t\t\n\t\t\t\t\t\t<span class=\"\" style=\"cursor:pointer\" data-bs-toggle=\"modal\" data-bs-target=\"#comparadorModal\">Calcular<\/span>\t\t\t\t\n\t\t\t\t\t\n\t\t\t\t<\/td><\/tr><\/div><tr class=\"fila_tabla_precio\"><td class=\"nosepara izq\">Precio Seguro Defunci\u00f3n Finisterre<\/td><td class=\"nosepara centro\">1,61 \u20ac\/mes<\/td><td class=\"nosepara derecha\">\t\t\t\t\t\n\t\t\t\t\t\t<span class=\"\" style=\"cursor:pointer\" data-bs-toggle=\"modal\" data-bs-target=\"#comparadorModal\">Calcular<\/span>\t\t\t\t\n\t\t\t\t\t\n\t\t\t\t<\/td><\/tr><\/div><tr class=\"fila_tabla_precio\"><td class=\"nosepara izq\">Precio Seguro Fallecimiento Finisterre<\/td><td class=\"nosepara centro\">1,60 \u20ac\/mes<\/td><td class=\"nosepara derecha\">\t\t\t\t\t\n\t\t\t\t\t\t<span class=\"\" style=\"cursor:pointer\" data-bs-toggle=\"modal\" data-bs-target=\"#comparadorModal\">Calcular<\/span>\t\t\t\t\n\t\t\t\t\t\n\t\t\t\t<\/td><\/tr><\/div><tr class=\"fila_tabla_precio\"><td class=\"nosepara izq\">Precio Seguro Muertos Finisterre<\/td><td class=\"nosepara centro\">1,53 \u20ac\/mes<\/td><td class=\"nosepara derecha\">\t\t\t\t\t\n\t\t\t\t\t\t<span class=\"\" style=\"cursor:pointer\" data-bs-toggle=\"modal\" data-bs-target=\"#comparadorModal\">Calcular<\/span>\t\t\t\t\n\t\t\t\t\t\n\t\t\t\t<\/td><\/tr><\/div><tr class=\"fila_tabla_precio\"><td class=\"nosepara izq\">Precio Asistencia Familiar Finisterre<\/td><td class=\"nosepara centro\">1,58 \u20ac\/mes<\/td><td class=\"nosepara derecha\">\t\t\t\t\t\n\t\t\t\t\t\t<span class=\"\" style=\"cursor:pointer\" data-bs-toggle=\"modal\" data-bs-target=\"#comparadorModal\">Calcular<\/span>\t\t\t\t\n\t\t\t\t\t\n\t\t\t\t<\/td><\/tr><\/div><\/tbody><\/table><\/div><\/p>\n<p>A continuaci\u00f3n te mostramos con detalles los precios estimados de todas las diferentes p\u00f3lizas de Finisterre facilitandote todo el proceso de elecci\u00f3n que acostumbra a ser muy lioso. Por esta raz\u00f3n, iDecesos te ayuda en su elecci\u00f3n. No solo asegura el cubrimiento del sepelio, Finisterre cuenta con una amplia gamas de coberturas auxiliares que te van a ayudar a pasar ese duro momento que es la p\u00e9rdida de un familiar. Gracias a nuestros servicios va a poder vivir apacible pensado que todo est\u00e1 en buenas manos y que su familia va a estar asesorada por una de las mejores aseguradoras de decesos. Este g\u00e9nero de p\u00f3liza es un blindaje para tus seres queridos en el momento que ocurra el \u00f3bito de manera inesperada, teniendo en cuenta que es un respaldo con el vas a contar por el resto de tu vida. Finisterre tu compa\u00f1\u00eda aseguradora de confianza para que de vida puedas disfrutar de todos las coberturas que contiene tu seguro, con unas calidades inmejorables.<br \/>\n<div class=\"colorf\"><div class=\"container clearfix\"><div class=\"col-md-7\"><\/p>\n<h3><span class=\"ez-toc-section\" id=\"%C2%BFCual_es_la_mejor_tarifa_de_seguros_de_Finisterre\"><\/span>\u00bfCu\u00e1l es la mejor tarifa de seguros de Finisterre ?<span class=\"ez-toc-section-end\"><\/span><\/h3>\n<p>Finisterre destaca por su gran pluralidad en lo que se trata de sus tarifas desde la p\u00f3liza m\u00e1s b\u00e1sica que su precio siempre y en todo momento depender\u00e1 del tipo de seguro que vayas a seleccionar el que mejor se adapte a tus circunstancias. Adem\u00e1s de esto, Finisterre cuenta con diferentes modalidades de seguro que se amoldan a todo lo que est\u00e1 buscando. Con las coberturas m\u00e1s renovadoras del mercado, Finisterre te ofrece descuentos y ofertas en cada uno de ellos de los precios de sus seguros de decesos. No obstante te lo hemos puesto m\u00e1s f\u00e1cil arriba va a poder ver de forma considerablemente m\u00e1s detallada una tabla de precios de cada una de las primas. Nosotros nos encargamos de aconsejarte de manera gratuita.<br \/>\n<\/div><\/div><\/div><\/p>\n<h3><span class=\"ez-toc-section\" id=\"%C2%BFPuede_aumentar_precio_mensual_de_los_seguros_de_Finisterre\"><\/span>\u00bfPuede aumentar precio mensual de los seguros de Finisterre ?<span class=\"ez-toc-section-end\"><\/span><\/h3>\n<p>A continuaci\u00f3n le explicamos los diferentes g\u00e9neros de primas que existen. Finisterre tiene una gran pluralidad para que puedas escoger la que m\u00e1s se amolde a tus necesidades. En Espa\u00f1a, 9 de cada diez asegurados en decesos se ha suscrito a un seguro con prima nivelada. \u2022 Prima \u00danica: Esta prima cubre el sepelio de las personas que han superado la edad de jubilaci\u00f3n o bien que tienen una enfermedad grave y solo debe hacer una \u00fanica aportaci\u00f3n en el pago. Esta clase de primas acostumbran a ser contratadas por personas mayores que jam\u00e1s han contratado un seguro. No se preocupe, lo que pagu\u00e9 tras la edad de jubilaci\u00f3n no cambiar\u00e1. Si bien esta prima puede padecer alg\u00fan cambio en sus pagos por la actualizaci\u00f3n de los capitales asegurados. <strong>\u2022 Prima Natural<\/strong>: El pago de esta prima se actualiza todos los a\u00f1os. Su precio se calcula con los a\u00f1os que tiene en el instante de su contrataci\u00f3n y hacen una comparaci\u00f3n con el aumento de fallecimiento que pueda tener con el paso del tiempo, esto hace que de a\u00f1o en a\u00f1o vaya subiendo su precio poco a poco.<\/p>\n<p><strong>\u2022 Prima Mixta:<\/strong> Esta prima es una combinaci\u00f3n de la Prima Nivelada y la Prima Natural.<\/p>\n<p>Da igual la modalidad de prima que elija, que va a poder fraccionar el pago a lo que m\u00e1s le interese, esto es, si desea pagarlo mes a mes, cada 3 meses, cada 6 meses, de a\u00f1o en a\u00f1o o bien en una sola vez y esto no va a ver afectado a ninguna de las coberturas contratadas y con las tarifas m\u00e1s econ\u00f3micas posibles.<br \/>\n<div class=\"colorf\"><div class=\"container clearfix\"><div class=\"col-md-7\"><\/p>\n<h3><span class=\"ez-toc-section\" id=\"%C2%BFEl_precio_de_seguros_de_decesos_Finisterre_sube_con_la_edad\"><\/span>\u00bfEl precio de seguros de decesos Finisterre sube con la edad?<span class=\"ez-toc-section-end\"><\/span><\/h3>\n<p>No se preocupe por nada. Si a\u00fan no cuenta con una p\u00f3liza es el momento de contratar el seguro de decesos de Finisterre. Su edad no va a ser un \u00f3bice y ellos se encargasen de todo. No se preocupe, Finisterre no subir\u00e1 su precio por su edad ya que su p\u00f3liza hace referencia a la edad del asegurado. Qu\u00edtese de la cabeza que la edad es un inconveniente. Vas a contar con sus diferentes modalidades como puede ser prima nivelada, natural, mixta, semi natural y \u00fanica. Ahorra tiempo con Finisterre. Ellos se encargaran de los tr\u00e1mites burocr\u00e1ticos y de todos los gastos de sepelio. Finisterre te ofrece coberturas de lo m\u00e1s interesantes y actuales a fin de que sus asegurados est\u00e9n en las mejores manos. Si bien contratar un seguro de decesos no tiene edad, conforme van pasando los a\u00f1os es mejor dejar todo organizado para poder vivir sin preocupaciones y a fin de que su familia tampoco las tenga.<br \/>\n<\/div><\/div><\/div><\/p>\n<h3><span class=\"ez-toc-section\" id=\"Paginas_relacionadas\"><\/span>P\u00e1ginas relacionadas<span class=\"ez-toc-section-end\"><\/span><\/h3><div class=\"enlazado\"><ul> <li><a href=\"https:\/\/idecesos.com\/seguros\/companias\/finisterre\/precio\/\">Precio seguro Finisterre<\/a><\/li> <li><a href=\"https:\/\/idecesos.com\/seguros\/companias\/finisterre\/prima-mixta\/\">Finisterre Prima Mixta<\/a><\/li> <li><a href=\"https:\/\/idecesos.com\/seguros\/companias\/finisterre\/prima-natural\/\">Finisterre Prima Natural<\/a><\/li> <li><a href=\"https:\/\/idecesos.com\/seguros\/companias\/finisterre\/prima-nivelada\/\">Finisterre Prima Nivelada<\/a><\/li> <li><a href=\"https:\/\/idecesos.com\/seguros\/companias\/finisterre\/prima-unica\/\">Finisterre Prima \u00danica<\/a><\/li> <li><a href=\"https:\/\/idecesos.com\/seguros\/companias\/finisterre\/repatriacion\/\">Finisterre Repatriaci\u00f3n<\/a><\/li> <li><a href=\"https:\/\/idecesos.com\/seguros\/companias\/finisterre\/telefono\/\">Tel\u00e9fono Gratuito Finisterre<\/a><\/li> <li><a href=\"https:\/\/idecesos.com\/seguros\/companias\/finisterre\/toledo\/\">Seguro de Decesos Finisterre Toledo<\/a><\/li><\/ul><\/div>\n","protected":false},"excerpt":{"rendered":"<p>Finisterre cuenta con m\u00e1s de 20 mil personas que depositan su confianza en el seguro de decesos Finisterre. Cada cierto tiempo van regulando los precios para que todos puedan conseguir un seguro de decesos, donde les asegure la calma de que va a quedar cubierto al completo en base al momento del sepelio garantizando las&hellip; <\/p>\n","protected":false},"author":1,"featured_media":17381,"parent":628,"menu_order":0,"comment_status":"closed","ping_status":"closed","template":"single.php","meta":{"footnotes":""},"class_list":["post-17380","page","type-page","status-publish","has-post-thumbnail","hentry"],"yoast_head":"<!-- This site is optimized with the Yoast SEO plugin v27.4 - https:\/\/yoast.com\/product\/yoast-seo-wordpress\/ -->\n<title>Precio Seguro Decesos Finisterre \u25b7DTO 25% I Oferta 2026<\/title>\n<meta name=\"description\" content=\"Calcular aqu\u00ed\u3010precio seguro de decesos Finisterre\u3011Tarifas, oferta y descuento de seguro defunci\u00f3n Finisterre 2026 \u2611\ufe0fiDecesos\u00ae N\u00ba1 en ahorro\" \/>\n<meta name=\"robots\" content=\"index, follow, max-snippet:-1, max-image-preview:large, max-video-preview:-1\" \/>\n<link rel=\"canonical\" href=\"https:\/\/idecesos.com\/seguros\/companias\/finisterre\/precio\/\" \/>\n<meta property=\"og:locale\" content=\"es_ES\" \/>\n<meta property=\"og:type\" content=\"article\" \/>\n<meta property=\"og:title\" content=\"Precio Seguro Decesos Finisterre \u25b7DTO 25% I Oferta 2026\" \/>\n<meta property=\"og:description\" content=\"Calcular aqu\u00ed\u3010precio seguro de decesos Finisterre\u3011Tarifas, oferta y descuento de seguro defunci\u00f3n Finisterre 2026 \u2611\ufe0fiDecesos\u00ae N\u00ba1 en ahorro\" \/>\n<meta property=\"og:url\" content=\"https:\/\/idecesos.com\/seguros\/companias\/finisterre\/precio\/\" \/>\n<meta property=\"article:modified_time\" content=\"2022-03-10T11:00:20+00:00\" \/>\n<meta property=\"og:image\" content=\"https:\/\/idecesos.com\/seguros\/wp-content\/uploads\/2021\/12\/precio-2.jpg-32.jpeg\" \/>\n\t<meta property=\"og:image:width\" content=\"1500\" \/>\n\t<meta property=\"og:image:height\" content=\"559\" \/>\n\t<meta property=\"og:image:type\" content=\"image\/jpeg\" \/>\n<meta name=\"twitter:card\" content=\"summary_large_image\" \/>\n<meta name=\"twitter:label1\" content=\"Tiempo de lectura\" \/>\n\t<meta name=\"twitter:data1\" content=\"75 minutos\" \/>\n<script type=\"application\/ld+json\" class=\"yoast-schema-graph\">{\"@context\":\"https:\\\/\\\/schema.org\",\"@graph\":[{\"@type\":\"WebPage\",\"@id\":\"https:\\\/\\\/idecesos.com\\\/seguros\\\/companias\\\/finisterre\\\/precio\\\/\",\"url\":\"https:\\\/\\\/idecesos.com\\\/seguros\\\/companias\\\/finisterre\\\/precio\\\/\",\"name\":\"Precio Seguro Decesos Finisterre \u25b7DTO 25% I Oferta 2026\",\"isPartOf\":{\"@id\":\"https:\\\/\\\/idecesos.com\\\/seguros\\\/#website\"},\"primaryImageOfPage\":{\"@id\":\"https:\\\/\\\/idecesos.com\\\/seguros\\\/companias\\\/finisterre\\\/precio\\\/#primaryimage\"},\"image\":{\"@id\":\"https:\\\/\\\/idecesos.com\\\/seguros\\\/companias\\\/finisterre\\\/precio\\\/#primaryimage\"},\"thumbnailUrl\":\"https:\\\/\\\/idecesos.com\\\/seguros\\\/wp-content\\\/uploads\\\/2021\\\/12\\\/precio-2.jpg-32.jpeg\",\"datePublished\":\"2021-12-15T16:03:04+00:00\",\"dateModified\":\"2022-03-10T11:00:20+00:00\",\"description\":\"Calcular aqu\u00ed\u3010precio seguro de decesos Finisterre\u3011Tarifas, oferta y descuento de seguro defunci\u00f3n Finisterre 2026 \u2611\ufe0fiDecesos\u00ae N\u00ba1 en ahorro\",\"breadcrumb\":{\"@id\":\"https:\\\/\\\/idecesos.com\\\/seguros\\\/companias\\\/finisterre\\\/precio\\\/#breadcrumb\"},\"inLanguage\":\"es\",\"potentialAction\":[{\"@type\":\"ReadAction\",\"target\":[\"https:\\\/\\\/idecesos.com\\\/seguros\\\/companias\\\/finisterre\\\/precio\\\/\"]}]},{\"@type\":\"ImageObject\",\"inLanguage\":\"es\",\"@id\":\"https:\\\/\\\/idecesos.com\\\/seguros\\\/companias\\\/finisterre\\\/precio\\\/#primaryimage\",\"url\":\"https:\\\/\\\/idecesos.com\\\/seguros\\\/wp-content\\\/uploads\\\/2021\\\/12\\\/precio-2.jpg-32.jpeg\",\"contentUrl\":\"https:\\\/\\\/idecesos.com\\\/seguros\\\/wp-content\\\/uploads\\\/2021\\\/12\\\/precio-2.jpg-32.jpeg\",\"width\":1500,\"height\":559,\"caption\":\"Precio Finisterre\"},{\"@type\":\"BreadcrumbList\",\"@id\":\"https:\\\/\\\/idecesos.com\\\/seguros\\\/companias\\\/finisterre\\\/precio\\\/#breadcrumb\",\"itemListElement\":[{\"@type\":\"ListItem\",\"position\":1,\"name\":\"Portada\",\"item\":\"https:\\\/\\\/idecesos.com\\\/seguros\\\/\"},{\"@type\":\"ListItem\",\"position\":2,\"name\":\"Compa\u00f1\u00edas de Seguros de Decesos en Espa\u00f1a\",\"item\":\"https:\\\/\\\/idecesos.com\\\/seguros\\\/companias\\\/\"},{\"@type\":\"ListItem\",\"position\":3,\"name\":\"Seguro de decesos Finisterre\",\"item\":\"https:\\\/\\\/idecesos.com\\\/seguros\\\/companias\\\/finisterre\\\/\"},{\"@type\":\"ListItem\",\"position\":4,\"name\":\"\u00bfCu\u00e1nto cuesta el seguro de decesos Finisterre?\"}]},{\"@type\":\"WebSite\",\"@id\":\"https:\\\/\\\/idecesos.com\\\/seguros\\\/#website\",\"url\":\"https:\\\/\\\/idecesos.com\\\/seguros\\\/\",\"name\":\"\",\"description\":\"\",\"potentialAction\":[{\"@type\":\"SearchAction\",\"target\":{\"@type\":\"EntryPoint\",\"urlTemplate\":\"https:\\\/\\\/idecesos.com\\\/seguros\\\/?s={search_term_string}\"},\"query-input\":{\"@type\":\"PropertyValueSpecification\",\"valueRequired\":true,\"valueName\":\"search_term_string\"}}],\"inLanguage\":\"es\"}]}<\/script>\n<!-- \/ Yoast SEO plugin. -->","yoast_head_json":{"title":"Precio Seguro Decesos Finisterre \u25b7DTO 25% I Oferta 2026","description":"Calcular aqu\u00ed\u3010precio seguro de decesos Finisterre\u3011Tarifas, oferta y descuento de seguro defunci\u00f3n Finisterre 2026 \u2611\ufe0fiDecesos\u00ae N\u00ba1 en ahorro","robots":{"index":"index","follow":"follow","max-snippet":"max-snippet:-1","max-image-preview":"max-image-preview:large","max-video-preview":"max-video-preview:-1"},"canonical":"https:\/\/idecesos.com\/seguros\/companias\/finisterre\/precio\/","og_locale":"es_ES","og_type":"article","og_title":"Precio Seguro Decesos Finisterre \u25b7DTO 25% I Oferta 2026","og_description":"Calcular aqu\u00ed\u3010precio seguro de decesos Finisterre\u3011Tarifas, oferta y descuento de seguro defunci\u00f3n Finisterre 2026 \u2611\ufe0fiDecesos\u00ae N\u00ba1 en ahorro","og_url":"https:\/\/idecesos.com\/seguros\/companias\/finisterre\/precio\/","article_modified_time":"2022-03-10T11:00:20+00:00","og_image":[{"width":1500,"height":559,"url":"https:\/\/idecesos.com\/seguros\/wp-content\/uploads\/2021\/12\/precio-2.jpg-32.jpeg","type":"image\/jpeg"}],"twitter_card":"summary_large_image","twitter_misc":{"Tiempo de lectura":"75 minutos"},"schema":{"@context":"https:\/\/schema.org","@graph":[{"@type":"WebPage","@id":"https:\/\/idecesos.com\/seguros\/companias\/finisterre\/precio\/","url":"https:\/\/idecesos.com\/seguros\/companias\/finisterre\/precio\/","name":"Precio Seguro Decesos Finisterre \u25b7DTO 25% I Oferta 2026","isPartOf":{"@id":"https:\/\/idecesos.com\/seguros\/#website"},"primaryImageOfPage":{"@id":"https:\/\/idecesos.com\/seguros\/companias\/finisterre\/precio\/#primaryimage"},"image":{"@id":"https:\/\/idecesos.com\/seguros\/companias\/finisterre\/precio\/#primaryimage"},"thumbnailUrl":"https:\/\/idecesos.com\/seguros\/wp-content\/uploads\/2021\/12\/precio-2.jpg-32.jpeg","datePublished":"2021-12-15T16:03:04+00:00","dateModified":"2022-03-10T11:00:20+00:00","description":"Calcular aqu\u00ed\u3010precio seguro de decesos Finisterre\u3011Tarifas, oferta y descuento de seguro defunci\u00f3n Finisterre 2026 \u2611\ufe0fiDecesos\u00ae N\u00ba1 en ahorro","breadcrumb":{"@id":"https:\/\/idecesos.com\/seguros\/companias\/finisterre\/precio\/#breadcrumb"},"inLanguage":"es","potentialAction":[{"@type":"ReadAction","target":["https:\/\/idecesos.com\/seguros\/companias\/finisterre\/precio\/"]}]},{"@type":"ImageObject","inLanguage":"es","@id":"https:\/\/idecesos.com\/seguros\/companias\/finisterre\/precio\/#primaryimage","url":"https:\/\/idecesos.com\/seguros\/wp-content\/uploads\/2021\/12\/precio-2.jpg-32.jpeg","contentUrl":"https:\/\/idecesos.com\/seguros\/wp-content\/uploads\/2021\/12\/precio-2.jpg-32.jpeg","width":1500,"height":559,"caption":"Precio Finisterre"},{"@type":"BreadcrumbList","@id":"https:\/\/idecesos.com\/seguros\/companias\/finisterre\/precio\/#breadcrumb","itemListElement":[{"@type":"ListItem","position":1,"name":"Portada","item":"https:\/\/idecesos.com\/seguros\/"},{"@type":"ListItem","position":2,"name":"Compa\u00f1\u00edas de Seguros de Decesos en Espa\u00f1a","item":"https:\/\/idecesos.com\/seguros\/companias\/"},{"@type":"ListItem","position":3,"name":"Seguro de decesos Finisterre","item":"https:\/\/idecesos.com\/seguros\/companias\/finisterre\/"},{"@type":"ListItem","position":4,"name":"\u00bfCu\u00e1nto cuesta el seguro de decesos Finisterre?"}]},{"@type":"WebSite","@id":"https:\/\/idecesos.com\/seguros\/#website","url":"https:\/\/idecesos.com\/seguros\/","name":"","description":"","potentialAction":[{"@type":"SearchAction","target":{"@type":"EntryPoint","urlTemplate":"https:\/\/idecesos.com\/seguros\/?s={search_term_string}"},"query-input":{"@type":"PropertyValueSpecification","valueRequired":true,"valueName":"search_term_string"}}],"inLanguage":"es"}]}},"_links":{"self":[{"href":"https:\/\/idecesos.com\/seguros\/wp-json\/wp\/v2\/pages\/17380","targetHints":{"allow":["GET"]}}],"collection":[{"href":"https:\/\/idecesos.com\/seguros\/wp-json\/wp\/v2\/pages"}],"about":[{"href":"https:\/\/idecesos.com\/seguros\/wp-json\/wp\/v2\/types\/page"}],"author":[{"embeddable":true,"href":"https:\/\/idecesos.com\/seguros\/wp-json\/wp\/v2\/users\/1"}],"replies":[{"embeddable":true,"href":"https:\/\/idecesos.com\/seguros\/wp-json\/wp\/v2\/comments?post=17380"}],"version-history":[{"count":2,"href":"https:\/\/idecesos.com\/seguros\/wp-json\/wp\/v2\/pages\/17380\/revisions"}],"predecessor-version":[{"id":20094,"href":"https:\/\/idecesos.com\/seguros\/wp-json\/wp\/v2\/pages\/17380\/revisions\/20094"}],"up":[{"embeddable":true,"href":"https:\/\/idecesos.com\/seguros\/wp-json\/wp\/v2\/pages\/628"}],"wp:featuredmedia":[{"embeddable":true,"href":"https:\/\/idecesos.com\/seguros\/wp-json\/wp\/v2\/media\/17381"}],"wp:attachment":[{"href":"https:\/\/idecesos.com\/seguros\/wp-json\/wp\/v2\/media?parent=17380"}],"curies":[{"name":"wp","href":"https:\/\/api.w.org\/{rel}","templated":true}]}}