{"id":17388,"date":"2021-12-15T16:03:06","date_gmt":"2021-12-15T16:03:06","guid":{"rendered":"https:\/\/idecesos.com\/seguros\/companias\/regal\/precio\/"},"modified":"2022-03-10T11:41:21","modified_gmt":"2022-03-10T11:41:21","slug":"precio","status":"publish","type":"page","link":"https:\/\/idecesos.com\/seguros\/companias\/regal\/precio\/","title":{"rendered":"\u00bfCu\u00e1nto cuesta el seguro de decesos Regal?"},"content":{"rendered":"<div id=\"ez-toc-container\" class=\"ez-toc-v2_0_82_2 ez-toc-wrap-center counter-hierarchy ez-toc-counter ez-toc-custom ez-toc-container-direction\">\n<div class=\"ez-toc-title-container\">\n<p class=\"ez-toc-title\" style=\"cursor:inherit\">Tabla de Contenido<\/p>\n<span class=\"ez-toc-title-toggle\"><a href=\"#\" class=\"ez-toc-pull-right ez-toc-btn ez-toc-btn-xs ez-toc-btn-default ez-toc-toggle\" aria-label=\"Alternar tabla de contenidos\"><span class=\"ez-toc-js-icon-con\"><span class=\"\"><span class=\"eztoc-hide\" style=\"display:none;\">Toggle<\/span><span class=\"ez-toc-icon-toggle-span\"><svg style=\"fill: #db6415;color:#db6415\" xmlns=\"http:\/\/www.w3.org\/2000\/svg\" class=\"list-377408\" width=\"20px\" height=\"20px\" viewBox=\"0 0 24 24\" fill=\"none\"><path d=\"M6 6H4v2h2V6zm14 0H8v2h12V6zM4 11h2v2H4v-2zm16 0H8v2h12v-2zM4 16h2v2H4v-2zm16 0H8v2h12v-2z\" fill=\"currentColor\"><\/path><\/svg><svg style=\"fill: #db6415;color:#db6415\" class=\"arrow-unsorted-368013\" xmlns=\"http:\/\/www.w3.org\/2000\/svg\" width=\"10px\" height=\"10px\" viewBox=\"0 0 24 24\" version=\"1.2\" baseProfile=\"tiny\"><path d=\"M18.2 9.3l-6.2-6.3-6.2 6.3c-.2.2-.3.4-.3.7s.1.5.3.7c.2.2.4.3.7.3h11c.3 0 .5-.1.7-.3.2-.2.3-.5.3-.7s-.1-.5-.3-.7zM5.8 14.7l6.2 6.3 6.2-6.3c.2-.2.3-.5.3-.7s-.1-.5-.3-.7c-.2-.2-.4-.3-.7-.3h-11c-.3 0-.5.1-.7.3-.2.2-.3.5-.3.7s.1.5.3.7z\"\/><\/svg><\/span><\/span><\/span><\/a><\/span><\/div>\n<nav><ul class='ez-toc-list ez-toc-list-level-1 ' ><li class='ez-toc-page-1 ez-toc-heading-level-2'><a class=\"ez-toc-link ez-toc-heading-1\" href=\"https:\/\/idecesos.com\/seguros\/companias\/regal\/precio\/#Calcular_precio_seguro_de_decesos_Regal\" >Calcular precio seguro de decesos Regal<\/a><\/li><li class='ez-toc-page-1 ez-toc-heading-level-2'><a class=\"ez-toc-link ez-toc-heading-2\" href=\"https:\/\/idecesos.com\/seguros\/companias\/regal\/precio\/#Tabla_comparativa_de_precios_Regal\" >Tabla comparativa de precios Regal<\/a><ul class='ez-toc-list-level-3' ><li class='ez-toc-heading-level-3'><a class=\"ez-toc-link ez-toc-heading-3\" href=\"https:\/\/idecesos.com\/seguros\/companias\/regal\/precio\/#%C2%BFCual_es_la_mejor_tarifa_de_seguros_de_Regal\" >\u00bfCu\u00e1l es la mejor tarifa de seguros de Regal ?<\/a><\/li><li class='ez-toc-page-1 ez-toc-heading-level-3'><a class=\"ez-toc-link ez-toc-heading-4\" href=\"https:\/\/idecesos.com\/seguros\/companias\/regal\/precio\/#%C2%BFPuede_aumentar_precio_mensual_de_los_seguros_de_Regal\" >\u00bfPuede aumentar precio mensual de los seguros de Regal ?<\/a><\/li><li class='ez-toc-page-1 ez-toc-heading-level-3'><a class=\"ez-toc-link ez-toc-heading-5\" href=\"https:\/\/idecesos.com\/seguros\/companias\/regal\/precio\/#%C2%BFEl_precio_de_seguros_de_decesos_Regal_sube_con_la_edad\" >\u00bfEl precio de seguros de decesos Regal sube con la edad?<\/a><\/li><li class='ez-toc-page-1 ez-toc-heading-level-3'><a class=\"ez-toc-link ez-toc-heading-6\" href=\"https:\/\/idecesos.com\/seguros\/companias\/regal\/precio\/#Paginas_relacionadas\" >P\u00e1ginas relacionadas<\/a><\/li><\/ul><\/li><\/ul><\/nav><\/div>\n<p><br \/>\nEn el sector de los seguros de decesos hay muchas compa\u00f1\u00edas aseguradoras, coberturas y precios distintos entre aqu\u00e9llos que poder cotejar. Antes de seleccionar un seguro, es mejor estar informado de los diferentes productos y compa\u00f1\u00edas que hay en el mercado para poder ver qu\u00e9 tarifas se amoldan mejor a tus necesidades. iDecesos te ofrece todas y cada una de las facilidades a fin de que el proceso de elecci\u00f3n de su seguro de decesos sea m\u00e1s f\u00e1cil. Ahora le vamos a mostrar los precios y las distintas modalidades de primas que existen en Regal para que pueda ver qu\u00e9 coberturas y precios son los que m\u00e1s se amoldan a lo que est\u00e1s buscando.<\/p>\n<div class=\"colorf\"><div class=\"container clearfix\"><div class=\"col-md-7\">\n<h2><span class=\"ez-toc-section\" id=\"Calcular_precio_seguro_de_decesos_Regal\"><\/span>Calcular precio seguro de decesos Regal<span class=\"ez-toc-section-end\"><\/span><\/h2>\n<p>Regal hace un proceso personalizado para cada uno de ellos de sus clientes del servicio de la mano de grandes profesionales del \u00e1mbito de forma muy exhaustiva a fin de que se amolden sus coberturas y precios a la perfecci\u00f3n a lo que buscas a fin de que puedas vivir tranquilo y sin preocupaciones. Es esencial adelantarse a lo que pueda ocurrir, estando prevenido. En menos de un minuto podr\u00e1s saber el precio de la p\u00f3liza que m\u00e1s se amolda a ti gracias a Regal. iDecesos es la herramienta m\u00e1s sencilla y r\u00e1pida de emplear hoy en d\u00eda para equiparar precios de seguros de decesos. Solo tienes que rellenar los datos que te solicitamos y obtendr\u00e1s en cuesti\u00f3n de segundos la tarifa que m\u00e1s se amolde a ti. Adem\u00e1s, vas a poder ver todas y cada una los beneficios que tienes a tu predisposici\u00f3n de manera sencilla. Ya lo has visto, f\u00e1cil y sencillo. Adem\u00e1s, no quedas comprometido en nada y podr\u00e1s efectuar este proceso las veces que necesites absolutamente sin coste.<br \/>\n<\/div><\/div><\/div><\/p>\n<h2><span class=\"ez-toc-section\" id=\"Tabla_comparativa_de_precios_Regal\"><\/span>Tabla comparativa de precios Regal<span class=\"ez-toc-section-end\"><\/span><\/h2>\n<p><div class=\"cabecera_tabla_precio\"><table class=\"table table-striped\"><thead><tr><th class=\"nosepara centrado\">Tipo<\/th><th class=\"nosepara centrado nojustificado\">Precio Desde<\/th><th class=\"nosepara dcha\"><\/th><\/tr><\/thead><tbody><tr class=\"fila_tabla_precio\"><td class=\"nosepara izq\">Precio Seguro Decesos Regal<\/td><td class=\"nosepara centro\">1,65 \u20ac\/mes<\/td><td class=\"nosepara derecha\">\t\t\t\t\t\n\t\t\t\t\t\t<span class=\"\" style=\"cursor:pointer\" data-bs-toggle=\"modal\" data-bs-target=\"#comparadorModal\">Calcular<\/span>\t\t\t\t\n\t\t\t\t\t\n\t\t\t\t<\/td><\/tr><\/div><tr class=\"fila_tabla_precio\"><td class=\"nosepara izq\">Precio Prima \u00danica Regal<\/td><td class=\"nosepara centro\">2335 \u20ac<\/td><td class=\"nosepara derecha\">\t\t\t\t\t\n\t\t\t\t\t\t<span class=\"\" style=\"cursor:pointer\" data-bs-toggle=\"modal\" data-bs-target=\"#comparadorModal\">Calcular<\/span>\t\t\t\t\n\t\t\t\t\t\n\t\t\t\t<\/td><\/tr><\/div><tr class=\"fila_tabla_precio\"><td class=\"nosepara izq\">Precio Prima Natural Regal<\/td><td class=\"nosepara centro\">1,20 \u20ac\/mes<\/td><td class=\"nosepara derecha\">\t\t\t\t\t\n\t\t\t\t\t\t<span class=\"\" style=\"cursor:pointer\" data-bs-toggle=\"modal\" data-bs-target=\"#comparadorModal\">Calcular<\/span>\t\t\t\t\n\t\t\t\t\t\n\t\t\t\t<\/td><\/tr><\/div><tr class=\"fila_tabla_precio\"><td class=\"nosepara izq\">Precio Prima Nivelada Regal<\/td><td class=\"nosepara centro\">1,50 \u20ac\/mes<\/td><td class=\"nosepara derecha\">\t\t\t\t\t\n\t\t\t\t\t\t<span class=\"\" style=\"cursor:pointer\" data-bs-toggle=\"modal\" data-bs-target=\"#comparadorModal\">Calcular<\/span>\t\t\t\t\n\t\t\t\t\t\n\t\t\t\t<\/td><\/tr><\/div><tr class=\"fila_tabla_precio\"><td class=\"nosepara izq\">Precio Prima Mixta Regal<\/td><td class=\"nosepara centro\">1,48 \u20ac\/mes<\/td><td class=\"nosepara derecha\">\t\t\t\t\t\n\t\t\t\t\t\t<span class=\"\" style=\"cursor:pointer\" data-bs-toggle=\"modal\" data-bs-target=\"#comparadorModal\">Calcular<\/span>\t\t\t\t\n\t\t\t\t\t\n\t\t\t\t<\/td><\/tr><\/div><tr class=\"fila_tabla_precio\"><td class=\"nosepara izq\">Precio Prima Seminatural Regal<\/td><td class=\"nosepara centro\">1,52 \u20ac\/mes<\/td><td class=\"nosepara derecha\">\t\t\t\t\t\n\t\t\t\t\t\t<span class=\"\" style=\"cursor:pointer\" data-bs-toggle=\"modal\" data-bs-target=\"#comparadorModal\">Calcular<\/span>\t\t\t\t\n\t\t\t\t\t\n\t\t\t\t<\/td><\/tr><\/div><tr class=\"fila_tabla_precio\"><td class=\"nosepara izq\">Precio con Repatriaci\u00f3n Regal<\/td><td class=\"nosepara centro\">0,72 \u20ac a la cuota<\/td><td class=\"nosepara derecha\">\t\t\t\t\t\n\t\t\t\t\t\t<span class=\"\" style=\"cursor:pointer\" data-bs-toggle=\"modal\" data-bs-target=\"#comparadorModal\">Calcular<\/span>\t\t\t\t\n\t\t\t\t\t\n\t\t\t\t<\/td><\/tr><\/div><tr class=\"fila_tabla_precio\"><td class=\"nosepara izq\">Precio Seguro Defunci\u00f3n Regal<\/td><td class=\"nosepara centro\">1,67 \u20ac\/mes<\/td><td class=\"nosepara derecha\">\t\t\t\t\t\n\t\t\t\t\t\t<span class=\"\" style=\"cursor:pointer\" data-bs-toggle=\"modal\" data-bs-target=\"#comparadorModal\">Calcular<\/span>\t\t\t\t\n\t\t\t\t\t\n\t\t\t\t<\/td><\/tr><\/div><tr class=\"fila_tabla_precio\"><td class=\"nosepara izq\">Precio Seguro Fallecimiento Regal<\/td><td class=\"nosepara centro\">1,55 \u20ac\/mes<\/td><td class=\"nosepara derecha\">\t\t\t\t\t\n\t\t\t\t\t\t<span class=\"\" style=\"cursor:pointer\" data-bs-toggle=\"modal\" data-bs-target=\"#comparadorModal\">Calcular<\/span>\t\t\t\t\n\t\t\t\t\t\n\t\t\t\t<\/td><\/tr><\/div><tr class=\"fila_tabla_precio\"><td class=\"nosepara izq\">Precio Seguro Muertos Regal<\/td><td class=\"nosepara centro\">1,65 \u20ac\/mes<\/td><td class=\"nosepara derecha\">\t\t\t\t\t\n\t\t\t\t\t\t<span class=\"\" style=\"cursor:pointer\" data-bs-toggle=\"modal\" data-bs-target=\"#comparadorModal\">Calcular<\/span>\t\t\t\t\n\t\t\t\t\t\n\t\t\t\t<\/td><\/tr><\/div><tr class=\"fila_tabla_precio\"><td class=\"nosepara izq\">Precio Asistencia Familiar Regal<\/td><td class=\"nosepara centro\">1,50 \u20ac\/mes<\/td><td class=\"nosepara derecha\">\t\t\t\t\t\n\t\t\t\t\t\t<span class=\"\" style=\"cursor:pointer\" data-bs-toggle=\"modal\" data-bs-target=\"#comparadorModal\">Calcular<\/span>\t\t\t\t\n\t\t\t\t\t\n\t\t\t\t<\/td><\/tr><\/div><\/tbody><\/table><\/div><\/p>\n<p>Las diferentes primas de seguro de decesos aparecer\u00e1n a continuaci\u00f3n en un panel con las tarifas m\u00e1s competitivas del seguro de decesos de Regal. Las siguientes primas han sido dise\u00f1adas por los mejores actuarios y t\u00e9cnicos para obtener un seguro de decesos con los precios m\u00e1s ajustados y coberturas que cubran todas y cada una los requisitos de los clientes. Este es un panel de precios que le ofrece la Regal de todos los modelos de primas con ofertas y descuentos incluidos.<br \/>\n<div class=\"colorf\"><div class=\"container clearfix\"><div class=\"col-md-7\"><\/p>\n<h3><span class=\"ez-toc-section\" id=\"%C2%BFCual_es_la_mejor_tarifa_de_seguros_de_Regal\"><\/span>\u00bfCu\u00e1l es la mejor tarifa de seguros de Regal ?<span class=\"ez-toc-section-end\"><\/span><\/h3>\n<p>No necesita solamente, con la propuesta de Regal cubrir\u00e1 todas sus necesidades con un producto top. La serie completa que conforma el seguro de decesos con unas garant\u00edas agregadas que hacen de estas p\u00f3lizas un producto singular y con una alta ventaja competitiva sobre sus principales rivales aseguradores, aparte de gozar de los costos m\u00e1s econ\u00f3micos para . Nosotros, iDecesos vamos a buscar por ti, entre las mejores ofertas y descuentos del mercado de seguros en Espa\u00f1a y te asesoraremos a fin de que aciertes con la opci\u00f3n que escojas.<br \/>\n<\/div><\/div><\/div><\/p>\n<h3><span class=\"ez-toc-section\" id=\"%C2%BFPuede_aumentar_precio_mensual_de_los_seguros_de_Regal\"><\/span>\u00bfPuede aumentar precio mensual de los seguros de Regal ?<span class=\"ez-toc-section-end\"><\/span><\/h3>\n<p>Hay muchos g\u00e9neros de prima que Regal ha concebido para ti y para que puedas escoger la que mejor se amolde a sus necesidades. En Espa\u00f1a, nueve de cada 10 personas que han contratado un seguro de decesos se han suscrito a la prima nivelada. A continuaci\u00f3n le mostramos los diferentes g\u00e9neros de primas. <strong>\u2022 Prima \u00fanica:<\/strong> Esta prima cubre el sepelio de personas que han pasado la edad de jubilaci\u00f3n o que tengan la existencia de una enfermedad grave. Con una sola aportaci\u00f3n en el pago, esta clase de primas suelen ser contratadas por personas de avanzada edad que nunca antes han contratado un seguro. Desde la edad de jubilaci\u00f3n el pago de esta prima se mantendr\u00e1 y no variar\u00e1. Si bien puede sufrir alg\u00fan cambio en sus pagos por la actualizaci\u00f3n de los capitales asegurados aunque se caracteriza por ser constante. <strong>\u2022 Prima Natural<\/strong>: El pago de esta prima se actualiza todos los a\u00f1os. Su precio se calcula con los a\u00f1os que tiene en el instante de su contrataci\u00f3n y hacen una comparaci\u00f3n con el incremento de fallecimiento que pueda tener con el paso del tiempo, esto causa que todos los a\u00f1os vaya subiendo su precio paulatinamente.<\/p>\n<p><strong>\u2022 Prima Mixta:<\/strong> Esta prima combina la Prima Nivelada y la Natural con la singularidad de que es m\u00e1s equilibrada.<\/p>\n<p>Con independencia del g\u00e9nero de prima de decesos que elija, podr\u00e1 flexibilizar su cuota todo cuanto desee por el hecho de que le ofrecemos todas y cada una de las facilidades posibles para que le resulte lo m\u00e1s ligero posible el hacerse cargo del recibo y que no le suponga ning\u00fan esfuerzo dejar todo previsto a sus familiares.<br \/>\n<div class=\"colorf\"><div class=\"container clearfix\"><div class=\"col-md-7\"><\/p>\n<h3><span class=\"ez-toc-section\" id=\"%C2%BFEl_precio_de_seguros_de_decesos_Regal_sube_con_la_edad\"><\/span>\u00bfEl precio de seguros de decesos Regal sube con la edad?<span class=\"ez-toc-section-end\"><\/span><\/h3>\n<p>\u00bfA\u00fan est\u00e1 dudando sobre qu\u00e9 coberturas precisa o qu\u00e9 plan de precios escoger? Regal te ofrece un seguro de decesos de Prima \u00danica que le va a ayudar para que pueda vivir tranquilo el resto de sus d\u00edas, se encargar\u00e1n ir agilizando todos y cada uno de los tr\u00e1mites de la mano de los mejores especialistas que te ofrecer\u00e1n la mejor calidad de los servicios que haya contratado. Lo m\u00e1s probable que en un horizonte temporal var\u00eden las primas en alza para estar apropiadamente asegurados nuestros clientes, esto se debe a la inflaci\u00f3n de los de los costos asociados al servicio de decesos en todos y cada ayuntamiento y es prioritario desarrollar esa subida de tarifa para que en el instante de la muerte los allegados no deban incurrir en un costo no contemplado para poder enterrar a su ser querido. Lo que usted pague va a depender de los servicios contratados y de las coberturas extras que quiera incluir. Asimismo tiene total libertad de pagar la cuota de su p\u00f3liza de decesos fraccionando en las cuotas que le parezca m\u00e1s simple de aceptar. iDecesos es la soluci\u00f3n m\u00e1s eficaz en la busca de opciones alternativas a los seguros de decesos tan caros que llevas abonando durante a\u00f1os y con las mejores compa\u00f1\u00edas aseguradoras del mercado, coberturas geniales y precios enormemente competitivos, no aguardes m\u00e1s y equipara precios en un minuto. Regal le brinda con sus profesionales y productos enormemente expertos en servicios f\u00fanebres una garant\u00eda total de que deposita su confianza en las manos adecuadas.<br \/>\n<\/div><\/div><\/div><\/p>\n<h3><span class=\"ez-toc-section\" id=\"Paginas_relacionadas\"><\/span>P\u00e1ginas relacionadas<span class=\"ez-toc-section-end\"><\/span><\/h3><div class=\"enlazado\"><ul> <li><a href=\"https:\/\/idecesos.com\/seguros\/companias\/regal\/opiniones\/\">Opiniones Regal<\/a><\/li> <li><a href=\"https:\/\/idecesos.com\/seguros\/companias\/regal\/precio\/\">Precio seguro Regal<\/a><\/li> <li><a href=\"https:\/\/idecesos.com\/seguros\/companias\/regal\/prima-mixta\/\">Regal Prima Mixta<\/a><\/li> <li><a href=\"https:\/\/idecesos.com\/seguros\/companias\/regal\/prima-natural\/\">Regal Prima Natural<\/a><\/li> <li><a href=\"https:\/\/idecesos.com\/seguros\/companias\/regal\/prima-nivelada\/\">Regal Prima Nivelada<\/a><\/li> <li><a href=\"https:\/\/idecesos.com\/seguros\/companias\/regal\/prima-unica\/\">Regal Prima \u00danica<\/a><\/li> <li><a href=\"https:\/\/idecesos.com\/seguros\/companias\/regal\/repatriacion\/\">Regal Repatriaci\u00f3n<\/a><\/li> <li><a href=\"https:\/\/idecesos.com\/seguros\/companias\/regal\/telefono\/\">Tel\u00e9fono Gratuito Regal<\/a><\/li><\/ul><\/div>\n","protected":false},"excerpt":{"rendered":"<p>En el sector de los seguros de decesos hay muchas compa\u00f1\u00edas aseguradoras, coberturas y precios distintos entre aqu\u00e9llos que poder cotejar. Antes de seleccionar un seguro, es mejor estar informado de los diferentes productos y compa\u00f1\u00edas que hay en el mercado para poder ver qu\u00e9 tarifas se amoldan mejor a tus necesidades. iDecesos te ofrece&hellip; <\/p>\n","protected":false},"author":1,"featured_media":17389,"parent":473,"menu_order":0,"comment_status":"closed","ping_status":"closed","template":"single.php","meta":{"footnotes":""},"class_list":["post-17388","page","type-page","status-publish","has-post-thumbnail","hentry"],"yoast_head":"<!-- This site is optimized with the Yoast SEO plugin v27.3 - https:\/\/yoast.com\/product\/yoast-seo-wordpress\/ -->\n<title>Precio Seguro Decesos Regal \u25b7DTO 25% I Oferta 2026<\/title>\n<meta name=\"description\" content=\"Calcular aqu\u00ed\u3010precio seguro de decesos Regal\u3011Tarifas, oferta y descuento de seguro defunci\u00f3n Regal 2026 \u2611\ufe0fiDecesos\u00ae N\u00ba1 en ahorro\" \/>\n<meta name=\"robots\" content=\"index, follow, max-snippet:-1, max-image-preview:large, max-video-preview:-1\" \/>\n<link rel=\"canonical\" href=\"https:\/\/idecesos.com\/seguros\/companias\/regal\/precio\/\" \/>\n<meta property=\"og:locale\" content=\"es_ES\" \/>\n<meta property=\"og:type\" content=\"article\" \/>\n<meta property=\"og:title\" content=\"Precio Seguro Decesos Regal \u25b7DTO 25% I Oferta 2026\" \/>\n<meta property=\"og:description\" content=\"Calcular aqu\u00ed\u3010precio seguro de decesos Regal\u3011Tarifas, oferta y descuento de seguro defunci\u00f3n Regal 2026 \u2611\ufe0fiDecesos\u00ae N\u00ba1 en ahorro\" \/>\n<meta property=\"og:url\" content=\"https:\/\/idecesos.com\/seguros\/companias\/regal\/precio\/\" \/>\n<meta property=\"article:modified_time\" content=\"2022-03-10T11:41:21+00:00\" \/>\n<meta property=\"og:image\" content=\"https:\/\/idecesos.com\/seguros\/wp-content\/uploads\/2021\/12\/precio-2.jpg-36.jpeg\" \/>\n\t<meta property=\"og:image:width\" content=\"1500\" \/>\n\t<meta property=\"og:image:height\" content=\"559\" \/>\n\t<meta property=\"og:image:type\" content=\"image\/jpeg\" \/>\n<meta name=\"twitter:card\" content=\"summary_large_image\" \/>\n<meta name=\"twitter:label1\" content=\"Tiempo de lectura\" \/>\n\t<meta name=\"twitter:data1\" content=\"75 minutos\" \/>\n<script type=\"application\/ld+json\" class=\"yoast-schema-graph\">{\"@context\":\"https:\\\/\\\/schema.org\",\"@graph\":[{\"@type\":\"WebPage\",\"@id\":\"https:\\\/\\\/idecesos.com\\\/seguros\\\/companias\\\/regal\\\/precio\\\/\",\"url\":\"https:\\\/\\\/idecesos.com\\\/seguros\\\/companias\\\/regal\\\/precio\\\/\",\"name\":\"Precio Seguro Decesos Regal \u25b7DTO 25% I Oferta 2026\",\"isPartOf\":{\"@id\":\"https:\\\/\\\/idecesos.com\\\/seguros\\\/#website\"},\"primaryImageOfPage\":{\"@id\":\"https:\\\/\\\/idecesos.com\\\/seguros\\\/companias\\\/regal\\\/precio\\\/#primaryimage\"},\"image\":{\"@id\":\"https:\\\/\\\/idecesos.com\\\/seguros\\\/companias\\\/regal\\\/precio\\\/#primaryimage\"},\"thumbnailUrl\":\"https:\\\/\\\/idecesos.com\\\/seguros\\\/wp-content\\\/uploads\\\/2021\\\/12\\\/precio-2.jpg-36.jpeg\",\"datePublished\":\"2021-12-15T16:03:06+00:00\",\"dateModified\":\"2022-03-10T11:41:21+00:00\",\"description\":\"Calcular aqu\u00ed\u3010precio seguro de decesos Regal\u3011Tarifas, oferta y descuento de seguro defunci\u00f3n Regal 2026 \u2611\ufe0fiDecesos\u00ae N\u00ba1 en ahorro\",\"breadcrumb\":{\"@id\":\"https:\\\/\\\/idecesos.com\\\/seguros\\\/companias\\\/regal\\\/precio\\\/#breadcrumb\"},\"inLanguage\":\"es\",\"potentialAction\":[{\"@type\":\"ReadAction\",\"target\":[\"https:\\\/\\\/idecesos.com\\\/seguros\\\/companias\\\/regal\\\/precio\\\/\"]}]},{\"@type\":\"ImageObject\",\"inLanguage\":\"es\",\"@id\":\"https:\\\/\\\/idecesos.com\\\/seguros\\\/companias\\\/regal\\\/precio\\\/#primaryimage\",\"url\":\"https:\\\/\\\/idecesos.com\\\/seguros\\\/wp-content\\\/uploads\\\/2021\\\/12\\\/precio-2.jpg-36.jpeg\",\"contentUrl\":\"https:\\\/\\\/idecesos.com\\\/seguros\\\/wp-content\\\/uploads\\\/2021\\\/12\\\/precio-2.jpg-36.jpeg\",\"width\":1500,\"height\":559,\"caption\":\"Precio Regal\"},{\"@type\":\"BreadcrumbList\",\"@id\":\"https:\\\/\\\/idecesos.com\\\/seguros\\\/companias\\\/regal\\\/precio\\\/#breadcrumb\",\"itemListElement\":[{\"@type\":\"ListItem\",\"position\":1,\"name\":\"Portada\",\"item\":\"https:\\\/\\\/idecesos.com\\\/seguros\\\/\"},{\"@type\":\"ListItem\",\"position\":2,\"name\":\"Compa\u00f1\u00edas de Seguros de Decesos en Espa\u00f1a\",\"item\":\"https:\\\/\\\/idecesos.com\\\/seguros\\\/companias\\\/\"},{\"@type\":\"ListItem\",\"position\":3,\"name\":\"Seguro de decesos Regal\",\"item\":\"https:\\\/\\\/idecesos.com\\\/seguros\\\/companias\\\/regal\\\/\"},{\"@type\":\"ListItem\",\"position\":4,\"name\":\"\u00bfCu\u00e1nto cuesta el seguro de decesos Regal?\"}]},{\"@type\":\"WebSite\",\"@id\":\"https:\\\/\\\/idecesos.com\\\/seguros\\\/#website\",\"url\":\"https:\\\/\\\/idecesos.com\\\/seguros\\\/\",\"name\":\"\",\"description\":\"\",\"potentialAction\":[{\"@type\":\"SearchAction\",\"target\":{\"@type\":\"EntryPoint\",\"urlTemplate\":\"https:\\\/\\\/idecesos.com\\\/seguros\\\/?s={search_term_string}\"},\"query-input\":{\"@type\":\"PropertyValueSpecification\",\"valueRequired\":true,\"valueName\":\"search_term_string\"}}],\"inLanguage\":\"es\"}]}<\/script>\n<!-- \/ Yoast SEO plugin. -->","yoast_head_json":{"title":"Precio Seguro Decesos Regal \u25b7DTO 25% I Oferta 2026","description":"Calcular aqu\u00ed\u3010precio seguro de decesos Regal\u3011Tarifas, oferta y descuento de seguro defunci\u00f3n Regal 2026 \u2611\ufe0fiDecesos\u00ae N\u00ba1 en ahorro","robots":{"index":"index","follow":"follow","max-snippet":"max-snippet:-1","max-image-preview":"max-image-preview:large","max-video-preview":"max-video-preview:-1"},"canonical":"https:\/\/idecesos.com\/seguros\/companias\/regal\/precio\/","og_locale":"es_ES","og_type":"article","og_title":"Precio Seguro Decesos Regal \u25b7DTO 25% I Oferta 2026","og_description":"Calcular aqu\u00ed\u3010precio seguro de decesos Regal\u3011Tarifas, oferta y descuento de seguro defunci\u00f3n Regal 2026 \u2611\ufe0fiDecesos\u00ae N\u00ba1 en ahorro","og_url":"https:\/\/idecesos.com\/seguros\/companias\/regal\/precio\/","article_modified_time":"2022-03-10T11:41:21+00:00","og_image":[{"width":1500,"height":559,"url":"https:\/\/idecesos.com\/seguros\/wp-content\/uploads\/2021\/12\/precio-2.jpg-36.jpeg","type":"image\/jpeg"}],"twitter_card":"summary_large_image","twitter_misc":{"Tiempo de lectura":"75 minutos"},"schema":{"@context":"https:\/\/schema.org","@graph":[{"@type":"WebPage","@id":"https:\/\/idecesos.com\/seguros\/companias\/regal\/precio\/","url":"https:\/\/idecesos.com\/seguros\/companias\/regal\/precio\/","name":"Precio Seguro Decesos Regal \u25b7DTO 25% I Oferta 2026","isPartOf":{"@id":"https:\/\/idecesos.com\/seguros\/#website"},"primaryImageOfPage":{"@id":"https:\/\/idecesos.com\/seguros\/companias\/regal\/precio\/#primaryimage"},"image":{"@id":"https:\/\/idecesos.com\/seguros\/companias\/regal\/precio\/#primaryimage"},"thumbnailUrl":"https:\/\/idecesos.com\/seguros\/wp-content\/uploads\/2021\/12\/precio-2.jpg-36.jpeg","datePublished":"2021-12-15T16:03:06+00:00","dateModified":"2022-03-10T11:41:21+00:00","description":"Calcular aqu\u00ed\u3010precio seguro de decesos Regal\u3011Tarifas, oferta y descuento de seguro defunci\u00f3n Regal 2026 \u2611\ufe0fiDecesos\u00ae N\u00ba1 en ahorro","breadcrumb":{"@id":"https:\/\/idecesos.com\/seguros\/companias\/regal\/precio\/#breadcrumb"},"inLanguage":"es","potentialAction":[{"@type":"ReadAction","target":["https:\/\/idecesos.com\/seguros\/companias\/regal\/precio\/"]}]},{"@type":"ImageObject","inLanguage":"es","@id":"https:\/\/idecesos.com\/seguros\/companias\/regal\/precio\/#primaryimage","url":"https:\/\/idecesos.com\/seguros\/wp-content\/uploads\/2021\/12\/precio-2.jpg-36.jpeg","contentUrl":"https:\/\/idecesos.com\/seguros\/wp-content\/uploads\/2021\/12\/precio-2.jpg-36.jpeg","width":1500,"height":559,"caption":"Precio Regal"},{"@type":"BreadcrumbList","@id":"https:\/\/idecesos.com\/seguros\/companias\/regal\/precio\/#breadcrumb","itemListElement":[{"@type":"ListItem","position":1,"name":"Portada","item":"https:\/\/idecesos.com\/seguros\/"},{"@type":"ListItem","position":2,"name":"Compa\u00f1\u00edas de Seguros de Decesos en Espa\u00f1a","item":"https:\/\/idecesos.com\/seguros\/companias\/"},{"@type":"ListItem","position":3,"name":"Seguro de decesos Regal","item":"https:\/\/idecesos.com\/seguros\/companias\/regal\/"},{"@type":"ListItem","position":4,"name":"\u00bfCu\u00e1nto cuesta el seguro de decesos Regal?"}]},{"@type":"WebSite","@id":"https:\/\/idecesos.com\/seguros\/#website","url":"https:\/\/idecesos.com\/seguros\/","name":"","description":"","potentialAction":[{"@type":"SearchAction","target":{"@type":"EntryPoint","urlTemplate":"https:\/\/idecesos.com\/seguros\/?s={search_term_string}"},"query-input":{"@type":"PropertyValueSpecification","valueRequired":true,"valueName":"search_term_string"}}],"inLanguage":"es"}]}},"_links":{"self":[{"href":"https:\/\/idecesos.com\/seguros\/wp-json\/wp\/v2\/pages\/17388","targetHints":{"allow":["GET"]}}],"collection":[{"href":"https:\/\/idecesos.com\/seguros\/wp-json\/wp\/v2\/pages"}],"about":[{"href":"https:\/\/idecesos.com\/seguros\/wp-json\/wp\/v2\/types\/page"}],"author":[{"embeddable":true,"href":"https:\/\/idecesos.com\/seguros\/wp-json\/wp\/v2\/users\/1"}],"replies":[{"embeddable":true,"href":"https:\/\/idecesos.com\/seguros\/wp-json\/wp\/v2\/comments?post=17388"}],"version-history":[{"count":3,"href":"https:\/\/idecesos.com\/seguros\/wp-json\/wp\/v2\/pages\/17388\/revisions"}],"predecessor-version":[{"id":20143,"href":"https:\/\/idecesos.com\/seguros\/wp-json\/wp\/v2\/pages\/17388\/revisions\/20143"}],"up":[{"embeddable":true,"href":"https:\/\/idecesos.com\/seguros\/wp-json\/wp\/v2\/pages\/473"}],"wp:featuredmedia":[{"embeddable":true,"href":"https:\/\/idecesos.com\/seguros\/wp-json\/wp\/v2\/media\/17389"}],"wp:attachment":[{"href":"https:\/\/idecesos.com\/seguros\/wp-json\/wp\/v2\/media?parent=17388"}],"curies":[{"name":"wp","href":"https:\/\/api.w.org\/{rel}","templated":true}]}}