{"id":17390,"date":"2021-12-15T16:03:07","date_gmt":"2021-12-15T16:03:07","guid":{"rendered":"https:\/\/idecesos.com\/seguros\/companias\/verti\/precio\/"},"modified":"2022-03-10T12:00:02","modified_gmt":"2022-03-10T12:00:02","slug":"precio","status":"publish","type":"page","link":"https:\/\/idecesos.com\/seguros\/companias\/verti\/precio\/","title":{"rendered":"\u00bfCu\u00e1nto cuesta el seguro de decesos Verti?"},"content":{"rendered":"<div id=\"ez-toc-container\" class=\"ez-toc-v2_0_83 ez-toc-wrap-center counter-hierarchy ez-toc-counter ez-toc-custom ez-toc-container-direction\">\n<div class=\"ez-toc-title-container\">\n<p class=\"ez-toc-title\" style=\"cursor:inherit\">Tabla de Contenido<\/p>\n<span class=\"ez-toc-title-toggle\"><a href=\"#\" class=\"ez-toc-pull-right ez-toc-btn ez-toc-btn-xs ez-toc-btn-default ez-toc-toggle\" aria-label=\"Alternar tabla de contenidos\"><span class=\"ez-toc-js-icon-con\"><span class=\"\"><span class=\"eztoc-hide\" style=\"display:none;\">Toggle<\/span><span class=\"ez-toc-icon-toggle-span\"><svg style=\"fill: #db6415;color:#db6415\" xmlns=\"http:\/\/www.w3.org\/2000\/svg\" class=\"list-377408\" width=\"20px\" height=\"20px\" viewBox=\"0 0 24 24\" fill=\"none\"><path d=\"M6 6H4v2h2V6zm14 0H8v2h12V6zM4 11h2v2H4v-2zm16 0H8v2h12v-2zM4 16h2v2H4v-2zm16 0H8v2h12v-2z\" fill=\"currentColor\"><\/path><\/svg><svg style=\"fill: #db6415;color:#db6415\" class=\"arrow-unsorted-368013\" xmlns=\"http:\/\/www.w3.org\/2000\/svg\" width=\"10px\" height=\"10px\" viewBox=\"0 0 24 24\" version=\"1.2\" baseProfile=\"tiny\"><path d=\"M18.2 9.3l-6.2-6.3-6.2 6.3c-.2.2-.3.4-.3.7s.1.5.3.7c.2.2.4.3.7.3h11c.3 0 .5-.1.7-.3.2-.2.3-.5.3-.7s-.1-.5-.3-.7zM5.8 14.7l6.2 6.3 6.2-6.3c.2-.2.3-.5.3-.7s-.1-.5-.3-.7c-.2-.2-.4-.3-.7-.3h-11c-.3 0-.5.1-.7.3-.2.2-.3.5-.3.7s.1.5.3.7z\"\/><\/svg><\/span><\/span><\/span><\/a><\/span><\/div>\n<nav><ul class='ez-toc-list ez-toc-list-level-1 ' ><li class='ez-toc-page-1 ez-toc-heading-level-2'><a class=\"ez-toc-link ez-toc-heading-1\" href=\"https:\/\/idecesos.com\/seguros\/companias\/verti\/precio\/#Calcular_precio_seguro_de_decesos_Verti\" >Calcular precio seguro de decesos Verti<\/a><\/li><li class='ez-toc-page-1 ez-toc-heading-level-2'><a class=\"ez-toc-link ez-toc-heading-2\" href=\"https:\/\/idecesos.com\/seguros\/companias\/verti\/precio\/#Tabla_comparativa_de_precios_Verti\" >Tabla comparativa de precios Verti<\/a><ul class='ez-toc-list-level-3' ><li class='ez-toc-heading-level-3'><a class=\"ez-toc-link ez-toc-heading-3\" href=\"https:\/\/idecesos.com\/seguros\/companias\/verti\/precio\/#%C2%BFCual_es_la_mejor_tarifa_de_seguros_de_Verti\" >\u00bfCu\u00e1l es la mejor tarifa de seguros de Verti ?<\/a><\/li><li class='ez-toc-page-1 ez-toc-heading-level-3'><a class=\"ez-toc-link ez-toc-heading-4\" href=\"https:\/\/idecesos.com\/seguros\/companias\/verti\/precio\/#%C2%BFPuede_aumentar_precio_mensual_de_los_seguros_de_Verti\" >\u00bfPuede aumentar precio mensual de los seguros de Verti ?<\/a><\/li><li class='ez-toc-page-1 ez-toc-heading-level-3'><a class=\"ez-toc-link ez-toc-heading-5\" href=\"https:\/\/idecesos.com\/seguros\/companias\/verti\/precio\/#%C2%BFEl_precio_de_seguros_de_decesos_Verti_sube_con_la_edad\" >\u00bfEl precio de seguros de decesos Verti sube con la edad?<\/a><\/li><\/ul><\/li><\/ul><\/nav><\/div>\n<p><br \/>\nEn el campo de los seguros de decesos hay muchas empresas aseguradoras, coberturas y precios distintos entre los que poder equiparar. Ya antes de elegir un seguro, es mejor estar informado de los diferentes productos y compa\u00f1\u00edas que hay en el mercado para ver qu\u00e9 tarifas se adaptan mejor a tus necesidades. iDecesos te ofrece todas y cada una de las comodidades a fin de que el proceso de elecci\u00f3n de su seguro de decesos sea m\u00e1s f\u00e1cil. Ahora le mostraremos los precios y las diferentes modalidades de primas que existen en Verti a fin de que pueda ver qu\u00e9 coberturas y precios son los que m\u00e1s se adaptan a lo que est\u00e1s buscando.<\/p>\n<div class=\"colorf\"><div class=\"container clearfix\"><div class=\"col-md-7\">\n<h2><span class=\"ez-toc-section\" id=\"Calcular_precio_seguro_de_decesos_Verti\"><\/span>Calcular precio seguro de decesos Verti<span class=\"ez-toc-section-end\"><\/span><\/h2>\n<p>Con nuestros servicios calcular el precio de su seguro de decesos es m\u00e1s f\u00e1cil. Sencillamente debes cumplimentar unos datos b\u00e1sicos muy f\u00e1ciles de rellenar que necesitamos para poderte hacer un rastreo entre las mejores ofertas de las tarifas con mayor descuento entra las empresas de seguros m\u00e1s soluciones de Espa\u00f1a. Verti es una de las entidades compa\u00f1\u00edas de seguros mejor preparadas para dar un servicio de asistencia de gesti\u00f3n completa de defunci\u00f3n a nivel nacional, adem\u00e1s, est\u00e1 conformada por una plantilla con profesionales de m\u00e1ximo nivel para poder realizarlo. Adem\u00e1s,Verti cuenta con toda la confianza y fiabilidad que sus clientes le dan por su esplendidez y honradez, \u00bfQu\u00e9 ofrecemos? Somos la opci\u00f3n mejor para quienes se preocupan por la seguridad de sus seres queridos y dejar todo previsto, puesto que como compa\u00f1\u00eda aseguradora hemos llevado nuestros servicios y precios ce\u00f1idos a niveles \u00fanicos.<br \/>\n<\/div><\/div><\/div><\/p>\n<h2><span class=\"ez-toc-section\" id=\"Tabla_comparativa_de_precios_Verti\"><\/span>Tabla comparativa de precios Verti<span class=\"ez-toc-section-end\"><\/span><\/h2>\n<p><div class=\"cabecera_tabla_precio\"><table class=\"table table-striped\"><thead><tr><th class=\"nosepara centrado\">Tipo<\/th><th class=\"nosepara centrado nojustificado\">Precio Desde<\/th><th class=\"nosepara dcha\"><\/th><\/tr><\/thead><tbody><tr class=\"fila_tabla_precio\"><td class=\"nosepara izq\">Precio Seguro Decesos Verti<\/td><td class=\"nosepara centro\">1,40 \u20ac\/mes<\/td><td class=\"nosepara derecha\">\t\t\t\t\t\n\t\t\t\t\t\t<span class=\"\" style=\"cursor:pointer\" data-bs-toggle=\"modal\" data-bs-target=\"#comparadorModal\">Calcular<\/span>\t\t\t\t\n\t\t\t\t\t\n\t\t\t\t<\/td><\/tr><\/div><tr class=\"fila_tabla_precio\"><td class=\"nosepara izq\">Precio Prima \u00danica Verti<\/td><td class=\"nosepara centro\">2365 \u20ac<\/td><td class=\"nosepara derecha\">\t\t\t\t\t\n\t\t\t\t\t\t<span class=\"\" style=\"cursor:pointer\" data-bs-toggle=\"modal\" data-bs-target=\"#comparadorModal\">Calcular<\/span>\t\t\t\t\n\t\t\t\t\t\n\t\t\t\t<\/td><\/tr><\/div><tr class=\"fila_tabla_precio\"><td class=\"nosepara izq\">Precio Prima Natural Verti<\/td><td class=\"nosepara centro\">1,41 \u20ac\/mes<\/td><td class=\"nosepara derecha\">\t\t\t\t\t\n\t\t\t\t\t\t<span class=\"\" style=\"cursor:pointer\" data-bs-toggle=\"modal\" data-bs-target=\"#comparadorModal\">Calcular<\/span>\t\t\t\t\n\t\t\t\t\t\n\t\t\t\t<\/td><\/tr><\/div><tr class=\"fila_tabla_precio\"><td class=\"nosepara izq\">Precio Prima Nivelada Verti<\/td><td class=\"nosepara centro\">1,76 \u20ac\/mes<\/td><td class=\"nosepara derecha\">\t\t\t\t\t\n\t\t\t\t\t\t<span class=\"\" style=\"cursor:pointer\" data-bs-toggle=\"modal\" data-bs-target=\"#comparadorModal\">Calcular<\/span>\t\t\t\t\n\t\t\t\t\t\n\t\t\t\t<\/td><\/tr><\/div><tr class=\"fila_tabla_precio\"><td class=\"nosepara izq\">Precio Prima Mixta Verti<\/td><td class=\"nosepara centro\">1,22 \u20ac\/mes<\/td><td class=\"nosepara derecha\">\t\t\t\t\t\n\t\t\t\t\t\t<span class=\"\" style=\"cursor:pointer\" data-bs-toggle=\"modal\" data-bs-target=\"#comparadorModal\">Calcular<\/span>\t\t\t\t\n\t\t\t\t\t\n\t\t\t\t<\/td><\/tr><\/div><tr class=\"fila_tabla_precio\"><td class=\"nosepara izq\">Precio Prima Seminatural Verti<\/td><td class=\"nosepara centro\">1,36 \u20ac\/mes<\/td><td class=\"nosepara derecha\">\t\t\t\t\t\n\t\t\t\t\t\t<span class=\"\" style=\"cursor:pointer\" data-bs-toggle=\"modal\" data-bs-target=\"#comparadorModal\">Calcular<\/span>\t\t\t\t\n\t\t\t\t\t\n\t\t\t\t<\/td><\/tr><\/div><tr class=\"fila_tabla_precio\"><td class=\"nosepara izq\">Precio con Repatriaci\u00f3n Verti<\/td><td class=\"nosepara centro\">0,89 \u20ac a la cuota<\/td><td class=\"nosepara derecha\">\t\t\t\t\t\n\t\t\t\t\t\t<span class=\"\" style=\"cursor:pointer\" data-bs-toggle=\"modal\" data-bs-target=\"#comparadorModal\">Calcular<\/span>\t\t\t\t\n\t\t\t\t\t\n\t\t\t\t<\/td><\/tr><\/div><tr class=\"fila_tabla_precio\"><td class=\"nosepara izq\">Precio Seguro Defunci\u00f3n Verti<\/td><td class=\"nosepara centro\">1,40 \u20ac\/mes<\/td><td class=\"nosepara derecha\">\t\t\t\t\t\n\t\t\t\t\t\t<span class=\"\" style=\"cursor:pointer\" data-bs-toggle=\"modal\" data-bs-target=\"#comparadorModal\">Calcular<\/span>\t\t\t\t\n\t\t\t\t\t\n\t\t\t\t<\/td><\/tr><\/div><tr class=\"fila_tabla_precio\"><td class=\"nosepara izq\">Precio Seguro Fallecimiento Verti<\/td><td class=\"nosepara centro\">1,41 \u20ac\/mes<\/td><td class=\"nosepara derecha\">\t\t\t\t\t\n\t\t\t\t\t\t<span class=\"\" style=\"cursor:pointer\" data-bs-toggle=\"modal\" data-bs-target=\"#comparadorModal\">Calcular<\/span>\t\t\t\t\n\t\t\t\t\t\n\t\t\t\t<\/td><\/tr><\/div><tr class=\"fila_tabla_precio\"><td class=\"nosepara izq\">Precio Seguro Muertos Verti<\/td><td class=\"nosepara centro\">1,56 \u20ac\/mes<\/td><td class=\"nosepara derecha\">\t\t\t\t\t\n\t\t\t\t\t\t<span class=\"\" style=\"cursor:pointer\" data-bs-toggle=\"modal\" data-bs-target=\"#comparadorModal\">Calcular<\/span>\t\t\t\t\n\t\t\t\t\t\n\t\t\t\t<\/td><\/tr><\/div><tr class=\"fila_tabla_precio\"><td class=\"nosepara izq\">Precio Asistencia Familiar Verti<\/td><td class=\"nosepara centro\">1,55 \u20ac\/mes<\/td><td class=\"nosepara derecha\">\t\t\t\t\t\n\t\t\t\t\t\t<span class=\"\" style=\"cursor:pointer\" data-bs-toggle=\"modal\" data-bs-target=\"#comparadorModal\">Calcular<\/span>\t\t\t\t\n\t\t\t\t\t\n\t\t\t\t<\/td><\/tr><\/div><\/tbody><\/table><\/div><\/p>\n<p>Comania te lo quiere poner mucho m\u00e1s simple con esta tabla comparativa vas a poder visualizarlo las distintas tarifas que cuenta cada p\u00f3liza. No tiene por qu\u00e9 raz\u00f3n preocuparse por nada. Verti te brindar\u00e1 todo lo que necesites y cubrir\u00e1 el sepelio a fin de que t\u00fa y sus familiares est\u00e9is sosegados en todo instante y no teng\u00e1is que preocuparos de nada. Verti solo te recuerda que un d\u00eda est\u00e1s de pie y al d\u00eda despu\u00e9s, ya no hay siguiente. No tienes a la fortuna y contrata ya tu seguro de decesos con Verti.<br \/>\n<div class=\"colorf\"><div class=\"container clearfix\"><div class=\"col-md-7\"><\/p>\n<h3><span class=\"ez-toc-section\" id=\"%C2%BFCual_es_la_mejor_tarifa_de_seguros_de_Verti\"><\/span>\u00bfCu\u00e1l es la mejor tarifa de seguros de Verti ?<span class=\"ez-toc-section-end\"><\/span><\/h3>\n<p>Verti destaca por su gran variedad de tarifas. Podr\u00e1s encontrar desde una p\u00f3liza b\u00e1sica hasta una m\u00e1s acomodable a lo que necesite. Verti tiene diferentes modalidades de seguros que se amoldan a todas tus necesidades y presupuestos. Verti tiene las mejores coberturas del mercado, que se adaptan a ti en todos y cada uno de los sentidos. Adem\u00e1s, incluyen ofertas y descuentos en todos y cada uno de ellos de sus seguros de decesos de los que podr\u00e1s disfrutar. Arriba te hemos facilitado toda la informaci\u00f3n para que puedas ver los precios de todas sus primas de una forma m\u00e1s f\u00e1cil y detallada. Nosotros nos ocupamos de asesorarte de manera gratuita.<br \/>\n<\/div><\/div><\/div><\/p>\n<h3><span class=\"ez-toc-section\" id=\"%C2%BFPuede_aumentar_precio_mensual_de_los_seguros_de_Verti\"><\/span>\u00bfPuede aumentar precio mensual de los seguros de Verti ?<span class=\"ez-toc-section-end\"><\/span><\/h3>\n<p>Debe tomar en consideraci\u00f3n que en dependencia de la prima que contrate con Verti si ocurre alguna subida en su tarifa va a quedar recogido en el contrato del asegurado. Aunque en algunos casos la empresa aseguradora no le avisa pues no est\u00e1 en su obligaci\u00f3n. No se preocupe, puede estar tranquilo con Verti. Puedes tener total confianza en Verti ya que est\u00e1 posicionada como una de las compa\u00f1\u00edas aseguradoras m\u00e1s transparentes del mercado de Espa\u00f1a. Verti sabe lo que necesitas y va a tener asegurado a su ser querido.<br \/>\n<div class=\"colorf\"><div class=\"container clearfix\"><div class=\"col-md-7\"><\/p>\n<h3><span class=\"ez-toc-section\" id=\"%C2%BFEl_precio_de_seguros_de_decesos_Verti_sube_con_la_edad\"><\/span>\u00bfEl precio de seguros de decesos Verti sube con la edad?<span class=\"ez-toc-section-end\"><\/span><\/h3>\n<p>Con qu\u00e9 facilidad los seres queridos se vuelven polvo, Verti no contempla subidas en sus tarifas por la edad del asegurado. Con independencia de que vaya incrementando la edad se podr\u00eda decir que en ciertas p\u00f3lizas si que podr\u00eda suceder esto, pero siempre y en toda circunstancia lo m\u00e1s probable que no suceda, va a depender de la p\u00f3liza que se tenga contratado. Cuando se efect\u00faa la p\u00f3liza se hace referencia a la edad de la persona asegurada. Verti tiene diferentes modalidades que son la prima nivelada, prima natural, prima mixta, prima seminatural y prima \u00fanica. Contratar un seguro de decesos no tiene una edad limitada por lo que las coberturas que da la compa\u00f1\u00eda aseguradora son m\u00e1s valoradas por sus clientes del servicio. Deja de darle vueltas, es el instante de contratar tu seguro de decesos con Verti.<br \/>\n<\/div><\/div><\/div><\/p>\n<h3>P\u00e1ginas relacionadas<\/h3><div class=\"enlazado\"><ul> <li><a href=\"https:\/\/idecesos.com\/seguros\/companias\/verti\/coberturas\/\">Coberturas Seguro de Decesos Verti<\/a><\/li> <li><a href=\"https:\/\/idecesos.com\/seguros\/companias\/verti\/opiniones\/\">Opiniones Verti<\/a><\/li> <li><a href=\"https:\/\/idecesos.com\/seguros\/companias\/verti\/precio\/\">Precio seguro Verti<\/a><\/li> <li><a href=\"https:\/\/idecesos.com\/seguros\/companias\/verti\/prima-mixta\/\">Verti Prima Mixta<\/a><\/li> <li><a href=\"https:\/\/idecesos.com\/seguros\/companias\/verti\/prima-natural\/\">Verti Prima Natural<\/a><\/li> <li><a href=\"https:\/\/idecesos.com\/seguros\/companias\/verti\/prima-nivelada\/\">Verti Prima Nivelada<\/a><\/li> <li><a href=\"https:\/\/idecesos.com\/seguros\/companias\/verti\/prima-unica\/\">Verti Prima \u00danica<\/a><\/li> <li><a href=\"https:\/\/idecesos.com\/seguros\/companias\/verti\/repatriacion\/\">Verti Repatriaci\u00f3n<\/a><\/li> <li><a href=\"https:\/\/idecesos.com\/seguros\/companias\/verti\/telefono\/\">Tel\u00e9fono Gratuito Verti<\/a><\/li>                                                                                                                                                                                                                                                                                                                                                                                                                                                                                                                                                                                                                                                                                                                                                                                                                                                                                                                                                                                                                                                                                                                                                                                                                                                                                                                                                                                                                                                                                                                                                                                                                                                                                                                                                                                                                                                                                                                                                                                                                                                                                                                                                                                                                                                                                                                                                                                                                                                                                                                                                                                                                                                                                                                                                                                                                                                                                                                                                                                                                                                                                                                             <\/ul><\/div>\n","protected":false},"excerpt":{"rendered":"<p>En el campo de los seguros de decesos hay muchas empresas aseguradoras, coberturas y precios distintos entre los que poder equiparar. Ya antes de elegir un seguro, es mejor estar informado de los diferentes productos y compa\u00f1\u00edas que hay en el mercado para ver qu\u00e9 tarifas se adaptan mejor a tus necesidades. iDecesos te ofrece&hellip; <\/p>\n","protected":false},"author":1,"featured_media":17391,"parent":478,"menu_order":0,"comment_status":"closed","ping_status":"closed","template":"single.php","meta":{"footnotes":""},"class_list":["post-17390","page","type-page","status-publish","has-post-thumbnail","hentry"],"yoast_head":"<!-- This site is optimized with the Yoast SEO plugin v27.6 - https:\/\/yoast.com\/product\/yoast-seo-wordpress\/ -->\n<title>Precio Seguro Decesos Verti \u25b7DTO 25% I Oferta 2026<\/title>\n<meta name=\"description\" content=\"Calcular aqu\u00ed\u3010precio seguro de decesos Verti\u3011Tarifas, oferta y descuento de seguro defunci\u00f3n Verti 2026 \u2611\ufe0fiDecesos\u00ae N\u00ba1 en ahorro\" \/>\n<meta name=\"robots\" content=\"index, follow, max-snippet:-1, max-image-preview:large, max-video-preview:-1\" \/>\n<link rel=\"canonical\" href=\"https:\/\/idecesos.com\/seguros\/companias\/verti\/precio\/\" \/>\n<meta property=\"og:locale\" content=\"es_ES\" \/>\n<meta property=\"og:type\" content=\"article\" \/>\n<meta property=\"og:title\" content=\"Precio Seguro Decesos Verti \u25b7DTO 25% I Oferta 2026\" \/>\n<meta property=\"og:description\" content=\"Calcular aqu\u00ed\u3010precio seguro de decesos Verti\u3011Tarifas, oferta y descuento de seguro defunci\u00f3n Verti 2026 \u2611\ufe0fiDecesos\u00ae N\u00ba1 en ahorro\" \/>\n<meta property=\"og:url\" content=\"https:\/\/idecesos.com\/seguros\/companias\/verti\/precio\/\" \/>\n<meta property=\"article:modified_time\" content=\"2022-03-10T12:00:02+00:00\" \/>\n<meta property=\"og:image\" content=\"https:\/\/idecesos.com\/seguros\/wp-content\/uploads\/2021\/12\/precio-2.jpg-37.jpeg\" \/>\n\t<meta property=\"og:image:width\" content=\"1500\" \/>\n\t<meta property=\"og:image:height\" content=\"559\" \/>\n\t<meta property=\"og:image:type\" content=\"image\/jpeg\" \/>\n<meta name=\"twitter:card\" content=\"summary_large_image\" \/>\n<meta name=\"twitter:label1\" content=\"Tiempo de lectura\" \/>\n\t<meta name=\"twitter:data1\" content=\"75 minutos\" \/>\n<script type=\"application\/ld+json\" class=\"yoast-schema-graph\">{\"@context\":\"https:\\\/\\\/schema.org\",\"@graph\":[{\"@type\":\"WebPage\",\"@id\":\"https:\\\/\\\/idecesos.com\\\/seguros\\\/companias\\\/verti\\\/precio\\\/\",\"url\":\"https:\\\/\\\/idecesos.com\\\/seguros\\\/companias\\\/verti\\\/precio\\\/\",\"name\":\"Precio Seguro Decesos Verti \u25b7DTO 25% I Oferta 2026\",\"isPartOf\":{\"@id\":\"https:\\\/\\\/idecesos.com\\\/seguros\\\/#website\"},\"primaryImageOfPage\":{\"@id\":\"https:\\\/\\\/idecesos.com\\\/seguros\\\/companias\\\/verti\\\/precio\\\/#primaryimage\"},\"image\":{\"@id\":\"https:\\\/\\\/idecesos.com\\\/seguros\\\/companias\\\/verti\\\/precio\\\/#primaryimage\"},\"thumbnailUrl\":\"https:\\\/\\\/idecesos.com\\\/seguros\\\/wp-content\\\/uploads\\\/2021\\\/12\\\/precio-2.jpg-37.jpeg\",\"datePublished\":\"2021-12-15T16:03:07+00:00\",\"dateModified\":\"2022-03-10T12:00:02+00:00\",\"description\":\"Calcular aqu\u00ed\u3010precio seguro de decesos Verti\u3011Tarifas, oferta y descuento de seguro defunci\u00f3n Verti 2026 \u2611\ufe0fiDecesos\u00ae N\u00ba1 en ahorro\",\"breadcrumb\":{\"@id\":\"https:\\\/\\\/idecesos.com\\\/seguros\\\/companias\\\/verti\\\/precio\\\/#breadcrumb\"},\"inLanguage\":\"es\",\"potentialAction\":[{\"@type\":\"ReadAction\",\"target\":[\"https:\\\/\\\/idecesos.com\\\/seguros\\\/companias\\\/verti\\\/precio\\\/\"]}]},{\"@type\":\"ImageObject\",\"inLanguage\":\"es\",\"@id\":\"https:\\\/\\\/idecesos.com\\\/seguros\\\/companias\\\/verti\\\/precio\\\/#primaryimage\",\"url\":\"https:\\\/\\\/idecesos.com\\\/seguros\\\/wp-content\\\/uploads\\\/2021\\\/12\\\/precio-2.jpg-37.jpeg\",\"contentUrl\":\"https:\\\/\\\/idecesos.com\\\/seguros\\\/wp-content\\\/uploads\\\/2021\\\/12\\\/precio-2.jpg-37.jpeg\",\"width\":1500,\"height\":559,\"caption\":\"Precio Verti\"},{\"@type\":\"BreadcrumbList\",\"@id\":\"https:\\\/\\\/idecesos.com\\\/seguros\\\/companias\\\/verti\\\/precio\\\/#breadcrumb\",\"itemListElement\":[{\"@type\":\"ListItem\",\"position\":1,\"name\":\"Portada\",\"item\":\"https:\\\/\\\/idecesos.com\\\/seguros\\\/\"},{\"@type\":\"ListItem\",\"position\":2,\"name\":\"Compa\u00f1\u00edas de Seguros de Decesos en Espa\u00f1a\",\"item\":\"https:\\\/\\\/idecesos.com\\\/seguros\\\/companias\\\/\"},{\"@type\":\"ListItem\",\"position\":3,\"name\":\"Seguro de decesos Verti\",\"item\":\"https:\\\/\\\/idecesos.com\\\/seguros\\\/companias\\\/verti\\\/\"},{\"@type\":\"ListItem\",\"position\":4,\"name\":\"\u00bfCu\u00e1nto cuesta el seguro de decesos Verti?\"}]},{\"@type\":\"WebSite\",\"@id\":\"https:\\\/\\\/idecesos.com\\\/seguros\\\/#website\",\"url\":\"https:\\\/\\\/idecesos.com\\\/seguros\\\/\",\"name\":\"\",\"description\":\"\",\"potentialAction\":[{\"@type\":\"SearchAction\",\"target\":{\"@type\":\"EntryPoint\",\"urlTemplate\":\"https:\\\/\\\/idecesos.com\\\/seguros\\\/?s={search_term_string}\"},\"query-input\":{\"@type\":\"PropertyValueSpecification\",\"valueRequired\":true,\"valueName\":\"search_term_string\"}}],\"inLanguage\":\"es\"}]}<\/script>\n<!-- \/ Yoast SEO plugin. -->","yoast_head_json":{"title":"Precio Seguro Decesos Verti \u25b7DTO 25% I Oferta 2026","description":"Calcular aqu\u00ed\u3010precio seguro de decesos Verti\u3011Tarifas, oferta y descuento de seguro defunci\u00f3n Verti 2026 \u2611\ufe0fiDecesos\u00ae N\u00ba1 en ahorro","robots":{"index":"index","follow":"follow","max-snippet":"max-snippet:-1","max-image-preview":"max-image-preview:large","max-video-preview":"max-video-preview:-1"},"canonical":"https:\/\/idecesos.com\/seguros\/companias\/verti\/precio\/","og_locale":"es_ES","og_type":"article","og_title":"Precio Seguro Decesos Verti \u25b7DTO 25% I Oferta 2026","og_description":"Calcular aqu\u00ed\u3010precio seguro de decesos Verti\u3011Tarifas, oferta y descuento de seguro defunci\u00f3n Verti 2026 \u2611\ufe0fiDecesos\u00ae N\u00ba1 en ahorro","og_url":"https:\/\/idecesos.com\/seguros\/companias\/verti\/precio\/","article_modified_time":"2022-03-10T12:00:02+00:00","og_image":[{"width":1500,"height":559,"url":"https:\/\/idecesos.com\/seguros\/wp-content\/uploads\/2021\/12\/precio-2.jpg-37.jpeg","type":"image\/jpeg"}],"twitter_card":"summary_large_image","twitter_misc":{"Tiempo de lectura":"75 minutos"},"schema":{"@context":"https:\/\/schema.org","@graph":[{"@type":"WebPage","@id":"https:\/\/idecesos.com\/seguros\/companias\/verti\/precio\/","url":"https:\/\/idecesos.com\/seguros\/companias\/verti\/precio\/","name":"Precio Seguro Decesos Verti \u25b7DTO 25% I Oferta 2026","isPartOf":{"@id":"https:\/\/idecesos.com\/seguros\/#website"},"primaryImageOfPage":{"@id":"https:\/\/idecesos.com\/seguros\/companias\/verti\/precio\/#primaryimage"},"image":{"@id":"https:\/\/idecesos.com\/seguros\/companias\/verti\/precio\/#primaryimage"},"thumbnailUrl":"https:\/\/idecesos.com\/seguros\/wp-content\/uploads\/2021\/12\/precio-2.jpg-37.jpeg","datePublished":"2021-12-15T16:03:07+00:00","dateModified":"2022-03-10T12:00:02+00:00","description":"Calcular aqu\u00ed\u3010precio seguro de decesos Verti\u3011Tarifas, oferta y descuento de seguro defunci\u00f3n Verti 2026 \u2611\ufe0fiDecesos\u00ae N\u00ba1 en ahorro","breadcrumb":{"@id":"https:\/\/idecesos.com\/seguros\/companias\/verti\/precio\/#breadcrumb"},"inLanguage":"es","potentialAction":[{"@type":"ReadAction","target":["https:\/\/idecesos.com\/seguros\/companias\/verti\/precio\/"]}]},{"@type":"ImageObject","inLanguage":"es","@id":"https:\/\/idecesos.com\/seguros\/companias\/verti\/precio\/#primaryimage","url":"https:\/\/idecesos.com\/seguros\/wp-content\/uploads\/2021\/12\/precio-2.jpg-37.jpeg","contentUrl":"https:\/\/idecesos.com\/seguros\/wp-content\/uploads\/2021\/12\/precio-2.jpg-37.jpeg","width":1500,"height":559,"caption":"Precio Verti"},{"@type":"BreadcrumbList","@id":"https:\/\/idecesos.com\/seguros\/companias\/verti\/precio\/#breadcrumb","itemListElement":[{"@type":"ListItem","position":1,"name":"Portada","item":"https:\/\/idecesos.com\/seguros\/"},{"@type":"ListItem","position":2,"name":"Compa\u00f1\u00edas de Seguros de Decesos en Espa\u00f1a","item":"https:\/\/idecesos.com\/seguros\/companias\/"},{"@type":"ListItem","position":3,"name":"Seguro de decesos Verti","item":"https:\/\/idecesos.com\/seguros\/companias\/verti\/"},{"@type":"ListItem","position":4,"name":"\u00bfCu\u00e1nto cuesta el seguro de decesos Verti?"}]},{"@type":"WebSite","@id":"https:\/\/idecesos.com\/seguros\/#website","url":"https:\/\/idecesos.com\/seguros\/","name":"","description":"","potentialAction":[{"@type":"SearchAction","target":{"@type":"EntryPoint","urlTemplate":"https:\/\/idecesos.com\/seguros\/?s={search_term_string}"},"query-input":{"@type":"PropertyValueSpecification","valueRequired":true,"valueName":"search_term_string"}}],"inLanguage":"es"}]}},"_links":{"self":[{"href":"https:\/\/idecesos.com\/seguros\/wp-json\/wp\/v2\/pages\/17390","targetHints":{"allow":["GET"]}}],"collection":[{"href":"https:\/\/idecesos.com\/seguros\/wp-json\/wp\/v2\/pages"}],"about":[{"href":"https:\/\/idecesos.com\/seguros\/wp-json\/wp\/v2\/types\/page"}],"author":[{"embeddable":true,"href":"https:\/\/idecesos.com\/seguros\/wp-json\/wp\/v2\/users\/1"}],"replies":[{"embeddable":true,"href":"https:\/\/idecesos.com\/seguros\/wp-json\/wp\/v2\/comments?post=17390"}],"version-history":[{"count":3,"href":"https:\/\/idecesos.com\/seguros\/wp-json\/wp\/v2\/pages\/17390\/revisions"}],"predecessor-version":[{"id":20161,"href":"https:\/\/idecesos.com\/seguros\/wp-json\/wp\/v2\/pages\/17390\/revisions\/20161"}],"up":[{"embeddable":true,"href":"https:\/\/idecesos.com\/seguros\/wp-json\/wp\/v2\/pages\/478"}],"wp:featuredmedia":[{"embeddable":true,"href":"https:\/\/idecesos.com\/seguros\/wp-json\/wp\/v2\/media\/17391"}],"wp:attachment":[{"href":"https:\/\/idecesos.com\/seguros\/wp-json\/wp\/v2\/media?parent=17390"}],"curies":[{"name":"wp","href":"https:\/\/api.w.org\/{rel}","templated":true}]}}