{"id":17396,"date":"2021-12-15T16:03:09","date_gmt":"2021-12-15T16:03:09","guid":{"rendered":"https:\/\/idecesos.com\/seguros\/companias\/bankinter\/precio\/"},"modified":"2022-03-10T10:24:27","modified_gmt":"2022-03-10T10:24:27","slug":"precio","status":"publish","type":"page","link":"https:\/\/idecesos.com\/seguros\/companias\/bankinter\/precio\/","title":{"rendered":"\u00bfCu\u00e1nto cuesta el seguro de decesos Bankinter?"},"content":{"rendered":"<div id=\"ez-toc-container\" class=\"ez-toc-v2_0_82_2 ez-toc-wrap-center counter-hierarchy ez-toc-counter ez-toc-custom ez-toc-container-direction\">\n<div class=\"ez-toc-title-container\">\n<p class=\"ez-toc-title\" style=\"cursor:inherit\">Tabla de Contenido<\/p>\n<span class=\"ez-toc-title-toggle\"><a href=\"#\" class=\"ez-toc-pull-right ez-toc-btn ez-toc-btn-xs ez-toc-btn-default ez-toc-toggle\" aria-label=\"Alternar tabla de contenidos\"><span class=\"ez-toc-js-icon-con\"><span class=\"\"><span class=\"eztoc-hide\" style=\"display:none;\">Toggle<\/span><span class=\"ez-toc-icon-toggle-span\"><svg style=\"fill: #db6415;color:#db6415\" xmlns=\"http:\/\/www.w3.org\/2000\/svg\" class=\"list-377408\" width=\"20px\" height=\"20px\" viewBox=\"0 0 24 24\" fill=\"none\"><path d=\"M6 6H4v2h2V6zm14 0H8v2h12V6zM4 11h2v2H4v-2zm16 0H8v2h12v-2zM4 16h2v2H4v-2zm16 0H8v2h12v-2z\" fill=\"currentColor\"><\/path><\/svg><svg style=\"fill: #db6415;color:#db6415\" class=\"arrow-unsorted-368013\" xmlns=\"http:\/\/www.w3.org\/2000\/svg\" width=\"10px\" height=\"10px\" viewBox=\"0 0 24 24\" version=\"1.2\" baseProfile=\"tiny\"><path d=\"M18.2 9.3l-6.2-6.3-6.2 6.3c-.2.2-.3.4-.3.7s.1.5.3.7c.2.2.4.3.7.3h11c.3 0 .5-.1.7-.3.2-.2.3-.5.3-.7s-.1-.5-.3-.7zM5.8 14.7l6.2 6.3 6.2-6.3c.2-.2.3-.5.3-.7s-.1-.5-.3-.7c-.2-.2-.4-.3-.7-.3h-11c-.3 0-.5.1-.7.3-.2.2-.3.5-.3.7s.1.5.3.7z\"\/><\/svg><\/span><\/span><\/span><\/a><\/span><\/div>\n<nav><ul class='ez-toc-list ez-toc-list-level-1 ' ><li class='ez-toc-page-1 ez-toc-heading-level-2'><a class=\"ez-toc-link ez-toc-heading-1\" href=\"https:\/\/idecesos.com\/seguros\/companias\/bankinter\/precio\/#Calcular_precio_seguro_de_decesos_Bankinter\" >Calcular precio seguro de decesos Bankinter<\/a><\/li><li class='ez-toc-page-1 ez-toc-heading-level-2'><a class=\"ez-toc-link ez-toc-heading-2\" href=\"https:\/\/idecesos.com\/seguros\/companias\/bankinter\/precio\/#Tabla_comparativa_de_precios_Bankinter\" >Tabla comparativa de precios Bankinter<\/a><ul class='ez-toc-list-level-3' ><li class='ez-toc-heading-level-3'><a class=\"ez-toc-link ez-toc-heading-3\" href=\"https:\/\/idecesos.com\/seguros\/companias\/bankinter\/precio\/#%C2%BFCual_es_la_mejor_tarifa_de_seguros_de_Bankinter\" >\u00bfCu\u00e1l es la mejor tarifa de seguros de Bankinter ?<\/a><\/li><li class='ez-toc-page-1 ez-toc-heading-level-3'><a class=\"ez-toc-link ez-toc-heading-4\" href=\"https:\/\/idecesos.com\/seguros\/companias\/bankinter\/precio\/#%C2%BFPuede_aumentar_precio_mensual_de_los_seguros_de_Bankinter\" >\u00bfPuede aumentar precio mensual de los seguros de Bankinter ?<\/a><\/li><li class='ez-toc-page-1 ez-toc-heading-level-3'><a class=\"ez-toc-link ez-toc-heading-5\" href=\"https:\/\/idecesos.com\/seguros\/companias\/bankinter\/precio\/#%C2%BFEl_precio_de_seguros_de_decesos_Bankinter_sube_con_la_edad\" >\u00bfEl precio de seguros de decesos Bankinter sube con la edad?<\/a><\/li><li class='ez-toc-page-1 ez-toc-heading-level-3'><a class=\"ez-toc-link ez-toc-heading-6\" href=\"https:\/\/idecesos.com\/seguros\/companias\/bankinter\/precio\/#Paginas_relacionadas\" >P\u00e1ginas relacionadas<\/a><\/li><\/ul><\/li><\/ul><\/nav><\/div>\n<p><br \/>\nGracias a el trabajo de iDecesos le facilitamos su busca en el gran campo de los seguros de decesos donde existen una gama extensa de compa\u00f1\u00edas de seguros, coberturas y precios. Es fundamental, tener toda la informaci\u00f3n de las p\u00f3lizas del seguro de decesos que m\u00e1s te interesen para tomar una decisi\u00f3n acertada y que mejor se asemeje a lo deseado. Con lo que le mostramos ahora todas y cada una de las caracter\u00edsticas, precios y primas de seguro de decesos de Bankinter, en los \u00faltimos a\u00f1os se ha producido un aumento en el n\u00famero de empresas aseguradoras que ofrecen esta clase mas el seguro de decesos de Bankinter, con lo que puede elegir entre una extensa pluralidad de diferentes compa\u00f1\u00edas y ofertas.<\/p>\n<div class=\"colorf\"><div class=\"container clearfix\"><div class=\"col-md-7\">\n<h2><span class=\"ez-toc-section\" id=\"Calcular_precio_seguro_de_decesos_Bankinter\"><\/span>Calcular precio seguro de decesos Bankinter<span class=\"ez-toc-section-end\"><\/span><\/h2>\n<p>Bankinter se encarga de llevar un proceso personalizado para cada uno de sus asegurados ,siguiendo unos pasos muy concretos y de manera muy exhaustiva teniendo presente los diferentes factores que rodean al asegurado para que el c\u00e1lculo sea a su medida y en la circunstancia que se encuentre tenga una tarifa muy equilibrada. Es esencial adelantarse a lo que pueda suceder, estando prevenido. Con Bankinter podr\u00e1s saber el c\u00e1lcula del precio de tu p\u00f3liza en menos de un minuto. Nosotros te ofrecemos la herramienta m\u00e1s simple del mercado a fin de que encuentres tu tarifa perfecta. Con solo rellenar los datos que te solicitamos, iDecesos hace una busca pormenorizada entre todos los seguros para darte la tarifa que mejor se amolde a ti. Adem\u00e1s, vas a poder ver todas las ventajas que tiene sencillamente. As\u00ed de sencillo y veloz. Adem\u00e1s de esto, no quedas comprometido en nada y podr\u00e1s efectuar este proceso las veces que necesites completamente sin costo.<br \/>\n<\/div><\/div><\/div><\/p>\n<h2><span class=\"ez-toc-section\" id=\"Tabla_comparativa_de_precios_Bankinter\"><\/span>Tabla comparativa de precios Bankinter<span class=\"ez-toc-section-end\"><\/span><\/h2>\n<p><div class=\"cabecera_tabla_precio\"><table class=\"table table-striped\"><thead><tr><th class=\"nosepara centrado\">Tipo<\/th><th class=\"nosepara centrado nojustificado\">Precio Desde<\/th><th class=\"nosepara dcha\"><\/th><\/tr><\/thead><tbody><tr class=\"fila_tabla_precio\"><td class=\"nosepara izq\">Precio Seguro Decesos Bankinter<\/td><td class=\"nosepara centro\">1,59 \u20ac\/mes<\/td><td class=\"nosepara derecha\">\t\t\t\t\t\n\t\t\t\t\t\t<span class=\"\" style=\"cursor:pointer\" data-bs-toggle=\"modal\" data-bs-target=\"#comparadorModal\">Calcular<\/span>\t\t\t\t\n\t\t\t\t\t\n\t\t\t\t<\/td><\/tr><\/div><tr class=\"fila_tabla_precio\"><td class=\"nosepara izq\">Precio Prima \u00danica Bankinter<\/td><td class=\"nosepara centro\">2365 \u20ac<\/td><td class=\"nosepara derecha\">\t\t\t\t\t\n\t\t\t\t\t\t<span class=\"\" style=\"cursor:pointer\" data-bs-toggle=\"modal\" data-bs-target=\"#comparadorModal\">Calcular<\/span>\t\t\t\t\n\t\t\t\t\t\n\t\t\t\t<\/td><\/tr><\/div><tr class=\"fila_tabla_precio\"><td class=\"nosepara izq\">Precio Prima Natural Bankinter<\/td><td class=\"nosepara centro\">1,42 \u20ac\/mes<\/td><td class=\"nosepara derecha\">\t\t\t\t\t\n\t\t\t\t\t\t<span class=\"\" style=\"cursor:pointer\" data-bs-toggle=\"modal\" data-bs-target=\"#comparadorModal\">Calcular<\/span>\t\t\t\t\n\t\t\t\t\t\n\t\t\t\t<\/td><\/tr><\/div><tr class=\"fila_tabla_precio\"><td class=\"nosepara izq\">Precio Prima Nivelada Bankinter<\/td><td class=\"nosepara centro\">1,61 \u20ac\/mes<\/td><td class=\"nosepara derecha\">\t\t\t\t\t\n\t\t\t\t\t\t<span class=\"\" style=\"cursor:pointer\" data-bs-toggle=\"modal\" data-bs-target=\"#comparadorModal\">Calcular<\/span>\t\t\t\t\n\t\t\t\t\t\n\t\t\t\t<\/td><\/tr><\/div><tr class=\"fila_tabla_precio\"><td class=\"nosepara izq\">Precio Prima Mixta Bankinter<\/td><td class=\"nosepara centro\">1,28 \u20ac\/mes<\/td><td class=\"nosepara derecha\">\t\t\t\t\t\n\t\t\t\t\t\t<span class=\"\" style=\"cursor:pointer\" data-bs-toggle=\"modal\" data-bs-target=\"#comparadorModal\">Calcular<\/span>\t\t\t\t\n\t\t\t\t\t\n\t\t\t\t<\/td><\/tr><\/div><tr class=\"fila_tabla_precio\"><td class=\"nosepara izq\">Precio Prima Seminatural Bankinter<\/td><td class=\"nosepara centro\">1,58 \u20ac\/mes<\/td><td class=\"nosepara derecha\">\t\t\t\t\t\n\t\t\t\t\t\t<span class=\"\" style=\"cursor:pointer\" data-bs-toggle=\"modal\" data-bs-target=\"#comparadorModal\">Calcular<\/span>\t\t\t\t\n\t\t\t\t\t\n\t\t\t\t<\/td><\/tr><\/div><tr class=\"fila_tabla_precio\"><td class=\"nosepara izq\">Precio con Repatriaci\u00f3n Bankinter<\/td><td class=\"nosepara centro\">0,98 \u20ac a la cuota<\/td><td class=\"nosepara derecha\">\t\t\t\t\t\n\t\t\t\t\t\t<span class=\"\" style=\"cursor:pointer\" data-bs-toggle=\"modal\" data-bs-target=\"#comparadorModal\">Calcular<\/span>\t\t\t\t\n\t\t\t\t\t\n\t\t\t\t<\/td><\/tr><\/div><tr class=\"fila_tabla_precio\"><td class=\"nosepara izq\">Precio Seguro Defunci\u00f3n Bankinter<\/td><td class=\"nosepara centro\">1,43 \u20ac\/mes<\/td><td class=\"nosepara derecha\">\t\t\t\t\t\n\t\t\t\t\t\t<span class=\"\" style=\"cursor:pointer\" data-bs-toggle=\"modal\" data-bs-target=\"#comparadorModal\">Calcular<\/span>\t\t\t\t\n\t\t\t\t\t\n\t\t\t\t<\/td><\/tr><\/div><tr class=\"fila_tabla_precio\"><td class=\"nosepara izq\">Precio Seguro Fallecimiento Bankinter<\/td><td class=\"nosepara centro\">1,56 \u20ac\/mes<\/td><td class=\"nosepara derecha\">\t\t\t\t\t\n\t\t\t\t\t\t<span class=\"\" style=\"cursor:pointer\" data-bs-toggle=\"modal\" data-bs-target=\"#comparadorModal\">Calcular<\/span>\t\t\t\t\n\t\t\t\t\t\n\t\t\t\t<\/td><\/tr><\/div><tr class=\"fila_tabla_precio\"><td class=\"nosepara izq\">Precio Seguro Muertos Bankinter<\/td><td class=\"nosepara centro\">1,52 \u20ac\/mes<\/td><td class=\"nosepara derecha\">\t\t\t\t\t\n\t\t\t\t\t\t<span class=\"\" style=\"cursor:pointer\" data-bs-toggle=\"modal\" data-bs-target=\"#comparadorModal\">Calcular<\/span>\t\t\t\t\n\t\t\t\t\t\n\t\t\t\t<\/td><\/tr><\/div><tr class=\"fila_tabla_precio\"><td class=\"nosepara izq\">Precio Asistencia Familiar Bankinter<\/td><td class=\"nosepara centro\">1,57 \u20ac\/mes<\/td><td class=\"nosepara derecha\">\t\t\t\t\t\n\t\t\t\t\t\t<span class=\"\" style=\"cursor:pointer\" data-bs-toggle=\"modal\" data-bs-target=\"#comparadorModal\">Calcular<\/span>\t\t\t\t\n\t\t\t\t\t\n\t\t\t\t<\/td><\/tr><\/div><\/tbody><\/table><\/div><\/p>\n<p>Las distintas primas de seguro de decesos aparecer\u00e1n acto seguido en un panel con las tarifas m\u00e1s competitivas del seguro de decesos de Bankinter. Estos g\u00e9neros de primas son las m\u00e1s equilibradas que se pueden obtener a fin de que disfrute de una p\u00f3liza que se ajuste al mil\u00edmetro a sus necesidades con las m\u00e1ximas garant\u00edas. Ac\u00e1 los precios de las diferentes modalidades de primas que le ofrece la Bankinter.<br \/>\n<div class=\"colorf\"><div class=\"container clearfix\"><div class=\"col-md-7\"><\/p>\n<h3><span class=\"ez-toc-section\" id=\"%C2%BFCual_es_la_mejor_tarifa_de_seguros_de_Bankinter\"><\/span>\u00bfCu\u00e1l es la mejor tarifa de seguros de Bankinter ?<span class=\"ez-toc-section-end\"><\/span><\/h3>\n<p>El seguro de decesos Bankinter se diferencia en el mercado de las empresas aseguradoras por tener una gran pluralidad en cuesti\u00f3n de las tarifas de sus distintas p\u00f3lizas con diferentes modalidades de pagos. Bankinter se ocupar\u00e1 de que todos se adapte a las circunstancias de cada uno de ellos de sus asegurados y que cuenten con las mejores coberturas y servicios. No debes tener cefaleas innecesarios en tanto que Bankinter incluye garant\u00edas en todas y cada una de sus cl\u00e1usulas.<br \/>\n<\/div><\/div><\/div><\/p>\n<h3><span class=\"ez-toc-section\" id=\"%C2%BFPuede_aumentar_precio_mensual_de_los_seguros_de_Bankinter\"><\/span>\u00bfPuede aumentar precio mensual de los seguros de Bankinter ?<span class=\"ez-toc-section-end\"><\/span><\/h3>\n<p>Bankinter goza de diferentes modalidades de primas a fin de que puedas elegir la m\u00e1s apropiada a tu rango de edad y encima con tarifas m\u00ednimas del mercado. En nuestro pa\u00eds, la inmensa mayor\u00eda disfruta de un seguro de decesos de prima nivelada en tanto que se mantienen el precio en la renovaci\u00f3n anual y sin sobresaltos, ahora le indicaremos las distintas modalidades de primas que predominan a fin de que puedas acertar en la elecci\u00f3n de tu seguro de defunci\u00f3n<\/p>\n<p><strong>\u2022 Prima \u00danica o bien pago \u00fanico:<\/strong> Esta modalidad de prima cubre el rango de edad avanzada y asimismo con enfermedades terminales, garantiza el servicio de sepelio completo a trav\u00e9s de el pago \u00fanico de la prima y dejando todo resuelto a sus familiares, llegado el instante del deceso del tomador de la p\u00f3liza.<\/p>\n<p>Prima natural: es el tipo de prima conocida tambi\u00e9n como creciente, debido a que no para de crecer anualmente el precio de la prima por el hecho de que obedece a la edad actuarial que tienen los asegurados desde el inicio de la p\u00f3liza, calcula la esperanza de vida y establece una cuadro evolutivo de la tarifa de la prima a muchos a\u00f1os vista. <strong>\u2022 Prima mixta:<\/strong> como su nombre se\u00f1ala es la uni\u00f3n de las dos ventajas de la prima natural y la prima nivelada, o sea, el precio sube a medida de que los asegurados vayan cumpliendo a\u00f1os mas llegados a una edad media, se estabiliza convirti\u00e9ndose en nivelada para conceder una estabilidad econ\u00f3mica a los asegurados durante el resto de la permanencia en la p\u00f3liza de defunci\u00f3n, es la clase de seguro de decesos m\u00e1s mesurada en precios de todas las disponibles en el mercado asegurador de Espa\u00f1a. Podr\u00e1s partir el recibo de la prima y que te pasen el seguro por el banco en 12 veces, 4 veces, dos veces o bien una vez al a\u00f1o. Nuestro cliente del servicio siempre y en todo momento tiene la libre elecci\u00f3n de c\u00f3mo abonar el seguro de decesos que ha elegido en iDecesos y ofrecemos nuestros aconsejes a fin de que de este modo sea.<br \/>\n<div class=\"colorf\"><div class=\"container clearfix\"><div class=\"col-md-7\"><\/p>\n<h3><span class=\"ez-toc-section\" id=\"%C2%BFEl_precio_de_seguros_de_decesos_Bankinter_sube_con_la_edad\"><\/span>\u00bfEl precio de seguros de decesos Bankinter sube con la edad?<span class=\"ez-toc-section-end\"><\/span><\/h3>\n<p>\u00bfA\u00fan no se ha decidido? Bankinter es reconocida como una de las empresas de seguros con mejor p\u00f3liza de prima \u00fanica del mercado, donde destaca por su tarifa y coberturas. Ellos se encargar\u00e1n de todos los tr\u00e1mites a fin de que pueda estar sosegado en uno de los momentos m\u00e1s duros que tendr\u00e1n sus familiares y amigos.<\/p>\n<p>Como hemos comentado previamente, las primas pactadas pueden padecer alteraciones en sus cuotas por las subidas de los servicios l\u00fagubres en tanto que eso no depende en s\u00ed del seguro, pero estese apacible, no perder\u00e1 ning\u00fan tipo de derechos, lo que pague van a ir acorde con sus servicios contratados y de las coberturas que haya elegido. Con Decesos obtendr\u00e1 las mejores opciones de g\u00e9neros de prima de sus seguro de decesos, con los precios m\u00e1s econ\u00f3micos, las coberturas m\u00e1s amplias, los asesores mejor listos para atenderle en cualquier objeci\u00f3n que le pueda surgir, adem\u00e1s le ofrecemos todas y cada una de las modalidades de pago a fin de que le sea lo m\u00e1s de qu\u00e9 manera de abonar y no se resienta en su econom\u00eda familiar, no olvide que somos el comparador n\u00ba1 en ahorro. El resultado de todo, es una calma en nuestros clientes de que han dejado todo resuelto con una compa\u00f1\u00eda de seguros de m\u00e1xima solvencia y enormemente experta en seguro de los fallecidos. Bankinter le ofrece la m\u00e1xima eficiencia en sus servicio de sepelio, con las garant\u00edas m\u00e1s completas del mercado.<br \/>\n<\/div><\/div><\/div><\/p>\n<h3><span class=\"ez-toc-section\" id=\"Paginas_relacionadas\"><\/span>P\u00e1ginas relacionadas<span class=\"ez-toc-section-end\"><\/span><\/h3><div class=\"enlazado\"><ul> <li><a href=\"https:\/\/idecesos.com\/seguros\/companias\/bankinter\/opiniones\/\">Opiniones Bankinter<\/a><\/li> <li><a href=\"https:\/\/idecesos.com\/seguros\/companias\/bankinter\/precio\/\">Precio seguro Bankinter<\/a><\/li> <li><a href=\"https:\/\/idecesos.com\/seguros\/companias\/bankinter\/prima-mixta\/\">Bankinter Prima Mixta<\/a><\/li> <li><a href=\"https:\/\/idecesos.com\/seguros\/companias\/bankinter\/prima-natural\/\">Bankinter Prima Natural<\/a><\/li> <li><a href=\"https:\/\/idecesos.com\/seguros\/companias\/bankinter\/prima-nivelada\/\">Bankinter Prima Nivelada<\/a><\/li> <li><a href=\"https:\/\/idecesos.com\/seguros\/companias\/bankinter\/prima-unica\/\">Bankinter Prima \u00danica<\/a><\/li> <li><a href=\"https:\/\/idecesos.com\/seguros\/companias\/bankinter\/repatriacion\/\">Bankinter Repatriaci\u00f3n<\/a><\/li> <li><a href=\"https:\/\/idecesos.com\/seguros\/companias\/bankinter\/telefono\/\">Tel\u00e9fono Gratuito Bankinter<\/a><\/li><\/ul><\/div>\n","protected":false},"excerpt":{"rendered":"<p>Gracias a el trabajo de iDecesos le facilitamos su busca en el gran campo de los seguros de decesos donde existen una gama extensa de compa\u00f1\u00edas de seguros, coberturas y precios. Es fundamental, tener toda la informaci\u00f3n de las p\u00f3lizas del seguro de decesos que m\u00e1s te interesen para tomar una decisi\u00f3n acertada y que&hellip; <\/p>\n","protected":false},"author":1,"featured_media":17397,"parent":512,"menu_order":0,"comment_status":"closed","ping_status":"closed","template":"single.php","meta":{"footnotes":""},"class_list":["post-17396","page","type-page","status-publish","has-post-thumbnail","hentry"],"yoast_head":"<!-- This site is optimized with the Yoast SEO plugin v27.3 - https:\/\/yoast.com\/product\/yoast-seo-wordpress\/ -->\n<title>Precio Seguro Decesos Bankinter \u25b7DTO 25% I Oferta 2026<\/title>\n<meta name=\"description\" content=\"Calcular aqu\u00ed\u3010precio seguro de decesos Bankinter\u3011Tarifas, oferta y descuento de seguro defunci\u00f3n Bankinter 2026 \u2611\ufe0fiDecesos\u00ae N\u00ba1 en ahorro\" \/>\n<meta name=\"robots\" content=\"index, follow, max-snippet:-1, max-image-preview:large, max-video-preview:-1\" \/>\n<link rel=\"canonical\" href=\"https:\/\/idecesos.com\/seguros\/companias\/bankinter\/precio\/\" \/>\n<meta property=\"og:locale\" content=\"es_ES\" \/>\n<meta property=\"og:type\" content=\"article\" \/>\n<meta property=\"og:title\" content=\"Precio Seguro Decesos Bankinter \u25b7DTO 25% I Oferta 2026\" \/>\n<meta property=\"og:description\" content=\"Calcular aqu\u00ed\u3010precio seguro de decesos Bankinter\u3011Tarifas, oferta y descuento de seguro defunci\u00f3n Bankinter 2026 \u2611\ufe0fiDecesos\u00ae N\u00ba1 en ahorro\" \/>\n<meta property=\"og:url\" content=\"https:\/\/idecesos.com\/seguros\/companias\/bankinter\/precio\/\" \/>\n<meta property=\"article:modified_time\" content=\"2022-03-10T10:24:27+00:00\" \/>\n<meta property=\"og:image\" content=\"https:\/\/idecesos.com\/seguros\/wp-content\/uploads\/2021\/12\/precio-2.jpg-40.jpeg\" \/>\n\t<meta property=\"og:image:width\" content=\"1500\" \/>\n\t<meta property=\"og:image:height\" content=\"559\" \/>\n\t<meta property=\"og:image:type\" content=\"image\/jpeg\" \/>\n<meta name=\"twitter:card\" content=\"summary_large_image\" \/>\n<meta name=\"twitter:label1\" content=\"Tiempo de lectura\" \/>\n\t<meta name=\"twitter:data1\" content=\"75 minutos\" \/>\n<script type=\"application\/ld+json\" class=\"yoast-schema-graph\">{\"@context\":\"https:\\\/\\\/schema.org\",\"@graph\":[{\"@type\":\"WebPage\",\"@id\":\"https:\\\/\\\/idecesos.com\\\/seguros\\\/companias\\\/bankinter\\\/precio\\\/\",\"url\":\"https:\\\/\\\/idecesos.com\\\/seguros\\\/companias\\\/bankinter\\\/precio\\\/\",\"name\":\"Precio Seguro Decesos Bankinter \u25b7DTO 25% I Oferta 2026\",\"isPartOf\":{\"@id\":\"https:\\\/\\\/idecesos.com\\\/seguros\\\/#website\"},\"primaryImageOfPage\":{\"@id\":\"https:\\\/\\\/idecesos.com\\\/seguros\\\/companias\\\/bankinter\\\/precio\\\/#primaryimage\"},\"image\":{\"@id\":\"https:\\\/\\\/idecesos.com\\\/seguros\\\/companias\\\/bankinter\\\/precio\\\/#primaryimage\"},\"thumbnailUrl\":\"https:\\\/\\\/idecesos.com\\\/seguros\\\/wp-content\\\/uploads\\\/2021\\\/12\\\/precio-2.jpg-40.jpeg\",\"datePublished\":\"2021-12-15T16:03:09+00:00\",\"dateModified\":\"2022-03-10T10:24:27+00:00\",\"description\":\"Calcular aqu\u00ed\u3010precio seguro de decesos Bankinter\u3011Tarifas, oferta y descuento de seguro defunci\u00f3n Bankinter 2026 \u2611\ufe0fiDecesos\u00ae N\u00ba1 en ahorro\",\"breadcrumb\":{\"@id\":\"https:\\\/\\\/idecesos.com\\\/seguros\\\/companias\\\/bankinter\\\/precio\\\/#breadcrumb\"},\"inLanguage\":\"es\",\"potentialAction\":[{\"@type\":\"ReadAction\",\"target\":[\"https:\\\/\\\/idecesos.com\\\/seguros\\\/companias\\\/bankinter\\\/precio\\\/\"]}]},{\"@type\":\"ImageObject\",\"inLanguage\":\"es\",\"@id\":\"https:\\\/\\\/idecesos.com\\\/seguros\\\/companias\\\/bankinter\\\/precio\\\/#primaryimage\",\"url\":\"https:\\\/\\\/idecesos.com\\\/seguros\\\/wp-content\\\/uploads\\\/2021\\\/12\\\/precio-2.jpg-40.jpeg\",\"contentUrl\":\"https:\\\/\\\/idecesos.com\\\/seguros\\\/wp-content\\\/uploads\\\/2021\\\/12\\\/precio-2.jpg-40.jpeg\",\"width\":1500,\"height\":559,\"caption\":\"Precio Bankinter\"},{\"@type\":\"BreadcrumbList\",\"@id\":\"https:\\\/\\\/idecesos.com\\\/seguros\\\/companias\\\/bankinter\\\/precio\\\/#breadcrumb\",\"itemListElement\":[{\"@type\":\"ListItem\",\"position\":1,\"name\":\"Portada\",\"item\":\"https:\\\/\\\/idecesos.com\\\/seguros\\\/\"},{\"@type\":\"ListItem\",\"position\":2,\"name\":\"Compa\u00f1\u00edas de Seguros de Decesos en Espa\u00f1a\",\"item\":\"https:\\\/\\\/idecesos.com\\\/seguros\\\/companias\\\/\"},{\"@type\":\"ListItem\",\"position\":3,\"name\":\"Seguro de decesos Bankinter\",\"item\":\"https:\\\/\\\/idecesos.com\\\/seguros\\\/companias\\\/bankinter\\\/\"},{\"@type\":\"ListItem\",\"position\":4,\"name\":\"\u00bfCu\u00e1nto cuesta el seguro de decesos Bankinter?\"}]},{\"@type\":\"WebSite\",\"@id\":\"https:\\\/\\\/idecesos.com\\\/seguros\\\/#website\",\"url\":\"https:\\\/\\\/idecesos.com\\\/seguros\\\/\",\"name\":\"\",\"description\":\"\",\"potentialAction\":[{\"@type\":\"SearchAction\",\"target\":{\"@type\":\"EntryPoint\",\"urlTemplate\":\"https:\\\/\\\/idecesos.com\\\/seguros\\\/?s={search_term_string}\"},\"query-input\":{\"@type\":\"PropertyValueSpecification\",\"valueRequired\":true,\"valueName\":\"search_term_string\"}}],\"inLanguage\":\"es\"}]}<\/script>\n<!-- \/ Yoast SEO plugin. -->","yoast_head_json":{"title":"Precio Seguro Decesos Bankinter \u25b7DTO 25% I Oferta 2026","description":"Calcular aqu\u00ed\u3010precio seguro de decesos Bankinter\u3011Tarifas, oferta y descuento de seguro defunci\u00f3n Bankinter 2026 \u2611\ufe0fiDecesos\u00ae N\u00ba1 en ahorro","robots":{"index":"index","follow":"follow","max-snippet":"max-snippet:-1","max-image-preview":"max-image-preview:large","max-video-preview":"max-video-preview:-1"},"canonical":"https:\/\/idecesos.com\/seguros\/companias\/bankinter\/precio\/","og_locale":"es_ES","og_type":"article","og_title":"Precio Seguro Decesos Bankinter \u25b7DTO 25% I Oferta 2026","og_description":"Calcular aqu\u00ed\u3010precio seguro de decesos Bankinter\u3011Tarifas, oferta y descuento de seguro defunci\u00f3n Bankinter 2026 \u2611\ufe0fiDecesos\u00ae N\u00ba1 en ahorro","og_url":"https:\/\/idecesos.com\/seguros\/companias\/bankinter\/precio\/","article_modified_time":"2022-03-10T10:24:27+00:00","og_image":[{"width":1500,"height":559,"url":"https:\/\/idecesos.com\/seguros\/wp-content\/uploads\/2021\/12\/precio-2.jpg-40.jpeg","type":"image\/jpeg"}],"twitter_card":"summary_large_image","twitter_misc":{"Tiempo de lectura":"75 minutos"},"schema":{"@context":"https:\/\/schema.org","@graph":[{"@type":"WebPage","@id":"https:\/\/idecesos.com\/seguros\/companias\/bankinter\/precio\/","url":"https:\/\/idecesos.com\/seguros\/companias\/bankinter\/precio\/","name":"Precio Seguro Decesos Bankinter \u25b7DTO 25% I Oferta 2026","isPartOf":{"@id":"https:\/\/idecesos.com\/seguros\/#website"},"primaryImageOfPage":{"@id":"https:\/\/idecesos.com\/seguros\/companias\/bankinter\/precio\/#primaryimage"},"image":{"@id":"https:\/\/idecesos.com\/seguros\/companias\/bankinter\/precio\/#primaryimage"},"thumbnailUrl":"https:\/\/idecesos.com\/seguros\/wp-content\/uploads\/2021\/12\/precio-2.jpg-40.jpeg","datePublished":"2021-12-15T16:03:09+00:00","dateModified":"2022-03-10T10:24:27+00:00","description":"Calcular aqu\u00ed\u3010precio seguro de decesos Bankinter\u3011Tarifas, oferta y descuento de seguro defunci\u00f3n Bankinter 2026 \u2611\ufe0fiDecesos\u00ae N\u00ba1 en ahorro","breadcrumb":{"@id":"https:\/\/idecesos.com\/seguros\/companias\/bankinter\/precio\/#breadcrumb"},"inLanguage":"es","potentialAction":[{"@type":"ReadAction","target":["https:\/\/idecesos.com\/seguros\/companias\/bankinter\/precio\/"]}]},{"@type":"ImageObject","inLanguage":"es","@id":"https:\/\/idecesos.com\/seguros\/companias\/bankinter\/precio\/#primaryimage","url":"https:\/\/idecesos.com\/seguros\/wp-content\/uploads\/2021\/12\/precio-2.jpg-40.jpeg","contentUrl":"https:\/\/idecesos.com\/seguros\/wp-content\/uploads\/2021\/12\/precio-2.jpg-40.jpeg","width":1500,"height":559,"caption":"Precio Bankinter"},{"@type":"BreadcrumbList","@id":"https:\/\/idecesos.com\/seguros\/companias\/bankinter\/precio\/#breadcrumb","itemListElement":[{"@type":"ListItem","position":1,"name":"Portada","item":"https:\/\/idecesos.com\/seguros\/"},{"@type":"ListItem","position":2,"name":"Compa\u00f1\u00edas de Seguros de Decesos en Espa\u00f1a","item":"https:\/\/idecesos.com\/seguros\/companias\/"},{"@type":"ListItem","position":3,"name":"Seguro de decesos Bankinter","item":"https:\/\/idecesos.com\/seguros\/companias\/bankinter\/"},{"@type":"ListItem","position":4,"name":"\u00bfCu\u00e1nto cuesta el seguro de decesos Bankinter?"}]},{"@type":"WebSite","@id":"https:\/\/idecesos.com\/seguros\/#website","url":"https:\/\/idecesos.com\/seguros\/","name":"","description":"","potentialAction":[{"@type":"SearchAction","target":{"@type":"EntryPoint","urlTemplate":"https:\/\/idecesos.com\/seguros\/?s={search_term_string}"},"query-input":{"@type":"PropertyValueSpecification","valueRequired":true,"valueName":"search_term_string"}}],"inLanguage":"es"}]}},"_links":{"self":[{"href":"https:\/\/idecesos.com\/seguros\/wp-json\/wp\/v2\/pages\/17396","targetHints":{"allow":["GET"]}}],"collection":[{"href":"https:\/\/idecesos.com\/seguros\/wp-json\/wp\/v2\/pages"}],"about":[{"href":"https:\/\/idecesos.com\/seguros\/wp-json\/wp\/v2\/types\/page"}],"author":[{"embeddable":true,"href":"https:\/\/idecesos.com\/seguros\/wp-json\/wp\/v2\/users\/1"}],"replies":[{"embeddable":true,"href":"https:\/\/idecesos.com\/seguros\/wp-json\/wp\/v2\/comments?post=17396"}],"version-history":[{"count":2,"href":"https:\/\/idecesos.com\/seguros\/wp-json\/wp\/v2\/pages\/17396\/revisions"}],"predecessor-version":[{"id":20056,"href":"https:\/\/idecesos.com\/seguros\/wp-json\/wp\/v2\/pages\/17396\/revisions\/20056"}],"up":[{"embeddable":true,"href":"https:\/\/idecesos.com\/seguros\/wp-json\/wp\/v2\/pages\/512"}],"wp:featuredmedia":[{"embeddable":true,"href":"https:\/\/idecesos.com\/seguros\/wp-json\/wp\/v2\/media\/17397"}],"wp:attachment":[{"href":"https:\/\/idecesos.com\/seguros\/wp-json\/wp\/v2\/media?parent=17396"}],"curies":[{"name":"wp","href":"https:\/\/api.w.org\/{rel}","templated":true}]}}