{"id":17400,"date":"2021-12-15T16:03:11","date_gmt":"2021-12-15T16:03:11","guid":{"rendered":"https:\/\/idecesos.com\/seguros\/companias\/cetelem\/precio\/"},"modified":"2022-03-10T10:37:47","modified_gmt":"2022-03-10T10:37:47","slug":"precio","status":"publish","type":"page","link":"https:\/\/idecesos.com\/seguros\/companias\/cetelem\/precio\/","title":{"rendered":"\u00bfCu\u00e1nto cuesta el seguro de decesos Cetelem?"},"content":{"rendered":"<div id=\"ez-toc-container\" class=\"ez-toc-v2_0_82_2 ez-toc-wrap-center counter-hierarchy ez-toc-counter ez-toc-custom ez-toc-container-direction\">\n<div class=\"ez-toc-title-container\">\n<p class=\"ez-toc-title\" style=\"cursor:inherit\">Tabla de Contenido<\/p>\n<span class=\"ez-toc-title-toggle\"><a href=\"#\" class=\"ez-toc-pull-right ez-toc-btn ez-toc-btn-xs ez-toc-btn-default ez-toc-toggle\" aria-label=\"Alternar tabla de contenidos\"><span class=\"ez-toc-js-icon-con\"><span class=\"\"><span class=\"eztoc-hide\" style=\"display:none;\">Toggle<\/span><span class=\"ez-toc-icon-toggle-span\"><svg style=\"fill: #db6415;color:#db6415\" xmlns=\"http:\/\/www.w3.org\/2000\/svg\" class=\"list-377408\" width=\"20px\" height=\"20px\" viewBox=\"0 0 24 24\" fill=\"none\"><path d=\"M6 6H4v2h2V6zm14 0H8v2h12V6zM4 11h2v2H4v-2zm16 0H8v2h12v-2zM4 16h2v2H4v-2zm16 0H8v2h12v-2z\" fill=\"currentColor\"><\/path><\/svg><svg style=\"fill: #db6415;color:#db6415\" class=\"arrow-unsorted-368013\" xmlns=\"http:\/\/www.w3.org\/2000\/svg\" width=\"10px\" height=\"10px\" viewBox=\"0 0 24 24\" version=\"1.2\" baseProfile=\"tiny\"><path d=\"M18.2 9.3l-6.2-6.3-6.2 6.3c-.2.2-.3.4-.3.7s.1.5.3.7c.2.2.4.3.7.3h11c.3 0 .5-.1.7-.3.2-.2.3-.5.3-.7s-.1-.5-.3-.7zM5.8 14.7l6.2 6.3 6.2-6.3c.2-.2.3-.5.3-.7s-.1-.5-.3-.7c-.2-.2-.4-.3-.7-.3h-11c-.3 0-.5.1-.7.3-.2.2-.3.5-.3.7s.1.5.3.7z\"\/><\/svg><\/span><\/span><\/span><\/a><\/span><\/div>\n<nav><ul class='ez-toc-list ez-toc-list-level-1 ' ><li class='ez-toc-page-1 ez-toc-heading-level-2'><a class=\"ez-toc-link ez-toc-heading-1\" href=\"https:\/\/idecesos.com\/seguros\/companias\/cetelem\/precio\/#Calcular_precio_seguro_de_decesos_Cetelem\" >Calcular precio seguro de decesos Cetelem<\/a><\/li><li class='ez-toc-page-1 ez-toc-heading-level-2'><a class=\"ez-toc-link ez-toc-heading-2\" href=\"https:\/\/idecesos.com\/seguros\/companias\/cetelem\/precio\/#Tabla_comparativa_de_precios_Cetelem\" >Tabla comparativa de precios Cetelem<\/a><ul class='ez-toc-list-level-3' ><li class='ez-toc-heading-level-3'><a class=\"ez-toc-link ez-toc-heading-3\" href=\"https:\/\/idecesos.com\/seguros\/companias\/cetelem\/precio\/#%C2%BFCual_es_la_mejor_tarifa_de_seguros_de_Cetelem\" >\u00bfCu\u00e1l es la mejor tarifa de seguros de Cetelem ?<\/a><\/li><li class='ez-toc-page-1 ez-toc-heading-level-3'><a class=\"ez-toc-link ez-toc-heading-4\" href=\"https:\/\/idecesos.com\/seguros\/companias\/cetelem\/precio\/#%C2%BFPuede_aumentar_precio_mensual_de_los_seguros_de_Cetelem\" >\u00bfPuede aumentar precio mensual de los seguros de Cetelem ?<\/a><\/li><li class='ez-toc-page-1 ez-toc-heading-level-3'><a class=\"ez-toc-link ez-toc-heading-5\" href=\"https:\/\/idecesos.com\/seguros\/companias\/cetelem\/precio\/#%C2%BFEl_precio_de_seguros_de_decesos_Cetelem_sube_con_la_edad\" >\u00bfEl precio de seguros de decesos Cetelem sube con la edad?<\/a><\/li><li class='ez-toc-page-1 ez-toc-heading-level-3'><a class=\"ez-toc-link ez-toc-heading-6\" href=\"https:\/\/idecesos.com\/seguros\/companias\/cetelem\/precio\/#Paginas_relacionadas\" >P\u00e1ginas relacionadas<\/a><\/li><\/ul><\/li><\/ul><\/nav><\/div>\n<p><br \/>\nSus asegurados se sienten m\u00e1s sosegados contando con Cetelem han depositado toda su fidelidad en esta compa\u00f1\u00eda. Existen temporadas en las cuales la empresa de seguros se pone en marcha para ajustar los precios del seguro, facilitando de esta forma al asegurado una tranquilidad de que contar\u00e1 con el sepelio cubierto. De entrada se llevar\u00e1 un determinado proceso para el estudio del asegurado con la p\u00f3liza, con lo que puede resultar de diferentes opciones alternativas, en el momento de la obtenci\u00f3n de la p\u00f3liza podr\u00eda llegar a ser constante o bien no en determinado tiempo. Para determinar con precisi\u00f3n la tarifa de la p\u00f3liza para el asegurado se llevar\u00e1 de manera muy pormenorizada y estudiando diferentes circunstancias. La finalidad de Cetelem es aplicar una tarifa equilibrada para que cada cliente pueda obtenerlo sin ning\u00fan inconveniente y que puedan contar con su seguro de decesos de Cetelem en todo momento. Lo que importa es que la compa\u00f1\u00eda aseguradora llevar\u00e1 a cabo la regulaci\u00f3n de su precio adapt\u00e1ndose en todo instante a ti.<\/p>\n<div class=\"colorf\"><div class=\"container clearfix\"><div class=\"col-md-7\">\n<h2><span class=\"ez-toc-section\" id=\"Calcular_precio_seguro_de_decesos_Cetelem\"><\/span>Calcular precio seguro de decesos Cetelem<span class=\"ez-toc-section-end\"><\/span><\/h2>\n<p>En un instante te vamos a ofrecer el precio m\u00e1s asequible del seguro de decesos que buscas con nuestro buscador que lo hace todo m\u00e1s simple, con tan solo le des al bot\u00f3n de calcular. B\u00e1sicamente debes llenar 4 campos y en unos momentos nuestro motor de b\u00fasqueda le indicar\u00e1 las tarifas de las empresas aseguradoras m\u00e1s competitivas del mercado seg\u00fan su perfil, simple y veloz. Cetelem es una de las entidades compa\u00f1\u00edas de seguros mejor listas para dar un servicio de asistencia de gesti\u00f3n completa de defunci\u00f3n a nivel nacional, tambi\u00e9n, est\u00e1 formada por una plantilla con profesionales de m\u00e1ximo nivel para poder realizarlo. Por lo tanto, Cetelem oferta un seguro de fallecidos con las garant\u00edas m\u00e1s completas del mercado,adem\u00e1s es ofrecida por los mejores asesores que facilitan todos y cada uno de los servicios de asistencia con el mayor rigor del sector, es por todo ello que los clientes del servicio salen satisfechos por el precio y absolutamente persuadidos de haber acertado.<br \/>\n<\/div><\/div><\/div><\/p>\n<h2><span class=\"ez-toc-section\" id=\"Tabla_comparativa_de_precios_Cetelem\"><\/span>Tabla comparativa de precios Cetelem<span class=\"ez-toc-section-end\"><\/span><\/h2>\n<p><div class=\"cabecera_tabla_precio\"><table class=\"table table-striped\"><thead><tr><th class=\"nosepara centrado\">Tipo<\/th><th class=\"nosepara centrado nojustificado\">Precio Desde<\/th><th class=\"nosepara dcha\"><\/th><\/tr><\/thead><tbody><tr class=\"fila_tabla_precio\"><td class=\"nosepara izq\">Precio Seguro Decesos Cetelem<\/td><td class=\"nosepara centro\">1,47 \u20ac\/mes<\/td><td class=\"nosepara derecha\">\t\t\t\t\t\n\t\t\t\t\t\t<span class=\"\" style=\"cursor:pointer\" data-bs-toggle=\"modal\" data-bs-target=\"#comparadorModal\">Calcular<\/span>\t\t\t\t\n\t\t\t\t\t\n\t\t\t\t<\/td><\/tr><\/div><tr class=\"fila_tabla_precio\"><td class=\"nosepara izq\">Precio Prima \u00danica Cetelem<\/td><td class=\"nosepara centro\">2360 \u20ac<\/td><td class=\"nosepara derecha\">\t\t\t\t\t\n\t\t\t\t\t\t<span class=\"\" style=\"cursor:pointer\" data-bs-toggle=\"modal\" data-bs-target=\"#comparadorModal\">Calcular<\/span>\t\t\t\t\n\t\t\t\t\t\n\t\t\t\t<\/td><\/tr><\/div><tr class=\"fila_tabla_precio\"><td class=\"nosepara izq\">Precio Prima Natural Cetelem<\/td><td class=\"nosepara centro\">1,37 \u20ac\/mes<\/td><td class=\"nosepara derecha\">\t\t\t\t\t\n\t\t\t\t\t\t<span class=\"\" style=\"cursor:pointer\" data-bs-toggle=\"modal\" data-bs-target=\"#comparadorModal\">Calcular<\/span>\t\t\t\t\n\t\t\t\t\t\n\t\t\t\t<\/td><\/tr><\/div><tr class=\"fila_tabla_precio\"><td class=\"nosepara izq\">Precio Prima Nivelada Cetelem<\/td><td class=\"nosepara centro\">1,58 \u20ac\/mes<\/td><td class=\"nosepara derecha\">\t\t\t\t\t\n\t\t\t\t\t\t<span class=\"\" style=\"cursor:pointer\" data-bs-toggle=\"modal\" data-bs-target=\"#comparadorModal\">Calcular<\/span>\t\t\t\t\n\t\t\t\t\t\n\t\t\t\t<\/td><\/tr><\/div><tr class=\"fila_tabla_precio\"><td class=\"nosepara izq\">Precio Prima Mixta Cetelem<\/td><td class=\"nosepara centro\">1,32 \u20ac\/mes<\/td><td class=\"nosepara derecha\">\t\t\t\t\t\n\t\t\t\t\t\t<span class=\"\" style=\"cursor:pointer\" data-bs-toggle=\"modal\" data-bs-target=\"#comparadorModal\">Calcular<\/span>\t\t\t\t\n\t\t\t\t\t\n\t\t\t\t<\/td><\/tr><\/div><tr class=\"fila_tabla_precio\"><td class=\"nosepara izq\">Precio Prima Seminatural Cetelem<\/td><td class=\"nosepara centro\">1,44 \u20ac\/mes<\/td><td class=\"nosepara derecha\">\t\t\t\t\t\n\t\t\t\t\t\t<span class=\"\" style=\"cursor:pointer\" data-bs-toggle=\"modal\" data-bs-target=\"#comparadorModal\">Calcular<\/span>\t\t\t\t\n\t\t\t\t\t\n\t\t\t\t<\/td><\/tr><\/div><tr class=\"fila_tabla_precio\"><td class=\"nosepara izq\">Precio con Repatriaci\u00f3n Cetelem<\/td><td class=\"nosepara centro\">0,84 \u20ac a la cuota<\/td><td class=\"nosepara derecha\">\t\t\t\t\t\n\t\t\t\t\t\t<span class=\"\" style=\"cursor:pointer\" data-bs-toggle=\"modal\" data-bs-target=\"#comparadorModal\">Calcular<\/span>\t\t\t\t\n\t\t\t\t\t\n\t\t\t\t<\/td><\/tr><\/div><tr class=\"fila_tabla_precio\"><td class=\"nosepara izq\">Precio Seguro Defunci\u00f3n Cetelem<\/td><td class=\"nosepara centro\">1,62 \u20ac\/mes<\/td><td class=\"nosepara derecha\">\t\t\t\t\t\n\t\t\t\t\t\t<span class=\"\" style=\"cursor:pointer\" data-bs-toggle=\"modal\" data-bs-target=\"#comparadorModal\">Calcular<\/span>\t\t\t\t\n\t\t\t\t\t\n\t\t\t\t<\/td><\/tr><\/div><tr class=\"fila_tabla_precio\"><td class=\"nosepara izq\">Precio Seguro Fallecimiento Cetelem<\/td><td class=\"nosepara centro\">1,63 \u20ac\/mes<\/td><td class=\"nosepara derecha\">\t\t\t\t\t\n\t\t\t\t\t\t<span class=\"\" style=\"cursor:pointer\" data-bs-toggle=\"modal\" data-bs-target=\"#comparadorModal\">Calcular<\/span>\t\t\t\t\n\t\t\t\t\t\n\t\t\t\t<\/td><\/tr><\/div><tr class=\"fila_tabla_precio\"><td class=\"nosepara izq\">Precio Seguro Muertos Cetelem<\/td><td class=\"nosepara centro\">1,41 \u20ac\/mes<\/td><td class=\"nosepara derecha\">\t\t\t\t\t\n\t\t\t\t\t\t<span class=\"\" style=\"cursor:pointer\" data-bs-toggle=\"modal\" data-bs-target=\"#comparadorModal\">Calcular<\/span>\t\t\t\t\n\t\t\t\t\t\n\t\t\t\t<\/td><\/tr><\/div><tr class=\"fila_tabla_precio\"><td class=\"nosepara izq\">Precio Asistencia Familiar Cetelem<\/td><td class=\"nosepara centro\">1,57 \u20ac\/mes<\/td><td class=\"nosepara derecha\">\t\t\t\t\t\n\t\t\t\t\t\t<span class=\"\" style=\"cursor:pointer\" data-bs-toggle=\"modal\" data-bs-target=\"#comparadorModal\">Calcular<\/span>\t\t\t\t\n\t\t\t\t\t\n\t\t\t\t<\/td><\/tr><\/div><\/tbody><\/table><\/div><\/p>\n<p>Ahora vamos a pasar a mostrarle una tabla con todas las tarifas de las diferentes primas que brinda el seguro de decesos de Cetelem. Estas primas han sido creadas pensando en sus intereses y necesidades a fin de que usted pueda escoger la que mejor se adapte a . Este es un panel de precios que le ofrece la Cetelem de todos y cada uno de los modelos de primas con ofertas y descuentos incluidos.<br \/>\n<div class=\"colorf\"><div class=\"container clearfix\"><div class=\"col-md-7\"><\/p>\n<h3><span class=\"ez-toc-section\" id=\"%C2%BFCual_es_la_mejor_tarifa_de_seguros_de_Cetelem\"><\/span>\u00bfCu\u00e1l es la mejor tarifa de seguros de Cetelem ?<span class=\"ez-toc-section-end\"><\/span><\/h3>\n<p>El seguro de decesos de Cetelem es uno de los mejores del mercado merced a su gran variedad de tarifas y diferentes p\u00f3lizas con grandes modalidades de pagos. Cetelem se encargar\u00e1 de que todos se adapte a las circunstancias de cada uno de ellos de sus asegurados y que cuenten con las mejores coberturas y servicios. Puedes estar sosegado, Cetelem incluye unas garant\u00edas en todas y cada una de sus cl\u00e1usulas a fin de que no te debas preocupar por nada.<br \/>\n<\/div><\/div><\/div><\/p>\n<h3><span class=\"ez-toc-section\" id=\"%C2%BFPuede_aumentar_precio_mensual_de_los_seguros_de_Cetelem\"><\/span>\u00bfPuede aumentar precio mensual de los seguros de Cetelem ?<span class=\"ez-toc-section-end\"><\/span><\/h3>\n<p>Hay muchos tipos de prima que Cetelem ha concebido para t\u00ed y para que puedas escoger la que mejor se amolde a sus necesidades. En Espa\u00f1a, 9 de cada diez personas que han contratado un seguro de decesos se han subscrito a la prima nivelada. A continuaci\u00f3n le mostramos los diferentes g\u00e9neros de primas. <strong>\u2022 Prima \u00fanica:<\/strong> Con una sola aportaci\u00f3n en el pago, esta clase de primas acostumbran a ser contratadas por personas de edad avanzada que jam\u00e1s ya antes han contratado un seguro. Esta prima cubre el fallecimiento de personas que han pasado la edad de jubilaci\u00f3n o bien que tengan la existencia de una enfermedad grave. Desde la edad de jubilaci\u00f3n el pago de esta prima se sostendr\u00e1 y no variar\u00e1. Si bien puede sufrir alg\u00fan cambio en sus pagos por la actualizaci\u00f3n de los capitales asegurados aunque se identifica por ser constante. <strong>\u2022 Prima Natural:<\/strong> El pago de esta prima se actualiza de a\u00f1o en a\u00f1o. Su precio va subiendo con el paso del tiempo poco a poco en tanto que su precio se calcula con los a\u00f1os que tiene usted en el momento de su contrataci\u00f3n y lo van equiparando con el incremento de fallecimiento que pueda tener con el paso del tiempo.<\/p>\n<p><strong>\u2022 Prima Mixta:<\/strong> Este g\u00e9nero de prima es la uni\u00f3n entre la Prima Nivelada y Prima Natural y re\u00fane lo mejor de las dos.<\/p>\n<p>Independientemente del g\u00e9nero de prima de decesos que elija, usted va a poder flexibilizar su cuota todo lo que quiera pues le ofrecemos todas las comodidades posibles para que le resulte lo m\u00e1s liviano posible el hacerse cargo del recibo y que no le suponga ning\u00fan esfuerzo dejar todo previsto a sus familiares.<br \/>\n<div class=\"colorf\"><div class=\"container clearfix\"><div class=\"col-md-7\"><\/p>\n<h3><span class=\"ez-toc-section\" id=\"%C2%BFEl_precio_de_seguros_de_decesos_Cetelem_sube_con_la_edad\"><\/span>\u00bfEl precio de seguros de decesos Cetelem sube con la edad?<span class=\"ez-toc-section-end\"><\/span><\/h3>\n<p>\u00bfNo sabe qu\u00e9 opci\u00f3n elegir? Cetelem tiene uno de los los mejores productos de prima \u00fanica de Espa\u00f1a, con garant\u00edas inusuales, servicio de asistencia funeraria muy reconocido y a un costo muy econ\u00f3mico. Ellos se ocupar\u00e1n de todos y cada uno de los tr\u00e1mites a fin de que pueda estar apacible en uno de los instantes m\u00e1s duros que tendr\u00e1n sus familiares y amigos. Adem\u00e1s, si existe una inflaci\u00f3n en los materiales, costes de personal y para que no quede en infraseguros los asegurados se realizar\u00e1 una actualizaci\u00f3n de capitales que le afectar\u00e1 en el precio de la prima liger\u00edsimamente a fin de que llegado el siniestro no falte capital para su tr\u00e1mite. Adem\u00e1s, puede fraccionar el pago de la prima de la manera que mejor le convenga para que le resulte m\u00e1s c\u00f3modo<\/p>\n<p>Con los servicios de iDecesos puede estudiar todas las modalidades de las distintas coberturas y precios del seguro de decesos de Cetelem y ver qu\u00e9 servicios se amoldan mejor a sus necesidades. En consecuencia, ya puede desentenderse del seguro de defunci\u00f3n al depositar su confianza en nosotros, expertos reconocidos en el mercado asegurador de Espa\u00f1a. Cetelem posee el equipo m\u00e1s completo y experto en seguro de decesos y bajo un condicionado general con las coberturas m\u00e1s solventes del panorama nacional.<br \/>\n<\/div><\/div><\/div><\/p>\n<h3><span class=\"ez-toc-section\" id=\"Paginas_relacionadas\"><\/span>P\u00e1ginas relacionadas<span class=\"ez-toc-section-end\"><\/span><\/h3><div class=\"enlazado\"><ul> <li><a href=\"https:\/\/idecesos.com\/seguros\/companias\/cetelem\/opiniones\/\">Opiniones Cetelem<\/a><\/li> <li><a href=\"https:\/\/idecesos.com\/seguros\/companias\/cetelem\/precio\/\">Precio seguro Cetelem<\/a><\/li> <li><a href=\"https:\/\/idecesos.com\/seguros\/companias\/cetelem\/prima-mixta\/\">Cetelem Prima Mixta<\/a><\/li> <li><a href=\"https:\/\/idecesos.com\/seguros\/companias\/cetelem\/prima-natural\/\">Cetelem Prima Natural<\/a><\/li> <li><a href=\"https:\/\/idecesos.com\/seguros\/companias\/cetelem\/prima-nivelada\/\">Cetelem Prima Nivelada<\/a><\/li> <li><a href=\"https:\/\/idecesos.com\/seguros\/companias\/cetelem\/prima-unica\/\">Cetelem Prima \u00danica<\/a><\/li> <li><a href=\"https:\/\/idecesos.com\/seguros\/companias\/cetelem\/repatriacion\/\">Cetelem Repatriaci\u00f3n<\/a><\/li> <li><a href=\"https:\/\/idecesos.com\/seguros\/companias\/cetelem\/telefono\/\">Tel\u00e9fono Gratuito Cetelem<\/a><\/li><\/ul><\/div>\n","protected":false},"excerpt":{"rendered":"<p>Sus asegurados se sienten m\u00e1s sosegados contando con Cetelem han depositado toda su fidelidad en esta compa\u00f1\u00eda. Existen temporadas en las cuales la empresa de seguros se pone en marcha para ajustar los precios del seguro, facilitando de esta forma al asegurado una tranquilidad de que contar\u00e1 con el sepelio cubierto. De entrada se llevar\u00e1&hellip; <\/p>\n","protected":false},"author":1,"featured_media":17401,"parent":619,"menu_order":0,"comment_status":"closed","ping_status":"closed","template":"single.php","meta":{"footnotes":""},"class_list":["post-17400","page","type-page","status-publish","has-post-thumbnail","hentry"],"yoast_head":"<!-- This site is optimized with the Yoast SEO plugin v27.3 - https:\/\/yoast.com\/product\/yoast-seo-wordpress\/ -->\n<title>Precio Seguro Decesos Cetelem \u25b7DTO 25% I Oferta 2026<\/title>\n<meta name=\"description\" content=\"Calcular aqu\u00ed\u3010precio seguro de decesos Cetelem\u3011Tarifas, oferta y descuento de seguro defunci\u00f3n Cetelem 2026 \u2611\ufe0fiDecesos\u00ae N\u00ba1 en ahorro\" \/>\n<meta name=\"robots\" content=\"index, follow, max-snippet:-1, max-image-preview:large, max-video-preview:-1\" \/>\n<link rel=\"canonical\" href=\"https:\/\/idecesos.com\/seguros\/companias\/cetelem\/precio\/\" \/>\n<meta property=\"og:locale\" content=\"es_ES\" \/>\n<meta property=\"og:type\" content=\"article\" \/>\n<meta property=\"og:title\" content=\"Precio Seguro Decesos Cetelem \u25b7DTO 25% I Oferta 2026\" \/>\n<meta property=\"og:description\" content=\"Calcular aqu\u00ed\u3010precio seguro de decesos Cetelem\u3011Tarifas, oferta y descuento de seguro defunci\u00f3n Cetelem 2026 \u2611\ufe0fiDecesos\u00ae N\u00ba1 en ahorro\" \/>\n<meta property=\"og:url\" content=\"https:\/\/idecesos.com\/seguros\/companias\/cetelem\/precio\/\" \/>\n<meta property=\"article:modified_time\" content=\"2022-03-10T10:37:47+00:00\" \/>\n<meta property=\"og:image\" content=\"https:\/\/idecesos.com\/seguros\/wp-content\/uploads\/2021\/12\/precio-2.jpg-42.jpeg\" \/>\n\t<meta property=\"og:image:width\" content=\"1500\" \/>\n\t<meta property=\"og:image:height\" content=\"559\" \/>\n\t<meta property=\"og:image:type\" content=\"image\/jpeg\" \/>\n<meta name=\"twitter:card\" content=\"summary_large_image\" \/>\n<meta name=\"twitter:label1\" content=\"Tiempo de lectura\" \/>\n\t<meta name=\"twitter:data1\" content=\"75 minutos\" \/>\n<script type=\"application\/ld+json\" class=\"yoast-schema-graph\">{\"@context\":\"https:\\\/\\\/schema.org\",\"@graph\":[{\"@type\":\"WebPage\",\"@id\":\"https:\\\/\\\/idecesos.com\\\/seguros\\\/companias\\\/cetelem\\\/precio\\\/\",\"url\":\"https:\\\/\\\/idecesos.com\\\/seguros\\\/companias\\\/cetelem\\\/precio\\\/\",\"name\":\"Precio Seguro Decesos Cetelem \u25b7DTO 25% I Oferta 2026\",\"isPartOf\":{\"@id\":\"https:\\\/\\\/idecesos.com\\\/seguros\\\/#website\"},\"primaryImageOfPage\":{\"@id\":\"https:\\\/\\\/idecesos.com\\\/seguros\\\/companias\\\/cetelem\\\/precio\\\/#primaryimage\"},\"image\":{\"@id\":\"https:\\\/\\\/idecesos.com\\\/seguros\\\/companias\\\/cetelem\\\/precio\\\/#primaryimage\"},\"thumbnailUrl\":\"https:\\\/\\\/idecesos.com\\\/seguros\\\/wp-content\\\/uploads\\\/2021\\\/12\\\/precio-2.jpg-42.jpeg\",\"datePublished\":\"2021-12-15T16:03:11+00:00\",\"dateModified\":\"2022-03-10T10:37:47+00:00\",\"description\":\"Calcular aqu\u00ed\u3010precio seguro de decesos Cetelem\u3011Tarifas, oferta y descuento de seguro defunci\u00f3n Cetelem 2026 \u2611\ufe0fiDecesos\u00ae N\u00ba1 en ahorro\",\"breadcrumb\":{\"@id\":\"https:\\\/\\\/idecesos.com\\\/seguros\\\/companias\\\/cetelem\\\/precio\\\/#breadcrumb\"},\"inLanguage\":\"es\",\"potentialAction\":[{\"@type\":\"ReadAction\",\"target\":[\"https:\\\/\\\/idecesos.com\\\/seguros\\\/companias\\\/cetelem\\\/precio\\\/\"]}]},{\"@type\":\"ImageObject\",\"inLanguage\":\"es\",\"@id\":\"https:\\\/\\\/idecesos.com\\\/seguros\\\/companias\\\/cetelem\\\/precio\\\/#primaryimage\",\"url\":\"https:\\\/\\\/idecesos.com\\\/seguros\\\/wp-content\\\/uploads\\\/2021\\\/12\\\/precio-2.jpg-42.jpeg\",\"contentUrl\":\"https:\\\/\\\/idecesos.com\\\/seguros\\\/wp-content\\\/uploads\\\/2021\\\/12\\\/precio-2.jpg-42.jpeg\",\"width\":1500,\"height\":559,\"caption\":\"Precio Cetelem\"},{\"@type\":\"BreadcrumbList\",\"@id\":\"https:\\\/\\\/idecesos.com\\\/seguros\\\/companias\\\/cetelem\\\/precio\\\/#breadcrumb\",\"itemListElement\":[{\"@type\":\"ListItem\",\"position\":1,\"name\":\"Portada\",\"item\":\"https:\\\/\\\/idecesos.com\\\/seguros\\\/\"},{\"@type\":\"ListItem\",\"position\":2,\"name\":\"Compa\u00f1\u00edas de Seguros de Decesos en Espa\u00f1a\",\"item\":\"https:\\\/\\\/idecesos.com\\\/seguros\\\/companias\\\/\"},{\"@type\":\"ListItem\",\"position\":3,\"name\":\"Seguro de decesos Cetelem\",\"item\":\"https:\\\/\\\/idecesos.com\\\/seguros\\\/companias\\\/cetelem\\\/\"},{\"@type\":\"ListItem\",\"position\":4,\"name\":\"\u00bfCu\u00e1nto cuesta el seguro de decesos Cetelem?\"}]},{\"@type\":\"WebSite\",\"@id\":\"https:\\\/\\\/idecesos.com\\\/seguros\\\/#website\",\"url\":\"https:\\\/\\\/idecesos.com\\\/seguros\\\/\",\"name\":\"\",\"description\":\"\",\"potentialAction\":[{\"@type\":\"SearchAction\",\"target\":{\"@type\":\"EntryPoint\",\"urlTemplate\":\"https:\\\/\\\/idecesos.com\\\/seguros\\\/?s={search_term_string}\"},\"query-input\":{\"@type\":\"PropertyValueSpecification\",\"valueRequired\":true,\"valueName\":\"search_term_string\"}}],\"inLanguage\":\"es\"}]}<\/script>\n<!-- \/ Yoast SEO plugin. -->","yoast_head_json":{"title":"Precio Seguro Decesos Cetelem \u25b7DTO 25% I Oferta 2026","description":"Calcular aqu\u00ed\u3010precio seguro de decesos Cetelem\u3011Tarifas, oferta y descuento de seguro defunci\u00f3n Cetelem 2026 \u2611\ufe0fiDecesos\u00ae N\u00ba1 en ahorro","robots":{"index":"index","follow":"follow","max-snippet":"max-snippet:-1","max-image-preview":"max-image-preview:large","max-video-preview":"max-video-preview:-1"},"canonical":"https:\/\/idecesos.com\/seguros\/companias\/cetelem\/precio\/","og_locale":"es_ES","og_type":"article","og_title":"Precio Seguro Decesos Cetelem \u25b7DTO 25% I Oferta 2026","og_description":"Calcular aqu\u00ed\u3010precio seguro de decesos Cetelem\u3011Tarifas, oferta y descuento de seguro defunci\u00f3n Cetelem 2026 \u2611\ufe0fiDecesos\u00ae N\u00ba1 en ahorro","og_url":"https:\/\/idecesos.com\/seguros\/companias\/cetelem\/precio\/","article_modified_time":"2022-03-10T10:37:47+00:00","og_image":[{"width":1500,"height":559,"url":"https:\/\/idecesos.com\/seguros\/wp-content\/uploads\/2021\/12\/precio-2.jpg-42.jpeg","type":"image\/jpeg"}],"twitter_card":"summary_large_image","twitter_misc":{"Tiempo de lectura":"75 minutos"},"schema":{"@context":"https:\/\/schema.org","@graph":[{"@type":"WebPage","@id":"https:\/\/idecesos.com\/seguros\/companias\/cetelem\/precio\/","url":"https:\/\/idecesos.com\/seguros\/companias\/cetelem\/precio\/","name":"Precio Seguro Decesos Cetelem \u25b7DTO 25% I Oferta 2026","isPartOf":{"@id":"https:\/\/idecesos.com\/seguros\/#website"},"primaryImageOfPage":{"@id":"https:\/\/idecesos.com\/seguros\/companias\/cetelem\/precio\/#primaryimage"},"image":{"@id":"https:\/\/idecesos.com\/seguros\/companias\/cetelem\/precio\/#primaryimage"},"thumbnailUrl":"https:\/\/idecesos.com\/seguros\/wp-content\/uploads\/2021\/12\/precio-2.jpg-42.jpeg","datePublished":"2021-12-15T16:03:11+00:00","dateModified":"2022-03-10T10:37:47+00:00","description":"Calcular aqu\u00ed\u3010precio seguro de decesos Cetelem\u3011Tarifas, oferta y descuento de seguro defunci\u00f3n Cetelem 2026 \u2611\ufe0fiDecesos\u00ae N\u00ba1 en ahorro","breadcrumb":{"@id":"https:\/\/idecesos.com\/seguros\/companias\/cetelem\/precio\/#breadcrumb"},"inLanguage":"es","potentialAction":[{"@type":"ReadAction","target":["https:\/\/idecesos.com\/seguros\/companias\/cetelem\/precio\/"]}]},{"@type":"ImageObject","inLanguage":"es","@id":"https:\/\/idecesos.com\/seguros\/companias\/cetelem\/precio\/#primaryimage","url":"https:\/\/idecesos.com\/seguros\/wp-content\/uploads\/2021\/12\/precio-2.jpg-42.jpeg","contentUrl":"https:\/\/idecesos.com\/seguros\/wp-content\/uploads\/2021\/12\/precio-2.jpg-42.jpeg","width":1500,"height":559,"caption":"Precio Cetelem"},{"@type":"BreadcrumbList","@id":"https:\/\/idecesos.com\/seguros\/companias\/cetelem\/precio\/#breadcrumb","itemListElement":[{"@type":"ListItem","position":1,"name":"Portada","item":"https:\/\/idecesos.com\/seguros\/"},{"@type":"ListItem","position":2,"name":"Compa\u00f1\u00edas de Seguros de Decesos en Espa\u00f1a","item":"https:\/\/idecesos.com\/seguros\/companias\/"},{"@type":"ListItem","position":3,"name":"Seguro de decesos Cetelem","item":"https:\/\/idecesos.com\/seguros\/companias\/cetelem\/"},{"@type":"ListItem","position":4,"name":"\u00bfCu\u00e1nto cuesta el seguro de decesos Cetelem?"}]},{"@type":"WebSite","@id":"https:\/\/idecesos.com\/seguros\/#website","url":"https:\/\/idecesos.com\/seguros\/","name":"","description":"","potentialAction":[{"@type":"SearchAction","target":{"@type":"EntryPoint","urlTemplate":"https:\/\/idecesos.com\/seguros\/?s={search_term_string}"},"query-input":{"@type":"PropertyValueSpecification","valueRequired":true,"valueName":"search_term_string"}}],"inLanguage":"es"}]}},"_links":{"self":[{"href":"https:\/\/idecesos.com\/seguros\/wp-json\/wp\/v2\/pages\/17400","targetHints":{"allow":["GET"]}}],"collection":[{"href":"https:\/\/idecesos.com\/seguros\/wp-json\/wp\/v2\/pages"}],"about":[{"href":"https:\/\/idecesos.com\/seguros\/wp-json\/wp\/v2\/types\/page"}],"author":[{"embeddable":true,"href":"https:\/\/idecesos.com\/seguros\/wp-json\/wp\/v2\/users\/1"}],"replies":[{"embeddable":true,"href":"https:\/\/idecesos.com\/seguros\/wp-json\/wp\/v2\/comments?post=17400"}],"version-history":[{"count":2,"href":"https:\/\/idecesos.com\/seguros\/wp-json\/wp\/v2\/pages\/17400\/revisions"}],"predecessor-version":[{"id":20077,"href":"https:\/\/idecesos.com\/seguros\/wp-json\/wp\/v2\/pages\/17400\/revisions\/20077"}],"up":[{"embeddable":true,"href":"https:\/\/idecesos.com\/seguros\/wp-json\/wp\/v2\/pages\/619"}],"wp:featuredmedia":[{"embeddable":true,"href":"https:\/\/idecesos.com\/seguros\/wp-json\/wp\/v2\/media\/17401"}],"wp:attachment":[{"href":"https:\/\/idecesos.com\/seguros\/wp-json\/wp\/v2\/media?parent=17400"}],"curies":[{"name":"wp","href":"https:\/\/api.w.org\/{rel}","templated":true}]}}