{"id":17402,"date":"2021-12-15T16:03:11","date_gmt":"2021-12-15T16:03:11","guid":{"rendered":"https:\/\/idecesos.com\/seguros\/companias\/nederlanden\/precio\/"},"modified":"2022-03-10T11:22:44","modified_gmt":"2022-03-10T11:22:44","slug":"precio","status":"publish","type":"page","link":"https:\/\/idecesos.com\/seguros\/companias\/nederlanden\/precio\/","title":{"rendered":"\u00bfCu\u00e1nto cuesta el seguro de decesos Nationale Nederlanden?"},"content":{"rendered":"<div id=\"ez-toc-container\" class=\"ez-toc-v2_0_83 ez-toc-wrap-center counter-hierarchy ez-toc-counter ez-toc-custom ez-toc-container-direction\">\n<div class=\"ez-toc-title-container\">\n<p class=\"ez-toc-title\" style=\"cursor:inherit\">Tabla de Contenido<\/p>\n<span class=\"ez-toc-title-toggle\"><a href=\"#\" class=\"ez-toc-pull-right ez-toc-btn ez-toc-btn-xs ez-toc-btn-default ez-toc-toggle\" aria-label=\"Alternar tabla de contenidos\"><span class=\"ez-toc-js-icon-con\"><span class=\"\"><span class=\"eztoc-hide\" style=\"display:none;\">Toggle<\/span><span class=\"ez-toc-icon-toggle-span\"><svg style=\"fill: #db6415;color:#db6415\" xmlns=\"http:\/\/www.w3.org\/2000\/svg\" class=\"list-377408\" width=\"20px\" height=\"20px\" viewBox=\"0 0 24 24\" fill=\"none\"><path d=\"M6 6H4v2h2V6zm14 0H8v2h12V6zM4 11h2v2H4v-2zm16 0H8v2h12v-2zM4 16h2v2H4v-2zm16 0H8v2h12v-2z\" fill=\"currentColor\"><\/path><\/svg><svg style=\"fill: #db6415;color:#db6415\" class=\"arrow-unsorted-368013\" xmlns=\"http:\/\/www.w3.org\/2000\/svg\" width=\"10px\" height=\"10px\" viewBox=\"0 0 24 24\" version=\"1.2\" baseProfile=\"tiny\"><path d=\"M18.2 9.3l-6.2-6.3-6.2 6.3c-.2.2-.3.4-.3.7s.1.5.3.7c.2.2.4.3.7.3h11c.3 0 .5-.1.7-.3.2-.2.3-.5.3-.7s-.1-.5-.3-.7zM5.8 14.7l6.2 6.3 6.2-6.3c.2-.2.3-.5.3-.7s-.1-.5-.3-.7c-.2-.2-.4-.3-.7-.3h-11c-.3 0-.5.1-.7.3-.2.2-.3.5-.3.7s.1.5.3.7z\"\/><\/svg><\/span><\/span><\/span><\/a><\/span><\/div>\n<nav><ul class='ez-toc-list ez-toc-list-level-1 ' ><li class='ez-toc-page-1 ez-toc-heading-level-2'><a class=\"ez-toc-link ez-toc-heading-1\" href=\"https:\/\/idecesos.com\/seguros\/companias\/nederlanden\/precio\/#Calcular_precio_seguro_de_decesos_Nationale_Nederlanden\" >Calcular precio seguro de decesos Nationale Nederlanden<\/a><\/li><li class='ez-toc-page-1 ez-toc-heading-level-2'><a class=\"ez-toc-link ez-toc-heading-2\" href=\"https:\/\/idecesos.com\/seguros\/companias\/nederlanden\/precio\/#Tabla_comparativa_de_precios_Nationale_Nederlanden\" >Tabla comparativa de precios Nationale Nederlanden<\/a><ul class='ez-toc-list-level-3' ><li class='ez-toc-heading-level-3'><a class=\"ez-toc-link ez-toc-heading-3\" href=\"https:\/\/idecesos.com\/seguros\/companias\/nederlanden\/precio\/#%C2%BFCual_es_la_mejor_tarifa_de_seguros_de_Nationale_Nederlanden\" >\u00bfCu\u00e1l es la mejor tarifa de seguros de Nationale Nederlanden ?<\/a><\/li><li class='ez-toc-page-1 ez-toc-heading-level-3'><a class=\"ez-toc-link ez-toc-heading-4\" href=\"https:\/\/idecesos.com\/seguros\/companias\/nederlanden\/precio\/#%C2%BFPuede_aumentar_precio_mensual_de_los_seguros_de_Nationale_Nederlanden\" >\u00bfPuede aumentar precio mensual de los seguros de Nationale Nederlanden ?<\/a><\/li><li class='ez-toc-page-1 ez-toc-heading-level-3'><a class=\"ez-toc-link ez-toc-heading-5\" href=\"https:\/\/idecesos.com\/seguros\/companias\/nederlanden\/precio\/#%C2%BFEl_precio_de_seguros_de_decesos_Nationale_Nederlanden_sube_con_la_edad\" >\u00bfEl precio de seguros de decesos Nationale Nederlanden sube con la edad?<\/a><\/li><\/ul><\/li><\/ul><\/nav><\/div>\n<p><br \/>\nNationale Nederlanden cuenta con m\u00e1s de veinte mil personas que depositan su confianza en el seguro de decesos Nationale Nederlanden. Cada cierto tiempo van regulando los precios para que todos puedan conseguir un seguro de decesos, donde les asegure la tranquilidad de que quedar\u00e1 cubierto al completo en base al momento del sepelio garantizando las mejores coberturas. Administrando de distinta manera el estudio del asegurado, se determina la p\u00f3liza, con lo que puede ser constante o no a lo largo del tiempo. Por ello que en la contrataci\u00f3n vendr\u00e1 de manera m\u00e1s definida. Se tendr\u00e1 presente diferentes factores para realizar de forma exhaustiva un c\u00e1lculo adecuado al asegurado. La finalidad de Nationale Nederlanden es aplicar una tarifa equilibrada a fin de que cada cliente pueda obtenerlo sin ning\u00fan inconveniente y que puedan contar con su seguro de decesos de Nationale Nederlanden en todo momento. La compa\u00f1\u00eda aseguradora se ocupar\u00e1 de que la tarifa se ajuste a la perfecci\u00f3n a tus circunstancias.<\/p>\n<div class=\"colorf\"><div class=\"container clearfix\"><div class=\"col-md-7\">\n<h2><span class=\"ez-toc-section\" id=\"Calcular_precio_seguro_de_decesos_Nationale_Nederlanden\"><\/span>Calcular precio seguro de decesos Nationale Nederlanden<span class=\"ez-toc-section-end\"><\/span><\/h2>\n<p>Nationale Nederlanden est\u00e1 comprometida en llevar un c\u00e1lculo de forma exhaustiva contando con todos y cada uno de los diversos factores que rodean a la p\u00f3liza. Finalizando el c\u00e1lculo de la tarifa, lo que aseguras es que tus seres queridos puedan estar con tranquilidad. Nationale Nederlanden es la empresa aseguradora que todos recomiendan por sus distintas tarifas con una coberturas ampl\u00edsimas. iDecesos es la herramienta principal que vas a necesitar para ver las distintas tarifas que hay en el mercado de forma actualizada, por lo que conseguir\u00e1s verlo de forma considerablemente m\u00e1s extendido y las cl\u00e1usulas de cada una de las p\u00f3lizas de Nationale Nederlanden mucho m\u00e1s r\u00e1pido y f\u00e1cil.<br \/>\n<\/div><\/div><\/div><\/p>\n<h2><span class=\"ez-toc-section\" id=\"Tabla_comparativa_de_precios_Nationale_Nederlanden\"><\/span>Tabla comparativa de precios Nationale Nederlanden<span class=\"ez-toc-section-end\"><\/span><\/h2>\n<p><div class=\"cabecera_tabla_precio\"><table class=\"table table-striped\"><thead><tr><th class=\"nosepara centrado\">Tipo<\/th><th class=\"nosepara centrado nojustificado\">Precio Desde<\/th><th class=\"nosepara dcha\"><\/th><\/tr><\/thead><tbody><tr class=\"fila_tabla_precio\"><td class=\"nosepara izq\">Precio Seguro Decesos Nationale Nederlanden<\/td><td class=\"nosepara centro\">1,41 \u20ac\/mes<\/td><td class=\"nosepara derecha\">\t\t\t\t\t\n\t\t\t\t\t\t<span class=\"\" style=\"cursor:pointer\" data-bs-toggle=\"modal\" data-bs-target=\"#comparadorModal\">Calcular<\/span>\t\t\t\t\n\t\t\t\t\t\n\t\t\t\t<\/td><\/tr><\/div><tr class=\"fila_tabla_precio\"><td class=\"nosepara izq\">Precio Prima \u00danica Nationale Nederlanden<\/td><td class=\"nosepara centro\">2425 \u20ac<\/td><td class=\"nosepara derecha\">\t\t\t\t\t\n\t\t\t\t\t\t<span class=\"\" style=\"cursor:pointer\" data-bs-toggle=\"modal\" data-bs-target=\"#comparadorModal\">Calcular<\/span>\t\t\t\t\n\t\t\t\t\t\n\t\t\t\t<\/td><\/tr><\/div><tr class=\"fila_tabla_precio\"><td class=\"nosepara izq\">Precio Prima Natural Nationale Nederlanden<\/td><td class=\"nosepara centro\">1,34 \u20ac\/mes<\/td><td class=\"nosepara derecha\">\t\t\t\t\t\n\t\t\t\t\t\t<span class=\"\" style=\"cursor:pointer\" data-bs-toggle=\"modal\" data-bs-target=\"#comparadorModal\">Calcular<\/span>\t\t\t\t\n\t\t\t\t\t\n\t\t\t\t<\/td><\/tr><\/div><tr class=\"fila_tabla_precio\"><td class=\"nosepara izq\">Precio Prima Nivelada Nationale Nederlanden<\/td><td class=\"nosepara centro\">1,58 \u20ac\/mes<\/td><td class=\"nosepara derecha\">\t\t\t\t\t\n\t\t\t\t\t\t<span class=\"\" style=\"cursor:pointer\" data-bs-toggle=\"modal\" data-bs-target=\"#comparadorModal\">Calcular<\/span>\t\t\t\t\n\t\t\t\t\t\n\t\t\t\t<\/td><\/tr><\/div><tr class=\"fila_tabla_precio\"><td class=\"nosepara izq\">Precio Prima Mixta Nationale Nederlanden<\/td><td class=\"nosepara centro\">1,40 \u20ac\/mes<\/td><td class=\"nosepara derecha\">\t\t\t\t\t\n\t\t\t\t\t\t<span class=\"\" style=\"cursor:pointer\" data-bs-toggle=\"modal\" data-bs-target=\"#comparadorModal\">Calcular<\/span>\t\t\t\t\n\t\t\t\t\t\n\t\t\t\t<\/td><\/tr><\/div><tr class=\"fila_tabla_precio\"><td class=\"nosepara izq\">Precio Prima Seminatural Nationale Nederlanden<\/td><td class=\"nosepara centro\">1,44 \u20ac\/mes<\/td><td class=\"nosepara derecha\">\t\t\t\t\t\n\t\t\t\t\t\t<span class=\"\" style=\"cursor:pointer\" data-bs-toggle=\"modal\" data-bs-target=\"#comparadorModal\">Calcular<\/span>\t\t\t\t\n\t\t\t\t\t\n\t\t\t\t<\/td><\/tr><\/div><tr class=\"fila_tabla_precio\"><td class=\"nosepara izq\">Precio con Repatriaci\u00f3n Nationale Nederlanden<\/td><td class=\"nosepara centro\">0,89 \u20ac a la cuota<\/td><td class=\"nosepara derecha\">\t\t\t\t\t\n\t\t\t\t\t\t<span class=\"\" style=\"cursor:pointer\" data-bs-toggle=\"modal\" data-bs-target=\"#comparadorModal\">Calcular<\/span>\t\t\t\t\n\t\t\t\t\t\n\t\t\t\t<\/td><\/tr><\/div><tr class=\"fila_tabla_precio\"><td class=\"nosepara izq\">Precio Seguro Defunci\u00f3n Nationale Nederlanden<\/td><td class=\"nosepara centro\">1,66 \u20ac\/mes<\/td><td class=\"nosepara derecha\">\t\t\t\t\t\n\t\t\t\t\t\t<span class=\"\" style=\"cursor:pointer\" data-bs-toggle=\"modal\" data-bs-target=\"#comparadorModal\">Calcular<\/span>\t\t\t\t\n\t\t\t\t\t\n\t\t\t\t<\/td><\/tr><\/div><tr class=\"fila_tabla_precio\"><td class=\"nosepara izq\">Precio Seguro Fallecimiento Nationale Nederlanden<\/td><td class=\"nosepara centro\">1,62 \u20ac\/mes<\/td><td class=\"nosepara derecha\">\t\t\t\t\t\n\t\t\t\t\t\t<span class=\"\" style=\"cursor:pointer\" data-bs-toggle=\"modal\" data-bs-target=\"#comparadorModal\">Calcular<\/span>\t\t\t\t\n\t\t\t\t\t\n\t\t\t\t<\/td><\/tr><\/div><tr class=\"fila_tabla_precio\"><td class=\"nosepara izq\">Precio Seguro Muertos Nationale Nederlanden<\/td><td class=\"nosepara centro\">1,49 \u20ac\/mes<\/td><td class=\"nosepara derecha\">\t\t\t\t\t\n\t\t\t\t\t\t<span class=\"\" style=\"cursor:pointer\" data-bs-toggle=\"modal\" data-bs-target=\"#comparadorModal\">Calcular<\/span>\t\t\t\t\n\t\t\t\t\t\n\t\t\t\t<\/td><\/tr><\/div><tr class=\"fila_tabla_precio\"><td class=\"nosepara izq\">Precio Asistencia Familiar Nationale Nederlanden<\/td><td class=\"nosepara centro\">1,68 \u20ac\/mes<\/td><td class=\"nosepara derecha\">\t\t\t\t\t\n\t\t\t\t\t\t<span class=\"\" style=\"cursor:pointer\" data-bs-toggle=\"modal\" data-bs-target=\"#comparadorModal\">Calcular<\/span>\t\t\t\t\n\t\t\t\t\t\n\t\t\t\t<\/td><\/tr><\/div><\/tbody><\/table><\/div><\/p>\n<p>Ahora le mostramos una tabla con las tarifas de cada g\u00e9nero de prima que le ofrece el seguro de decesos de Nationale Nederlanden. Estas primas han sido creadas pensando en las necesidades de cada cliente del servicio para que cada uno pueda elegir la que mejor se adapte a \u00e9l. Estos son los diferentes g\u00e9neros de precios de las primas que brinda Nationale Nederlanden.<br \/>\n<div class=\"colorf\"><div class=\"container clearfix\"><div class=\"col-md-7\"><\/p>\n<h3><span class=\"ez-toc-section\" id=\"%C2%BFCual_es_la_mejor_tarifa_de_seguros_de_Nationale_Nederlanden\"><\/span>\u00bfCu\u00e1l es la mejor tarifa de seguros de Nationale Nederlanden ?<span class=\"ez-toc-section-end\"><\/span><\/h3>\n<p>No necesita solamente, con la propuesta de Nationale Nederlanden cubrir\u00e1 todas sus necesidades con un producto top. Las diferentes seguros de decesos tienen un sinf\u00edn de garant\u00edas auxiliares que le dan una alta usabilidad a las p\u00f3lizas y un alto valor a\u00f1adido para los clientes del servicio, es una clara ventaja competitiva con respecto a otros que se ofertan en el mercado asegurador con precios y coberturas obsoletas. iDecesos rastrear\u00e1 entre todas y cada una de las ofertas actualizadas a diario del mercado de seguros de Espa\u00f1a, acomodando el ranking de precios a los productos que m\u00e1s se acomoden a su perfil.<br \/>\n<\/div><\/div><\/div><\/p>\n<h3><span class=\"ez-toc-section\" id=\"%C2%BFPuede_aumentar_precio_mensual_de_los_seguros_de_Nationale_Nederlanden\"><\/span>\u00bfPuede aumentar precio mensual de los seguros de Nationale Nederlanden ?<span class=\"ez-toc-section-end\"><\/span><\/h3>\n<p>Antes que pase algo inopinado es mejor que tenga contratado el seguro de decesos de Nationale Nederlanden. No se preocupe si el precio de su p\u00f3liza aumenta. Todo va a quedar reflejado en el contrato del asegurado a fin de que sea siendo consciente de ello. Que suba el precio de su p\u00f3liza no es habitual pero si Nationale Nederlanden lo hace no se va a ver obligada a informarle. Nationale Nederlanden cuenta con unas cl\u00e1usulas muy espec\u00edficas con lo que no tendr\u00e1s ning\u00fan inconveniente.<br \/>\n<div class=\"colorf\"><div class=\"container clearfix\"><div class=\"col-md-7\"><\/p>\n<h3><span class=\"ez-toc-section\" id=\"%C2%BFEl_precio_de_seguros_de_decesos_Nationale_Nederlanden_sube_con_la_edad\"><\/span>\u00bfEl precio de seguros de decesos Nationale Nederlanden sube con la edad?<span class=\"ez-toc-section-end\"><\/span><\/h3>\n<p>Vive sosegado, Nationale Nederlanden no va a subir el precio de su tarifa con la edad del asegurado. Aunque el incremento de su p\u00f3liza puede causarse, no tiene porqu\u00e9 preocuparse, es realmente dif\u00edcil que esto ocurra por lo que puede estar tranquilo. Puesto que, en el momento de contratar su p\u00f3liza se hace referencia a la edad de la persona asegurada. Nationale Nederlanden cuenta con diferentes modalidades de prima que son la nivelada, la natural, exactamente la misma, la seminatural y la \u00fanica. Las coberturas son realmente bien valoradas por su clientes del servicio con lo que debe de tomar en consideraci\u00f3n que contratar un seguro de decesos no cuenta con una edad limitada. Deja de darle vueltas, es el instante de contratar tu seguro de decesos con Nationale Nederlanden.<br \/>\n<\/div><\/div><\/div><\/p>\n<h3>P\u00e1ginas relacionadas<\/h3><div class=\"enlazado\"><ul> <li><a href=\"https:\/\/idecesos.com\/seguros\/companias\/nederlanden\/coberturas\/\">Coberturas Seguro de Decesos Nederlanden<\/a><\/li> <li><a href=\"https:\/\/idecesos.com\/seguros\/companias\/nederlanden\/opiniones\/\">Opiniones Nationale Nederlanden<\/a><\/li> <li><a href=\"https:\/\/idecesos.com\/seguros\/companias\/nederlanden\/precio\/\">Precio seguro Nationale Nederlanden<\/a><\/li> <li><a href=\"https:\/\/idecesos.com\/seguros\/companias\/nederlanden\/prima-mixta\/\">Nationale Nederlanden Prima Mixta<\/a><\/li> <li><a href=\"https:\/\/idecesos.com\/seguros\/companias\/nederlanden\/prima-natural\/\">Nationale Nederlanden Prima Natural<\/a><\/li> <li><a href=\"https:\/\/idecesos.com\/seguros\/companias\/nederlanden\/prima-nivelada\/\">Nationale Nederlanden Prima Nivelada<\/a><\/li> <li><a href=\"https:\/\/idecesos.com\/seguros\/companias\/nederlanden\/prima-unica\/\">Nationale Nederlanden Prima \u00danica<\/a><\/li> <li><a href=\"https:\/\/idecesos.com\/seguros\/companias\/nederlanden\/repatriacion\/\">Nationale Nederlanden Repatriaci\u00f3n<\/a><\/li> <li><a href=\"https:\/\/idecesos.com\/seguros\/companias\/nederlanden\/telefono\/\">Tel\u00e9fono Gratuito Nationale Nederlanden<\/a><\/li>   <\/ul><\/div>\n","protected":false},"excerpt":{"rendered":"<p>Nationale Nederlanden cuenta con m\u00e1s de veinte mil personas que depositan su confianza en el seguro de decesos Nationale Nederlanden. Cada cierto tiempo van regulando los precios para que todos puedan conseguir un seguro de decesos, donde les asegure la tranquilidad de que quedar\u00e1 cubierto al completo en base al momento del sepelio garantizando las&hellip; <\/p>\n","protected":false},"author":1,"featured_media":17403,"parent":758,"menu_order":0,"comment_status":"closed","ping_status":"closed","template":"single.php","meta":{"footnotes":""},"class_list":["post-17402","page","type-page","status-publish","has-post-thumbnail","hentry"],"yoast_head":"<!-- This site is optimized with the Yoast SEO plugin v27.5 - https:\/\/yoast.com\/product\/yoast-seo-wordpress\/ -->\n<title>Precio Seguro Decesos Nationale Nederlanden \u25b7DTO 25% I Oferta 2026<\/title>\n<meta name=\"description\" content=\"Calcular aqu\u00ed\u3010precio seguro de decesos Nationale Nederlanden\u3011Tarifas, oferta y descuento de seguro defunci\u00f3n Nationale Nederlanden 2026 \u2611\ufe0fiDecesos\u00ae N\u00ba1 en ahorro\" \/>\n<meta name=\"robots\" content=\"index, follow, max-snippet:-1, max-image-preview:large, max-video-preview:-1\" \/>\n<link rel=\"canonical\" href=\"https:\/\/idecesos.com\/seguros\/companias\/nederlanden\/precio\/\" \/>\n<meta property=\"og:locale\" content=\"es_ES\" \/>\n<meta property=\"og:type\" content=\"article\" \/>\n<meta property=\"og:title\" content=\"Precio Seguro Decesos Nationale Nederlanden \u25b7DTO 25% I Oferta 2026\" \/>\n<meta property=\"og:description\" content=\"Calcular aqu\u00ed\u3010precio seguro de decesos Nationale Nederlanden\u3011Tarifas, oferta y descuento de seguro defunci\u00f3n Nationale Nederlanden 2026 \u2611\ufe0fiDecesos\u00ae N\u00ba1 en ahorro\" \/>\n<meta property=\"og:url\" content=\"https:\/\/idecesos.com\/seguros\/companias\/nederlanden\/precio\/\" \/>\n<meta property=\"article:modified_time\" content=\"2022-03-10T11:22:44+00:00\" \/>\n<meta property=\"og:image\" content=\"https:\/\/idecesos.com\/seguros\/wp-content\/uploads\/2021\/12\/precio-2.jpg-43.jpeg\" \/>\n\t<meta property=\"og:image:width\" content=\"1500\" \/>\n\t<meta property=\"og:image:height\" content=\"559\" \/>\n\t<meta property=\"og:image:type\" content=\"image\/jpeg\" \/>\n<meta name=\"twitter:card\" content=\"summary_large_image\" \/>\n<meta name=\"twitter:label1\" content=\"Tiempo de lectura\" \/>\n\t<meta name=\"twitter:data1\" content=\"75 minutos\" \/>\n<script type=\"application\/ld+json\" class=\"yoast-schema-graph\">{\"@context\":\"https:\\\/\\\/schema.org\",\"@graph\":[{\"@type\":\"WebPage\",\"@id\":\"https:\\\/\\\/idecesos.com\\\/seguros\\\/companias\\\/nederlanden\\\/precio\\\/\",\"url\":\"https:\\\/\\\/idecesos.com\\\/seguros\\\/companias\\\/nederlanden\\\/precio\\\/\",\"name\":\"Precio Seguro Decesos Nationale Nederlanden \u25b7DTO 25% I Oferta 2026\",\"isPartOf\":{\"@id\":\"https:\\\/\\\/idecesos.com\\\/seguros\\\/#website\"},\"primaryImageOfPage\":{\"@id\":\"https:\\\/\\\/idecesos.com\\\/seguros\\\/companias\\\/nederlanden\\\/precio\\\/#primaryimage\"},\"image\":{\"@id\":\"https:\\\/\\\/idecesos.com\\\/seguros\\\/companias\\\/nederlanden\\\/precio\\\/#primaryimage\"},\"thumbnailUrl\":\"https:\\\/\\\/idecesos.com\\\/seguros\\\/wp-content\\\/uploads\\\/2021\\\/12\\\/precio-2.jpg-43.jpeg\",\"datePublished\":\"2021-12-15T16:03:11+00:00\",\"dateModified\":\"2022-03-10T11:22:44+00:00\",\"description\":\"Calcular aqu\u00ed\u3010precio seguro de decesos Nationale Nederlanden\u3011Tarifas, oferta y descuento de seguro defunci\u00f3n Nationale Nederlanden 2026 \u2611\ufe0fiDecesos\u00ae N\u00ba1 en ahorro\",\"breadcrumb\":{\"@id\":\"https:\\\/\\\/idecesos.com\\\/seguros\\\/companias\\\/nederlanden\\\/precio\\\/#breadcrumb\"},\"inLanguage\":\"es\",\"potentialAction\":[{\"@type\":\"ReadAction\",\"target\":[\"https:\\\/\\\/idecesos.com\\\/seguros\\\/companias\\\/nederlanden\\\/precio\\\/\"]}]},{\"@type\":\"ImageObject\",\"inLanguage\":\"es\",\"@id\":\"https:\\\/\\\/idecesos.com\\\/seguros\\\/companias\\\/nederlanden\\\/precio\\\/#primaryimage\",\"url\":\"https:\\\/\\\/idecesos.com\\\/seguros\\\/wp-content\\\/uploads\\\/2021\\\/12\\\/precio-2.jpg-43.jpeg\",\"contentUrl\":\"https:\\\/\\\/idecesos.com\\\/seguros\\\/wp-content\\\/uploads\\\/2021\\\/12\\\/precio-2.jpg-43.jpeg\",\"width\":1500,\"height\":559,\"caption\":\"Precio Nationale Nederlanden\"},{\"@type\":\"BreadcrumbList\",\"@id\":\"https:\\\/\\\/idecesos.com\\\/seguros\\\/companias\\\/nederlanden\\\/precio\\\/#breadcrumb\",\"itemListElement\":[{\"@type\":\"ListItem\",\"position\":1,\"name\":\"Portada\",\"item\":\"https:\\\/\\\/idecesos.com\\\/seguros\\\/\"},{\"@type\":\"ListItem\",\"position\":2,\"name\":\"Compa\u00f1\u00edas de Seguros de Decesos en Espa\u00f1a\",\"item\":\"https:\\\/\\\/idecesos.com\\\/seguros\\\/companias\\\/\"},{\"@type\":\"ListItem\",\"position\":3,\"name\":\"Seguro de decesos Nationale Nederlanden\",\"item\":\"https:\\\/\\\/idecesos.com\\\/seguros\\\/companias\\\/nederlanden\\\/\"},{\"@type\":\"ListItem\",\"position\":4,\"name\":\"\u00bfCu\u00e1nto cuesta el seguro de decesos Nationale Nederlanden?\"}]},{\"@type\":\"WebSite\",\"@id\":\"https:\\\/\\\/idecesos.com\\\/seguros\\\/#website\",\"url\":\"https:\\\/\\\/idecesos.com\\\/seguros\\\/\",\"name\":\"\",\"description\":\"\",\"potentialAction\":[{\"@type\":\"SearchAction\",\"target\":{\"@type\":\"EntryPoint\",\"urlTemplate\":\"https:\\\/\\\/idecesos.com\\\/seguros\\\/?s={search_term_string}\"},\"query-input\":{\"@type\":\"PropertyValueSpecification\",\"valueRequired\":true,\"valueName\":\"search_term_string\"}}],\"inLanguage\":\"es\"}]}<\/script>\n<!-- \/ Yoast SEO plugin. -->","yoast_head_json":{"title":"Precio Seguro Decesos Nationale Nederlanden \u25b7DTO 25% I Oferta 2026","description":"Calcular aqu\u00ed\u3010precio seguro de decesos Nationale Nederlanden\u3011Tarifas, oferta y descuento de seguro defunci\u00f3n Nationale Nederlanden 2026 \u2611\ufe0fiDecesos\u00ae N\u00ba1 en ahorro","robots":{"index":"index","follow":"follow","max-snippet":"max-snippet:-1","max-image-preview":"max-image-preview:large","max-video-preview":"max-video-preview:-1"},"canonical":"https:\/\/idecesos.com\/seguros\/companias\/nederlanden\/precio\/","og_locale":"es_ES","og_type":"article","og_title":"Precio Seguro Decesos Nationale Nederlanden \u25b7DTO 25% I Oferta 2026","og_description":"Calcular aqu\u00ed\u3010precio seguro de decesos Nationale Nederlanden\u3011Tarifas, oferta y descuento de seguro defunci\u00f3n Nationale Nederlanden 2026 \u2611\ufe0fiDecesos\u00ae N\u00ba1 en ahorro","og_url":"https:\/\/idecesos.com\/seguros\/companias\/nederlanden\/precio\/","article_modified_time":"2022-03-10T11:22:44+00:00","og_image":[{"width":1500,"height":559,"url":"https:\/\/idecesos.com\/seguros\/wp-content\/uploads\/2021\/12\/precio-2.jpg-43.jpeg","type":"image\/jpeg"}],"twitter_card":"summary_large_image","twitter_misc":{"Tiempo de lectura":"75 minutos"},"schema":{"@context":"https:\/\/schema.org","@graph":[{"@type":"WebPage","@id":"https:\/\/idecesos.com\/seguros\/companias\/nederlanden\/precio\/","url":"https:\/\/idecesos.com\/seguros\/companias\/nederlanden\/precio\/","name":"Precio Seguro Decesos Nationale Nederlanden \u25b7DTO 25% I Oferta 2026","isPartOf":{"@id":"https:\/\/idecesos.com\/seguros\/#website"},"primaryImageOfPage":{"@id":"https:\/\/idecesos.com\/seguros\/companias\/nederlanden\/precio\/#primaryimage"},"image":{"@id":"https:\/\/idecesos.com\/seguros\/companias\/nederlanden\/precio\/#primaryimage"},"thumbnailUrl":"https:\/\/idecesos.com\/seguros\/wp-content\/uploads\/2021\/12\/precio-2.jpg-43.jpeg","datePublished":"2021-12-15T16:03:11+00:00","dateModified":"2022-03-10T11:22:44+00:00","description":"Calcular aqu\u00ed\u3010precio seguro de decesos Nationale Nederlanden\u3011Tarifas, oferta y descuento de seguro defunci\u00f3n Nationale Nederlanden 2026 \u2611\ufe0fiDecesos\u00ae N\u00ba1 en ahorro","breadcrumb":{"@id":"https:\/\/idecesos.com\/seguros\/companias\/nederlanden\/precio\/#breadcrumb"},"inLanguage":"es","potentialAction":[{"@type":"ReadAction","target":["https:\/\/idecesos.com\/seguros\/companias\/nederlanden\/precio\/"]}]},{"@type":"ImageObject","inLanguage":"es","@id":"https:\/\/idecesos.com\/seguros\/companias\/nederlanden\/precio\/#primaryimage","url":"https:\/\/idecesos.com\/seguros\/wp-content\/uploads\/2021\/12\/precio-2.jpg-43.jpeg","contentUrl":"https:\/\/idecesos.com\/seguros\/wp-content\/uploads\/2021\/12\/precio-2.jpg-43.jpeg","width":1500,"height":559,"caption":"Precio Nationale Nederlanden"},{"@type":"BreadcrumbList","@id":"https:\/\/idecesos.com\/seguros\/companias\/nederlanden\/precio\/#breadcrumb","itemListElement":[{"@type":"ListItem","position":1,"name":"Portada","item":"https:\/\/idecesos.com\/seguros\/"},{"@type":"ListItem","position":2,"name":"Compa\u00f1\u00edas de Seguros de Decesos en Espa\u00f1a","item":"https:\/\/idecesos.com\/seguros\/companias\/"},{"@type":"ListItem","position":3,"name":"Seguro de decesos Nationale Nederlanden","item":"https:\/\/idecesos.com\/seguros\/companias\/nederlanden\/"},{"@type":"ListItem","position":4,"name":"\u00bfCu\u00e1nto cuesta el seguro de decesos Nationale Nederlanden?"}]},{"@type":"WebSite","@id":"https:\/\/idecesos.com\/seguros\/#website","url":"https:\/\/idecesos.com\/seguros\/","name":"","description":"","potentialAction":[{"@type":"SearchAction","target":{"@type":"EntryPoint","urlTemplate":"https:\/\/idecesos.com\/seguros\/?s={search_term_string}"},"query-input":{"@type":"PropertyValueSpecification","valueRequired":true,"valueName":"search_term_string"}}],"inLanguage":"es"}]}},"_links":{"self":[{"href":"https:\/\/idecesos.com\/seguros\/wp-json\/wp\/v2\/pages\/17402","targetHints":{"allow":["GET"]}}],"collection":[{"href":"https:\/\/idecesos.com\/seguros\/wp-json\/wp\/v2\/pages"}],"about":[{"href":"https:\/\/idecesos.com\/seguros\/wp-json\/wp\/v2\/types\/page"}],"author":[{"embeddable":true,"href":"https:\/\/idecesos.com\/seguros\/wp-json\/wp\/v2\/users\/1"}],"replies":[{"embeddable":true,"href":"https:\/\/idecesos.com\/seguros\/wp-json\/wp\/v2\/comments?post=17402"}],"version-history":[{"count":3,"href":"https:\/\/idecesos.com\/seguros\/wp-json\/wp\/v2\/pages\/17402\/revisions"}],"predecessor-version":[{"id":20123,"href":"https:\/\/idecesos.com\/seguros\/wp-json\/wp\/v2\/pages\/17402\/revisions\/20123"}],"up":[{"embeddable":true,"href":"https:\/\/idecesos.com\/seguros\/wp-json\/wp\/v2\/pages\/758"}],"wp:featuredmedia":[{"embeddable":true,"href":"https:\/\/idecesos.com\/seguros\/wp-json\/wp\/v2\/media\/17403"}],"wp:attachment":[{"href":"https:\/\/idecesos.com\/seguros\/wp-json\/wp\/v2\/media?parent=17402"}],"curies":[{"name":"wp","href":"https:\/\/api.w.org\/{rel}","templated":true}]}}