{"id":17412,"date":"2021-12-15T16:03:15","date_gmt":"2021-12-15T16:03:15","guid":{"rendered":"https:\/\/idecesos.com\/seguros\/companias\/banco-bpi\/precio\/"},"modified":"2022-03-10T09:34:33","modified_gmt":"2022-03-10T09:34:33","slug":"precio","status":"publish","type":"page","link":"https:\/\/idecesos.com\/seguros\/companias\/banco-bpi\/precio\/","title":{"rendered":"\u00bfCu\u00e1nto cuesta el seguro de decesos BPI?"},"content":{"rendered":"<div id=\"ez-toc-container\" class=\"ez-toc-v2_0_82_2 ez-toc-wrap-center counter-hierarchy ez-toc-counter ez-toc-custom ez-toc-container-direction\">\n<div class=\"ez-toc-title-container\">\n<p class=\"ez-toc-title\" style=\"cursor:inherit\">Tabla de Contenido<\/p>\n<span class=\"ez-toc-title-toggle\"><a href=\"#\" class=\"ez-toc-pull-right ez-toc-btn ez-toc-btn-xs ez-toc-btn-default ez-toc-toggle\" aria-label=\"Alternar tabla de contenidos\"><span class=\"ez-toc-js-icon-con\"><span class=\"\"><span class=\"eztoc-hide\" style=\"display:none;\">Toggle<\/span><span class=\"ez-toc-icon-toggle-span\"><svg style=\"fill: #db6415;color:#db6415\" xmlns=\"http:\/\/www.w3.org\/2000\/svg\" class=\"list-377408\" width=\"20px\" height=\"20px\" viewBox=\"0 0 24 24\" fill=\"none\"><path d=\"M6 6H4v2h2V6zm14 0H8v2h12V6zM4 11h2v2H4v-2zm16 0H8v2h12v-2zM4 16h2v2H4v-2zm16 0H8v2h12v-2z\" fill=\"currentColor\"><\/path><\/svg><svg style=\"fill: #db6415;color:#db6415\" class=\"arrow-unsorted-368013\" xmlns=\"http:\/\/www.w3.org\/2000\/svg\" width=\"10px\" height=\"10px\" viewBox=\"0 0 24 24\" version=\"1.2\" baseProfile=\"tiny\"><path d=\"M18.2 9.3l-6.2-6.3-6.2 6.3c-.2.2-.3.4-.3.7s.1.5.3.7c.2.2.4.3.7.3h11c.3 0 .5-.1.7-.3.2-.2.3-.5.3-.7s-.1-.5-.3-.7zM5.8 14.7l6.2 6.3 6.2-6.3c.2-.2.3-.5.3-.7s-.1-.5-.3-.7c-.2-.2-.4-.3-.7-.3h-11c-.3 0-.5.1-.7.3-.2.2-.3.5-.3.7s.1.5.3.7z\"\/><\/svg><\/span><\/span><\/span><\/a><\/span><\/div>\n<nav><ul class='ez-toc-list ez-toc-list-level-1 ' ><li class='ez-toc-page-1 ez-toc-heading-level-2'><a class=\"ez-toc-link ez-toc-heading-1\" href=\"https:\/\/idecesos.com\/seguros\/companias\/banco-bpi\/precio\/#Calcular_precio_seguro_de_decesos_BPI\" >Calcular precio seguro de decesos BPI<\/a><\/li><li class='ez-toc-page-1 ez-toc-heading-level-2'><a class=\"ez-toc-link ez-toc-heading-2\" href=\"https:\/\/idecesos.com\/seguros\/companias\/banco-bpi\/precio\/#Tabla_comparativa_de_precios_BPI\" >Tabla comparativa de precios BPI<\/a><ul class='ez-toc-list-level-3' ><li class='ez-toc-heading-level-3'><a class=\"ez-toc-link ez-toc-heading-3\" href=\"https:\/\/idecesos.com\/seguros\/companias\/banco-bpi\/precio\/#%C2%BFCual_es_la_mejor_tarifa_de_seguros_de_BPI\" >\u00bfCu\u00e1l es la mejor tarifa de seguros de BPI ?<\/a><\/li><li class='ez-toc-page-1 ez-toc-heading-level-3'><a class=\"ez-toc-link ez-toc-heading-4\" href=\"https:\/\/idecesos.com\/seguros\/companias\/banco-bpi\/precio\/#%C2%BFPuede_aumentar_precio_mensual_de_los_seguros_de_BPI\" >\u00bfPuede aumentar precio mensual de los seguros de BPI ?<\/a><\/li><li class='ez-toc-page-1 ez-toc-heading-level-3'><a class=\"ez-toc-link ez-toc-heading-5\" href=\"https:\/\/idecesos.com\/seguros\/companias\/banco-bpi\/precio\/#%C2%BFEl_precio_de_seguros_de_decesos_BPI_sube_con_la_edad\" >\u00bfEl precio de seguros de decesos BPI sube con la edad?<\/a><\/li><li class='ez-toc-page-1 ez-toc-heading-level-3'><a class=\"ez-toc-link ez-toc-heading-6\" href=\"https:\/\/idecesos.com\/seguros\/companias\/banco-bpi\/precio\/#Paginas_relacionadas\" >P\u00e1ginas relacionadas<\/a><\/li><\/ul><\/li><\/ul><\/nav><\/div>\n<p><br \/>\nSus asegurados se sienten m\u00e1s sosegados contando con BPI han depositado su fidelidad en esta compa\u00f1\u00eda. Cada cierto tiempo van regulando los precios a fin de que todos puedan obtener un seguro de decesos, donde les asegure la tranquilidad de que quedar\u00e1 cubierto al completo en base al instante del sepelio garantizando las mejores coberturas. Gestionando de diferente forma el estudio del asegurado, se determina la p\u00f3liza, por lo que puede ser incesante o no a lo largo del tiempo. Por esta raz\u00f3n que en la contrataci\u00f3n vendr\u00e1 de forma m\u00e1s definida. Para determinar con exactitud la tarifa de la p\u00f3liza para el asegurado se llevar\u00e1 de manera muy exhaustiva y estudiando diferentes circunstancias. Aunque en estos \u00faltimos a\u00f1os la BPI ha ido adaptando sus tarifas con la finalidad de que los precios sean m\u00e1s equilibrados, que no sea una barrera al momento de estimar contratar un seguro de decesos con BPI. La compa\u00f1\u00eda de seguros se encargar\u00e1 de que la tarifa se ajuste perfectamente a tus circunstancias.<\/p>\n<div class=\"colorf\"><div class=\"container clearfix\"><div class=\"col-md-7\">\n<h2><span class=\"ez-toc-section\" id=\"Calcular_precio_seguro_de_decesos_BPI\"><\/span>Calcular precio seguro de decesos BPI<span class=\"ez-toc-section-end\"><\/span><\/h2>\n<p>El proceso que realiza BPI lo efect\u00faa de manera detallada a fin de que el c\u00e1lculo de la tarifa sea la m\u00e1s conveniente para el asegurado, donde se valorar\u00e1 los diferentes factores que componen la p\u00f3liza. Adem\u00e1s de efectuar el c\u00e1lculo de la p\u00f3liza, das tranquilidad a tu ser querido. Aparte de darte unas tarifas exclusivas a fin de que se amolden a cada persona, BPI es tu empresa de seguros de confianza. Cuentas con otras de las ventajas m\u00e1s revolucionarias de herramienta que hallar\u00e1s en el mercado, con iDecesos logras ver diferentes comparativas de precios a tiempo real en el instante que le des al bot\u00f3n, por lo que asimismo vas a dar con las principales claves de cada una de sus ventajas de cada una de las p\u00f3lizas de BPI incluyendo sus coberturas.<br \/>\n<\/div><\/div><\/div><\/p>\n<h2><span class=\"ez-toc-section\" id=\"Tabla_comparativa_de_precios_BPI\"><\/span>Tabla comparativa de precios BPI<span class=\"ez-toc-section-end\"><\/span><\/h2>\n<p><div class=\"cabecera_tabla_precio\"><table class=\"table table-striped\"><thead><tr><th class=\"nosepara centrado\">Tipo<\/th><th class=\"nosepara centrado nojustificado\">Precio Desde<\/th><th class=\"nosepara dcha\"><\/th><\/tr><\/thead><tbody><tr class=\"fila_tabla_precio\"><td class=\"nosepara izq\">Precio Seguro Decesos BPI<\/td><td class=\"nosepara centro\">1,69 \u20ac\/mes<\/td><td class=\"nosepara derecha\">\t\t\t\t\t\n\t\t\t\t\t\t<span class=\"\" style=\"cursor:pointer\" data-bs-toggle=\"modal\" data-bs-target=\"#comparadorModal\">Calcular<\/span>\t\t\t\t\n\t\t\t\t\t\n\t\t\t\t<\/td><\/tr><\/div><tr class=\"fila_tabla_precio\"><td class=\"nosepara izq\">Precio Prima \u00danica BPI<\/td><td class=\"nosepara centro\">2330 \u20ac<\/td><td class=\"nosepara derecha\">\t\t\t\t\t\n\t\t\t\t\t\t<span class=\"\" style=\"cursor:pointer\" data-bs-toggle=\"modal\" data-bs-target=\"#comparadorModal\">Calcular<\/span>\t\t\t\t\n\t\t\t\t\t\n\t\t\t\t<\/td><\/tr><\/div><tr class=\"fila_tabla_precio\"><td class=\"nosepara izq\">Precio Prima Natural BPI<\/td><td class=\"nosepara centro\">1,24 \u20ac\/mes<\/td><td class=\"nosepara derecha\">\t\t\t\t\t\n\t\t\t\t\t\t<span class=\"\" style=\"cursor:pointer\" data-bs-toggle=\"modal\" data-bs-target=\"#comparadorModal\">Calcular<\/span>\t\t\t\t\n\t\t\t\t\t\n\t\t\t\t<\/td><\/tr><\/div><tr class=\"fila_tabla_precio\"><td class=\"nosepara izq\">Precio Prima Nivelada BPI<\/td><td class=\"nosepara centro\">1,48 \u20ac\/mes<\/td><td class=\"nosepara derecha\">\t\t\t\t\t\n\t\t\t\t\t\t<span class=\"\" style=\"cursor:pointer\" data-bs-toggle=\"modal\" data-bs-target=\"#comparadorModal\">Calcular<\/span>\t\t\t\t\n\t\t\t\t\t\n\t\t\t\t<\/td><\/tr><\/div><tr class=\"fila_tabla_precio\"><td class=\"nosepara izq\">Precio Prima Mixta BPI<\/td><td class=\"nosepara centro\">1,46 \u20ac\/mes<\/td><td class=\"nosepara derecha\">\t\t\t\t\t\n\t\t\t\t\t\t<span class=\"\" style=\"cursor:pointer\" data-bs-toggle=\"modal\" data-bs-target=\"#comparadorModal\">Calcular<\/span>\t\t\t\t\n\t\t\t\t\t\n\t\t\t\t<\/td><\/tr><\/div><tr class=\"fila_tabla_precio\"><td class=\"nosepara izq\">Precio Prima Seminatural BPI<\/td><td class=\"nosepara centro\">1,43 \u20ac\/mes<\/td><td class=\"nosepara derecha\">\t\t\t\t\t\n\t\t\t\t\t\t<span class=\"\" style=\"cursor:pointer\" data-bs-toggle=\"modal\" data-bs-target=\"#comparadorModal\">Calcular<\/span>\t\t\t\t\n\t\t\t\t\t\n\t\t\t\t<\/td><\/tr><\/div><tr class=\"fila_tabla_precio\"><td class=\"nosepara izq\">Precio con Repatriaci\u00f3n BPI<\/td><td class=\"nosepara centro\">0,78 \u20ac a la cuota<\/td><td class=\"nosepara derecha\">\t\t\t\t\t\n\t\t\t\t\t\t<span class=\"\" style=\"cursor:pointer\" data-bs-toggle=\"modal\" data-bs-target=\"#comparadorModal\">Calcular<\/span>\t\t\t\t\n\t\t\t\t\t\n\t\t\t\t<\/td><\/tr><\/div><tr class=\"fila_tabla_precio\"><td class=\"nosepara izq\">Precio Seguro Defunci\u00f3n BPI<\/td><td class=\"nosepara centro\">1,48 \u20ac\/mes<\/td><td class=\"nosepara derecha\">\t\t\t\t\t\n\t\t\t\t\t\t<span class=\"\" style=\"cursor:pointer\" data-bs-toggle=\"modal\" data-bs-target=\"#comparadorModal\">Calcular<\/span>\t\t\t\t\n\t\t\t\t\t\n\t\t\t\t<\/td><\/tr><\/div><tr class=\"fila_tabla_precio\"><td class=\"nosepara izq\">Precio Seguro Fallecimiento BPI<\/td><td class=\"nosepara centro\">1,42 \u20ac\/mes<\/td><td class=\"nosepara derecha\">\t\t\t\t\t\n\t\t\t\t\t\t<span class=\"\" style=\"cursor:pointer\" data-bs-toggle=\"modal\" data-bs-target=\"#comparadorModal\">Calcular<\/span>\t\t\t\t\n\t\t\t\t\t\n\t\t\t\t<\/td><\/tr><\/div><tr class=\"fila_tabla_precio\"><td class=\"nosepara izq\">Precio Seguro Muertos BPI<\/td><td class=\"nosepara centro\">1,49 \u20ac\/mes<\/td><td class=\"nosepara derecha\">\t\t\t\t\t\n\t\t\t\t\t\t<span class=\"\" style=\"cursor:pointer\" data-bs-toggle=\"modal\" data-bs-target=\"#comparadorModal\">Calcular<\/span>\t\t\t\t\n\t\t\t\t\t\n\t\t\t\t<\/td><\/tr><\/div><tr class=\"fila_tabla_precio\"><td class=\"nosepara izq\">Precio Asistencia Familiar BPI<\/td><td class=\"nosepara centro\">1,49 \u20ac\/mes<\/td><td class=\"nosepara derecha\">\t\t\t\t\t\n\t\t\t\t\t\t<span class=\"\" style=\"cursor:pointer\" data-bs-toggle=\"modal\" data-bs-target=\"#comparadorModal\">Calcular<\/span>\t\t\t\t\n\t\t\t\t\t\n\t\t\t\t<\/td><\/tr><\/div><\/tbody><\/table><\/div><\/p>\n<p>A continuaci\u00f3n le mostramos una tabla con las tarifas de cada tipo de prima que le ofrece el seguro de decesos de BPI. BPI piensa en todos y cada usuario, por este motivo ha concebido estas primas a fin de que pueda escoger la que m\u00e1s se amolde a usted. Ac\u00e1 est\u00e1n los precios de los diferentes tipos de primas que tiene BPI.<br \/>\n<div class=\"colorf\"><div class=\"container clearfix\"><div class=\"col-md-7\"><\/p>\n<h3><span class=\"ez-toc-section\" id=\"%C2%BFCual_es_la_mejor_tarifa_de_seguros_de_BPI\"><\/span>\u00bfCu\u00e1l es la mejor tarifa de seguros de BPI ?<span class=\"ez-toc-section-end\"><\/span><\/h3>\n<p>Ya se lo hemos mencionado, hallar la mejor tarifa del seguro de decesos de BPI es muy sencillo y r\u00e1pido gracias al trabajo de Decesos. En los seguros de decesos, donde m\u00e1s hay variedad es en las p\u00f3lizas de coberturas auxiliares en tanto que cada empresa aseguradora se ha encargado de distinguirse de la competencia ofertando diferentes servicios.<br \/>\n<\/div><\/div><\/div><\/p>\n<h3><span class=\"ez-toc-section\" id=\"%C2%BFPuede_aumentar_precio_mensual_de_los_seguros_de_BPI\"><\/span>\u00bfPuede aumentar precio mensual de los seguros de BPI ?<span class=\"ez-toc-section-end\"><\/span><\/h3>\n<p>Los diferentes tipos de prima de BPI hacen que todas tus necesidades est\u00e9n cubiertas y que puedas escoger la que mejor se amolde a ti, en Espa\u00f1a, nueve de cada 10 asegurados de Decesos se han suscrito a un Seguro de Prima Nivelada, por todo esto, ahora, le mostramos los diferentes tipos de primas. <strong>\u2022 Prima \u00fanica:<\/strong> Esta prima cubre el sepelio de personas que han pasado la edad de jubilaci\u00f3n o que tengan la existencia de una enfermedad grave. Con una sola aportaci\u00f3n en el pago, este g\u00e9nero de primas acostumbran a ser contratadas por personas de avanzada edad que nunca ya antes han contratado un seguro. A partir de la edad de jubilaci\u00f3n el pago de esta prima se mantendr\u00e1 y no variar\u00e1. Aunque puede padecer alg\u00fan cambio en sus pagos por la actualizaci\u00f3n de los capitales asegurados aunque se caracteriza por ser constante. <strong>\u2022 Prima Natural:<\/strong> El pago de esta prima se actualiza todos los a\u00f1os. Su precio va subiendo con el paso de los a\u00f1os poco a poco puesto que su precio se calcula con los a\u00f1os que tiene usted en el momento de su contrataci\u00f3n y lo van comparando con el incremento de fallecimiento que pueda tener con el paso del tiempo.<\/p>\n<p><strong>\u2022 Prima Mixta:<\/strong> Este g\u00e9nero de prima es la uni\u00f3n entre la Prima Nivelada y Prima Natural y re\u00fane lo mejor de las dos.<\/p>\n<p>Todos y cada uno de los g\u00e9neros de primas que comparamos con independencia de la empresa aseguradora con la que contraten, dejan dividir el recibo para que sea lo m\u00e1s simple posible pagarlo y no lo resienta en su cuenta corriente, adem\u00e1s esto no afectar\u00e1 en adolecer de ninguna garant\u00eda.<br \/>\n<div class=\"colorf\"><div class=\"container clearfix\"><div class=\"col-md-7\"><\/p>\n<h3><span class=\"ez-toc-section\" id=\"%C2%BFEl_precio_de_seguros_de_decesos_BPI_sube_con_la_edad\"><\/span>\u00bfEl precio de seguros de decesos BPI sube con la edad?<span class=\"ez-toc-section-end\"><\/span><\/h3>\n<p>\u00bfProsigues rastreando coberturas y precios por todas y cada una de las empresas aseguradoras de decesos? No rastrees m\u00e1s, BPI te oferta un seguro de decesos de prima \u00fanica inusual con las garant\u00edas m\u00e1s completas y la tarifa m\u00e1s competitiva del mercado, su servicio de asistencia ha sido premiado en innumerables ocasiones, por su calidad y podr\u00e1s dejar garantizado y todo resuelto a tus familiares. Lo m\u00e1s probable que en un horizonte temporal var\u00eden las primas en alza para estar apropiadamente asegurados nuestros clientes del servicio, esto se debe a la inflaci\u00f3n de los de los costes asociados al servicio de decesos en cada ayuntamiento y resulta prioritario desarrollar esa subida de tarifa a fin de que en el momento de la muerte los allegados no tengan que incurrir en un costo no contemplado para poder enterrar a su ser querido. Si contrata un seguro con todas y cada una de las coberturas a\u00f1adidas que existan en sus condiciones generales y con los l\u00edmites m\u00e1ximos, estos afectar\u00e1n de forma directa a la tarifa de la prima. Asimismo tiene total libertad de abonar la cuota de su p\u00f3liza de decesos fraccionando en las cuotas que le parezca m\u00e1s f\u00e1cil de asumir. En Decesos todo lo resultar\u00e1 m\u00e1s simple, podr\u00e1 cotejar todos los modelos de primas, coberturas, condiciones generales, ofertas, compa\u00f1\u00edas en un mismo panel, simple y r\u00e1pido, jam\u00e1s hab\u00eda sido tan simple contratar y ahorrar a la vez. BPI le ofrece con sus profesionales y productos enormemente especializados en servicios l\u00fagubres una garant\u00eda total de que deposita su confianza en buenas manos.<br \/>\n<\/div><\/div><\/div><\/p>\n<h3><span class=\"ez-toc-section\" id=\"Paginas_relacionadas\"><\/span>P\u00e1ginas relacionadas<span class=\"ez-toc-section-end\"><\/span><\/h3><div class=\"enlazado\"><ul> <li><a href=\"https:\/\/idecesos.com\/seguros\/companias\/banco-bpi\/opiniones\/\">Opiniones BPI<\/a><\/li> <li><a href=\"https:\/\/idecesos.com\/seguros\/companias\/banco-bpi\/precio\/\">Precio seguro BPI<\/a><\/li> <li><a href=\"https:\/\/idecesos.com\/seguros\/companias\/banco-bpi\/prima-mixta\/\">BPI Prima Mixta<\/a><\/li> <li><a href=\"https:\/\/idecesos.com\/seguros\/companias\/banco-bpi\/prima-natural\/\">BPI Prima Natural<\/a><\/li> <li><a href=\"https:\/\/idecesos.com\/seguros\/companias\/banco-bpi\/prima-nivelada\/\">BPI Prima Nivelada<\/a><\/li> <li><a href=\"https:\/\/idecesos.com\/seguros\/companias\/banco-bpi\/prima-unica\/\">BPI Prima \u00danica<\/a><\/li> <li><a href=\"https:\/\/idecesos.com\/seguros\/companias\/banco-bpi\/repatriacion\/\">BPI Repatriaci\u00f3n<\/a><\/li> <li><a href=\"https:\/\/idecesos.com\/seguros\/companias\/banco-bpi\/telefono\/\">Tel\u00e9fono Gratuito BPI<\/a><\/li><\/ul><\/div>\n","protected":false},"excerpt":{"rendered":"<p>Sus asegurados se sienten m\u00e1s sosegados contando con BPI han depositado su fidelidad en esta compa\u00f1\u00eda. Cada cierto tiempo van regulando los precios a fin de que todos puedan obtener un seguro de decesos, donde les asegure la tranquilidad de que quedar\u00e1 cubierto al completo en base al instante del sepelio garantizando las mejores coberturas.&hellip; <\/p>\n","protected":false},"author":1,"featured_media":17413,"parent":273,"menu_order":0,"comment_status":"closed","ping_status":"closed","template":"single.php","meta":{"footnotes":""},"class_list":["post-17412","page","type-page","status-publish","has-post-thumbnail","hentry"],"yoast_head":"<!-- This site is optimized with the Yoast SEO plugin v27.5 - https:\/\/yoast.com\/product\/yoast-seo-wordpress\/ -->\n<title>Precio Seguro Decesos BPI \u25b7DTO 25% I Oferta 2026<\/title>\n<meta name=\"description\" content=\"Calcular aqu\u00ed\u3010precio seguro de decesos BPI\u3011Tarifas, oferta y descuento de seguro defunci\u00f3n BPI 2026 \u2611\ufe0fiDecesos\u00ae N\u00ba1 en ahorro\" \/>\n<meta name=\"robots\" content=\"index, follow, max-snippet:-1, max-image-preview:large, max-video-preview:-1\" \/>\n<link rel=\"canonical\" href=\"https:\/\/idecesos.com\/seguros\/companias\/banco-bpi\/precio\/\" \/>\n<meta property=\"og:locale\" content=\"es_ES\" \/>\n<meta property=\"og:type\" content=\"article\" \/>\n<meta property=\"og:title\" content=\"Precio Seguro Decesos BPI \u25b7DTO 25% I Oferta 2026\" \/>\n<meta property=\"og:description\" content=\"Calcular aqu\u00ed\u3010precio seguro de decesos BPI\u3011Tarifas, oferta y descuento de seguro defunci\u00f3n BPI 2026 \u2611\ufe0fiDecesos\u00ae N\u00ba1 en ahorro\" \/>\n<meta property=\"og:url\" content=\"https:\/\/idecesos.com\/seguros\/companias\/banco-bpi\/precio\/\" \/>\n<meta property=\"article:modified_time\" content=\"2022-03-10T09:34:33+00:00\" \/>\n<meta property=\"og:image\" content=\"https:\/\/idecesos.com\/seguros\/wp-content\/uploads\/2021\/12\/precio-2.jpg-48.jpeg\" \/>\n\t<meta property=\"og:image:width\" content=\"1500\" \/>\n\t<meta property=\"og:image:height\" content=\"559\" \/>\n\t<meta property=\"og:image:type\" content=\"image\/jpeg\" \/>\n<meta name=\"twitter:card\" content=\"summary_large_image\" \/>\n<meta name=\"twitter:label1\" content=\"Tiempo de lectura\" \/>\n\t<meta name=\"twitter:data1\" content=\"75 minutos\" \/>\n<script type=\"application\/ld+json\" class=\"yoast-schema-graph\">{\"@context\":\"https:\\\/\\\/schema.org\",\"@graph\":[{\"@type\":\"WebPage\",\"@id\":\"https:\\\/\\\/idecesos.com\\\/seguros\\\/companias\\\/banco-bpi\\\/precio\\\/\",\"url\":\"https:\\\/\\\/idecesos.com\\\/seguros\\\/companias\\\/banco-bpi\\\/precio\\\/\",\"name\":\"Precio Seguro Decesos BPI \u25b7DTO 25% I Oferta 2026\",\"isPartOf\":{\"@id\":\"https:\\\/\\\/idecesos.com\\\/seguros\\\/#website\"},\"primaryImageOfPage\":{\"@id\":\"https:\\\/\\\/idecesos.com\\\/seguros\\\/companias\\\/banco-bpi\\\/precio\\\/#primaryimage\"},\"image\":{\"@id\":\"https:\\\/\\\/idecesos.com\\\/seguros\\\/companias\\\/banco-bpi\\\/precio\\\/#primaryimage\"},\"thumbnailUrl\":\"https:\\\/\\\/idecesos.com\\\/seguros\\\/wp-content\\\/uploads\\\/2021\\\/12\\\/precio-2.jpg-48.jpeg\",\"datePublished\":\"2021-12-15T16:03:15+00:00\",\"dateModified\":\"2022-03-10T09:34:33+00:00\",\"description\":\"Calcular aqu\u00ed\u3010precio seguro de decesos BPI\u3011Tarifas, oferta y descuento de seguro defunci\u00f3n BPI 2026 \u2611\ufe0fiDecesos\u00ae N\u00ba1 en ahorro\",\"breadcrumb\":{\"@id\":\"https:\\\/\\\/idecesos.com\\\/seguros\\\/companias\\\/banco-bpi\\\/precio\\\/#breadcrumb\"},\"inLanguage\":\"es\",\"potentialAction\":[{\"@type\":\"ReadAction\",\"target\":[\"https:\\\/\\\/idecesos.com\\\/seguros\\\/companias\\\/banco-bpi\\\/precio\\\/\"]}]},{\"@type\":\"ImageObject\",\"inLanguage\":\"es\",\"@id\":\"https:\\\/\\\/idecesos.com\\\/seguros\\\/companias\\\/banco-bpi\\\/precio\\\/#primaryimage\",\"url\":\"https:\\\/\\\/idecesos.com\\\/seguros\\\/wp-content\\\/uploads\\\/2021\\\/12\\\/precio-2.jpg-48.jpeg\",\"contentUrl\":\"https:\\\/\\\/idecesos.com\\\/seguros\\\/wp-content\\\/uploads\\\/2021\\\/12\\\/precio-2.jpg-48.jpeg\",\"width\":1500,\"height\":559,\"caption\":\"Precio BPI\"},{\"@type\":\"BreadcrumbList\",\"@id\":\"https:\\\/\\\/idecesos.com\\\/seguros\\\/companias\\\/banco-bpi\\\/precio\\\/#breadcrumb\",\"itemListElement\":[{\"@type\":\"ListItem\",\"position\":1,\"name\":\"Portada\",\"item\":\"https:\\\/\\\/idecesos.com\\\/seguros\\\/\"},{\"@type\":\"ListItem\",\"position\":2,\"name\":\"Compa\u00f1\u00edas de Seguros de Decesos en Espa\u00f1a\",\"item\":\"https:\\\/\\\/idecesos.com\\\/seguros\\\/companias\\\/\"},{\"@type\":\"ListItem\",\"position\":3,\"name\":\"Seguro de decesos BPI\",\"item\":\"https:\\\/\\\/idecesos.com\\\/seguros\\\/companias\\\/banco-bpi\\\/\"},{\"@type\":\"ListItem\",\"position\":4,\"name\":\"\u00bfCu\u00e1nto cuesta el seguro de decesos BPI?\"}]},{\"@type\":\"WebSite\",\"@id\":\"https:\\\/\\\/idecesos.com\\\/seguros\\\/#website\",\"url\":\"https:\\\/\\\/idecesos.com\\\/seguros\\\/\",\"name\":\"\",\"description\":\"\",\"potentialAction\":[{\"@type\":\"SearchAction\",\"target\":{\"@type\":\"EntryPoint\",\"urlTemplate\":\"https:\\\/\\\/idecesos.com\\\/seguros\\\/?s={search_term_string}\"},\"query-input\":{\"@type\":\"PropertyValueSpecification\",\"valueRequired\":true,\"valueName\":\"search_term_string\"}}],\"inLanguage\":\"es\"}]}<\/script>\n<!-- \/ Yoast SEO plugin. -->","yoast_head_json":{"title":"Precio Seguro Decesos BPI \u25b7DTO 25% I Oferta 2026","description":"Calcular aqu\u00ed\u3010precio seguro de decesos BPI\u3011Tarifas, oferta y descuento de seguro defunci\u00f3n BPI 2026 \u2611\ufe0fiDecesos\u00ae N\u00ba1 en ahorro","robots":{"index":"index","follow":"follow","max-snippet":"max-snippet:-1","max-image-preview":"max-image-preview:large","max-video-preview":"max-video-preview:-1"},"canonical":"https:\/\/idecesos.com\/seguros\/companias\/banco-bpi\/precio\/","og_locale":"es_ES","og_type":"article","og_title":"Precio Seguro Decesos BPI \u25b7DTO 25% I Oferta 2026","og_description":"Calcular aqu\u00ed\u3010precio seguro de decesos BPI\u3011Tarifas, oferta y descuento de seguro defunci\u00f3n BPI 2026 \u2611\ufe0fiDecesos\u00ae N\u00ba1 en ahorro","og_url":"https:\/\/idecesos.com\/seguros\/companias\/banco-bpi\/precio\/","article_modified_time":"2022-03-10T09:34:33+00:00","og_image":[{"width":1500,"height":559,"url":"https:\/\/idecesos.com\/seguros\/wp-content\/uploads\/2021\/12\/precio-2.jpg-48.jpeg","type":"image\/jpeg"}],"twitter_card":"summary_large_image","twitter_misc":{"Tiempo de lectura":"75 minutos"},"schema":{"@context":"https:\/\/schema.org","@graph":[{"@type":"WebPage","@id":"https:\/\/idecesos.com\/seguros\/companias\/banco-bpi\/precio\/","url":"https:\/\/idecesos.com\/seguros\/companias\/banco-bpi\/precio\/","name":"Precio Seguro Decesos BPI \u25b7DTO 25% I Oferta 2026","isPartOf":{"@id":"https:\/\/idecesos.com\/seguros\/#website"},"primaryImageOfPage":{"@id":"https:\/\/idecesos.com\/seguros\/companias\/banco-bpi\/precio\/#primaryimage"},"image":{"@id":"https:\/\/idecesos.com\/seguros\/companias\/banco-bpi\/precio\/#primaryimage"},"thumbnailUrl":"https:\/\/idecesos.com\/seguros\/wp-content\/uploads\/2021\/12\/precio-2.jpg-48.jpeg","datePublished":"2021-12-15T16:03:15+00:00","dateModified":"2022-03-10T09:34:33+00:00","description":"Calcular aqu\u00ed\u3010precio seguro de decesos BPI\u3011Tarifas, oferta y descuento de seguro defunci\u00f3n BPI 2026 \u2611\ufe0fiDecesos\u00ae N\u00ba1 en ahorro","breadcrumb":{"@id":"https:\/\/idecesos.com\/seguros\/companias\/banco-bpi\/precio\/#breadcrumb"},"inLanguage":"es","potentialAction":[{"@type":"ReadAction","target":["https:\/\/idecesos.com\/seguros\/companias\/banco-bpi\/precio\/"]}]},{"@type":"ImageObject","inLanguage":"es","@id":"https:\/\/idecesos.com\/seguros\/companias\/banco-bpi\/precio\/#primaryimage","url":"https:\/\/idecesos.com\/seguros\/wp-content\/uploads\/2021\/12\/precio-2.jpg-48.jpeg","contentUrl":"https:\/\/idecesos.com\/seguros\/wp-content\/uploads\/2021\/12\/precio-2.jpg-48.jpeg","width":1500,"height":559,"caption":"Precio BPI"},{"@type":"BreadcrumbList","@id":"https:\/\/idecesos.com\/seguros\/companias\/banco-bpi\/precio\/#breadcrumb","itemListElement":[{"@type":"ListItem","position":1,"name":"Portada","item":"https:\/\/idecesos.com\/seguros\/"},{"@type":"ListItem","position":2,"name":"Compa\u00f1\u00edas de Seguros de Decesos en Espa\u00f1a","item":"https:\/\/idecesos.com\/seguros\/companias\/"},{"@type":"ListItem","position":3,"name":"Seguro de decesos BPI","item":"https:\/\/idecesos.com\/seguros\/companias\/banco-bpi\/"},{"@type":"ListItem","position":4,"name":"\u00bfCu\u00e1nto cuesta el seguro de decesos BPI?"}]},{"@type":"WebSite","@id":"https:\/\/idecesos.com\/seguros\/#website","url":"https:\/\/idecesos.com\/seguros\/","name":"","description":"","potentialAction":[{"@type":"SearchAction","target":{"@type":"EntryPoint","urlTemplate":"https:\/\/idecesos.com\/seguros\/?s={search_term_string}"},"query-input":{"@type":"PropertyValueSpecification","valueRequired":true,"valueName":"search_term_string"}}],"inLanguage":"es"}]}},"_links":{"self":[{"href":"https:\/\/idecesos.com\/seguros\/wp-json\/wp\/v2\/pages\/17412","targetHints":{"allow":["GET"]}}],"collection":[{"href":"https:\/\/idecesos.com\/seguros\/wp-json\/wp\/v2\/pages"}],"about":[{"href":"https:\/\/idecesos.com\/seguros\/wp-json\/wp\/v2\/types\/page"}],"author":[{"embeddable":true,"href":"https:\/\/idecesos.com\/seguros\/wp-json\/wp\/v2\/users\/1"}],"replies":[{"embeddable":true,"href":"https:\/\/idecesos.com\/seguros\/wp-json\/wp\/v2\/comments?post=17412"}],"version-history":[{"count":3,"href":"https:\/\/idecesos.com\/seguros\/wp-json\/wp\/v2\/pages\/17412\/revisions"}],"predecessor-version":[{"id":20031,"href":"https:\/\/idecesos.com\/seguros\/wp-json\/wp\/v2\/pages\/17412\/revisions\/20031"}],"up":[{"embeddable":true,"href":"https:\/\/idecesos.com\/seguros\/wp-json\/wp\/v2\/pages\/273"}],"wp:featuredmedia":[{"embeddable":true,"href":"https:\/\/idecesos.com\/seguros\/wp-json\/wp\/v2\/media\/17413"}],"wp:attachment":[{"href":"https:\/\/idecesos.com\/seguros\/wp-json\/wp\/v2\/media?parent=17412"}],"curies":[{"name":"wp","href":"https:\/\/api.w.org\/{rel}","templated":true}]}}