{"id":17416,"date":"2021-12-15T16:03:17","date_gmt":"2021-12-15T16:03:17","guid":{"rendered":"https:\/\/idecesos.com\/seguros\/companias\/banco-alcala\/precio\/"},"modified":"2022-03-10T09:39:20","modified_gmt":"2022-03-10T09:39:20","slug":"precio","status":"publish","type":"page","link":"https:\/\/idecesos.com\/seguros\/companias\/banco-alcala\/precio\/","title":{"rendered":"\u00bfCu\u00e1nto cuesta el seguro de decesos Banco Alcala?"},"content":{"rendered":"<div id=\"ez-toc-container\" class=\"ez-toc-v2_0_82_2 ez-toc-wrap-center counter-hierarchy ez-toc-counter ez-toc-custom ez-toc-container-direction\">\n<div class=\"ez-toc-title-container\">\n<p class=\"ez-toc-title\" style=\"cursor:inherit\">Tabla de Contenido<\/p>\n<span class=\"ez-toc-title-toggle\"><a href=\"#\" class=\"ez-toc-pull-right ez-toc-btn ez-toc-btn-xs ez-toc-btn-default ez-toc-toggle\" aria-label=\"Alternar tabla de contenidos\"><span class=\"ez-toc-js-icon-con\"><span class=\"\"><span class=\"eztoc-hide\" style=\"display:none;\">Toggle<\/span><span class=\"ez-toc-icon-toggle-span\"><svg style=\"fill: #db6415;color:#db6415\" xmlns=\"http:\/\/www.w3.org\/2000\/svg\" class=\"list-377408\" width=\"20px\" height=\"20px\" viewBox=\"0 0 24 24\" fill=\"none\"><path d=\"M6 6H4v2h2V6zm14 0H8v2h12V6zM4 11h2v2H4v-2zm16 0H8v2h12v-2zM4 16h2v2H4v-2zm16 0H8v2h12v-2z\" fill=\"currentColor\"><\/path><\/svg><svg style=\"fill: #db6415;color:#db6415\" class=\"arrow-unsorted-368013\" xmlns=\"http:\/\/www.w3.org\/2000\/svg\" width=\"10px\" height=\"10px\" viewBox=\"0 0 24 24\" version=\"1.2\" baseProfile=\"tiny\"><path d=\"M18.2 9.3l-6.2-6.3-6.2 6.3c-.2.2-.3.4-.3.7s.1.5.3.7c.2.2.4.3.7.3h11c.3 0 .5-.1.7-.3.2-.2.3-.5.3-.7s-.1-.5-.3-.7zM5.8 14.7l6.2 6.3 6.2-6.3c.2-.2.3-.5.3-.7s-.1-.5-.3-.7c-.2-.2-.4-.3-.7-.3h-11c-.3 0-.5.1-.7.3-.2.2-.3.5-.3.7s.1.5.3.7z\"\/><\/svg><\/span><\/span><\/span><\/a><\/span><\/div>\n<nav><ul class='ez-toc-list ez-toc-list-level-1 ' ><li class='ez-toc-page-1 ez-toc-heading-level-2'><a class=\"ez-toc-link ez-toc-heading-1\" href=\"https:\/\/idecesos.com\/seguros\/companias\/banco-alcala\/precio\/#Calcular_precio_seguro_de_decesos_Banco_Alcala\" >Calcular precio seguro de decesos Banco Alcala<\/a><\/li><li class='ez-toc-page-1 ez-toc-heading-level-2'><a class=\"ez-toc-link ez-toc-heading-2\" href=\"https:\/\/idecesos.com\/seguros\/companias\/banco-alcala\/precio\/#Tabla_comparativa_de_precios_Banco_Alcala\" >Tabla comparativa de precios Banco Alcala<\/a><ul class='ez-toc-list-level-3' ><li class='ez-toc-heading-level-3'><a class=\"ez-toc-link ez-toc-heading-3\" href=\"https:\/\/idecesos.com\/seguros\/companias\/banco-alcala\/precio\/#%C2%BFCual_es_la_mejor_tarifa_de_seguros_de_Banco_Alcala\" >\u00bfCu\u00e1l es la mejor tarifa de seguros de Banco Alcala ?<\/a><\/li><li class='ez-toc-page-1 ez-toc-heading-level-3'><a class=\"ez-toc-link ez-toc-heading-4\" href=\"https:\/\/idecesos.com\/seguros\/companias\/banco-alcala\/precio\/#%C2%BFPuede_aumentar_precio_mensual_de_los_seguros_de_Banco_Alcala\" >\u00bfPuede aumentar precio mensual de los seguros de Banco Alcala ?<\/a><\/li><li class='ez-toc-page-1 ez-toc-heading-level-3'><a class=\"ez-toc-link ez-toc-heading-5\" href=\"https:\/\/idecesos.com\/seguros\/companias\/banco-alcala\/precio\/#%C2%BFEl_precio_de_seguros_de_decesos_Banco_Alcala_sube_con_la_edad\" >\u00bfEl precio de seguros de decesos Banco Alcala sube con la edad?<\/a><\/li><li class='ez-toc-page-1 ez-toc-heading-level-3'><a class=\"ez-toc-link ez-toc-heading-6\" href=\"https:\/\/idecesos.com\/seguros\/companias\/banco-alcala\/precio\/#Paginas_relacionadas\" >P\u00e1ginas relacionadas<\/a><\/li><\/ul><\/li><\/ul><\/nav><\/div>\n<p><br \/>\nEn el \u00e1mbito de los seguros de decesos existen muchas compa\u00f1\u00edas de seguros, coberturas y precios distintos entre aqu\u00e9llos que poder equiparar. Ya antes de seleccionar un seguro, es mejor estar informado de los diferentes productos y compa\u00f1\u00edas que hay en el mercado para ver qu\u00e9 tarifas se adaptan mejor a tus necesidades. Gracias a iDecesos no se tendr\u00e1 que preocupar por eso pues le vamos a mostrar ahora cada uno de los precios y las diferentes modalidades de primas que existen en el seguro de decesos a fin de que en un simple vistazo pueda determinar cu\u00e1l es el g\u00e9nero de seguro que m\u00e1s le interesa y pueda seleccionar el que mejor se amolde a sus necesidades.<\/p>\n<div class=\"colorf\"><div class=\"container clearfix\"><div class=\"col-md-7\">\n<h2><span class=\"ez-toc-section\" id=\"Calcular_precio_seguro_de_decesos_Banco_Alcala\"><\/span>Calcular precio seguro de decesos Banco Alcala<span class=\"ez-toc-section-end\"><\/span><\/h2>\n<p>En tan solo un minuto podr\u00e1s conseguir el mejor precio seguro de decesos, simplemente d\u00e1ndole a calcular. Simplemente cumplimentando los diferentes datos que te pedimos en el formulario le mostraremos un abanico resultados con las mejores tarifas de aseguradoras y todo en nuestra web sin que deba molestarse en buscar una a una. En Banco Alcala est\u00e1n preparados para asistirte en lo que precises facilit\u00e1ndote todos los tr\u00e1mites tras el fallecimiento de un ser querido apoyado por los mejores profesionales del sector. Asimismo, Banco Alcala re\u00fane los precios m\u00e1s econ\u00f3micos de todas las empresas de seguros a nivel nacional, con unas garant\u00edas completas y con una alta usabilidad, adem\u00e1s apoyada por profesionales especialistas en seguros de fallecimiento, cumplimos los m\u00e1ximos niveles de calidad de asistencia demandados por los reguladores.<br \/>\n<\/div><\/div><\/div><\/p>\n<h2><span class=\"ez-toc-section\" id=\"Tabla_comparativa_de_precios_Banco_Alcala\"><\/span>Tabla comparativa de precios Banco Alcala<span class=\"ez-toc-section-end\"><\/span><\/h2>\n<p><div class=\"cabecera_tabla_precio\"><table class=\"table table-striped\"><thead><tr><th class=\"nosepara centrado\">Tipo<\/th><th class=\"nosepara centrado nojustificado\">Precio Desde<\/th><th class=\"nosepara dcha\"><\/th><\/tr><\/thead><tbody><tr class=\"fila_tabla_precio\"><td class=\"nosepara izq\">Precio Seguro Decesos Banco Alcala<\/td><td class=\"nosepara centro\">1,45 \u20ac\/mes<\/td><td class=\"nosepara derecha\">\t\t\t\t\t\n\t\t\t\t\t\t<span class=\"\" style=\"cursor:pointer\" data-bs-toggle=\"modal\" data-bs-target=\"#comparadorModal\">Calcular<\/span>\t\t\t\t\n\t\t\t\t\t\n\t\t\t\t<\/td><\/tr><\/div><tr class=\"fila_tabla_precio\"><td class=\"nosepara izq\">Precio Prima \u00danica Banco Alcala<\/td><td class=\"nosepara centro\">2390 \u20ac<\/td><td class=\"nosepara derecha\">\t\t\t\t\t\n\t\t\t\t\t\t<span class=\"\" style=\"cursor:pointer\" data-bs-toggle=\"modal\" data-bs-target=\"#comparadorModal\">Calcular<\/span>\t\t\t\t\n\t\t\t\t\t\n\t\t\t\t<\/td><\/tr><\/div><tr class=\"fila_tabla_precio\"><td class=\"nosepara izq\">Precio Prima Natural Banco Alcala<\/td><td class=\"nosepara centro\">1,39 \u20ac\/mes<\/td><td class=\"nosepara derecha\">\t\t\t\t\t\n\t\t\t\t\t\t<span class=\"\" style=\"cursor:pointer\" data-bs-toggle=\"modal\" data-bs-target=\"#comparadorModal\">Calcular<\/span>\t\t\t\t\n\t\t\t\t\t\n\t\t\t\t<\/td><\/tr><\/div><tr class=\"fila_tabla_precio\"><td class=\"nosepara izq\">Precio Prima Nivelada Banco Alcala<\/td><td class=\"nosepara centro\">1,74 \u20ac\/mes<\/td><td class=\"nosepara derecha\">\t\t\t\t\t\n\t\t\t\t\t\t<span class=\"\" style=\"cursor:pointer\" data-bs-toggle=\"modal\" data-bs-target=\"#comparadorModal\">Calcular<\/span>\t\t\t\t\n\t\t\t\t\t\n\t\t\t\t<\/td><\/tr><\/div><tr class=\"fila_tabla_precio\"><td class=\"nosepara izq\">Precio Prima Mixta Banco Alcala<\/td><td class=\"nosepara centro\">1,21 \u20ac\/mes<\/td><td class=\"nosepara derecha\">\t\t\t\t\t\n\t\t\t\t\t\t<span class=\"\" style=\"cursor:pointer\" data-bs-toggle=\"modal\" data-bs-target=\"#comparadorModal\">Calcular<\/span>\t\t\t\t\n\t\t\t\t\t\n\t\t\t\t<\/td><\/tr><\/div><tr class=\"fila_tabla_precio\"><td class=\"nosepara izq\">Precio Prima Seminatural Banco Alcala<\/td><td class=\"nosepara centro\">1,36 \u20ac\/mes<\/td><td class=\"nosepara derecha\">\t\t\t\t\t\n\t\t\t\t\t\t<span class=\"\" style=\"cursor:pointer\" data-bs-toggle=\"modal\" data-bs-target=\"#comparadorModal\">Calcular<\/span>\t\t\t\t\n\t\t\t\t\t\n\t\t\t\t<\/td><\/tr><\/div><tr class=\"fila_tabla_precio\"><td class=\"nosepara izq\">Precio con Repatriaci\u00f3n Banco Alcala<\/td><td class=\"nosepara centro\">0,89 \u20ac a la cuota<\/td><td class=\"nosepara derecha\">\t\t\t\t\t\n\t\t\t\t\t\t<span class=\"\" style=\"cursor:pointer\" data-bs-toggle=\"modal\" data-bs-target=\"#comparadorModal\">Calcular<\/span>\t\t\t\t\n\t\t\t\t\t\n\t\t\t\t<\/td><\/tr><\/div><tr class=\"fila_tabla_precio\"><td class=\"nosepara izq\">Precio Seguro Defunci\u00f3n Banco Alcala<\/td><td class=\"nosepara centro\">1,69 \u20ac\/mes<\/td><td class=\"nosepara derecha\">\t\t\t\t\t\n\t\t\t\t\t\t<span class=\"\" style=\"cursor:pointer\" data-bs-toggle=\"modal\" data-bs-target=\"#comparadorModal\">Calcular<\/span>\t\t\t\t\n\t\t\t\t\t\n\t\t\t\t<\/td><\/tr><\/div><tr class=\"fila_tabla_precio\"><td class=\"nosepara izq\">Precio Seguro Fallecimiento Banco Alcala<\/td><td class=\"nosepara centro\">1,58 \u20ac\/mes<\/td><td class=\"nosepara derecha\">\t\t\t\t\t\n\t\t\t\t\t\t<span class=\"\" style=\"cursor:pointer\" data-bs-toggle=\"modal\" data-bs-target=\"#comparadorModal\">Calcular<\/span>\t\t\t\t\n\t\t\t\t\t\n\t\t\t\t<\/td><\/tr><\/div><tr class=\"fila_tabla_precio\"><td class=\"nosepara izq\">Precio Seguro Muertos Banco Alcala<\/td><td class=\"nosepara centro\">1,63 \u20ac\/mes<\/td><td class=\"nosepara derecha\">\t\t\t\t\t\n\t\t\t\t\t\t<span class=\"\" style=\"cursor:pointer\" data-bs-toggle=\"modal\" data-bs-target=\"#comparadorModal\">Calcular<\/span>\t\t\t\t\n\t\t\t\t\t\n\t\t\t\t<\/td><\/tr><\/div><tr class=\"fila_tabla_precio\"><td class=\"nosepara izq\">Precio Asistencia Familiar Banco Alcala<\/td><td class=\"nosepara centro\">1,46 \u20ac\/mes<\/td><td class=\"nosepara derecha\">\t\t\t\t\t\n\t\t\t\t\t\t<span class=\"\" style=\"cursor:pointer\" data-bs-toggle=\"modal\" data-bs-target=\"#comparadorModal\">Calcular<\/span>\t\t\t\t\n\t\t\t\t\t\n\t\t\t\t<\/td><\/tr><\/div><\/tbody><\/table><\/div><\/p>\n<p>Pr\u00f3ximamente te vamos a mostrar una disertaci\u00f3n con los precios y primas del seguro de decesos de Banco Alcala m\u00e1s econ\u00f3micos y actualizados en tiempo real. Estas primas han sido creadas pensando en sus intereses y necesidades para que usted pueda elegir la que mejor se adapte a usted. Este es un panel de precios que le ofrece la Banco Alcala de todos y cada uno de los modelos de primas con ofertas y descuentos incluidos.<br \/>\n<div class=\"colorf\"><div class=\"container clearfix\"><div class=\"col-md-7\"><\/p>\n<h3><span class=\"ez-toc-section\" id=\"%C2%BFCual_es_la_mejor_tarifa_de_seguros_de_Banco_Alcala\"><\/span>\u00bfCu\u00e1l es la mejor tarifa de seguros de Banco Alcala ?<span class=\"ez-toc-section-end\"><\/span><\/h3>\n<p>Ya lo sabes, gracias al trabajo de iDecesos localizar la mejor tarifa de seguro de decesos de Banco Alcala es muy sencillo. En los seguros de decesos, donde m\u00e1s hay pluralidad es en las p\u00f3lizas de coberturas auxiliares en tanto que cada aseguradora se ha encargado de diferenciarse de la competencia ofertando diferentes servicios.<br \/>\n<\/div><\/div><\/div><\/p>\n<h3><span class=\"ez-toc-section\" id=\"%C2%BFPuede_aumentar_precio_mensual_de_los_seguros_de_Banco_Alcala\"><\/span>\u00bfPuede aumentar precio mensual de los seguros de Banco Alcala ?<span class=\"ez-toc-section-end\"><\/span><\/h3>\n<p>Los diferentes g\u00e9neros de prima de Banco Alcala hacen que tus necesidades est\u00e9n cubiertas y que puedas escoger la que mejor se amolde a ti, en Espa\u00f1a, 9 de cada 10 asegurados de Decesos se han subscrito a un Seguro de Prima Nivelada, por todo ello, ahora, le mostramos los diferentes g\u00e9neros de primas. \u2022 Prima \u00danica: Esta prima cubre el sepelio de las personas que han superado la edad de jubilaci\u00f3n o bien que tienen una enfermedad grave y solo tiene que hacer una sola aportaci\u00f3n en el pago. Esta clase de primas suelen ser contratadas por personas mayores que nunca han contratado un seguro. No obstante, lo que pague desde la edad de su jubilaci\u00f3n se sostendr\u00e1 y no variar\u00e1 m\u00e1s en funci\u00f3n de su edad, si bien esta prima se identifica por ser incesante, puede sufrir alg\u00fan que otro cambio en sus pagos por la actualizaci\u00f3n de los capitales asegurados.<br \/>\n<strong>\u2022 Prima Natural:<\/strong> El pago de esta prima se actualiza todos los a\u00f1os. Su precio va subiendo con el paso de los a\u00f1os paulatinamente ya que su precio se calcula con los a\u00f1os que tiene en el instante de su contrataci\u00f3n y lo van comparando con el aumento de fallecimiento que pueda tener con el paso de los a\u00f1os.<\/p>\n<p><strong>\u2022 Prima Mixta:<\/strong> Este tipo de prima es la uni\u00f3n entre la Prima Nivelada y Prima Natural y re\u00fane lo mejor de ambas.<\/p>\n<p>Cualquier clase de prima, se puede abonar de forma mensual, trimestral, semestral o bien anual, usted es el que escoge como hacerlo por lo que no tiene porqu\u00e9 preocuparse por nada y podr\u00e1 escoger la que mejor se adapte a ti.<\/p>\n<div class=\"colorf\"><div class=\"container clearfix\"><div class=\"col-md-7\">\n<h3><span class=\"ez-toc-section\" id=\"%C2%BFEl_precio_de_seguros_de_decesos_Banco_Alcala_sube_con_la_edad\"><\/span>\u00bfEl precio de seguros de decesos Banco Alcala sube con la edad?<span class=\"ez-toc-section-end\"><\/span><\/h3>\n<p>\u00bfA\u00fan est\u00e1 dudando sobre qu\u00e9 coberturas precisa o bien qu\u00e9 plan de precios seleccionar? Banco Alcala te ofrece un seguro de decesos de Prima \u00danica que le ayudar\u00e1 para que pueda vivir sosegado el resto de sus d\u00edas, se encargar\u00e1n ir agilizando todos los tr\u00e1mites de la mano de los mejores especialistas que te ofrecer\u00e1n la mejor calidad de los servicios que haya contratado.<\/p>\n<p>Debe tener en cuenta que durante los a\u00f1os las primas pactadas pueden sufrir variaciones en sus cuotas debido a la subida en los precios de los servicios mortuorios, mas de ninguna forma perder\u00e1 derechos. Si contrata un seguro con todas las coberturas a\u00f1adidas que existan en sus condiciones generales y con los l\u00edmites m\u00e1ximos, estos afectar\u00e1n directamente a la tarifa de la prima. Tiene la posibilidad de dividir el pago de la manera que le resulte m\u00e1s conveniente a su econom\u00eda. Con Decesos miles y miles de clientes del servicio se han favorecido del servicio gratuito de nuestro comparador y asesores enormemente especializados para que le ayuden a seleccionar el tipo de prima, cobertura, y precio que m\u00e1s se amolde a su perfil con las empresas aseguradoras m\u00e1s innovadoras y s\u00f3lidas de Espa\u00f1a. En Banco Alcala sus clientes tienen la tranquilidad de que la solvencia de sus servicio de asistencia de sepelio va a resguardar los intereses de sus familiares.<br \/>\n<\/div><\/div><\/div><\/p>\n<h3><span class=\"ez-toc-section\" id=\"Paginas_relacionadas\"><\/span>P\u00e1ginas relacionadas<span class=\"ez-toc-section-end\"><\/span><\/h3><div class=\"enlazado\"><ul> <li><a href=\"https:\/\/idecesos.com\/seguros\/companias\/banco-alcala\/opiniones\/\">Opiniones Banco Alcal\u00e1<\/a><\/li> <li><a href=\"https:\/\/idecesos.com\/seguros\/companias\/banco-alcala\/precio\/\">Precio seguro Banco Alcala<\/a><\/li> <li><a href=\"https:\/\/idecesos.com\/seguros\/companias\/banco-alcala\/prima-mixta\/\">Banco Alcala Prima Mixta<\/a><\/li> <li><a href=\"https:\/\/idecesos.com\/seguros\/companias\/banco-alcala\/prima-natural\/\">Banco Alcala Prima Natural<\/a><\/li> <li><a href=\"https:\/\/idecesos.com\/seguros\/companias\/banco-alcala\/prima-nivelada\/\">Banco Alcala Prima Nivelada<\/a><\/li> <li><a href=\"https:\/\/idecesos.com\/seguros\/companias\/banco-alcala\/prima-unica\/\">Banco Alcala Prima \u00danica<\/a><\/li> <li><a href=\"https:\/\/idecesos.com\/seguros\/companias\/banco-alcala\/repatriacion\/\">Banco Alcala Repatriaci\u00f3n<\/a><\/li> <li><a href=\"https:\/\/idecesos.com\/seguros\/companias\/banco-alcala\/telefono\/\">Tel\u00e9fono Gratuito Banco Alcala<\/a><\/li><\/ul><\/div>\n","protected":false},"excerpt":{"rendered":"<p>En el \u00e1mbito de los seguros de decesos existen muchas compa\u00f1\u00edas de seguros, coberturas y precios distintos entre aqu\u00e9llos que poder equiparar. Ya antes de seleccionar un seguro, es mejor estar informado de los diferentes productos y compa\u00f1\u00edas que hay en el mercado para ver qu\u00e9 tarifas se adaptan mejor a tus necesidades. Gracias a&hellip; <\/p>\n","protected":false},"author":1,"featured_media":17417,"parent":281,"menu_order":0,"comment_status":"closed","ping_status":"closed","template":"single.php","meta":{"footnotes":""},"class_list":["post-17416","page","type-page","status-publish","has-post-thumbnail","hentry"],"yoast_head":"<!-- This site is optimized with the Yoast SEO plugin v27.5 - https:\/\/yoast.com\/product\/yoast-seo-wordpress\/ -->\n<title>Precio Seguro Decesos Banco Alcala \u25b7DTO 25% I Oferta 2026<\/title>\n<meta name=\"description\" content=\"Calcular aqu\u00ed\u3010precio seguro de decesos Banco Alcala\u3011Tarifas, oferta y descuento de seguro defunci\u00f3n Banco Alcala 2026 \u2611\ufe0fiDecesos\u00ae N\u00ba1 en ahorro\" \/>\n<meta name=\"robots\" content=\"index, follow, max-snippet:-1, max-image-preview:large, max-video-preview:-1\" \/>\n<link rel=\"canonical\" href=\"https:\/\/idecesos.com\/seguros\/companias\/banco-alcala\/precio\/\" \/>\n<meta property=\"og:locale\" content=\"es_ES\" \/>\n<meta property=\"og:type\" content=\"article\" \/>\n<meta property=\"og:title\" content=\"Precio Seguro Decesos Banco Alcala \u25b7DTO 25% I Oferta 2026\" \/>\n<meta property=\"og:description\" content=\"Calcular aqu\u00ed\u3010precio seguro de decesos Banco Alcala\u3011Tarifas, oferta y descuento de seguro defunci\u00f3n Banco Alcala 2026 \u2611\ufe0fiDecesos\u00ae N\u00ba1 en ahorro\" \/>\n<meta property=\"og:url\" content=\"https:\/\/idecesos.com\/seguros\/companias\/banco-alcala\/precio\/\" \/>\n<meta property=\"article:modified_time\" content=\"2022-03-10T09:39:20+00:00\" \/>\n<meta property=\"og:image\" content=\"https:\/\/idecesos.com\/seguros\/wp-content\/uploads\/2021\/12\/precio-2.jpg-50.jpeg\" \/>\n\t<meta property=\"og:image:width\" content=\"1500\" \/>\n\t<meta property=\"og:image:height\" content=\"559\" \/>\n\t<meta property=\"og:image:type\" content=\"image\/jpeg\" \/>\n<meta name=\"twitter:card\" content=\"summary_large_image\" \/>\n<meta name=\"twitter:label1\" content=\"Tiempo de lectura\" \/>\n\t<meta name=\"twitter:data1\" content=\"75 minutos\" \/>\n<script type=\"application\/ld+json\" class=\"yoast-schema-graph\">{\"@context\":\"https:\\\/\\\/schema.org\",\"@graph\":[{\"@type\":\"WebPage\",\"@id\":\"https:\\\/\\\/idecesos.com\\\/seguros\\\/companias\\\/banco-alcala\\\/precio\\\/\",\"url\":\"https:\\\/\\\/idecesos.com\\\/seguros\\\/companias\\\/banco-alcala\\\/precio\\\/\",\"name\":\"Precio Seguro Decesos Banco Alcala \u25b7DTO 25% I Oferta 2026\",\"isPartOf\":{\"@id\":\"https:\\\/\\\/idecesos.com\\\/seguros\\\/#website\"},\"primaryImageOfPage\":{\"@id\":\"https:\\\/\\\/idecesos.com\\\/seguros\\\/companias\\\/banco-alcala\\\/precio\\\/#primaryimage\"},\"image\":{\"@id\":\"https:\\\/\\\/idecesos.com\\\/seguros\\\/companias\\\/banco-alcala\\\/precio\\\/#primaryimage\"},\"thumbnailUrl\":\"https:\\\/\\\/idecesos.com\\\/seguros\\\/wp-content\\\/uploads\\\/2021\\\/12\\\/precio-2.jpg-50.jpeg\",\"datePublished\":\"2021-12-15T16:03:17+00:00\",\"dateModified\":\"2022-03-10T09:39:20+00:00\",\"description\":\"Calcular aqu\u00ed\u3010precio seguro de decesos Banco Alcala\u3011Tarifas, oferta y descuento de seguro defunci\u00f3n Banco Alcala 2026 \u2611\ufe0fiDecesos\u00ae N\u00ba1 en ahorro\",\"breadcrumb\":{\"@id\":\"https:\\\/\\\/idecesos.com\\\/seguros\\\/companias\\\/banco-alcala\\\/precio\\\/#breadcrumb\"},\"inLanguage\":\"es\",\"potentialAction\":[{\"@type\":\"ReadAction\",\"target\":[\"https:\\\/\\\/idecesos.com\\\/seguros\\\/companias\\\/banco-alcala\\\/precio\\\/\"]}]},{\"@type\":\"ImageObject\",\"inLanguage\":\"es\",\"@id\":\"https:\\\/\\\/idecesos.com\\\/seguros\\\/companias\\\/banco-alcala\\\/precio\\\/#primaryimage\",\"url\":\"https:\\\/\\\/idecesos.com\\\/seguros\\\/wp-content\\\/uploads\\\/2021\\\/12\\\/precio-2.jpg-50.jpeg\",\"contentUrl\":\"https:\\\/\\\/idecesos.com\\\/seguros\\\/wp-content\\\/uploads\\\/2021\\\/12\\\/precio-2.jpg-50.jpeg\",\"width\":1500,\"height\":559,\"caption\":\"Precio Banco Alcala\"},{\"@type\":\"BreadcrumbList\",\"@id\":\"https:\\\/\\\/idecesos.com\\\/seguros\\\/companias\\\/banco-alcala\\\/precio\\\/#breadcrumb\",\"itemListElement\":[{\"@type\":\"ListItem\",\"position\":1,\"name\":\"Portada\",\"item\":\"https:\\\/\\\/idecesos.com\\\/seguros\\\/\"},{\"@type\":\"ListItem\",\"position\":2,\"name\":\"Compa\u00f1\u00edas de Seguros de Decesos en Espa\u00f1a\",\"item\":\"https:\\\/\\\/idecesos.com\\\/seguros\\\/companias\\\/\"},{\"@type\":\"ListItem\",\"position\":3,\"name\":\"Seguro de decesos Banco Alcal\u00e1\",\"item\":\"https:\\\/\\\/idecesos.com\\\/seguros\\\/companias\\\/banco-alcala\\\/\"},{\"@type\":\"ListItem\",\"position\":4,\"name\":\"\u00bfCu\u00e1nto cuesta el seguro de decesos Banco Alcala?\"}]},{\"@type\":\"WebSite\",\"@id\":\"https:\\\/\\\/idecesos.com\\\/seguros\\\/#website\",\"url\":\"https:\\\/\\\/idecesos.com\\\/seguros\\\/\",\"name\":\"\",\"description\":\"\",\"potentialAction\":[{\"@type\":\"SearchAction\",\"target\":{\"@type\":\"EntryPoint\",\"urlTemplate\":\"https:\\\/\\\/idecesos.com\\\/seguros\\\/?s={search_term_string}\"},\"query-input\":{\"@type\":\"PropertyValueSpecification\",\"valueRequired\":true,\"valueName\":\"search_term_string\"}}],\"inLanguage\":\"es\"}]}<\/script>\n<!-- \/ Yoast SEO plugin. -->","yoast_head_json":{"title":"Precio Seguro Decesos Banco Alcala \u25b7DTO 25% I Oferta 2026","description":"Calcular aqu\u00ed\u3010precio seguro de decesos Banco Alcala\u3011Tarifas, oferta y descuento de seguro defunci\u00f3n Banco Alcala 2026 \u2611\ufe0fiDecesos\u00ae N\u00ba1 en ahorro","robots":{"index":"index","follow":"follow","max-snippet":"max-snippet:-1","max-image-preview":"max-image-preview:large","max-video-preview":"max-video-preview:-1"},"canonical":"https:\/\/idecesos.com\/seguros\/companias\/banco-alcala\/precio\/","og_locale":"es_ES","og_type":"article","og_title":"Precio Seguro Decesos Banco Alcala \u25b7DTO 25% I Oferta 2026","og_description":"Calcular aqu\u00ed\u3010precio seguro de decesos Banco Alcala\u3011Tarifas, oferta y descuento de seguro defunci\u00f3n Banco Alcala 2026 \u2611\ufe0fiDecesos\u00ae N\u00ba1 en ahorro","og_url":"https:\/\/idecesos.com\/seguros\/companias\/banco-alcala\/precio\/","article_modified_time":"2022-03-10T09:39:20+00:00","og_image":[{"width":1500,"height":559,"url":"https:\/\/idecesos.com\/seguros\/wp-content\/uploads\/2021\/12\/precio-2.jpg-50.jpeg","type":"image\/jpeg"}],"twitter_card":"summary_large_image","twitter_misc":{"Tiempo de lectura":"75 minutos"},"schema":{"@context":"https:\/\/schema.org","@graph":[{"@type":"WebPage","@id":"https:\/\/idecesos.com\/seguros\/companias\/banco-alcala\/precio\/","url":"https:\/\/idecesos.com\/seguros\/companias\/banco-alcala\/precio\/","name":"Precio Seguro Decesos Banco Alcala \u25b7DTO 25% I Oferta 2026","isPartOf":{"@id":"https:\/\/idecesos.com\/seguros\/#website"},"primaryImageOfPage":{"@id":"https:\/\/idecesos.com\/seguros\/companias\/banco-alcala\/precio\/#primaryimage"},"image":{"@id":"https:\/\/idecesos.com\/seguros\/companias\/banco-alcala\/precio\/#primaryimage"},"thumbnailUrl":"https:\/\/idecesos.com\/seguros\/wp-content\/uploads\/2021\/12\/precio-2.jpg-50.jpeg","datePublished":"2021-12-15T16:03:17+00:00","dateModified":"2022-03-10T09:39:20+00:00","description":"Calcular aqu\u00ed\u3010precio seguro de decesos Banco Alcala\u3011Tarifas, oferta y descuento de seguro defunci\u00f3n Banco Alcala 2026 \u2611\ufe0fiDecesos\u00ae N\u00ba1 en ahorro","breadcrumb":{"@id":"https:\/\/idecesos.com\/seguros\/companias\/banco-alcala\/precio\/#breadcrumb"},"inLanguage":"es","potentialAction":[{"@type":"ReadAction","target":["https:\/\/idecesos.com\/seguros\/companias\/banco-alcala\/precio\/"]}]},{"@type":"ImageObject","inLanguage":"es","@id":"https:\/\/idecesos.com\/seguros\/companias\/banco-alcala\/precio\/#primaryimage","url":"https:\/\/idecesos.com\/seguros\/wp-content\/uploads\/2021\/12\/precio-2.jpg-50.jpeg","contentUrl":"https:\/\/idecesos.com\/seguros\/wp-content\/uploads\/2021\/12\/precio-2.jpg-50.jpeg","width":1500,"height":559,"caption":"Precio Banco Alcala"},{"@type":"BreadcrumbList","@id":"https:\/\/idecesos.com\/seguros\/companias\/banco-alcala\/precio\/#breadcrumb","itemListElement":[{"@type":"ListItem","position":1,"name":"Portada","item":"https:\/\/idecesos.com\/seguros\/"},{"@type":"ListItem","position":2,"name":"Compa\u00f1\u00edas de Seguros de Decesos en Espa\u00f1a","item":"https:\/\/idecesos.com\/seguros\/companias\/"},{"@type":"ListItem","position":3,"name":"Seguro de decesos Banco Alcal\u00e1","item":"https:\/\/idecesos.com\/seguros\/companias\/banco-alcala\/"},{"@type":"ListItem","position":4,"name":"\u00bfCu\u00e1nto cuesta el seguro de decesos Banco Alcala?"}]},{"@type":"WebSite","@id":"https:\/\/idecesos.com\/seguros\/#website","url":"https:\/\/idecesos.com\/seguros\/","name":"","description":"","potentialAction":[{"@type":"SearchAction","target":{"@type":"EntryPoint","urlTemplate":"https:\/\/idecesos.com\/seguros\/?s={search_term_string}"},"query-input":{"@type":"PropertyValueSpecification","valueRequired":true,"valueName":"search_term_string"}}],"inLanguage":"es"}]}},"_links":{"self":[{"href":"https:\/\/idecesos.com\/seguros\/wp-json\/wp\/v2\/pages\/17416","targetHints":{"allow":["GET"]}}],"collection":[{"href":"https:\/\/idecesos.com\/seguros\/wp-json\/wp\/v2\/pages"}],"about":[{"href":"https:\/\/idecesos.com\/seguros\/wp-json\/wp\/v2\/types\/page"}],"author":[{"embeddable":true,"href":"https:\/\/idecesos.com\/seguros\/wp-json\/wp\/v2\/users\/1"}],"replies":[{"embeddable":true,"href":"https:\/\/idecesos.com\/seguros\/wp-json\/wp\/v2\/comments?post=17416"}],"version-history":[{"count":3,"href":"https:\/\/idecesos.com\/seguros\/wp-json\/wp\/v2\/pages\/17416\/revisions"}],"predecessor-version":[{"id":20040,"href":"https:\/\/idecesos.com\/seguros\/wp-json\/wp\/v2\/pages\/17416\/revisions\/20040"}],"up":[{"embeddable":true,"href":"https:\/\/idecesos.com\/seguros\/wp-json\/wp\/v2\/pages\/281"}],"wp:featuredmedia":[{"embeddable":true,"href":"https:\/\/idecesos.com\/seguros\/wp-json\/wp\/v2\/media\/17417"}],"wp:attachment":[{"href":"https:\/\/idecesos.com\/seguros\/wp-json\/wp\/v2\/media?parent=17416"}],"curies":[{"name":"wp","href":"https:\/\/api.w.org\/{rel}","templated":true}]}}