{"id":17418,"date":"2021-12-15T16:03:18","date_gmt":"2021-12-15T16:03:18","guid":{"rendered":"https:\/\/idecesos.com\/seguros\/companias\/banco-albacete\/precio\/"},"modified":"2022-03-10T09:38:22","modified_gmt":"2022-03-10T09:38:22","slug":"precio","status":"publish","type":"page","link":"https:\/\/idecesos.com\/seguros\/companias\/banco-albacete\/precio\/","title":{"rendered":"\u00bfCu\u00e1nto cuesta el seguro de decesos Banco Albacete?"},"content":{"rendered":"<div id=\"ez-toc-container\" class=\"ez-toc-v2_0_82_2 ez-toc-wrap-center counter-hierarchy ez-toc-counter ez-toc-custom ez-toc-container-direction\">\n<div class=\"ez-toc-title-container\">\n<p class=\"ez-toc-title\" style=\"cursor:inherit\">Tabla de Contenido<\/p>\n<span class=\"ez-toc-title-toggle\"><a href=\"#\" class=\"ez-toc-pull-right ez-toc-btn ez-toc-btn-xs ez-toc-btn-default ez-toc-toggle\" aria-label=\"Alternar tabla de contenidos\"><span class=\"ez-toc-js-icon-con\"><span class=\"\"><span class=\"eztoc-hide\" style=\"display:none;\">Toggle<\/span><span class=\"ez-toc-icon-toggle-span\"><svg style=\"fill: #db6415;color:#db6415\" xmlns=\"http:\/\/www.w3.org\/2000\/svg\" class=\"list-377408\" width=\"20px\" height=\"20px\" viewBox=\"0 0 24 24\" fill=\"none\"><path d=\"M6 6H4v2h2V6zm14 0H8v2h12V6zM4 11h2v2H4v-2zm16 0H8v2h12v-2zM4 16h2v2H4v-2zm16 0H8v2h12v-2z\" fill=\"currentColor\"><\/path><\/svg><svg style=\"fill: #db6415;color:#db6415\" class=\"arrow-unsorted-368013\" xmlns=\"http:\/\/www.w3.org\/2000\/svg\" width=\"10px\" height=\"10px\" viewBox=\"0 0 24 24\" version=\"1.2\" baseProfile=\"tiny\"><path d=\"M18.2 9.3l-6.2-6.3-6.2 6.3c-.2.2-.3.4-.3.7s.1.5.3.7c.2.2.4.3.7.3h11c.3 0 .5-.1.7-.3.2-.2.3-.5.3-.7s-.1-.5-.3-.7zM5.8 14.7l6.2 6.3 6.2-6.3c.2-.2.3-.5.3-.7s-.1-.5-.3-.7c-.2-.2-.4-.3-.7-.3h-11c-.3 0-.5.1-.7.3-.2.2-.3.5-.3.7s.1.5.3.7z\"\/><\/svg><\/span><\/span><\/span><\/a><\/span><\/div>\n<nav><ul class='ez-toc-list ez-toc-list-level-1 ' ><li class='ez-toc-page-1 ez-toc-heading-level-2'><a class=\"ez-toc-link ez-toc-heading-1\" href=\"https:\/\/idecesos.com\/seguros\/companias\/banco-albacete\/precio\/#Calcular_precio_seguro_de_decesos_Banco_Albacete\" >Calcular precio seguro de decesos Banco Albacete<\/a><\/li><li class='ez-toc-page-1 ez-toc-heading-level-2'><a class=\"ez-toc-link ez-toc-heading-2\" href=\"https:\/\/idecesos.com\/seguros\/companias\/banco-albacete\/precio\/#Tabla_comparativa_de_precios_Banco_Albacete\" >Tabla comparativa de precios Banco Albacete<\/a><ul class='ez-toc-list-level-3' ><li class='ez-toc-heading-level-3'><a class=\"ez-toc-link ez-toc-heading-3\" href=\"https:\/\/idecesos.com\/seguros\/companias\/banco-albacete\/precio\/#%C2%BFCual_es_la_mejor_tarifa_de_seguros_de_Banco_Albacete\" >\u00bfCu\u00e1l es la mejor tarifa de seguros de Banco Albacete ?<\/a><\/li><li class='ez-toc-page-1 ez-toc-heading-level-3'><a class=\"ez-toc-link ez-toc-heading-4\" href=\"https:\/\/idecesos.com\/seguros\/companias\/banco-albacete\/precio\/#%C2%BFPuede_aumentar_precio_mensual_de_los_seguros_de_Banco_Albacete\" >\u00bfPuede aumentar precio mensual de los seguros de Banco Albacete ?<\/a><\/li><li class='ez-toc-page-1 ez-toc-heading-level-3'><a class=\"ez-toc-link ez-toc-heading-5\" href=\"https:\/\/idecesos.com\/seguros\/companias\/banco-albacete\/precio\/#%C2%BFEl_precio_de_seguros_de_decesos_Banco_Albacete_sube_con_la_edad\" >\u00bfEl precio de seguros de decesos Banco Albacete sube con la edad?<\/a><\/li><li class='ez-toc-page-1 ez-toc-heading-level-3'><a class=\"ez-toc-link ez-toc-heading-6\" href=\"https:\/\/idecesos.com\/seguros\/companias\/banco-albacete\/precio\/#Paginas_relacionadas\" >P\u00e1ginas relacionadas<\/a><\/li><\/ul><\/li><\/ul><\/nav><\/div>\n<p><br \/>\nA lo largo de la vida el \u00fanico instante en el que no nos podemos asistir a uno mismo es de la muerte. No tienes nada de qu\u00e9 preocuparte. Banco Albacete cuenta con todo cuanto precisas para asegurarte la paz a ti a tus seres queridos. M\u00e1s de treinta mil personas han conseguido m\u00e1s vivir apacibles y aliviados a sabiendas de que dejan todo a cargo de los mejores profesionales del sector merced al seguro de decesos de Banco Albacete. El precio de la prima de un seguro de decesos podr\u00eda cambiar en las coberturas de cada una de las distintas p\u00f3lizas, se tendr\u00e1 en cuenta diferentes factores como es el caso de la edad del asegurado o d\u00f3nde radique. Si incluye m\u00e1s coberturas a su seguro, por normal general, el precio final aumentar\u00e1. Banco Albacete apuesta por p\u00f3lizas de mejor calidad y tarifas ofreciendo a cada uno de sus clientes comodidad en relaci\u00f3n a su situaci\u00f3n.<\/p>\n<div class=\"colorf\"><div class=\"container clearfix\"><div class=\"col-md-7\">\n<h2><span class=\"ez-toc-section\" id=\"Calcular_precio_seguro_de_decesos_Banco_Albacete\"><\/span>Calcular precio seguro de decesos Banco Albacete<span class=\"ez-toc-section-end\"><\/span><\/h2>\n<p>El proceso que realiza Banco Albacete lo efect\u00faa de forma detallada a fin de que el c\u00e1lculo de la tarifa sea la m\u00e1s conveniente para el asegurado, donde se valorar\u00e1 los diferentes factores que componen la p\u00f3liza. Aparte de realizar el c\u00e1lculo de la p\u00f3liza, das tranquilidad a tu ser querido. La compa\u00f1\u00eda de seguros que est\u00e1s buscando es Banco Albacete ya que cuenta con miles de ventajas que se adaptar\u00e1n a cada uno de ellos de sus asegurados. Existen diferentes modalidades para poder conseguir la informaci\u00f3n que buscas, sin embargo con la ayuda de iDecesos en cuesti\u00f3n de segundos tendr\u00e1s la referencia de cada una de sus p\u00f3lizas de manera m\u00e1s detallada tan simple como dando un click, viendo de forma m\u00e1s pormenorizada sus seguros de Banco Albacete .<br \/>\n<\/div><\/div><\/div><\/p>\n<h2><span class=\"ez-toc-section\" id=\"Tabla_comparativa_de_precios_Banco_Albacete\"><\/span>Tabla comparativa de precios Banco Albacete<span class=\"ez-toc-section-end\"><\/span><\/h2>\n<p><div class=\"cabecera_tabla_precio\"><table class=\"table table-striped\"><thead><tr><th class=\"nosepara centrado\">Tipo<\/th><th class=\"nosepara centrado nojustificado\">Precio Desde<\/th><th class=\"nosepara dcha\"><\/th><\/tr><\/thead><tbody><tr class=\"fila_tabla_precio\"><td class=\"nosepara izq\">Precio Seguro Decesos Banco Albacete<\/td><td class=\"nosepara centro\">1,52 \u20ac\/mes<\/td><td class=\"nosepara derecha\">\t\t\t\t\t\n\t\t\t\t\t\t<span class=\"\" style=\"cursor:pointer\" data-bs-toggle=\"modal\" data-bs-target=\"#comparadorModal\">Calcular<\/span>\t\t\t\t\n\t\t\t\t\t\n\t\t\t\t<\/td><\/tr><\/div><tr class=\"fila_tabla_precio\"><td class=\"nosepara izq\">Precio Prima \u00danica Banco Albacete<\/td><td class=\"nosepara centro\">2415 \u20ac<\/td><td class=\"nosepara derecha\">\t\t\t\t\t\n\t\t\t\t\t\t<span class=\"\" style=\"cursor:pointer\" data-bs-toggle=\"modal\" data-bs-target=\"#comparadorModal\">Calcular<\/span>\t\t\t\t\n\t\t\t\t\t\n\t\t\t\t<\/td><\/tr><\/div><tr class=\"fila_tabla_precio\"><td class=\"nosepara izq\">Precio Prima Natural Banco Albacete<\/td><td class=\"nosepara centro\">1,18 \u20ac\/mes<\/td><td class=\"nosepara derecha\">\t\t\t\t\t\n\t\t\t\t\t\t<span class=\"\" style=\"cursor:pointer\" data-bs-toggle=\"modal\" data-bs-target=\"#comparadorModal\">Calcular<\/span>\t\t\t\t\n\t\t\t\t\t\n\t\t\t\t<\/td><\/tr><\/div><tr class=\"fila_tabla_precio\"><td class=\"nosepara izq\">Precio Prima Nivelada Banco Albacete<\/td><td class=\"nosepara centro\">1,63 \u20ac\/mes<\/td><td class=\"nosepara derecha\">\t\t\t\t\t\n\t\t\t\t\t\t<span class=\"\" style=\"cursor:pointer\" data-bs-toggle=\"modal\" data-bs-target=\"#comparadorModal\">Calcular<\/span>\t\t\t\t\n\t\t\t\t\t\n\t\t\t\t<\/td><\/tr><\/div><tr class=\"fila_tabla_precio\"><td class=\"nosepara izq\">Precio Prima Mixta Banco Albacete<\/td><td class=\"nosepara centro\">1,33 \u20ac\/mes<\/td><td class=\"nosepara derecha\">\t\t\t\t\t\n\t\t\t\t\t\t<span class=\"\" style=\"cursor:pointer\" data-bs-toggle=\"modal\" data-bs-target=\"#comparadorModal\">Calcular<\/span>\t\t\t\t\n\t\t\t\t\t\n\t\t\t\t<\/td><\/tr><\/div><tr class=\"fila_tabla_precio\"><td class=\"nosepara izq\">Precio Prima Seminatural Banco Albacete<\/td><td class=\"nosepara centro\">1,54 \u20ac\/mes<\/td><td class=\"nosepara derecha\">\t\t\t\t\t\n\t\t\t\t\t\t<span class=\"\" style=\"cursor:pointer\" data-bs-toggle=\"modal\" data-bs-target=\"#comparadorModal\">Calcular<\/span>\t\t\t\t\n\t\t\t\t\t\n\t\t\t\t<\/td><\/tr><\/div><tr class=\"fila_tabla_precio\"><td class=\"nosepara izq\">Precio con Repatriaci\u00f3n Banco Albacete<\/td><td class=\"nosepara centro\">0,99 \u20ac a la cuota<\/td><td class=\"nosepara derecha\">\t\t\t\t\t\n\t\t\t\t\t\t<span class=\"\" style=\"cursor:pointer\" data-bs-toggle=\"modal\" data-bs-target=\"#comparadorModal\">Calcular<\/span>\t\t\t\t\n\t\t\t\t\t\n\t\t\t\t<\/td><\/tr><\/div><tr class=\"fila_tabla_precio\"><td class=\"nosepara izq\">Precio Seguro Defunci\u00f3n Banco Albacete<\/td><td class=\"nosepara centro\">1,54 \u20ac\/mes<\/td><td class=\"nosepara derecha\">\t\t\t\t\t\n\t\t\t\t\t\t<span class=\"\" style=\"cursor:pointer\" data-bs-toggle=\"modal\" data-bs-target=\"#comparadorModal\">Calcular<\/span>\t\t\t\t\n\t\t\t\t\t\n\t\t\t\t<\/td><\/tr><\/div><tr class=\"fila_tabla_precio\"><td class=\"nosepara izq\">Precio Seguro Fallecimiento Banco Albacete<\/td><td class=\"nosepara centro\">1,48 \u20ac\/mes<\/td><td class=\"nosepara derecha\">\t\t\t\t\t\n\t\t\t\t\t\t<span class=\"\" style=\"cursor:pointer\" data-bs-toggle=\"modal\" data-bs-target=\"#comparadorModal\">Calcular<\/span>\t\t\t\t\n\t\t\t\t\t\n\t\t\t\t<\/td><\/tr><\/div><tr class=\"fila_tabla_precio\"><td class=\"nosepara izq\">Precio Seguro Muertos Banco Albacete<\/td><td class=\"nosepara centro\">1,64 \u20ac\/mes<\/td><td class=\"nosepara derecha\">\t\t\t\t\t\n\t\t\t\t\t\t<span class=\"\" style=\"cursor:pointer\" data-bs-toggle=\"modal\" data-bs-target=\"#comparadorModal\">Calcular<\/span>\t\t\t\t\n\t\t\t\t\t\n\t\t\t\t<\/td><\/tr><\/div><tr class=\"fila_tabla_precio\"><td class=\"nosepara izq\">Precio Asistencia Familiar Banco Albacete<\/td><td class=\"nosepara centro\">1,60 \u20ac\/mes<\/td><td class=\"nosepara derecha\">\t\t\t\t\t\n\t\t\t\t\t\t<span class=\"\" style=\"cursor:pointer\" data-bs-toggle=\"modal\" data-bs-target=\"#comparadorModal\">Calcular<\/span>\t\t\t\t\n\t\t\t\t\t\n\t\t\t\t<\/td><\/tr><\/div><\/tbody><\/table><\/div><\/p>\n<p>Ac\u00e1 abajo le mostramos una tabla con todas las tarifas de cada tipo de prima que le brinda Banco Albacete con su seguro de decesos. Estas primas han sido concebidas por Banco Albacete para que se puedan amoldar a cada usuario y sus necesidades. Estos son los diferentes g\u00e9neros de precios de las primas que brinda Banco Albacete.<br \/>\n<div class=\"colorf\"><div class=\"container clearfix\"><div class=\"col-md-7\"><\/p>\n<h3><span class=\"ez-toc-section\" id=\"%C2%BFCual_es_la_mejor_tarifa_de_seguros_de_Banco_Albacete\"><\/span>\u00bfCu\u00e1l es la mejor tarifa de seguros de Banco Albacete ?<span class=\"ez-toc-section-end\"><\/span><\/h3>\n<p>No necesita nada m\u00e1s, con la propuesta de Banco Albacete cubrir\u00e1 sus necesidades con un producto top. Las distintas seguros de decesos tienen un sinf\u00edn de garant\u00edas adicionales que le dan una alta usabilidad a las p\u00f3lizas y un alto valor a\u00f1adido para los clientes del servicio, es una clara ventaja competitiva respecto a otros que se ofertan en el mercado asegurador con precios y coberturas obsoletas. iDecesos te elegir\u00e1 con todas las garant\u00edas la mejor p\u00f3liza al ser el comparador l\u00edder y especialista en seguro de decesos en Espa\u00f1a, tambi\u00e9n se ajustar\u00e1 a tus necesidades en todo momento.<br \/>\n<\/div><\/div><\/div><\/p>\n<h3><span class=\"ez-toc-section\" id=\"%C2%BFPuede_aumentar_precio_mensual_de_los_seguros_de_Banco_Albacete\"><\/span>\u00bfPuede aumentar precio mensual de los seguros de Banco Albacete ?<span class=\"ez-toc-section-end\"><\/span><\/h3>\n<p>No aguardes a que te pase algo, contrata ya el seguro de decesos de Banco Albacete. Es posible que el precio de su p\u00f3liza aumente mas no se preocupe, todo va a quedar expuesto en su contrato para que no tenga ning\u00fan susto. No es habitual que haya una subida en el precio de su p\u00f3liza pero si es as\u00ed, la compa\u00f1\u00eda no est\u00e1 obligada a informarle. Puedes estar tranquilo, Banco Albacete cuenta con unas cl\u00e1usulas muy concretas para que no tengas ning\u00fan tipo de inconveniente en el futuro.<br \/>\n<div class=\"colorf\"><div class=\"container clearfix\"><div class=\"col-md-7\"><\/p>\n<h3><span class=\"ez-toc-section\" id=\"%C2%BFEl_precio_de_seguros_de_decesos_Banco_Albacete_sube_con_la_edad\"><\/span>\u00bfEl precio de seguros de decesos Banco Albacete sube con la edad?<span class=\"ez-toc-section-end\"><\/span><\/h3>\n<p>Si todav\u00eda no tienes tu p\u00f3liza, es tu momento de contratar el seguro de decesos con Banco Albacete con independencia de la edad que tengas. D\u00e9jese de preocupaciones. Banco Albacete no le subir\u00e1 sus cuotas con el paso del tiempo puesto que su p\u00f3liza hace referencia a la edad del asegurado. No se preocupe por su edad, no es una barrera, podr\u00e1 contratar con las diferentes modalidades como puede ser prima nivelada, natural, mixta, semi natural y \u00fanica. No tienes porqu\u00e9 preocuparte. Vas a tener todo lo que precisas dentro de tu p\u00f3liza cubriendo todos los tr\u00e1mites burocr\u00e1ticos y los gastos de sepelio. Banco Albacete te ofrece coberturas de lo m\u00e1s interesantes y actuales para que sus asegurados est\u00e9n en las mejores manos. No deje que pasen los a\u00f1os y contrata ya un seguro de decesos para que su familia y puedan tener un futuro m\u00e1s apacible.<br \/>\n<\/div><\/div><\/div><\/p>\n<h3><span class=\"ez-toc-section\" id=\"Paginas_relacionadas\"><\/span>P\u00e1ginas relacionadas<span class=\"ez-toc-section-end\"><\/span><\/h3><div class=\"enlazado\"><ul> <li><a href=\"https:\/\/idecesos.com\/seguros\/companias\/banco-albacete\/opiniones\/\">Opiniones Banco Albacete<\/a><\/li> <li><a href=\"https:\/\/idecesos.com\/seguros\/companias\/banco-albacete\/precio\/\">Precio seguro Banco Albacete<\/a><\/li> <li><a href=\"https:\/\/idecesos.com\/seguros\/companias\/banco-albacete\/prima-mixta\/\">Banco Albacete Prima Mixta<\/a><\/li> <li><a href=\"https:\/\/idecesos.com\/seguros\/companias\/banco-albacete\/prima-natural\/\">Banco Albacete Prima Natural<\/a><\/li> <li><a href=\"https:\/\/idecesos.com\/seguros\/companias\/banco-albacete\/prima-nivelada\/\">Banco Albacete Prima Nivelada<\/a><\/li> <li><a href=\"https:\/\/idecesos.com\/seguros\/companias\/banco-albacete\/prima-unica\/\">Banco Albacete Prima \u00danica<\/a><\/li> <li><a href=\"https:\/\/idecesos.com\/seguros\/companias\/banco-albacete\/repatriacion\/\">Banco Albacete Repatriaci\u00f3n<\/a><\/li> <li><a href=\"https:\/\/idecesos.com\/seguros\/companias\/banco-albacete\/telefono\/\">Tel\u00e9fono Gratuito Banco Albacete<\/a><\/li><\/ul><\/div>\n","protected":false},"excerpt":{"rendered":"<p>A lo largo de la vida el \u00fanico instante en el que no nos podemos asistir a uno mismo es de la muerte. No tienes nada de qu\u00e9 preocuparte. Banco Albacete cuenta con todo cuanto precisas para asegurarte la paz a ti a tus seres queridos. M\u00e1s de treinta mil personas han conseguido m\u00e1s vivir&hellip; <\/p>\n","protected":false},"author":1,"featured_media":17419,"parent":283,"menu_order":0,"comment_status":"closed","ping_status":"closed","template":"single.php","meta":{"footnotes":""},"class_list":["post-17418","page","type-page","status-publish","has-post-thumbnail","hentry"],"yoast_head":"<!-- This site is optimized with the Yoast SEO plugin v27.5 - https:\/\/yoast.com\/product\/yoast-seo-wordpress\/ -->\n<title>Precio Seguro Decesos Banco Albacete \u25b7DTO 25% I Oferta 2026<\/title>\n<meta name=\"description\" content=\"Calcular aqu\u00ed\u3010precio seguro de decesos Banco Albacete\u3011Tarifas, oferta y descuento de seguro defunci\u00f3n Banco Albacete 2026 \u2611\ufe0fiDecesos\u00ae N\u00ba1 en ahorro\" \/>\n<meta name=\"robots\" content=\"index, follow, max-snippet:-1, max-image-preview:large, max-video-preview:-1\" \/>\n<link rel=\"canonical\" href=\"https:\/\/idecesos.com\/seguros\/companias\/banco-albacete\/precio\/\" \/>\n<meta property=\"og:locale\" content=\"es_ES\" \/>\n<meta property=\"og:type\" content=\"article\" \/>\n<meta property=\"og:title\" content=\"Precio Seguro Decesos Banco Albacete \u25b7DTO 25% I Oferta 2026\" \/>\n<meta property=\"og:description\" content=\"Calcular aqu\u00ed\u3010precio seguro de decesos Banco Albacete\u3011Tarifas, oferta y descuento de seguro defunci\u00f3n Banco Albacete 2026 \u2611\ufe0fiDecesos\u00ae N\u00ba1 en ahorro\" \/>\n<meta property=\"og:url\" content=\"https:\/\/idecesos.com\/seguros\/companias\/banco-albacete\/precio\/\" \/>\n<meta property=\"article:modified_time\" content=\"2022-03-10T09:38:22+00:00\" \/>\n<meta property=\"og:image\" content=\"https:\/\/idecesos.com\/seguros\/wp-content\/uploads\/2021\/12\/precio-2.jpg-51.jpeg\" \/>\n\t<meta property=\"og:image:width\" content=\"1500\" \/>\n\t<meta property=\"og:image:height\" content=\"559\" \/>\n\t<meta property=\"og:image:type\" content=\"image\/jpeg\" \/>\n<meta name=\"twitter:card\" content=\"summary_large_image\" \/>\n<meta name=\"twitter:label1\" content=\"Tiempo de lectura\" \/>\n\t<meta name=\"twitter:data1\" content=\"75 minutos\" \/>\n<script type=\"application\/ld+json\" class=\"yoast-schema-graph\">{\"@context\":\"https:\\\/\\\/schema.org\",\"@graph\":[{\"@type\":\"WebPage\",\"@id\":\"https:\\\/\\\/idecesos.com\\\/seguros\\\/companias\\\/banco-albacete\\\/precio\\\/\",\"url\":\"https:\\\/\\\/idecesos.com\\\/seguros\\\/companias\\\/banco-albacete\\\/precio\\\/\",\"name\":\"Precio Seguro Decesos Banco Albacete \u25b7DTO 25% I Oferta 2026\",\"isPartOf\":{\"@id\":\"https:\\\/\\\/idecesos.com\\\/seguros\\\/#website\"},\"primaryImageOfPage\":{\"@id\":\"https:\\\/\\\/idecesos.com\\\/seguros\\\/companias\\\/banco-albacete\\\/precio\\\/#primaryimage\"},\"image\":{\"@id\":\"https:\\\/\\\/idecesos.com\\\/seguros\\\/companias\\\/banco-albacete\\\/precio\\\/#primaryimage\"},\"thumbnailUrl\":\"https:\\\/\\\/idecesos.com\\\/seguros\\\/wp-content\\\/uploads\\\/2021\\\/12\\\/precio-2.jpg-51.jpeg\",\"datePublished\":\"2021-12-15T16:03:18+00:00\",\"dateModified\":\"2022-03-10T09:38:22+00:00\",\"description\":\"Calcular aqu\u00ed\u3010precio seguro de decesos Banco Albacete\u3011Tarifas, oferta y descuento de seguro defunci\u00f3n Banco Albacete 2026 \u2611\ufe0fiDecesos\u00ae N\u00ba1 en ahorro\",\"breadcrumb\":{\"@id\":\"https:\\\/\\\/idecesos.com\\\/seguros\\\/companias\\\/banco-albacete\\\/precio\\\/#breadcrumb\"},\"inLanguage\":\"es\",\"potentialAction\":[{\"@type\":\"ReadAction\",\"target\":[\"https:\\\/\\\/idecesos.com\\\/seguros\\\/companias\\\/banco-albacete\\\/precio\\\/\"]}]},{\"@type\":\"ImageObject\",\"inLanguage\":\"es\",\"@id\":\"https:\\\/\\\/idecesos.com\\\/seguros\\\/companias\\\/banco-albacete\\\/precio\\\/#primaryimage\",\"url\":\"https:\\\/\\\/idecesos.com\\\/seguros\\\/wp-content\\\/uploads\\\/2021\\\/12\\\/precio-2.jpg-51.jpeg\",\"contentUrl\":\"https:\\\/\\\/idecesos.com\\\/seguros\\\/wp-content\\\/uploads\\\/2021\\\/12\\\/precio-2.jpg-51.jpeg\",\"width\":1500,\"height\":559,\"caption\":\"Precio Banco Albacete\"},{\"@type\":\"BreadcrumbList\",\"@id\":\"https:\\\/\\\/idecesos.com\\\/seguros\\\/companias\\\/banco-albacete\\\/precio\\\/#breadcrumb\",\"itemListElement\":[{\"@type\":\"ListItem\",\"position\":1,\"name\":\"Portada\",\"item\":\"https:\\\/\\\/idecesos.com\\\/seguros\\\/\"},{\"@type\":\"ListItem\",\"position\":2,\"name\":\"Compa\u00f1\u00edas de Seguros de Decesos en Espa\u00f1a\",\"item\":\"https:\\\/\\\/idecesos.com\\\/seguros\\\/companias\\\/\"},{\"@type\":\"ListItem\",\"position\":3,\"name\":\"Seguro de decesos Banco Albacete\",\"item\":\"https:\\\/\\\/idecesos.com\\\/seguros\\\/companias\\\/banco-albacete\\\/\"},{\"@type\":\"ListItem\",\"position\":4,\"name\":\"\u00bfCu\u00e1nto cuesta el seguro de decesos Banco Albacete?\"}]},{\"@type\":\"WebSite\",\"@id\":\"https:\\\/\\\/idecesos.com\\\/seguros\\\/#website\",\"url\":\"https:\\\/\\\/idecesos.com\\\/seguros\\\/\",\"name\":\"\",\"description\":\"\",\"potentialAction\":[{\"@type\":\"SearchAction\",\"target\":{\"@type\":\"EntryPoint\",\"urlTemplate\":\"https:\\\/\\\/idecesos.com\\\/seguros\\\/?s={search_term_string}\"},\"query-input\":{\"@type\":\"PropertyValueSpecification\",\"valueRequired\":true,\"valueName\":\"search_term_string\"}}],\"inLanguage\":\"es\"}]}<\/script>\n<!-- \/ Yoast SEO plugin. -->","yoast_head_json":{"title":"Precio Seguro Decesos Banco Albacete \u25b7DTO 25% I Oferta 2026","description":"Calcular aqu\u00ed\u3010precio seguro de decesos Banco Albacete\u3011Tarifas, oferta y descuento de seguro defunci\u00f3n Banco Albacete 2026 \u2611\ufe0fiDecesos\u00ae N\u00ba1 en ahorro","robots":{"index":"index","follow":"follow","max-snippet":"max-snippet:-1","max-image-preview":"max-image-preview:large","max-video-preview":"max-video-preview:-1"},"canonical":"https:\/\/idecesos.com\/seguros\/companias\/banco-albacete\/precio\/","og_locale":"es_ES","og_type":"article","og_title":"Precio Seguro Decesos Banco Albacete \u25b7DTO 25% I Oferta 2026","og_description":"Calcular aqu\u00ed\u3010precio seguro de decesos Banco Albacete\u3011Tarifas, oferta y descuento de seguro defunci\u00f3n Banco Albacete 2026 \u2611\ufe0fiDecesos\u00ae N\u00ba1 en ahorro","og_url":"https:\/\/idecesos.com\/seguros\/companias\/banco-albacete\/precio\/","article_modified_time":"2022-03-10T09:38:22+00:00","og_image":[{"width":1500,"height":559,"url":"https:\/\/idecesos.com\/seguros\/wp-content\/uploads\/2021\/12\/precio-2.jpg-51.jpeg","type":"image\/jpeg"}],"twitter_card":"summary_large_image","twitter_misc":{"Tiempo de lectura":"75 minutos"},"schema":{"@context":"https:\/\/schema.org","@graph":[{"@type":"WebPage","@id":"https:\/\/idecesos.com\/seguros\/companias\/banco-albacete\/precio\/","url":"https:\/\/idecesos.com\/seguros\/companias\/banco-albacete\/precio\/","name":"Precio Seguro Decesos Banco Albacete \u25b7DTO 25% I Oferta 2026","isPartOf":{"@id":"https:\/\/idecesos.com\/seguros\/#website"},"primaryImageOfPage":{"@id":"https:\/\/idecesos.com\/seguros\/companias\/banco-albacete\/precio\/#primaryimage"},"image":{"@id":"https:\/\/idecesos.com\/seguros\/companias\/banco-albacete\/precio\/#primaryimage"},"thumbnailUrl":"https:\/\/idecesos.com\/seguros\/wp-content\/uploads\/2021\/12\/precio-2.jpg-51.jpeg","datePublished":"2021-12-15T16:03:18+00:00","dateModified":"2022-03-10T09:38:22+00:00","description":"Calcular aqu\u00ed\u3010precio seguro de decesos Banco Albacete\u3011Tarifas, oferta y descuento de seguro defunci\u00f3n Banco Albacete 2026 \u2611\ufe0fiDecesos\u00ae N\u00ba1 en ahorro","breadcrumb":{"@id":"https:\/\/idecesos.com\/seguros\/companias\/banco-albacete\/precio\/#breadcrumb"},"inLanguage":"es","potentialAction":[{"@type":"ReadAction","target":["https:\/\/idecesos.com\/seguros\/companias\/banco-albacete\/precio\/"]}]},{"@type":"ImageObject","inLanguage":"es","@id":"https:\/\/idecesos.com\/seguros\/companias\/banco-albacete\/precio\/#primaryimage","url":"https:\/\/idecesos.com\/seguros\/wp-content\/uploads\/2021\/12\/precio-2.jpg-51.jpeg","contentUrl":"https:\/\/idecesos.com\/seguros\/wp-content\/uploads\/2021\/12\/precio-2.jpg-51.jpeg","width":1500,"height":559,"caption":"Precio Banco Albacete"},{"@type":"BreadcrumbList","@id":"https:\/\/idecesos.com\/seguros\/companias\/banco-albacete\/precio\/#breadcrumb","itemListElement":[{"@type":"ListItem","position":1,"name":"Portada","item":"https:\/\/idecesos.com\/seguros\/"},{"@type":"ListItem","position":2,"name":"Compa\u00f1\u00edas de Seguros de Decesos en Espa\u00f1a","item":"https:\/\/idecesos.com\/seguros\/companias\/"},{"@type":"ListItem","position":3,"name":"Seguro de decesos Banco Albacete","item":"https:\/\/idecesos.com\/seguros\/companias\/banco-albacete\/"},{"@type":"ListItem","position":4,"name":"\u00bfCu\u00e1nto cuesta el seguro de decesos Banco Albacete?"}]},{"@type":"WebSite","@id":"https:\/\/idecesos.com\/seguros\/#website","url":"https:\/\/idecesos.com\/seguros\/","name":"","description":"","potentialAction":[{"@type":"SearchAction","target":{"@type":"EntryPoint","urlTemplate":"https:\/\/idecesos.com\/seguros\/?s={search_term_string}"},"query-input":{"@type":"PropertyValueSpecification","valueRequired":true,"valueName":"search_term_string"}}],"inLanguage":"es"}]}},"_links":{"self":[{"href":"https:\/\/idecesos.com\/seguros\/wp-json\/wp\/v2\/pages\/17418","targetHints":{"allow":["GET"]}}],"collection":[{"href":"https:\/\/idecesos.com\/seguros\/wp-json\/wp\/v2\/pages"}],"about":[{"href":"https:\/\/idecesos.com\/seguros\/wp-json\/wp\/v2\/types\/page"}],"author":[{"embeddable":true,"href":"https:\/\/idecesos.com\/seguros\/wp-json\/wp\/v2\/users\/1"}],"replies":[{"embeddable":true,"href":"https:\/\/idecesos.com\/seguros\/wp-json\/wp\/v2\/comments?post=17418"}],"version-history":[{"count":3,"href":"https:\/\/idecesos.com\/seguros\/wp-json\/wp\/v2\/pages\/17418\/revisions"}],"predecessor-version":[{"id":20037,"href":"https:\/\/idecesos.com\/seguros\/wp-json\/wp\/v2\/pages\/17418\/revisions\/20037"}],"up":[{"embeddable":true,"href":"https:\/\/idecesos.com\/seguros\/wp-json\/wp\/v2\/pages\/283"}],"wp:featuredmedia":[{"embeddable":true,"href":"https:\/\/idecesos.com\/seguros\/wp-json\/wp\/v2\/media\/17419"}],"wp:attachment":[{"href":"https:\/\/idecesos.com\/seguros\/wp-json\/wp\/v2\/media?parent=17418"}],"curies":[{"name":"wp","href":"https:\/\/api.w.org\/{rel}","templated":true}]}}