{"id":17424,"date":"2021-12-15T16:03:20","date_gmt":"2021-12-15T16:03:20","guid":{"rendered":"https:\/\/idecesos.com\/seguros\/companias\/mapfre\/precio\/"},"modified":"2022-03-10T11:19:59","modified_gmt":"2022-03-10T11:19:59","slug":"precio","status":"publish","type":"page","link":"https:\/\/idecesos.com\/seguros\/companias\/mapfre\/precio\/","title":{"rendered":"\u00bfCu\u00e1nto cuesta el seguro de decesos Mapfre?"},"content":{"rendered":"<div id=\"ez-toc-container\" class=\"ez-toc-v2_0_82_2 ez-toc-wrap-center counter-hierarchy ez-toc-counter ez-toc-custom ez-toc-container-direction\">\n<div class=\"ez-toc-title-container\">\n<p class=\"ez-toc-title\" style=\"cursor:inherit\">Tabla de Contenido<\/p>\n<span class=\"ez-toc-title-toggle\"><a href=\"#\" class=\"ez-toc-pull-right ez-toc-btn ez-toc-btn-xs ez-toc-btn-default ez-toc-toggle\" aria-label=\"Alternar tabla de contenidos\"><span class=\"ez-toc-js-icon-con\"><span class=\"\"><span class=\"eztoc-hide\" style=\"display:none;\">Toggle<\/span><span class=\"ez-toc-icon-toggle-span\"><svg style=\"fill: #db6415;color:#db6415\" xmlns=\"http:\/\/www.w3.org\/2000\/svg\" class=\"list-377408\" width=\"20px\" height=\"20px\" viewBox=\"0 0 24 24\" fill=\"none\"><path d=\"M6 6H4v2h2V6zm14 0H8v2h12V6zM4 11h2v2H4v-2zm16 0H8v2h12v-2zM4 16h2v2H4v-2zm16 0H8v2h12v-2z\" fill=\"currentColor\"><\/path><\/svg><svg style=\"fill: #db6415;color:#db6415\" class=\"arrow-unsorted-368013\" xmlns=\"http:\/\/www.w3.org\/2000\/svg\" width=\"10px\" height=\"10px\" viewBox=\"0 0 24 24\" version=\"1.2\" baseProfile=\"tiny\"><path d=\"M18.2 9.3l-6.2-6.3-6.2 6.3c-.2.2-.3.4-.3.7s.1.5.3.7c.2.2.4.3.7.3h11c.3 0 .5-.1.7-.3.2-.2.3-.5.3-.7s-.1-.5-.3-.7zM5.8 14.7l6.2 6.3 6.2-6.3c.2-.2.3-.5.3-.7s-.1-.5-.3-.7c-.2-.2-.4-.3-.7-.3h-11c-.3 0-.5.1-.7.3-.2.2-.3.5-.3.7s.1.5.3.7z\"\/><\/svg><\/span><\/span><\/span><\/a><\/span><\/div>\n<nav><ul class='ez-toc-list ez-toc-list-level-1 ' ><li class='ez-toc-page-1 ez-toc-heading-level-2'><a class=\"ez-toc-link ez-toc-heading-1\" href=\"https:\/\/idecesos.com\/seguros\/companias\/mapfre\/precio\/#Calcular_precio_seguro_de_decesos_Mapfre\" >Calcular precio seguro de decesos Mapfre<\/a><\/li><li class='ez-toc-page-1 ez-toc-heading-level-2'><a class=\"ez-toc-link ez-toc-heading-2\" href=\"https:\/\/idecesos.com\/seguros\/companias\/mapfre\/precio\/#Tabla_comparativa_de_precios_Mapfre\" >Tabla comparativa de precios Mapfre<\/a><ul class='ez-toc-list-level-3' ><li class='ez-toc-heading-level-3'><a class=\"ez-toc-link ez-toc-heading-3\" href=\"https:\/\/idecesos.com\/seguros\/companias\/mapfre\/precio\/#%C2%BFCual_es_la_mejor_tarifa_de_seguros_de_Mapfre\" >\u00bfCu\u00e1l es la mejor tarifa de seguros de Mapfre ?<\/a><\/li><li class='ez-toc-page-1 ez-toc-heading-level-3'><a class=\"ez-toc-link ez-toc-heading-4\" href=\"https:\/\/idecesos.com\/seguros\/companias\/mapfre\/precio\/#%C2%BFPuede_aumentar_precio_mensual_de_los_seguros_de_Mapfre\" >\u00bfPuede aumentar precio mensual de los seguros de Mapfre ?<\/a><\/li><li class='ez-toc-page-1 ez-toc-heading-level-3'><a class=\"ez-toc-link ez-toc-heading-5\" href=\"https:\/\/idecesos.com\/seguros\/companias\/mapfre\/precio\/#%C2%BFEl_precio_de_seguros_de_decesos_Mapfre_sube_con_la_edad\" >\u00bfEl precio de seguros de decesos Mapfre sube con la edad?<\/a><\/li><li class='ez-toc-page-1 ez-toc-heading-level-3'><a class=\"ez-toc-link ez-toc-heading-6\" href=\"https:\/\/idecesos.com\/seguros\/companias\/mapfre\/precio\/#Paginas_relacionadas\" >P\u00e1ginas relacionadas<\/a><\/li><\/ul><\/li><\/ul><\/nav><\/div>\n<p><br \/>\nMapfre ha logrado que todos sus clientes conf\u00eden de manera plena en la empresa aseguradora con un m\u00e1s de un cien por ciento . Hay ciertos periodos donde se encargan de equilibrar la tarifa del seguro de decesos, para una mayor serenidad en sus asegurados para que prosigan contando con las coberturas m\u00e1s extensas en el instante del sepelio. Realizan diferentes an\u00e1lisis de la persona que se vaya asegurar, en este caso al que vaya a realizar la p\u00f3liza, a lo largo del tiempo resultar\u00e1 de forma diferida en lo que determina la contrataci\u00f3n. Para efectuar el c\u00e1lculo de manera segura y precisa se tendr\u00e1 en cuenta diferentes factores que rodean al asegurado. Ha realizado un estudio a final de trimestre donde Mapfre ha conseguido adaptar sus precios para sus diferentes clientes del servicio para puedan contar con el seguro de decesos de Mapfre. Lo que importa es que la compa\u00f1\u00eda aseguradora realizar\u00e1 la regulaci\u00f3n de su precio adapt\u00e1ndose en todo instante a ti.<\/p>\n<div class=\"colorf\"><div class=\"container clearfix\"><div class=\"col-md-7\">\n<h2><span class=\"ez-toc-section\" id=\"Calcular_precio_seguro_de_decesos_Mapfre\"><\/span>Calcular precio seguro de decesos Mapfre<span class=\"ez-toc-section-end\"><\/span><\/h2>\n<p>Mapfre est\u00e1 comprometida en llevar un c\u00e1lculo de manera exhaustiva contando con todos los diferentes factores que rodean a la p\u00f3liza. Finalizando el c\u00e1lculo de la tarifa, lo que aseguras es que tus seres queridos puedan estar con tranquilidad. Mapfre es tu compa\u00f1\u00eda aseguradora perfecta para especificar los precios de la p\u00f3liza que est\u00e1s buscando. La existencia de iDecesos nace para ponerte todo m\u00e1s simple que en cuesti\u00f3n de segundos consigas los resultados de las comparaciones de las distintas p\u00f3lizas de Mapfre aparte de eso consiguiendo ver en detalle sus tarifas y sus coberturas.<br \/>\n<\/div><\/div><\/div><\/p>\n<h2><span class=\"ez-toc-section\" id=\"Tabla_comparativa_de_precios_Mapfre\"><\/span>Tabla comparativa de precios Mapfre<span class=\"ez-toc-section-end\"><\/span><\/h2>\n<p><div class=\"cabecera_tabla_precio\"><table class=\"table table-striped\"><thead><tr><th class=\"nosepara centrado\">Tipo<\/th><th class=\"nosepara centrado nojustificado\">Precio Desde<\/th><th class=\"nosepara dcha\"><\/th><\/tr><\/thead><tbody><tr class=\"fila_tabla_precio\"><td class=\"nosepara izq\">Precio Seguro Decesos Mapfre<\/td><td class=\"nosepara centro\">1,62 \u20ac\/mes<\/td><td class=\"nosepara derecha\">\t\t\t\t\t\n\t\t\t\t\t\t<span class=\"\" style=\"cursor:pointer\" data-bs-toggle=\"modal\" data-bs-target=\"#comparadorModal\">Calcular<\/span>\t\t\t\t\n\t\t\t\t\t\n\t\t\t\t<\/td><\/tr><\/div><tr class=\"fila_tabla_precio\"><td class=\"nosepara izq\">Precio Prima \u00danica Mapfre<\/td><td class=\"nosepara centro\">2390 \u20ac<\/td><td class=\"nosepara derecha\">\t\t\t\t\t\n\t\t\t\t\t\t<span class=\"\" style=\"cursor:pointer\" data-bs-toggle=\"modal\" data-bs-target=\"#comparadorModal\">Calcular<\/span>\t\t\t\t\n\t\t\t\t\t\n\t\t\t\t<\/td><\/tr><\/div><tr class=\"fila_tabla_precio\"><td class=\"nosepara izq\">Precio Prima Natural Mapfre<\/td><td class=\"nosepara centro\">1,45 \u20ac\/mes<\/td><td class=\"nosepara derecha\">\t\t\t\t\t\n\t\t\t\t\t\t<span class=\"\" style=\"cursor:pointer\" data-bs-toggle=\"modal\" data-bs-target=\"#comparadorModal\">Calcular<\/span>\t\t\t\t\n\t\t\t\t\t\n\t\t\t\t<\/td><\/tr><\/div><tr class=\"fila_tabla_precio\"><td class=\"nosepara izq\">Precio Prima Nivelada Mapfre<\/td><td class=\"nosepara centro\">1,75 \u20ac\/mes<\/td><td class=\"nosepara derecha\">\t\t\t\t\t\n\t\t\t\t\t\t<span class=\"\" style=\"cursor:pointer\" data-bs-toggle=\"modal\" data-bs-target=\"#comparadorModal\">Calcular<\/span>\t\t\t\t\n\t\t\t\t\t\n\t\t\t\t<\/td><\/tr><\/div><tr class=\"fila_tabla_precio\"><td class=\"nosepara izq\">Precio Prima Mixta Mapfre<\/td><td class=\"nosepara centro\">1,23 \u20ac\/mes<\/td><td class=\"nosepara derecha\">\t\t\t\t\t\n\t\t\t\t\t\t<span class=\"\" style=\"cursor:pointer\" data-bs-toggle=\"modal\" data-bs-target=\"#comparadorModal\">Calcular<\/span>\t\t\t\t\n\t\t\t\t\t\n\t\t\t\t<\/td><\/tr><\/div><tr class=\"fila_tabla_precio\"><td class=\"nosepara izq\">Precio Prima Seminatural Mapfre<\/td><td class=\"nosepara centro\">1,46 \u20ac\/mes<\/td><td class=\"nosepara derecha\">\t\t\t\t\t\n\t\t\t\t\t\t<span class=\"\" style=\"cursor:pointer\" data-bs-toggle=\"modal\" data-bs-target=\"#comparadorModal\">Calcular<\/span>\t\t\t\t\n\t\t\t\t\t\n\t\t\t\t<\/td><\/tr><\/div><tr class=\"fila_tabla_precio\"><td class=\"nosepara izq\">Precio con Repatriaci\u00f3n Mapfre<\/td><td class=\"nosepara centro\">0,99 \u20ac a la cuota<\/td><td class=\"nosepara derecha\">\t\t\t\t\t\n\t\t\t\t\t\t<span class=\"\" style=\"cursor:pointer\" data-bs-toggle=\"modal\" data-bs-target=\"#comparadorModal\">Calcular<\/span>\t\t\t\t\n\t\t\t\t\t\n\t\t\t\t<\/td><\/tr><\/div><tr class=\"fila_tabla_precio\"><td class=\"nosepara izq\">Precio Seguro Defunci\u00f3n Mapfre<\/td><td class=\"nosepara centro\">1,46 \u20ac\/mes<\/td><td class=\"nosepara derecha\">\t\t\t\t\t\n\t\t\t\t\t\t<span class=\"\" style=\"cursor:pointer\" data-bs-toggle=\"modal\" data-bs-target=\"#comparadorModal\">Calcular<\/span>\t\t\t\t\n\t\t\t\t\t\n\t\t\t\t<\/td><\/tr><\/div><tr class=\"fila_tabla_precio\"><td class=\"nosepara izq\">Precio Seguro Fallecimiento Mapfre<\/td><td class=\"nosepara centro\">1,69 \u20ac\/mes<\/td><td class=\"nosepara derecha\">\t\t\t\t\t\n\t\t\t\t\t\t<span class=\"\" style=\"cursor:pointer\" data-bs-toggle=\"modal\" data-bs-target=\"#comparadorModal\">Calcular<\/span>\t\t\t\t\n\t\t\t\t\t\n\t\t\t\t<\/td><\/tr><\/div><tr class=\"fila_tabla_precio\"><td class=\"nosepara izq\">Precio Seguro Muertos Mapfre<\/td><td class=\"nosepara centro\">1,51 \u20ac\/mes<\/td><td class=\"nosepara derecha\">\t\t\t\t\t\n\t\t\t\t\t\t<span class=\"\" style=\"cursor:pointer\" data-bs-toggle=\"modal\" data-bs-target=\"#comparadorModal\">Calcular<\/span>\t\t\t\t\n\t\t\t\t\t\n\t\t\t\t<\/td><\/tr><\/div><tr class=\"fila_tabla_precio\"><td class=\"nosepara izq\">Precio Asistencia Familiar Mapfre<\/td><td class=\"nosepara centro\">1,56 \u20ac\/mes<\/td><td class=\"nosepara derecha\">\t\t\t\t\t\n\t\t\t\t\t\t<span class=\"\" style=\"cursor:pointer\" data-bs-toggle=\"modal\" data-bs-target=\"#comparadorModal\">Calcular<\/span>\t\t\t\t\n\t\t\t\t\t\n\t\t\t\t<\/td><\/tr><\/div><\/tbody><\/table><\/div><\/p>\n<p>A continuaci\u00f3n te mostramos con detalles los precios estimados de todas y cada una las distintas p\u00f3lizas de Mapfre facilitandote todo el proceso de elecci\u00f3n que suele ser muy lioso. Por esta raz\u00f3n, iDecesos te ayuda en su elecci\u00f3n. No solo asegura el cubrimiento del sepelio, Mapfre cuenta con una extensa gamas de coberturas adicionales que te van a ayudar a pasar ese duro instante que es la p\u00e9rdida de un familiar. Le ayudamos a y a su familia en tanto que aseguramos su calma y los gatos de su sepelio para que su familia asimismo pueda estar apacible. Ahora te vas a poder olvidar de todo y vivir tranquilo sabiendo que tienes a la mejor p\u00f3liza detr\u00e1s. Adem\u00e1s, sus seres queridos no se tendr\u00e1n que preocupar por nada. Las calidades y servicios que te ofrece Mapfre van a hacer que puedas estar apacible, y sus familiares en ese duro momento como es el fallecimiento de un ser querido.<br \/>\n<div class=\"colorf\"><div class=\"container clearfix\"><div class=\"col-md-7\"><\/p>\n<h3><span class=\"ez-toc-section\" id=\"%C2%BFCual_es_la_mejor_tarifa_de_seguros_de_Mapfre\"><\/span>\u00bfCu\u00e1l es la mejor tarifa de seguros de Mapfre ?<span class=\"ez-toc-section-end\"><\/span><\/h3>\n<p>La gran pluralidad de tarifas y p\u00f3lizas con diferentes modalidades de pagos hacen que Mapfre se ponga como uno de los mejores seguros de decesos del mercado. Mapfre se amoldar\u00e1 a las circunstancias de cada asegurado d\u00e1ndole las mejores coberturas para cada caso. Aparte de que incluye unas garant\u00edas en cada una de sus cl\u00e1usulas que podr\u00e1s estar siempre y en toda circunstancia tranquilo evitando dolores de cabeza superfluos.<br \/>\n<\/div><\/div><\/div><\/p>\n<h3><span class=\"ez-toc-section\" id=\"%C2%BFPuede_aumentar_precio_mensual_de_los_seguros_de_Mapfre\"><\/span>\u00bfPuede aumentar precio mensual de los seguros de Mapfre ?<span class=\"ez-toc-section-end\"><\/span><\/h3>\n<p>Depender\u00e1 de la prima de Mapfre se debe tener en cuenta de que si ocurre alg\u00fan incremento en la tarifa quedar\u00e1 recogida dentro del contrato del asegurado. Aunque la aseguradora no tiene la obligaci\u00f3n de informar en determinados casos. La tranquilidad est\u00e1 asegurada con los servicios de Mapfre. Puedes tener total confianza en Mapfre puesto que est\u00e1 posicionada como una de las empresas de seguros m\u00e1s transparentes del mercado de Espa\u00f1a. Mapfre sabe lo que necesitas y tendr\u00e1 asegurado a su ser querido.<br \/>\n<div class=\"colorf\"><div class=\"container clearfix\"><div class=\"col-md-7\"><\/p>\n<h3><span class=\"ez-toc-section\" id=\"%C2%BFEl_precio_de_seguros_de_decesos_Mapfre_sube_con_la_edad\"><\/span>\u00bfEl precio de seguros de decesos Mapfre sube con la edad?<span class=\"ez-toc-section-end\"><\/span><\/h3>\n<p>\u00bfA\u00fan no se ha decidido? Mapfre es reconocida como una de las empresas aseguradoras con mejor p\u00f3liza de prima \u00fanica del mercado, donde destaca por su tarifa y coberturas. Ning\u00fan heredero se deber\u00e1 preocupar por ninguna gesti\u00f3n o bien pago en lo relativo al servicio de sepelio, puesto que todo ser\u00e1 resuelto por el equipo del servicio especialista de asistencia de la compa\u00f1\u00eda, a fin de que estos puedan velar el cuerpo y puedan decir si \u00faltimo adi\u00f3s a su ser querido. Adem\u00e1s de esto, como hemos mencionado en ocasiones anteriores, los seguros de decesos vienen a cubrir el servicio de sepelio completo, con sus elementos como son el veh\u00edculo l\u00fagubre, flores, tanatorio, acto religioso, ata\u00fad, cremaci\u00f3n, entierro, adecuaci\u00f3n del cad\u00e1ver, velorio, actos administrativos entre otros muchos, pero si estos debido al incremento de precios de materiales, comburente, ipc, salarios se disparan deberemos regular el la prima pero no se preocupe por el hecho de que usted casi no lo va a apreciar y as\u00ed estar\u00e1 con perfecci\u00f3n asegurado el servicio de decesos. En iDecesos le ofrecemos las m\u00e1ximas garant\u00edas de que va a hallar el seguro de decesos m\u00e1s conveniente a su perfil, mas encima sin que usted se deba preocupar de nada, adem\u00e1s de esto disfrutamos de las mejores empresas de seguros, las tarifas m\u00e1s asequibles con cada una de ellas, ofertas continuas y todos los modelos de primas que existen, as\u00ed como con la m\u00e1xima flexibilidad de pago posible. De este modo, podr\u00e1 olvidarse de todas sus preocupaciones y podr\u00e1 vivir apacible el resto de su vida, del mismo modo que sus familiares. Mapfre le ofrece la m\u00e1xima eficiencia en sus servicio de sepelio, con las garant\u00edas m\u00e1s completas del mercado.<br \/>\n<\/div><\/div><\/div><\/p>\n<h3><span class=\"ez-toc-section\" id=\"Paginas_relacionadas\"><\/span>P\u00e1ginas relacionadas<span class=\"ez-toc-section-end\"><\/span><\/h3><div class=\"enlazado\"><ul> <li><a href=\"https:\/\/idecesos.com\/seguros\/companias\/mapfre\/asistencia\/\">Mapfre Asistencia Decesos<\/a><\/li> <li><a href=\"https:\/\/idecesos.com\/seguros\/companias\/mapfre\/coberturas\/\">Coberturas Mapfre<\/a><\/li> <li><a href=\"https:\/\/idecesos.com\/seguros\/companias\/mapfre\/esencial\/\">Mapfre Esencial<\/a><\/li> <li><a href=\"https:\/\/idecesos.com\/seguros\/companias\/mapfre\/opiniones\/\">Opiniones MAPFRE<\/a><\/li> <li><a href=\"https:\/\/idecesos.com\/seguros\/companias\/mapfre\/precio\/\">Precio seguro Mapfre<\/a><\/li> <li><a href=\"https:\/\/idecesos.com\/seguros\/companias\/mapfre\/prima-mixta\/\">Mapfre Prima Mixta<\/a><\/li> <li><a href=\"https:\/\/idecesos.com\/seguros\/companias\/mapfre\/prima-natural\/\">Mapfre Prima Natural<\/a><\/li> <li><a href=\"https:\/\/idecesos.com\/seguros\/companias\/mapfre\/prima-nivelada\/\">Mapfre Prima Nivelada<\/a><\/li> <li><a href=\"https:\/\/idecesos.com\/seguros\/companias\/mapfre\/prima-unica\/\">Mapfre Prima \u00danica<\/a><\/li> <li><a href=\"https:\/\/idecesos.com\/seguros\/companias\/mapfre\/quejas\/\">Quejas Mapfre<\/a><\/li> <li><a href=\"https:\/\/idecesos.com\/seguros\/companias\/mapfre\/repatriacion\/\">Mapfre Repatriaci\u00f3n<\/a><\/li> <li><a href=\"https:\/\/idecesos.com\/seguros\/companias\/mapfre\/telefono\/\">Tel\u00e9fono Gratuito Mapfre<\/a><\/li> <li><a href=\"https:\/\/idecesos.com\/seguros\/companias\/mapfre\/universal\/\">Seguro de Decesos Universal Mapfre<\/a><\/li><\/ul><\/div>\n","protected":false},"excerpt":{"rendered":"<p>Mapfre ha logrado que todos sus clientes conf\u00eden de manera plena en la empresa aseguradora con un m\u00e1s de un cien por ciento . Hay ciertos periodos donde se encargan de equilibrar la tarifa del seguro de decesos, para una mayor serenidad en sus asegurados para que prosigan contando con las coberturas m\u00e1s extensas en&hellip; <\/p>\n","protected":false},"author":1,"featured_media":17425,"parent":414,"menu_order":0,"comment_status":"closed","ping_status":"closed","template":"single.php","meta":{"footnotes":""},"class_list":["post-17424","page","type-page","status-publish","has-post-thumbnail","hentry"],"yoast_head":"<!-- This site is optimized with the Yoast SEO plugin v27.3 - https:\/\/yoast.com\/product\/yoast-seo-wordpress\/ -->\n<title>Precio Seguro Decesos Mapfre \u25b7DTO 25% I Oferta 2026<\/title>\n<meta name=\"description\" content=\"Calcular aqu\u00ed\u3010precio seguro de decesos Mapfre\u3011Tarifas, oferta y descuento de seguro defunci\u00f3n Mapfre 2026 \u2611\ufe0fiDecesos\u00ae N\u00ba1 en ahorro\" \/>\n<meta name=\"robots\" content=\"index, follow, max-snippet:-1, max-image-preview:large, max-video-preview:-1\" \/>\n<link rel=\"canonical\" href=\"https:\/\/idecesos.com\/seguros\/companias\/mapfre\/precio\/\" \/>\n<meta property=\"og:locale\" content=\"es_ES\" \/>\n<meta property=\"og:type\" content=\"article\" \/>\n<meta property=\"og:title\" content=\"Precio Seguro Decesos Mapfre \u25b7DTO 25% I Oferta 2026\" \/>\n<meta property=\"og:description\" content=\"Calcular aqu\u00ed\u3010precio seguro de decesos Mapfre\u3011Tarifas, oferta y descuento de seguro defunci\u00f3n Mapfre 2026 \u2611\ufe0fiDecesos\u00ae N\u00ba1 en ahorro\" \/>\n<meta property=\"og:url\" content=\"https:\/\/idecesos.com\/seguros\/companias\/mapfre\/precio\/\" \/>\n<meta property=\"article:modified_time\" content=\"2022-03-10T11:19:59+00:00\" \/>\n<meta property=\"og:image\" content=\"https:\/\/idecesos.com\/seguros\/wp-content\/uploads\/2021\/12\/precio-2.jpg-54.jpeg\" \/>\n\t<meta property=\"og:image:width\" content=\"1500\" \/>\n\t<meta property=\"og:image:height\" content=\"559\" \/>\n\t<meta property=\"og:image:type\" content=\"image\/jpeg\" \/>\n<meta name=\"twitter:card\" content=\"summary_large_image\" \/>\n<meta name=\"twitter:label1\" content=\"Tiempo de lectura\" \/>\n\t<meta name=\"twitter:data1\" content=\"75 minutos\" \/>\n<script type=\"application\/ld+json\" class=\"yoast-schema-graph\">{\"@context\":\"https:\\\/\\\/schema.org\",\"@graph\":[{\"@type\":\"WebPage\",\"@id\":\"https:\\\/\\\/idecesos.com\\\/seguros\\\/companias\\\/mapfre\\\/precio\\\/\",\"url\":\"https:\\\/\\\/idecesos.com\\\/seguros\\\/companias\\\/mapfre\\\/precio\\\/\",\"name\":\"Precio Seguro Decesos Mapfre \u25b7DTO 25% I Oferta 2026\",\"isPartOf\":{\"@id\":\"https:\\\/\\\/idecesos.com\\\/seguros\\\/#website\"},\"primaryImageOfPage\":{\"@id\":\"https:\\\/\\\/idecesos.com\\\/seguros\\\/companias\\\/mapfre\\\/precio\\\/#primaryimage\"},\"image\":{\"@id\":\"https:\\\/\\\/idecesos.com\\\/seguros\\\/companias\\\/mapfre\\\/precio\\\/#primaryimage\"},\"thumbnailUrl\":\"https:\\\/\\\/idecesos.com\\\/seguros\\\/wp-content\\\/uploads\\\/2021\\\/12\\\/precio-2.jpg-54.jpeg\",\"datePublished\":\"2021-12-15T16:03:20+00:00\",\"dateModified\":\"2022-03-10T11:19:59+00:00\",\"description\":\"Calcular aqu\u00ed\u3010precio seguro de decesos Mapfre\u3011Tarifas, oferta y descuento de seguro defunci\u00f3n Mapfre 2026 \u2611\ufe0fiDecesos\u00ae N\u00ba1 en ahorro\",\"breadcrumb\":{\"@id\":\"https:\\\/\\\/idecesos.com\\\/seguros\\\/companias\\\/mapfre\\\/precio\\\/#breadcrumb\"},\"inLanguage\":\"es\",\"potentialAction\":[{\"@type\":\"ReadAction\",\"target\":[\"https:\\\/\\\/idecesos.com\\\/seguros\\\/companias\\\/mapfre\\\/precio\\\/\"]}]},{\"@type\":\"ImageObject\",\"inLanguage\":\"es\",\"@id\":\"https:\\\/\\\/idecesos.com\\\/seguros\\\/companias\\\/mapfre\\\/precio\\\/#primaryimage\",\"url\":\"https:\\\/\\\/idecesos.com\\\/seguros\\\/wp-content\\\/uploads\\\/2021\\\/12\\\/precio-2.jpg-54.jpeg\",\"contentUrl\":\"https:\\\/\\\/idecesos.com\\\/seguros\\\/wp-content\\\/uploads\\\/2021\\\/12\\\/precio-2.jpg-54.jpeg\",\"width\":1500,\"height\":559,\"caption\":\"Precio Mapfre\"},{\"@type\":\"BreadcrumbList\",\"@id\":\"https:\\\/\\\/idecesos.com\\\/seguros\\\/companias\\\/mapfre\\\/precio\\\/#breadcrumb\",\"itemListElement\":[{\"@type\":\"ListItem\",\"position\":1,\"name\":\"Portada\",\"item\":\"https:\\\/\\\/idecesos.com\\\/seguros\\\/\"},{\"@type\":\"ListItem\",\"position\":2,\"name\":\"Compa\u00f1\u00edas de Seguros de Decesos en Espa\u00f1a\",\"item\":\"https:\\\/\\\/idecesos.com\\\/seguros\\\/companias\\\/\"},{\"@type\":\"ListItem\",\"position\":3,\"name\":\"Seguro de decesos Mapfre\",\"item\":\"https:\\\/\\\/idecesos.com\\\/seguros\\\/companias\\\/mapfre\\\/\"},{\"@type\":\"ListItem\",\"position\":4,\"name\":\"\u00bfCu\u00e1nto cuesta el seguro de decesos Mapfre?\"}]},{\"@type\":\"WebSite\",\"@id\":\"https:\\\/\\\/idecesos.com\\\/seguros\\\/#website\",\"url\":\"https:\\\/\\\/idecesos.com\\\/seguros\\\/\",\"name\":\"\",\"description\":\"\",\"potentialAction\":[{\"@type\":\"SearchAction\",\"target\":{\"@type\":\"EntryPoint\",\"urlTemplate\":\"https:\\\/\\\/idecesos.com\\\/seguros\\\/?s={search_term_string}\"},\"query-input\":{\"@type\":\"PropertyValueSpecification\",\"valueRequired\":true,\"valueName\":\"search_term_string\"}}],\"inLanguage\":\"es\"}]}<\/script>\n<!-- \/ Yoast SEO plugin. -->","yoast_head_json":{"title":"Precio Seguro Decesos Mapfre \u25b7DTO 25% I Oferta 2026","description":"Calcular aqu\u00ed\u3010precio seguro de decesos Mapfre\u3011Tarifas, oferta y descuento de seguro defunci\u00f3n Mapfre 2026 \u2611\ufe0fiDecesos\u00ae N\u00ba1 en ahorro","robots":{"index":"index","follow":"follow","max-snippet":"max-snippet:-1","max-image-preview":"max-image-preview:large","max-video-preview":"max-video-preview:-1"},"canonical":"https:\/\/idecesos.com\/seguros\/companias\/mapfre\/precio\/","og_locale":"es_ES","og_type":"article","og_title":"Precio Seguro Decesos Mapfre \u25b7DTO 25% I Oferta 2026","og_description":"Calcular aqu\u00ed\u3010precio seguro de decesos Mapfre\u3011Tarifas, oferta y descuento de seguro defunci\u00f3n Mapfre 2026 \u2611\ufe0fiDecesos\u00ae N\u00ba1 en ahorro","og_url":"https:\/\/idecesos.com\/seguros\/companias\/mapfre\/precio\/","article_modified_time":"2022-03-10T11:19:59+00:00","og_image":[{"width":1500,"height":559,"url":"https:\/\/idecesos.com\/seguros\/wp-content\/uploads\/2021\/12\/precio-2.jpg-54.jpeg","type":"image\/jpeg"}],"twitter_card":"summary_large_image","twitter_misc":{"Tiempo de lectura":"75 minutos"},"schema":{"@context":"https:\/\/schema.org","@graph":[{"@type":"WebPage","@id":"https:\/\/idecesos.com\/seguros\/companias\/mapfre\/precio\/","url":"https:\/\/idecesos.com\/seguros\/companias\/mapfre\/precio\/","name":"Precio Seguro Decesos Mapfre \u25b7DTO 25% I Oferta 2026","isPartOf":{"@id":"https:\/\/idecesos.com\/seguros\/#website"},"primaryImageOfPage":{"@id":"https:\/\/idecesos.com\/seguros\/companias\/mapfre\/precio\/#primaryimage"},"image":{"@id":"https:\/\/idecesos.com\/seguros\/companias\/mapfre\/precio\/#primaryimage"},"thumbnailUrl":"https:\/\/idecesos.com\/seguros\/wp-content\/uploads\/2021\/12\/precio-2.jpg-54.jpeg","datePublished":"2021-12-15T16:03:20+00:00","dateModified":"2022-03-10T11:19:59+00:00","description":"Calcular aqu\u00ed\u3010precio seguro de decesos Mapfre\u3011Tarifas, oferta y descuento de seguro defunci\u00f3n Mapfre 2026 \u2611\ufe0fiDecesos\u00ae N\u00ba1 en ahorro","breadcrumb":{"@id":"https:\/\/idecesos.com\/seguros\/companias\/mapfre\/precio\/#breadcrumb"},"inLanguage":"es","potentialAction":[{"@type":"ReadAction","target":["https:\/\/idecesos.com\/seguros\/companias\/mapfre\/precio\/"]}]},{"@type":"ImageObject","inLanguage":"es","@id":"https:\/\/idecesos.com\/seguros\/companias\/mapfre\/precio\/#primaryimage","url":"https:\/\/idecesos.com\/seguros\/wp-content\/uploads\/2021\/12\/precio-2.jpg-54.jpeg","contentUrl":"https:\/\/idecesos.com\/seguros\/wp-content\/uploads\/2021\/12\/precio-2.jpg-54.jpeg","width":1500,"height":559,"caption":"Precio Mapfre"},{"@type":"BreadcrumbList","@id":"https:\/\/idecesos.com\/seguros\/companias\/mapfre\/precio\/#breadcrumb","itemListElement":[{"@type":"ListItem","position":1,"name":"Portada","item":"https:\/\/idecesos.com\/seguros\/"},{"@type":"ListItem","position":2,"name":"Compa\u00f1\u00edas de Seguros de Decesos en Espa\u00f1a","item":"https:\/\/idecesos.com\/seguros\/companias\/"},{"@type":"ListItem","position":3,"name":"Seguro de decesos Mapfre","item":"https:\/\/idecesos.com\/seguros\/companias\/mapfre\/"},{"@type":"ListItem","position":4,"name":"\u00bfCu\u00e1nto cuesta el seguro de decesos Mapfre?"}]},{"@type":"WebSite","@id":"https:\/\/idecesos.com\/seguros\/#website","url":"https:\/\/idecesos.com\/seguros\/","name":"","description":"","potentialAction":[{"@type":"SearchAction","target":{"@type":"EntryPoint","urlTemplate":"https:\/\/idecesos.com\/seguros\/?s={search_term_string}"},"query-input":{"@type":"PropertyValueSpecification","valueRequired":true,"valueName":"search_term_string"}}],"inLanguage":"es"}]}},"_links":{"self":[{"href":"https:\/\/idecesos.com\/seguros\/wp-json\/wp\/v2\/pages\/17424","targetHints":{"allow":["GET"]}}],"collection":[{"href":"https:\/\/idecesos.com\/seguros\/wp-json\/wp\/v2\/pages"}],"about":[{"href":"https:\/\/idecesos.com\/seguros\/wp-json\/wp\/v2\/types\/page"}],"author":[{"embeddable":true,"href":"https:\/\/idecesos.com\/seguros\/wp-json\/wp\/v2\/users\/1"}],"replies":[{"embeddable":true,"href":"https:\/\/idecesos.com\/seguros\/wp-json\/wp\/v2\/comments?post=17424"}],"version-history":[{"count":2,"href":"https:\/\/idecesos.com\/seguros\/wp-json\/wp\/v2\/pages\/17424\/revisions"}],"predecessor-version":[{"id":20117,"href":"https:\/\/idecesos.com\/seguros\/wp-json\/wp\/v2\/pages\/17424\/revisions\/20117"}],"up":[{"embeddable":true,"href":"https:\/\/idecesos.com\/seguros\/wp-json\/wp\/v2\/pages\/414"}],"wp:featuredmedia":[{"embeddable":true,"href":"https:\/\/idecesos.com\/seguros\/wp-json\/wp\/v2\/media\/17425"}],"wp:attachment":[{"href":"https:\/\/idecesos.com\/seguros\/wp-json\/wp\/v2\/media?parent=17424"}],"curies":[{"name":"wp","href":"https:\/\/api.w.org\/{rel}","templated":true}]}}