{"id":17426,"date":"2021-12-15T16:03:21","date_gmt":"2021-12-15T16:03:21","guid":{"rendered":"https:\/\/idecesos.com\/seguros\/companias\/caixa-ontinyent\/precio\/"},"modified":"2022-03-10T10:26:48","modified_gmt":"2022-03-10T10:26:48","slug":"precio","status":"publish","type":"page","link":"https:\/\/idecesos.com\/seguros\/companias\/caixa-ontinyent\/precio\/","title":{"rendered":"\u00bfCu\u00e1nto cuesta el seguro de decesos Caixa Ontinyent?"},"content":{"rendered":"<div id=\"ez-toc-container\" class=\"ez-toc-v2_0_82_2 ez-toc-wrap-center counter-hierarchy ez-toc-counter ez-toc-custom ez-toc-container-direction\">\n<div class=\"ez-toc-title-container\">\n<p class=\"ez-toc-title\" style=\"cursor:inherit\">Tabla de Contenido<\/p>\n<span class=\"ez-toc-title-toggle\"><a href=\"#\" class=\"ez-toc-pull-right ez-toc-btn ez-toc-btn-xs ez-toc-btn-default ez-toc-toggle\" aria-label=\"Alternar tabla de contenidos\"><span class=\"ez-toc-js-icon-con\"><span class=\"\"><span class=\"eztoc-hide\" style=\"display:none;\">Toggle<\/span><span class=\"ez-toc-icon-toggle-span\"><svg style=\"fill: #db6415;color:#db6415\" xmlns=\"http:\/\/www.w3.org\/2000\/svg\" class=\"list-377408\" width=\"20px\" height=\"20px\" viewBox=\"0 0 24 24\" fill=\"none\"><path d=\"M6 6H4v2h2V6zm14 0H8v2h12V6zM4 11h2v2H4v-2zm16 0H8v2h12v-2zM4 16h2v2H4v-2zm16 0H8v2h12v-2z\" fill=\"currentColor\"><\/path><\/svg><svg style=\"fill: #db6415;color:#db6415\" class=\"arrow-unsorted-368013\" xmlns=\"http:\/\/www.w3.org\/2000\/svg\" width=\"10px\" height=\"10px\" viewBox=\"0 0 24 24\" version=\"1.2\" baseProfile=\"tiny\"><path d=\"M18.2 9.3l-6.2-6.3-6.2 6.3c-.2.2-.3.4-.3.7s.1.5.3.7c.2.2.4.3.7.3h11c.3 0 .5-.1.7-.3.2-.2.3-.5.3-.7s-.1-.5-.3-.7zM5.8 14.7l6.2 6.3 6.2-6.3c.2-.2.3-.5.3-.7s-.1-.5-.3-.7c-.2-.2-.4-.3-.7-.3h-11c-.3 0-.5.1-.7.3-.2.2-.3.5-.3.7s.1.5.3.7z\"\/><\/svg><\/span><\/span><\/span><\/a><\/span><\/div>\n<nav><ul class='ez-toc-list ez-toc-list-level-1 ' ><li class='ez-toc-page-1 ez-toc-heading-level-2'><a class=\"ez-toc-link ez-toc-heading-1\" href=\"https:\/\/idecesos.com\/seguros\/companias\/caixa-ontinyent\/precio\/#Calcular_precio_seguro_de_decesos_Caixa_Ontinyent\" >Calcular precio seguro de decesos Caixa Ontinyent<\/a><\/li><li class='ez-toc-page-1 ez-toc-heading-level-2'><a class=\"ez-toc-link ez-toc-heading-2\" href=\"https:\/\/idecesos.com\/seguros\/companias\/caixa-ontinyent\/precio\/#Tabla_comparativa_de_precios_Caixa_Ontinyent\" >Tabla comparativa de precios Caixa Ontinyent<\/a><ul class='ez-toc-list-level-3' ><li class='ez-toc-heading-level-3'><a class=\"ez-toc-link ez-toc-heading-3\" href=\"https:\/\/idecesos.com\/seguros\/companias\/caixa-ontinyent\/precio\/#%C2%BFCual_es_la_mejor_tarifa_de_seguros_de_Caixa_Ontinyent\" >\u00bfCu\u00e1l es la mejor tarifa de seguros de Caixa Ontinyent ?<\/a><\/li><li class='ez-toc-page-1 ez-toc-heading-level-3'><a class=\"ez-toc-link ez-toc-heading-4\" href=\"https:\/\/idecesos.com\/seguros\/companias\/caixa-ontinyent\/precio\/#%C2%BFPuede_aumentar_precio_mensual_de_los_seguros_de_Caixa_Ontinyent\" >\u00bfPuede aumentar precio mensual de los seguros de Caixa Ontinyent ?<\/a><\/li><li class='ez-toc-page-1 ez-toc-heading-level-3'><a class=\"ez-toc-link ez-toc-heading-5\" href=\"https:\/\/idecesos.com\/seguros\/companias\/caixa-ontinyent\/precio\/#%C2%BFEl_precio_de_seguros_de_decesos_Caixa_Ontinyent_sube_con_la_edad\" >\u00bfEl precio de seguros de decesos Caixa Ontinyent sube con la edad?<\/a><\/li><li class='ez-toc-page-1 ez-toc-heading-level-3'><a class=\"ez-toc-link ez-toc-heading-6\" href=\"https:\/\/idecesos.com\/seguros\/companias\/caixa-ontinyent\/precio\/#Paginas_relacionadas\" >P\u00e1ginas relacionadas<\/a><\/li><\/ul><\/li><\/ul><\/nav><\/div>\n<p><br \/>\nEn el sector de los seguros de decesos existen muchos g\u00e9neros de empresas aseguradoras, coberturas y precios entre los que mejor se pueden adaptar a sus necesidades. Es esencial estar informado de las diferentes compa\u00f1\u00edas y productos antes de decantarse por una. No se preocupe. iDecesos ha trabajado por para facilitarle cada uno de ellos de los precios y diferentes modalidades de primas que existen en los seguros de decesos para que en cuesti\u00f3n de minutos puede saber cu\u00e1l es el tipo de seguro que precisa y se adapta a sus necesidades.<\/p>\n<div class=\"colorf\"><div class=\"container clearfix\"><div class=\"col-md-7\">\n<h2><span class=\"ez-toc-section\" id=\"Calcular_precio_seguro_de_decesos_Caixa_Ontinyent\"><\/span>Calcular precio seguro de decesos Caixa Ontinyent<span class=\"ez-toc-section-end\"><\/span><\/h2>\n<p>Caixa Ontinyent se hace cargo de llevar un proceso adaptado para cada uno de sus asegurados ,siguiendo unos pasos muy concretos y de manera muy exhaustiva teniendo presente los diferentes factores que rodean al asegurado para que el c\u00e1lculo sea a su medida y en la circunstancia que se encuentre tenga una tarifa muy equilibrada. Lo esencial es anticiparse a lo que pueda acontecer en un futuro. En menos de un minuto vas a poder saber el precio de la p\u00f3liza que m\u00e1s se amolda a ti gracias a Caixa Ontinyent. Cuentas con la herramienta m\u00e1s f\u00e1cil que puede existir a d\u00eda de hoy en iDecesos con solo rellenar los datos m\u00e1s esenciales obtendr\u00e1s tu tarifa en cuesti\u00f3n de segundos aparte de ello podr\u00e1s visualizar todas y cada una las ventajas como el presupuesto que contiene cada una de la p\u00f3liza. Tan veloz y f\u00e1cil, jam\u00e1s lo hab\u00edas tenido tan f\u00e1cil. Despreoc\u00fapate, puedes efectuar este proceso todas y cada una de las veces que necesites totalmente sin coste.<br \/>\n<\/div><\/div><\/div><\/p>\n<h2><span class=\"ez-toc-section\" id=\"Tabla_comparativa_de_precios_Caixa_Ontinyent\"><\/span>Tabla comparativa de precios Caixa Ontinyent<span class=\"ez-toc-section-end\"><\/span><\/h2>\n<p><div class=\"cabecera_tabla_precio\"><table class=\"table table-striped\"><thead><tr><th class=\"nosepara centrado\">Tipo<\/th><th class=\"nosepara centrado nojustificado\">Precio Desde<\/th><th class=\"nosepara dcha\"><\/th><\/tr><\/thead><tbody><tr class=\"fila_tabla_precio\"><td class=\"nosepara izq\">Precio Seguro Decesos Caixa Ontinyent<\/td><td class=\"nosepara centro\">1,51 \u20ac\/mes<\/td><td class=\"nosepara derecha\">\t\t\t\t\t\n\t\t\t\t\t\t<span class=\"\" style=\"cursor:pointer\" data-bs-toggle=\"modal\" data-bs-target=\"#comparadorModal\">Calcular<\/span>\t\t\t\t\n\t\t\t\t\t\n\t\t\t\t<\/td><\/tr><\/div><tr class=\"fila_tabla_precio\"><td class=\"nosepara izq\">Precio Prima \u00danica Caixa Ontinyent<\/td><td class=\"nosepara centro\">2380 \u20ac<\/td><td class=\"nosepara derecha\">\t\t\t\t\t\n\t\t\t\t\t\t<span class=\"\" style=\"cursor:pointer\" data-bs-toggle=\"modal\" data-bs-target=\"#comparadorModal\">Calcular<\/span>\t\t\t\t\n\t\t\t\t\t\n\t\t\t\t<\/td><\/tr><\/div><tr class=\"fila_tabla_precio\"><td class=\"nosepara izq\">Precio Prima Natural Caixa Ontinyent<\/td><td class=\"nosepara centro\">1,41 \u20ac\/mes<\/td><td class=\"nosepara derecha\">\t\t\t\t\t\n\t\t\t\t\t\t<span class=\"\" style=\"cursor:pointer\" data-bs-toggle=\"modal\" data-bs-target=\"#comparadorModal\">Calcular<\/span>\t\t\t\t\n\t\t\t\t\t\n\t\t\t\t<\/td><\/tr><\/div><tr class=\"fila_tabla_precio\"><td class=\"nosepara izq\">Precio Prima Nivelada Caixa Ontinyent<\/td><td class=\"nosepara centro\">1,59 \u20ac\/mes<\/td><td class=\"nosepara derecha\">\t\t\t\t\t\n\t\t\t\t\t\t<span class=\"\" style=\"cursor:pointer\" data-bs-toggle=\"modal\" data-bs-target=\"#comparadorModal\">Calcular<\/span>\t\t\t\t\n\t\t\t\t\t\n\t\t\t\t<\/td><\/tr><\/div><tr class=\"fila_tabla_precio\"><td class=\"nosepara izq\">Precio Prima Mixta Caixa Ontinyent<\/td><td class=\"nosepara centro\">1,47 \u20ac\/mes<\/td><td class=\"nosepara derecha\">\t\t\t\t\t\n\t\t\t\t\t\t<span class=\"\" style=\"cursor:pointer\" data-bs-toggle=\"modal\" data-bs-target=\"#comparadorModal\">Calcular<\/span>\t\t\t\t\n\t\t\t\t\t\n\t\t\t\t<\/td><\/tr><\/div><tr class=\"fila_tabla_precio\"><td class=\"nosepara izq\">Precio Prima Seminatural Caixa Ontinyent<\/td><td class=\"nosepara centro\">1,47 \u20ac\/mes<\/td><td class=\"nosepara derecha\">\t\t\t\t\t\n\t\t\t\t\t\t<span class=\"\" style=\"cursor:pointer\" data-bs-toggle=\"modal\" data-bs-target=\"#comparadorModal\">Calcular<\/span>\t\t\t\t\n\t\t\t\t\t\n\t\t\t\t<\/td><\/tr><\/div><tr class=\"fila_tabla_precio\"><td class=\"nosepara izq\">Precio con Repatriaci\u00f3n Caixa Ontinyent<\/td><td class=\"nosepara centro\">0,97 \u20ac a la cuota<\/td><td class=\"nosepara derecha\">\t\t\t\t\t\n\t\t\t\t\t\t<span class=\"\" style=\"cursor:pointer\" data-bs-toggle=\"modal\" data-bs-target=\"#comparadorModal\">Calcular<\/span>\t\t\t\t\n\t\t\t\t\t\n\t\t\t\t<\/td><\/tr><\/div><tr class=\"fila_tabla_precio\"><td class=\"nosepara izq\">Precio Seguro Defunci\u00f3n Caixa Ontinyent<\/td><td class=\"nosepara centro\">1,55 \u20ac\/mes<\/td><td class=\"nosepara derecha\">\t\t\t\t\t\n\t\t\t\t\t\t<span class=\"\" style=\"cursor:pointer\" data-bs-toggle=\"modal\" data-bs-target=\"#comparadorModal\">Calcular<\/span>\t\t\t\t\n\t\t\t\t\t\n\t\t\t\t<\/td><\/tr><\/div><tr class=\"fila_tabla_precio\"><td class=\"nosepara izq\">Precio Seguro Fallecimiento Caixa Ontinyent<\/td><td class=\"nosepara centro\">1,66 \u20ac\/mes<\/td><td class=\"nosepara derecha\">\t\t\t\t\t\n\t\t\t\t\t\t<span class=\"\" style=\"cursor:pointer\" data-bs-toggle=\"modal\" data-bs-target=\"#comparadorModal\">Calcular<\/span>\t\t\t\t\n\t\t\t\t\t\n\t\t\t\t<\/td><\/tr><\/div><tr class=\"fila_tabla_precio\"><td class=\"nosepara izq\">Precio Seguro Muertos Caixa Ontinyent<\/td><td class=\"nosepara centro\">1,51 \u20ac\/mes<\/td><td class=\"nosepara derecha\">\t\t\t\t\t\n\t\t\t\t\t\t<span class=\"\" style=\"cursor:pointer\" data-bs-toggle=\"modal\" data-bs-target=\"#comparadorModal\">Calcular<\/span>\t\t\t\t\n\t\t\t\t\t\n\t\t\t\t<\/td><\/tr><\/div><tr class=\"fila_tabla_precio\"><td class=\"nosepara izq\">Precio Asistencia Familiar Caixa Ontinyent<\/td><td class=\"nosepara centro\">1,66 \u20ac\/mes<\/td><td class=\"nosepara derecha\">\t\t\t\t\t\n\t\t\t\t\t\t<span class=\"\" style=\"cursor:pointer\" data-bs-toggle=\"modal\" data-bs-target=\"#comparadorModal\">Calcular<\/span>\t\t\t\t\n\t\t\t\t\t\n\t\t\t\t<\/td><\/tr><\/div><\/tbody><\/table><\/div><\/p>\n<p>Caixa Ontinyent desea facilitarte todo. Con esta tabla comparativa vas a poder ver las diferentes tarifas de cada p\u00f3liza que te ofrecen. No tiene por qu\u00e9 raz\u00f3n preocuparse por nada. Caixa Ontinyent te ofrecer\u00e1 todo cuanto necesites y cubrir\u00e1 el sepelio para que t\u00fa y sus familiares est\u00e9is apacibles en todo momento y no teng\u00e1is que preocuparos de nada. Caixa Ontinyent solo te recuerda que un d\u00eda est\u00e1s de pie y al d\u00eda siguiente, ya no hay siguiente. Caixa Ontinyent siempre y en toda circunstancia estar\u00e1 a tu lado, no aguardes m\u00e1s y contrata su seguro de decesos.<br \/>\n<div class=\"colorf\"><div class=\"container clearfix\"><div class=\"col-md-7\"><\/p>\n<h3><span class=\"ez-toc-section\" id=\"%C2%BFCual_es_la_mejor_tarifa_de_seguros_de_Caixa_Ontinyent\"><\/span>\u00bfCu\u00e1l es la mejor tarifa de seguros de Caixa Ontinyent ?<span class=\"ez-toc-section-end\"><\/span><\/h3>\n<p>Tiene delante la soluci\u00f3n a todas sus demandas para un seguro de defunci\u00f3n con Caixa OntinyentLa serie completa que conforma el seguro de decesos con unas garant\u00edas agregadas que hacen de estas p\u00f3lizas un producto singular y con una alta ventaja competitiva sobre sus principales rivales aseguradores, adem\u00e1s de gozar de los costos m\u00e1s econ\u00f3micos para usted. iDecesos rastrear\u00e1 entre todas las ofertas actualizadas diariamente del mercado de seguros de Espa\u00f1a, acomodando el ranking de precios a los productos que m\u00e1s se adecuen a su perfil.<br \/>\n<\/div><\/div><\/div><\/p>\n<h3><span class=\"ez-toc-section\" id=\"%C2%BFPuede_aumentar_precio_mensual_de_los_seguros_de_Caixa_Ontinyent\"><\/span>\u00bfPuede aumentar precio mensual de los seguros de Caixa Ontinyent ?<span class=\"ez-toc-section-end\"><\/span><\/h3>\n<p>No aguardes a que te pase algo, contrata ya el seguro de decesos de Caixa Ontinyent. Si hay un incremento del precio de su p\u00f3liza no tiene por qu\u00e9 preocuparse, todo quedar\u00e1 recogido en el contrato del asegurado. No es frecuente que haya una subida en el precio de su p\u00f3liza mas si es de esta manera, la compa\u00f1\u00eda no est\u00e1 obligada a informarle. Caixa Ontinyent cuenta con unas cl\u00e1usulas muy espec\u00edficas con lo que no vas a tener ning\u00fan problema.<br \/>\n<div class=\"colorf\"><div class=\"container clearfix\"><div class=\"col-md-7\"><\/p>\n<h3><span class=\"ez-toc-section\" id=\"%C2%BFEl_precio_de_seguros_de_decesos_Caixa_Ontinyent_sube_con_la_edad\"><\/span>\u00bfEl precio de seguros de decesos Caixa Ontinyent sube con la edad?<span class=\"ez-toc-section-end\"><\/span><\/h3>\n<p>\u00bfA\u00fan est\u00e1 dudando sobre qu\u00e9 coberturas precisa o bien qu\u00e9 plan de precios elegir? Caixa Ontinyent te ofrece un seguro de decesos de Prima \u00danica que le ayudar\u00e1 para que pueda vivir apacible el resto de sus d\u00edas, se encargar\u00e1n ir agilizando todos los tr\u00e1mites de la mano de los mejores especialistas que te brindar\u00e1n la mejor calidad de los servicios que haya contratado.<\/p>\n<p>Debe de tomar en consideraci\u00f3n que durante los a\u00f1os las primas pactadas pueden sufrir variaciones en sus cuotas debido a la subida en los precios de los servicios f\u00fanebres, mas en modo alguno perder\u00e1 derechos. Lo que usted pague va a depender de los servicios contratados y de las coberturas extras que quiera incluir. Tiene la posibilidad de dividir el pago de la forma que le resulte m\u00e1s conveniente a su econom\u00eda. iDecesos es la soluci\u00f3n m\u00e1s eficiente en la busca de opciones alternativas a los seguros de decesos tan caros que llevas abonando a lo largo de a\u00f1os y con las mejores compa\u00f1\u00edas aseguradoras del mercado, coberturas geniales y precios altamente competitivos, no esperes m\u00e1s y compara precios en un minuto. Contratando con Caixa Ontinyent deja todo resuelto a sus familiares, allegados y herederos de que cuando llegue su fallecimiento ellos no tendr\u00e1n ninguna preocupaci\u00f3n econ\u00f3mica ni de organizaci\u00f3n de su entierro.<br \/>\n<\/div><\/div><\/div><\/p>\n<h3><span class=\"ez-toc-section\" id=\"Paginas_relacionadas\"><\/span>P\u00e1ginas relacionadas<span class=\"ez-toc-section-end\"><\/span><\/h3><div class=\"enlazado\"><ul> <li><a href=\"https:\/\/idecesos.com\/seguros\/companias\/caixa-ontinyent\/opiniones\/\">Opiniones Caixa Ontinyent<\/a><\/li> <li><a href=\"https:\/\/idecesos.com\/seguros\/companias\/caixa-ontinyent\/precio\/\">Precio seguro Caixa Ontinyent<\/a><\/li> <li><a href=\"https:\/\/idecesos.com\/seguros\/companias\/caixa-ontinyent\/prima-mixta\/\">Caixa Ontinyent Prima Mixta<\/a><\/li> <li><a href=\"https:\/\/idecesos.com\/seguros\/companias\/caixa-ontinyent\/prima-natural\/\">Caixa Ontinyent Prima Natural<\/a><\/li> <li><a href=\"https:\/\/idecesos.com\/seguros\/companias\/caixa-ontinyent\/prima-nivelada\/\">Caixa Ontinyent Prima Nivelada<\/a><\/li> <li><a href=\"https:\/\/idecesos.com\/seguros\/companias\/caixa-ontinyent\/prima-unica\/\">Caixa Ontinyent Prima \u00danica<\/a><\/li> <li><a href=\"https:\/\/idecesos.com\/seguros\/companias\/caixa-ontinyent\/repatriacion\/\">Caixa Ontinyent Repatriaci\u00f3n<\/a><\/li> <li><a href=\"https:\/\/idecesos.com\/seguros\/companias\/caixa-ontinyent\/telefono\/\">Tel\u00e9fono Gratuito Caixa Ontinyent<\/a><\/li><\/ul><\/div>\n","protected":false},"excerpt":{"rendered":"<p>En el sector de los seguros de decesos existen muchos g\u00e9neros de empresas aseguradoras, coberturas y precios entre los que mejor se pueden adaptar a sus necesidades. Es esencial estar informado de las diferentes compa\u00f1\u00edas y productos antes de decantarse por una. No se preocupe. iDecesos ha trabajado por para facilitarle cada uno de ellos&hellip; <\/p>\n","protected":false},"author":1,"featured_media":17427,"parent":519,"menu_order":0,"comment_status":"closed","ping_status":"closed","template":"single.php","meta":{"footnotes":""},"class_list":["post-17426","page","type-page","status-publish","has-post-thumbnail","hentry"],"yoast_head":"<!-- This site is optimized with the Yoast SEO plugin v27.3 - https:\/\/yoast.com\/product\/yoast-seo-wordpress\/ -->\n<title>Precio Seguro Decesos Caixa Ontinyent \u25b7DTO 25% I Oferta 2026<\/title>\n<meta name=\"description\" content=\"Calcular aqu\u00ed\u3010precio seguro de decesos Caixa Ontinyent\u3011Tarifas, oferta y descuento de seguro defunci\u00f3n Caixa Ontinyent 2026 \u2611\ufe0fiDecesos\u00ae N\u00ba1 en ahorro\" \/>\n<meta name=\"robots\" content=\"index, follow, max-snippet:-1, max-image-preview:large, max-video-preview:-1\" \/>\n<link rel=\"canonical\" href=\"https:\/\/idecesos.com\/seguros\/companias\/caixa-ontinyent\/precio\/\" \/>\n<meta property=\"og:locale\" content=\"es_ES\" \/>\n<meta property=\"og:type\" content=\"article\" \/>\n<meta property=\"og:title\" content=\"Precio Seguro Decesos Caixa Ontinyent \u25b7DTO 25% I Oferta 2026\" \/>\n<meta property=\"og:description\" content=\"Calcular aqu\u00ed\u3010precio seguro de decesos Caixa Ontinyent\u3011Tarifas, oferta y descuento de seguro defunci\u00f3n Caixa Ontinyent 2026 \u2611\ufe0fiDecesos\u00ae N\u00ba1 en ahorro\" \/>\n<meta property=\"og:url\" content=\"https:\/\/idecesos.com\/seguros\/companias\/caixa-ontinyent\/precio\/\" \/>\n<meta property=\"article:modified_time\" content=\"2022-03-10T10:26:48+00:00\" \/>\n<meta property=\"og:image\" content=\"https:\/\/idecesos.com\/seguros\/wp-content\/uploads\/2021\/12\/precio-2.jpg-55.jpeg\" \/>\n\t<meta property=\"og:image:width\" content=\"1500\" \/>\n\t<meta property=\"og:image:height\" content=\"559\" \/>\n\t<meta property=\"og:image:type\" content=\"image\/jpeg\" \/>\n<meta name=\"twitter:card\" content=\"summary_large_image\" \/>\n<meta name=\"twitter:label1\" content=\"Tiempo de lectura\" \/>\n\t<meta name=\"twitter:data1\" content=\"75 minutos\" \/>\n<script type=\"application\/ld+json\" class=\"yoast-schema-graph\">{\"@context\":\"https:\\\/\\\/schema.org\",\"@graph\":[{\"@type\":\"WebPage\",\"@id\":\"https:\\\/\\\/idecesos.com\\\/seguros\\\/companias\\\/caixa-ontinyent\\\/precio\\\/\",\"url\":\"https:\\\/\\\/idecesos.com\\\/seguros\\\/companias\\\/caixa-ontinyent\\\/precio\\\/\",\"name\":\"Precio Seguro Decesos Caixa Ontinyent \u25b7DTO 25% I Oferta 2026\",\"isPartOf\":{\"@id\":\"https:\\\/\\\/idecesos.com\\\/seguros\\\/#website\"},\"primaryImageOfPage\":{\"@id\":\"https:\\\/\\\/idecesos.com\\\/seguros\\\/companias\\\/caixa-ontinyent\\\/precio\\\/#primaryimage\"},\"image\":{\"@id\":\"https:\\\/\\\/idecesos.com\\\/seguros\\\/companias\\\/caixa-ontinyent\\\/precio\\\/#primaryimage\"},\"thumbnailUrl\":\"https:\\\/\\\/idecesos.com\\\/seguros\\\/wp-content\\\/uploads\\\/2021\\\/12\\\/precio-2.jpg-55.jpeg\",\"datePublished\":\"2021-12-15T16:03:21+00:00\",\"dateModified\":\"2022-03-10T10:26:48+00:00\",\"description\":\"Calcular aqu\u00ed\u3010precio seguro de decesos Caixa Ontinyent\u3011Tarifas, oferta y descuento de seguro defunci\u00f3n Caixa Ontinyent 2026 \u2611\ufe0fiDecesos\u00ae N\u00ba1 en ahorro\",\"breadcrumb\":{\"@id\":\"https:\\\/\\\/idecesos.com\\\/seguros\\\/companias\\\/caixa-ontinyent\\\/precio\\\/#breadcrumb\"},\"inLanguage\":\"es\",\"potentialAction\":[{\"@type\":\"ReadAction\",\"target\":[\"https:\\\/\\\/idecesos.com\\\/seguros\\\/companias\\\/caixa-ontinyent\\\/precio\\\/\"]}]},{\"@type\":\"ImageObject\",\"inLanguage\":\"es\",\"@id\":\"https:\\\/\\\/idecesos.com\\\/seguros\\\/companias\\\/caixa-ontinyent\\\/precio\\\/#primaryimage\",\"url\":\"https:\\\/\\\/idecesos.com\\\/seguros\\\/wp-content\\\/uploads\\\/2021\\\/12\\\/precio-2.jpg-55.jpeg\",\"contentUrl\":\"https:\\\/\\\/idecesos.com\\\/seguros\\\/wp-content\\\/uploads\\\/2021\\\/12\\\/precio-2.jpg-55.jpeg\",\"width\":1500,\"height\":559,\"caption\":\"Precio Caixa Ontinyent\"},{\"@type\":\"BreadcrumbList\",\"@id\":\"https:\\\/\\\/idecesos.com\\\/seguros\\\/companias\\\/caixa-ontinyent\\\/precio\\\/#breadcrumb\",\"itemListElement\":[{\"@type\":\"ListItem\",\"position\":1,\"name\":\"Portada\",\"item\":\"https:\\\/\\\/idecesos.com\\\/seguros\\\/\"},{\"@type\":\"ListItem\",\"position\":2,\"name\":\"Compa\u00f1\u00edas de Seguros de Decesos en Espa\u00f1a\",\"item\":\"https:\\\/\\\/idecesos.com\\\/seguros\\\/companias\\\/\"},{\"@type\":\"ListItem\",\"position\":3,\"name\":\"Seguro de decesos Caixa Ontinyent\",\"item\":\"https:\\\/\\\/idecesos.com\\\/seguros\\\/companias\\\/caixa-ontinyent\\\/\"},{\"@type\":\"ListItem\",\"position\":4,\"name\":\"\u00bfCu\u00e1nto cuesta el seguro de decesos Caixa Ontinyent?\"}]},{\"@type\":\"WebSite\",\"@id\":\"https:\\\/\\\/idecesos.com\\\/seguros\\\/#website\",\"url\":\"https:\\\/\\\/idecesos.com\\\/seguros\\\/\",\"name\":\"\",\"description\":\"\",\"potentialAction\":[{\"@type\":\"SearchAction\",\"target\":{\"@type\":\"EntryPoint\",\"urlTemplate\":\"https:\\\/\\\/idecesos.com\\\/seguros\\\/?s={search_term_string}\"},\"query-input\":{\"@type\":\"PropertyValueSpecification\",\"valueRequired\":true,\"valueName\":\"search_term_string\"}}],\"inLanguage\":\"es\"}]}<\/script>\n<!-- \/ Yoast SEO plugin. -->","yoast_head_json":{"title":"Precio Seguro Decesos Caixa Ontinyent \u25b7DTO 25% I Oferta 2026","description":"Calcular aqu\u00ed\u3010precio seguro de decesos Caixa Ontinyent\u3011Tarifas, oferta y descuento de seguro defunci\u00f3n Caixa Ontinyent 2026 \u2611\ufe0fiDecesos\u00ae N\u00ba1 en ahorro","robots":{"index":"index","follow":"follow","max-snippet":"max-snippet:-1","max-image-preview":"max-image-preview:large","max-video-preview":"max-video-preview:-1"},"canonical":"https:\/\/idecesos.com\/seguros\/companias\/caixa-ontinyent\/precio\/","og_locale":"es_ES","og_type":"article","og_title":"Precio Seguro Decesos Caixa Ontinyent \u25b7DTO 25% I Oferta 2026","og_description":"Calcular aqu\u00ed\u3010precio seguro de decesos Caixa Ontinyent\u3011Tarifas, oferta y descuento de seguro defunci\u00f3n Caixa Ontinyent 2026 \u2611\ufe0fiDecesos\u00ae N\u00ba1 en ahorro","og_url":"https:\/\/idecesos.com\/seguros\/companias\/caixa-ontinyent\/precio\/","article_modified_time":"2022-03-10T10:26:48+00:00","og_image":[{"width":1500,"height":559,"url":"https:\/\/idecesos.com\/seguros\/wp-content\/uploads\/2021\/12\/precio-2.jpg-55.jpeg","type":"image\/jpeg"}],"twitter_card":"summary_large_image","twitter_misc":{"Tiempo de lectura":"75 minutos"},"schema":{"@context":"https:\/\/schema.org","@graph":[{"@type":"WebPage","@id":"https:\/\/idecesos.com\/seguros\/companias\/caixa-ontinyent\/precio\/","url":"https:\/\/idecesos.com\/seguros\/companias\/caixa-ontinyent\/precio\/","name":"Precio Seguro Decesos Caixa Ontinyent \u25b7DTO 25% I Oferta 2026","isPartOf":{"@id":"https:\/\/idecesos.com\/seguros\/#website"},"primaryImageOfPage":{"@id":"https:\/\/idecesos.com\/seguros\/companias\/caixa-ontinyent\/precio\/#primaryimage"},"image":{"@id":"https:\/\/idecesos.com\/seguros\/companias\/caixa-ontinyent\/precio\/#primaryimage"},"thumbnailUrl":"https:\/\/idecesos.com\/seguros\/wp-content\/uploads\/2021\/12\/precio-2.jpg-55.jpeg","datePublished":"2021-12-15T16:03:21+00:00","dateModified":"2022-03-10T10:26:48+00:00","description":"Calcular aqu\u00ed\u3010precio seguro de decesos Caixa Ontinyent\u3011Tarifas, oferta y descuento de seguro defunci\u00f3n Caixa Ontinyent 2026 \u2611\ufe0fiDecesos\u00ae N\u00ba1 en ahorro","breadcrumb":{"@id":"https:\/\/idecesos.com\/seguros\/companias\/caixa-ontinyent\/precio\/#breadcrumb"},"inLanguage":"es","potentialAction":[{"@type":"ReadAction","target":["https:\/\/idecesos.com\/seguros\/companias\/caixa-ontinyent\/precio\/"]}]},{"@type":"ImageObject","inLanguage":"es","@id":"https:\/\/idecesos.com\/seguros\/companias\/caixa-ontinyent\/precio\/#primaryimage","url":"https:\/\/idecesos.com\/seguros\/wp-content\/uploads\/2021\/12\/precio-2.jpg-55.jpeg","contentUrl":"https:\/\/idecesos.com\/seguros\/wp-content\/uploads\/2021\/12\/precio-2.jpg-55.jpeg","width":1500,"height":559,"caption":"Precio Caixa Ontinyent"},{"@type":"BreadcrumbList","@id":"https:\/\/idecesos.com\/seguros\/companias\/caixa-ontinyent\/precio\/#breadcrumb","itemListElement":[{"@type":"ListItem","position":1,"name":"Portada","item":"https:\/\/idecesos.com\/seguros\/"},{"@type":"ListItem","position":2,"name":"Compa\u00f1\u00edas de Seguros de Decesos en Espa\u00f1a","item":"https:\/\/idecesos.com\/seguros\/companias\/"},{"@type":"ListItem","position":3,"name":"Seguro de decesos Caixa Ontinyent","item":"https:\/\/idecesos.com\/seguros\/companias\/caixa-ontinyent\/"},{"@type":"ListItem","position":4,"name":"\u00bfCu\u00e1nto cuesta el seguro de decesos Caixa Ontinyent?"}]},{"@type":"WebSite","@id":"https:\/\/idecesos.com\/seguros\/#website","url":"https:\/\/idecesos.com\/seguros\/","name":"","description":"","potentialAction":[{"@type":"SearchAction","target":{"@type":"EntryPoint","urlTemplate":"https:\/\/idecesos.com\/seguros\/?s={search_term_string}"},"query-input":{"@type":"PropertyValueSpecification","valueRequired":true,"valueName":"search_term_string"}}],"inLanguage":"es"}]}},"_links":{"self":[{"href":"https:\/\/idecesos.com\/seguros\/wp-json\/wp\/v2\/pages\/17426","targetHints":{"allow":["GET"]}}],"collection":[{"href":"https:\/\/idecesos.com\/seguros\/wp-json\/wp\/v2\/pages"}],"about":[{"href":"https:\/\/idecesos.com\/seguros\/wp-json\/wp\/v2\/types\/page"}],"author":[{"embeddable":true,"href":"https:\/\/idecesos.com\/seguros\/wp-json\/wp\/v2\/users\/1"}],"replies":[{"embeddable":true,"href":"https:\/\/idecesos.com\/seguros\/wp-json\/wp\/v2\/comments?post=17426"}],"version-history":[{"count":2,"href":"https:\/\/idecesos.com\/seguros\/wp-json\/wp\/v2\/pages\/17426\/revisions"}],"predecessor-version":[{"id":20061,"href":"https:\/\/idecesos.com\/seguros\/wp-json\/wp\/v2\/pages\/17426\/revisions\/20061"}],"up":[{"embeddable":true,"href":"https:\/\/idecesos.com\/seguros\/wp-json\/wp\/v2\/pages\/519"}],"wp:featuredmedia":[{"embeddable":true,"href":"https:\/\/idecesos.com\/seguros\/wp-json\/wp\/v2\/media\/17427"}],"wp:attachment":[{"href":"https:\/\/idecesos.com\/seguros\/wp-json\/wp\/v2\/media?parent=17426"}],"curies":[{"name":"wp","href":"https:\/\/api.w.org\/{rel}","templated":true}]}}