{"id":17434,"date":"2021-12-15T16:03:24","date_gmt":"2021-12-15T16:03:24","guid":{"rendered":"https:\/\/idecesos.com\/seguros\/companias\/kutxabank\/precio\/"},"modified":"2022-03-10T11:07:20","modified_gmt":"2022-03-10T11:07:20","slug":"precio","status":"publish","type":"page","link":"https:\/\/idecesos.com\/seguros\/companias\/kutxabank\/precio\/","title":{"rendered":"\u00bfCu\u00e1nto cuesta el seguro de decesos Kutxabank?"},"content":{"rendered":"<div id=\"ez-toc-container\" class=\"ez-toc-v2_0_82_2 ez-toc-wrap-center counter-hierarchy ez-toc-counter ez-toc-custom ez-toc-container-direction\">\n<div class=\"ez-toc-title-container\">\n<p class=\"ez-toc-title\" style=\"cursor:inherit\">Tabla de Contenido<\/p>\n<span class=\"ez-toc-title-toggle\"><a href=\"#\" class=\"ez-toc-pull-right ez-toc-btn ez-toc-btn-xs ez-toc-btn-default ez-toc-toggle\" aria-label=\"Alternar tabla de contenidos\"><span class=\"ez-toc-js-icon-con\"><span class=\"\"><span class=\"eztoc-hide\" style=\"display:none;\">Toggle<\/span><span class=\"ez-toc-icon-toggle-span\"><svg style=\"fill: #db6415;color:#db6415\" xmlns=\"http:\/\/www.w3.org\/2000\/svg\" class=\"list-377408\" width=\"20px\" height=\"20px\" viewBox=\"0 0 24 24\" fill=\"none\"><path d=\"M6 6H4v2h2V6zm14 0H8v2h12V6zM4 11h2v2H4v-2zm16 0H8v2h12v-2zM4 16h2v2H4v-2zm16 0H8v2h12v-2z\" fill=\"currentColor\"><\/path><\/svg><svg style=\"fill: #db6415;color:#db6415\" class=\"arrow-unsorted-368013\" xmlns=\"http:\/\/www.w3.org\/2000\/svg\" width=\"10px\" height=\"10px\" viewBox=\"0 0 24 24\" version=\"1.2\" baseProfile=\"tiny\"><path d=\"M18.2 9.3l-6.2-6.3-6.2 6.3c-.2.2-.3.4-.3.7s.1.5.3.7c.2.2.4.3.7.3h11c.3 0 .5-.1.7-.3.2-.2.3-.5.3-.7s-.1-.5-.3-.7zM5.8 14.7l6.2 6.3 6.2-6.3c.2-.2.3-.5.3-.7s-.1-.5-.3-.7c-.2-.2-.4-.3-.7-.3h-11c-.3 0-.5.1-.7.3-.2.2-.3.5-.3.7s.1.5.3.7z\"\/><\/svg><\/span><\/span><\/span><\/a><\/span><\/div>\n<nav><ul class='ez-toc-list ez-toc-list-level-1 ' ><li class='ez-toc-page-1 ez-toc-heading-level-2'><a class=\"ez-toc-link ez-toc-heading-1\" href=\"https:\/\/idecesos.com\/seguros\/companias\/kutxabank\/precio\/#Calcular_precio_seguro_de_decesos_Kutxabank\" >Calcular precio seguro de decesos Kutxabank<\/a><\/li><li class='ez-toc-page-1 ez-toc-heading-level-2'><a class=\"ez-toc-link ez-toc-heading-2\" href=\"https:\/\/idecesos.com\/seguros\/companias\/kutxabank\/precio\/#Tabla_comparativa_de_precios_Kutxabank\" >Tabla comparativa de precios Kutxabank<\/a><ul class='ez-toc-list-level-3' ><li class='ez-toc-heading-level-3'><a class=\"ez-toc-link ez-toc-heading-3\" href=\"https:\/\/idecesos.com\/seguros\/companias\/kutxabank\/precio\/#%C2%BFCual_es_la_mejor_tarifa_de_seguros_de_Kutxabank\" >\u00bfCu\u00e1l es la mejor tarifa de seguros de Kutxabank ?<\/a><\/li><li class='ez-toc-page-1 ez-toc-heading-level-3'><a class=\"ez-toc-link ez-toc-heading-4\" href=\"https:\/\/idecesos.com\/seguros\/companias\/kutxabank\/precio\/#%C2%BFPuede_aumentar_precio_mensual_de_los_seguros_de_Kutxabank\" >\u00bfPuede aumentar precio mensual de los seguros de Kutxabank ?<\/a><\/li><li class='ez-toc-page-1 ez-toc-heading-level-3'><a class=\"ez-toc-link ez-toc-heading-5\" href=\"https:\/\/idecesos.com\/seguros\/companias\/kutxabank\/precio\/#%C2%BFEl_precio_de_seguros_de_decesos_Kutxabank_sube_con_la_edad\" >\u00bfEl precio de seguros de decesos Kutxabank sube con la edad?<\/a><\/li><li class='ez-toc-page-1 ez-toc-heading-level-3'><a class=\"ez-toc-link ez-toc-heading-6\" href=\"https:\/\/idecesos.com\/seguros\/companias\/kutxabank\/precio\/#Paginas_relacionadas\" >P\u00e1ginas relacionadas<\/a><\/li><\/ul><\/li><\/ul><\/nav><\/div>\n<p><br \/>\nKutxabank ha conseguido que todos sus clientes conf\u00eden absolutamente en la compa\u00f1\u00eda aseguradora con un m\u00e1s de un cien por cien . Cada cierto tiempo van regulando los precios a fin de que todos puedan obtener un seguro de decesos, donde les asegure la tranquilidad de que va a quedar cubierto al completo en base al instante del sepelio garantizando las mejores coberturas. En principio se llevar\u00e1 un determinado proceso para el estudio del asegurado con la p\u00f3liza, por lo que puede resultar de diferentes opciones alternativas, en el instante de la obtenci\u00f3n de la p\u00f3liza podr\u00eda llegar a ser incesante o no en cierto tiempo. Se van a tomar en cuenta diferentes caracter\u00edsticas para asegurar un c\u00e1lculo exacto para el asegurado. Kutxabank se ha encargado de solucionar y facilitar que sus tarifas de seguro de decesos no sea uno de los primordiales motivos por los cuales no se adquiera la p\u00f3liza, Kutxabank solo asegura que todos puedan contar con un seguro de decesos. Lo que importa es que la empresa de seguros realizar\u00e1 la regulaci\u00f3n de su precio adapt\u00e1ndose en todo instante a ti.<\/p>\n<div class=\"colorf\"><div class=\"container clearfix\"><div class=\"col-md-7\">\n<h2><span class=\"ez-toc-section\" id=\"Calcular_precio_seguro_de_decesos_Kutxabank\"><\/span>Calcular precio seguro de decesos Kutxabank<span class=\"ez-toc-section-end\"><\/span><\/h2>\n<p>Merced a iDecesos calcular el precio de su seguro de decesos es muy sencillo. Solo debes rellenar los campos que te pedimos y nuestros profesionales se ocupar\u00e1 de filtrar los seguros que mejor se amolden a sus necesidades. Contratar una p\u00f3liza de decesos de Kutxabank tiene muchos beneficios.<\/p>\n<p>En primer lugar la calma que te ofrece a ti y a tu familia. Por otra parte, su profesionalidad. No se preocupe, Kutxabank le facilitar\u00e1 todos y cada uno de los tr\u00e1mites y estar\u00e1n a su lado en ese duro instante que es la p\u00e9rdida de un ser querido.<br \/>\n<\/div><\/div><\/div><\/p>\n<h2><span class=\"ez-toc-section\" id=\"Tabla_comparativa_de_precios_Kutxabank\"><\/span>Tabla comparativa de precios Kutxabank<span class=\"ez-toc-section-end\"><\/span><\/h2>\n<p><div class=\"cabecera_tabla_precio\"><table class=\"table table-striped\"><thead><tr><th class=\"nosepara centrado\">Tipo<\/th><th class=\"nosepara centrado nojustificado\">Precio Desde<\/th><th class=\"nosepara dcha\"><\/th><\/tr><\/thead><tbody><tr class=\"fila_tabla_precio\"><td class=\"nosepara izq\">Precio Seguro Decesos Kutxabank<\/td><td class=\"nosepara centro\">1,58 \u20ac\/mes<\/td><td class=\"nosepara derecha\">\t\t\t\t\t\n\t\t\t\t\t\t<span class=\"\" style=\"cursor:pointer\" data-bs-toggle=\"modal\" data-bs-target=\"#comparadorModal\">Calcular<\/span>\t\t\t\t\n\t\t\t\t\t\n\t\t\t\t<\/td><\/tr><\/div><tr class=\"fila_tabla_precio\"><td class=\"nosepara izq\">Precio Prima \u00danica Kutxabank<\/td><td class=\"nosepara centro\">2320 \u20ac<\/td><td class=\"nosepara derecha\">\t\t\t\t\t\n\t\t\t\t\t\t<span class=\"\" style=\"cursor:pointer\" data-bs-toggle=\"modal\" data-bs-target=\"#comparadorModal\">Calcular<\/span>\t\t\t\t\n\t\t\t\t\t\n\t\t\t\t<\/td><\/tr><\/div><tr class=\"fila_tabla_precio\"><td class=\"nosepara izq\">Precio Prima Natural Kutxabank<\/td><td class=\"nosepara centro\">1,31 \u20ac\/mes<\/td><td class=\"nosepara derecha\">\t\t\t\t\t\n\t\t\t\t\t\t<span class=\"\" style=\"cursor:pointer\" data-bs-toggle=\"modal\" data-bs-target=\"#comparadorModal\">Calcular<\/span>\t\t\t\t\n\t\t\t\t\t\n\t\t\t\t<\/td><\/tr><\/div><tr class=\"fila_tabla_precio\"><td class=\"nosepara izq\">Precio Prima Nivelada Kutxabank<\/td><td class=\"nosepara centro\">1,50 \u20ac\/mes<\/td><td class=\"nosepara derecha\">\t\t\t\t\t\n\t\t\t\t\t\t<span class=\"\" style=\"cursor:pointer\" data-bs-toggle=\"modal\" data-bs-target=\"#comparadorModal\">Calcular<\/span>\t\t\t\t\n\t\t\t\t\t\n\t\t\t\t<\/td><\/tr><\/div><tr class=\"fila_tabla_precio\"><td class=\"nosepara izq\">Precio Prima Mixta Kutxabank<\/td><td class=\"nosepara centro\">1,24 \u20ac\/mes<\/td><td class=\"nosepara derecha\">\t\t\t\t\t\n\t\t\t\t\t\t<span class=\"\" style=\"cursor:pointer\" data-bs-toggle=\"modal\" data-bs-target=\"#comparadorModal\">Calcular<\/span>\t\t\t\t\n\t\t\t\t\t\n\t\t\t\t<\/td><\/tr><\/div><tr class=\"fila_tabla_precio\"><td class=\"nosepara izq\">Precio Prima Seminatural Kutxabank<\/td><td class=\"nosepara centro\">1,32 \u20ac\/mes<\/td><td class=\"nosepara derecha\">\t\t\t\t\t\n\t\t\t\t\t\t<span class=\"\" style=\"cursor:pointer\" data-bs-toggle=\"modal\" data-bs-target=\"#comparadorModal\">Calcular<\/span>\t\t\t\t\n\t\t\t\t\t\n\t\t\t\t<\/td><\/tr><\/div><tr class=\"fila_tabla_precio\"><td class=\"nosepara izq\">Precio con Repatriaci\u00f3n Kutxabank<\/td><td class=\"nosepara centro\">0,93 \u20ac a la cuota<\/td><td class=\"nosepara derecha\">\t\t\t\t\t\n\t\t\t\t\t\t<span class=\"\" style=\"cursor:pointer\" data-bs-toggle=\"modal\" data-bs-target=\"#comparadorModal\">Calcular<\/span>\t\t\t\t\n\t\t\t\t\t\n\t\t\t\t<\/td><\/tr><\/div><tr class=\"fila_tabla_precio\"><td class=\"nosepara izq\">Precio Seguro Defunci\u00f3n Kutxabank<\/td><td class=\"nosepara centro\">1,58 \u20ac\/mes<\/td><td class=\"nosepara derecha\">\t\t\t\t\t\n\t\t\t\t\t\t<span class=\"\" style=\"cursor:pointer\" data-bs-toggle=\"modal\" data-bs-target=\"#comparadorModal\">Calcular<\/span>\t\t\t\t\n\t\t\t\t\t\n\t\t\t\t<\/td><\/tr><\/div><tr class=\"fila_tabla_precio\"><td class=\"nosepara izq\">Precio Seguro Fallecimiento Kutxabank<\/td><td class=\"nosepara centro\">1,65 \u20ac\/mes<\/td><td class=\"nosepara derecha\">\t\t\t\t\t\n\t\t\t\t\t\t<span class=\"\" style=\"cursor:pointer\" data-bs-toggle=\"modal\" data-bs-target=\"#comparadorModal\">Calcular<\/span>\t\t\t\t\n\t\t\t\t\t\n\t\t\t\t<\/td><\/tr><\/div><tr class=\"fila_tabla_precio\"><td class=\"nosepara izq\">Precio Seguro Muertos Kutxabank<\/td><td class=\"nosepara centro\">1,60 \u20ac\/mes<\/td><td class=\"nosepara derecha\">\t\t\t\t\t\n\t\t\t\t\t\t<span class=\"\" style=\"cursor:pointer\" data-bs-toggle=\"modal\" data-bs-target=\"#comparadorModal\">Calcular<\/span>\t\t\t\t\n\t\t\t\t\t\n\t\t\t\t<\/td><\/tr><\/div><tr class=\"fila_tabla_precio\"><td class=\"nosepara izq\">Precio Asistencia Familiar Kutxabank<\/td><td class=\"nosepara centro\">1,62 \u20ac\/mes<\/td><td class=\"nosepara derecha\">\t\t\t\t\t\n\t\t\t\t\t\t<span class=\"\" style=\"cursor:pointer\" data-bs-toggle=\"modal\" data-bs-target=\"#comparadorModal\">Calcular<\/span>\t\t\t\t\n\t\t\t\t\t\n\t\t\t\t<\/td><\/tr><\/div><\/tbody><\/table><\/div><\/p>\n<p>Ac\u00e1 abajo le mostramos una tabla con todas las tarifas de cada tipo de prima que le brinda Kutxabank con su seguro de decesos. Estas primas han sido ideadas por Kutxabank para que se puedan amoldar a cada cliente del servicio y sus necesidades. Ac\u00e1 est\u00e1n los precios de los diferentes g\u00e9neros de primas que tiene Kutxabank.<br \/>\n<div class=\"colorf\"><div class=\"container clearfix\"><div class=\"col-md-7\"><\/p>\n<h3><span class=\"ez-toc-section\" id=\"%C2%BFCual_es_la_mejor_tarifa_de_seguros_de_Kutxabank\"><\/span>\u00bfCu\u00e1l es la mejor tarifa de seguros de Kutxabank ?<span class=\"ez-toc-section-end\"><\/span><\/h3>\n<p>Kutxabank destaca por sus m\u00faltiples tarifas. Usted podr\u00e1 elegir la que mejor se adapte a y a sus necesidades. Comenzando por el precio y finalizando por sus coberturas. Kutxabank tiene diferentes modalidades de seguros que se amoldan a todas tus necesidades y presupuestos. Contando con las coberturas m\u00e1s renovadas del mercado, se tendr\u00e1 en cuenta la edad de la persona asegurada, incluyendo ofertas o descuentos en cada uno de ellos de sus precios de los seguros de decesos de Kutxabank. En la tabla de arriba podr\u00e1s localizar todos los detalles de los diferentes precios de cada una de las primas que le ofrecen. Te asesoramos de forma sin costo con 0 dificultades.<br \/>\n<\/div><\/div><\/div><\/p>\n<h3><span class=\"ez-toc-section\" id=\"%C2%BFPuede_aumentar_precio_mensual_de_los_seguros_de_Kutxabank\"><\/span>\u00bfPuede aumentar precio mensual de los seguros de Kutxabank ?<span class=\"ez-toc-section-end\"><\/span><\/h3>\n<p>A continuaci\u00f3n le explicamos los diferentes g\u00e9neros de primas que existen. Kutxabank tiene una gran variedad a fin de que puedas seleccionar la que m\u00e1s se amolde a tus necesidades. En Espa\u00f1a, nueve de cada 10 asegurados en decesos se ha subscrito a un seguro con prima nivelada. <strong>\u2022 Prima \u00fanica:<\/strong> Esta prima cubre el sepelio de personas que han pasado la edad de jubilaci\u00f3n o bien que tengan la existencia de una enfermedad grave. Con una sola aportaci\u00f3n en el pago, este tipo de primas acostumbran a ser contratadas por personas de avanzada edad que nunca ya antes han contratado un seguro. Desde la edad de jubilaci\u00f3n el pago de esta prima se sostendr\u00e1 y no variar\u00e1. Si bien puede sufrir alg\u00fan cambio en sus pagos por la actualizaci\u00f3n de los capitales asegurados si bien se identifica por ser incesante.<br \/>\n<strong>\u2022 Prima Natural:<\/strong> El pago esta prima se actualiza anualmente, el c\u00e1lculo del pago de estas p\u00f3lizas se calcula por los a\u00f1os que tiene usted en ese momento y lo comparan con el aumento de fallecimiento que pueda tener con el paso de los a\u00f1os, es por esto que, todos los a\u00f1os va subiendo el precio de esta prima de forma paulatina.<\/p>\n<p><strong>\u2022 Prima Mixta:<\/strong> Este tipo de prima es la uni\u00f3n entre la Prima Nivelada y Prima Natural y re\u00fane lo mejor de ambas.<\/p>\n<p>Todos los g\u00e9neros de primas que comparamos independientemente de la aseguradora con la que contraten, permiten dividir el recibo a fin de que sea lo m\u00e1s f\u00e1cil posible pagarlo y no lo resienta en su cuenta corriente, adem\u00e1s de esto esto no afectar\u00e1 en adolecer de ninguna garant\u00eda.<br \/>\n<div class=\"colorf\"><div class=\"container clearfix\"><div class=\"col-md-7\"><\/p>\n<h3><span class=\"ez-toc-section\" id=\"%C2%BFEl_precio_de_seguros_de_decesos_Kutxabank_sube_con_la_edad\"><\/span>\u00bfEl precio de seguros de decesos Kutxabank sube con la edad?<span class=\"ez-toc-section-end\"><\/span><\/h3>\n<p>Despreoc\u00fapate, Kutxabank no va a subir las tarifas por la edad del asegurado. Si bien el aumento de su p\u00f3liza puede ocasionarse, no tiene porqu\u00e9 preocuparse, es muy dif\u00edcil que esto ocurra por lo que puede estar tranquilo. Cuando se realiza la p\u00f3liza se hace referencia a la edad de la persona asegurada. Kutxabank tiene diferentes modalidades que son la prima nivelada, prima natural, prima mixta, prima seminatural y prima \u00fanica. Contratar un seguro de decesos no tiene una edad limitada por lo que las coberturas que da la empresa aseguradora son m\u00e1s valoradas por sus clientes del servicio. No tengas dudas, ha llegado el instante de contratar tu seguro de decesos con Kutxabank.<br \/>\n<\/div><\/div><\/div><\/p>\n<h3><span class=\"ez-toc-section\" id=\"Paginas_relacionadas\"><\/span>P\u00e1ginas relacionadas<span class=\"ez-toc-section-end\"><\/span><\/h3><div class=\"enlazado\"><ul> <li><a href=\"https:\/\/idecesos.com\/seguros\/companias\/kutxabank\/laboral\/\">Seguro de Decesos Kutxabank LABORAL<\/a><\/li> <li><a href=\"https:\/\/idecesos.com\/seguros\/companias\/kutxabank\/opiniones\/\">Opiniones Kutxabank<\/a><\/li> <li><a href=\"https:\/\/idecesos.com\/seguros\/companias\/kutxabank\/precio\/\">Precio seguro Kutxabank<\/a><\/li> <li><a href=\"https:\/\/idecesos.com\/seguros\/companias\/kutxabank\/prima-mixta\/\">Kutxabank Prima Mixta<\/a><\/li> <li><a href=\"https:\/\/idecesos.com\/seguros\/companias\/kutxabank\/prima-natural\/\">Kutxabank Prima Natural<\/a><\/li> <li><a href=\"https:\/\/idecesos.com\/seguros\/companias\/kutxabank\/prima-nivelada\/\">Kutxabank Prima Nivelada<\/a><\/li> <li><a href=\"https:\/\/idecesos.com\/seguros\/companias\/kutxabank\/prima-unica\/\">Kutxabank Prima \u00danica<\/a><\/li> <li><a href=\"https:\/\/idecesos.com\/seguros\/companias\/kutxabank\/repatriacion\/\">Kutxabank Repatriaci\u00f3n<\/a><\/li> <li><a href=\"https:\/\/idecesos.com\/seguros\/companias\/kutxabank\/telefono\/\">Tel\u00e9fono Gratuito Kutxabank<\/a><\/li><\/ul><\/div>\n","protected":false},"excerpt":{"rendered":"<p>Kutxabank ha conseguido que todos sus clientes conf\u00eden absolutamente en la compa\u00f1\u00eda aseguradora con un m\u00e1s de un cien por cien . Cada cierto tiempo van regulando los precios a fin de que todos puedan obtener un seguro de decesos, donde les asegure la tranquilidad de que va a quedar cubierto al completo en base&hellip; <\/p>\n","protected":false},"author":1,"featured_media":17435,"parent":1079,"menu_order":0,"comment_status":"closed","ping_status":"closed","template":"single.php","meta":{"footnotes":""},"class_list":["post-17434","page","type-page","status-publish","has-post-thumbnail","hentry"],"yoast_head":"<!-- This site is optimized with the Yoast SEO plugin v27.2 - https:\/\/yoast.com\/product\/yoast-seo-wordpress\/ -->\n<title>Precio Seguro Decesos Kutxabank \u25b7DTO 25% I Oferta 2026<\/title>\n<meta name=\"description\" content=\"Calcular aqu\u00ed\u3010precio seguro de decesos Kutxabank\u3011Tarifas, oferta y descuento de seguro defunci\u00f3n Kutxabank 2026 \u2611\ufe0fiDecesos\u00ae N\u00ba1 en ahorro\" \/>\n<meta name=\"robots\" content=\"index, follow, max-snippet:-1, max-image-preview:large, max-video-preview:-1\" \/>\n<link rel=\"canonical\" href=\"https:\/\/idecesos.com\/seguros\/companias\/kutxabank\/precio\/\" \/>\n<meta property=\"og:locale\" content=\"es_ES\" \/>\n<meta property=\"og:type\" content=\"article\" \/>\n<meta property=\"og:title\" content=\"Precio Seguro Decesos Kutxabank \u25b7DTO 25% I Oferta 2026\" \/>\n<meta property=\"og:description\" content=\"Calcular aqu\u00ed\u3010precio seguro de decesos Kutxabank\u3011Tarifas, oferta y descuento de seguro defunci\u00f3n Kutxabank 2026 \u2611\ufe0fiDecesos\u00ae N\u00ba1 en ahorro\" \/>\n<meta property=\"og:url\" content=\"https:\/\/idecesos.com\/seguros\/companias\/kutxabank\/precio\/\" \/>\n<meta property=\"article:modified_time\" content=\"2022-03-10T11:07:20+00:00\" \/>\n<meta property=\"og:image\" content=\"https:\/\/idecesos.com\/seguros\/wp-content\/uploads\/2021\/12\/precio-2.jpg-59.jpeg\" \/>\n\t<meta property=\"og:image:width\" content=\"1500\" \/>\n\t<meta property=\"og:image:height\" content=\"559\" \/>\n\t<meta property=\"og:image:type\" content=\"image\/jpeg\" \/>\n<meta name=\"twitter:card\" content=\"summary_large_image\" \/>\n<meta name=\"twitter:label1\" content=\"Tiempo de lectura\" \/>\n\t<meta name=\"twitter:data1\" content=\"75 minutos\" \/>\n<script type=\"application\/ld+json\" class=\"yoast-schema-graph\">{\"@context\":\"https:\/\/schema.org\",\"@graph\":[{\"@type\":\"WebPage\",\"@id\":\"https:\/\/idecesos.com\/seguros\/companias\/kutxabank\/precio\/\",\"url\":\"https:\/\/idecesos.com\/seguros\/companias\/kutxabank\/precio\/\",\"name\":\"Precio Seguro Decesos Kutxabank \u25b7DTO 25% I Oferta 2026\",\"isPartOf\":{\"@id\":\"https:\/\/idecesos.com\/seguros\/#website\"},\"primaryImageOfPage\":{\"@id\":\"https:\/\/idecesos.com\/seguros\/companias\/kutxabank\/precio\/#primaryimage\"},\"image\":{\"@id\":\"https:\/\/idecesos.com\/seguros\/companias\/kutxabank\/precio\/#primaryimage\"},\"thumbnailUrl\":\"https:\/\/idecesos.com\/seguros\/wp-content\/uploads\/2021\/12\/precio-2.jpg-59.jpeg\",\"datePublished\":\"2021-12-15T16:03:24+00:00\",\"dateModified\":\"2022-03-10T11:07:20+00:00\",\"description\":\"Calcular aqu\u00ed\u3010precio seguro de decesos Kutxabank\u3011Tarifas, oferta y descuento de seguro defunci\u00f3n Kutxabank 2026 \u2611\ufe0fiDecesos\u00ae N\u00ba1 en ahorro\",\"breadcrumb\":{\"@id\":\"https:\/\/idecesos.com\/seguros\/companias\/kutxabank\/precio\/#breadcrumb\"},\"inLanguage\":\"es\",\"potentialAction\":[{\"@type\":\"ReadAction\",\"target\":[\"https:\/\/idecesos.com\/seguros\/companias\/kutxabank\/precio\/\"]}]},{\"@type\":\"ImageObject\",\"inLanguage\":\"es\",\"@id\":\"https:\/\/idecesos.com\/seguros\/companias\/kutxabank\/precio\/#primaryimage\",\"url\":\"https:\/\/idecesos.com\/seguros\/wp-content\/uploads\/2021\/12\/precio-2.jpg-59.jpeg\",\"contentUrl\":\"https:\/\/idecesos.com\/seguros\/wp-content\/uploads\/2021\/12\/precio-2.jpg-59.jpeg\",\"width\":1500,\"height\":559,\"caption\":\"Precio Kutxabank\"},{\"@type\":\"BreadcrumbList\",\"@id\":\"https:\/\/idecesos.com\/seguros\/companias\/kutxabank\/precio\/#breadcrumb\",\"itemListElement\":[{\"@type\":\"ListItem\",\"position\":1,\"name\":\"Portada\",\"item\":\"https:\/\/idecesos.com\/seguros\/\"},{\"@type\":\"ListItem\",\"position\":2,\"name\":\"Compa\u00f1\u00edas de Seguros de Decesos en Espa\u00f1a\",\"item\":\"https:\/\/idecesos.com\/seguros\/companias\/\"},{\"@type\":\"ListItem\",\"position\":3,\"name\":\"Seguro de decesos Kutxabank\",\"item\":\"https:\/\/idecesos.com\/seguros\/companias\/kutxabank\/\"},{\"@type\":\"ListItem\",\"position\":4,\"name\":\"\u00bfCu\u00e1nto cuesta el seguro de decesos Kutxabank?\"}]},{\"@type\":\"WebSite\",\"@id\":\"https:\/\/idecesos.com\/seguros\/#website\",\"url\":\"https:\/\/idecesos.com\/seguros\/\",\"name\":\"\",\"description\":\"\",\"potentialAction\":[{\"@type\":\"SearchAction\",\"target\":{\"@type\":\"EntryPoint\",\"urlTemplate\":\"https:\/\/idecesos.com\/seguros\/?s={search_term_string}\"},\"query-input\":{\"@type\":\"PropertyValueSpecification\",\"valueRequired\":true,\"valueName\":\"search_term_string\"}}],\"inLanguage\":\"es\"}]}<\/script>\n<!-- \/ Yoast SEO plugin. -->","yoast_head_json":{"title":"Precio Seguro Decesos Kutxabank \u25b7DTO 25% I Oferta 2026","description":"Calcular aqu\u00ed\u3010precio seguro de decesos Kutxabank\u3011Tarifas, oferta y descuento de seguro defunci\u00f3n Kutxabank 2026 \u2611\ufe0fiDecesos\u00ae N\u00ba1 en ahorro","robots":{"index":"index","follow":"follow","max-snippet":"max-snippet:-1","max-image-preview":"max-image-preview:large","max-video-preview":"max-video-preview:-1"},"canonical":"https:\/\/idecesos.com\/seguros\/companias\/kutxabank\/precio\/","og_locale":"es_ES","og_type":"article","og_title":"Precio Seguro Decesos Kutxabank \u25b7DTO 25% I Oferta 2026","og_description":"Calcular aqu\u00ed\u3010precio seguro de decesos Kutxabank\u3011Tarifas, oferta y descuento de seguro defunci\u00f3n Kutxabank 2026 \u2611\ufe0fiDecesos\u00ae N\u00ba1 en ahorro","og_url":"https:\/\/idecesos.com\/seguros\/companias\/kutxabank\/precio\/","article_modified_time":"2022-03-10T11:07:20+00:00","og_image":[{"width":1500,"height":559,"url":"https:\/\/idecesos.com\/seguros\/wp-content\/uploads\/2021\/12\/precio-2.jpg-59.jpeg","type":"image\/jpeg"}],"twitter_card":"summary_large_image","twitter_misc":{"Tiempo de lectura":"75 minutos"},"schema":{"@context":"https:\/\/schema.org","@graph":[{"@type":"WebPage","@id":"https:\/\/idecesos.com\/seguros\/companias\/kutxabank\/precio\/","url":"https:\/\/idecesos.com\/seguros\/companias\/kutxabank\/precio\/","name":"Precio Seguro Decesos Kutxabank \u25b7DTO 25% I Oferta 2026","isPartOf":{"@id":"https:\/\/idecesos.com\/seguros\/#website"},"primaryImageOfPage":{"@id":"https:\/\/idecesos.com\/seguros\/companias\/kutxabank\/precio\/#primaryimage"},"image":{"@id":"https:\/\/idecesos.com\/seguros\/companias\/kutxabank\/precio\/#primaryimage"},"thumbnailUrl":"https:\/\/idecesos.com\/seguros\/wp-content\/uploads\/2021\/12\/precio-2.jpg-59.jpeg","datePublished":"2021-12-15T16:03:24+00:00","dateModified":"2022-03-10T11:07:20+00:00","description":"Calcular aqu\u00ed\u3010precio seguro de decesos Kutxabank\u3011Tarifas, oferta y descuento de seguro defunci\u00f3n Kutxabank 2026 \u2611\ufe0fiDecesos\u00ae N\u00ba1 en ahorro","breadcrumb":{"@id":"https:\/\/idecesos.com\/seguros\/companias\/kutxabank\/precio\/#breadcrumb"},"inLanguage":"es","potentialAction":[{"@type":"ReadAction","target":["https:\/\/idecesos.com\/seguros\/companias\/kutxabank\/precio\/"]}]},{"@type":"ImageObject","inLanguage":"es","@id":"https:\/\/idecesos.com\/seguros\/companias\/kutxabank\/precio\/#primaryimage","url":"https:\/\/idecesos.com\/seguros\/wp-content\/uploads\/2021\/12\/precio-2.jpg-59.jpeg","contentUrl":"https:\/\/idecesos.com\/seguros\/wp-content\/uploads\/2021\/12\/precio-2.jpg-59.jpeg","width":1500,"height":559,"caption":"Precio Kutxabank"},{"@type":"BreadcrumbList","@id":"https:\/\/idecesos.com\/seguros\/companias\/kutxabank\/precio\/#breadcrumb","itemListElement":[{"@type":"ListItem","position":1,"name":"Portada","item":"https:\/\/idecesos.com\/seguros\/"},{"@type":"ListItem","position":2,"name":"Compa\u00f1\u00edas de Seguros de Decesos en Espa\u00f1a","item":"https:\/\/idecesos.com\/seguros\/companias\/"},{"@type":"ListItem","position":3,"name":"Seguro de decesos Kutxabank","item":"https:\/\/idecesos.com\/seguros\/companias\/kutxabank\/"},{"@type":"ListItem","position":4,"name":"\u00bfCu\u00e1nto cuesta el seguro de decesos Kutxabank?"}]},{"@type":"WebSite","@id":"https:\/\/idecesos.com\/seguros\/#website","url":"https:\/\/idecesos.com\/seguros\/","name":"","description":"","potentialAction":[{"@type":"SearchAction","target":{"@type":"EntryPoint","urlTemplate":"https:\/\/idecesos.com\/seguros\/?s={search_term_string}"},"query-input":{"@type":"PropertyValueSpecification","valueRequired":true,"valueName":"search_term_string"}}],"inLanguage":"es"}]}},"_links":{"self":[{"href":"https:\/\/idecesos.com\/seguros\/wp-json\/wp\/v2\/pages\/17434","targetHints":{"allow":["GET"]}}],"collection":[{"href":"https:\/\/idecesos.com\/seguros\/wp-json\/wp\/v2\/pages"}],"about":[{"href":"https:\/\/idecesos.com\/seguros\/wp-json\/wp\/v2\/types\/page"}],"author":[{"embeddable":true,"href":"https:\/\/idecesos.com\/seguros\/wp-json\/wp\/v2\/users\/1"}],"replies":[{"embeddable":true,"href":"https:\/\/idecesos.com\/seguros\/wp-json\/wp\/v2\/comments?post=17434"}],"version-history":[{"count":3,"href":"https:\/\/idecesos.com\/seguros\/wp-json\/wp\/v2\/pages\/17434\/revisions"}],"predecessor-version":[{"id":20109,"href":"https:\/\/idecesos.com\/seguros\/wp-json\/wp\/v2\/pages\/17434\/revisions\/20109"}],"up":[{"embeddable":true,"href":"https:\/\/idecesos.com\/seguros\/wp-json\/wp\/v2\/pages\/1079"}],"wp:featuredmedia":[{"embeddable":true,"href":"https:\/\/idecesos.com\/seguros\/wp-json\/wp\/v2\/media\/17435"}],"wp:attachment":[{"href":"https:\/\/idecesos.com\/seguros\/wp-json\/wp\/v2\/media?parent=17434"}],"curies":[{"name":"wp","href":"https:\/\/api.w.org\/{rel}","templated":true}]}}