{"id":17436,"date":"2021-12-15T16:03:24","date_gmt":"2021-12-15T16:03:24","guid":{"rendered":"https:\/\/idecesos.com\/seguros\/companias\/active\/precio\/"},"modified":"2022-03-10T09:04:29","modified_gmt":"2022-03-10T09:04:29","slug":"precio","status":"publish","type":"page","link":"https:\/\/idecesos.com\/seguros\/companias\/active\/precio\/","title":{"rendered":"\u00bfCu\u00e1nto cuesta el seguro de decesos Active?"},"content":{"rendered":"<div id=\"ez-toc-container\" class=\"ez-toc-v2_0_83 ez-toc-wrap-center counter-hierarchy ez-toc-counter ez-toc-custom ez-toc-container-direction\">\n<div class=\"ez-toc-title-container\">\n<p class=\"ez-toc-title\" style=\"cursor:inherit\">Tabla de Contenido<\/p>\n<span class=\"ez-toc-title-toggle\"><a href=\"#\" class=\"ez-toc-pull-right ez-toc-btn ez-toc-btn-xs ez-toc-btn-default ez-toc-toggle\" aria-label=\"Alternar tabla de contenidos\"><span class=\"ez-toc-js-icon-con\"><span class=\"\"><span class=\"eztoc-hide\" style=\"display:none;\">Toggle<\/span><span class=\"ez-toc-icon-toggle-span\"><svg style=\"fill: #db6415;color:#db6415\" xmlns=\"http:\/\/www.w3.org\/2000\/svg\" class=\"list-377408\" width=\"20px\" height=\"20px\" viewBox=\"0 0 24 24\" fill=\"none\"><path d=\"M6 6H4v2h2V6zm14 0H8v2h12V6zM4 11h2v2H4v-2zm16 0H8v2h12v-2zM4 16h2v2H4v-2zm16 0H8v2h12v-2z\" fill=\"currentColor\"><\/path><\/svg><svg style=\"fill: #db6415;color:#db6415\" class=\"arrow-unsorted-368013\" xmlns=\"http:\/\/www.w3.org\/2000\/svg\" width=\"10px\" height=\"10px\" viewBox=\"0 0 24 24\" version=\"1.2\" baseProfile=\"tiny\"><path d=\"M18.2 9.3l-6.2-6.3-6.2 6.3c-.2.2-.3.4-.3.7s.1.5.3.7c.2.2.4.3.7.3h11c.3 0 .5-.1.7-.3.2-.2.3-.5.3-.7s-.1-.5-.3-.7zM5.8 14.7l6.2 6.3 6.2-6.3c.2-.2.3-.5.3-.7s-.1-.5-.3-.7c-.2-.2-.4-.3-.7-.3h-11c-.3 0-.5.1-.7.3-.2.2-.3.5-.3.7s.1.5.3.7z\"\/><\/svg><\/span><\/span><\/span><\/a><\/span><\/div>\n<nav><ul class='ez-toc-list ez-toc-list-level-1 ' ><li class='ez-toc-page-1 ez-toc-heading-level-2'><a class=\"ez-toc-link ez-toc-heading-1\" href=\"https:\/\/idecesos.com\/seguros\/companias\/active\/precio\/#Calcular_precio_seguro_de_decesos_Active\" >Calcular precio seguro de decesos Active<\/a><\/li><li class='ez-toc-page-1 ez-toc-heading-level-2'><a class=\"ez-toc-link ez-toc-heading-2\" href=\"https:\/\/idecesos.com\/seguros\/companias\/active\/precio\/#Tabla_comparativa_de_precios_Active\" >Tabla comparativa de precios Active<\/a><ul class='ez-toc-list-level-3' ><li class='ez-toc-heading-level-3'><a class=\"ez-toc-link ez-toc-heading-3\" href=\"https:\/\/idecesos.com\/seguros\/companias\/active\/precio\/#%C2%BFCual_es_la_mejor_tarifa_de_seguros_de_Active\" >\u00bfCu\u00e1l es la mejor tarifa de seguros de Active ?<\/a><\/li><li class='ez-toc-page-1 ez-toc-heading-level-3'><a class=\"ez-toc-link ez-toc-heading-4\" href=\"https:\/\/idecesos.com\/seguros\/companias\/active\/precio\/#%C2%BFPuede_aumentar_precio_mensual_de_los_seguros_de_Active\" >\u00bfPuede aumentar precio mensual de los seguros de Active ?<\/a><\/li><li class='ez-toc-page-1 ez-toc-heading-level-3'><a class=\"ez-toc-link ez-toc-heading-5\" href=\"https:\/\/idecesos.com\/seguros\/companias\/active\/precio\/#%C2%BFEl_precio_de_seguros_de_decesos_Active_sube_con_la_edad\" >\u00bfEl precio de seguros de decesos Active sube con la edad?<\/a><\/li><\/ul><\/li><\/ul><\/nav><\/div>\n<p><br \/>\nEl \u00e1mbito de los seguros es muy amplio. Puedes encontrar muchas empresas aseguradoras, coberturas y precios diferentes. Es esencial estar informado de las distintas compa\u00f1\u00edas y productos ya antes de decantarse por una. No tiene que preocuparse por nada. En iDecesos le vamos a facilitar cada uno de los precios y diferentes modalidades de primas ahora par que de una simple ojeada pueda saber cual es m\u00e1s af\u00edn a y pueda escoger la que mejor se adapte a sus necesidades.<\/p>\n<div class=\"colorf\"><div class=\"container clearfix\"><div class=\"col-md-7\">\n<h2><span class=\"ez-toc-section\" id=\"Calcular_precio_seguro_de_decesos_Active\"><\/span>Calcular precio seguro de decesos Active<span class=\"ez-toc-section-end\"><\/span><\/h2>\n<p>No se preocupe, gracias a iDecesos calcular el precio de su seguro de decesos le ser\u00e1 muy sencillo. Rellene los campos que le solicitamos y nosotros nos encargaremos de filtrar los mejores resultados que mejor se amolden a usted. Active te ofrece importantes beneficios al contratar una p\u00f3liza de decesos con ella. Primeramente va a poder gozar de la tranquilidad que le ofrecen a y a su familia. Por otro lado, su profesionalidad. En Active est\u00e1n listos para facilitarte todos los tr\u00e1mites en ese duro momento que es la muerte de un ser querido y van a estar a tu lado para ayudarte con los mejores profesionales del \u00e1mbito.<br \/>\n<\/div><\/div><\/div><\/p>\n<h2><span class=\"ez-toc-section\" id=\"Tabla_comparativa_de_precios_Active\"><\/span>Tabla comparativa de precios Active<span class=\"ez-toc-section-end\"><\/span><\/h2>\n<p><div class=\"cabecera_tabla_precio\"><table class=\"table table-striped\"><thead><tr><th class=\"nosepara centrado\">Tipo<\/th><th class=\"nosepara centrado nojustificado\">Precio Desde<\/th><th class=\"nosepara dcha\"><\/th><\/tr><\/thead><tbody><tr class=\"fila_tabla_precio\"><td class=\"nosepara izq\">Precio Seguro Decesos Active<\/td><td class=\"nosepara centro\">1,40 \u20ac\/mes<\/td><td class=\"nosepara derecha\">\t\t\t\t\t\n\t\t\t\t\t\t<span class=\"\" style=\"cursor:pointer\" data-bs-toggle=\"modal\" data-bs-target=\"#comparadorModal\">Calcular<\/span>\t\t\t\t\n\t\t\t\t\t\n\t\t\t\t<\/td><\/tr><\/div><tr class=\"fila_tabla_precio\"><td class=\"nosepara izq\">Precio Prima \u00danica Active<\/td><td class=\"nosepara centro\">2380 \u20ac<\/td><td class=\"nosepara derecha\">\t\t\t\t\t\n\t\t\t\t\t\t<span class=\"\" style=\"cursor:pointer\" data-bs-toggle=\"modal\" data-bs-target=\"#comparadorModal\">Calcular<\/span>\t\t\t\t\n\t\t\t\t\t\n\t\t\t\t<\/td><\/tr><\/div><tr class=\"fila_tabla_precio\"><td class=\"nosepara izq\">Precio Prima Natural Active<\/td><td class=\"nosepara centro\">1,24 \u20ac\/mes<\/td><td class=\"nosepara derecha\">\t\t\t\t\t\n\t\t\t\t\t\t<span class=\"\" style=\"cursor:pointer\" data-bs-toggle=\"modal\" data-bs-target=\"#comparadorModal\">Calcular<\/span>\t\t\t\t\n\t\t\t\t\t\n\t\t\t\t<\/td><\/tr><\/div><tr class=\"fila_tabla_precio\"><td class=\"nosepara izq\">Precio Prima Nivelada Active<\/td><td class=\"nosepara centro\">1,73 \u20ac\/mes<\/td><td class=\"nosepara derecha\">\t\t\t\t\t\n\t\t\t\t\t\t<span class=\"\" style=\"cursor:pointer\" data-bs-toggle=\"modal\" data-bs-target=\"#comparadorModal\">Calcular<\/span>\t\t\t\t\n\t\t\t\t\t\n\t\t\t\t<\/td><\/tr><\/div><tr class=\"fila_tabla_precio\"><td class=\"nosepara izq\">Precio Prima Mixta Active<\/td><td class=\"nosepara centro\">1,38 \u20ac\/mes<\/td><td class=\"nosepara derecha\">\t\t\t\t\t\n\t\t\t\t\t\t<span class=\"\" style=\"cursor:pointer\" data-bs-toggle=\"modal\" data-bs-target=\"#comparadorModal\">Calcular<\/span>\t\t\t\t\n\t\t\t\t\t\n\t\t\t\t<\/td><\/tr><\/div><tr class=\"fila_tabla_precio\"><td class=\"nosepara izq\">Precio Prima Seminatural Active<\/td><td class=\"nosepara centro\">1,44 \u20ac\/mes<\/td><td class=\"nosepara derecha\">\t\t\t\t\t\n\t\t\t\t\t\t<span class=\"\" style=\"cursor:pointer\" data-bs-toggle=\"modal\" data-bs-target=\"#comparadorModal\">Calcular<\/span>\t\t\t\t\n\t\t\t\t\t\n\t\t\t\t<\/td><\/tr><\/div><tr class=\"fila_tabla_precio\"><td class=\"nosepara izq\">Precio con Repatriaci\u00f3n Active<\/td><td class=\"nosepara centro\">0,74 \u20ac a la cuota<\/td><td class=\"nosepara derecha\">\t\t\t\t\t\n\t\t\t\t\t\t<span class=\"\" style=\"cursor:pointer\" data-bs-toggle=\"modal\" data-bs-target=\"#comparadorModal\">Calcular<\/span>\t\t\t\t\n\t\t\t\t\t\n\t\t\t\t<\/td><\/tr><\/div><tr class=\"fila_tabla_precio\"><td class=\"nosepara izq\">Precio Seguro Defunci\u00f3n Active<\/td><td class=\"nosepara centro\">1,62 \u20ac\/mes<\/td><td class=\"nosepara derecha\">\t\t\t\t\t\n\t\t\t\t\t\t<span class=\"\" style=\"cursor:pointer\" data-bs-toggle=\"modal\" data-bs-target=\"#comparadorModal\">Calcular<\/span>\t\t\t\t\n\t\t\t\t\t\n\t\t\t\t<\/td><\/tr><\/div><tr class=\"fila_tabla_precio\"><td class=\"nosepara izq\">Precio Seguro Fallecimiento Active<\/td><td class=\"nosepara centro\">1,54 \u20ac\/mes<\/td><td class=\"nosepara derecha\">\t\t\t\t\t\n\t\t\t\t\t\t<span class=\"\" style=\"cursor:pointer\" data-bs-toggle=\"modal\" data-bs-target=\"#comparadorModal\">Calcular<\/span>\t\t\t\t\n\t\t\t\t\t\n\t\t\t\t<\/td><\/tr><\/div><tr class=\"fila_tabla_precio\"><td class=\"nosepara izq\">Precio Seguro Muertos Active<\/td><td class=\"nosepara centro\">1,41 \u20ac\/mes<\/td><td class=\"nosepara derecha\">\t\t\t\t\t\n\t\t\t\t\t\t<span class=\"\" style=\"cursor:pointer\" data-bs-toggle=\"modal\" data-bs-target=\"#comparadorModal\">Calcular<\/span>\t\t\t\t\n\t\t\t\t\t\n\t\t\t\t<\/td><\/tr><\/div><tr class=\"fila_tabla_precio\"><td class=\"nosepara izq\">Precio Asistencia Familiar Active<\/td><td class=\"nosepara centro\">1,52 \u20ac\/mes<\/td><td class=\"nosepara derecha\">\t\t\t\t\t\n\t\t\t\t\t\t<span class=\"\" style=\"cursor:pointer\" data-bs-toggle=\"modal\" data-bs-target=\"#comparadorModal\">Calcular<\/span>\t\t\t\t\n\t\t\t\t\t\n\t\t\t\t<\/td><\/tr><\/div><\/tbody><\/table><\/div><\/p>\n<p>A continuaci\u00f3n te mostramos con detalles los precios estimados de todas las diferentes p\u00f3lizas de Active facilitandote todo el proceso de elecci\u00f3n que acostumbra a ser realmente lioso. Por este motivo, iDecesos te ayuda en su elecci\u00f3n. No solo asegura el cubrimiento del sepelio, Active cuenta con una amplia gamas de coberturas adicionales que te van a ayudar a pasar ese duro momento que es la p\u00e9rdida de un familiar. Con todo esto no aseguras solo su tranquilidad sino tambi\u00e9n ayudas a sus familiares a hacer en frente de los gastos de su fallecimiento. Con esta clase de p\u00f3liza vas a tener un respaldo el resto de su vida y sus seres queridos podr\u00e1n estar sosegados en todo momento en tanto que nos encargaremos de todo. Con los servicios que te ofrece Active y sus grandes precios podr\u00e1 estar apacible, sabiendo que deja todo en las manos de grandes expertos del sector.<br \/>\n<div class=\"colorf\"><div class=\"container clearfix\"><div class=\"col-md-7\"><\/p>\n<h3><span class=\"ez-toc-section\" id=\"%C2%BFCual_es_la_mejor_tarifa_de_seguros_de_Active\"><\/span>\u00bfCu\u00e1l es la mejor tarifa de seguros de Active ?<span class=\"ez-toc-section-end\"><\/span><\/h3>\n<p>Active resalta por su gran variedad en lo que se trata de sus tarifas desde la p\u00f3liza m\u00e1s b\u00e1sica que su precio siempre depender\u00e1 del tipo de seguro que vayas a elegir el que mejor se adapte a tus circunstancias. Active tiene diferentes modalidades de seguros que se amoldan a tus necesidades y presupuestos. Contando con las coberturas m\u00e1s renovadas del mercado, se tendr\u00e1 en cuenta la edad de la persona asegurada, incluyendo ofertas o bien descuentos en cada uno de sus precios de los seguros de decesos de Active. Arriba en la tabla, le hemos facilitado toda la informaci\u00f3n con m\u00e1s detalles de todos y cada uno de los precios de cada prima que te ofrece Active. Nosotros nos ocupamos de asesorarte de manera gratuita.<br \/>\n<\/div><\/div><\/div><\/p>\n<h3><span class=\"ez-toc-section\" id=\"%C2%BFPuede_aumentar_precio_mensual_de_los_seguros_de_Active\"><\/span>\u00bfPuede aumentar precio mensual de los seguros de Active ?<span class=\"ez-toc-section-end\"><\/span><\/h3>\n<p>Active es conocida por su extensa gama de primas para poder amoldarse a cada uno de los perfiles independientemente del rango de edad que pertenezcan. En Espa\u00f1a, nueve de cada 10 asegurados tiene contratado en su seguro de decesos una Prima Nivelada ya que su pago es incesante y sin subidas, a continuaci\u00f3n, le vamos a mostrar los diferentes g\u00e9neros de primas que existen a fin de que pueda ver como es la que mejor le resulta conveniente<\/p>\n<p><strong>\u2022 Prima \u00danica:<\/strong> Este tipo de primas suele ser contratado por personas que han superado la edad de jubilaci\u00f3n y que nunca han contratado un seguro de decesos, con una sola aportaci\u00f3n en el pago, este tipo de prima cubre la existencia de una enfermedad grave y el sepelio de personas que hayan superado la edad citada previamente<\/p>\n<p><strong>\u2022 Prima Nivelada:<\/strong> Esta clase de prima es conteste y no tiene subidas en su pago anual, Aunque esta prima se caracteriza por ser incesante, puede sufrir alg\u00fan cambio en sus pagos por la actualizaci\u00f3n de los capitales asegurados, el precio que pague en los primeros a\u00f1os de su contrataci\u00f3n ser\u00e1 mayor en comparaci\u00f3n con otros g\u00e9neros de prima, mas lo que pague a partir de la edad de su jubilaci\u00f3n se mantendr\u00e1 y no cambiar\u00e1 m\u00e1s.<\/p>\n<p><strong>\u2022 <\/strong><strong>Prima Natural:<\/strong> es un tipo de p\u00f3liza de seguro de decesos que su precio depende de la edad y no para de crecer la prima en cada renovaci\u00f3n debido a que est\u00e1 directamente relacionada a la edad actuarial en todos y cada momento de los asegurados, si eres joven y no te importa estar al pendiente de las subidas que te imputan las compa\u00f1\u00edas pueden pagar un seguro de los fallecidos asequible, mas si tienes poca edad y no deseas estar pendiente de la subidas y elegir una modalidad equilibrada en precio pero con subidas contenidas este g\u00e9nero de prima no es el tuyo. <strong>\u2022 Prima mixta: <\/strong>es una prima enormemente demandada por ser la opci\u00f3n m\u00e1s imparcial de todas, al estar compuesta por 2 g\u00e9neros de primas, la natural y la nivelada siendo barat\u00edsima en los primeros a\u00f1os de la contrataci\u00f3n y cuando somos mayores y se encarece se mantiene nivelada para dar una continuidad sin sobresaltos financieros, mas debemos calibrar si nos vale la pena contratar esta modalidad examinando si estamos muy cerca de merecernos la pena una p\u00f3liza con mayor nivelaci\u00f3n o si somos muy j\u00f3venes y nos gusta mudar a menudo contratar un precio de prima creciente. Podr\u00e1s partir el recibo de la prima y que te pasen el seguro por el banco en 12 veces, cuatro veces, dos veces o una vez por a\u00f1o. Usted es el responsable de elegir de qu\u00e9 manera hacerlo, es por esto que en iDecesos nos ponemos a su disposici\u00f3n para ayudarle a contratar la mejor prima para .<br \/>\n<div class=\"colorf\"><div class=\"container clearfix\"><div class=\"col-md-7\"><\/p>\n<h3><span class=\"ez-toc-section\" id=\"%C2%BFEl_precio_de_seguros_de_decesos_Active_sube_con_la_edad\"><\/span>\u00bfEl precio de seguros de decesos Active sube con la edad?<span class=\"ez-toc-section-end\"><\/span><\/h3>\n<p>No debes temer por nada, Active no te subir\u00e1 la tarifa por la edad del asegurado. Aunque el incremento de su p\u00f3liza puede causarse, no tiene porqu\u00e9 preocuparse, es muy dif\u00edcil que esto ocurra por lo que puede estar sosegado. Por que en el primer momento de hacer una p\u00f3liza la primera cosa que se hace es en referencia a la edad de la persona a la que va destinada. Las diferentes modalidades que cuenta Active son prima nivelada, prima natural, mixta, seminatural y \u00fanica. Las coberturas son realmente bien valoradas por su clientes con lo que debe de tomar en consideraci\u00f3n que contratar un seguro de decesos no cuenta con una edad limitada. No tengas dudas, ha llegado el momento de contratar tu seguro de decesos con Active.<br \/>\n<\/div><\/div><\/div><\/p>\n<h3>P\u00e1ginas relacionadas<\/h3><div class=\"enlazado\"><ul> <li><a href=\"https:\/\/idecesos.com\/seguros\/companias\/active\/opiniones\/\">Opiniones Active<\/a><\/li> <li><a href=\"https:\/\/idecesos.com\/seguros\/companias\/active\/precio\/\">Precio seguro Active<\/a><\/li> <li><a href=\"https:\/\/idecesos.com\/seguros\/companias\/active\/prima-mixta\/\">Active Prima Mixta<\/a><\/li> <li><a href=\"https:\/\/idecesos.com\/seguros\/companias\/active\/prima-natural\/\">Active Prima Natural<\/a><\/li> <li><a href=\"https:\/\/idecesos.com\/seguros\/companias\/active\/prima-nivelada\/\">Active Prima Nivelada<\/a><\/li> <li><a href=\"https:\/\/idecesos.com\/seguros\/companias\/active\/prima-unica\/\">Active Prima \u00danica<\/a><\/li> <li><a href=\"https:\/\/idecesos.com\/seguros\/companias\/active\/repatriacion\/\">Active Repatriaci\u00f3n<\/a><\/li> <li><a href=\"https:\/\/idecesos.com\/seguros\/companias\/active\/telefono\/\">Tel\u00e9fono Gratuito Active<\/a><\/li><\/ul><\/div>\n","protected":false},"excerpt":{"rendered":"<p>El \u00e1mbito de los seguros es muy amplio. Puedes encontrar muchas empresas aseguradoras, coberturas y precios diferentes. Es esencial estar informado de las distintas compa\u00f1\u00edas y productos ya antes de decantarse por una. No tiene que preocuparse por nada. En iDecesos le vamos a facilitar cada uno de los precios y diferentes modalidades de primas&hellip; <\/p>\n","protected":false},"author":1,"featured_media":17437,"parent":213,"menu_order":0,"comment_status":"closed","ping_status":"closed","template":"single.php","meta":{"footnotes":""},"class_list":["post-17436","page","type-page","status-publish","has-post-thumbnail","hentry"],"yoast_head":"<!-- This site is optimized with the Yoast SEO plugin v27.5 - https:\/\/yoast.com\/product\/yoast-seo-wordpress\/ -->\n<title>Precio Seguro Decesos Active \u25b7DTO 25% I Oferta 2026<\/title>\n<meta name=\"description\" content=\"Calcular aqu\u00ed\u3010precio seguro de decesos Active\u3011Tarifas, oferta y descuento de seguro defunci\u00f3n Active 2026 \u2611\ufe0fiDecesos\u00ae N\u00ba1 en ahorro\" \/>\n<meta name=\"robots\" content=\"index, follow, max-snippet:-1, max-image-preview:large, max-video-preview:-1\" \/>\n<link rel=\"canonical\" href=\"https:\/\/idecesos.com\/seguros\/companias\/active\/precio\/\" \/>\n<meta property=\"og:locale\" content=\"es_ES\" \/>\n<meta property=\"og:type\" content=\"article\" \/>\n<meta property=\"og:title\" content=\"Precio Seguro Decesos Active \u25b7DTO 25% I Oferta 2026\" \/>\n<meta property=\"og:description\" content=\"Calcular aqu\u00ed\u3010precio seguro de decesos Active\u3011Tarifas, oferta y descuento de seguro defunci\u00f3n Active 2026 \u2611\ufe0fiDecesos\u00ae N\u00ba1 en ahorro\" \/>\n<meta property=\"og:url\" content=\"https:\/\/idecesos.com\/seguros\/companias\/active\/precio\/\" \/>\n<meta property=\"article:modified_time\" content=\"2022-03-10T09:04:29+00:00\" \/>\n<meta property=\"og:image\" content=\"https:\/\/idecesos.com\/seguros\/wp-content\/uploads\/2021\/12\/precio-2.jpg-60.jpeg\" \/>\n\t<meta property=\"og:image:width\" content=\"1500\" \/>\n\t<meta property=\"og:image:height\" content=\"559\" \/>\n\t<meta property=\"og:image:type\" content=\"image\/jpeg\" \/>\n<meta name=\"twitter:card\" content=\"summary_large_image\" \/>\n<meta name=\"twitter:label1\" content=\"Tiempo de lectura\" \/>\n\t<meta name=\"twitter:data1\" content=\"75 minutos\" \/>\n<script type=\"application\/ld+json\" class=\"yoast-schema-graph\">{\"@context\":\"https:\\\/\\\/schema.org\",\"@graph\":[{\"@type\":\"WebPage\",\"@id\":\"https:\\\/\\\/idecesos.com\\\/seguros\\\/companias\\\/active\\\/precio\\\/\",\"url\":\"https:\\\/\\\/idecesos.com\\\/seguros\\\/companias\\\/active\\\/precio\\\/\",\"name\":\"Precio Seguro Decesos Active \u25b7DTO 25% I Oferta 2026\",\"isPartOf\":{\"@id\":\"https:\\\/\\\/idecesos.com\\\/seguros\\\/#website\"},\"primaryImageOfPage\":{\"@id\":\"https:\\\/\\\/idecesos.com\\\/seguros\\\/companias\\\/active\\\/precio\\\/#primaryimage\"},\"image\":{\"@id\":\"https:\\\/\\\/idecesos.com\\\/seguros\\\/companias\\\/active\\\/precio\\\/#primaryimage\"},\"thumbnailUrl\":\"https:\\\/\\\/idecesos.com\\\/seguros\\\/wp-content\\\/uploads\\\/2021\\\/12\\\/precio-2.jpg-60.jpeg\",\"datePublished\":\"2021-12-15T16:03:24+00:00\",\"dateModified\":\"2022-03-10T09:04:29+00:00\",\"description\":\"Calcular aqu\u00ed\u3010precio seguro de decesos Active\u3011Tarifas, oferta y descuento de seguro defunci\u00f3n Active 2026 \u2611\ufe0fiDecesos\u00ae N\u00ba1 en ahorro\",\"breadcrumb\":{\"@id\":\"https:\\\/\\\/idecesos.com\\\/seguros\\\/companias\\\/active\\\/precio\\\/#breadcrumb\"},\"inLanguage\":\"es\",\"potentialAction\":[{\"@type\":\"ReadAction\",\"target\":[\"https:\\\/\\\/idecesos.com\\\/seguros\\\/companias\\\/active\\\/precio\\\/\"]}]},{\"@type\":\"ImageObject\",\"inLanguage\":\"es\",\"@id\":\"https:\\\/\\\/idecesos.com\\\/seguros\\\/companias\\\/active\\\/precio\\\/#primaryimage\",\"url\":\"https:\\\/\\\/idecesos.com\\\/seguros\\\/wp-content\\\/uploads\\\/2021\\\/12\\\/precio-2.jpg-60.jpeg\",\"contentUrl\":\"https:\\\/\\\/idecesos.com\\\/seguros\\\/wp-content\\\/uploads\\\/2021\\\/12\\\/precio-2.jpg-60.jpeg\",\"width\":1500,\"height\":559,\"caption\":\"Precio Active\"},{\"@type\":\"BreadcrumbList\",\"@id\":\"https:\\\/\\\/idecesos.com\\\/seguros\\\/companias\\\/active\\\/precio\\\/#breadcrumb\",\"itemListElement\":[{\"@type\":\"ListItem\",\"position\":1,\"name\":\"Portada\",\"item\":\"https:\\\/\\\/idecesos.com\\\/seguros\\\/\"},{\"@type\":\"ListItem\",\"position\":2,\"name\":\"Compa\u00f1\u00edas de Seguros de Decesos en Espa\u00f1a\",\"item\":\"https:\\\/\\\/idecesos.com\\\/seguros\\\/companias\\\/\"},{\"@type\":\"ListItem\",\"position\":3,\"name\":\"Seguro de Decesos Active\",\"item\":\"https:\\\/\\\/idecesos.com\\\/seguros\\\/companias\\\/active\\\/\"},{\"@type\":\"ListItem\",\"position\":4,\"name\":\"\u00bfCu\u00e1nto cuesta el seguro de decesos Active?\"}]},{\"@type\":\"WebSite\",\"@id\":\"https:\\\/\\\/idecesos.com\\\/seguros\\\/#website\",\"url\":\"https:\\\/\\\/idecesos.com\\\/seguros\\\/\",\"name\":\"\",\"description\":\"\",\"potentialAction\":[{\"@type\":\"SearchAction\",\"target\":{\"@type\":\"EntryPoint\",\"urlTemplate\":\"https:\\\/\\\/idecesos.com\\\/seguros\\\/?s={search_term_string}\"},\"query-input\":{\"@type\":\"PropertyValueSpecification\",\"valueRequired\":true,\"valueName\":\"search_term_string\"}}],\"inLanguage\":\"es\"}]}<\/script>\n<!-- \/ Yoast SEO plugin. -->","yoast_head_json":{"title":"Precio Seguro Decesos Active \u25b7DTO 25% I Oferta 2026","description":"Calcular aqu\u00ed\u3010precio seguro de decesos Active\u3011Tarifas, oferta y descuento de seguro defunci\u00f3n Active 2026 \u2611\ufe0fiDecesos\u00ae N\u00ba1 en ahorro","robots":{"index":"index","follow":"follow","max-snippet":"max-snippet:-1","max-image-preview":"max-image-preview:large","max-video-preview":"max-video-preview:-1"},"canonical":"https:\/\/idecesos.com\/seguros\/companias\/active\/precio\/","og_locale":"es_ES","og_type":"article","og_title":"Precio Seguro Decesos Active \u25b7DTO 25% I Oferta 2026","og_description":"Calcular aqu\u00ed\u3010precio seguro de decesos Active\u3011Tarifas, oferta y descuento de seguro defunci\u00f3n Active 2026 \u2611\ufe0fiDecesos\u00ae N\u00ba1 en ahorro","og_url":"https:\/\/idecesos.com\/seguros\/companias\/active\/precio\/","article_modified_time":"2022-03-10T09:04:29+00:00","og_image":[{"width":1500,"height":559,"url":"https:\/\/idecesos.com\/seguros\/wp-content\/uploads\/2021\/12\/precio-2.jpg-60.jpeg","type":"image\/jpeg"}],"twitter_card":"summary_large_image","twitter_misc":{"Tiempo de lectura":"75 minutos"},"schema":{"@context":"https:\/\/schema.org","@graph":[{"@type":"WebPage","@id":"https:\/\/idecesos.com\/seguros\/companias\/active\/precio\/","url":"https:\/\/idecesos.com\/seguros\/companias\/active\/precio\/","name":"Precio Seguro Decesos Active \u25b7DTO 25% I Oferta 2026","isPartOf":{"@id":"https:\/\/idecesos.com\/seguros\/#website"},"primaryImageOfPage":{"@id":"https:\/\/idecesos.com\/seguros\/companias\/active\/precio\/#primaryimage"},"image":{"@id":"https:\/\/idecesos.com\/seguros\/companias\/active\/precio\/#primaryimage"},"thumbnailUrl":"https:\/\/idecesos.com\/seguros\/wp-content\/uploads\/2021\/12\/precio-2.jpg-60.jpeg","datePublished":"2021-12-15T16:03:24+00:00","dateModified":"2022-03-10T09:04:29+00:00","description":"Calcular aqu\u00ed\u3010precio seguro de decesos Active\u3011Tarifas, oferta y descuento de seguro defunci\u00f3n Active 2026 \u2611\ufe0fiDecesos\u00ae N\u00ba1 en ahorro","breadcrumb":{"@id":"https:\/\/idecesos.com\/seguros\/companias\/active\/precio\/#breadcrumb"},"inLanguage":"es","potentialAction":[{"@type":"ReadAction","target":["https:\/\/idecesos.com\/seguros\/companias\/active\/precio\/"]}]},{"@type":"ImageObject","inLanguage":"es","@id":"https:\/\/idecesos.com\/seguros\/companias\/active\/precio\/#primaryimage","url":"https:\/\/idecesos.com\/seguros\/wp-content\/uploads\/2021\/12\/precio-2.jpg-60.jpeg","contentUrl":"https:\/\/idecesos.com\/seguros\/wp-content\/uploads\/2021\/12\/precio-2.jpg-60.jpeg","width":1500,"height":559,"caption":"Precio Active"},{"@type":"BreadcrumbList","@id":"https:\/\/idecesos.com\/seguros\/companias\/active\/precio\/#breadcrumb","itemListElement":[{"@type":"ListItem","position":1,"name":"Portada","item":"https:\/\/idecesos.com\/seguros\/"},{"@type":"ListItem","position":2,"name":"Compa\u00f1\u00edas de Seguros de Decesos en Espa\u00f1a","item":"https:\/\/idecesos.com\/seguros\/companias\/"},{"@type":"ListItem","position":3,"name":"Seguro de Decesos Active","item":"https:\/\/idecesos.com\/seguros\/companias\/active\/"},{"@type":"ListItem","position":4,"name":"\u00bfCu\u00e1nto cuesta el seguro de decesos Active?"}]},{"@type":"WebSite","@id":"https:\/\/idecesos.com\/seguros\/#website","url":"https:\/\/idecesos.com\/seguros\/","name":"","description":"","potentialAction":[{"@type":"SearchAction","target":{"@type":"EntryPoint","urlTemplate":"https:\/\/idecesos.com\/seguros\/?s={search_term_string}"},"query-input":{"@type":"PropertyValueSpecification","valueRequired":true,"valueName":"search_term_string"}}],"inLanguage":"es"}]}},"_links":{"self":[{"href":"https:\/\/idecesos.com\/seguros\/wp-json\/wp\/v2\/pages\/17436","targetHints":{"allow":["GET"]}}],"collection":[{"href":"https:\/\/idecesos.com\/seguros\/wp-json\/wp\/v2\/pages"}],"about":[{"href":"https:\/\/idecesos.com\/seguros\/wp-json\/wp\/v2\/types\/page"}],"author":[{"embeddable":true,"href":"https:\/\/idecesos.com\/seguros\/wp-json\/wp\/v2\/users\/1"}],"replies":[{"embeddable":true,"href":"https:\/\/idecesos.com\/seguros\/wp-json\/wp\/v2\/comments?post=17436"}],"version-history":[{"count":2,"href":"https:\/\/idecesos.com\/seguros\/wp-json\/wp\/v2\/pages\/17436\/revisions"}],"predecessor-version":[{"id":20013,"href":"https:\/\/idecesos.com\/seguros\/wp-json\/wp\/v2\/pages\/17436\/revisions\/20013"}],"up":[{"embeddable":true,"href":"https:\/\/idecesos.com\/seguros\/wp-json\/wp\/v2\/pages\/213"}],"wp:featuredmedia":[{"embeddable":true,"href":"https:\/\/idecesos.com\/seguros\/wp-json\/wp\/v2\/media\/17437"}],"wp:attachment":[{"href":"https:\/\/idecesos.com\/seguros\/wp-json\/wp\/v2\/media?parent=17436"}],"curies":[{"name":"wp","href":"https:\/\/api.w.org\/{rel}","templated":true}]}}