{"id":17440,"date":"2021-12-15T16:03:26","date_gmt":"2021-12-15T16:03:26","guid":{"rendered":"https:\/\/idecesos.com\/seguros\/companias\/banca-march\/precio\/"},"modified":"2022-03-10T09:35:25","modified_gmt":"2022-03-10T09:35:25","slug":"precio","status":"publish","type":"page","link":"https:\/\/idecesos.com\/seguros\/companias\/banca-march\/precio\/","title":{"rendered":"\u00bfCu\u00e1nto cuesta el seguro de decesos Banca March?"},"content":{"rendered":"<div id=\"ez-toc-container\" class=\"ez-toc-v2_0_83 ez-toc-wrap-center counter-hierarchy ez-toc-counter ez-toc-custom ez-toc-container-direction\">\n<div class=\"ez-toc-title-container\">\n<p class=\"ez-toc-title\" style=\"cursor:inherit\">Tabla de Contenido<\/p>\n<span class=\"ez-toc-title-toggle\"><a href=\"#\" class=\"ez-toc-pull-right ez-toc-btn ez-toc-btn-xs ez-toc-btn-default ez-toc-toggle\" aria-label=\"Alternar tabla de contenidos\"><span class=\"ez-toc-js-icon-con\"><span class=\"\"><span class=\"eztoc-hide\" style=\"display:none;\">Toggle<\/span><span class=\"ez-toc-icon-toggle-span\"><svg style=\"fill: #db6415;color:#db6415\" xmlns=\"http:\/\/www.w3.org\/2000\/svg\" class=\"list-377408\" width=\"20px\" height=\"20px\" viewBox=\"0 0 24 24\" fill=\"none\"><path d=\"M6 6H4v2h2V6zm14 0H8v2h12V6zM4 11h2v2H4v-2zm16 0H8v2h12v-2zM4 16h2v2H4v-2zm16 0H8v2h12v-2z\" fill=\"currentColor\"><\/path><\/svg><svg style=\"fill: #db6415;color:#db6415\" class=\"arrow-unsorted-368013\" xmlns=\"http:\/\/www.w3.org\/2000\/svg\" width=\"10px\" height=\"10px\" viewBox=\"0 0 24 24\" version=\"1.2\" baseProfile=\"tiny\"><path d=\"M18.2 9.3l-6.2-6.3-6.2 6.3c-.2.2-.3.4-.3.7s.1.5.3.7c.2.2.4.3.7.3h11c.3 0 .5-.1.7-.3.2-.2.3-.5.3-.7s-.1-.5-.3-.7zM5.8 14.7l6.2 6.3 6.2-6.3c.2-.2.3-.5.3-.7s-.1-.5-.3-.7c-.2-.2-.4-.3-.7-.3h-11c-.3 0-.5.1-.7.3-.2.2-.3.5-.3.7s.1.5.3.7z\"\/><\/svg><\/span><\/span><\/span><\/a><\/span><\/div>\n<nav><ul class='ez-toc-list ez-toc-list-level-1 ' ><li class='ez-toc-page-1 ez-toc-heading-level-2'><a class=\"ez-toc-link ez-toc-heading-1\" href=\"https:\/\/idecesos.com\/seguros\/companias\/banca-march\/precio\/#Calcular_precio_seguro_de_decesos_Banca_March\" >Calcular precio seguro de decesos Banca March<\/a><\/li><li class='ez-toc-page-1 ez-toc-heading-level-2'><a class=\"ez-toc-link ez-toc-heading-2\" href=\"https:\/\/idecesos.com\/seguros\/companias\/banca-march\/precio\/#Tabla_comparativa_de_precios_Banca_March\" >Tabla comparativa de precios Banca March<\/a><ul class='ez-toc-list-level-3' ><li class='ez-toc-heading-level-3'><a class=\"ez-toc-link ez-toc-heading-3\" href=\"https:\/\/idecesos.com\/seguros\/companias\/banca-march\/precio\/#%C2%BFCual_es_la_mejor_tarifa_de_seguros_de_Banca_March\" >\u00bfCu\u00e1l es la mejor tarifa de seguros de Banca March ?<\/a><\/li><li class='ez-toc-page-1 ez-toc-heading-level-3'><a class=\"ez-toc-link ez-toc-heading-4\" href=\"https:\/\/idecesos.com\/seguros\/companias\/banca-march\/precio\/#%C2%BFPuede_aumentar_precio_mensual_de_los_seguros_de_Banca_March\" >\u00bfPuede aumentar precio mensual de los seguros de Banca March ?<\/a><\/li><li class='ez-toc-page-1 ez-toc-heading-level-3'><a class=\"ez-toc-link ez-toc-heading-5\" href=\"https:\/\/idecesos.com\/seguros\/companias\/banca-march\/precio\/#%C2%BFEl_precio_de_seguros_de_decesos_Banca_March_sube_con_la_edad\" >\u00bfEl precio de seguros de decesos Banca March sube con la edad?<\/a><\/li><\/ul><\/li><\/ul><\/nav><\/div>\n<p><br \/>\nEl \u00e1mbito de los seguros de decesos es ampl\u00edsimo. Hay muchas compa\u00f1\u00edas de seguros, coberturas y precios diferentes entre los que optar. Es preciso estar informado sobre el producto o bien compa\u00f1\u00eda antes de elegir una de ellas, para poder saber qu\u00e9 tarifa se amolda mejor a ti. No se preocupe. iDecesos ha trabajado por para facilitarle cada uno de ellos de los precios y diferentes modalidades de primas que existen en los seguros de decesos para que en cuesti\u00f3n de minutos puede saber cu\u00e1l es el tipo de seguro que precisa y se adapta a sus necesidades.<\/p>\n<div class=\"colorf\"><div class=\"container clearfix\"><div class=\"col-md-7\">\n<h2><span class=\"ez-toc-section\" id=\"Calcular_precio_seguro_de_decesos_Banca_March\"><\/span>Calcular precio seguro de decesos Banca March<span class=\"ez-toc-section-end\"><\/span><\/h2>\n<p>Banca March lleva un proceso meticuloso para poder realizar el c\u00e1lculo del asegurado, tras recabar cada uno de los datos necesarios para el c\u00e1lculo se analizar\u00e1 contando con determinados factores que vienen detallado en todos y cada p\u00f3liza. Lo que calculas aparte del dinero es el valor a\u00f1adido a tu ser querido que pueda tener serenidad. La aseguradora que buscas es Banca March puesto que cuenta con miles de ventajas que se adaptar\u00e1n a cada uno de ellos de sus asegurados. Cuentas con otras de las ventajas m\u00e1s revolucionarias de herramienta que hallar\u00e1s en el mercado, con iDecesos consigues ver diferentes comparativas de precios a tiempo real en el instante que le des al bot\u00f3n, por lo que tambi\u00e9n dar\u00e1s con las primordiales claves de cada una de sus ventajas de cada una de las p\u00f3lizas de Banca March incluyendo sus coberturas.<br \/>\n<\/div><\/div><\/div><\/p>\n<h2><span class=\"ez-toc-section\" id=\"Tabla_comparativa_de_precios_Banca_March\"><\/span>Tabla comparativa de precios Banca March<span class=\"ez-toc-section-end\"><\/span><\/h2>\n<p><div class=\"cabecera_tabla_precio\"><table class=\"table table-striped\"><thead><tr><th class=\"nosepara centrado\">Tipo<\/th><th class=\"nosepara centrado nojustificado\">Precio Desde<\/th><th class=\"nosepara dcha\"><\/th><\/tr><\/thead><tbody><tr class=\"fila_tabla_precio\"><td class=\"nosepara izq\">Precio Seguro Decesos Banca March<\/td><td class=\"nosepara centro\">1,44 \u20ac\/mes<\/td><td class=\"nosepara derecha\">\t\t\t\t\t\n\t\t\t\t\t\t<span class=\"\" style=\"cursor:pointer\" data-bs-toggle=\"modal\" data-bs-target=\"#comparadorModal\">Calcular<\/span>\t\t\t\t\n\t\t\t\t\t\n\t\t\t\t<\/td><\/tr><\/div><tr class=\"fila_tabla_precio\"><td class=\"nosepara izq\">Precio Prima \u00danica Banca March<\/td><td class=\"nosepara centro\">2390 \u20ac<\/td><td class=\"nosepara derecha\">\t\t\t\t\t\n\t\t\t\t\t\t<span class=\"\" style=\"cursor:pointer\" data-bs-toggle=\"modal\" data-bs-target=\"#comparadorModal\">Calcular<\/span>\t\t\t\t\n\t\t\t\t\t\n\t\t\t\t<\/td><\/tr><\/div><tr class=\"fila_tabla_precio\"><td class=\"nosepara izq\">Precio Prima Natural Banca March<\/td><td class=\"nosepara centro\">1,27 \u20ac\/mes<\/td><td class=\"nosepara derecha\">\t\t\t\t\t\n\t\t\t\t\t\t<span class=\"\" style=\"cursor:pointer\" data-bs-toggle=\"modal\" data-bs-target=\"#comparadorModal\">Calcular<\/span>\t\t\t\t\n\t\t\t\t\t\n\t\t\t\t<\/td><\/tr><\/div><tr class=\"fila_tabla_precio\"><td class=\"nosepara izq\">Precio Prima Nivelada Banca March<\/td><td class=\"nosepara centro\">1,60 \u20ac\/mes<\/td><td class=\"nosepara derecha\">\t\t\t\t\t\n\t\t\t\t\t\t<span class=\"\" style=\"cursor:pointer\" data-bs-toggle=\"modal\" data-bs-target=\"#comparadorModal\">Calcular<\/span>\t\t\t\t\n\t\t\t\t\t\n\t\t\t\t<\/td><\/tr><\/div><tr class=\"fila_tabla_precio\"><td class=\"nosepara izq\">Precio Prima Mixta Banca March<\/td><td class=\"nosepara centro\">1,46 \u20ac\/mes<\/td><td class=\"nosepara derecha\">\t\t\t\t\t\n\t\t\t\t\t\t<span class=\"\" style=\"cursor:pointer\" data-bs-toggle=\"modal\" data-bs-target=\"#comparadorModal\">Calcular<\/span>\t\t\t\t\n\t\t\t\t\t\n\t\t\t\t<\/td><\/tr><\/div><tr class=\"fila_tabla_precio\"><td class=\"nosepara izq\">Precio Prima Seminatural Banca March<\/td><td class=\"nosepara centro\">1,49 \u20ac\/mes<\/td><td class=\"nosepara derecha\">\t\t\t\t\t\n\t\t\t\t\t\t<span class=\"\" style=\"cursor:pointer\" data-bs-toggle=\"modal\" data-bs-target=\"#comparadorModal\">Calcular<\/span>\t\t\t\t\n\t\t\t\t\t\n\t\t\t\t<\/td><\/tr><\/div><tr class=\"fila_tabla_precio\"><td class=\"nosepara izq\">Precio con Repatriaci\u00f3n Banca March<\/td><td class=\"nosepara centro\">0,86 \u20ac a la cuota<\/td><td class=\"nosepara derecha\">\t\t\t\t\t\n\t\t\t\t\t\t<span class=\"\" style=\"cursor:pointer\" data-bs-toggle=\"modal\" data-bs-target=\"#comparadorModal\">Calcular<\/span>\t\t\t\t\n\t\t\t\t\t\n\t\t\t\t<\/td><\/tr><\/div><tr class=\"fila_tabla_precio\"><td class=\"nosepara izq\">Precio Seguro Defunci\u00f3n Banca March<\/td><td class=\"nosepara centro\">1,53 \u20ac\/mes<\/td><td class=\"nosepara derecha\">\t\t\t\t\t\n\t\t\t\t\t\t<span class=\"\" style=\"cursor:pointer\" data-bs-toggle=\"modal\" data-bs-target=\"#comparadorModal\">Calcular<\/span>\t\t\t\t\n\t\t\t\t\t\n\t\t\t\t<\/td><\/tr><\/div><tr class=\"fila_tabla_precio\"><td class=\"nosepara izq\">Precio Seguro Fallecimiento Banca March<\/td><td class=\"nosepara centro\">1,45 \u20ac\/mes<\/td><td class=\"nosepara derecha\">\t\t\t\t\t\n\t\t\t\t\t\t<span class=\"\" style=\"cursor:pointer\" data-bs-toggle=\"modal\" data-bs-target=\"#comparadorModal\">Calcular<\/span>\t\t\t\t\n\t\t\t\t\t\n\t\t\t\t<\/td><\/tr><\/div><tr class=\"fila_tabla_precio\"><td class=\"nosepara izq\">Precio Seguro Muertos Banca March<\/td><td class=\"nosepara centro\">1,43 \u20ac\/mes<\/td><td class=\"nosepara derecha\">\t\t\t\t\t\n\t\t\t\t\t\t<span class=\"\" style=\"cursor:pointer\" data-bs-toggle=\"modal\" data-bs-target=\"#comparadorModal\">Calcular<\/span>\t\t\t\t\n\t\t\t\t\t\n\t\t\t\t<\/td><\/tr><\/div><tr class=\"fila_tabla_precio\"><td class=\"nosepara izq\">Precio Asistencia Familiar Banca March<\/td><td class=\"nosepara centro\">1,62 \u20ac\/mes<\/td><td class=\"nosepara derecha\">\t\t\t\t\t\n\t\t\t\t\t\t<span class=\"\" style=\"cursor:pointer\" data-bs-toggle=\"modal\" data-bs-target=\"#comparadorModal\">Calcular<\/span>\t\t\t\t\n\t\t\t\t\t\n\t\t\t\t<\/td><\/tr><\/div><\/tbody><\/table><\/div><\/p>\n<p>Ahora le mostramos una tabla con las tarifas de cada tipo de prima que le ofrece Banca March en su seguro de decesos. Estas primas han sido ideadas pensando en todos y cada usuario para que usted pueda elegir la que m\u00e1s se amolde a sus necesidades. Estos son los precios de los diferentes g\u00e9neros de primas que le brinda Banca March.<br \/>\n<div class=\"colorf\"><div class=\"container clearfix\"><div class=\"col-md-7\"><\/p>\n<h3><span class=\"ez-toc-section\" id=\"%C2%BFCual_es_la_mejor_tarifa_de_seguros_de_Banca_March\"><\/span>\u00bfCu\u00e1l es la mejor tarifa de seguros de Banca March ?<span class=\"ez-toc-section-end\"><\/span><\/h3>\n<p>No necesita nada m\u00e1s, con la propuesta de Banca March cubrir\u00e1 sus necesidades con un producto top. La serie completa que conforma el seguro de decesos con unas garant\u00edas agregadas que hacen de estas p\u00f3lizas un producto singular y con una alta ventaja a nivel competitivo sobre sus principales rivales aseguradores, aparte de disfrutar de los costes m\u00e1s econ\u00f3micos para usted. iDecesos rastrear\u00e1 entre todas las ofertas actualizadas a diario del mercado de seguros de Espa\u00f1a, adecuando el ranking de precios a los productos que m\u00e1s se acomoden a su perfil.<br \/>\n<\/div><\/div><\/div><\/p>\n<h3><span class=\"ez-toc-section\" id=\"%C2%BFPuede_aumentar_precio_mensual_de_los_seguros_de_Banca_March\"><\/span>\u00bfPuede aumentar precio mensual de los seguros de Banca March ?<span class=\"ez-toc-section-end\"><\/span><\/h3>\n<p>Va a depender de la prima de Banca March se debe tomar en consideraci\u00f3n de que si ocurre alg\u00fan incremento en la tarifa quedar\u00e1 recogida dentro del contrato del asegurado. Aunque en determinados casos la compa\u00f1\u00eda de seguros no te tendr\u00eda la obligaci\u00f3n de avisar. No se preocupe, puede estar sosegado con Banca March. Banca March es una de las compa\u00f1\u00edas de seguros m\u00e1s trasparentes del mercado con lo que va a quedar todo incluido en cada uno de ellos de sus cl\u00e1usulas. Lo m\u00e1s importante que se debe de tener en consideraci\u00f3n es la seguridad de tu ser querido.<br \/>\n<div class=\"colorf\"><div class=\"container clearfix\"><div class=\"col-md-7\"><\/p>\n<h3><span class=\"ez-toc-section\" id=\"%C2%BFEl_precio_de_seguros_de_decesos_Banca_March_sube_con_la_edad\"><\/span>\u00bfEl precio de seguros de decesos Banca March sube con la edad?<span class=\"ez-toc-section-end\"><\/span><\/h3>\n<p>\u00bfTodav\u00eda no se ha decidido? Banca March es reconocida como una de las compa\u00f1\u00edas de seguros con mejor p\u00f3liza de prima \u00fanica del mercado, donde resalta por su tarifa y coberturas. Los profesionales del servicio de asistencia de la empresa aseguradora se van a hacer cargo de de todos y cada uno de los tr\u00e1mites desde que los familiares llamen al tel\u00e9fono de asistencia, pasando por todos los tr\u00e1mites legales, hasta que el el difunto es enterrado o calcinado. Adem\u00e1s, si hay una inflaci\u00f3n en los materiales, costos de personal y a fin de que no quede en infraseguros los asegurados se realizar\u00e1 una actualizaci\u00f3n de capitales que le afectar\u00e1 en el precio de la prima m\u00ednimamente a fin de que llegado el siniestro no falte capital para su tr\u00e1mite. iDecesos comparador de seguro de decesos l\u00edder en ahorro, nuestro eslogan nos delata, somos expertos en lo que hacemos los seguros de defunci\u00f3n, adem\u00e1s de esto trabajamos con las compa\u00f1\u00edas aseguradoras m\u00e1s reconocidas y tambi\u00e9n renovadoras de Espa\u00f1a, adem\u00e1s son las m\u00e1s competitivas en precio, todas y cada una han pasado un pormenorizado estudio de sus coberturas y tarifas por nuestro departamento t\u00e9cnico, y re\u00fanen los m\u00e1s altos niveles de puntuaci\u00f3n, como dejan que se paguen sus primas a gusto de nuestro usuario, es decir, mensual, trimestral, semestral, anual o en un \u00fanico pago. De este modo, nuestros clientes se pueden olvidar de cualquier tr\u00e1mite relacionado con su futuro sepelio porque al solicitar la contrataci\u00f3n a trav\u00e9s nuestra con una compa\u00f1\u00eda que equiparamos es sin\u00f3nimo de garant\u00eda. Banca March le brinda la m\u00e1xima eficiencia en sus servicio de sepelio, con las garant\u00edas m\u00e1s completas del mercado.<br \/>\n<\/div><\/div><\/div><\/p>\n<h3>P\u00e1ginas relacionadas<\/h3><div class=\"enlazado\"><ul> <li><a href=\"https:\/\/idecesos.com\/seguros\/companias\/banca-march\/opiniones\/\">Opiniones Banca March<\/a><\/li> <li><a href=\"https:\/\/idecesos.com\/seguros\/companias\/banca-march\/precio\/\">Precio seguro Banca March<\/a><\/li> <li><a href=\"https:\/\/idecesos.com\/seguros\/companias\/banca-march\/prima-mixta\/\">Banca March Prima Mixta<\/a><\/li> <li><a href=\"https:\/\/idecesos.com\/seguros\/companias\/banca-march\/prima-natural\/\">Banca March Prima Natural<\/a><\/li> <li><a href=\"https:\/\/idecesos.com\/seguros\/companias\/banca-march\/prima-nivelada\/\">Banca March Prima Nivelada<\/a><\/li> <li><a href=\"https:\/\/idecesos.com\/seguros\/companias\/banca-march\/prima-unica\/\">Banca March Prima \u00danica<\/a><\/li> <li><a href=\"https:\/\/idecesos.com\/seguros\/companias\/banca-march\/repatriacion\/\">Banca March Repatriaci\u00f3n<\/a><\/li> <li><a href=\"https:\/\/idecesos.com\/seguros\/companias\/banca-march\/telefono\/\">Tel\u00e9fono Gratuito Banca March<\/a><\/li><\/ul><\/div>\n","protected":false},"excerpt":{"rendered":"<p>El \u00e1mbito de los seguros de decesos es ampl\u00edsimo. Hay muchas compa\u00f1\u00edas de seguros, coberturas y precios diferentes entre los que optar. Es preciso estar informado sobre el producto o bien compa\u00f1\u00eda antes de elegir una de ellas, para poder saber qu\u00e9 tarifa se amolda mejor a ti. No se preocupe. iDecesos ha trabajado por&hellip; <\/p>\n","protected":false},"author":1,"featured_media":17441,"parent":271,"menu_order":0,"comment_status":"closed","ping_status":"closed","template":"single.php","meta":{"footnotes":""},"class_list":["post-17440","page","type-page","status-publish","has-post-thumbnail","hentry"],"yoast_head":"<!-- This site is optimized with the Yoast SEO plugin v27.5 - https:\/\/yoast.com\/product\/yoast-seo-wordpress\/ -->\n<title>Precio Seguro Decesos Banca March \u25b7DTO 25% I Oferta 2026<\/title>\n<meta name=\"description\" content=\"Calcular aqu\u00ed\u3010precio seguro de decesos Banca March\u3011Tarifas, oferta y descuento de seguro defunci\u00f3n Banca March 2026 \u2611\ufe0fiDecesos\u00ae N\u00ba1 en ahorro\" \/>\n<meta name=\"robots\" content=\"index, follow, max-snippet:-1, max-image-preview:large, max-video-preview:-1\" \/>\n<link rel=\"canonical\" href=\"https:\/\/idecesos.com\/seguros\/companias\/banca-march\/precio\/\" \/>\n<meta property=\"og:locale\" content=\"es_ES\" \/>\n<meta property=\"og:type\" content=\"article\" \/>\n<meta property=\"og:title\" content=\"Precio Seguro Decesos Banca March \u25b7DTO 25% I Oferta 2026\" \/>\n<meta property=\"og:description\" content=\"Calcular aqu\u00ed\u3010precio seguro de decesos Banca March\u3011Tarifas, oferta y descuento de seguro defunci\u00f3n Banca March 2026 \u2611\ufe0fiDecesos\u00ae N\u00ba1 en ahorro\" \/>\n<meta property=\"og:url\" content=\"https:\/\/idecesos.com\/seguros\/companias\/banca-march\/precio\/\" \/>\n<meta property=\"article:modified_time\" content=\"2022-03-10T09:35:25+00:00\" \/>\n<meta property=\"og:image\" content=\"https:\/\/idecesos.com\/seguros\/wp-content\/uploads\/2021\/12\/precio-2.jpg-62.jpeg\" \/>\n\t<meta property=\"og:image:width\" content=\"1500\" \/>\n\t<meta property=\"og:image:height\" content=\"559\" \/>\n\t<meta property=\"og:image:type\" content=\"image\/jpeg\" \/>\n<meta name=\"twitter:card\" content=\"summary_large_image\" \/>\n<meta name=\"twitter:label1\" content=\"Tiempo de lectura\" \/>\n\t<meta name=\"twitter:data1\" content=\"75 minutos\" \/>\n<script type=\"application\/ld+json\" class=\"yoast-schema-graph\">{\"@context\":\"https:\\\/\\\/schema.org\",\"@graph\":[{\"@type\":\"WebPage\",\"@id\":\"https:\\\/\\\/idecesos.com\\\/seguros\\\/companias\\\/banca-march\\\/precio\\\/\",\"url\":\"https:\\\/\\\/idecesos.com\\\/seguros\\\/companias\\\/banca-march\\\/precio\\\/\",\"name\":\"Precio Seguro Decesos Banca March \u25b7DTO 25% I Oferta 2026\",\"isPartOf\":{\"@id\":\"https:\\\/\\\/idecesos.com\\\/seguros\\\/#website\"},\"primaryImageOfPage\":{\"@id\":\"https:\\\/\\\/idecesos.com\\\/seguros\\\/companias\\\/banca-march\\\/precio\\\/#primaryimage\"},\"image\":{\"@id\":\"https:\\\/\\\/idecesos.com\\\/seguros\\\/companias\\\/banca-march\\\/precio\\\/#primaryimage\"},\"thumbnailUrl\":\"https:\\\/\\\/idecesos.com\\\/seguros\\\/wp-content\\\/uploads\\\/2021\\\/12\\\/precio-2.jpg-62.jpeg\",\"datePublished\":\"2021-12-15T16:03:26+00:00\",\"dateModified\":\"2022-03-10T09:35:25+00:00\",\"description\":\"Calcular aqu\u00ed\u3010precio seguro de decesos Banca March\u3011Tarifas, oferta y descuento de seguro defunci\u00f3n Banca March 2026 \u2611\ufe0fiDecesos\u00ae N\u00ba1 en ahorro\",\"breadcrumb\":{\"@id\":\"https:\\\/\\\/idecesos.com\\\/seguros\\\/companias\\\/banca-march\\\/precio\\\/#breadcrumb\"},\"inLanguage\":\"es\",\"potentialAction\":[{\"@type\":\"ReadAction\",\"target\":[\"https:\\\/\\\/idecesos.com\\\/seguros\\\/companias\\\/banca-march\\\/precio\\\/\"]}]},{\"@type\":\"ImageObject\",\"inLanguage\":\"es\",\"@id\":\"https:\\\/\\\/idecesos.com\\\/seguros\\\/companias\\\/banca-march\\\/precio\\\/#primaryimage\",\"url\":\"https:\\\/\\\/idecesos.com\\\/seguros\\\/wp-content\\\/uploads\\\/2021\\\/12\\\/precio-2.jpg-62.jpeg\",\"contentUrl\":\"https:\\\/\\\/idecesos.com\\\/seguros\\\/wp-content\\\/uploads\\\/2021\\\/12\\\/precio-2.jpg-62.jpeg\",\"width\":1500,\"height\":559,\"caption\":\"Precio Banca March\"},{\"@type\":\"BreadcrumbList\",\"@id\":\"https:\\\/\\\/idecesos.com\\\/seguros\\\/companias\\\/banca-march\\\/precio\\\/#breadcrumb\",\"itemListElement\":[{\"@type\":\"ListItem\",\"position\":1,\"name\":\"Portada\",\"item\":\"https:\\\/\\\/idecesos.com\\\/seguros\\\/\"},{\"@type\":\"ListItem\",\"position\":2,\"name\":\"Compa\u00f1\u00edas de Seguros de Decesos en Espa\u00f1a\",\"item\":\"https:\\\/\\\/idecesos.com\\\/seguros\\\/companias\\\/\"},{\"@type\":\"ListItem\",\"position\":3,\"name\":\"Seguro de decesos Banca March\",\"item\":\"https:\\\/\\\/idecesos.com\\\/seguros\\\/companias\\\/banca-march\\\/\"},{\"@type\":\"ListItem\",\"position\":4,\"name\":\"\u00bfCu\u00e1nto cuesta el seguro de decesos Banca March?\"}]},{\"@type\":\"WebSite\",\"@id\":\"https:\\\/\\\/idecesos.com\\\/seguros\\\/#website\",\"url\":\"https:\\\/\\\/idecesos.com\\\/seguros\\\/\",\"name\":\"\",\"description\":\"\",\"potentialAction\":[{\"@type\":\"SearchAction\",\"target\":{\"@type\":\"EntryPoint\",\"urlTemplate\":\"https:\\\/\\\/idecesos.com\\\/seguros\\\/?s={search_term_string}\"},\"query-input\":{\"@type\":\"PropertyValueSpecification\",\"valueRequired\":true,\"valueName\":\"search_term_string\"}}],\"inLanguage\":\"es\"}]}<\/script>\n<!-- \/ Yoast SEO plugin. -->","yoast_head_json":{"title":"Precio Seguro Decesos Banca March \u25b7DTO 25% I Oferta 2026","description":"Calcular aqu\u00ed\u3010precio seguro de decesos Banca March\u3011Tarifas, oferta y descuento de seguro defunci\u00f3n Banca March 2026 \u2611\ufe0fiDecesos\u00ae N\u00ba1 en ahorro","robots":{"index":"index","follow":"follow","max-snippet":"max-snippet:-1","max-image-preview":"max-image-preview:large","max-video-preview":"max-video-preview:-1"},"canonical":"https:\/\/idecesos.com\/seguros\/companias\/banca-march\/precio\/","og_locale":"es_ES","og_type":"article","og_title":"Precio Seguro Decesos Banca March \u25b7DTO 25% I Oferta 2026","og_description":"Calcular aqu\u00ed\u3010precio seguro de decesos Banca March\u3011Tarifas, oferta y descuento de seguro defunci\u00f3n Banca March 2026 \u2611\ufe0fiDecesos\u00ae N\u00ba1 en ahorro","og_url":"https:\/\/idecesos.com\/seguros\/companias\/banca-march\/precio\/","article_modified_time":"2022-03-10T09:35:25+00:00","og_image":[{"width":1500,"height":559,"url":"https:\/\/idecesos.com\/seguros\/wp-content\/uploads\/2021\/12\/precio-2.jpg-62.jpeg","type":"image\/jpeg"}],"twitter_card":"summary_large_image","twitter_misc":{"Tiempo de lectura":"75 minutos"},"schema":{"@context":"https:\/\/schema.org","@graph":[{"@type":"WebPage","@id":"https:\/\/idecesos.com\/seguros\/companias\/banca-march\/precio\/","url":"https:\/\/idecesos.com\/seguros\/companias\/banca-march\/precio\/","name":"Precio Seguro Decesos Banca March \u25b7DTO 25% I Oferta 2026","isPartOf":{"@id":"https:\/\/idecesos.com\/seguros\/#website"},"primaryImageOfPage":{"@id":"https:\/\/idecesos.com\/seguros\/companias\/banca-march\/precio\/#primaryimage"},"image":{"@id":"https:\/\/idecesos.com\/seguros\/companias\/banca-march\/precio\/#primaryimage"},"thumbnailUrl":"https:\/\/idecesos.com\/seguros\/wp-content\/uploads\/2021\/12\/precio-2.jpg-62.jpeg","datePublished":"2021-12-15T16:03:26+00:00","dateModified":"2022-03-10T09:35:25+00:00","description":"Calcular aqu\u00ed\u3010precio seguro de decesos Banca March\u3011Tarifas, oferta y descuento de seguro defunci\u00f3n Banca March 2026 \u2611\ufe0fiDecesos\u00ae N\u00ba1 en ahorro","breadcrumb":{"@id":"https:\/\/idecesos.com\/seguros\/companias\/banca-march\/precio\/#breadcrumb"},"inLanguage":"es","potentialAction":[{"@type":"ReadAction","target":["https:\/\/idecesos.com\/seguros\/companias\/banca-march\/precio\/"]}]},{"@type":"ImageObject","inLanguage":"es","@id":"https:\/\/idecesos.com\/seguros\/companias\/banca-march\/precio\/#primaryimage","url":"https:\/\/idecesos.com\/seguros\/wp-content\/uploads\/2021\/12\/precio-2.jpg-62.jpeg","contentUrl":"https:\/\/idecesos.com\/seguros\/wp-content\/uploads\/2021\/12\/precio-2.jpg-62.jpeg","width":1500,"height":559,"caption":"Precio Banca March"},{"@type":"BreadcrumbList","@id":"https:\/\/idecesos.com\/seguros\/companias\/banca-march\/precio\/#breadcrumb","itemListElement":[{"@type":"ListItem","position":1,"name":"Portada","item":"https:\/\/idecesos.com\/seguros\/"},{"@type":"ListItem","position":2,"name":"Compa\u00f1\u00edas de Seguros de Decesos en Espa\u00f1a","item":"https:\/\/idecesos.com\/seguros\/companias\/"},{"@type":"ListItem","position":3,"name":"Seguro de decesos Banca March","item":"https:\/\/idecesos.com\/seguros\/companias\/banca-march\/"},{"@type":"ListItem","position":4,"name":"\u00bfCu\u00e1nto cuesta el seguro de decesos Banca March?"}]},{"@type":"WebSite","@id":"https:\/\/idecesos.com\/seguros\/#website","url":"https:\/\/idecesos.com\/seguros\/","name":"","description":"","potentialAction":[{"@type":"SearchAction","target":{"@type":"EntryPoint","urlTemplate":"https:\/\/idecesos.com\/seguros\/?s={search_term_string}"},"query-input":{"@type":"PropertyValueSpecification","valueRequired":true,"valueName":"search_term_string"}}],"inLanguage":"es"}]}},"_links":{"self":[{"href":"https:\/\/idecesos.com\/seguros\/wp-json\/wp\/v2\/pages\/17440","targetHints":{"allow":["GET"]}}],"collection":[{"href":"https:\/\/idecesos.com\/seguros\/wp-json\/wp\/v2\/pages"}],"about":[{"href":"https:\/\/idecesos.com\/seguros\/wp-json\/wp\/v2\/types\/page"}],"author":[{"embeddable":true,"href":"https:\/\/idecesos.com\/seguros\/wp-json\/wp\/v2\/users\/1"}],"replies":[{"embeddable":true,"href":"https:\/\/idecesos.com\/seguros\/wp-json\/wp\/v2\/comments?post=17440"}],"version-history":[{"count":3,"href":"https:\/\/idecesos.com\/seguros\/wp-json\/wp\/v2\/pages\/17440\/revisions"}],"predecessor-version":[{"id":20033,"href":"https:\/\/idecesos.com\/seguros\/wp-json\/wp\/v2\/pages\/17440\/revisions\/20033"}],"up":[{"embeddable":true,"href":"https:\/\/idecesos.com\/seguros\/wp-json\/wp\/v2\/pages\/271"}],"wp:featuredmedia":[{"embeddable":true,"href":"https:\/\/idecesos.com\/seguros\/wp-json\/wp\/v2\/media\/17441"}],"wp:attachment":[{"href":"https:\/\/idecesos.com\/seguros\/wp-json\/wp\/v2\/media?parent=17440"}],"curies":[{"name":"wp","href":"https:\/\/api.w.org\/{rel}","templated":true}]}}