{"id":17454,"date":"2021-12-15T16:03:31","date_gmt":"2021-12-15T16:03:31","guid":{"rendered":"https:\/\/idecesos.com\/seguros\/companias\/imq\/precio\/"},"modified":"2022-03-10T11:05:00","modified_gmt":"2022-03-10T11:05:00","slug":"precio","status":"publish","type":"page","link":"https:\/\/idecesos.com\/seguros\/companias\/imq\/precio\/","title":{"rendered":"\u00bfCu\u00e1nto cuesta el seguro de decesos IMQ?"},"content":{"rendered":"<div id=\"ez-toc-container\" class=\"ez-toc-v2_0_83 ez-toc-wrap-center counter-hierarchy ez-toc-counter ez-toc-custom ez-toc-container-direction\">\n<div class=\"ez-toc-title-container\">\n<p class=\"ez-toc-title\" style=\"cursor:inherit\">Tabla de Contenido<\/p>\n<span class=\"ez-toc-title-toggle\"><a href=\"#\" class=\"ez-toc-pull-right ez-toc-btn ez-toc-btn-xs ez-toc-btn-default ez-toc-toggle\" aria-label=\"Alternar tabla de contenidos\"><span class=\"ez-toc-js-icon-con\"><span class=\"\"><span class=\"eztoc-hide\" style=\"display:none;\">Toggle<\/span><span class=\"ez-toc-icon-toggle-span\"><svg style=\"fill: #db6415;color:#db6415\" xmlns=\"http:\/\/www.w3.org\/2000\/svg\" class=\"list-377408\" width=\"20px\" height=\"20px\" viewBox=\"0 0 24 24\" fill=\"none\"><path d=\"M6 6H4v2h2V6zm14 0H8v2h12V6zM4 11h2v2H4v-2zm16 0H8v2h12v-2zM4 16h2v2H4v-2zm16 0H8v2h12v-2z\" fill=\"currentColor\"><\/path><\/svg><svg style=\"fill: #db6415;color:#db6415\" class=\"arrow-unsorted-368013\" xmlns=\"http:\/\/www.w3.org\/2000\/svg\" width=\"10px\" height=\"10px\" viewBox=\"0 0 24 24\" version=\"1.2\" baseProfile=\"tiny\"><path d=\"M18.2 9.3l-6.2-6.3-6.2 6.3c-.2.2-.3.4-.3.7s.1.5.3.7c.2.2.4.3.7.3h11c.3 0 .5-.1.7-.3.2-.2.3-.5.3-.7s-.1-.5-.3-.7zM5.8 14.7l6.2 6.3 6.2-6.3c.2-.2.3-.5.3-.7s-.1-.5-.3-.7c-.2-.2-.4-.3-.7-.3h-11c-.3 0-.5.1-.7.3-.2.2-.3.5-.3.7s.1.5.3.7z\"\/><\/svg><\/span><\/span><\/span><\/a><\/span><\/div>\n<nav><ul class='ez-toc-list ez-toc-list-level-1 ' ><li class='ez-toc-page-1 ez-toc-heading-level-2'><a class=\"ez-toc-link ez-toc-heading-1\" href=\"https:\/\/idecesos.com\/seguros\/companias\/imq\/precio\/#Calcular_precio_seguro_de_decesos_IMQ\" >Calcular precio seguro de decesos IMQ<\/a><\/li><li class='ez-toc-page-1 ez-toc-heading-level-2'><a class=\"ez-toc-link ez-toc-heading-2\" href=\"https:\/\/idecesos.com\/seguros\/companias\/imq\/precio\/#Tabla_comparativa_de_precios_IMQ\" >Tabla comparativa de precios IMQ<\/a><ul class='ez-toc-list-level-3' ><li class='ez-toc-heading-level-3'><a class=\"ez-toc-link ez-toc-heading-3\" href=\"https:\/\/idecesos.com\/seguros\/companias\/imq\/precio\/#%C2%BFCual_es_la_mejor_tarifa_de_seguros_de_IMQ\" >\u00bfCu\u00e1l es la mejor tarifa de seguros de IMQ ?<\/a><\/li><li class='ez-toc-page-1 ez-toc-heading-level-3'><a class=\"ez-toc-link ez-toc-heading-4\" href=\"https:\/\/idecesos.com\/seguros\/companias\/imq\/precio\/#%C2%BFPuede_aumentar_precio_mensual_de_los_seguros_de_IMQ\" >\u00bfPuede aumentar precio mensual de los seguros de IMQ ?<\/a><\/li><li class='ez-toc-page-1 ez-toc-heading-level-3'><a class=\"ez-toc-link ez-toc-heading-5\" href=\"https:\/\/idecesos.com\/seguros\/companias\/imq\/precio\/#%C2%BFEl_precio_de_seguros_de_decesos_IMQ_sube_con_la_edad\" >\u00bfEl precio de seguros de decesos IMQ sube con la edad?<\/a><\/li><\/ul><\/li><\/ul><\/nav><\/div>\n<p><br \/>\nEl campo de los seguros es ampl\u00edsimo. Puedes encontrar muchas compa\u00f1\u00edas aseguradoras, coberturas y precios diferentes. Antes de escoger un seguro, es mejor estar informado de los diferentes productos y compa\u00f1\u00edas que hay en el mercado para ver qu\u00e9 tarifas se amoldan mejor a tus necesidades. iDecesos te ofrece todas y cada una de las facilidades para que el proceso de elecci\u00f3n de su seguro de decesos sea m\u00e1s f\u00e1cil. Ahora le mostraremos los precios y las diferentes modalidades de primas que existen en IMQ a fin de que pueda ver qu\u00e9 coberturas y precios son los que m\u00e1s se adaptan a lo que est\u00e1s buscando.<\/p>\n<div class=\"colorf\"><div class=\"container clearfix\"><div class=\"col-md-7\">\n<h2><span class=\"ez-toc-section\" id=\"Calcular_precio_seguro_de_decesos_IMQ\"><\/span>Calcular precio seguro de decesos IMQ<span class=\"ez-toc-section-end\"><\/span><\/h2>\n<p>IMQ lleva un proceso minucioso para poder hacer el c\u00e1lculo del asegurado, tras recabar cada uno de los datos necesarios para el c\u00e1lculo se analizar\u00e1 contando con ciertos factores que vienen detallado en cada p\u00f3liza. Finalizando el c\u00e1lculo de la tarifa, lo que aseguras es que tus seres queridos puedan estar con tranquilidad. IMQ es tu empresa aseguradora id\u00f3nea para especificar los precios de la p\u00f3liza que est\u00e1s buscando. iDecesos es la herramienta principal que vas a necesitar para ver las diferentes tarifas que hay en el mercado de manera actualizada, por lo que conseguir\u00e1s verlo de manera considerablemente m\u00e1s extendido y las cl\u00e1usulas de cada una de las p\u00f3lizas de IMQ mucho m\u00e1s r\u00e1pido y sencillo.<br \/>\n<\/div><\/div><\/div><\/p>\n<h2><span class=\"ez-toc-section\" id=\"Tabla_comparativa_de_precios_IMQ\"><\/span>Tabla comparativa de precios IMQ<span class=\"ez-toc-section-end\"><\/span><\/h2>\n<p><div class=\"cabecera_tabla_precio\"><table class=\"table table-striped\"><thead><tr><th class=\"nosepara centrado\">Tipo<\/th><th class=\"nosepara centrado nojustificado\">Precio Desde<\/th><th class=\"nosepara dcha\"><\/th><\/tr><\/thead><tbody><tr class=\"fila_tabla_precio\"><td class=\"nosepara izq\">Precio Seguro Decesos IMQ<\/td><td class=\"nosepara centro\">1,53 \u20ac\/mes<\/td><td class=\"nosepara derecha\">\t\t\t\t\t\n\t\t\t\t\t\t<span class=\"\" style=\"cursor:pointer\" data-bs-toggle=\"modal\" data-bs-target=\"#comparadorModal\">Calcular<\/span>\t\t\t\t\n\t\t\t\t\t\n\t\t\t\t<\/td><\/tr><\/div><tr class=\"fila_tabla_precio\"><td class=\"nosepara izq\">Precio Prima \u00danica IMQ<\/td><td class=\"nosepara centro\">2325 \u20ac<\/td><td class=\"nosepara derecha\">\t\t\t\t\t\n\t\t\t\t\t\t<span class=\"\" style=\"cursor:pointer\" data-bs-toggle=\"modal\" data-bs-target=\"#comparadorModal\">Calcular<\/span>\t\t\t\t\n\t\t\t\t\t\n\t\t\t\t<\/td><\/tr><\/div><tr class=\"fila_tabla_precio\"><td class=\"nosepara izq\">Precio Prima Natural IMQ<\/td><td class=\"nosepara centro\">1,46 \u20ac\/mes<\/td><td class=\"nosepara derecha\">\t\t\t\t\t\n\t\t\t\t\t\t<span class=\"\" style=\"cursor:pointer\" data-bs-toggle=\"modal\" data-bs-target=\"#comparadorModal\">Calcular<\/span>\t\t\t\t\n\t\t\t\t\t\n\t\t\t\t<\/td><\/tr><\/div><tr class=\"fila_tabla_precio\"><td class=\"nosepara izq\">Precio Prima Nivelada IMQ<\/td><td class=\"nosepara centro\">1,74 \u20ac\/mes<\/td><td class=\"nosepara derecha\">\t\t\t\t\t\n\t\t\t\t\t\t<span class=\"\" style=\"cursor:pointer\" data-bs-toggle=\"modal\" data-bs-target=\"#comparadorModal\">Calcular<\/span>\t\t\t\t\n\t\t\t\t\t\n\t\t\t\t<\/td><\/tr><\/div><tr class=\"fila_tabla_precio\"><td class=\"nosepara izq\">Precio Prima Mixta IMQ<\/td><td class=\"nosepara centro\">1,35 \u20ac\/mes<\/td><td class=\"nosepara derecha\">\t\t\t\t\t\n\t\t\t\t\t\t<span class=\"\" style=\"cursor:pointer\" data-bs-toggle=\"modal\" data-bs-target=\"#comparadorModal\">Calcular<\/span>\t\t\t\t\n\t\t\t\t\t\n\t\t\t\t<\/td><\/tr><\/div><tr class=\"fila_tabla_precio\"><td class=\"nosepara izq\">Precio Prima Seminatural IMQ<\/td><td class=\"nosepara centro\">1,61 \u20ac\/mes<\/td><td class=\"nosepara derecha\">\t\t\t\t\t\n\t\t\t\t\t\t<span class=\"\" style=\"cursor:pointer\" data-bs-toggle=\"modal\" data-bs-target=\"#comparadorModal\">Calcular<\/span>\t\t\t\t\n\t\t\t\t\t\n\t\t\t\t<\/td><\/tr><\/div><tr class=\"fila_tabla_precio\"><td class=\"nosepara izq\">Precio con Repatriaci\u00f3n IMQ<\/td><td class=\"nosepara centro\">0,87 \u20ac a la cuota<\/td><td class=\"nosepara derecha\">\t\t\t\t\t\n\t\t\t\t\t\t<span class=\"\" style=\"cursor:pointer\" data-bs-toggle=\"modal\" data-bs-target=\"#comparadorModal\">Calcular<\/span>\t\t\t\t\n\t\t\t\t\t\n\t\t\t\t<\/td><\/tr><\/div><tr class=\"fila_tabla_precio\"><td class=\"nosepara izq\">Precio Seguro Defunci\u00f3n IMQ<\/td><td class=\"nosepara centro\">1,48 \u20ac\/mes<\/td><td class=\"nosepara derecha\">\t\t\t\t\t\n\t\t\t\t\t\t<span class=\"\" style=\"cursor:pointer\" data-bs-toggle=\"modal\" data-bs-target=\"#comparadorModal\">Calcular<\/span>\t\t\t\t\n\t\t\t\t\t\n\t\t\t\t<\/td><\/tr><\/div><tr class=\"fila_tabla_precio\"><td class=\"nosepara izq\">Precio Seguro Fallecimiento IMQ<\/td><td class=\"nosepara centro\">1,43 \u20ac\/mes<\/td><td class=\"nosepara derecha\">\t\t\t\t\t\n\t\t\t\t\t\t<span class=\"\" style=\"cursor:pointer\" data-bs-toggle=\"modal\" data-bs-target=\"#comparadorModal\">Calcular<\/span>\t\t\t\t\n\t\t\t\t\t\n\t\t\t\t<\/td><\/tr><\/div><tr class=\"fila_tabla_precio\"><td class=\"nosepara izq\">Precio Seguro Muertos IMQ<\/td><td class=\"nosepara centro\">1,69 \u20ac\/mes<\/td><td class=\"nosepara derecha\">\t\t\t\t\t\n\t\t\t\t\t\t<span class=\"\" style=\"cursor:pointer\" data-bs-toggle=\"modal\" data-bs-target=\"#comparadorModal\">Calcular<\/span>\t\t\t\t\n\t\t\t\t\t\n\t\t\t\t<\/td><\/tr><\/div><tr class=\"fila_tabla_precio\"><td class=\"nosepara izq\">Precio Asistencia Familiar IMQ<\/td><td class=\"nosepara centro\">1,68 \u20ac\/mes<\/td><td class=\"nosepara derecha\">\t\t\t\t\t\n\t\t\t\t\t\t<span class=\"\" style=\"cursor:pointer\" data-bs-toggle=\"modal\" data-bs-target=\"#comparadorModal\">Calcular<\/span>\t\t\t\t\n\t\t\t\t\t\n\t\t\t\t<\/td><\/tr><\/div><\/tbody><\/table><\/div><\/p>\n<p>Ahora le mostramos una tabla con las tarifas de cada g\u00e9nero de prima que le ofrece IMQ en su seguro de decesos. Estas primas han sido creadas pensando en las necesidades de cada usuario a fin de que cada uno de ellos pueda elegir la que mejor se adapte a \u00e9l. Estos son los precios de los diferentes tipos de primas que le ofrece IMQ.<br \/>\n<div class=\"colorf\"><div class=\"container clearfix\"><div class=\"col-md-7\"><\/p>\n<h3><span class=\"ez-toc-section\" id=\"%C2%BFCual_es_la_mejor_tarifa_de_seguros_de_IMQ\"><\/span>\u00bfCu\u00e1l es la mejor tarifa de seguros de IMQ ?<span class=\"ez-toc-section-end\"><\/span><\/h3>\n<p>El seguro de decesos IMQ se diferencia en el mercado de las aseguradoras por tener una gran variedad en cuesti\u00f3n de las tarifas de sus diferentes p\u00f3lizas con diferentes modalidades de pagos. IMQ se encargar\u00e1 de que todos se adapte a las circunstancias de cada uno de sus asegurados y que cuenten con las mejores coberturas y servicios. Puedes estar sosegado, IMQ incluye unas garant\u00edas en todas y cada una de sus cl\u00e1usulas para que no te tengas que preocupar por nada.<br \/>\n<\/div><\/div><\/div><\/p>\n<h3><span class=\"ez-toc-section\" id=\"%C2%BFPuede_aumentar_precio_mensual_de_los_seguros_de_IMQ\"><\/span>\u00bfPuede aumentar precio mensual de los seguros de IMQ ?<span class=\"ez-toc-section-end\"><\/span><\/h3>\n<p>No esperes a que te pase algo, contrata ya el seguro de decesos de IMQ. No se preocupe si el precio de su p\u00f3liza aumenta. Todo va a quedar reflejado en el contrato del asegurado para que sea siendo consciente de ello. Que suba el precio de su p\u00f3liza no es habitual mas si IMQ lo hace no se ver\u00e1 obligada a informarle. IMQ cuenta con unas cl\u00e1usulas muy concretas por lo que no tendr\u00e1s ning\u00fan inconveniente.<br \/>\n<div class=\"colorf\"><div class=\"container clearfix\"><div class=\"col-md-7\"><\/p>\n<h3><span class=\"ez-toc-section\" id=\"%C2%BFEl_precio_de_seguros_de_decesos_IMQ_sube_con_la_edad\"><\/span>\u00bfEl precio de seguros de decesos IMQ sube con la edad?<span class=\"ez-toc-section-end\"><\/span><\/h3>\n<p>Si a\u00fan no tienes tu p\u00f3liza, es tu momento de contratar el seguro de decesos con IMQ con independencia de la edad que tengas. No se preocupe, IMQ no va a subir su precio por su edad puesto que su p\u00f3liza hace referencia a la edad del asegurado. No se preocupe por su edad, no es una barrera, va a poder contratar con las diferentes modalidades como puede ser prima nivelada, natural, mixta, semi natural y \u00fanica. Ahorra tiempo con IMQ. Ellos se encargaran de los tr\u00e1mites burocr\u00e1ticos y de todos y cada uno de los gastos de sepelio. IMQ te ofrece coberturas de lo m\u00e1s interesantes y actuales a fin de que sus asegurados est\u00e9n en las mejores manos. No deje que pasen los a\u00f1os y contrata ya un seguro de decesos a fin de que su familia y usted puedan tener un futuro m\u00e1s tranquilo.<br \/>\n<\/div><\/div><\/div><\/p>\n<h3>P\u00e1ginas relacionadas<\/h3><div class=\"enlazado\"><ul> <li><a href=\"https:\/\/idecesos.com\/seguros\/companias\/imq\/opiniones\/\">Opiniones IMQ<\/a><\/li> <li><a href=\"https:\/\/idecesos.com\/seguros\/companias\/imq\/precio\/\">Precio seguro IMQ<\/a><\/li> <li><a href=\"https:\/\/idecesos.com\/seguros\/companias\/imq\/prima-mixta\/\">IMQ Prima Mixta<\/a><\/li> <li><a href=\"https:\/\/idecesos.com\/seguros\/companias\/imq\/prima-natural\/\">IMQ Prima Natural<\/a><\/li> <li><a href=\"https:\/\/idecesos.com\/seguros\/companias\/imq\/prima-nivelada\/\">IMQ Prima Nivelada<\/a><\/li> <li><a href=\"https:\/\/idecesos.com\/seguros\/companias\/imq\/prima-unica\/\">IMQ Prima \u00danica<\/a><\/li> <li><a href=\"https:\/\/idecesos.com\/seguros\/companias\/imq\/repatriacion\/\">IMQ Repatriaci\u00f3n<\/a><\/li> <li><a href=\"https:\/\/idecesos.com\/seguros\/companias\/imq\/telefono\/\">Tel\u00e9fono Gratuito IMQ<\/a><\/li><\/ul><\/div>\n","protected":false},"excerpt":{"rendered":"<p>El campo de los seguros es ampl\u00edsimo. Puedes encontrar muchas compa\u00f1\u00edas aseguradoras, coberturas y precios diferentes. Antes de escoger un seguro, es mejor estar informado de los diferentes productos y compa\u00f1\u00edas que hay en el mercado para ver qu\u00e9 tarifas se amoldan mejor a tus necesidades. iDecesos te ofrece todas y cada una de las&hellip; <\/p>\n","protected":false},"author":1,"featured_media":17455,"parent":372,"menu_order":0,"comment_status":"closed","ping_status":"closed","template":"single.php","meta":{"footnotes":""},"class_list":["post-17454","page","type-page","status-publish","has-post-thumbnail","hentry"],"yoast_head":"<!-- This site is optimized with the Yoast SEO plugin v27.5 - https:\/\/yoast.com\/product\/yoast-seo-wordpress\/ -->\n<title>Precio Seguro Decesos IMQ \u25b7DTO 25% I Oferta 2026<\/title>\n<meta name=\"description\" content=\"Calcular aqu\u00ed\u3010precio seguro de decesos IMQ\u3011Tarifas, oferta y descuento de seguro defunci\u00f3n IMQ 2026 \u2611\ufe0fiDecesos\u00ae N\u00ba1 en ahorro\" \/>\n<meta name=\"robots\" content=\"index, follow, max-snippet:-1, max-image-preview:large, max-video-preview:-1\" \/>\n<link rel=\"canonical\" href=\"https:\/\/idecesos.com\/seguros\/companias\/imq\/precio\/\" \/>\n<meta property=\"og:locale\" content=\"es_ES\" \/>\n<meta property=\"og:type\" content=\"article\" \/>\n<meta property=\"og:title\" content=\"Precio Seguro Decesos IMQ \u25b7DTO 25% I Oferta 2026\" \/>\n<meta property=\"og:description\" content=\"Calcular aqu\u00ed\u3010precio seguro de decesos IMQ\u3011Tarifas, oferta y descuento de seguro defunci\u00f3n IMQ 2026 \u2611\ufe0fiDecesos\u00ae N\u00ba1 en ahorro\" \/>\n<meta property=\"og:url\" content=\"https:\/\/idecesos.com\/seguros\/companias\/imq\/precio\/\" \/>\n<meta property=\"article:modified_time\" content=\"2022-03-10T11:05:00+00:00\" \/>\n<meta property=\"og:image\" content=\"https:\/\/idecesos.com\/seguros\/wp-content\/uploads\/2021\/12\/precio-2.jpg-69.jpeg\" \/>\n\t<meta property=\"og:image:width\" content=\"1500\" \/>\n\t<meta property=\"og:image:height\" content=\"559\" \/>\n\t<meta property=\"og:image:type\" content=\"image\/jpeg\" \/>\n<meta name=\"twitter:card\" content=\"summary_large_image\" \/>\n<meta name=\"twitter:label1\" content=\"Tiempo de lectura\" \/>\n\t<meta name=\"twitter:data1\" content=\"75 minutos\" \/>\n<script type=\"application\/ld+json\" class=\"yoast-schema-graph\">{\"@context\":\"https:\\\/\\\/schema.org\",\"@graph\":[{\"@type\":\"WebPage\",\"@id\":\"https:\\\/\\\/idecesos.com\\\/seguros\\\/companias\\\/imq\\\/precio\\\/\",\"url\":\"https:\\\/\\\/idecesos.com\\\/seguros\\\/companias\\\/imq\\\/precio\\\/\",\"name\":\"Precio Seguro Decesos IMQ \u25b7DTO 25% I Oferta 2026\",\"isPartOf\":{\"@id\":\"https:\\\/\\\/idecesos.com\\\/seguros\\\/#website\"},\"primaryImageOfPage\":{\"@id\":\"https:\\\/\\\/idecesos.com\\\/seguros\\\/companias\\\/imq\\\/precio\\\/#primaryimage\"},\"image\":{\"@id\":\"https:\\\/\\\/idecesos.com\\\/seguros\\\/companias\\\/imq\\\/precio\\\/#primaryimage\"},\"thumbnailUrl\":\"https:\\\/\\\/idecesos.com\\\/seguros\\\/wp-content\\\/uploads\\\/2021\\\/12\\\/precio-2.jpg-69.jpeg\",\"datePublished\":\"2021-12-15T16:03:31+00:00\",\"dateModified\":\"2022-03-10T11:05:00+00:00\",\"description\":\"Calcular aqu\u00ed\u3010precio seguro de decesos IMQ\u3011Tarifas, oferta y descuento de seguro defunci\u00f3n IMQ 2026 \u2611\ufe0fiDecesos\u00ae N\u00ba1 en ahorro\",\"breadcrumb\":{\"@id\":\"https:\\\/\\\/idecesos.com\\\/seguros\\\/companias\\\/imq\\\/precio\\\/#breadcrumb\"},\"inLanguage\":\"es\",\"potentialAction\":[{\"@type\":\"ReadAction\",\"target\":[\"https:\\\/\\\/idecesos.com\\\/seguros\\\/companias\\\/imq\\\/precio\\\/\"]}]},{\"@type\":\"ImageObject\",\"inLanguage\":\"es\",\"@id\":\"https:\\\/\\\/idecesos.com\\\/seguros\\\/companias\\\/imq\\\/precio\\\/#primaryimage\",\"url\":\"https:\\\/\\\/idecesos.com\\\/seguros\\\/wp-content\\\/uploads\\\/2021\\\/12\\\/precio-2.jpg-69.jpeg\",\"contentUrl\":\"https:\\\/\\\/idecesos.com\\\/seguros\\\/wp-content\\\/uploads\\\/2021\\\/12\\\/precio-2.jpg-69.jpeg\",\"width\":1500,\"height\":559,\"caption\":\"Precio IMQ\"},{\"@type\":\"BreadcrumbList\",\"@id\":\"https:\\\/\\\/idecesos.com\\\/seguros\\\/companias\\\/imq\\\/precio\\\/#breadcrumb\",\"itemListElement\":[{\"@type\":\"ListItem\",\"position\":1,\"name\":\"Portada\",\"item\":\"https:\\\/\\\/idecesos.com\\\/seguros\\\/\"},{\"@type\":\"ListItem\",\"position\":2,\"name\":\"Compa\u00f1\u00edas de Seguros de Decesos en Espa\u00f1a\",\"item\":\"https:\\\/\\\/idecesos.com\\\/seguros\\\/companias\\\/\"},{\"@type\":\"ListItem\",\"position\":3,\"name\":\"Seguro de decesos IMQ\",\"item\":\"https:\\\/\\\/idecesos.com\\\/seguros\\\/companias\\\/imq\\\/\"},{\"@type\":\"ListItem\",\"position\":4,\"name\":\"\u00bfCu\u00e1nto cuesta el seguro de decesos IMQ?\"}]},{\"@type\":\"WebSite\",\"@id\":\"https:\\\/\\\/idecesos.com\\\/seguros\\\/#website\",\"url\":\"https:\\\/\\\/idecesos.com\\\/seguros\\\/\",\"name\":\"\",\"description\":\"\",\"potentialAction\":[{\"@type\":\"SearchAction\",\"target\":{\"@type\":\"EntryPoint\",\"urlTemplate\":\"https:\\\/\\\/idecesos.com\\\/seguros\\\/?s={search_term_string}\"},\"query-input\":{\"@type\":\"PropertyValueSpecification\",\"valueRequired\":true,\"valueName\":\"search_term_string\"}}],\"inLanguage\":\"es\"}]}<\/script>\n<!-- \/ Yoast SEO plugin. -->","yoast_head_json":{"title":"Precio Seguro Decesos IMQ \u25b7DTO 25% I Oferta 2026","description":"Calcular aqu\u00ed\u3010precio seguro de decesos IMQ\u3011Tarifas, oferta y descuento de seguro defunci\u00f3n IMQ 2026 \u2611\ufe0fiDecesos\u00ae N\u00ba1 en ahorro","robots":{"index":"index","follow":"follow","max-snippet":"max-snippet:-1","max-image-preview":"max-image-preview:large","max-video-preview":"max-video-preview:-1"},"canonical":"https:\/\/idecesos.com\/seguros\/companias\/imq\/precio\/","og_locale":"es_ES","og_type":"article","og_title":"Precio Seguro Decesos IMQ \u25b7DTO 25% I Oferta 2026","og_description":"Calcular aqu\u00ed\u3010precio seguro de decesos IMQ\u3011Tarifas, oferta y descuento de seguro defunci\u00f3n IMQ 2026 \u2611\ufe0fiDecesos\u00ae N\u00ba1 en ahorro","og_url":"https:\/\/idecesos.com\/seguros\/companias\/imq\/precio\/","article_modified_time":"2022-03-10T11:05:00+00:00","og_image":[{"width":1500,"height":559,"url":"https:\/\/idecesos.com\/seguros\/wp-content\/uploads\/2021\/12\/precio-2.jpg-69.jpeg","type":"image\/jpeg"}],"twitter_card":"summary_large_image","twitter_misc":{"Tiempo de lectura":"75 minutos"},"schema":{"@context":"https:\/\/schema.org","@graph":[{"@type":"WebPage","@id":"https:\/\/idecesos.com\/seguros\/companias\/imq\/precio\/","url":"https:\/\/idecesos.com\/seguros\/companias\/imq\/precio\/","name":"Precio Seguro Decesos IMQ \u25b7DTO 25% I Oferta 2026","isPartOf":{"@id":"https:\/\/idecesos.com\/seguros\/#website"},"primaryImageOfPage":{"@id":"https:\/\/idecesos.com\/seguros\/companias\/imq\/precio\/#primaryimage"},"image":{"@id":"https:\/\/idecesos.com\/seguros\/companias\/imq\/precio\/#primaryimage"},"thumbnailUrl":"https:\/\/idecesos.com\/seguros\/wp-content\/uploads\/2021\/12\/precio-2.jpg-69.jpeg","datePublished":"2021-12-15T16:03:31+00:00","dateModified":"2022-03-10T11:05:00+00:00","description":"Calcular aqu\u00ed\u3010precio seguro de decesos IMQ\u3011Tarifas, oferta y descuento de seguro defunci\u00f3n IMQ 2026 \u2611\ufe0fiDecesos\u00ae N\u00ba1 en ahorro","breadcrumb":{"@id":"https:\/\/idecesos.com\/seguros\/companias\/imq\/precio\/#breadcrumb"},"inLanguage":"es","potentialAction":[{"@type":"ReadAction","target":["https:\/\/idecesos.com\/seguros\/companias\/imq\/precio\/"]}]},{"@type":"ImageObject","inLanguage":"es","@id":"https:\/\/idecesos.com\/seguros\/companias\/imq\/precio\/#primaryimage","url":"https:\/\/idecesos.com\/seguros\/wp-content\/uploads\/2021\/12\/precio-2.jpg-69.jpeg","contentUrl":"https:\/\/idecesos.com\/seguros\/wp-content\/uploads\/2021\/12\/precio-2.jpg-69.jpeg","width":1500,"height":559,"caption":"Precio IMQ"},{"@type":"BreadcrumbList","@id":"https:\/\/idecesos.com\/seguros\/companias\/imq\/precio\/#breadcrumb","itemListElement":[{"@type":"ListItem","position":1,"name":"Portada","item":"https:\/\/idecesos.com\/seguros\/"},{"@type":"ListItem","position":2,"name":"Compa\u00f1\u00edas de Seguros de Decesos en Espa\u00f1a","item":"https:\/\/idecesos.com\/seguros\/companias\/"},{"@type":"ListItem","position":3,"name":"Seguro de decesos IMQ","item":"https:\/\/idecesos.com\/seguros\/companias\/imq\/"},{"@type":"ListItem","position":4,"name":"\u00bfCu\u00e1nto cuesta el seguro de decesos IMQ?"}]},{"@type":"WebSite","@id":"https:\/\/idecesos.com\/seguros\/#website","url":"https:\/\/idecesos.com\/seguros\/","name":"","description":"","potentialAction":[{"@type":"SearchAction","target":{"@type":"EntryPoint","urlTemplate":"https:\/\/idecesos.com\/seguros\/?s={search_term_string}"},"query-input":{"@type":"PropertyValueSpecification","valueRequired":true,"valueName":"search_term_string"}}],"inLanguage":"es"}]}},"_links":{"self":[{"href":"https:\/\/idecesos.com\/seguros\/wp-json\/wp\/v2\/pages\/17454","targetHints":{"allow":["GET"]}}],"collection":[{"href":"https:\/\/idecesos.com\/seguros\/wp-json\/wp\/v2\/pages"}],"about":[{"href":"https:\/\/idecesos.com\/seguros\/wp-json\/wp\/v2\/types\/page"}],"author":[{"embeddable":true,"href":"https:\/\/idecesos.com\/seguros\/wp-json\/wp\/v2\/users\/1"}],"replies":[{"embeddable":true,"href":"https:\/\/idecesos.com\/seguros\/wp-json\/wp\/v2\/comments?post=17454"}],"version-history":[{"count":2,"href":"https:\/\/idecesos.com\/seguros\/wp-json\/wp\/v2\/pages\/17454\/revisions"}],"predecessor-version":[{"id":20104,"href":"https:\/\/idecesos.com\/seguros\/wp-json\/wp\/v2\/pages\/17454\/revisions\/20104"}],"up":[{"embeddable":true,"href":"https:\/\/idecesos.com\/seguros\/wp-json\/wp\/v2\/pages\/372"}],"wp:featuredmedia":[{"embeddable":true,"href":"https:\/\/idecesos.com\/seguros\/wp-json\/wp\/v2\/media\/17455"}],"wp:attachment":[{"href":"https:\/\/idecesos.com\/seguros\/wp-json\/wp\/v2\/media?parent=17454"}],"curies":[{"name":"wp","href":"https:\/\/api.w.org\/{rel}","templated":true}]}}