{"id":17464,"date":"2021-12-15T16:03:35","date_gmt":"2021-12-15T16:03:35","guid":{"rendered":"https:\/\/idecesos.com\/seguros\/companias\/plus-ultra\/precio\/"},"modified":"2022-03-10T11:33:44","modified_gmt":"2022-03-10T11:33:44","slug":"precio","status":"publish","type":"page","link":"https:\/\/idecesos.com\/seguros\/companias\/plus-ultra\/precio\/","title":{"rendered":"\u00bfCu\u00e1nto cuesta el seguro de decesos Plus Ultra?"},"content":{"rendered":"<div id=\"ez-toc-container\" class=\"ez-toc-v2_0_82_2 ez-toc-wrap-center counter-hierarchy ez-toc-counter ez-toc-custom ez-toc-container-direction\">\n<div class=\"ez-toc-title-container\">\n<p class=\"ez-toc-title\" style=\"cursor:inherit\">Tabla de Contenido<\/p>\n<span class=\"ez-toc-title-toggle\"><a href=\"#\" class=\"ez-toc-pull-right ez-toc-btn ez-toc-btn-xs ez-toc-btn-default ez-toc-toggle\" aria-label=\"Alternar tabla de contenidos\"><span class=\"ez-toc-js-icon-con\"><span class=\"\"><span class=\"eztoc-hide\" style=\"display:none;\">Toggle<\/span><span class=\"ez-toc-icon-toggle-span\"><svg style=\"fill: #db6415;color:#db6415\" xmlns=\"http:\/\/www.w3.org\/2000\/svg\" class=\"list-377408\" width=\"20px\" height=\"20px\" viewBox=\"0 0 24 24\" fill=\"none\"><path d=\"M6 6H4v2h2V6zm14 0H8v2h12V6zM4 11h2v2H4v-2zm16 0H8v2h12v-2zM4 16h2v2H4v-2zm16 0H8v2h12v-2z\" fill=\"currentColor\"><\/path><\/svg><svg style=\"fill: #db6415;color:#db6415\" class=\"arrow-unsorted-368013\" xmlns=\"http:\/\/www.w3.org\/2000\/svg\" width=\"10px\" height=\"10px\" viewBox=\"0 0 24 24\" version=\"1.2\" baseProfile=\"tiny\"><path d=\"M18.2 9.3l-6.2-6.3-6.2 6.3c-.2.2-.3.4-.3.7s.1.5.3.7c.2.2.4.3.7.3h11c.3 0 .5-.1.7-.3.2-.2.3-.5.3-.7s-.1-.5-.3-.7zM5.8 14.7l6.2 6.3 6.2-6.3c.2-.2.3-.5.3-.7s-.1-.5-.3-.7c-.2-.2-.4-.3-.7-.3h-11c-.3 0-.5.1-.7.3-.2.2-.3.5-.3.7s.1.5.3.7z\"\/><\/svg><\/span><\/span><\/span><\/a><\/span><\/div>\n<nav><ul class='ez-toc-list ez-toc-list-level-1 ' ><li class='ez-toc-page-1 ez-toc-heading-level-2'><a class=\"ez-toc-link ez-toc-heading-1\" href=\"https:\/\/idecesos.com\/seguros\/companias\/plus-ultra\/precio\/#Calcular_precio_seguro_de_decesos_Plus_Ultra\" >Calcular precio seguro de decesos Plus Ultra<\/a><\/li><li class='ez-toc-page-1 ez-toc-heading-level-2'><a class=\"ez-toc-link ez-toc-heading-2\" href=\"https:\/\/idecesos.com\/seguros\/companias\/plus-ultra\/precio\/#Tabla_comparativa_de_precios_Plus_Ultra\" >Tabla comparativa de precios Plus Ultra<\/a><ul class='ez-toc-list-level-3' ><li class='ez-toc-heading-level-3'><a class=\"ez-toc-link ez-toc-heading-3\" href=\"https:\/\/idecesos.com\/seguros\/companias\/plus-ultra\/precio\/#%C2%BFCual_es_la_mejor_tarifa_de_seguros_de_Plus_Ultra\" >\u00bfCu\u00e1l es la mejor tarifa de seguros de Plus Ultra ?<\/a><\/li><li class='ez-toc-page-1 ez-toc-heading-level-3'><a class=\"ez-toc-link ez-toc-heading-4\" href=\"https:\/\/idecesos.com\/seguros\/companias\/plus-ultra\/precio\/#%C2%BFPuede_aumentar_precio_mensual_de_los_seguros_de_Plus_Ultra\" >\u00bfPuede aumentar precio mensual de los seguros de Plus Ultra ?<\/a><\/li><li class='ez-toc-page-1 ez-toc-heading-level-3'><a class=\"ez-toc-link ez-toc-heading-5\" href=\"https:\/\/idecesos.com\/seguros\/companias\/plus-ultra\/precio\/#%C2%BFEl_precio_de_seguros_de_decesos_Plus_Ultra_sube_con_la_edad\" >\u00bfEl precio de seguros de decesos Plus Ultra sube con la edad?<\/a><\/li><li class='ez-toc-page-1 ez-toc-heading-level-3'><a class=\"ez-toc-link ez-toc-heading-6\" href=\"https:\/\/idecesos.com\/seguros\/companias\/plus-ultra\/precio\/#Paginas_relacionadas\" >P\u00e1ginas relacionadas<\/a><\/li><\/ul><\/li><\/ul><\/nav><\/div>\n<p><br \/>\nEn el sector de los seguros de decesos hay muchas empresas aseguradoras, coberturas y precios distintos entre aqu\u00e9llos que poder comparar. Es preciso estar informado sobre el producto o bien compa\u00f1\u00eda ya antes de seleccionar una de ellas, para poder saber qu\u00e9 tarifa se amolda mejor a ti. No debe preocuparse por nada. En iDecesos le vamos a facilitar cada uno de los precios y diferentes modalidades de primas ahora par que de una simple ojeada pueda saber como es m\u00e1s af\u00edn a usted y pueda seleccionar la que mejor se adapte a sus necesidades.<\/p>\n<div class=\"colorf\"><div class=\"container clearfix\"><div class=\"col-md-7\">\n<h2><span class=\"ez-toc-section\" id=\"Calcular_precio_seguro_de_decesos_Plus_Ultra\"><\/span>Calcular precio seguro de decesos Plus Ultra<span class=\"ez-toc-section-end\"><\/span><\/h2>\n<p>Plus Ultra se hace cargo de llevar un proceso personalizado para cada uno de ellos de sus asegurados ,siguiendo unos pasos muy espec\u00edficos y de forma muy pormenorizada teniendo presente los diferentes factores que rodean al asegurado para que el c\u00e1lculo sea a su medida y en la circunstancia que se encuentre tenga una tarifa muy equilibrada. Lo m\u00e1s esencial es siempre y en toda circunstancia adelantarnos a cualquier suceso que pueda acontecer en un futuroPlus Ultra te asegura el c\u00e1lculo del precio de tu p\u00f3liza en menos de un minuto conocer\u00e1s la tarifa de seguro de decesos. Con iDecesos no tendr\u00e1s que preocuparte por nada. Esta herramienta te ayudar\u00e1 a buscar la tarifa que mejor se amolde a tus exigencias con solo rellenar los datos m\u00e1s esenciales. Gracias a esto conseguir\u00e1s tu tarifa perfecta en cuesti\u00f3n de segundos donde podr\u00e1s ver todas las ventajas que esta conlleva. F\u00e1cil, \u00bfcierto?? \u00a1A qu\u00e9 est\u00e1s aguardando!Adem\u00e1s de esto, este servicio es sin costo y podr\u00e1s utilizarlo todas las veces que quieras.<br \/>\n<\/div><\/div><\/div><\/p>\n<h2><span class=\"ez-toc-section\" id=\"Tabla_comparativa_de_precios_Plus_Ultra\"><\/span>Tabla comparativa de precios Plus Ultra<span class=\"ez-toc-section-end\"><\/span><\/h2>\n<p><div class=\"cabecera_tabla_precio\"><table class=\"table table-striped\"><thead><tr><th class=\"nosepara centrado\">Tipo<\/th><th class=\"nosepara centrado nojustificado\">Precio Desde<\/th><th class=\"nosepara dcha\"><\/th><\/tr><\/thead><tbody><tr class=\"fila_tabla_precio\"><td class=\"nosepara izq\">Precio Seguro Decesos Plus Ultra<\/td><td class=\"nosepara centro\">1,67 \u20ac\/mes<\/td><td class=\"nosepara derecha\">\t\t\t\t\t\n\t\t\t\t\t\t<span class=\"\" style=\"cursor:pointer\" data-bs-toggle=\"modal\" data-bs-target=\"#comparadorModal\">Calcular<\/span>\t\t\t\t\n\t\t\t\t\t\n\t\t\t\t<\/td><\/tr><\/div><tr class=\"fila_tabla_precio\"><td class=\"nosepara izq\">Precio Prima \u00danica Plus Ultra<\/td><td class=\"nosepara centro\">2425 \u20ac<\/td><td class=\"nosepara derecha\">\t\t\t\t\t\n\t\t\t\t\t\t<span class=\"\" style=\"cursor:pointer\" data-bs-toggle=\"modal\" data-bs-target=\"#comparadorModal\">Calcular<\/span>\t\t\t\t\n\t\t\t\t\t\n\t\t\t\t<\/td><\/tr><\/div><tr class=\"fila_tabla_precio\"><td class=\"nosepara izq\">Precio Prima Natural Plus Ultra<\/td><td class=\"nosepara centro\">1,22 \u20ac\/mes<\/td><td class=\"nosepara derecha\">\t\t\t\t\t\n\t\t\t\t\t\t<span class=\"\" style=\"cursor:pointer\" data-bs-toggle=\"modal\" data-bs-target=\"#comparadorModal\">Calcular<\/span>\t\t\t\t\n\t\t\t\t\t\n\t\t\t\t<\/td><\/tr><\/div><tr class=\"fila_tabla_precio\"><td class=\"nosepara izq\">Precio Prima Nivelada Plus Ultra<\/td><td class=\"nosepara centro\">1,58 \u20ac\/mes<\/td><td class=\"nosepara derecha\">\t\t\t\t\t\n\t\t\t\t\t\t<span class=\"\" style=\"cursor:pointer\" data-bs-toggle=\"modal\" data-bs-target=\"#comparadorModal\">Calcular<\/span>\t\t\t\t\n\t\t\t\t\t\n\t\t\t\t<\/td><\/tr><\/div><tr class=\"fila_tabla_precio\"><td class=\"nosepara izq\">Precio Prima Mixta Plus Ultra<\/td><td class=\"nosepara centro\">1,31 \u20ac\/mes<\/td><td class=\"nosepara derecha\">\t\t\t\t\t\n\t\t\t\t\t\t<span class=\"\" style=\"cursor:pointer\" data-bs-toggle=\"modal\" data-bs-target=\"#comparadorModal\">Calcular<\/span>\t\t\t\t\n\t\t\t\t\t\n\t\t\t\t<\/td><\/tr><\/div><tr class=\"fila_tabla_precio\"><td class=\"nosepara izq\">Precio Prima Seminatural Plus Ultra<\/td><td class=\"nosepara centro\">1,38 \u20ac\/mes<\/td><td class=\"nosepara derecha\">\t\t\t\t\t\n\t\t\t\t\t\t<span class=\"\" style=\"cursor:pointer\" data-bs-toggle=\"modal\" data-bs-target=\"#comparadorModal\">Calcular<\/span>\t\t\t\t\n\t\t\t\t\t\n\t\t\t\t<\/td><\/tr><\/div><tr class=\"fila_tabla_precio\"><td class=\"nosepara izq\">Precio con Repatriaci\u00f3n Plus Ultra<\/td><td class=\"nosepara centro\">0,84 \u20ac a la cuota<\/td><td class=\"nosepara derecha\">\t\t\t\t\t\n\t\t\t\t\t\t<span class=\"\" style=\"cursor:pointer\" data-bs-toggle=\"modal\" data-bs-target=\"#comparadorModal\">Calcular<\/span>\t\t\t\t\n\t\t\t\t\t\n\t\t\t\t<\/td><\/tr><\/div><tr class=\"fila_tabla_precio\"><td class=\"nosepara izq\">Precio Seguro Defunci\u00f3n Plus Ultra<\/td><td class=\"nosepara centro\">1,63 \u20ac\/mes<\/td><td class=\"nosepara derecha\">\t\t\t\t\t\n\t\t\t\t\t\t<span class=\"\" style=\"cursor:pointer\" data-bs-toggle=\"modal\" data-bs-target=\"#comparadorModal\">Calcular<\/span>\t\t\t\t\n\t\t\t\t\t\n\t\t\t\t<\/td><\/tr><\/div><tr class=\"fila_tabla_precio\"><td class=\"nosepara izq\">Precio Seguro Fallecimiento Plus Ultra<\/td><td class=\"nosepara centro\">1,55 \u20ac\/mes<\/td><td class=\"nosepara derecha\">\t\t\t\t\t\n\t\t\t\t\t\t<span class=\"\" style=\"cursor:pointer\" data-bs-toggle=\"modal\" data-bs-target=\"#comparadorModal\">Calcular<\/span>\t\t\t\t\n\t\t\t\t\t\n\t\t\t\t<\/td><\/tr><\/div><tr class=\"fila_tabla_precio\"><td class=\"nosepara izq\">Precio Seguro Muertos Plus Ultra<\/td><td class=\"nosepara centro\">1,59 \u20ac\/mes<\/td><td class=\"nosepara derecha\">\t\t\t\t\t\n\t\t\t\t\t\t<span class=\"\" style=\"cursor:pointer\" data-bs-toggle=\"modal\" data-bs-target=\"#comparadorModal\">Calcular<\/span>\t\t\t\t\n\t\t\t\t\t\n\t\t\t\t<\/td><\/tr><\/div><tr class=\"fila_tabla_precio\"><td class=\"nosepara izq\">Precio Asistencia Familiar Plus Ultra<\/td><td class=\"nosepara centro\">1,57 \u20ac\/mes<\/td><td class=\"nosepara derecha\">\t\t\t\t\t\n\t\t\t\t\t\t<span class=\"\" style=\"cursor:pointer\" data-bs-toggle=\"modal\" data-bs-target=\"#comparadorModal\">Calcular<\/span>\t\t\t\t\n\t\t\t\t\t\n\t\t\t\t<\/td><\/tr><\/div><\/tbody><\/table><\/div><\/p>\n<p>A continuaci\u00f3n te mostramos con detalles los precios estimados de todas las distintas p\u00f3lizas de Plus Ultra facilitandote todo el proceso de elecci\u00f3n que acostumbra a ser muy lioso. Por esta raz\u00f3n, iDecesos te ayuda en su elecci\u00f3n. No solo asegura el cubrimiento del sepelio, Plus Ultra cuenta con una extensa gamas de coberturas auxiliares que te ayudar\u00e1n a pasar ese duro momento que es la p\u00e9rdida de un familiar. Gracias a nuestros servicios va a poder vivir tranquilo pensado que todo est\u00e1 en buenas manos y que su familia va a estar asesorada por una de las mejores compa\u00f1\u00edas de seguros de decesos. Este g\u00e9nero de p\u00f3liza es un seguro a fin de que su familia pueda estar tranquila en el instante que ocurra cualquier cosa puesto que nuestros agentes especialistas se ocupar\u00e1 de todo. Plus Ultra es la compa\u00f1\u00eda de seguros perfecta para que puedas estar sosegado. Adem\u00e1s sus diferentes coberturas se adaptar\u00e1n a todas tus necesidades con un servicio genial.<br \/>\n<div class=\"colorf\"><div class=\"container clearfix\"><div class=\"col-md-7\"><\/p>\n<h3><span class=\"ez-toc-section\" id=\"%C2%BFCual_es_la_mejor_tarifa_de_seguros_de_Plus_Ultra\"><\/span>\u00bfCu\u00e1l es la mejor tarifa de seguros de Plus Ultra ?<span class=\"ez-toc-section-end\"><\/span><\/h3>\n<p>Plus Ultra destaca por sus m\u00faltiples tarifas. Usted podr\u00e1 escoger la que mejor se adapte a y a sus necesidades. Comenzando por el precio y finalizando por sus coberturas. Plus Ultra tiene diferentes modalidades de seguros que se amoldan a tus necesidades y presupuestos. Contando con las coberturas m\u00e1s renovadas del mercado, se tendr\u00e1 en cuenta la edad de la persona asegurada, incluyendo ofertas o bien descuentos en todos y cada uno de sus precios de los seguros de decesos de Plus Ultra. En la tabla de arriba podr\u00e1s localizar todos y cada uno de los detalles de los diferentes precios de cada una de las primas que le ofrecen. Nosotros nos encargamos de aconsejarte de forma gratuita.<br \/>\n<\/div><\/div><\/div><\/p>\n<h3><span class=\"ez-toc-section\" id=\"%C2%BFPuede_aumentar_precio_mensual_de_los_seguros_de_Plus_Ultra\"><\/span>\u00bfPuede aumentar precio mensual de los seguros de Plus Ultra ?<span class=\"ez-toc-section-end\"><\/span><\/h3>\n<p>Los diferentes g\u00e9neros de prima de Plus Ultra hacen que tus necesidades est\u00e9n cubiertas y que puedas escoger la que mejor se amolde a ti, en Espa\u00f1a, nueve de cada 10 asegurados de Decesos se han suscrito a un Seguro de Prima Nivelada, por todo esto, ahora, le mostramos los diferentes g\u00e9neros de primas.<\/p>\n<p><strong>\u2022 Prima \u00danica:<\/strong> Con una sola aportaci\u00f3n en el pago, esta prima cubre el sepelio de personas que han superado la edad de jubilaci\u00f3n y la existencia de una enfermedad grave, esta clase de primas acostumbra a ser contratado por personas de avanzada edad que jam\u00e1s han contratado un seguro<\/p>\n<p><strong>\u2022 Prima Nivelada:<\/strong> Esta prima es conteste y no tiene subidas en su pago anual, el precio que pague en los primeros a\u00f1os va a ser mayor si lo compara con otro g\u00e9nero de modalidades. No se preocupe, lo que pagu\u00e9 tras la edad de jubilaci\u00f3n no cambiar\u00e1. Si bien esta prima puede sufrir alg\u00fan cambio en sus pagos por la actualizaci\u00f3n de los capitales asegurados.<br \/>\n<strong>\u2022 Prima Natural:<\/strong> El pago esta prima se actualiza anualmente, el c\u00e1lculo del pago de estas p\u00f3lizas se calcula por los a\u00f1os que tiene usted en ese momento y lo comparan con el incremento de fallecimiento que pueda tener con el paso del tiempo, es precisamente por esto que, de a\u00f1o en a\u00f1o va subiendo el precio de esta prima de forma paulatina.<\/p>\n<p><strong>\u2022 Prima Mixta:<\/strong> Esta prima combina las modalidades de Prima Nivelada y Prima Natural haciendo un mix de las dos, por una parte, la prima mixta se marcha recalculando de la misma manera que la prima natural, dependiendo del peligro de fallecimiento que pueda tener el asegurado en dependencia de sus a\u00f1os, sin embargo, superados los sesenta a\u00f1os esta prima incorpora una nivelaci\u00f3n de precios que va a quedar incesante del mismo modo que en la prima nivelada.<\/p>\n<p>Cualquier clase de prima, se puede abonar de forma mensual, trimestral, semestral o anual, es el que escoge como hacerlo por lo que no tiene porqu\u00e9 preocuparse por nada y podr\u00e1 seleccionar la que mejor se adapte a ti.<\/p>\n<div class=\"colorf\"><div class=\"container clearfix\"><div class=\"col-md-7\">\n<h3><span class=\"ez-toc-section\" id=\"%C2%BFEl_precio_de_seguros_de_decesos_Plus_Ultra_sube_con_la_edad\"><\/span>\u00bfEl precio de seguros de decesos Plus Ultra sube con la edad?<span class=\"ez-toc-section-end\"><\/span><\/h3>\n<p>No tienes que temer por nada, Plus Ultra no te subir\u00e1 la tarifa por la edad del asegurado. Si bien el aumento de su p\u00f3liza puede causarse, no tiene porqu\u00e9 preocuparse, es muy dif\u00edcil que esto ocurra con lo que puede estar sosegado. Cuando se efect\u00faa la p\u00f3liza se hace referencia a la edad de la persona asegurada. Plus Ultra cuenta con diferentes modalidades de prima que son la nivelada, la natural, la misma, la seminatural y la \u00fanica. Las coberturas son realmente bien valoradas por su clientes por lo que debe tomar en consideraci\u00f3n que contratar un seguro de decesos no cuenta con una edad limitada. Deja de darle vueltas, es el momento de contratar tu seguro de decesos con Plus Ultra.<br \/>\n<\/div><\/div><\/div><\/p>\n<h3><span class=\"ez-toc-section\" id=\"Paginas_relacionadas\"><\/span>P\u00e1ginas relacionadas<span class=\"ez-toc-section-end\"><\/span><\/h3><div class=\"enlazado\"><ul> <li><a href=\"https:\/\/idecesos.com\/seguros\/companias\/plus-ultra\/opiniones\/\">Opiniones Plus Ultra<\/a><\/li> <li><a href=\"https:\/\/idecesos.com\/seguros\/companias\/plus-ultra\/precio\/\">Precio seguro Plus Ultra<\/a><\/li> <li><a href=\"https:\/\/idecesos.com\/seguros\/companias\/plus-ultra\/prima-mixta\/\">Plus Ultra Prima Mixta<\/a><\/li> <li><a href=\"https:\/\/idecesos.com\/seguros\/companias\/plus-ultra\/prima-natural\/\">Plus Ultra Prima Natural<\/a><\/li> <li><a href=\"https:\/\/idecesos.com\/seguros\/companias\/plus-ultra\/prima-nivelada\/\">Plus Ultra Prima Nivelada<\/a><\/li> <li><a href=\"https:\/\/idecesos.com\/seguros\/companias\/plus-ultra\/prima-unica\/\">Plus Ultra Prima \u00danica<\/a><\/li> <li><a href=\"https:\/\/idecesos.com\/seguros\/companias\/plus-ultra\/repatriacion\/\">Plus Ultra Repatriaci\u00f3n<\/a><\/li> <li><a href=\"https:\/\/idecesos.com\/seguros\/companias\/plus-ultra\/telefono\/\">Tel\u00e9fono Gratuito Plus Ultra<\/a><\/li><\/ul><\/div>\n","protected":false},"excerpt":{"rendered":"<p>En el sector de los seguros de decesos hay muchas empresas aseguradoras, coberturas y precios distintos entre aqu\u00e9llos que poder comparar. Es preciso estar informado sobre el producto o bien compa\u00f1\u00eda ya antes de seleccionar una de ellas, para poder saber qu\u00e9 tarifa se amolda mejor a ti. No debe preocuparse por nada. En iDecesos&hellip; <\/p>\n","protected":false},"author":1,"featured_media":17465,"parent":445,"menu_order":0,"comment_status":"closed","ping_status":"closed","template":"single.php","meta":{"footnotes":""},"class_list":["post-17464","page","type-page","status-publish","has-post-thumbnail","hentry"],"yoast_head":"<!-- This site is optimized with the Yoast SEO plugin v27.3 - https:\/\/yoast.com\/product\/yoast-seo-wordpress\/ -->\n<title>Precio Seguro Decesos Plus Ultra \u25b7DTO 25% I Oferta 2026<\/title>\n<meta name=\"description\" content=\"Calcular aqu\u00ed\u3010precio seguro de decesos Plus Ultra\u3011Tarifas, oferta y descuento de seguro defunci\u00f3n Plus Ultra 2026 \u2611\ufe0fiDecesos\u00ae N\u00ba1 en ahorro\" \/>\n<meta name=\"robots\" content=\"index, follow, max-snippet:-1, max-image-preview:large, max-video-preview:-1\" \/>\n<link rel=\"canonical\" href=\"https:\/\/idecesos.com\/seguros\/companias\/plus-ultra\/precio\/\" \/>\n<meta property=\"og:locale\" content=\"es_ES\" \/>\n<meta property=\"og:type\" content=\"article\" \/>\n<meta property=\"og:title\" content=\"Precio Seguro Decesos Plus Ultra \u25b7DTO 25% I Oferta 2026\" \/>\n<meta property=\"og:description\" content=\"Calcular aqu\u00ed\u3010precio seguro de decesos Plus Ultra\u3011Tarifas, oferta y descuento de seguro defunci\u00f3n Plus Ultra 2026 \u2611\ufe0fiDecesos\u00ae N\u00ba1 en ahorro\" \/>\n<meta property=\"og:url\" content=\"https:\/\/idecesos.com\/seguros\/companias\/plus-ultra\/precio\/\" \/>\n<meta property=\"article:modified_time\" content=\"2022-03-10T11:33:44+00:00\" \/>\n<meta property=\"og:image\" content=\"https:\/\/idecesos.com\/seguros\/wp-content\/uploads\/2021\/12\/precio-2.jpg-74.jpeg\" \/>\n\t<meta property=\"og:image:width\" content=\"1500\" \/>\n\t<meta property=\"og:image:height\" content=\"559\" \/>\n\t<meta property=\"og:image:type\" content=\"image\/jpeg\" \/>\n<meta name=\"twitter:card\" content=\"summary_large_image\" \/>\n<meta name=\"twitter:label1\" content=\"Tiempo de lectura\" \/>\n\t<meta name=\"twitter:data1\" content=\"75 minutos\" \/>\n<script type=\"application\/ld+json\" class=\"yoast-schema-graph\">{\"@context\":\"https:\\\/\\\/schema.org\",\"@graph\":[{\"@type\":\"WebPage\",\"@id\":\"https:\\\/\\\/idecesos.com\\\/seguros\\\/companias\\\/plus-ultra\\\/precio\\\/\",\"url\":\"https:\\\/\\\/idecesos.com\\\/seguros\\\/companias\\\/plus-ultra\\\/precio\\\/\",\"name\":\"Precio Seguro Decesos Plus Ultra \u25b7DTO 25% I Oferta 2026\",\"isPartOf\":{\"@id\":\"https:\\\/\\\/idecesos.com\\\/seguros\\\/#website\"},\"primaryImageOfPage\":{\"@id\":\"https:\\\/\\\/idecesos.com\\\/seguros\\\/companias\\\/plus-ultra\\\/precio\\\/#primaryimage\"},\"image\":{\"@id\":\"https:\\\/\\\/idecesos.com\\\/seguros\\\/companias\\\/plus-ultra\\\/precio\\\/#primaryimage\"},\"thumbnailUrl\":\"https:\\\/\\\/idecesos.com\\\/seguros\\\/wp-content\\\/uploads\\\/2021\\\/12\\\/precio-2.jpg-74.jpeg\",\"datePublished\":\"2021-12-15T16:03:35+00:00\",\"dateModified\":\"2022-03-10T11:33:44+00:00\",\"description\":\"Calcular aqu\u00ed\u3010precio seguro de decesos Plus Ultra\u3011Tarifas, oferta y descuento de seguro defunci\u00f3n Plus Ultra 2026 \u2611\ufe0fiDecesos\u00ae N\u00ba1 en ahorro\",\"breadcrumb\":{\"@id\":\"https:\\\/\\\/idecesos.com\\\/seguros\\\/companias\\\/plus-ultra\\\/precio\\\/#breadcrumb\"},\"inLanguage\":\"es\",\"potentialAction\":[{\"@type\":\"ReadAction\",\"target\":[\"https:\\\/\\\/idecesos.com\\\/seguros\\\/companias\\\/plus-ultra\\\/precio\\\/\"]}]},{\"@type\":\"ImageObject\",\"inLanguage\":\"es\",\"@id\":\"https:\\\/\\\/idecesos.com\\\/seguros\\\/companias\\\/plus-ultra\\\/precio\\\/#primaryimage\",\"url\":\"https:\\\/\\\/idecesos.com\\\/seguros\\\/wp-content\\\/uploads\\\/2021\\\/12\\\/precio-2.jpg-74.jpeg\",\"contentUrl\":\"https:\\\/\\\/idecesos.com\\\/seguros\\\/wp-content\\\/uploads\\\/2021\\\/12\\\/precio-2.jpg-74.jpeg\",\"width\":1500,\"height\":559,\"caption\":\"Precio Plus Ultra\"},{\"@type\":\"BreadcrumbList\",\"@id\":\"https:\\\/\\\/idecesos.com\\\/seguros\\\/companias\\\/plus-ultra\\\/precio\\\/#breadcrumb\",\"itemListElement\":[{\"@type\":\"ListItem\",\"position\":1,\"name\":\"Portada\",\"item\":\"https:\\\/\\\/idecesos.com\\\/seguros\\\/\"},{\"@type\":\"ListItem\",\"position\":2,\"name\":\"Compa\u00f1\u00edas de Seguros de Decesos en Espa\u00f1a\",\"item\":\"https:\\\/\\\/idecesos.com\\\/seguros\\\/companias\\\/\"},{\"@type\":\"ListItem\",\"position\":3,\"name\":\"Seguro de decesos Plus Ultra\",\"item\":\"https:\\\/\\\/idecesos.com\\\/seguros\\\/companias\\\/plus-ultra\\\/\"},{\"@type\":\"ListItem\",\"position\":4,\"name\":\"\u00bfCu\u00e1nto cuesta el seguro de decesos Plus Ultra?\"}]},{\"@type\":\"WebSite\",\"@id\":\"https:\\\/\\\/idecesos.com\\\/seguros\\\/#website\",\"url\":\"https:\\\/\\\/idecesos.com\\\/seguros\\\/\",\"name\":\"\",\"description\":\"\",\"potentialAction\":[{\"@type\":\"SearchAction\",\"target\":{\"@type\":\"EntryPoint\",\"urlTemplate\":\"https:\\\/\\\/idecesos.com\\\/seguros\\\/?s={search_term_string}\"},\"query-input\":{\"@type\":\"PropertyValueSpecification\",\"valueRequired\":true,\"valueName\":\"search_term_string\"}}],\"inLanguage\":\"es\"}]}<\/script>\n<!-- \/ Yoast SEO plugin. -->","yoast_head_json":{"title":"Precio Seguro Decesos Plus Ultra \u25b7DTO 25% I Oferta 2026","description":"Calcular aqu\u00ed\u3010precio seguro de decesos Plus Ultra\u3011Tarifas, oferta y descuento de seguro defunci\u00f3n Plus Ultra 2026 \u2611\ufe0fiDecesos\u00ae N\u00ba1 en ahorro","robots":{"index":"index","follow":"follow","max-snippet":"max-snippet:-1","max-image-preview":"max-image-preview:large","max-video-preview":"max-video-preview:-1"},"canonical":"https:\/\/idecesos.com\/seguros\/companias\/plus-ultra\/precio\/","og_locale":"es_ES","og_type":"article","og_title":"Precio Seguro Decesos Plus Ultra \u25b7DTO 25% I Oferta 2026","og_description":"Calcular aqu\u00ed\u3010precio seguro de decesos Plus Ultra\u3011Tarifas, oferta y descuento de seguro defunci\u00f3n Plus Ultra 2026 \u2611\ufe0fiDecesos\u00ae N\u00ba1 en ahorro","og_url":"https:\/\/idecesos.com\/seguros\/companias\/plus-ultra\/precio\/","article_modified_time":"2022-03-10T11:33:44+00:00","og_image":[{"width":1500,"height":559,"url":"https:\/\/idecesos.com\/seguros\/wp-content\/uploads\/2021\/12\/precio-2.jpg-74.jpeg","type":"image\/jpeg"}],"twitter_card":"summary_large_image","twitter_misc":{"Tiempo de lectura":"75 minutos"},"schema":{"@context":"https:\/\/schema.org","@graph":[{"@type":"WebPage","@id":"https:\/\/idecesos.com\/seguros\/companias\/plus-ultra\/precio\/","url":"https:\/\/idecesos.com\/seguros\/companias\/plus-ultra\/precio\/","name":"Precio Seguro Decesos Plus Ultra \u25b7DTO 25% I Oferta 2026","isPartOf":{"@id":"https:\/\/idecesos.com\/seguros\/#website"},"primaryImageOfPage":{"@id":"https:\/\/idecesos.com\/seguros\/companias\/plus-ultra\/precio\/#primaryimage"},"image":{"@id":"https:\/\/idecesos.com\/seguros\/companias\/plus-ultra\/precio\/#primaryimage"},"thumbnailUrl":"https:\/\/idecesos.com\/seguros\/wp-content\/uploads\/2021\/12\/precio-2.jpg-74.jpeg","datePublished":"2021-12-15T16:03:35+00:00","dateModified":"2022-03-10T11:33:44+00:00","description":"Calcular aqu\u00ed\u3010precio seguro de decesos Plus Ultra\u3011Tarifas, oferta y descuento de seguro defunci\u00f3n Plus Ultra 2026 \u2611\ufe0fiDecesos\u00ae N\u00ba1 en ahorro","breadcrumb":{"@id":"https:\/\/idecesos.com\/seguros\/companias\/plus-ultra\/precio\/#breadcrumb"},"inLanguage":"es","potentialAction":[{"@type":"ReadAction","target":["https:\/\/idecesos.com\/seguros\/companias\/plus-ultra\/precio\/"]}]},{"@type":"ImageObject","inLanguage":"es","@id":"https:\/\/idecesos.com\/seguros\/companias\/plus-ultra\/precio\/#primaryimage","url":"https:\/\/idecesos.com\/seguros\/wp-content\/uploads\/2021\/12\/precio-2.jpg-74.jpeg","contentUrl":"https:\/\/idecesos.com\/seguros\/wp-content\/uploads\/2021\/12\/precio-2.jpg-74.jpeg","width":1500,"height":559,"caption":"Precio Plus Ultra"},{"@type":"BreadcrumbList","@id":"https:\/\/idecesos.com\/seguros\/companias\/plus-ultra\/precio\/#breadcrumb","itemListElement":[{"@type":"ListItem","position":1,"name":"Portada","item":"https:\/\/idecesos.com\/seguros\/"},{"@type":"ListItem","position":2,"name":"Compa\u00f1\u00edas de Seguros de Decesos en Espa\u00f1a","item":"https:\/\/idecesos.com\/seguros\/companias\/"},{"@type":"ListItem","position":3,"name":"Seguro de decesos Plus Ultra","item":"https:\/\/idecesos.com\/seguros\/companias\/plus-ultra\/"},{"@type":"ListItem","position":4,"name":"\u00bfCu\u00e1nto cuesta el seguro de decesos Plus Ultra?"}]},{"@type":"WebSite","@id":"https:\/\/idecesos.com\/seguros\/#website","url":"https:\/\/idecesos.com\/seguros\/","name":"","description":"","potentialAction":[{"@type":"SearchAction","target":{"@type":"EntryPoint","urlTemplate":"https:\/\/idecesos.com\/seguros\/?s={search_term_string}"},"query-input":{"@type":"PropertyValueSpecification","valueRequired":true,"valueName":"search_term_string"}}],"inLanguage":"es"}]}},"_links":{"self":[{"href":"https:\/\/idecesos.com\/seguros\/wp-json\/wp\/v2\/pages\/17464","targetHints":{"allow":["GET"]}}],"collection":[{"href":"https:\/\/idecesos.com\/seguros\/wp-json\/wp\/v2\/pages"}],"about":[{"href":"https:\/\/idecesos.com\/seguros\/wp-json\/wp\/v2\/types\/page"}],"author":[{"embeddable":true,"href":"https:\/\/idecesos.com\/seguros\/wp-json\/wp\/v2\/users\/1"}],"replies":[{"embeddable":true,"href":"https:\/\/idecesos.com\/seguros\/wp-json\/wp\/v2\/comments?post=17464"}],"version-history":[{"count":2,"href":"https:\/\/idecesos.com\/seguros\/wp-json\/wp\/v2\/pages\/17464\/revisions"}],"predecessor-version":[{"id":20136,"href":"https:\/\/idecesos.com\/seguros\/wp-json\/wp\/v2\/pages\/17464\/revisions\/20136"}],"up":[{"embeddable":true,"href":"https:\/\/idecesos.com\/seguros\/wp-json\/wp\/v2\/pages\/445"}],"wp:featuredmedia":[{"embeddable":true,"href":"https:\/\/idecesos.com\/seguros\/wp-json\/wp\/v2\/media\/17465"}],"wp:attachment":[{"href":"https:\/\/idecesos.com\/seguros\/wp-json\/wp\/v2\/media?parent=17464"}],"curies":[{"name":"wp","href":"https:\/\/api.w.org\/{rel}","templated":true}]}}