{"id":17470,"date":"2021-12-15T16:03:37","date_gmt":"2021-12-15T16:03:37","guid":{"rendered":"https:\/\/idecesos.com\/seguros\/companias\/caixa-rural\/precio\/"},"modified":"2022-03-10T10:27:44","modified_gmt":"2022-03-10T10:27:44","slug":"precio","status":"publish","type":"page","link":"https:\/\/idecesos.com\/seguros\/companias\/caixa-rural\/precio\/","title":{"rendered":"\u00bfCu\u00e1nto cuesta el seguro de decesos Caixa Rural?"},"content":{"rendered":"<div id=\"ez-toc-container\" class=\"ez-toc-v2_0_82_2 ez-toc-wrap-center counter-hierarchy ez-toc-counter ez-toc-custom ez-toc-container-direction\">\n<div class=\"ez-toc-title-container\">\n<p class=\"ez-toc-title\" style=\"cursor:inherit\">Tabla de Contenido<\/p>\n<span class=\"ez-toc-title-toggle\"><a href=\"#\" class=\"ez-toc-pull-right ez-toc-btn ez-toc-btn-xs ez-toc-btn-default ez-toc-toggle\" aria-label=\"Alternar tabla de contenidos\"><span class=\"ez-toc-js-icon-con\"><span class=\"\"><span class=\"eztoc-hide\" style=\"display:none;\">Toggle<\/span><span class=\"ez-toc-icon-toggle-span\"><svg style=\"fill: #db6415;color:#db6415\" xmlns=\"http:\/\/www.w3.org\/2000\/svg\" class=\"list-377408\" width=\"20px\" height=\"20px\" viewBox=\"0 0 24 24\" fill=\"none\"><path d=\"M6 6H4v2h2V6zm14 0H8v2h12V6zM4 11h2v2H4v-2zm16 0H8v2h12v-2zM4 16h2v2H4v-2zm16 0H8v2h12v-2z\" fill=\"currentColor\"><\/path><\/svg><svg style=\"fill: #db6415;color:#db6415\" class=\"arrow-unsorted-368013\" xmlns=\"http:\/\/www.w3.org\/2000\/svg\" width=\"10px\" height=\"10px\" viewBox=\"0 0 24 24\" version=\"1.2\" baseProfile=\"tiny\"><path d=\"M18.2 9.3l-6.2-6.3-6.2 6.3c-.2.2-.3.4-.3.7s.1.5.3.7c.2.2.4.3.7.3h11c.3 0 .5-.1.7-.3.2-.2.3-.5.3-.7s-.1-.5-.3-.7zM5.8 14.7l6.2 6.3 6.2-6.3c.2-.2.3-.5.3-.7s-.1-.5-.3-.7c-.2-.2-.4-.3-.7-.3h-11c-.3 0-.5.1-.7.3-.2.2-.3.5-.3.7s.1.5.3.7z\"\/><\/svg><\/span><\/span><\/span><\/a><\/span><\/div>\n<nav><ul class='ez-toc-list ez-toc-list-level-1 ' ><li class='ez-toc-page-1 ez-toc-heading-level-2'><a class=\"ez-toc-link ez-toc-heading-1\" href=\"https:\/\/idecesos.com\/seguros\/companias\/caixa-rural\/precio\/#Calcular_precio_seguro_de_decesos_Caixa_Rural\" >Calcular precio seguro de decesos Caixa Rural<\/a><\/li><li class='ez-toc-page-1 ez-toc-heading-level-2'><a class=\"ez-toc-link ez-toc-heading-2\" href=\"https:\/\/idecesos.com\/seguros\/companias\/caixa-rural\/precio\/#Tabla_comparativa_de_precios_Caixa_Rural\" >Tabla comparativa de precios Caixa Rural<\/a><ul class='ez-toc-list-level-3' ><li class='ez-toc-heading-level-3'><a class=\"ez-toc-link ez-toc-heading-3\" href=\"https:\/\/idecesos.com\/seguros\/companias\/caixa-rural\/precio\/#%C2%BFCual_es_la_mejor_tarifa_de_seguros_de_Caixa_Rural\" >\u00bfCu\u00e1l es la mejor tarifa de seguros de Caixa Rural ?<\/a><\/li><li class='ez-toc-page-1 ez-toc-heading-level-3'><a class=\"ez-toc-link ez-toc-heading-4\" href=\"https:\/\/idecesos.com\/seguros\/companias\/caixa-rural\/precio\/#%C2%BFPuede_aumentar_precio_mensual_de_los_seguros_de_Caixa_Rural\" >\u00bfPuede aumentar precio mensual de los seguros de Caixa Rural ?<\/a><\/li><li class='ez-toc-page-1 ez-toc-heading-level-3'><a class=\"ez-toc-link ez-toc-heading-5\" href=\"https:\/\/idecesos.com\/seguros\/companias\/caixa-rural\/precio\/#%C2%BFEl_precio_de_seguros_de_decesos_Caixa_Rural_sube_con_la_edad\" >\u00bfEl precio de seguros de decesos Caixa Rural sube con la edad?<\/a><\/li><li class='ez-toc-page-1 ez-toc-heading-level-3'><a class=\"ez-toc-link ez-toc-heading-6\" href=\"https:\/\/idecesos.com\/seguros\/companias\/caixa-rural\/precio\/#Paginas_relacionadas\" >P\u00e1ginas relacionadas<\/a><\/li><\/ul><\/li><\/ul><\/nav><\/div>\n<p><br \/>\nCaixa Rural cuenta con m\u00e1s de veinte mil personas que depositan su confianza en el seguro de decesos Caixa Rural. Hay ciertos periodos donde se encargan de compensar la tarifa del seguro de decesos, para una mayor serenidad en sus asegurados para que sigan contando con las coberturas m\u00e1s amplias en el instante del sepelio. Gestionando de diferente manera el estudio del asegurado, se determina la p\u00f3liza, con lo que puede ser incesante o no a lo largo del tiempo. Por este motivo que en la contrataci\u00f3n va a venir de forma m\u00e1s definida. Para realizar el c\u00e1lculo de manera segura y precisa se tendr\u00e1 presente diferentes factores que rodean al asegurado. Si bien en estos \u00faltimos a\u00f1os la Caixa Rural ha ido amoldando sus tarifas con el objetivo de que los precios sean m\u00e1s equilibrados, que no sea una barrera al momento de apreciar contratar un seguro de decesos con Caixa Rural. Lo que importa es que la aseguradora har\u00e1 la regulaci\u00f3n de su precio adapt\u00e1ndose en todo momento a ti.<\/p>\n<div class=\"colorf\"><div class=\"container clearfix\"><div class=\"col-md-7\">\n<h2><span class=\"ez-toc-section\" id=\"Calcular_precio_seguro_de_decesos_Caixa_Rural\"><\/span>Calcular precio seguro de decesos Caixa Rural<span class=\"ez-toc-section-end\"><\/span><\/h2>\n<p>No se preocupe, merced a iDecesos calcular el precio de su seguro de decesos le va a ser sencill\u00edsimo. Solo debes rellenar los campos que te pedimos y nuestros profesionales se encargar\u00e1 de filtrar los seguros que mejor se adapten a sus necesidades. Caixa Rural te ofrece grandes beneficios al contratar una p\u00f3liza de decesos con ella.<\/p>\n<p>En primer lugar la calma que te ofrece a ti y a tu familia. Su profesionalidad, es otro de los beneficios. Caixa Rural sabe lo duro que es perder a un ser querido por eso le van a acompa\u00f1ar los mejores profesionales y le van a facilitar todos y cada uno de los tr\u00e1mites.<br \/>\n<\/div><\/div><\/div><\/p>\n<h2><span class=\"ez-toc-section\" id=\"Tabla_comparativa_de_precios_Caixa_Rural\"><\/span>Tabla comparativa de precios Caixa Rural<span class=\"ez-toc-section-end\"><\/span><\/h2>\n<p><div class=\"cabecera_tabla_precio\"><table class=\"table table-striped\"><thead><tr><th class=\"nosepara centrado\">Tipo<\/th><th class=\"nosepara centrado nojustificado\">Precio Desde<\/th><th class=\"nosepara dcha\"><\/th><\/tr><\/thead><tbody><tr class=\"fila_tabla_precio\"><td class=\"nosepara izq\">Precio Seguro Decesos Caixa Rural<\/td><td class=\"nosepara centro\">1,55 \u20ac\/mes<\/td><td class=\"nosepara derecha\">\t\t\t\t\t\n\t\t\t\t\t\t<span class=\"\" style=\"cursor:pointer\" data-bs-toggle=\"modal\" data-bs-target=\"#comparadorModal\">Calcular<\/span>\t\t\t\t\n\t\t\t\t\t\n\t\t\t\t<\/td><\/tr><\/div><tr class=\"fila_tabla_precio\"><td class=\"nosepara izq\">Precio Prima \u00danica Caixa Rural<\/td><td class=\"nosepara centro\">2335 \u20ac<\/td><td class=\"nosepara derecha\">\t\t\t\t\t\n\t\t\t\t\t\t<span class=\"\" style=\"cursor:pointer\" data-bs-toggle=\"modal\" data-bs-target=\"#comparadorModal\">Calcular<\/span>\t\t\t\t\n\t\t\t\t\t\n\t\t\t\t<\/td><\/tr><\/div><tr class=\"fila_tabla_precio\"><td class=\"nosepara izq\">Precio Prima Natural Caixa Rural<\/td><td class=\"nosepara centro\">1,41 \u20ac\/mes<\/td><td class=\"nosepara derecha\">\t\t\t\t\t\n\t\t\t\t\t\t<span class=\"\" style=\"cursor:pointer\" data-bs-toggle=\"modal\" data-bs-target=\"#comparadorModal\">Calcular<\/span>\t\t\t\t\n\t\t\t\t\t\n\t\t\t\t<\/td><\/tr><\/div><tr class=\"fila_tabla_precio\"><td class=\"nosepara izq\">Precio Prima Nivelada Caixa Rural<\/td><td class=\"nosepara centro\">1,50 \u20ac\/mes<\/td><td class=\"nosepara derecha\">\t\t\t\t\t\n\t\t\t\t\t\t<span class=\"\" style=\"cursor:pointer\" data-bs-toggle=\"modal\" data-bs-target=\"#comparadorModal\">Calcular<\/span>\t\t\t\t\n\t\t\t\t\t\n\t\t\t\t<\/td><\/tr><\/div><tr class=\"fila_tabla_precio\"><td class=\"nosepara izq\">Precio Prima Mixta Caixa Rural<\/td><td class=\"nosepara centro\">1,32 \u20ac\/mes<\/td><td class=\"nosepara derecha\">\t\t\t\t\t\n\t\t\t\t\t\t<span class=\"\" style=\"cursor:pointer\" data-bs-toggle=\"modal\" data-bs-target=\"#comparadorModal\">Calcular<\/span>\t\t\t\t\n\t\t\t\t\t\n\t\t\t\t<\/td><\/tr><\/div><tr class=\"fila_tabla_precio\"><td class=\"nosepara izq\">Precio Prima Seminatural Caixa Rural<\/td><td class=\"nosepara centro\">1,40 \u20ac\/mes<\/td><td class=\"nosepara derecha\">\t\t\t\t\t\n\t\t\t\t\t\t<span class=\"\" style=\"cursor:pointer\" data-bs-toggle=\"modal\" data-bs-target=\"#comparadorModal\">Calcular<\/span>\t\t\t\t\n\t\t\t\t\t\n\t\t\t\t<\/td><\/tr><\/div><tr class=\"fila_tabla_precio\"><td class=\"nosepara izq\">Precio con Repatriaci\u00f3n Caixa Rural<\/td><td class=\"nosepara centro\">0,83 \u20ac a la cuota<\/td><td class=\"nosepara derecha\">\t\t\t\t\t\n\t\t\t\t\t\t<span class=\"\" style=\"cursor:pointer\" data-bs-toggle=\"modal\" data-bs-target=\"#comparadorModal\">Calcular<\/span>\t\t\t\t\n\t\t\t\t\t\n\t\t\t\t<\/td><\/tr><\/div><tr class=\"fila_tabla_precio\"><td class=\"nosepara izq\">Precio Seguro Defunci\u00f3n Caixa Rural<\/td><td class=\"nosepara centro\">1,54 \u20ac\/mes<\/td><td class=\"nosepara derecha\">\t\t\t\t\t\n\t\t\t\t\t\t<span class=\"\" style=\"cursor:pointer\" data-bs-toggle=\"modal\" data-bs-target=\"#comparadorModal\">Calcular<\/span>\t\t\t\t\n\t\t\t\t\t\n\t\t\t\t<\/td><\/tr><\/div><tr class=\"fila_tabla_precio\"><td class=\"nosepara izq\">Precio Seguro Fallecimiento Caixa Rural<\/td><td class=\"nosepara centro\">1,58 \u20ac\/mes<\/td><td class=\"nosepara derecha\">\t\t\t\t\t\n\t\t\t\t\t\t<span class=\"\" style=\"cursor:pointer\" data-bs-toggle=\"modal\" data-bs-target=\"#comparadorModal\">Calcular<\/span>\t\t\t\t\n\t\t\t\t\t\n\t\t\t\t<\/td><\/tr><\/div><tr class=\"fila_tabla_precio\"><td class=\"nosepara izq\">Precio Seguro Muertos Caixa Rural<\/td><td class=\"nosepara centro\">1,46 \u20ac\/mes<\/td><td class=\"nosepara derecha\">\t\t\t\t\t\n\t\t\t\t\t\t<span class=\"\" style=\"cursor:pointer\" data-bs-toggle=\"modal\" data-bs-target=\"#comparadorModal\">Calcular<\/span>\t\t\t\t\n\t\t\t\t\t\n\t\t\t\t<\/td><\/tr><\/div><tr class=\"fila_tabla_precio\"><td class=\"nosepara izq\">Precio Asistencia Familiar Caixa Rural<\/td><td class=\"nosepara centro\">1,48 \u20ac\/mes<\/td><td class=\"nosepara derecha\">\t\t\t\t\t\n\t\t\t\t\t\t<span class=\"\" style=\"cursor:pointer\" data-bs-toggle=\"modal\" data-bs-target=\"#comparadorModal\">Calcular<\/span>\t\t\t\t\n\t\t\t\t\t\n\t\t\t\t<\/td><\/tr><\/div><\/tbody><\/table><\/div><\/p>\n<p>Ahora le mostramos una tabla con las tarifas de cada g\u00e9nero de prima que le ofrece el seguro de decesos de Caixa Rural. Estas primas han sido concebidas pensando en cada cliente para que pueda escoger la que m\u00e1s se amolde a sus necesidades. Estos son los diferentes tipos de precios de las primas que brinda Caixa Rural.<br \/>\n<div class=\"colorf\"><div class=\"container clearfix\"><div class=\"col-md-7\"><\/p>\n<h3><span class=\"ez-toc-section\" id=\"%C2%BFCual_es_la_mejor_tarifa_de_seguros_de_Caixa_Rural\"><\/span>\u00bfCu\u00e1l es la mejor tarifa de seguros de Caixa Rural ?<span class=\"ez-toc-section-end\"><\/span><\/h3>\n<p>Ya lo hemos comentado, hallar la mejor tarifa de seguro de decesos de Caixa Rural es muy sencillo merced al trabajo de iDecesos. Los seguros de decesos son de las p\u00f3lizas donde podemos encontrar una mayor diversidad de coberturas auxiliares puesto que las compa\u00f1\u00edas aseguradoras han buscado la manera de diferenciarse de la competencia.<br \/>\n<\/div><\/div><\/div><\/p>\n<h3><span class=\"ez-toc-section\" id=\"%C2%BFPuede_aumentar_precio_mensual_de_los_seguros_de_Caixa_Rural\"><\/span>\u00bfPuede aumentar precio mensual de los seguros de Caixa Rural ?<span class=\"ez-toc-section-end\"><\/span><\/h3>\n<p>Caixa Rural te ofrece su seguro de decesos para que no debas preocuparte por nada. Para que aumente el precio de tu p\u00f3liza si llega a acontecer quedar\u00e1 recogida en el contrato por la parte del seguro para que el asegurado lo tenga claro. Lo m\u00e1s frecuente es que no ocurra ninguna subida con Caixa Rural se debe de valorar que estas circunstancias la compa\u00f1\u00eda no tiene el deber de avisar. Caixa Rural es de las empresas de seguros que cuenta con unas cl\u00e1usulas muy concretas por lo que no vas a tener ning\u00fan inconveniente en ninguna ocasi\u00f3n.<br \/>\n<div class=\"colorf\"><div class=\"container clearfix\"><div class=\"col-md-7\"><\/p>\n<h3><span class=\"ez-toc-section\" id=\"%C2%BFEl_precio_de_seguros_de_decesos_Caixa_Rural_sube_con_la_edad\"><\/span>\u00bfEl precio de seguros de decesos Caixa Rural sube con la edad?<span class=\"ez-toc-section-end\"><\/span><\/h3>\n<p>\u00bfSigues rastreando coberturas y precios por todas las compa\u00f1\u00edas aseguradoras de decesos? No rastrees m\u00e1s, Caixa Rural te oferta un seguro de decesos de prima \u00fanica inusual con las garant\u00edas m\u00e1s completas y la tarifa m\u00e1s competitiva del mercado, su servicio de asistencia ha sido premiado en incontables ocasiones, por su calidad y podr\u00e1s dejar garantizado y todo resuelto a tus familiares. Lo m\u00e1s probable que en un horizonte temporal var\u00eden las primas en alza para estar correctamente asegurados nuestros clientes del servicio, esto es debido a la inflaci\u00f3n de los de los costes asociados al servicio de decesos en cada municipio y es prioritario desarrollar esa subida de tarifa a fin de que en el momento de la muerte los allegados no tengan que incurrir en un costo no contemplado para poder enterrar a su ser querido. Las garant\u00edas adicionales son una parte clave y que afecta de manera directa al precio del recibo de la p\u00f3liza con la que contrate. Adem\u00e1s puede pagar el recibo de su prima de decesos de la manera m\u00e1s flexible que le resulte. En Decesos todo lo resultar\u00e1 m\u00e1s f\u00e1cil, va a poder equiparar todos los modelos de primas, coberturas, condiciones generales, ofertas, compa\u00f1\u00edas en un mismo panel, simple y veloz, nunca hab\u00eda sido tan simple contratar y ahorrar al un\u00edsono. Caixa Rural le brinda con sus profesionales y productos enormemente expertos en servicios f\u00fanebres una garant\u00eda total de que deposita su confianza en las manos adecuadas.<br \/>\n<\/div><\/div><\/div><\/p>\n<h3><span class=\"ez-toc-section\" id=\"Paginas_relacionadas\"><\/span>P\u00e1ginas relacionadas<span class=\"ez-toc-section-end\"><\/span><\/h3><div class=\"enlazado\"><ul> <li><a href=\"https:\/\/idecesos.com\/seguros\/companias\/caixa-rural\/opiniones\/\">Opiniones Caixa Rural<\/a><\/li> <li><a href=\"https:\/\/idecesos.com\/seguros\/companias\/caixa-rural\/precio\/\">Precio seguro Caixa Rural<\/a><\/li> <li><a href=\"https:\/\/idecesos.com\/seguros\/companias\/caixa-rural\/prima-mixta\/\">Caixa Rural Prima Mixta<\/a><\/li> <li><a href=\"https:\/\/idecesos.com\/seguros\/companias\/caixa-rural\/prima-natural\/\">Caixa Rural Prima Natural<\/a><\/li> <li><a href=\"https:\/\/idecesos.com\/seguros\/companias\/caixa-rural\/prima-nivelada\/\">Caixa Rural Prima Nivelada<\/a><\/li> <li><a href=\"https:\/\/idecesos.com\/seguros\/companias\/caixa-rural\/prima-unica\/\">Caixa Rural Prima \u00danica<\/a><\/li> <li><a href=\"https:\/\/idecesos.com\/seguros\/companias\/caixa-rural\/repatriacion\/\">Caixa Rural Repatriaci\u00f3n<\/a><\/li> <li><a href=\"https:\/\/idecesos.com\/seguros\/companias\/caixa-rural\/telefono\/\">Tel\u00e9fono Gratuito Caixa Rural<\/a><\/li><\/ul><\/div>\n","protected":false},"excerpt":{"rendered":"<p>Caixa Rural cuenta con m\u00e1s de veinte mil personas que depositan su confianza en el seguro de decesos Caixa Rural. Hay ciertos periodos donde se encargan de compensar la tarifa del seguro de decesos, para una mayor serenidad en sus asegurados para que sigan contando con las coberturas m\u00e1s amplias en el instante del sepelio.&hellip; <\/p>\n","protected":false},"author":1,"featured_media":17471,"parent":529,"menu_order":0,"comment_status":"closed","ping_status":"closed","template":"single.php","meta":{"footnotes":""},"class_list":["post-17470","page","type-page","status-publish","has-post-thumbnail","hentry"],"yoast_head":"<!-- This site is optimized with the Yoast SEO plugin v27.2 - https:\/\/yoast.com\/product\/yoast-seo-wordpress\/ -->\n<title>Precio Seguro Decesos Caixa Rural \u25b7DTO 25% I Oferta 2026<\/title>\n<meta name=\"description\" content=\"Calcular aqu\u00ed\u3010precio seguro de decesos Caixa Rural\u3011Tarifas, oferta y descuento de seguro defunci\u00f3n Caixa Rural 2026 \u2611\ufe0fiDecesos\u00ae N\u00ba1 en ahorro\" \/>\n<meta name=\"robots\" content=\"index, follow, max-snippet:-1, max-image-preview:large, max-video-preview:-1\" \/>\n<link rel=\"canonical\" href=\"https:\/\/idecesos.com\/seguros\/companias\/caixa-rural\/precio\/\" \/>\n<meta property=\"og:locale\" content=\"es_ES\" \/>\n<meta property=\"og:type\" content=\"article\" \/>\n<meta property=\"og:title\" content=\"Precio Seguro Decesos Caixa Rural \u25b7DTO 25% I Oferta 2026\" \/>\n<meta property=\"og:description\" content=\"Calcular aqu\u00ed\u3010precio seguro de decesos Caixa Rural\u3011Tarifas, oferta y descuento de seguro defunci\u00f3n Caixa Rural 2026 \u2611\ufe0fiDecesos\u00ae N\u00ba1 en ahorro\" \/>\n<meta property=\"og:url\" content=\"https:\/\/idecesos.com\/seguros\/companias\/caixa-rural\/precio\/\" \/>\n<meta property=\"article:modified_time\" content=\"2022-03-10T10:27:44+00:00\" \/>\n<meta property=\"og:image\" content=\"https:\/\/idecesos.com\/seguros\/wp-content\/uploads\/2021\/12\/precio-2.jpg-77.jpeg\" \/>\n\t<meta property=\"og:image:width\" content=\"1500\" \/>\n\t<meta property=\"og:image:height\" content=\"559\" \/>\n\t<meta property=\"og:image:type\" content=\"image\/jpeg\" \/>\n<meta name=\"twitter:card\" content=\"summary_large_image\" \/>\n<meta name=\"twitter:label1\" content=\"Tiempo de lectura\" \/>\n\t<meta name=\"twitter:data1\" content=\"75 minutos\" \/>\n<script type=\"application\/ld+json\" class=\"yoast-schema-graph\">{\"@context\":\"https:\/\/schema.org\",\"@graph\":[{\"@type\":\"WebPage\",\"@id\":\"https:\/\/idecesos.com\/seguros\/companias\/caixa-rural\/precio\/\",\"url\":\"https:\/\/idecesos.com\/seguros\/companias\/caixa-rural\/precio\/\",\"name\":\"Precio Seguro Decesos Caixa Rural \u25b7DTO 25% I Oferta 2026\",\"isPartOf\":{\"@id\":\"https:\/\/idecesos.com\/seguros\/#website\"},\"primaryImageOfPage\":{\"@id\":\"https:\/\/idecesos.com\/seguros\/companias\/caixa-rural\/precio\/#primaryimage\"},\"image\":{\"@id\":\"https:\/\/idecesos.com\/seguros\/companias\/caixa-rural\/precio\/#primaryimage\"},\"thumbnailUrl\":\"https:\/\/idecesos.com\/seguros\/wp-content\/uploads\/2021\/12\/precio-2.jpg-77.jpeg\",\"datePublished\":\"2021-12-15T16:03:37+00:00\",\"dateModified\":\"2022-03-10T10:27:44+00:00\",\"description\":\"Calcular aqu\u00ed\u3010precio seguro de decesos Caixa Rural\u3011Tarifas, oferta y descuento de seguro defunci\u00f3n Caixa Rural 2026 \u2611\ufe0fiDecesos\u00ae N\u00ba1 en ahorro\",\"breadcrumb\":{\"@id\":\"https:\/\/idecesos.com\/seguros\/companias\/caixa-rural\/precio\/#breadcrumb\"},\"inLanguage\":\"es\",\"potentialAction\":[{\"@type\":\"ReadAction\",\"target\":[\"https:\/\/idecesos.com\/seguros\/companias\/caixa-rural\/precio\/\"]}]},{\"@type\":\"ImageObject\",\"inLanguage\":\"es\",\"@id\":\"https:\/\/idecesos.com\/seguros\/companias\/caixa-rural\/precio\/#primaryimage\",\"url\":\"https:\/\/idecesos.com\/seguros\/wp-content\/uploads\/2021\/12\/precio-2.jpg-77.jpeg\",\"contentUrl\":\"https:\/\/idecesos.com\/seguros\/wp-content\/uploads\/2021\/12\/precio-2.jpg-77.jpeg\",\"width\":1500,\"height\":559,\"caption\":\"Precio Caixa Rural\"},{\"@type\":\"BreadcrumbList\",\"@id\":\"https:\/\/idecesos.com\/seguros\/companias\/caixa-rural\/precio\/#breadcrumb\",\"itemListElement\":[{\"@type\":\"ListItem\",\"position\":1,\"name\":\"Portada\",\"item\":\"https:\/\/idecesos.com\/seguros\/\"},{\"@type\":\"ListItem\",\"position\":2,\"name\":\"Compa\u00f1\u00edas de Seguros de Decesos en Espa\u00f1a\",\"item\":\"https:\/\/idecesos.com\/seguros\/companias\/\"},{\"@type\":\"ListItem\",\"position\":3,\"name\":\"Seguro de decesos Caixa Rural\",\"item\":\"https:\/\/idecesos.com\/seguros\/companias\/caixa-rural\/\"},{\"@type\":\"ListItem\",\"position\":4,\"name\":\"\u00bfCu\u00e1nto cuesta el seguro de decesos Caixa Rural?\"}]},{\"@type\":\"WebSite\",\"@id\":\"https:\/\/idecesos.com\/seguros\/#website\",\"url\":\"https:\/\/idecesos.com\/seguros\/\",\"name\":\"\",\"description\":\"\",\"potentialAction\":[{\"@type\":\"SearchAction\",\"target\":{\"@type\":\"EntryPoint\",\"urlTemplate\":\"https:\/\/idecesos.com\/seguros\/?s={search_term_string}\"},\"query-input\":{\"@type\":\"PropertyValueSpecification\",\"valueRequired\":true,\"valueName\":\"search_term_string\"}}],\"inLanguage\":\"es\"}]}<\/script>\n<!-- \/ Yoast SEO plugin. -->","yoast_head_json":{"title":"Precio Seguro Decesos Caixa Rural \u25b7DTO 25% I Oferta 2026","description":"Calcular aqu\u00ed\u3010precio seguro de decesos Caixa Rural\u3011Tarifas, oferta y descuento de seguro defunci\u00f3n Caixa Rural 2026 \u2611\ufe0fiDecesos\u00ae N\u00ba1 en ahorro","robots":{"index":"index","follow":"follow","max-snippet":"max-snippet:-1","max-image-preview":"max-image-preview:large","max-video-preview":"max-video-preview:-1"},"canonical":"https:\/\/idecesos.com\/seguros\/companias\/caixa-rural\/precio\/","og_locale":"es_ES","og_type":"article","og_title":"Precio Seguro Decesos Caixa Rural \u25b7DTO 25% I Oferta 2026","og_description":"Calcular aqu\u00ed\u3010precio seguro de decesos Caixa Rural\u3011Tarifas, oferta y descuento de seguro defunci\u00f3n Caixa Rural 2026 \u2611\ufe0fiDecesos\u00ae N\u00ba1 en ahorro","og_url":"https:\/\/idecesos.com\/seguros\/companias\/caixa-rural\/precio\/","article_modified_time":"2022-03-10T10:27:44+00:00","og_image":[{"width":1500,"height":559,"url":"https:\/\/idecesos.com\/seguros\/wp-content\/uploads\/2021\/12\/precio-2.jpg-77.jpeg","type":"image\/jpeg"}],"twitter_card":"summary_large_image","twitter_misc":{"Tiempo de lectura":"75 minutos"},"schema":{"@context":"https:\/\/schema.org","@graph":[{"@type":"WebPage","@id":"https:\/\/idecesos.com\/seguros\/companias\/caixa-rural\/precio\/","url":"https:\/\/idecesos.com\/seguros\/companias\/caixa-rural\/precio\/","name":"Precio Seguro Decesos Caixa Rural \u25b7DTO 25% I Oferta 2026","isPartOf":{"@id":"https:\/\/idecesos.com\/seguros\/#website"},"primaryImageOfPage":{"@id":"https:\/\/idecesos.com\/seguros\/companias\/caixa-rural\/precio\/#primaryimage"},"image":{"@id":"https:\/\/idecesos.com\/seguros\/companias\/caixa-rural\/precio\/#primaryimage"},"thumbnailUrl":"https:\/\/idecesos.com\/seguros\/wp-content\/uploads\/2021\/12\/precio-2.jpg-77.jpeg","datePublished":"2021-12-15T16:03:37+00:00","dateModified":"2022-03-10T10:27:44+00:00","description":"Calcular aqu\u00ed\u3010precio seguro de decesos Caixa Rural\u3011Tarifas, oferta y descuento de seguro defunci\u00f3n Caixa Rural 2026 \u2611\ufe0fiDecesos\u00ae N\u00ba1 en ahorro","breadcrumb":{"@id":"https:\/\/idecesos.com\/seguros\/companias\/caixa-rural\/precio\/#breadcrumb"},"inLanguage":"es","potentialAction":[{"@type":"ReadAction","target":["https:\/\/idecesos.com\/seguros\/companias\/caixa-rural\/precio\/"]}]},{"@type":"ImageObject","inLanguage":"es","@id":"https:\/\/idecesos.com\/seguros\/companias\/caixa-rural\/precio\/#primaryimage","url":"https:\/\/idecesos.com\/seguros\/wp-content\/uploads\/2021\/12\/precio-2.jpg-77.jpeg","contentUrl":"https:\/\/idecesos.com\/seguros\/wp-content\/uploads\/2021\/12\/precio-2.jpg-77.jpeg","width":1500,"height":559,"caption":"Precio Caixa Rural"},{"@type":"BreadcrumbList","@id":"https:\/\/idecesos.com\/seguros\/companias\/caixa-rural\/precio\/#breadcrumb","itemListElement":[{"@type":"ListItem","position":1,"name":"Portada","item":"https:\/\/idecesos.com\/seguros\/"},{"@type":"ListItem","position":2,"name":"Compa\u00f1\u00edas de Seguros de Decesos en Espa\u00f1a","item":"https:\/\/idecesos.com\/seguros\/companias\/"},{"@type":"ListItem","position":3,"name":"Seguro de decesos Caixa Rural","item":"https:\/\/idecesos.com\/seguros\/companias\/caixa-rural\/"},{"@type":"ListItem","position":4,"name":"\u00bfCu\u00e1nto cuesta el seguro de decesos Caixa Rural?"}]},{"@type":"WebSite","@id":"https:\/\/idecesos.com\/seguros\/#website","url":"https:\/\/idecesos.com\/seguros\/","name":"","description":"","potentialAction":[{"@type":"SearchAction","target":{"@type":"EntryPoint","urlTemplate":"https:\/\/idecesos.com\/seguros\/?s={search_term_string}"},"query-input":{"@type":"PropertyValueSpecification","valueRequired":true,"valueName":"search_term_string"}}],"inLanguage":"es"}]}},"_links":{"self":[{"href":"https:\/\/idecesos.com\/seguros\/wp-json\/wp\/v2\/pages\/17470","targetHints":{"allow":["GET"]}}],"collection":[{"href":"https:\/\/idecesos.com\/seguros\/wp-json\/wp\/v2\/pages"}],"about":[{"href":"https:\/\/idecesos.com\/seguros\/wp-json\/wp\/v2\/types\/page"}],"author":[{"embeddable":true,"href":"https:\/\/idecesos.com\/seguros\/wp-json\/wp\/v2\/users\/1"}],"replies":[{"embeddable":true,"href":"https:\/\/idecesos.com\/seguros\/wp-json\/wp\/v2\/comments?post=17470"}],"version-history":[{"count":2,"href":"https:\/\/idecesos.com\/seguros\/wp-json\/wp\/v2\/pages\/17470\/revisions"}],"predecessor-version":[{"id":20063,"href":"https:\/\/idecesos.com\/seguros\/wp-json\/wp\/v2\/pages\/17470\/revisions\/20063"}],"up":[{"embeddable":true,"href":"https:\/\/idecesos.com\/seguros\/wp-json\/wp\/v2\/pages\/529"}],"wp:featuredmedia":[{"embeddable":true,"href":"https:\/\/idecesos.com\/seguros\/wp-json\/wp\/v2\/media\/17471"}],"wp:attachment":[{"href":"https:\/\/idecesos.com\/seguros\/wp-json\/wp\/v2\/media?parent=17470"}],"curies":[{"name":"wp","href":"https:\/\/api.w.org\/{rel}","templated":true}]}}